{"id":4148,"date":"2025-04-07T17:43:57","date_gmt":"2025-04-07T10:43:57","guid":{"rendered":"https:\/\/nhadepbepxinh.com.vn\/?post_type=product&#038;p=4148"},"modified":"2025-04-07T17:43:57","modified_gmt":"2025-04-07T10:43:57","slug":"noi-com-dien-long-gom-cao-cap-unie-urc818","status":"publish","type":"product","link":"https:\/\/nhadepbepxinh.com.vn\/?product=noi-com-dien-long-gom-cao-cap-unie-urc818","title":{"rendered":"N\u1ed3i c\u01a1m \u0111i\u1ec7n l\u00f2ng g\u1ed1m cao c\u1ea5p UNIE URC818"},"content":{"rendered":"<p>V\u1edbi mong mu\u1ed1n l\u01b0u gi\u1eef ngh\u1ec7 thu\u1eadt g\u1ed1m c\u1ed5 truy\u1ec1n, UNIE t\u1ef1 h\u00e0o gi\u1edbi thi\u1ec7u s\u1ea3n ph\u1ea9m \u201cN\u1ed3i c\u01a1m \u0111i\u1ec7n l\u00f2ng g\u1ed1m UNIE URC818\u201d. S\u1ef1 k\u1ebft h\u1ee3p ho\u00e0n h\u1ea3o gi\u1eefa ch\u1ea5t li\u1ec7u truy\u1ec1n th\u1ed1ng v\u00e0 c\u00f4ng ngh\u1ec7 hi\u1ec7n \u0111\u1ea1i, URC818 mang \u0111\u1ebfn nh\u1eefng b\u1eefa c\u01a1m tr\u1ecdn v\u1ecb tinh t\u00fay v\u1edbi:<\/p>\n<p>\u2013 Dung t\u00edch l\u1edbn 1,8L: N\u1ea5u \u0111\u01b0\u1ee3c 12 b\u00e1t c\u01a1m m\u1ed7i l\u1ea7n, v\u1eeba v\u1eb7n cho gia \u0111\u00ecnh 5-6 ng\u01b0\u1eddi<\/p>\n<p>\u2013 6 ch\u01b0\u01a1ng tr\u00ecnh n\u1ea5u \u0111\u01b0\u1ee3c c\u00e0i \u0111\u1eb7t s\u1eb5n: N\u1ea5u th\u01b0\u1eddng, n\u1ea5u nhanh, n\u1ea5u ch\u1eadm, ch\u00e1o, h\u1ea7m\/soup, h\u00e2m n\u00f3ng<\/p>\n<p>\u2013 L\u00f2ng n\u1ed3i g\u1ed1m Ceramic cao c\u1ea5p, ch\u1ecbu nhi\u1ec7t l\u00ean \u0111\u1ebfn 750\u2103, ch\u1ecbu l\u1ef1c v\u01b0\u1ee3t tr\u1ed9i<\/p>\n<p>\u2013 L\u1edbp ch\u1ed1ng d\u00ednh t\u1ef1 nhi\u00ean, b\u1ec1n b\u1ec9 tr\u1ecdn \u0111\u1eddi<\/p>\n<p>\u2013 H\u1eb9n gi\u1edd 24 ti\u1ebfng, ch\u1ee9c n\u0103ng h\u00e2m n\u00f3ng \u0111\u1ed9c l\u1eadp<\/p>\n<p>\u2013 M\u00e2m nhi\u1ec7t cong \u00f4m tr\u1ecdn \u0111\u00e1y n\u1ed3i cho c\u01a1m ch\u00edn \u0111\u1ec1u v\u00e0 ngon h\u01a1n<\/p>\n<p>\u2013 N\u1ed3i k\u00edn \u2013 G\u1ed1m d\u00e0y \u2013 Truy\u1ec1n nhi\u1ec7t \u0111\u1ec1u \u2013 Gi\u1eef h\u01a1i t\u1ed1t, gi\u1eef tr\u1ecdn tinh t\u00fay trong t\u1eebng h\u1ea1t g\u1ea1o<\/p>\n<p>\u2013 Tr\u1ecdn v\u1eb9n ti\u1ec7n \u00edch v\u1edbi: Van tho\u00e1t h\u01a1i th\u00e1o r\u1eddi, quai x\u00e1ch ti\u1ec7n l\u1ee3i, m\u1edf n\u1ed3i v\u1edbi m\u1ed9t n\u00fat nh\u1ea5n, n\u1eafp ph\u1ee5 th\u00e1o r\u1eddi, d\u1ec5 d\u00e0ng v\u1ec7 sinh<\/p>\n","protected":false},"excerpt":{"rendered":"<p>ch\u1ed1ng d\u00ednh t\u1ef1 nhi\u00ean, dung t\u00edch 1,8L<\/p>\n","protected":false},"featured_media":4149,"comment_status":"open","ping_status":"closed","template":"","meta":[],"product_brand":[],"product_cat":[61,62],"product_tag":[],"class_list":{"0":"post-4148","1":"product","2":"type-product","3":"status-publish","4":"has-post-thumbnail","6":"product_cat-hang-gia-dung","7":"product_cat-noi-com","9":"first","10":"instock","11":"shipping-taxable","12":"product-type-simple"},"_links":{"self":[{"href":"https:\/\/nhadepbepxinh.com.vn\/index.php?rest_route=\/wp\/v2\/product\/4148","targetHints":{"allow":["GET"]}}],"collection":[{"href":"https:\/\/nhadepbepxinh.com.vn\/index.php?rest_route=\/wp\/v2\/product"}],"about":[{"href":"https:\/\/nhadepbepxinh.com.vn\/index.php?rest_route=\/wp\/v2\/types\/product"}],"replies":[{"embeddable":true,"href":"https:\/\/nhadepbepxinh.com.vn\/index.php?rest_route=%2Fwp%2Fv2%2Fcomments&post=4148"}],"wp:featuredmedia":[{"embeddable":true,"href":"https:\/\/nhadepbepxinh.com.vn\/index.php?rest_route=\/wp\/v2\/media\/4149"}],"wp:attachment":[{"href":"https:\/\/nhadepbepxinh.com.vn\/index.php?rest_route=%2Fwp%2Fv2%2Fmedia&parent=4148"}],"wp:term":[{"taxonomy":"product_brand","embeddable":true,"href":"https:\/\/nhadepbepxinh.com.vn\/index.php?rest_route=%2Fwp%2Fv2%2Fproduct_brand&post=4148"},{"taxonomy":"product_cat","embeddable":true,"href":"https:\/\/nhadepbepxinh.com.vn\/index.php?rest_route=%2Fwp%2Fv2%2Fproduct_cat&post=4148"},{"taxonomy":"product_tag","embeddable":true,"href":"https:\/\/nhadepbepxinh.com.vn\/index.php?rest_route=%2Fwp%2Fv2%2Fproduct_tag&post=4148"}],"curies":[{"name":"wp","href":"https:\/\/api.w.org\/{rel}","templated":true}]}}