{"id":4112,"date":"2025-04-07T17:33:53","date_gmt":"2025-04-07T10:33:53","guid":{"rendered":"https:\/\/nhadepbepxinh.com.vn\/?post_type=product&#038;p=4112"},"modified":"2025-04-08T09:33:40","modified_gmt":"2025-04-08T02:33:40","slug":"quat-cay-panasonic-f-308nhp-hong-co-dieu-khien-malaysia","status":"publish","type":"product","link":"https:\/\/nhadepbepxinh.com.vn\/?product=quat-cay-panasonic-f-308nhp-hong-co-dieu-khien-malaysia","title":{"rendered":"Qu\u1ea1t c\u00e2y Panasonic F-308NHP-h\u1ed3ng-c\u00f3 \u0111i\u1ec1u khi\u1ec3n-Malaysia"},"content":{"rendered":"<table id=\"report_table_P19_CONTENT_TAB\" class=\"t-Report-report\" aria-label=\"Th\u00f4ng tin s\u1ea3n ph\u1ea9m\">\n<tbody>\n<tr>\n<td class=\"t-Report-cell\" headers=\"CONTENT\">\n<h2><img decoding=\"async\" src=\"https:\/\/hc.com.vn\/i\/ecommerce\/media\/ck2678252-F308NHP-mo-ta-chuc-nang.jpg\" alt=\"\u1ea3nh k\u00edch th\u01b0\u1edbc - Qu\u1ea1t \u0111\u1ee9ng Panasonic c\u00f3 \u0111i\u1ec1u khi\u1ec3n F-308NH\" \/><\/h2>\n<h2><strong>Qu\u1ea1t \u0111\u1ee9ng Panasonic lo\u1ea1i trung, m\u00e0u h\u1ed3ng, c\u00f3 \u0111i\u1ec1u khi\u1ec3n F-308NHP<\/strong><\/h2>\n<h3><strong>Ki\u1ec3u d\u00e1ng thanh m\u1ea3nh, m\u00e0u s\u1eafc trang nh\u00e3\u00a0<\/strong><\/h3>\n<p>Qu\u1ea1t \u0111\u1ee9ng Panasonic c\u00f3 \u0111i\u1ec1u khi\u1ec3n F-308NH\u00a0s\u1edf h\u1eefu ki\u1ec3u d\u00e1ng thanh m\u1ea3nh ,\u0111\u1ebf qu\u1ea1t v\u1eefng n\u00ean ho\u1ea1t \u0111\u1ed9ng \u00eam \u00e1i, kh\u00f4ng lo b\u1ecb \u0111\u1ed5, rung l\u1eafc m\u00e0 v\u1eabn ti\u1ebft ki\u1ec7m \u0111\u01b0\u1ee3c kh\u00f4ng gian di\u1ec7n t\u00edch. Qu\u1ea1t c\u00f3 m\u00e0u h\u1ed3ng trang nh\u00e3, 5 c\u00e1nh qu\u1ea1t b\u1eb1ng nh\u1ef1a cao c\u1ea5p mang l\u1ea1i n\u00e9t hi\u1ec7n \u0111\u1ea1i cho ng\u00f4i nh\u00e0.<\/p>\n<h3><strong>Ch\u1ee9c n\u0103ng h\u1eb9n gi\u1edd l\u00ean \u0111\u1ebfn 4h<\/strong><\/h3>\n<p>Qu\u1ea1t \u0111\u1ee9ng\u00a0Panasonic F-308NH \u0111\u01b0\u1ee3c c\u00e0i \u0111\u1eb7t ch\u1ee9c n\u0103ng h\u1eb9n gi\u1edd l\u00ean \u0111\u1ebfn 4h, ng\u01b0\u1eddi d\u00f9ng c\u00f3 th\u1ec3 \u0111\u1eb7t nhi\u1ec1u gi\u1edd kh\u00e1c nhau: 1h, 2h, 4h. Ch\u1ebf \u0111\u1ed9 h\u1eb9n gi\u1edd gi\u00fap ng\u01b0\u1eddi s\u1eed d\u1ee5ng c\u00f3 th\u1ec3 ch\u1ee7 \u0111\u1ed9ng trong qu\u00e1 tr\u00ecnh c\u00e0i \u0111\u1eb7t th\u1eddi gian, tr\u00e1nh l\u00e3ng ph\u00ed \u0111i\u1ec7n khi qu\u00ean t\u1eaft qu\u1ea1t, hay bu\u1ed5i \u0111\u00eam \u0111i ng\u1ee7 s\u1ebd kh\u00f4ng b\u1ecb l\u1ea1nh qu\u00e1 l\u00e0m ho, \u1ed1m.<\/p>\n<p><img decoding=\"async\" src=\"https:\/\/hc.com.vn\/i\/ecommerce\/media\/ck2678250-10000490_QUAT-DUNG_PANASONIC_F-308NH-HONG_01.jpg\" alt=\"ch\u1ee9c n\u0103ng h\u1eb9n gi\u1edd - Qu\u1ea1t \u0111\u1ee9ng Panasonic c\u00f3 \u0111i\u1ec1u khi\u1ec3n F-308NH\" \/><\/p>\n<h3><strong>3 t\u1ed1c \u0111\u1ed9 gi\u00f3 d\u1ec5 d\u00e0ng t\u00f9y ch\u1ec9nh<\/strong><\/h3>\n<p>V\u1edbi c\u00f4ng su\u1ea5t 59W, Panasonic c\u00f3 \u0111i\u1ec1u khi\u1ec3n F-308NH c\u00f3 th\u1ec3 \u0111i\u1ec1u ch\u1ec9nh \u0111\u01b0\u1ee3c 3 t\u1ed1c \u0111\u1ed9 gi\u00f3 kh\u00e1c nhau theo c\u00e1c m\u1ee9c \u0111\u1ed9 ph\u00f9 h\u1ee3p t\u00f9y theo nhu c\u1ea7u v\u00e0 m\u1ee5c \u0111\u00edch s\u1eed d\u1ee5ng. Qu\u1ea1t s\u1eed d\u1ee5ng t\u00ednh n\u0103ng Yuragi mang l\u1ea1i lu\u1ed3ng gi\u00f3 t\u1ef1 nhi\u00ean, s\u1ea3ng kho\u00e1i cho c\u1ea3 gia \u0111\u00ecnh.<\/p>\n<p><img decoding=\"async\" src=\"https:\/\/hc.com.vn\/i\/ecommerce\/media\/ck2678251-quat-dung-panasonic-f-308nh-mau-hong.3.jpg\" alt=\"3 t\u1ed1c \u0111\u1ed9 gi\u00f3 - Qu\u1ea1t \u0111\u1ee9ng Panasonic c\u00f3 \u0111i\u1ec1u khi\u1ec3n F-308NH\" \/><\/p>\n<h3><strong>B\u1ed9 \u0111i\u1ec1u khi\u1ec3n t\u1eeb xa ti\u1ec7n l\u1ee3i<\/strong><\/h3>\n<p>Panasonic F-308NH \u0111\u01b0\u1ee3c trang b\u1ecb b\u1ed9 \u0111i\u1ec1u khi\u1ec3n t\u1eeb xa cho ph\u00e9p ng\u01b0\u1eddi d\u00f9ng kh\u00f4ng c\u1ea7n di chuy\u1ec3n m\u00e0 v\u1eabn c\u00f3 th\u1ec3 thay \u0111\u1ed5i \u0111\u01b0\u1ee3c t\u1ea5t c\u1ea3 c\u00e1c ch\u1ee9c n\u0103ng c\u1ee7a qu\u1ea1t nh\u01b0: t\u1ed1c \u0111\u1ed9 gi\u00f3, ch\u1ebf \u0111\u1ed9 b\u1eadt t\u1eaft, h\u1eb9n gi\u1edd. B\u1ed9 \u0111i\u1ec1u khi\u1ec3n \u0111em \u0111\u1ebfn cho ng\u01b0\u1eddi d\u00f9ng s\u1ef1 thu\u1eadn ti\u1ec7n khi s\u1eed d\u1ee5ng c\u0169ng nh\u01b0 ti\u1ebft ki\u1ec7m \u0111\u01b0\u1ee3c nhi\u1ec1u th\u1eddi gian di chuy\u1ec3n.<\/p>\n<p><img decoding=\"async\" src=\"https:\/\/hc.com.vn\/i\/ecommerce\/media\/ck2678253-quat-dung-panasonic-f-308nh-mau-hong.4.jpg\" alt=\"b\u1ed9 \u0111i\u1ec1u khi\u1ec3n t\u1eeb xa - Qu\u1ea1t \u0111\u1ee9ng Panasonic c\u00f3 \u0111i\u1ec1u khi\u1ec3n F-308NH\" \/><\/p>\n<p>Qu\u1ea1t \u0111\u1ee9ng Panasonic c\u00f3 \u0111i\u1ec1u khi\u1ec3n F-308NH \u0111\u01b0\u1ee3c \u0111\u00e1nh gi\u00e1 l\u00e0 qu\u1ea1t \u0111\u1ee9ng ki\u1ec3u d\u00e1ng g\u1ecdn \u0111\u1eb9p, ch\u00e2n \u0111\u1ebf v\u1eefng, c\u00f3 nhi\u1ec1u t\u00ednh n\u0103ng ti\u1ec7n \u00edch, b\u1ed9 \u0111i\u1ec1u khi\u1ec3n t\u1eeb xa ti\u1ec7n l\u1ee3i \u0111\u01b0\u1ee3c nhi\u1ec1u ng\u01b0\u1eddi \u01b0a chu\u1ed9ng v\u00e0 l\u1ef1a ch\u1ecdn.<\/td>\n<\/tr>\n<\/tbody>\n<\/table>\n","protected":false},"excerpt":{"rendered":"<h3>\u0110i\u1ec3m n\u1ed5i b\u1eadt<\/h3>\n<ul>\n<li>\u0110\u01b0\u1ee3c thi\u1ebft k\u1ebf v\u1edbi c\u00e1nh qu\u1ea1t l\u1edbn, c\u00f3 5 c\u00e1nh v\u00e0 \u0111\u01b0\u1eddng k\u00ednh 30cm t\u1ea1o gi\u00f3 m\u1ea1nh.<\/li>\n<li>Ch\u1ebf \u0111\u1ed9 \u0111\u1ea3o chi\u1ec1u t\u1ea1o m\u1ed9t kh\u00f4ng gian m\u00e1t m\u1ebb v\u00e0 r\u1ed9ng kh\u1eafp.<\/li>\n<li>Trang b\u1ecb Remote \u0111i\u1ec1u khi\u1ec3n t\u1eeb xa n\u00ean gi\u1edd \u0111\u00e2y khi c\u1ea7n thay \u0111\u1ed5i t\u1ed1c \u0111\u1ed9 gi\u00f3.<\/li>\n<\/ul>\n","protected":false},"featured_media":4113,"comment_status":"open","ping_status":"closed","template":"","meta":[],"product_brand":[],"product_cat":[87,117],"product_tag":[],"class_list":{"0":"post-4112","1":"product","2":"type-product","3":"status-publish","4":"has-post-thumbnail","6":"product_cat-quat-dien","7":"product_cat-panasonic","9":"first","10":"instock","11":"shipping-taxable","12":"product-type-simple"},"_links":{"self":[{"href":"https:\/\/nhadepbepxinh.com.vn\/index.php?rest_route=\/wp\/v2\/product\/4112","targetHints":{"allow":["GET"]}}],"collection":[{"href":"https:\/\/nhadepbepxinh.com.vn\/index.php?rest_route=\/wp\/v2\/product"}],"about":[{"href":"https:\/\/nhadepbepxinh.com.vn\/index.php?rest_route=\/wp\/v2\/types\/product"}],"replies":[{"embeddable":true,"href":"https:\/\/nhadepbepxinh.com.vn\/index.php?rest_route=%2Fwp%2Fv2%2Fcomments&post=4112"}],"wp:featuredmedia":[{"embeddable":true,"href":"https:\/\/nhadepbepxinh.com.vn\/index.php?rest_route=\/wp\/v2\/media\/4113"}],"wp:attachment":[{"href":"https:\/\/nhadepbepxinh.com.vn\/index.php?rest_route=%2Fwp%2Fv2%2Fmedia&parent=4112"}],"wp:term":[{"taxonomy":"product_brand","embeddable":true,"href":"https:\/\/nhadepbepxinh.com.vn\/index.php?rest_route=%2Fwp%2Fv2%2Fproduct_brand&post=4112"},{"taxonomy":"product_cat","embeddable":true,"href":"https:\/\/nhadepbepxinh.com.vn\/index.php?rest_route=%2Fwp%2Fv2%2Fproduct_cat&post=4112"},{"taxonomy":"product_tag","embeddable":true,"href":"https:\/\/nhadepbepxinh.com.vn\/index.php?rest_route=%2Fwp%2Fv2%2Fproduct_tag&post=4112"}],"curies":[{"name":"wp","href":"https:\/\/api.w.org\/{rel}","templated":true}]}}