{"id":4106,"date":"2025-04-07T17:05:01","date_gmt":"2025-04-07T10:05:01","guid":{"rendered":"https:\/\/nhadepbepxinh.com.vn\/?post_type=product&#038;p=4106"},"modified":"2025-04-08T09:33:52","modified_gmt":"2025-04-08T02:33:52","slug":"quat-ban-rowenta-vu2730-noi-dia-duc","status":"publish","type":"product","link":"https:\/\/nhadepbepxinh.com.vn\/?product=quat-ban-rowenta-vu2730-noi-dia-duc","title":{"rendered":"Qu\u1ea1t b\u00e0n Rowenta VU2730 n\u1ed9i \u0111\u1ecba \u0110\u1ee9c"},"content":{"rendered":"<article><strong>Qu\u1ea1t b\u00e0n Rowenta VU2730<\/strong>\u00a0l\u00e0 m\u1ed9t s\u1ea3n ph\u1ea9m\u00a0qu\u1ea1t \u0111a n\u0103ng, \u0111\u01b0\u1ee3c thi\u1ebft k\u1ebf v\u1edbi nhi\u1ec1u t\u00ednh n\u0103ng \u01b0u vi\u1ec7t v\u00e0 ti\u1ec7n d\u1ee5ng. V\u1edbi ki\u1ec3u d\u00e1ng hi\u1ec7n \u0111\u1ea1i v\u00e0 sang tr\u1ecdng, s\u1ea3n ph\u1ea9m n\u00e0y s\u1ebd l\u00e0 m\u1ed9t \u0111i\u1ec3m nh\u1ea5n cho kh\u00f4ng gian n\u1ed9i th\u1ea5t c\u1ee7a b\u1ea1n. Qu\u1ea1t b\u00e0n Rowenta VU2730\u00a0c\u0169ng r\u1ea5t ti\u1ebft ki\u1ec7m \u0111i\u1ec7n n\u0103ng, gi\u00fap b\u1ea1n ti\u1ebft ki\u1ec7m chi ph\u00ed trong vi\u1ec7c s\u1eed d\u1ee5ng. S\u1ea3n ph\u1ea9m c\u00f3 thi\u1ebft k\u1ebf nh\u1ecf g\u1ecdn v\u00e0 d\u1ec5 d\u00e0ng di chuy\u1ec3n, v\u1ec7 sinh, ph\u00f9 h\u1ee3p cho vi\u1ec7c s\u1eed d\u1ee5ng trong nhi\u1ec1u kh\u00f4ng gian kh\u00e1c nhau nh\u01b0 v\u0103n ph\u00f2ng, ph\u00f2ng ng\u1ee7 hay ph\u00f2ng kh\u00e1ch.<\/p>\n<\/article>\n<article><img decoding=\"async\" src=\"https:\/\/file.hstatic.net\/200000661969\/file\/quat_ban_rowenta_vu2730__1__e93bcc4bf8844158bacf1e770423c577.png\" \/><\/p>\n<p><em>Qu\u1ea1t b\u00e0n Rowenta VU2730 ch\u1ea5t l\u01b0\u1ee3ng \u0111a n\u0103ng nh\u1ecf g\u1ecdn ti\u1ec7n l\u1ee3i s\u1eed d\u1ee5ng<\/em><\/p>\n<h2><strong>V\u00ec sao n\u00ean s\u1edf h\u1eefu qu\u1ea1t \u0111\u1ec3 b\u00e0n \u0111a n\u0103ng Rowenta VU2730 c\u00f3 g\u00ec \u0111\u1eb7c bi\u1ec7t?<\/strong><\/h2>\n<h3><strong>Thi\u1ebft k\u1ebf sang tr\u1ecdng v\u00e0 hi\u1ec7n \u0111\u1ea1i<\/strong><\/h3>\n<article>Thi\u1ebft k\u1ebf c\u1ee7a\u00a0qu\u1ea1t b\u00e0n\u00a0Rowenta VU2730 r\u1ea5t tinh t\u1ebf v\u00e0 hi\u1ec7n \u0111\u1ea1i, ph\u00f9 h\u1ee3p v\u1edbi nhi\u1ec1u lo\u1ea1i kh\u00f4ng gian n\u1ed9i th\u1ea5t kh\u00e1c nhau. S\u1ea3n ph\u1ea9m \u0111\u01b0\u1ee3c l\u00e0m t\u1eeb ch\u1ea5t li\u1ec7u nh\u1ef1a cao c\u1ea5p, \u0111\u1ea3m b\u1ea3o \u0111\u1ed9 b\u1ec1n v\u00e0 \u0111\u1ed9 b\u1ec1n cao.<\/p>\n<p>S\u1ea3n ph\u1ea9m c\u00f3 k\u00edch th\u01b0\u1edbc nh\u1ecf g\u1ecdn, d\u1ec5 d\u00e0ng di chuy\u1ec3n v\u00e0 \u0111\u1eb7t tr\u00ean b\u00e0n l\u00e0m vi\u1ec7c, b\u00e0n h\u1ecdc ho\u1eb7c b\u00e0n trang \u0111i\u1ec3m. M\u1eb7t qu\u1ea1t \u0111\u01b0\u1ee3c thi\u1ebft k\u1ebf r\u1ed9ng v\u00e0 ph\u00e2n t\u00e1n gi\u00f3 m\u00e1t \u0111\u1ec1u tr\u00ean kh\u1eafp kh\u00f4ng gian, gi\u00fap l\u00e0m m\u00e1t kh\u00f4ng gian m\u1ed9t c\u00e1ch nhanh ch\u00f3ng v\u00e0 hi\u1ec7u qu\u1ea3.<\/p>\n<p><img decoding=\"async\" src=\"https:\/\/file.hstatic.net\/200000661969\/file\/2_a53b41b9ecbf48ddb2495770339b7975.png\" \/><\/p>\n<p><em>Qu\u1ea1t b\u00e0n Rowenta thi\u1ebft k\u1ebf sang tr\u1ecdng nh\u1ecf g\u1ecdn s\u1eed d\u1ee5ng ti\u1ec7n l\u1ee3i cho m\u1ecdi kh\u00f4ng gian<\/em><\/p>\n<h3><strong>C\u00f3 3\u00a0t\u1ed1c \u0111\u1ed9 gi\u00f3, gi\u00f3 m\u00e1t ph\u1ee7 \u0111\u1ec1u trong ph\u00f2ng<\/strong><\/h3>\n<p><u><em><strong>T\u1ed1c \u0111\u1ed9 gi\u00f3 th\u1ea5p:<\/strong><\/em><\/u>\u00a0\u0110\u00e2y l\u00e0 t\u1ed1c \u0111\u1ed9 gi\u00f3 y\u1ebfu nh\u1ea5t, ph\u00f9 h\u1ee3p cho nh\u1eefng ng\u00e0y th\u1eddi ti\u1ebft m\u00e1t m\u1ebb v\u00e0 kh\u00f4ng c\u1ea7n m\u1ea1nh l\u1eafm. T\u1ed1c \u0111\u1ed9 n\u00e0y gi\u00fap ti\u1ebft ki\u1ec7m \u0111i\u1ec7n n\u0103ng v\u00e0 kh\u00f4ng g\u00e2y \u1ed3n.<\/p>\n<p><u><em><strong>T\u1ed1c \u0111\u1ed9 gi\u00f3 trung b\u00ecnh:\u00a0<\/strong><\/em><\/u>\u0110\u00e2y l\u00e0 t\u1ed1c \u0111\u1ed9 gi\u00f3 v\u1eeba ph\u1ea3i, ph\u00f9 h\u1ee3p v\u1edbi nh\u1eefng ng\u00e0y th\u1eddi ti\u1ebft \u1ea5m \u00e1p v\u00e0 c\u1ea7n m\u1ed9t \u00edt kh\u00f4ng kh\u00ed m\u00e1t m\u1ebb. T\u1ed1c \u0111\u1ed9 n\u00e0y \u0111\u1ee7 m\u1ea1nh \u0111\u1ec3 l\u00e0m m\u00e1t kh\u00f4ng gian nh\u01b0ng v\u1eabn \u0111\u1ea3m b\u1ea3o ti\u1ebft ki\u1ec7m \u0111i\u1ec7n.<\/p>\n<p><u><em><strong>Turbo Boost:<\/strong><\/em><\/u>\u00a0\u0110\u00e2y l\u00e0 t\u1ed1c \u0111\u1ed9 gi\u00f3 m\u1ea1nh nh\u1ea5t, ph\u00f9 h\u1ee3p v\u1edbi nh\u1eefng ng\u00e0y th\u1eddi ti\u1ebft n\u00f3ng b\u1ee9c ho\u1eb7c khi c\u1ea7n m\u1ed9t l\u01b0\u1ee3ng kh\u00f4ng kh\u00ed l\u1edbn \u0111\u1ec3 l\u00e0m m\u00e1t kh\u00f4ng gian. T\u1ed1c \u0111\u1ed9 n\u00e0y s\u1ebd ti\u00eau t\u1ed1n nhi\u1ec1u \u0111i\u1ec7n n\u0103ng h\u01a1n so v\u1edbi t\u1ed1c \u0111\u1ed9 gi\u00f3 th\u1ea5p v\u00e0 trung b\u00ecnh, nh\u01b0ng gi\u00fap cho kh\u00f4ng gian nhanh ch\u00f3ng m\u00e1t l\u1ea1i trong th\u1eddi gian ng\u1eafn.<\/p>\n<p><img decoding=\"async\" src=\"https:\/\/file.hstatic.net\/200000661969\/file\/3_6903066835054805bdddb64da11204c4.png\" \/><\/p>\n<p><em>T\u1ed1c \u0111\u1ed9 gi\u00f3 m\u1ea1nh gi\u00fap cho kh\u00f4ng gian ph\u00f2ng tho\u00e1ng m\u00e1t\u00a0<\/em><\/p>\n<h3><strong>Ch\u1ebf \u0111\u1ed9 ban \u0111\u00eam y\u00ean t\u0129nh: Kh\u00f4ng g\u00e2y ra ti\u1ebfng \u1ed3n khi ho\u1ea1t \u0111\u1ed9ng<\/strong><\/h3>\n<p><strong>Qu\u1ea1t b\u00e0n\u00a0Rowenta<\/strong>\u00a0\u0111\u01b0\u1ee3c thi\u1ebft k\u1ebf v\u1edbi \u0111\u1ed9 \u1ed3n th\u1ea5p, \u0111\u1ea3m b\u1ea3o s\u1ef1 y\u00ean t\u0129nh v\u00e0 tho\u1ea3i m\u00e1i khi s\u1eed d\u1ee5ng. Theo th\u00f4ng s\u1ed1 k\u1ef9 thu\u1eadt c\u1ee7a s\u1ea3n ph\u1ea9m, \u0111\u1ed9 \u1ed3n c\u1ee7a qu\u1ea1t b\u00e0n Rowenta VU2730 l\u00e0 38 decibel (dB), t\u01b0\u01a1ng \u0111\u01b0\u01a1ng v\u1edbi \u00e2m thanh nh\u1eb9 nh\u00e0ng t\u1eeb m\u01b0a r\u01a1i ho\u1eb7c ti\u1ebfng n\u00f3i th\u1ea5p. V\u1edbi \u0111\u1ed9 \u1ed3n th\u1ea5p, qu\u1ea1t b\u00e0n Rowenta VU2730 r\u1ea5t ph\u00f9 h\u1ee3p \u0111\u1ec3 s\u1eed d\u1ee5ng trong ph\u00f2ng ng\u1ee7, ph\u00f2ng l\u00e0m vi\u1ec7c hay b\u1ea5t k\u1ef3 kh\u00f4ng gian n\u00e0o y\u00eau c\u1ea7u s\u1ef1 y\u00ean t\u0129nh v\u00e0 tho\u1ea3i m\u00e1i.<\/p>\n<h3><strong>\u0110i\u1ec1u khi\u1ec3n b\u1eb1ng n\u00fat nh\u1ea5n \u0111\u01a1n gi\u1ea3n<\/strong><\/h3>\n<p>Vi\u1ec7c \u0111i\u1ec1u khi\u1ec3n Qu\u1ea1t \u0111\u1ec3 b\u00e0n Rowenta\u00a0r\u1ea5t \u0111\u01a1n gi\u1ea3n v\u00e0 d\u1ec5 d\u00e0ng th\u00f4ng qua c\u00e1c n\u00fat nh\u1ea5n tr\u00ean th\u00e2n qu\u1ea1t. S\u1ea3n ph\u1ea9m \u0111\u01b0\u1ee3c trang b\u1ecb c\u00e1c n\u00fat nh\u1ea5n sau:<\/p>\n<ul>\n<li>N\u00fat b\u1eadt\/t\u1eaft: D\u00f9ng \u0111\u1ec3 b\u1eadt ho\u1eb7c t\u1eaft qu\u1ea1t.<\/li>\n<li>N\u00fat ch\u1ecdn t\u1ed1c \u0111\u1ed9 gi\u00f3: D\u00f9ng \u0111\u1ec3 \u0111i\u1ec1u ch\u1ec9nh t\u1ed1c \u0111\u1ed9 gi\u00f3 c\u1ee7a qu\u1ea1t v\u1edbi c\u00e1c t\u00f9y ch\u1ecdn t\u1ed1c \u0111\u1ed9 th\u1ea5p, trung b\u00ecnh v\u00e0 cao.<\/li>\n<\/ul>\n<p>Vi\u1ec7c s\u1eed d\u1ee5ng c\u00e1c n\u00fat nh\u1ea5n n\u00e0y r\u1ea5t \u0111\u01a1n gi\u1ea3n, ng\u01b0\u1eddi d\u00f9ng ch\u1ec9 c\u1ea7n b\u1eadt n\u00fat b\u1eadt\/t\u1eaft \u0111\u1ec3 b\u1eadt ho\u1eb7c t\u1eaft qu\u1ea1t, sau \u0111\u00f3 s\u1eed d\u1ee5ng n\u00fat ch\u1ecdn t\u1ed1c \u0111\u1ed9 gi\u00f3 \u0111\u1ec3 \u0111i\u1ec1u ch\u1ec9nh t\u1ed1c \u0111\u1ed9 gi\u00f3 ph\u00f9 h\u1ee3p v\u1edbi nhu c\u1ea7u s\u1eed d\u1ee5ng. V\u1edbi thi\u1ebft k\u1ebf \u0111i\u1ec1u khi\u1ec3n b\u1eb1ng n\u00fat nh\u1ea5n \u0111\u01a1n gi\u1ea3n nh\u01b0 v\u1eady, Qu\u1ea1t b\u00e0n Rowenta VU2730 r\u1ea5t d\u1ec5 d\u00e0ng \u0111\u1ec3 s\u1eed d\u1ee5ng v\u00e0 \u0111i\u1ec1u khi\u1ec3n, \u0111\u1ed3ng th\u1eddi gi\u00fap ti\u1ebft ki\u1ec7m th\u1eddi gian v\u00e0 n\u0103ng l\u01b0\u1ee3ng khi s\u1eed d\u1ee5ng s\u1ea3n ph\u1ea9m.<\/p>\n<p><img decoding=\"async\" src=\"https:\/\/file.hstatic.net\/200000661969\/file\/4_d8ee2f136359432793e51edd12f23085.png\" \/><\/p>\n<p><em>B\u1ea1n c\u00f3 th\u1ec3 s\u1eed d\u1ee5ng c\u00e1c n\u00fat nh\u1ea5n nh\u1ecf g\u1ecdn r\u1ea5t \u0111\u01a1n gi\u1ea3n v\u00e0 d\u1ec5 d\u00e0ng b\u00ean tr\u00ean th\u00e2n qu\u1ea1t<\/em><\/p>\n<h3><strong>Ti\u1ebft ki\u1ec7m \u0111i\u1ec7n n\u0103ng<\/strong><\/h3>\n<p><strong>Qu\u1ea1t b\u00e0n Rowenta VU2730<\/strong>\u00a0\u0111\u01b0\u1ee3c thi\u1ebft k\u1ebf v\u1edbi kh\u1ea3 n\u0103ng ti\u1ebft ki\u1ec7m \u0111i\u1ec7n n\u0103ng hi\u1ec7u qu\u1ea3. S\u1ea3n ph\u1ea9m s\u1eed d\u1ee5ng \u0111\u1ed9ng c\u01a1 c\u00f3 hi\u1ec7u su\u1ea5t cao, gi\u00fap ti\u1ebft ki\u1ec7m t\u1ed1i \u0111a \u0111i\u1ec7n n\u0103ng ti\u00eau th\u1ee5, \u0111\u1ed3ng th\u1eddi c\u1ea3i thi\u1ec7n hi\u1ec7u qu\u1ea3 l\u00e0m m\u00e1t.<\/p>\n<p><img decoding=\"async\" src=\"https:\/\/file.hstatic.net\/200000661969\/file\/5_75269586297644dba8d4ef0bf975f045.png\" \/><\/p>\n<p><em>Kh\u1ea3 n\u0103ng ti\u00eat ki\u1ec7m \u0111i\u1ec7n n\u0103ng hi\u1ec7u qu\u1ea3<\/em><\/p>\n<h3><strong>D\u1ec5 d\u00e0ng di chuy\u1ec3n v\u00e0 v\u1ec7 sinh<\/strong><\/h3>\n<\/article>\n<article>Qu\u1ea1t b\u00e0n Rowenta \u0111a n\u0103ng c\u00f3 thi\u1ebft k\u1ebf nh\u1ecf g\u1ecdn v\u00e0 d\u1ec5 d\u00e0ng di chuy\u1ec3n, gi\u00fap ng\u01b0\u1eddi d\u00f9ng d\u1ec5 d\u00e0ng mang s\u1ea3n ph\u1ea9m \u0111i l\u1ea1i gi\u1eefa c\u00e1c ph\u00f2ng ho\u1eb7c \u0111\u01b0a \u0111i du l\u1ecbch. S\u1ea3n ph\u1ea9m \u0111\u01b0\u1ee3c trang b\u1ecb tay c\u1ea7m ti\u1ec7n l\u1ee3i \u1edf ph\u00eda sau th\u00e2n qu\u1ea1t, gi\u00fap ng\u01b0\u1eddi d\u00f9ng d\u1ec5 d\u00e0ng c\u1ea7m v\u00e0 di chuy\u1ec3n qu\u1ea1t m\u1ed9t c\u00e1ch d\u1ec5 d\u00e0ng.<\/article>\n<article>Vi\u1ec7c v\u1ec7 sinh qu\u1ea1t b\u00e0n Rowenta VU2730 c\u0169ng r\u1ea5t \u0111\u01a1n gi\u1ea3n v\u00e0 d\u1ec5 d\u00e0ng. S\u1ea3n ph\u1ea9m c\u00f3 l\u01b0\u1edbi l\u1ecdc b\u1ee5i ph\u00eda sau th\u00e2n qu\u1ea1t, gi\u00fap gi\u1eef cho kh\u00f4ng kh\u00ed \u0111\u01b0\u1ee3c l\u1ecdc s\u1ea1ch v\u00e0 ng\u0103n ch\u1eb7n b\u1ee5i b\u1ea9n x\u00e2m nh\u1eadp v\u00e0o b\u00ean trong qu\u1ea1t. L\u01b0\u1edbi l\u1ecdc b\u1ee5i c\u00f3 th\u1ec3 \u0111\u01b0\u1ee3c th\u00e1o ra v\u00e0 lau ch\u00f9i b\u1eb1ng v\u1ea3i m\u1ec1m ho\u1eb7c c\u1ecd nh\u1eb9 \u0111\u1ec3 l\u00e0m s\u1ea1ch.<\/p>\n<p>Ngo\u00e0i ra, c\u00e1c c\u00e1nh qu\u1ea1t c\u1ee7a s\u1ea3n ph\u1ea9m c\u0169ng c\u00f3 th\u1ec3 \u0111\u01b0\u1ee3c th\u00e1o ra v\u00e0 l\u00e0m s\u1ea1ch b\u1eb1ng c\u00e1ch d\u00f9ng v\u1eadt li\u1ec7u m\u1ec1m nh\u01b0 b\u00f4ng, kh\u0103n m\u1ec1m ho\u1eb7c c\u1ecd nh\u1eb9. Vi\u1ec7c v\u1ec7 sinh th\u01b0\u1eddng xuy\u00ean gi\u00fap cho s\u1ea3n ph\u1ea9m ho\u1ea1t \u0111\u1ed9ng t\u1ed1t h\u01a1n v\u00e0 k\u00e9o d\u00e0i tu\u1ed5i th\u1ecd c\u1ee7a s\u1ea3n ph\u1ea9m.<\/p>\n<\/article>\n<\/article>\n","protected":false},"excerpt":{"rendered":"<ul>\n<li>Thi\u1ebft k\u1ebf nh\u1ecf g\u1ecdn, d\u1ec5 c\u1ea5t gi\u1eef<\/li>\n<li>\u0110a d\u1ea1ng l\u1ef1a ch\u1ecdn v\u1edbi 4 m\u1ee9c \u0111i\u1ec1u ch\u1ec9nh t\u1ed1c \u0111\u1ed9<\/li>\n<li>Kh\u1ea3 n\u0103ng qu\u1ea1t gi\u00f3 m\u1ea1nh m\u1ebd nh\u01b0ng kh\u00f4ng g\u00e2y ti\u1ebfng \u1ed3n<\/li>\n<li>G\u00f3c quay r\u1ed9ng nh\u1ea5t c\u1ee7a qu\u1ea1t l\u00e0 120 \u0111\u1ed9<\/li>\n<\/ul>\n","protected":false},"featured_media":4107,"comment_status":"open","ping_status":"closed","template":"","meta":[],"product_brand":[],"product_cat":[87,118],"product_tag":[],"class_list":{"0":"post-4106","1":"product","2":"type-product","3":"status-publish","4":"has-post-thumbnail","6":"product_cat-quat-dien","7":"product_cat-rowenta","9":"first","10":"instock","11":"shipping-taxable","12":"product-type-simple"},"_links":{"self":[{"href":"https:\/\/nhadepbepxinh.com.vn\/index.php?rest_route=\/wp\/v2\/product\/4106","targetHints":{"allow":["GET"]}}],"collection":[{"href":"https:\/\/nhadepbepxinh.com.vn\/index.php?rest_route=\/wp\/v2\/product"}],"about":[{"href":"https:\/\/nhadepbepxinh.com.vn\/index.php?rest_route=\/wp\/v2\/types\/product"}],"replies":[{"embeddable":true,"href":"https:\/\/nhadepbepxinh.com.vn\/index.php?rest_route=%2Fwp%2Fv2%2Fcomments&post=4106"}],"wp:featuredmedia":[{"embeddable":true,"href":"https:\/\/nhadepbepxinh.com.vn\/index.php?rest_route=\/wp\/v2\/media\/4107"}],"wp:attachment":[{"href":"https:\/\/nhadepbepxinh.com.vn\/index.php?rest_route=%2Fwp%2Fv2%2Fmedia&parent=4106"}],"wp:term":[{"taxonomy":"product_brand","embeddable":true,"href":"https:\/\/nhadepbepxinh.com.vn\/index.php?rest_route=%2Fwp%2Fv2%2Fproduct_brand&post=4106"},{"taxonomy":"product_cat","embeddable":true,"href":"https:\/\/nhadepbepxinh.com.vn\/index.php?rest_route=%2Fwp%2Fv2%2Fproduct_cat&post=4106"},{"taxonomy":"product_tag","embeddable":true,"href":"https:\/\/nhadepbepxinh.com.vn\/index.php?rest_route=%2Fwp%2Fv2%2Fproduct_tag&post=4106"}],"curies":[{"name":"wp","href":"https:\/\/api.w.org\/{rel}","templated":true}]}}