{"id":4101,"date":"2025-04-07T17:02:11","date_gmt":"2025-04-07T10:02:11","guid":{"rendered":"https:\/\/nhadepbepxinh.com.vn\/?post_type=product&#038;p=4101"},"modified":"2025-04-08T09:34:04","modified_gmt":"2025-04-08T02:34:04","slug":"quat-cay-rowenta-vu5870","status":"publish","type":"product","link":"https:\/\/nhadepbepxinh.com.vn\/?product=quat-cay-rowenta-vu5870","title":{"rendered":"Qu\u1ea1t c\u00e2y Rowenta VU5870"},"content":{"rendered":"<p>Trong nh\u1eefng ng\u00e0y h\u00e8 oi b\u1ee9c, vi\u1ec7c c\u00f3 m\u1ed9t chi\u1ebfc qu\u1ea1t m\u1ea1nh m\u1ebd, \u00eam \u00e1i v\u00e0 ti\u1ec7n \u00edch l\u00e0 \u0111i\u1ec1u kh\u00f4ng th\u1ec3 thi\u1ebfu trong m\u1ecdi gia \u0111\u00ecnh. V\u00e0\u00a0<strong>Qu\u1ea1t c\u00e2y Rowenta VU5870<\/strong>\u00a0ch\u00ednh l\u00e0 l\u1ef1a ch\u1ecdn ho\u00e0n h\u1ea3o cho b\u1ea1n. V\u1edbi s\u1ef1 k\u1ebft h\u1ee3p c\u1ee7a\u00a0<em class=\"Highlight\">c\u00f4<\/em>ng ngh\u1ec7 ti\u00ean ti\u1ebfn v\u00e0 thi\u1ebft k\u1ebf th\u00f4ng minh, s\u1ea3n ph\u1ea9m n\u00e0y kh\u00f4ng ch\u1ec9 mang l\u1ea1i kh\u00f4ng kh\u00ed m\u00e1t m\u1ebb m\u00e0 c\u00f2n t\u1ea1o n\u00ean m\u1ed9t kh\u00f4ng gian tho\u1ea3i m\u00e1i v\u00e0 trong l\u00e0nh, y\u00ean t\u0129nh, kh\u00f4ng c\u00f3 ti\u1ebfng b\u1ea1t gi\u00f3. H\u00e3y c\u00f9ng t\u00ecm hi\u1ec3u chi ti\u1ebft h\u01a1n v\u1ec1 chi\u1ebfc\u00a0qu\u1ea1t \u0111\u1ee9ng\u00a0n\u00e0y v\u1edbi Germany S&amp;T ngay t\u1ea1i \u0111\u00e2y!<\/p>\n<p><img decoding=\"async\" src=\"https:\/\/file.hstatic.net\/200000661969\/file\/ha_anh_-_anh_bai_viet_.png\" \/><\/p>\n<h2><strong>V\u00ec sao n\u00ean ch\u1ecdn Qu\u1ea1t c\u00e2y Rowenta VU5870?<\/strong><\/h2>\n<h3><strong><em class=\"Highlight\">C\u00f4<\/em>ng su\u1ea5t m\u1ea1nh m\u1ebd<\/strong><\/h3>\n<p>Qu\u1ea1t c\u00e2y\u00a0Rowenta VU5870 \u0111\u01b0\u1ee3c trang b\u1ecb \u0111\u1ed9ng c\u01a1 Turbo Silence Extreme+, mang l\u1ea1i\u00a0<em class=\"Highlight\">c\u00f4<\/em>ng su\u1ea5t m\u1ea1nh m\u1ebd nh\u1ea5t t\u1eeb Rowenta. V\u1edbi l\u01b0u l\u01b0\u1ee3ng lu\u1ed3ng kh\u00ed l\u00ean \u0111\u1ebfn 80 m3\/ph\u00fat \u1edf m\u1ee9c t\u1ed1c \u0111\u1ed9 cao nh\u1ea5t, s\u1ea3n ph\u1ea9m n\u00e0y<em class=\"Highlight\">\u00a0\u0111\u1ea3m b\u1ea3o\u00a0<\/em>mang l\u1ea1i kh\u00f4ng kh\u00ed m\u00e1t m\u1ebb v\u00e0 s\u1ea3ng kho\u00e1i cho kh\u00f4ng gian c\u1ee7a b\u1ea1n, ngay c\u1ea3 trong nh\u1eefng c\u0103n ph\u00f2ng c\u00f3 di\u1ec7n t\u00edch l\u1edbn.<\/p>\n<h3><strong>Ho\u1ea1t \u0111\u1ed9ng\u00a0 y\u00ean t\u0129nh<\/strong><\/h3>\n<p>M\u1ed9t trong nh\u1eefng \u0111i\u1ec3m n\u1ed5i b\u1eadt c\u1ee7a Qu\u1ea1t c\u00e2y\u00a0Rowenta VU5870\u00a0l\u00e0 kh\u1ea3 n\u0103ng ho\u1ea1t \u0111\u1ed9ng \u00eam \u00e1i nh\u1ea5t. V\u1edbi ch\u1ec9 35 dBA \u1edf t\u1ed1c \u0111\u1ed9 t\u1ed1i thi\u1ec3u, s\u1ea3n ph\u1ea9m n\u00e0y mang l\u1ea1i s\u1ef1 im l\u1eb7ng ho\u00e0n h\u1ea3o, ph\u00f9 h\u1ee3p cho m\u1ecdi ho\u00e0n c\u1ea3nh nh\u01b0 khi b\u1ea1n ng\u1ee7, xem TV, l\u00e0m vi\u1ec7c hay \u0111\u1ecdc s\u00e1ch. \u0110\u1eb7c bi\u1ec7t, b\u1ea1n s\u1ebd kh\u00f4ng c\u1ea3m nh\u1eadn th\u1ea5y ti\u1ebfng b\u1ea1t gi\u00f3 g\u00e2y kh\u00f3 ch\u1ecbu hay rung l\u1eafc nh\u01b0 nh\u1eefng chi\u1ebfc qu\u1ea1t k\u00e9m ch\u1ea5t l\u01b0\u1ee3ng kh\u00e1c.<\/p>\n<p><img decoding=\"async\" src=\"https:\/\/file.hstatic.net\/200000661969\/file\/quat_cay_rowenta_vu5870__3__be890447f8be455d96f66ae3042acb72.png\" \/><\/p>\n<h3><strong>\u0110a d\u1ea1ng m\u1ee9c \u0111\u1ed9 gi\u00f3<\/strong><\/h3>\n<p>V\u1edbi 5 m\u1ee9c t\u1ed1c \u0111\u1ed9 kh\u00e1c nhau, Qu\u1ea1t c\u00e2y Rowenta VU5870 cho ph\u00e9p b\u1ea1n \u0111i\u1ec1u ch\u1ec9nh lu\u1ed3ng gi\u00f3 m\u00e1t theo nhu c\u1ea7u, s\u1edf th\u00edch c\u00e1 nh\u00e2n c\u0169ng nh\u01b0 t\u00ecnh tr\u1ea1ng th\u1eddi ti\u1ebft. T\u1eeb ch\u1ebf \u0111\u1ed9 ban \u0111\u00eam y\u00ean t\u0129nh \u0111\u1ebfn hi\u1ec7u su\u1ea5t c\u1ef1c cao \u1edf ch\u1ebf \u0111\u1ed9 Turbo Boost, s\u1ea3n ph\u1ea9m n\u00e0y \u0111\u00e1p \u1ee9ng \u0111\u01b0\u1ee3c m\u1ecdi y\u00eau c\u1ea7u c\u1ee7a b\u1ea1n. Ngo\u00e0i ra, s\u1ea3n ph\u1ea9m c\u00f2n c\u00f3 m\u1ed9t t\u00ednh n\u0103ng \u0111\u1ed9c \u0111\u00e1o kh\u00e1c l\u00e0 Natural Breeze, mang \u0111\u1ebfn l\u00e0 gi\u00f3 t\u1ef1 nhi\u00ean, gi\u00fap b\u1ea1n t\u1eadn h\u01b0\u1edfng c\u1ea3m gi\u00e1c d\u1ec5 ch\u1ecbu, tho\u1ea3i m\u00e1i nh\u1ea5t trong qu\u00e1 tr\u00ecnh s\u1eed d\u1ee5ng.<\/p>\n<h3><strong>Ph\u00e2n ph\u1ed1i lu\u1ed3ng gi\u00f3 v\u01b0\u1ee3t tr\u1ed9i<\/strong><\/h3>\n<p>\u0110\u1ec3 c\u00f3 th\u1ec3 ph\u00e2n ph\u1ed1i gi\u00f3 m\u00e1t kh\u1eafp c\u0103n ph\u00f2ng, Rowenta VU5870 \u0111\u00e3 \u0111\u01b0\u1ee3c t\u00edch h\u1ee3p kh\u1ea3 n\u0103ng \u0111\u1ea3o gi\u00f3 v\u00e0 g\u00f3c xoay r\u1ed9ng \u0111\u1ebfn g\u00f3c 120\u00b0. B\u00ean c\u1ea1nh \u0111\u00f3, b\u1ea1n c\u00f2n c\u00f3 th\u1ec3 \u0111i\u1ec1u ch\u1ec9nh 6 m\u1ee9c \u0111\u1ed9 cao kh\u00e1c nhau \u1edf ph\u1ea7n th\u00e2n qu\u1ea1t. Nh\u1edd thi\u1ebft k\u1ebf n\u00e0y, b\u1ea1n c\u00f3 th\u1ec3 t\u00f9y ch\u1ec9nh \u0111\u1ed9 cao th\u00edch h\u1ee3p v\u1edbi v\u1ecb tr\u00ed s\u1eed d\u1ee5ng d\u00f9 \u0111ang ng\u1ed3i tr\u00ean sofa hay b\u00e0n l\u00e0m vi\u1ec7c.<\/p>\n<p><img decoding=\"async\" src=\"https:\/\/file.hstatic.net\/200000661969\/file\/quat_cay_rowenta_vu5870__5__59ef0a7e6a71451c8ca08185878e08e8.png\" \/><\/p>\n<h3><strong>\u0110i\u1ec1u khi\u1ec3n th\u00f4ng minh<\/strong><\/h3>\n<p>S\u1ea3n ph\u1ea9m \u0111i k\u00e8m v\u1edbi m\u1ed9t \u0111i\u1ec1u khi\u1ec3n t\u1eeb xa nh\u1ecf g\u1ecdn v\u00e0 tr\u1ef1c quan, gi\u00fap b\u1ea1n d\u1ec5 d\u00e0ng \u0111i\u1ec1u ch\u1ec9nh c\u00e1c ch\u1ee9c n\u0103ng m\u00e0 kh\u00f4ng c\u1ea7n ph\u1ea3i di chuy\u1ec3n. \u0110i\u1ec1u khi\u1ec3n n\u00e0y c\u0169ng c\u00f3 th\u1ec3 \u0111\u01b0\u1ee3c g\u1eafn ph\u00eda\u00a0<em class=\"Highlight\">sau\u00a0<\/em>th\u00e2n m\u00e1y, gi\u00fap l\u01b0u tr\u1eef g\u1ecdn g\u00e0ng, tr\u00e1nh t\u00ecnh tr\u1ea1ng th\u1ea5t l\u1ea1c v\u00e0 ti\u1ec7n l\u1ee3i h\u01a1n trong vi\u1ec7c s\u1eed d\u1ee5ng hay m\u1ed7i khi c\u1ea7n t\u00ecm ki\u1ebfm.<\/p>\n<h3><strong>Ti\u1ebft ki\u1ec7m \u0111i\u1ec7n n\u0103ng l\u01b0\u1ee3ng t\u1ed1i \u0111a<\/strong><\/h3>\n<p>D\u00f9 c\u00f3\u00a0<em class=\"Highlight\">c\u00f4<\/em>ng su\u1ea5t m\u1ea1nh m\u1ebd nh\u01b0ng Qu\u1ea1t c\u00e2y Rowenta VU5870 ti\u00eau th\u1ee5 \u0111i\u1ec7n c\u00f2n \u00edt h\u01a1n m\u1ed9t chi\u1ebfc \u0111\u00e8n LED chi\u1ebfu s\u00e1ng, gi\u00fap b\u1ea1n ti\u1ebft ki\u1ec7m n\u0103ng l\u01b0\u1ee3ng v\u00e0 gi\u1ea3m chi ph\u00ed \u0111i\u1ec7n n\u0103ng. Ngo\u00e0i ra, chi\u1ebfc qu\u1ea1t n\u00e0y c\u0169ng \u0111i k\u00e8m t\u00ednh n\u0103ng h\u1eb9n gi\u1edd t\u1eaft t\u1ef1 \u0111\u1ed9ng (t\u1ed1i \u0111a\u00a0<em class=\"Highlight\">sau\u00a0<\/em>8h) gi\u00fap ng\u01b0\u1eddi d\u00f9ng d\u1ec5 d\u00e0ng \u0111i\u1ec1u ch\u1ec9nh th\u1eddi gian ho\u1ea1t \u0111\u1ed9ng nh\u01b0 \u00fd, \u0111\u1ed3ng th\u1eddi<em class=\"Highlight\">\u00a0\u0111\u1ea3m b\u1ea3o\u00a0<\/em>an to\u00e0n trong tr\u01b0\u1eddng h\u1ee3p qu\u00ean kh\u00f4ng t\u1eaft.<\/p>\n<p>M\u1ed9t t\u00ednh \u01b0u \u0111i\u1ec3m kh\u00e1c gi\u00fap ti\u1ebft ki\u1ec7m n\u0103ng l\u01b0\u1ee3ng ch\u00ednh l\u00e0 t\u00ednh n\u0103ng gi\u1ea3m d\u1ea7n. \u0110i\u1ec1u n\u00e0y ngh\u0129a l\u00e0 qu\u1ea1t c\u00f3 th\u1ec3 t\u1ef1 \u0111\u1ed9ng gi\u1ea3m lu\u1ed3ng gi\u00f3 t\u1eeb t\u1ed1c \u0111\u1ed9 t\u1ed1i \u0111a xu\u1ed1ng t\u1ed1i thi\u1ec3u \u0111\u1ec3 \u0111\u01b0a b\u1ea1n v\u00e0o gi\u1ea5c ng\u1ee7 ngon.<\/p>\n<p><img decoding=\"async\" src=\"https:\/\/file.hstatic.net\/200000661969\/file\/quat_cay_rowenta_vu5870__4__c4858eee23f34051844e9d92109eda18.png\" \/><\/p>\n<p>T\u00f3m l\u1ea1i, Qu\u1ea1t c\u00e2y Rowenta VU5870 kh\u00f4ng ch\u1ec9 l\u00e0 m\u1ed9t s\u1ea3n ph\u1ea9m qu\u1ea1t th\u00f4ng th\u01b0\u1eddng m\u00e0 c\u00f2n l\u00e0 m\u1ed9t tr\u1ee3 th\u1ee7 \u0111\u1eafc l\u1ef1c cho m\u00f9a h\u00e8 n\u00f3ng b\u1ee9c. V\u1edbi s\u1ee9c m\u1ea1nh v\u01b0\u1ee3t tr\u1ed9i, t\u00ednh n\u0103ng ti\u1ec7n \u00edch v\u00e0 thi\u1ebft k\u1ebf hi\u1ec7n \u0111\u1ea1i, s\u1ea3n ph\u1ea9m n\u00e0y l\u00e0 l\u1ef1a ch\u1ecdn ho\u00e0n h\u1ea3o cho m\u1ecdi gia \u0111\u00ecnh. H\u00e3y s\u1eafm ngay m\u1ed9t chi\u1ebfc \u0111\u1ec3 tr\u1ea3i nghi\u1ec7m s\u1ef1 tho\u1ea3i m\u00e1i v\u00e0 ti\u1ec7n l\u1ee3i cao c\u1ea5p chu\u1ea9n<em class=\"Highlight\">\u00a0\u0110\u1ee9c\u00a0<\/em>m\u00e0 n\u00f3 mang l\u1ea1i!<\/p>\n","protected":false},"excerpt":{"rendered":"<p>Trong nh\u1eefng ng\u00e0y h\u00e8 oi b\u1ee9c, vi\u1ec7c c\u00f3 m\u1ed9t chi\u1ebfc qu\u1ea1t m\u1ea1nh m\u1ebd, \u00eam \u00e1i v\u00e0 ti\u1ec7n \u00edch l\u00e0 \u0111i\u1ec1u kh\u00f4ng th\u1ec3 thi\u1ebfu trong m\u1ecdi gia \u0111\u00ecnh. V\u00e0\u00a0Qu\u1ea1t c\u00e2y Rowenta VU5870\u00a0ch\u00ednh l\u00e0 l\u1ef1a ch\u1ecdn ho\u00e0n h\u1ea3o cho b\u1ea1n. V\u1edbi s\u1ef1 k\u1ebft h\u1ee3p c\u1ee7a\u00a0c\u00f4ng ngh\u1ec7 ti\u00ean ti\u1ebfn v\u00e0 thi\u1ebft k\u1ebf th\u00f4ng minh, s\u1ea3n ph\u1ea9m n\u00e0y kh\u00f4ng&#8230;<\/p>\n","protected":false},"featured_media":4102,"comment_status":"open","ping_status":"closed","template":"","meta":[],"product_brand":[],"product_cat":[87,118],"product_tag":[],"class_list":{"0":"post-4101","1":"product","2":"type-product","3":"status-publish","4":"has-post-thumbnail","6":"product_cat-quat-dien","7":"product_cat-rowenta","9":"first","10":"instock","11":"shipping-taxable","12":"product-type-simple"},"_links":{"self":[{"href":"https:\/\/nhadepbepxinh.com.vn\/index.php?rest_route=\/wp\/v2\/product\/4101","targetHints":{"allow":["GET"]}}],"collection":[{"href":"https:\/\/nhadepbepxinh.com.vn\/index.php?rest_route=\/wp\/v2\/product"}],"about":[{"href":"https:\/\/nhadepbepxinh.com.vn\/index.php?rest_route=\/wp\/v2\/types\/product"}],"replies":[{"embeddable":true,"href":"https:\/\/nhadepbepxinh.com.vn\/index.php?rest_route=%2Fwp%2Fv2%2Fcomments&post=4101"}],"wp:featuredmedia":[{"embeddable":true,"href":"https:\/\/nhadepbepxinh.com.vn\/index.php?rest_route=\/wp\/v2\/media\/4102"}],"wp:attachment":[{"href":"https:\/\/nhadepbepxinh.com.vn\/index.php?rest_route=%2Fwp%2Fv2%2Fmedia&parent=4101"}],"wp:term":[{"taxonomy":"product_brand","embeddable":true,"href":"https:\/\/nhadepbepxinh.com.vn\/index.php?rest_route=%2Fwp%2Fv2%2Fproduct_brand&post=4101"},{"taxonomy":"product_cat","embeddable":true,"href":"https:\/\/nhadepbepxinh.com.vn\/index.php?rest_route=%2Fwp%2Fv2%2Fproduct_cat&post=4101"},{"taxonomy":"product_tag","embeddable":true,"href":"https:\/\/nhadepbepxinh.com.vn\/index.php?rest_route=%2Fwp%2Fv2%2Fproduct_tag&post=4101"}],"curies":[{"name":"wp","href":"https:\/\/api.w.org\/{rel}","templated":true}]}}