{"id":4058,"date":"2025-04-07T16:50:05","date_gmt":"2025-04-07T09:50:05","guid":{"rendered":"https:\/\/nhadepbepxinh.com.vn\/?post_type=product&#038;p=4058"},"modified":"2025-04-08T09:34:51","modified_gmt":"2025-04-08T02:34:51","slug":"quat-dung-toshiba-5-canh-f-lsa10hvn-50w","status":"publish","type":"product","link":"https:\/\/nhadepbepxinh.com.vn\/?product=quat-dung-toshiba-5-canh-f-lsa10hvn-50w","title":{"rendered":"Qu\u1ea1t \u0111\u1ee9ng Toshiba 5 c\u00e1nh F-LSA10(H)VN 50W"},"content":{"rendered":"<div id=\"tab-spec\" class=\"tabs col2\">\n<h2 id=\"specification\" class=\"tab-link current\" data-tab=\"tab-1\">Th\u00f4ng s\u1ed1 k\u1ef9 thu\u1eadt<\/h2>\n<\/div>\n<div id=\"tab-1\" class=\"specifications tab-content current\">\n<div id=\"specification-img-218647\" class=\"img-main specification-img \"><img decoding=\"async\" class=\" lazyloaded\" src=\"https:\/\/cdn.tgdd.vn\/Products\/Images\/1992\/218647\/Kit\/quat-dung-toshiba-f-lsa10-h-vn-xam.jpg\" alt=\"Qu\u1ea1t \u0111\u1ee9ng Toshiba 5 c\u00e1nh F-LSA10(H)VN 50W\" data-src=\"\/\/cdn.tgdd.vn\/Products\/Images\/1992\/218647\/Kit\/quat-dung-toshiba-f-lsa10-h-vn-xam.jpg\" \/><\/div>\n<div id=\"specification-item-218647\" class=\"specification-item \">\n<div class=\"box-specifi\">\n<ul class=\"text-specifi active\">\n<li>\n<aside><strong>Lo\u1ea1i qu\u1ea1t:<\/strong><\/aside>\n<aside><span class=\"\">Qu\u1ea1t \u0111\u1ee9ng &#8211; 50W &#8211; 3 m\u1ee9c gi\u00f3<\/span><\/aside>\n<\/li>\n<li>\n<aside><strong>Ch\u1ebf \u0111\u1ed9 gi\u00f3:<\/strong><\/aside>\n<aside>Gi\u00f3 th\u01b0\u1eddng<\/aside>\n<\/li>\n<li>\n<aside><strong>B\u1ea3ng \u0111i\u1ec1u khi\u1ec3n:<\/strong><\/aside>\n<aside><span class=\"comma\">N\u00fat xoay<\/span><span class=\"\">N\u00fat nh\u1ea5n<\/span><\/aside>\n<\/li>\n<li>\n<aside><strong>Lo\u1ea1i motor:<\/strong><\/aside>\n<aside>B\u1ea1c thau<\/aside>\n<\/li>\n<li>\n<aside><strong>\u0110\u01b0\u1eddng k\u00ednh c\u00e1nh qu\u1ea1t:<\/strong><\/aside>\n<aside><span class=\"\">5 c\u00e1nh &#8211; 40 cm<\/span><\/aside>\n<\/li>\n<li>\n<aside><strong>Chi\u1ec1u d\u00e0i d\u00e2y \u0111i\u1ec7n:<\/strong><\/aside>\n<aside><span class=\"\">184 cm<\/span><\/aside>\n<\/li>\n<li>\n<aside><strong>Th\u01b0\u01a1ng hi\u1ec7u c\u1ee7a:<\/strong><\/aside>\n<aside><span class=\"\">Nh\u1eadt B\u1ea3n<\/span><\/aside>\n<\/li>\n<li>\n<aside><strong>S\u1ea3n xu\u1ea5t t\u1ea1i:<\/strong><\/aside>\n<aside><span class=\"\">Trung Qu\u1ed1c<\/span><\/aside>\n<\/li>\n<li>\n<aside><strong>N\u0103m ra m\u1eaft:<\/strong><\/aside>\n<aside><span class=\"\">2019<\/span><\/aside>\n<\/li>\n<\/ul>\n<aside><strong>Ti\u1ec7n \u00edch:<\/strong><\/aside>\n<ul>\n<li>H\u1eb9n gi\u1edd t\u1eaft<\/li>\n<li><span class=\"circle\">\u0110i\u1ec1u ch\u1ec9nh \u0111\u01b0\u1ee3c chi\u1ec1u cao<\/span><\/li>\n<li><span class=\"circle\">L\u1ed3ng qu\u1ea1t c\u00f3 khe h\u1edf nan qu\u1ea1t nh\u1ecf<\/span><\/li>\n<\/ul>\n<ul class=\"text-specifi active\">\n<li>\n<aside><strong>K\u00edch th\u01b0\u1edbc (Th\u1ef1c t\u1ebf):<\/strong><\/aside>\n<aside><span class=\"\">Ngang 40 cm &#8211; Cao 113 &#8211; 134.5 cm &#8211; S\u00e2u 40 cm<\/span><\/aside>\n<\/li>\n<li>\n<aside><strong>Kh\u1ed1i l\u01b0\u1ee3ng (H\u00e3ng cung c\u1ea5p):<\/strong><\/aside>\n<aside><span class=\"\">8.3 kg<\/span><\/aside>\n<\/li>\n<li>\n<aside><strong>H\u00e3ng:<\/strong><\/aside>\n<aside><span class=\"\">Toshiba<\/span><\/aside>\n<\/li>\n<\/ul>\n<\/div>\n<\/div>\n<\/div>\n","protected":false},"excerpt":{"rendered":"<p>Th\u00f4ng s\u1ed1 k\u1ef9 thu\u1eadt Lo\u1ea1i qu\u1ea1t: Qu\u1ea1t \u0111\u1ee9ng &#8211; 50W &#8211; 3 m\u1ee9c gi\u00f3 Ch\u1ebf \u0111\u1ed9 gi\u00f3: Gi\u00f3 th\u01b0\u1eddng B\u1ea3ng \u0111i\u1ec1u khi\u1ec3n: N\u00fat xoayN\u00fat nh\u1ea5n Lo\u1ea1i motor: B\u1ea1c thau \u0110\u01b0\u1eddng k\u00ednh c\u00e1nh qu\u1ea1t: 5 c\u00e1nh &#8211; 40 cm Chi\u1ec1u d\u00e0i d\u00e2y \u0111i\u1ec7n: 184 cm Th\u01b0\u01a1ng hi\u1ec7u c\u1ee7a: Nh\u1eadt B\u1ea3n S\u1ea3n xu\u1ea5t t\u1ea1i: Trung Qu\u1ed1c N\u0103m&#8230;<\/p>\n","protected":false},"featured_media":4059,"comment_status":"open","ping_status":"closed","template":"","meta":[],"product_brand":[],"product_cat":[87,120],"product_tag":[],"class_list":{"0":"post-4058","1":"product","2":"type-product","3":"status-publish","4":"has-post-thumbnail","6":"product_cat-quat-dien","7":"product_cat-toshiba","9":"first","10":"instock","11":"shipping-taxable","12":"product-type-simple"},"_links":{"self":[{"href":"https:\/\/nhadepbepxinh.com.vn\/index.php?rest_route=\/wp\/v2\/product\/4058","targetHints":{"allow":["GET"]}}],"collection":[{"href":"https:\/\/nhadepbepxinh.com.vn\/index.php?rest_route=\/wp\/v2\/product"}],"about":[{"href":"https:\/\/nhadepbepxinh.com.vn\/index.php?rest_route=\/wp\/v2\/types\/product"}],"replies":[{"embeddable":true,"href":"https:\/\/nhadepbepxinh.com.vn\/index.php?rest_route=%2Fwp%2Fv2%2Fcomments&post=4058"}],"wp:featuredmedia":[{"embeddable":true,"href":"https:\/\/nhadepbepxinh.com.vn\/index.php?rest_route=\/wp\/v2\/media\/4059"}],"wp:attachment":[{"href":"https:\/\/nhadepbepxinh.com.vn\/index.php?rest_route=%2Fwp%2Fv2%2Fmedia&parent=4058"}],"wp:term":[{"taxonomy":"product_brand","embeddable":true,"href":"https:\/\/nhadepbepxinh.com.vn\/index.php?rest_route=%2Fwp%2Fv2%2Fproduct_brand&post=4058"},{"taxonomy":"product_cat","embeddable":true,"href":"https:\/\/nhadepbepxinh.com.vn\/index.php?rest_route=%2Fwp%2Fv2%2Fproduct_cat&post=4058"},{"taxonomy":"product_tag","embeddable":true,"href":"https:\/\/nhadepbepxinh.com.vn\/index.php?rest_route=%2Fwp%2Fv2%2Fproduct_tag&post=4058"}],"curies":[{"name":"wp","href":"https:\/\/api.w.org\/{rel}","templated":true}]}}