{"id":4015,"date":"2025-04-07T16:11:19","date_gmt":"2025-04-07T09:11:19","guid":{"rendered":"https:\/\/nhadepbepxinh.com.vn\/?post_type=product&#038;p=4015"},"modified":"2025-04-07T16:11:19","modified_gmt":"2025-04-07T09:11:19","slug":"may-say-bom-nhiet-electrolux-ultimatecare-9-kg-edh902r9sc","status":"publish","type":"product","link":"https:\/\/nhadepbepxinh.com.vn\/?product=may-say-bom-nhiet-electrolux-ultimatecare-9-kg-edh902r9sc","title":{"rendered":"M\u00e1y s\u1ea5y b\u01a1m nhi\u1ec7t Electrolux UltimateCare 9 kg EDH902R9SC"},"content":{"rendered":"<div id=\"feature\" class=\"short-article\">\n<p class=\"short-article__title\">\u0110\u1eb7c \u0111i\u1ec3m n\u1ed5i b\u1eadt<\/p>\n<ul>\n<li><strong>C\u1ea3m bi\u1ebfn 3DSense<\/strong>\u00a0\u0111o \u0111\u1ed9 \u1ea9m ch\u00ednh x\u00e1c, \u0111i\u1ec1u ch\u1ec9nh th\u1eddi gian s\u1ea5y ph\u00f9 h\u1ee3p, \u0111\u1ea3m b\u1ea3o qu\u1ea7n \u00e1o kh\u00f4 \u0111\u1ed3ng \u0111\u1ec1u.<\/li>\n<li><strong>C\u00f4ng ngh\u1ec7 Inverter\u00a0<\/strong>gi\u00fap ti\u1ebft ki\u1ec7m n\u0103ng l\u01b0\u1ee3ng v\u00e0 \u0111\u1ea3m b\u1ea3o v\u1eadn h\u00e0nh \u00eam \u00e1i.<\/li>\n<li>B\u1ea3o v\u1ec7 s\u1ee9c kh\u1ecfe gia \u0111\u00ecnh b\u1ea1n c\u00f9ng<strong>\u00a0ch\u1ebf \u0111\u1ed9 s\u1ea5y di\u1ec7t khu\u1ea9n Hygiene<\/strong>.<\/li>\n<li><strong>C\u00f4ng ngh\u1ec7 SensiCare\u00a0<\/strong>v\u1edbi c\u1ea3m bi\u1ebfn th\u00f4ng minh b\u1ea3o v\u1ec7 s\u1ee3i v\u1ea3i.<\/li>\n<li>Gi\u1eef m\u00e0u s\u1eafc v\u1ea3i b\u1ec1n \u0111\u1eb9p nh\u1edd\u00a0<strong>c\u00f4ng ngh\u1ec7 ColourCare<\/strong>.<\/li>\n<li><b>C\u00f4ng ngh\u1ec7 DelicateCare\u00a0<\/b>gi\u00fap n\u00e2ng niu nh\u1eefng b\u1ed9 trang ph\u1ee5c cao c\u1ea5p c\u1ee7a b\u1ea1n khi s\u1ea5y.<\/li>\n<li><strong>M\u00e0n h\u00ecnh ColorTFT<\/strong>\u00a0cho kh\u1ea3 n\u0103ng hi\u1ec3n th\u1ecb s\u1eafc n\u00e9t c\u00e1c ch\u01b0\u01a1ng tr\u00ecnh v\u00e0 t\u00f9y ch\u1ecdn s\u1ea5y tr\u00ean b\u1ea3ng \u0111i\u1ec1u khi\u1ec3n.<\/li>\n<li><strong>M\u00e1y s\u1ea5y b\u01a1m nhi\u1ec7t<\/strong>\u00a0v\u1edbi dung t\u00edch\u00a0<strong>9 kg<\/strong>\u00a0th\u00edch h\u1ee3p v\u1edbi gia \u0111\u00ecnh t\u1eeb 3 \u0111\u1ebfn 5 ng\u01b0\u1eddi.<\/li>\n<\/ul>\n<\/div>\n<div id=\"tab-spec\" class=\"tabs col1\">\n<h2 id=\"specification\" class=\"tab-link current\" data-tab=\"tab-1\">Th\u00f4ng s\u1ed1 k\u1ef9 thu\u1eadt<\/h2>\n<\/div>\n<div id=\"tab-1\" class=\"specifications tab-content current\">\n<div id=\"specification-img-329626\" class=\"img-main specification-img \"><img decoding=\"async\" class=\" lazyloaded\" src=\"https:\/\/cdnv2.tgdd.vn\/mwg-static\/dmx\/Products\/Images\/2202\/329626\/Kit\/may-say-bom-nhiet-electrolux-ultimatecare-9-kg-edh902r9sc-note-638732462281372025.jpg\" alt=\"M\u00e1y s\u1ea5y b\u01a1m nhi\u1ec7t Electrolux UltimateCare 9 kg EDH902R9SC\" data-src=\"https:\/\/cdnv2.tgdd.vn\/mwg-static\/dmx\/Products\/Images\/2202\/329626\/Kit\/may-say-bom-nhiet-electrolux-ultimatecare-9-kg-edh902r9sc-note-638732462281372025.jpg\" \/><\/div>\n<div id=\"specification-item-329626\" class=\"specification-item \">\n<div class=\"box-specifi\">\n<ul class=\"text-specifi active\">\n<li>\n<aside><strong>Lo\u1ea1i m\u00e1y:<\/strong><\/aside>\n<aside>S\u1ea5y b\u01a1m nhi\u1ec7t<\/aside>\n<\/li>\n<li>\n<aside><strong>Kh\u1ed1i l\u01b0\u1ee3ng s\u1ea5y:<\/strong><\/aside>\n<aside><span class=\"\">9 Kg<\/span><\/aside>\n<\/li>\n<li>\n<aside><strong>S\u1ed1 ng\u01b0\u1eddi s\u1eed d\u1ee5ng:<\/strong><\/aside>\n<aside><span class=\"\">T\u1eeb 3 &#8211; 5 ng\u01b0\u1eddi<\/span><\/aside>\n<\/li>\n<li>\n<aside><strong>Inverter:<\/strong><\/aside>\n<aside><span class=\"\">C\u00f3 Inverter<\/span><\/aside>\n<\/li>\n<li>\n<aside><strong>\u0110\u1ed9ng c\u01a1:<\/strong><\/aside>\n<aside><span class=\"\">Truy\u1ec1n \u0111\u1ed9ng gi\u00e1n ti\u1ebfp (D\u00e2y curoa)<\/span><\/aside>\n<\/li>\n<li>\n<aside><strong>Nhi\u1ec7t \u0111\u1ed9 s\u1ea5y t\u1ed1i \u0111a:<\/strong><\/aside>\n<aside><span class=\"\">T\u1eeb 55 &#8211; 60\u00b0C<\/span><\/aside>\n<\/li>\n<li>\n<aside><strong>C\u00f4ng su\u1ea5t ti\u00eau th\u1ee5:<\/strong><\/aside>\n<aside><span class=\"\">1600W<\/span><\/aside>\n<\/li>\n<li>\n<aside><strong>S\u1ed1 ch\u01b0\u01a1ng tr\u00ecnh ho\u1ea1t \u0111\u1ed9ng:<\/strong><\/aside>\n<aside><span class=\"\">17 ch\u01b0\u01a1ng tr\u00ecnh<\/span><\/aside>\n<\/li>\n<\/ul>\n<aside><strong>Ti\u1ec7n \u00edch:<\/strong><\/aside>\n<ul>\n<li><span class=\"circle\">\u0110\u1ed3ng b\u1ed9 SyncDry<\/span><\/li>\n<\/ul>\n<ul class=\"text-specifi active\">\n<li>\n<aside><span class=\"circle\">\u0110i\u1ec1u khi\u1ec3n qua \u1ee9ng d\u1ee5ng Electrolux<\/span><\/aside>\n<\/li>\n<li>\n<aside><span class=\"circle\">T\u00f9y ch\u1ecdn ch\u01b0\u01a1ng tr\u00ecnh (c\u00e1 nh\u00e2n h\u00f3a) th\u00f4ng minh SmartSelect<\/span><\/aside>\n<\/li>\n<li>\n<aside><span class=\"circle\">T\u00f9y ch\u1ec9nh th\u1eddi gian v\u00e0 m\u1ee9c \u0111\u1ed9 s\u1ea5y<\/span><\/aside>\n<\/li>\n<li>\n<aside><span class=\"circle\">S\u1ea5y h\u01a1i n\u01b0\u1edbc l\u00e0m m\u1edbi qu\u1ea7n \u00e1o Steam Refresh<\/span><\/aside>\n<\/li>\n<li>\n<aside><span class=\"circle\">S\u1ea5y di\u1ec7t khu\u1ea9n Hygiene<\/span><\/aside>\n<\/li>\n<li>\n<aside><span class=\"circle\">M\u00e0n h\u00ecnh hi\u1ec3n th\u1ecb ColorTFT s\u1eafc n\u00e9t<\/span><span class=\"circle\">K\u1ebft n\u1ed1i t\u1eeb xa Remote Start<\/span><\/aside>\n<\/li>\n<li>\n<aside><span class=\"circle\">H\u1eb9n gi\u1edd ho\u00e0n th\u00e0nh<\/span><\/aside>\n<\/li>\n<li>\n<aside><span class=\"circle\">C\u00f4ng ngh\u1ec7 Woolmark d\u00e0nh \u0111\u1ec3 s\u1ea5y ri\u00eang cho \u0111\u1ed3 len<\/span><\/aside>\n<\/li>\n<li>\n<aside><span class=\"circle\">C\u00f4ng ngh\u1ec7 SteamCare gi\u1ea3m nh\u0103n \u0111\u1ebfn 50% b\u1eb1ng h\u01a1i n\u01b0\u1edbc<\/span><\/aside>\n<\/li>\n<li>\n<aside><span class=\"circle\">C\u00f4ng ngh\u1ec7 SensiCare ch\u0103m s\u00f3c qu\u1ea7n \u00e1o tr\u00e1nh b\u1ecb h\u01b0 t\u1ed5n<\/span><\/aside>\n<\/li>\n<li>\n<aside><span class=\"circle\">C\u00f4ng ngh\u1ec7 DelicateCare b\u1ea3o v\u1ec7 \u0111\u1ed3 len kh\u00f4ng b\u1ecb bi\u1ebfn d\u1ea1ng<\/span><\/aside>\n<\/li>\n<li>\n<aside><span class=\"circle\">C\u00f4ng ngh\u1ec7 ColourCare<\/span><\/aside>\n<\/li>\n<li>\n<aside><span class=\"circle\">Ch\u01b0\u01a1ng tr\u00ecnh s\u1ea5y \u0111\u1ed3 h\u1ed7n h\u1ee3p th\u00f4ng minh MixedDry<\/span><\/aside>\n<\/li>\n<li>\n<aside><span class=\"circle\">Ch\u01b0\u01a1ng tr\u00ecnh s\u00e2\u0301y \u0111\u00f4\u0300 mo\u0309ng<\/span><\/aside>\n<\/li>\n<li>\n<aside><span class=\"circle\">Ch\u01b0\u01a1ng tr\u00ecnh s\u00e2\u0301y nhanh<\/span><\/aside>\n<\/li>\n<li>\n<aside><span class=\"circle\">Chu\u00f4ng b\u00e1o l\u1ea5y qu\u1ea7n \u00e1o khi k\u1ebft th\u00fac<\/span><\/aside>\n<\/li>\n<li>\n<aside><span class=\"circle\">C\u1ea3m bi\u1ebfn \u0111\u1ed9 \u1ea9m 3DSense \u0111\u1ec3 \u0111i\u1ec1u ch\u1ec9nh th\u1eddi gian s\u1ea5y ph\u00f9 h\u1ee3p<\/span><\/aside>\n<\/li>\n<li>\n<aside><span class=\"circle\">ReverseTumbling s\u1ea5y \u0111\u1ea3o chi\u1ec1u ch\u1ed1ng nh\u0103n, gi\u00fap \u00e1o qu\u1ea7n kh\u00f4ng b\u1ecb xo\u1eafn r\u1ed1i<\/span><\/aside>\n<\/li>\n<li>\n<aside><span class=\"circle\">\u0110\u00e8n chi\u1ebfu s\u00e1ng l\u1ed3ng s\u1ea5y<\/span><\/aside>\n<\/li>\n<li>\n<aside><span class=\"circle\">T\u1ea1m d\u1eebng th\u00eam qu\u1ea7n \u00e1o<\/span><\/aside>\n<\/li>\n<li>\n<aside><span class=\"circle\">T\u1ef1 kh\u1edfi \u0111\u1ed9ng l\u1ea1i khi c\u00f3 \u0111i\u1ec7n<\/span><\/aside>\n<\/li>\n<li>\n<aside><strong>B\u1ea3ng \u0111i\u1ec1u khi\u1ec3n:<\/strong><\/aside>\n<aside><span class=\"\">Song ng\u1eef Anh &#8211; Vi\u1ec7t, ph\u00edm \u0111i\u1ec1u khi\u1ec3n c\u1ea3m \u1ee9ng, n\u00fat nh\u1ea5n, n\u00fam xoay, c\u00f3 m\u00e0n h\u00ecnh hi\u1ec3n th\u1ecb<\/span><\/aside>\n<\/li>\n<li>\n<aside><strong>Ch\u1ea5t li\u1ec7u l\u1ed3ng s\u1ea5y:<\/strong><\/aside>\n<aside><span class=\"\">Th\u00e9p kh\u00f4ng g\u1ec9<\/span><\/aside>\n<\/li>\n<li>\n<aside><strong>K\u00edch th\u01b0\u1edbc &#8211; Kh\u1ed1i l\u01b0\u1ee3ng:<\/strong><\/aside>\n<aside><span class=\"\">Cao 85 cm &#8211; Ngang 59.6 cm &#8211; S\u00e2u 65 cm &#8211; N\u1eb7ng 51 kg<\/span><\/aside>\n<\/li>\n<li>\n<aside><strong>D\u00f2ng s\u1ea3n ph\u1ea9m:<\/strong><\/aside>\n<aside><span class=\"\">2024<\/span><\/aside>\n<\/li>\n<li>\n<aside><strong>S\u1ea3n xu\u1ea5t t\u1ea1i:<\/strong><\/aside>\n<aside><span class=\"\">Th\u00e1i Lan<\/span><\/aside>\n<\/li>\n<li>\n<aside><strong>H\u00e3ng:<\/strong><\/aside>\n<aside><span class=\"\">Electrolux<\/span><\/aside>\n<\/li>\n<\/ul>\n<\/div>\n<\/div>\n<\/div>\n","protected":false},"excerpt":{"rendered":"<div class=\"d-flex product-details_heading_rating-content\">\n<div class=\"product-details_heading_nav-list \">\n<ul>\n<li class=\"selected\">EDH902R9SC<\/li>\n<\/ul>\n<\/div>\n<div class=\"product-details_heading_rating\">\n<div class=\"rating js_rating\">\n<div class=\"rating_item-content \">\n<div class=\"ratings\" title=\"4.5 \/ 5\">\n<div class=\"rating_stars rating_stars-svg  \"><\/div>\n<\/div>\n<\/div>\n<\/div>\n<\/div>\n<\/div>\n<div class=\"product-details_heading_short-description\">\n<ul>\n<li>Gi\u1ea3m nh\u0103n \u0111\u1ebfn 50% b\u1eb1ng h\u01a1i n\u01b0\u1edbc<\/li>\n<li>C\u1ea3m bi\u1ebfn Radar, s\u1ea5y s\u00e2u hi\u1ec7u qu\u1ea3<\/li>\n<li>S\u1ea5y n\u00e2ng niu trang ph\u1ee5c cao c\u1ea5p<\/li>\n<li>Ti\u1ebft ki\u1ec7m \u0111\u1ebfn 60% n\u0103ng l\u01b0\u1ee3ng*<\/li>\n<li>Ch\u01b0\u01a1ng tr\u00ecnh di\u1ec7t khu\u1ea9n chuy\u00ean s\u00e2u<\/li>\n<li>An to\u00e0n cho \u0111\u1ed3 len gi\u1eb7t tay<\/li>\n<\/ul>\n<\/div>\n","protected":false},"featured_media":4016,"comment_status":"open","ping_status":"closed","template":"","meta":[],"product_brand":[],"product_cat":[84],"product_tag":[],"class_list":{"0":"post-4015","1":"product","2":"type-product","3":"status-publish","4":"has-post-thumbnail","6":"product_cat-may-giat-may-say-quan-ao","8":"first","9":"instock","10":"shipping-taxable","11":"product-type-simple"},"_links":{"self":[{"href":"https:\/\/nhadepbepxinh.com.vn\/index.php?rest_route=\/wp\/v2\/product\/4015","targetHints":{"allow":["GET"]}}],"collection":[{"href":"https:\/\/nhadepbepxinh.com.vn\/index.php?rest_route=\/wp\/v2\/product"}],"about":[{"href":"https:\/\/nhadepbepxinh.com.vn\/index.php?rest_route=\/wp\/v2\/types\/product"}],"replies":[{"embeddable":true,"href":"https:\/\/nhadepbepxinh.com.vn\/index.php?rest_route=%2Fwp%2Fv2%2Fcomments&post=4015"}],"wp:featuredmedia":[{"embeddable":true,"href":"https:\/\/nhadepbepxinh.com.vn\/index.php?rest_route=\/wp\/v2\/media\/4016"}],"wp:attachment":[{"href":"https:\/\/nhadepbepxinh.com.vn\/index.php?rest_route=%2Fwp%2Fv2%2Fmedia&parent=4015"}],"wp:term":[{"taxonomy":"product_brand","embeddable":true,"href":"https:\/\/nhadepbepxinh.com.vn\/index.php?rest_route=%2Fwp%2Fv2%2Fproduct_brand&post=4015"},{"taxonomy":"product_cat","embeddable":true,"href":"https:\/\/nhadepbepxinh.com.vn\/index.php?rest_route=%2Fwp%2Fv2%2Fproduct_cat&post=4015"},{"taxonomy":"product_tag","embeddable":true,"href":"https:\/\/nhadepbepxinh.com.vn\/index.php?rest_route=%2Fwp%2Fv2%2Fproduct_tag&post=4015"}],"curies":[{"name":"wp","href":"https:\/\/api.w.org\/{rel}","templated":true}]}}