{"id":4009,"date":"2025-04-07T16:06:34","date_gmt":"2025-04-07T09:06:34","guid":{"rendered":"https:\/\/nhadepbepxinh.com.vn\/?post_type=product&#038;p=4009"},"modified":"2025-04-07T16:06:34","modified_gmt":"2025-04-07T09:06:34","slug":"may-say-thong-hoi-electrolux-ultimatecare-9-kg-eds904n3sc","status":"publish","type":"product","link":"https:\/\/nhadepbepxinh.com.vn\/?product=may-say-thong-hoi-electrolux-ultimatecare-9-kg-eds904n3sc","title":{"rendered":"M\u00e1y s\u1ea5y th\u00f4ng h\u01a1i Electrolux UltimateCare 9 kg EDS904N3SC"},"content":{"rendered":"<div id=\"feature\" class=\"short-article\">\n<p class=\"short-article__title\">\u0110\u1eb7c \u0111i\u1ec3m n\u1ed5i b\u1eadt<\/p>\n<ul>\n<li>Kh\u1ed1i l\u01b0\u1ee3ng s\u1ea5y\u00a0<strong>9\u00a0kg<\/strong>, ph\u00f9 h\u1ee3p v\u1edbi c\u00e1c gia \u0111\u00ecnh t\u1eeb\u00a0<strong>3 &#8211; 5 ng\u01b0\u1eddi<\/strong>.<\/li>\n<li>S\u1ea5y nhanh, ti\u1ebft ki\u1ec7m th\u1eddi gian ph\u01a1i ph\u00f3ng nh\u1edd\u00a0<strong>c\u00f4ng ngh\u1ec7 s\u1ea5y th\u00f4ng h\u01a1i<\/strong>.<\/li>\n<li><strong>C\u00f4ng ngh\u1ec7 s\u1ea5y \u0111\u1ea3o chi\u1ec1u Reverse Tumbling<\/strong>\u00a0h\u1ea1n ch\u1ebf n\u1ebfp nh\u0103n, gi\u1ea3m xo\u1eafn r\u1ed1i qu\u1ea7n \u00e1o.<\/li>\n<li><strong>Ch\u01b0\u01a1ng tr\u00ecnh s\u1ea5y Hygiene<\/strong>\u00a0b\u1ea3o v\u1ec7 l\u00e0n da v\u00e0 s\u1ee9c kh\u1ecfe c\u1ee7a gia \u0111\u00ecnh b\u1ea1n.<\/li>\n<li><b>C\u00f4ng ngh\u1ec7 ColourCare\u00a0<\/b>gi\u1eef cho s\u1ee3i v\u1ea3i \u0111\u01b0\u1ee3c b\u1ec1n m\u00e0u tr\u01b0\u1edbc t\u00e1c \u0111\u1ed9ng nhi\u1ec7t.<\/li>\n<li>Gi\u1ea3m nh\u0103n qu\u1ea7n \u00e1o b\u1eb1ng h\u01a1i n\u01b0\u1edbc nh\u1edd\u00a0<strong>c\u00f4ng ngh\u1ec7 Vapour Refresh<\/strong>.<\/li>\n<\/ul>\n<\/div>\n<div id=\"tab-spec\" class=\"tabs col1\">\n<h2 id=\"specification\" class=\"tab-link current\" data-tab=\"tab-1\">Th\u00f4ng s\u1ed1 k\u1ef9 thu\u1eadt<\/h2>\n<\/div>\n<div id=\"tab-1\" class=\"specifications tab-content current\">\n<div id=\"specification-img-329631\" class=\"img-main specification-img \"><img decoding=\"async\" class=\" ls-is-cached lazyloaded\" src=\"https:\/\/cdnv2.tgdd.vn\/mwg-static\/dmx\/Products\/Images\/2202\/329631\/Kit\/may-say-thong-hoi-electrolux-ultimatecare-9-kg-eds904n3sc-note-638733257091714863.jpg\" alt=\"M\u00e1y s\u1ea5y th\u00f4ng h\u01a1i Electrolux UltimateCare 9 kg EDS904N3SC\" data-src=\"https:\/\/cdnv2.tgdd.vn\/mwg-static\/dmx\/Products\/Images\/2202\/329631\/Kit\/may-say-thong-hoi-electrolux-ultimatecare-9-kg-eds904n3sc-note-638733257091714863.jpg\" \/><\/div>\n<div id=\"specification-item-329631\" class=\"specification-item \">\n<div class=\"box-specifi\">\n<ul class=\"text-specifi active\">\n<li>\n<aside><strong>Lo\u1ea1i m\u00e1y:<\/strong><\/aside>\n<aside>S\u1ea5y th\u00f4ng h\u01a1i<\/aside>\n<\/li>\n<li>\n<aside><strong>Kh\u1ed1i l\u01b0\u1ee3ng s\u1ea5y:<\/strong><\/aside>\n<aside><span class=\"\">9 Kg<\/span><\/aside>\n<\/li>\n<li>\n<aside><strong>S\u1ed1 ng\u01b0\u1eddi s\u1eed d\u1ee5ng:<\/strong><\/aside>\n<aside><span class=\"\">T\u1eeb 3 &#8211; 5 ng\u01b0\u1eddi<\/span><\/aside>\n<\/li>\n<li>\n<aside><strong>\u0110\u1ed9ng c\u01a1:<\/strong><\/aside>\n<aside><span class=\"\">Truy\u1ec1n \u0111\u1ed9ng gi\u00e1n ti\u1ebfp (D\u00e2y curoa)<\/span><\/aside>\n<\/li>\n<li>\n<aside><strong>Nhi\u1ec7t \u0111\u1ed9 s\u1ea5y t\u1ed1i \u0111a:<\/strong><\/aside>\n<aside><span class=\"\">T\u1eeb 70 &#8211; 80\u00b0C<\/span><\/aside>\n<\/li>\n<li>\n<aside><strong>C\u00f4ng su\u1ea5t ti\u00eau th\u1ee5:<\/strong><\/aside>\n<aside><span class=\"\">2250W<\/span><\/aside>\n<\/li>\n<li>\n<aside><strong>S\u1ed1 ch\u01b0\u01a1ng tr\u00ecnh ho\u1ea1t \u0111\u1ed9ng:<\/strong><\/aside>\n<aside><span class=\"\">12 ch\u01b0\u01a1ng tr\u00ecnh<\/span><\/aside>\n<\/li>\n<\/ul>\n<aside><strong>Ti\u1ec7n \u00edch:<\/strong><\/aside>\n<ul>\n<li><span class=\"circle\">T\u0103ng c\u01b0\u1eddng ch\u1ed1ng nh\u0103n Extra Anticrease<\/span><\/li>\n<\/ul>\n<ul class=\"text-specifi active\">\n<li>\n<aside><span class=\"circle\">Tu\u1ef3 ch\u1ec9nh th\u1eddi gian s\u1ea5y v\u00e0 nhi\u1ec7t \u0111\u1ed9 s\u1ea5y<\/span><\/aside>\n<\/li>\n<li>\n<aside>S\u1ea5y \u0111\u1ed3 len<\/aside>\n<\/li>\n<li>\n<aside><span class=\"circle\">S\u1ea5y di\u1ec7t khu\u1ea9n Hygiene<\/span><\/aside>\n<\/li>\n<li>\n<aside><span class=\"circle\">L\u00e0m m\u1edbi v\u00e0 gi\u1ea3m nh\u0103n nhanh ch\u00f3ng khi s\u1eed d\u1ee5ng Vapour Refresh<\/span><\/aside>\n<\/li>\n<li>\n<aside>Kh\u00f3a tr\u1ebb em<\/aside>\n<\/li>\n<li>\n<aside>H\u1eb9n gi\u1edd s\u1ea5y<\/aside>\n<\/li>\n<li>\n<aside><span class=\"circle\">Hi\u1ec3n th\u1ecb b\u1eb1ng m\u00e0n h\u00ecnh \u0111\u00e8n LED<\/span><\/aside>\n<\/li>\n<li>\n<aside><span class=\"circle\">C\u00f4ng ngh\u1ec7 ColourCare<\/span><\/aside>\n<\/li>\n<li>\n<aside><span class=\"circle\">Ch\u01b0\u01a1ng tr\u00ecnh s\u1ea5y \u0111\u1ed3 h\u1ed7n h\u1ee3p th\u00f4ng minh MixedDry<\/span><\/aside>\n<\/li>\n<li>\n<aside><span class=\"circle\">Ch\u01b0\u01a1ng tr\u00ecnh s\u1ea5y nh\u1eb9<\/span><\/aside>\n<\/li>\n<li>\n<aside><span class=\"circle\">Ch\u01b0\u01a1ng tr\u00ecnh s\u00e2\u0301y \u0111\u00f4\u0300 mo\u0309ng<\/span><\/aside>\n<\/li>\n<li>\n<aside><span class=\"circle\">Ch\u01b0\u01a1ng tr\u00ecnh s\u00e2\u0301y nhanh<\/span><\/aside>\n<\/li>\n<li>\n<aside><span class=\"circle\">Chu\u00f4ng b\u00e1o l\u1ea5y qu\u1ea7n \u00e1o khi k\u1ebft th\u00fac<\/span><\/aside>\n<\/li>\n<li>\n<aside><span class=\"circle\">Ch\u1ec9nh m\u1ee9c \u0111\u1ed9 s\u1ea5y<\/span><span class=\"circle\">ReverseTumbling s\u1ea5y \u0111\u1ea3o chi\u1ec1u ch\u1ed1ng nh\u0103n, gi\u00fap \u00e1o qu\u1ea7n kh\u00f4ng b\u1ecb xo\u1eafn r\u1ed1i<\/span><\/aside>\n<\/li>\n<li>\n<aside><span class=\"circle\">T\u1ea1m d\u1eebng th\u00eam qu\u1ea7n \u00e1o<\/span><\/aside>\n<\/li>\n<li>\n<aside><span class=\"circle\">T\u1ef1 kh\u1edfi \u0111\u1ed9ng l\u1ea1i khi c\u00f3 \u0111i\u1ec7n<\/span><\/aside>\n<\/li>\n<li>\n<aside><strong>B\u1ea3ng \u0111i\u1ec1u khi\u1ec3n:<\/strong><\/aside>\n<aside><span class=\"\">Song ng\u1eef Anh &#8211; Vi\u1ec7t, ph\u00edm \u0111i\u1ec1u khi\u1ec3n c\u1ea3m \u1ee9ng, n\u00fat nh\u1ea5n, n\u00fam xoay, c\u00f3 m\u00e0n h\u00ecnh hi\u1ec3n th\u1ecb<\/span><\/aside>\n<\/li>\n<li>\n<aside><strong>Ch\u1ea5t li\u1ec7u l\u1ed3ng s\u1ea5y:<\/strong><\/aside>\n<aside><span class=\"\">Th\u00e9p kh\u00f4ng g\u1ec9<\/span><\/aside>\n<\/li>\n<li>\n<aside><strong>K\u00edch th\u01b0\u1edbc &#8211; Kh\u1ed1i l\u01b0\u1ee3ng:<\/strong><\/aside>\n<aside><span class=\"\">Cao 85 cm &#8211; Ngang 60 cm &#8211; S\u00e2u 61 cm &#8211; N\u1eb7ng 28.6 kg<\/span><\/aside>\n<\/li>\n<li>\n<aside><strong>Chi\u1ec1u d\u00e0i \u1ed1ng tho\u00e1t kh\u00ed:<\/strong><\/aside>\n<aside><span class=\"\">195 cm<\/span><\/aside>\n<\/li>\n<li>\n<aside><strong>D\u00f2ng s\u1ea3n ph\u1ea9m:<\/strong><\/aside>\n<aside><span class=\"\">2024<\/span><\/aside>\n<\/li>\n<li>\n<aside><strong>S\u1ea3n xu\u1ea5t t\u1ea1i:<\/strong><\/aside>\n<aside><span class=\"\">Th\u00e1i Lan<\/span><\/aside>\n<\/li>\n<li>\n<aside><strong>H\u00e3ng:<\/strong><\/aside>\n<aside><span class=\"\">Electrolux<\/span><\/aside>\n<\/li>\n<\/ul>\n<\/div>\n<\/div>\n<\/div>\n","protected":false},"excerpt":{"rendered":"<div class=\"d-flex product-details_heading_rating-content\">\n<div class=\"product-details_heading_nav-list \">\n<ul>\n<li class=\"selected\">EDS904N3SC<\/li>\n<\/ul>\n<\/div>\n<div class=\"product-details_heading_rating\">\n<div class=\"rating js_rating\">\n<div class=\"rating_item-content \">\n<div class=\"ratings\" title=\"5.0 \/ 5\">\n<div class=\"rating_stars rating_stars-svg  \"><\/div>\n<\/div>\n<\/div>\n<\/div>\n<\/div>\n<\/div>\n<div class=\"product-details_heading_short-description\">\n<ul>\n<li>L\u00e0m m\u1edbi qu\u1ea7n \u00e1o m\u00e0 kh\u00f4ng c\u1ea7n gi\u1eb7t<\/li>\n<li>S\u1ea5y \u0111\u1ea3o chi\u1ec1u ch\u1ed1ng nh\u0103n<\/li>\n<li>Ch\u01b0\u01a1ng tr\u00ecnh di\u1ec7t khu\u1ea9n chuy\u00ean s\u00e2u<\/li>\n<li>C\u1ea3m bi\u1ebfn s\u1ea5y b\u1ea3o v\u1ec7 \u00e1o qu\u1ea7n<\/li>\n<li>Gi\u1ea3m phai m\u00e0u \u0111\u1ebfn 80%*<\/li>\n<li>S\u1ea5y nhanh cho l\u01b0\u1ee3ng \u0111\u1ed3 \u00edt<\/li>\n<\/ul>\n<\/div>\n","protected":false},"featured_media":4010,"comment_status":"open","ping_status":"closed","template":"","meta":[],"product_brand":[],"product_cat":[84],"product_tag":[],"class_list":{"0":"post-4009","1":"product","2":"type-product","3":"status-publish","4":"has-post-thumbnail","6":"product_cat-may-giat-may-say-quan-ao","8":"first","9":"instock","10":"shipping-taxable","11":"product-type-simple"},"_links":{"self":[{"href":"https:\/\/nhadepbepxinh.com.vn\/index.php?rest_route=\/wp\/v2\/product\/4009","targetHints":{"allow":["GET"]}}],"collection":[{"href":"https:\/\/nhadepbepxinh.com.vn\/index.php?rest_route=\/wp\/v2\/product"}],"about":[{"href":"https:\/\/nhadepbepxinh.com.vn\/index.php?rest_route=\/wp\/v2\/types\/product"}],"replies":[{"embeddable":true,"href":"https:\/\/nhadepbepxinh.com.vn\/index.php?rest_route=%2Fwp%2Fv2%2Fcomments&post=4009"}],"wp:featuredmedia":[{"embeddable":true,"href":"https:\/\/nhadepbepxinh.com.vn\/index.php?rest_route=\/wp\/v2\/media\/4010"}],"wp:attachment":[{"href":"https:\/\/nhadepbepxinh.com.vn\/index.php?rest_route=%2Fwp%2Fv2%2Fmedia&parent=4009"}],"wp:term":[{"taxonomy":"product_brand","embeddable":true,"href":"https:\/\/nhadepbepxinh.com.vn\/index.php?rest_route=%2Fwp%2Fv2%2Fproduct_brand&post=4009"},{"taxonomy":"product_cat","embeddable":true,"href":"https:\/\/nhadepbepxinh.com.vn\/index.php?rest_route=%2Fwp%2Fv2%2Fproduct_cat&post=4009"},{"taxonomy":"product_tag","embeddable":true,"href":"https:\/\/nhadepbepxinh.com.vn\/index.php?rest_route=%2Fwp%2Fv2%2Fproduct_tag&post=4009"}],"curies":[{"name":"wp","href":"https:\/\/api.w.org\/{rel}","templated":true}]}}