{"id":3957,"date":"2025-04-06T16:01:16","date_gmt":"2025-04-06T09:01:16","guid":{"rendered":"https:\/\/nhadepbepxinh.com.vn\/?post_type=product&#038;p=3957"},"modified":"2025-04-06T16:01:16","modified_gmt":"2025-04-06T09:01:16","slug":"guong-dung-korest-gkr5070b","status":"publish","type":"product","link":"https:\/\/nhadepbepxinh.com.vn\/?product=guong-dung-korest-gkr5070b","title":{"rendered":"G\u01af\u01a0NG \u0110\u01af\u0301NG KOREST GKR5070B"},"content":{"rendered":"<p>T\u1eeb l\u00e2u g\u01b0\u01a1ng nh\u00e0 t\u1eafm \u0111\u00e3 tr\u1edf th\u00e0nh m\u1ed9t lo\u1ea1i ph\u1ee5 ki\u1ec7n quan tr\u1ecdng kh\u00f4ng th\u1ec3 thi\u1ebfu trong gia \u0111\u00ecnh. Kh\u00f4ng ch\u1ec9 l\u00e0 v\u1eadt d\u1ee5ng quen thu\u1ed9c \u0111\u01b0\u1ee3c s\u1eed d\u1ee5ng h\u00e0ng ng\u00e0y, g\u01b0\u01a1ng soi nh\u00e0 t\u1eafm GKR5070B c\u00f2n m\u1ed9t v\u1eadt trang tr\u00ed gi\u00fap t\u00f4 \u0111i\u1ec3m cho kh\u00f4ng gian nh\u00e0 t\u1eafm th\u00eam sang tr\u1ecdng, b\u1eaft m\u1eaft.<\/p>\n<h2><strong>\u01afu \u0111i\u1ec3m n\u1ed5i b\u1eadt c\u1ee7a g\u01b0\u01a1ng soi nh\u00e0 t\u1eafm GKR5070B<\/strong><\/h2>\n<ul>\n<li><strong>Ch\u1ea5t li\u1ec7u cao c\u1ea5p:\u00a0<\/strong>G\u01b0\u01a1ng GKR5070B \u0111\u01b0\u1ee3c l\u00e0m b\u1eb1ng ph\u00f4i B\u1ec9 cao c\u1ea5p nh\u1ea5t tr\u00ean th\u1ecb tr\u01b0\u1eddng. B\u00ean c\u1ea1nh \u0111\u00f3,\u00a0G\u01b0\u01a1ng GKR5070B \u0111\u01b0\u1ee3c tr\u00e1ng b\u1ea1c t\u1edbi 8 l\u1edbp n\u00ean r\u1ea5t b\u1ec1n b\u1ec9, s\u00e1ng b\u00f3ng, kh\u00f4ng lo \u1ea9m m\u1ed1c v\u00e0 d\u1ec5 d\u00e0ng v\u1ec7 sinh. V\u1edbi l\u1edbp tr\u00e1ng b\u1ea1c n\u00e0y, g\u01b0\u01a1ng soi nh\u00e0 t\u1eafm GKR5070B\u00a0\u0111em \u0111\u1ebfn kh\u1ea3 n\u0103ng\u00a0ph\u1ea3n \u00e1nh h\u00ecnh \u1ea3nh ch\u00e2n th\u1ef1c, r\u00f5 n\u00e9t v\u00e0 \u0111\u1eb7c bi\u1ec7t b\u1ec1n h\u01a1n g\u1ea5p nhi\u1ec1u l\u1ea7n so v\u1edbi c\u00e1c s\u1ea3n ph\u1ea9m g\u01b0\u01a1ng th\u00f4ng th\u01b0\u1eddng.<\/li>\n<li>GKR5070B s\u1edf h\u1eefu ki\u1ec3u d\u00e1ng h\u00ecnh ch\u1eef nh\u1eadt bo c\u1ea1nh m\u1ec1m m\u1ea1i c\u00f9ng hai ki\u1ec3u l\u1eafp d\u1ecdc ( m\u00e3 GKR5070B) v\u00e0 chi\u1ec1u l\u1eafp ngang (GKR5070B-N) \u0111\u00e1p \u1ee9ng cho nhi\u1ec1u nhu c\u1ea7u s\u1eed d\u1ee5ng cho ng\u01b0\u1eddi d\u00f9ng.\u00a0 B\u00ean c\u1ea1nh \u0111\u00f3, s\u1ea3n ph\u1ea9m c\u0169ng d\u1ec5 d\u00e0ng k\u1ebft h\u1ee3p v\u1edbi nhi\u1ec1u thi\u1ebft b\u1ecb kh\u00e1c c\u1ee7a nh\u00e0 t\u1eafm \u0111em \u0111\u1ebfn m\u1ed9t kh\u00f4ng gian hi\u1ec7n \u0111\u1ea1i, sang tr\u1ecdng v\u00e0 th\u1ea9m m\u1ef9 h\u01a1n<\/li>\n<li>G\u01b0\u01a1ng GKR5070B \u0111\u01b0\u1ee3c KOREST gia c\u00f4ng s\u1ea3n xu\u1ea5t tr\u00ean c\u00f4ng ngh\u1ec7 hi\u1ec7n \u0111\u1ea1i v\u1edbi nh\u1eefng ti\u00eau chu\u1ea9n y\u00eau c\u1ea7u cao. V\u1eady n\u00ean, s\u1ea3n ph\u1ea9m \u0111\u01b0\u1ee3c nung vi\u1ec1n kh\u00f4ng t\u1ea1o m\u00e9p r\u0103ng \u1edf v\u1ebft c\u1eaft gi\u00fap tr\u00e1nh \u0111\u1ec3 kh\u00f4ng kh\u00ed ti\u1ebfp x\u00fac v\u1edbi l\u1edbp m\u1ea1 g\u01b0\u01a1ng g\u00e2y n\u00ean hi\u1ec7n t\u01b0\u1ee3ng \u1ed1 m\u1ed1c \u1edf quanh vi\u1ec1n g\u00e2y m\u1ea5t th\u1ea9m m\u1ef9.<\/li>\n<li>Th\u1eddi gian b\u1ea3o h\u00e0nh \u1ed1 m\u1ed1c l\u00ean \u0111\u1ebfn 5 n\u0103m: Nh\u00e0 t\u1eafm v\u1ed1n l\u00e0 n\u01a1i th\u01b0\u1eddng xuy\u00ean \u1ea9m \u01b0\u1edbt, ngo\u00e0i ra, h\u01a1i n\u01b0\u1edbc n\u00f3ng khi s\u1eed d\u1ee5ng b\u00ecnh n\u00f3ng l\u1ea1nh c\u0169ng l\u00e0 t\u00e1c nh\u00e2n khi\u1ebfn l\u00e0m gi\u1ea3m tu\u1ed5i th\u1ecd c\u1ee7a g\u01b0\u01a1ng, g\u00e2y \u1ed1 m\u1ed1c. G\u01b0\u01a1ng soi nh\u00e0 t\u1eafm GKR5070B \u0111\u01b0\u1ee3c l\u00e0m t\u1eeb ch\u1ea5t li\u1ec7u cao c\u1ea5p c\u00f9ng th\u1eddi gian b\u1ea3o h\u00e0nh d\u00e0i h\u1ea1n gi\u00fap b\u1ea1n an t\u00e2m s\u1eed d\u1ee5ng s\u1ea3n ph\u1ea9m.<\/li>\n<\/ul>\n<figure id=\"attachment_8486\" class=\"wp-caption alignnone\" aria-describedby=\"caption-attachment-8486\"><img loading=\"lazy\" decoding=\"async\" class=\"wp-image-8486 size-full lazyloaded\" src=\"https:\/\/korest.vn\/wp-content\/uploads\/2021\/12\/GKR5070B.jpg\" sizes=\"auto, (max-width: 1000px) 100vw, 1000px\" srcset=\"https:\/\/korest.vn\/wp-content\/uploads\/2021\/12\/GKR5070B.jpg 1000w, https:\/\/korest.vn\/wp-content\/uploads\/2021\/12\/GKR5070B-375x375.jpg 375w, https:\/\/korest.vn\/wp-content\/uploads\/2021\/12\/GKR5070B-575x575.jpg 575w, https:\/\/korest.vn\/wp-content\/uploads\/2021\/12\/GKR5070B-150x150.jpg 150w\" alt=\"G\u01b0\u01a1ng soi nh\u00e0 t\u1eafm GKR5070B\" width=\"1000\" height=\"1000\" data-ll-status=\"loaded\" \/><figcaption id=\"caption-attachment-8486\" class=\"wp-caption-text\"><em>\u00a0 \u00a0 \u00a0 \u00a0 \u00a0 \u00a0 \u00a0 \u00a0 \u00a0 \u00a0 \u00a0 \u00a0 \u00a0 \u00a0 \u00a0 \u00a0 \u00a0 \u00a0 \u00a0 \u00a0 \u00a0 \u00a0 \u00a0 \u00a0 \u00a0 \u00a0 \u00a0 \u00a0 \u00a0 \u00a0 \u00a0 \u00a0 \u00a0 \u00a0 \u00a0 \u00a0 \u00a0 \u00a0 \u00a0 \u00a0 \u00a0 \u00a0 \u00a0 \u00a0 \u00a0 \u00a0 \u00a0 \u00a0 \u00a0 \u00a0 \u00a0 \u00a0 \u00a0 \u00a0 \u00a0 \u00a0 \u00a0 \u00a0 \u00a0 \u00a0 \u00a0G\u01b0\u01a1ng soi nh\u00e0 t\u1eafm GKR5070B<\/em><\/figcaption><\/figure>\n","protected":false},"excerpt":{"rendered":"<p class=\"code-pro f_roboto font16 line_h28 cl_99 mb-4\">M\u00e3 s\u1ea3n ph\u1ea9m: GKR5070B<\/p>\n<div class=\"meta-script s-content f_roboto font16 line_30 cl_33 pro_detai_s_content\">\n<p>&#8211; K\u00edch th\u01b0\u1edbc: 500 x700 mm<\/p>\n<p>&#8211; Ph\u00f4i b\u1ec9 m\u1ea1 b\u1ea1c 8 l\u1edbp<\/p>\n<p>&#8211; B\u1ea3o h\u00e0nh ch\u1ed1ng \u1ed1 m\u1ed1c 5 n\u0103m.<\/p>\n<p>&#8211; Chi\u1ec1u l\u1eafp s\u1ea3n ph\u1ea9m: Chi\u1ec1u d\u1ecdc<\/p>\n<\/div>\n","protected":false},"featured_media":3958,"comment_status":"open","ping_status":"closed","template":"","meta":[],"product_brand":[],"product_cat":[18,31],"product_tag":[],"class_list":{"0":"post-3957","1":"product","2":"type-product","3":"status-publish","4":"has-post-thumbnail","6":"product_cat-thiet-bi-ve-sinh","7":"product_cat-phu-kien-phong-tam","9":"first","10":"instock","11":"shipping-taxable","12":"product-type-simple"},"_links":{"self":[{"href":"https:\/\/nhadepbepxinh.com.vn\/index.php?rest_route=\/wp\/v2\/product\/3957","targetHints":{"allow":["GET"]}}],"collection":[{"href":"https:\/\/nhadepbepxinh.com.vn\/index.php?rest_route=\/wp\/v2\/product"}],"about":[{"href":"https:\/\/nhadepbepxinh.com.vn\/index.php?rest_route=\/wp\/v2\/types\/product"}],"replies":[{"embeddable":true,"href":"https:\/\/nhadepbepxinh.com.vn\/index.php?rest_route=%2Fwp%2Fv2%2Fcomments&post=3957"}],"wp:featuredmedia":[{"embeddable":true,"href":"https:\/\/nhadepbepxinh.com.vn\/index.php?rest_route=\/wp\/v2\/media\/3958"}],"wp:attachment":[{"href":"https:\/\/nhadepbepxinh.com.vn\/index.php?rest_route=%2Fwp%2Fv2%2Fmedia&parent=3957"}],"wp:term":[{"taxonomy":"product_brand","embeddable":true,"href":"https:\/\/nhadepbepxinh.com.vn\/index.php?rest_route=%2Fwp%2Fv2%2Fproduct_brand&post=3957"},{"taxonomy":"product_cat","embeddable":true,"href":"https:\/\/nhadepbepxinh.com.vn\/index.php?rest_route=%2Fwp%2Fv2%2Fproduct_cat&post=3957"},{"taxonomy":"product_tag","embeddable":true,"href":"https:\/\/nhadepbepxinh.com.vn\/index.php?rest_route=%2Fwp%2Fv2%2Fproduct_tag&post=3957"}],"curies":[{"name":"wp","href":"https:\/\/api.w.org\/{rel}","templated":true}]}}