{"id":3949,"date":"2025-04-06T15:52:24","date_gmt":"2025-04-06T08:52:24","guid":{"rendered":"https:\/\/nhadepbepxinh.com.vn\/?post_type=product&#038;p=3949"},"modified":"2025-04-06T15:52:24","modified_gmt":"2025-04-06T08:52:24","slug":"ke-xa-bong-korest-kr-pk101","status":"publish","type":"product","link":"https:\/\/nhadepbepxinh.com.vn\/?product=ke-xa-bong-korest-kr-pk101","title":{"rendered":"K\u00ca\u0323 XA\u0300 B\u00d4NG KOREST KR-PK101"},"content":{"rendered":"<p><em>B\u00ean c\u1ea1nh nh\u1eefng thi\u1ebft b\u1ecb ch\u00ednh quan tr\u1ecdng nh\u01b0 b\u1ed3n c\u1ea7u, sen t\u1eafm, v\u00f2i ch\u1eadu,\u2026, c\u00e1c ph\u1ee5 ki\u1ec7n trong nh\u00e0 t\u1eafm c\u0169ng g\u00f3p ph\u1ea7n to l\u1edbn gi\u00fap gia t\u0103ng s\u1ef1 ti\u1ec7n nghi cho ng\u01b0\u1eddi s\u1eed d\u1ee5ng. Trong b\u00e0i vi\u1ebft n\u00e0y, h\u00e3y c\u00f9ng t\u00ecm hi\u1ec3u k\u1ec7 x\u00e0 b\u00f4ng KR-PK101 thu\u1ed9c B\u1ed9 ph\u1ee5 ki\u1ec7n KR-PK1 c\u1ee7a\u00a0<strong>Thi\u1ebft b\u1ecb v\u1ec7 sinh KOREST<\/strong>.<strong>\u00a0<\/strong><\/em><\/p>\n<h2><strong>1. KR-PK101 l\u00e0m t\u1eeb ch\u1ea5t li\u1ec7u inox SUS304 cao c\u1ea5p<\/strong><\/h2>\n<p>K\u1ec7 x\u00e0 b\u00f4ng KR-PK101 \u0111\u01b0\u1ee3c l\u00e0m b\u1eb1ng inox SUS304 cao c\u1ea5p. \u0110\u00e2y l\u00e0 lo\u1ea1i th\u00e9p kh\u00f4ng g\u1ec9 \u2013 m\u1ed9t lo\u1ea1i h\u1ee3p kim c\u1ee7a s\u1eaft ch\u1ee9a t\u1ed1i thi\u1ec3u 10,5% th\u00e0nh ph\u1ea7n crom. Ch\u1ea5t li\u1ec7u cao c\u1ea5p n\u00e0y c\u00f3 kh\u1ea3 n\u0103ng ch\u1ed1ng \u0103n m\u00f2n tuy\u1ec7t v\u1eddi khi ti\u1ebfp x\u00fac v\u1edbi nhi\u1ec1u lo\u1ea1i h\u00f3a ch\u1ea5t, y\u1ebfu t\u1ed1 t\u00e1c \u0111\u1ed9ng t\u1eeb m\u00f4i tr\u01b0\u1eddng, ch\u1ecbu nhi\u1ec7t t\u1ed1t, kh\u00f4ng b\u1ecb oxy h\u00f3a \u1edf nhi\u1ec7t \u0111\u1ed9 d\u01b0\u1edbi 870 \u0111\u1ed9 C. Ngo\u00e0i ra, inox SUS304 d\u1ec5 gia c\u00f4ng, d\u00e1t m\u1ecfng, t\u1ea1o h\u00ecnh n\u00ean \u0111\u01b0\u1ee3c s\u1eed d\u1ee5ng r\u1ea5t nhi\u1ec1u trong s\u1ea3n xu\u1ea5t c\u00e1c v\u1eadt d\u1ee5ng inox nh\u01b0 xoong, ch\u1ea3o, b\u1ed3n n\u01b0\u1edbc, th\u00eca, d\u0129a, b\u00e0n gh\u1ebf,\u2026<\/p>\n<p>K\u1ec7 x\u00e0 b\u00f4ng KR-PK101 c\u00f3 \u0111\u1ea7y \u0111\u1ee7 t\u00ednh n\u0103ng \u01b0u vi\u1ec7t c\u1ee7a inox SUS304 nh\u01b0 \u0111\u1ed9 b\u1ec1n cao, ch\u1ecbu nhi\u1ec7t t\u1ed1t, ch\u1ed1ng \u0103n m\u00f2n trong nhi\u1ec1u m\u00f4i tr\u01b0\u1eddng, k\u1ec3 c\u1ea3 m\u00f4i tr\u01b0\u1eddng kh\u1eafc nghi\u1ec7t.<\/p>\n<h2><strong>2. KR-PK101 c\u00f3 thi\u1ebft k\u1ebf hi\u1ec7n \u0111\u1ea1i, sang tr\u1ecdng<\/strong><\/h2>\n<p>K\u1ec7 x\u00e0 b\u00f4ng KR-PK101 c\u00f3 v\u1ebb ngo\u00e0i b\u1eaft m\u1eaft, thi\u1ebft k\u1ebf \u0111\u1ed9c \u0111\u00e1o t\u1ea1o n\u00e9t hi\u1ec7n \u0111\u1ea1i, sang tr\u1ecdng cho c\u0103n ph\u00f2ng. S\u1ea3n ph\u1ea9m ph\u00f9 h\u1ee3p v\u1edbi m\u1ecdi kh\u00f4ng gian ph\u00f2ng t\u1eafm, t\u1eeb ph\u00f2ng t\u1eafm nh\u1ecf c\u1ee7a gia \u0111\u00ecnh cho \u0111\u1ebfn c\u00e1c ph\u00f2ng l\u1edbn t\u1ea1i kh\u00e1ch s\u1ea1n, nh\u00e0 h\u00e0ng, t\u00f2a nh\u00e0 l\u1edbn, trung t\u00e2m th\u01b0\u01a1ng m\u1ea1i, \u2026<\/p>\n<p><img loading=\"lazy\" decoding=\"async\" class=\"aligncenter wp-image-6693 size-full lazyloaded\" title=\"K\u1ec7 x\u00e0 b\u00f4ng KR-PK101\" src=\"https:\/\/korest.vn\/wp-content\/uploads\/2022\/01\/Ke-xa-bong-KR-PK101.jpg\" sizes=\"auto, (max-width: 600px) 100vw, 600px\" srcset=\"https:\/\/korest.vn\/wp-content\/uploads\/2022\/01\/Ke-xa-bong-KR-PK101.jpg?v=1665629466 600w, https:\/\/korest.vn\/wp-content\/uploads\/2022\/01\/Ke-xa-bong-KR-PK101-375x375.jpg?v=1665629466 375w, https:\/\/korest.vn\/wp-content\/uploads\/2022\/01\/Ke-xa-bong-KR-PK101-575x575.jpg?v=1665629466 575w, https:\/\/korest.vn\/wp-content\/uploads\/2022\/01\/Ke-xa-bong-KR-PK101-150x150.jpg?v=1665629466 150w\" alt=\"K\u1ec7 x\u00e0 b\u00f4ng KR-PK101\" width=\"600\" height=\"600\" data-ll-status=\"loaded\" \/><\/p>\n<p>&nbsp;<\/p>\n<p><em>K\u1ec7 x\u00e0 b\u00f4ng KR-PK101 \u0111\u01b0\u1ee3c thi\u1ebft k\u1ebf theo phong c\u00e1ch hi\u1ec7n \u0111\u1ea1i, sang tr\u1ecdng<\/em><\/p>\n","protected":false},"excerpt":{"rendered":"<p class=\"code-pro f_roboto font16 line_h28 cl_99 mb-4\">M\u00e3 s\u1ea3n ph\u1ea9m: KR-PK101<\/p>\n<div class=\"meta-script s-content f_roboto font16 line_30 cl_33 pro_detai_s_content\">\n<p>&#8211; Ch\u1ea5t li\u1ec7u inox SUS304 cao c\u1ea5p s\u00e1ng b\u00f3ng, h\u1ea1n ch\u1ebf b\u00e1m b\u1ea9n, ch\u1ed1ng \u0103n m\u00f2n, ch\u1ecbu nhi\u1ec7t t\u1ed1t, \u0111\u1ed9 b\u1ec1n cao<\/p>\n<p>&#8211; Khay \u0111\u1ef1ng ch\u1eafc ch\u1eafn, kh\u00f4ng lo x\u00e0 ph\u00f2ng tr\u01b0\u1ee3t ra ngo\u00e0i<\/p>\n<p>&#8211; Thi\u1ebft k\u1ebf hi\u1ec7n \u0111\u1ea1i, sang tr\u1ecdng, nh\u1ecf nh\u1ecdn, ti\u1ec7n nghi trong m\u1ecdi kh\u00f4ng gian<\/p>\n<\/div>\n","protected":false},"featured_media":3950,"comment_status":"open","ping_status":"closed","template":"","meta":[],"product_brand":[],"product_cat":[18,31],"product_tag":[],"class_list":{"0":"post-3949","1":"product","2":"type-product","3":"status-publish","4":"has-post-thumbnail","6":"product_cat-thiet-bi-ve-sinh","7":"product_cat-phu-kien-phong-tam","9":"first","10":"instock","11":"shipping-taxable","12":"product-type-simple"},"_links":{"self":[{"href":"https:\/\/nhadepbepxinh.com.vn\/index.php?rest_route=\/wp\/v2\/product\/3949","targetHints":{"allow":["GET"]}}],"collection":[{"href":"https:\/\/nhadepbepxinh.com.vn\/index.php?rest_route=\/wp\/v2\/product"}],"about":[{"href":"https:\/\/nhadepbepxinh.com.vn\/index.php?rest_route=\/wp\/v2\/types\/product"}],"replies":[{"embeddable":true,"href":"https:\/\/nhadepbepxinh.com.vn\/index.php?rest_route=%2Fwp%2Fv2%2Fcomments&post=3949"}],"wp:featuredmedia":[{"embeddable":true,"href":"https:\/\/nhadepbepxinh.com.vn\/index.php?rest_route=\/wp\/v2\/media\/3950"}],"wp:attachment":[{"href":"https:\/\/nhadepbepxinh.com.vn\/index.php?rest_route=%2Fwp%2Fv2%2Fmedia&parent=3949"}],"wp:term":[{"taxonomy":"product_brand","embeddable":true,"href":"https:\/\/nhadepbepxinh.com.vn\/index.php?rest_route=%2Fwp%2Fv2%2Fproduct_brand&post=3949"},{"taxonomy":"product_cat","embeddable":true,"href":"https:\/\/nhadepbepxinh.com.vn\/index.php?rest_route=%2Fwp%2Fv2%2Fproduct_cat&post=3949"},{"taxonomy":"product_tag","embeddable":true,"href":"https:\/\/nhadepbepxinh.com.vn\/index.php?rest_route=%2Fwp%2Fv2%2Fproduct_tag&post=3949"}],"curies":[{"name":"wp","href":"https:\/\/api.w.org\/{rel}","templated":true}]}}