{"id":3939,"date":"2025-04-06T15:40:51","date_gmt":"2025-04-06T08:40:51","guid":{"rendered":"https:\/\/nhadepbepxinh.com.vn\/?post_type=product&#038;p=3939"},"modified":"2025-04-06T15:40:51","modified_gmt":"2025-04-06T08:40:51","slug":"lo-giay-kin-korest-kr-pk604","status":"publish","type":"product","link":"https:\/\/nhadepbepxinh.com.vn\/?product=lo-giay-kin-korest-kr-pk604","title":{"rendered":"L\u00d4 GI\u00c2\u0301Y KI\u0301N KOREST KR-PK604"},"content":{"rendered":"<h2><strong>1. KR-PK604 l\u00e0m t\u1eeb ch\u1ea5t li\u1ec7u inox SUS304 cao c\u1ea5p<\/strong><\/h2>\n<p>L\u00f4 gi\u1ea5y KR-PK604 \u0111\u01b0\u1ee3c l\u00e0m b\u1eb1ng inox SUS304 cao c\u1ea5p. \u0110\u00e2y l\u00e0 lo\u1ea1i th\u00e9p kh\u00f4ng g\u1ec9 \u2013 m\u1ed9t lo\u1ea1i h\u1ee3p kim c\u1ee7a s\u1eaft ch\u1ee9a t\u1ed1i thi\u1ec3u 10,5% th\u00e0nh ph\u1ea7n crom. Ch\u1ea5t li\u1ec7u cao c\u1ea5p n\u00e0y c\u00f3 kh\u1ea3 n\u0103ng ch\u1ed1ng \u0103n m\u00f2n tuy\u1ec7t v\u1eddi khi ti\u1ebfp x\u00fac v\u1edbi nhi\u1ec1u lo\u1ea1i h\u00f3a ch\u1ea5t, y\u1ebfu t\u1ed1 t\u00e1c \u0111\u1ed9ng t\u1eeb m\u00f4i tr\u01b0\u1eddng, ch\u1ecbu nhi\u1ec7t t\u1ed1t, kh\u00f4ng b\u1ecb oxy h\u00f3a \u1edf nhi\u1ec7t \u0111\u1ed9 d\u01b0\u1edbi 870 \u0111\u1ed9 C. Ngo\u00e0i ra, inox SUS304 d\u1ec5 gia c\u00f4ng, d\u00e1t m\u1ecfng, t\u1ea1o h\u00ecnh n\u00ean \u0111\u01b0\u1ee3c s\u1eed d\u1ee5ng r\u1ea5t nhi\u1ec1u trong s\u1ea3n xu\u1ea5t c\u00e1c v\u1eadt d\u1ee5ng inox nh\u01b0 xoong, ch\u1ea3o, b\u1ed3n n\u01b0\u1edbc, th\u00eca, d\u0129a, b\u00e0n gh\u1ebf,\u2026<\/p>\n<p>L\u00f4 gi\u1ea5y KR-PK604 c\u00f3 \u0111\u1ea7y \u0111\u1ee7 t\u00ednh n\u0103ng \u01b0u vi\u1ec7t c\u1ee7a inox SUS304 nh\u01b0 \u0111\u1ed9 b\u1ec1n cao, ch\u1ecbu nhi\u1ec7t t\u1ed1t, ch\u1ed1ng \u0103n m\u00f2n trong nhi\u1ec1u m\u00f4i tr\u01b0\u1eddng, k\u1ec3 c\u1ea3 m\u00f4i tr\u01b0\u1eddng kh\u1eafc nghi\u1ec7t.<\/p>\n<h2><strong>2. KR-PK604 c\u00f3 thi\u1ebft k\u1ebf hi\u1ec7n \u0111\u1ea1i, sang tr\u1ecdng<\/strong><\/h2>\n<p>L\u00f4 gi\u1ea5y KR-PK604 c\u00f3 v\u1ebb ngo\u00e0i b\u1eaft m\u1eaft, thi\u1ebft k\u1ebf \u0111\u1ed9c \u0111\u00e1o t\u1ea1o n\u00e9t hi\u1ec7n \u0111\u1ea1i, sang tr\u1ecdng cho c\u0103n ph\u00f2ng. S\u1ea3n ph\u1ea9m ph\u00f9 h\u1ee3p v\u1edbi m\u1ecdi kh\u00f4ng gian ph\u00f2ng t\u1eafm, t\u1eeb ph\u00f2ng t\u1eafm nh\u1ecf c\u1ee7a gia \u0111\u00ecnh cho \u0111\u1ebfn c\u00e1c ph\u00f2ng l\u1edbn t\u1ea1i kh\u00e1ch s\u1ea1n, nh\u00e0 h\u00e0ng, t\u00f2a nh\u00e0 l\u1edbn, trung t\u00e2m th\u01b0\u01a1ng m\u1ea1i, \u2026<\/p>\n<figure id=\"attachment_7889\" class=\"wp-caption aligncenter\" aria-describedby=\"caption-attachment-7889\"><img loading=\"lazy\" decoding=\"async\" class=\"size-full wp-image-7889 lazyloaded\" src=\"https:\/\/korest.vn\/wp-content\/uploads\/2023\/06\/lo-giay-kin-KR-PK604.jpg\" sizes=\"auto, (max-width: 1000px) 100vw, 1000px\" srcset=\"https:\/\/korest.vn\/wp-content\/uploads\/2023\/06\/lo-giay-kin-KR-PK604.jpg 1000w, https:\/\/korest.vn\/wp-content\/uploads\/2023\/06\/lo-giay-kin-KR-PK604-375x375.jpg 375w, https:\/\/korest.vn\/wp-content\/uploads\/2023\/06\/lo-giay-kin-KR-PK604-575x575.jpg 575w, https:\/\/korest.vn\/wp-content\/uploads\/2023\/06\/lo-giay-kin-KR-PK604-150x150.jpg 150w\" alt=\"L\u00f4 gi\u1ea5y k\u00edn KR-PK604\" width=\"1000\" height=\"1000\" data-ll-status=\"loaded\" \/><figcaption id=\"caption-attachment-7889\" class=\"wp-caption-text\"><em>L\u00f4 gi\u1ea5y k\u00edn KR-PK604<\/em><\/figcaption><\/figure>\n","protected":false},"excerpt":{"rendered":"<p>&#8211; Ch\u1ea5t li\u1ec7u inox SUS304 cao c\u1ea5p s\u00e1ng b\u00f3ng, h\u1ea1n ch\u1ebf b\u00e1m b\u1ea9n, ch\u1ed1ng \u0103n m\u00f2n, ch\u1ecbu nhi\u1ec7t t\u1ed1t, \u0111\u1ed9 b\u1ec1n cao<\/p>\n<p>&#8211; K\u1ec7 ch\u1eafc ch\u1eafn, kh\u00f4ng lo r\u01a1i ly ra ngo\u00e0i<\/p>\n<p>&#8211; M\u1ea1 niken-crom s\u00e1ng b\u00f3ng<\/p>\n<p>&#8211; Thi\u1ebft k\u1ebf hi\u1ec7n \u0111\u1ea1i, sang tr\u1ecdng, nh\u1ecf nh\u1ecdn, ti\u1ec7n nghi trong m\u1ecdi kh\u00f4ng gian<\/p>\n<p>&#8211; B\u1ea3o h\u00e0nh 3 n\u0103m<\/p>\n","protected":false},"featured_media":3940,"comment_status":"open","ping_status":"closed","template":"","meta":[],"product_brand":[],"product_cat":[18,31],"product_tag":[],"class_list":{"0":"post-3939","1":"product","2":"type-product","3":"status-publish","4":"has-post-thumbnail","6":"product_cat-thiet-bi-ve-sinh","7":"product_cat-phu-kien-phong-tam","9":"first","10":"instock","11":"shipping-taxable","12":"product-type-simple"},"_links":{"self":[{"href":"https:\/\/nhadepbepxinh.com.vn\/index.php?rest_route=\/wp\/v2\/product\/3939","targetHints":{"allow":["GET"]}}],"collection":[{"href":"https:\/\/nhadepbepxinh.com.vn\/index.php?rest_route=\/wp\/v2\/product"}],"about":[{"href":"https:\/\/nhadepbepxinh.com.vn\/index.php?rest_route=\/wp\/v2\/types\/product"}],"replies":[{"embeddable":true,"href":"https:\/\/nhadepbepxinh.com.vn\/index.php?rest_route=%2Fwp%2Fv2%2Fcomments&post=3939"}],"wp:featuredmedia":[{"embeddable":true,"href":"https:\/\/nhadepbepxinh.com.vn\/index.php?rest_route=\/wp\/v2\/media\/3940"}],"wp:attachment":[{"href":"https:\/\/nhadepbepxinh.com.vn\/index.php?rest_route=%2Fwp%2Fv2%2Fmedia&parent=3939"}],"wp:term":[{"taxonomy":"product_brand","embeddable":true,"href":"https:\/\/nhadepbepxinh.com.vn\/index.php?rest_route=%2Fwp%2Fv2%2Fproduct_brand&post=3939"},{"taxonomy":"product_cat","embeddable":true,"href":"https:\/\/nhadepbepxinh.com.vn\/index.php?rest_route=%2Fwp%2Fv2%2Fproduct_cat&post=3939"},{"taxonomy":"product_tag","embeddable":true,"href":"https:\/\/nhadepbepxinh.com.vn\/index.php?rest_route=%2Fwp%2Fv2%2Fproduct_tag&post=3939"}],"curies":[{"name":"wp","href":"https:\/\/api.w.org\/{rel}","templated":true}]}}