{"id":3929,"date":"2025-04-06T15:29:06","date_gmt":"2025-04-06T08:29:06","guid":{"rendered":"https:\/\/nhadepbepxinh.com.vn\/?post_type=product&#038;p=3929"},"modified":"2025-04-06T15:29:06","modified_gmt":"2025-04-06T08:29:06","slug":"voi-chau-rua-bat-korest-k6001","status":"publish","type":"product","link":"https:\/\/nhadepbepxinh.com.vn\/?product=voi-chau-rua-bat-korest-k6001","title":{"rendered":"VO\u0300I CH\u00c2\u0323U R\u01af\u0309A BA\u0301T KOREST K6001"},"content":{"rendered":"<p><strong>3 l\u00fd do n\u00ean s\u1eafm ngay v\u00f2i r\u1eeda b\u00e1t \u0111\u1ed3ng n\u00f3ng l\u1ea1nh K6001<\/strong><\/p>\n<p>H\u00e3y h\u00f4 bi\u1ebfn kh\u00f4ng gian nh\u00e0 b\u1ebfp th\u00e0nh g\u00f3c y\u00eau th\u01b0\u01a1ng c\u00f9ng\u00a0<strong>v\u00f2i r\u1eeda b\u00e1t \u0111\u1ed3ng n\u00f3ng l\u1ea1nh K6001.\u00a0<\/strong>Ch\u1eafc ch\u1eafn b\u1ea1n s\u1ebd h\u00e0i l\u00f2ng khi s\u1edf h\u1eefu\u00a0<strong>v\u00f2i r\u1eeda b\u00e1t \u0111\u1ed3ng n\u00f3ng l\u1ea1nh K6001<\/strong><strong>.<\/strong><\/p>\n<p>V\u00f2i r\u1eeda b\u00e1t l\u00e0 m\u1ed9t trong nh\u1eefng thi\u1ebft b\u1ecb nh\u00e0 b\u1ebfp \u0111\u1eb7c bi\u1ec7t quan tr\u1ecdng. \u0110\u1ec3 l\u1ef1a ch\u1ecdn \u0111\u01b0\u1ee3c v\u00f2i r\u1eeda b\u00e1t \u01b0ng \u00fd, ng\u01b0\u1eddi ti\u00eau d\u00f9ng lu\u00f4n d\u1ef1a v\u00e0o r\u1ea5t nhi\u1ec1u ti\u00eau ch\u00ed kh\u1eaft khe. Th\u00f4ng tin kh\u1ea3o s\u00e1t t\u1eeb c\u00e1c \u0111\u1ea1i l\u00fd ph\u00e2n ph\u1ed1i\u00a0<strong>thi\u1ebft b\u1ecb v\u1ec7 sinh KOREST<\/strong>, ng\u01b0\u1eddi ti\u00eau d\u00f9ng \u01b0u ti\u00ean s\u1eed d\u1ee5ng\u00a0<strong>v\u00f2i r\u1eeda b\u00e1t \u0111\u1ed3ng n\u00f3ng l\u1ea1nh K6001\u00a0<\/strong>kh\u00f4ng ch\u1ec9 ch\u1ea5t l\u01b0\u1ee3ng \u0111\u1ea3m b\u1ea3o m\u00e0 nhi\u1ec1u t\u00ednh n\u0103ng n\u1ed5i b\u1eadt v\u00e0 gi\u00e1 th\u00e0nh h\u1ee3p l\u00fd.<\/p>\n<h2><strong>1. Ch\u1ea5t l\u01b0\u1ee3ng v\u00f2i r\u1eeda b\u00e1t \u0111\u1ed3ng n\u00f3ng l\u1ea1nh K6001<\/strong><\/h2>\n<p>Khu v\u1ef1c nh\u00e0 b\u1ebfp l\u00e0 n\u01a1i ti\u1ebfp x\u00fac nhi\u1ec1u nh\u1ea5t v\u1edbi ch\u1ea5t t\u1ea9y r\u1eeda, d\u1ea7u m\u1ee1, c\u0169ng l\u00e0 n\u01a1i r\u1eeda tay, r\u1eeda th\u1ef1c ph\u1ea9m tr\u01b0\u1edbc khi ch\u1ebf bi\u1ebfn, r\u1eeda b\u00e1t \u0111\u0129a sau m\u1ed7i b\u1eefa \u0103n,\u2026 Ch\u00ednh v\u00ec th\u1ebf, vi\u1ec7c l\u1ef1a ch\u1ecdn lo\u1ea1i v\u00f2i r\u1eeda b\u00e1t an to\u00e0n cho s\u1ee9c kh\u1ecfe, b\u1ec1n v\u1edbi th\u1eddi gian r\u1ea5t quan tr\u1ecdng.<\/p>\n<p>B\u1edfi v\u1eady, y\u00eau c\u1ea7u ti\u00ean quy\u1ebft v\u1edbi\u00a0<strong>v\u00f2i r\u1eeda b\u00e1t \u0111\u1ed3ng n\u00f3ng l\u1ea1nh K6001\u00a0<\/strong>l\u00e0\u00a0\u0111\u01b0\u1ee3c t\u1ea1o n\u00ean t\u1eeb \u0111\u1ed3ng cao c\u1ea5p kh\u00f4ng ch\u1ee9a kim lo\u1ea1i n\u1eb7ng. Ngu\u1ed3n n\u01b0\u1edbc ch\u1ea3y ra t\u1eeb\u00a0<strong>v\u00f2i r\u1eeda b\u00e1t \u0111\u1ed3ng n\u00f3ng l\u1ea1nh K6001\u00a0<\/strong>s\u1ebd \u0111\u01b0\u1ee3c \u0111\u1ea3m b\u1ea3o s\u1ea1ch, an to\u00e0n v\u00e0 th\u00e2n thi\u1ec7n v\u1edbi thi\u00ean nhi\u00ean.<\/p>\n<p><img loading=\"lazy\" decoding=\"async\" class=\"aligncenter wp-image-6772 size-full lazyloaded\" title=\"V\u00f2i r\u1eeda b\u00e1t \u0111\u1ed3ng n\u00f3ng l\u1ea1nh K6001\" src=\"https:\/\/korest.vn\/wp-content\/uploads\/2022\/01\/Voi-rua-bat-dong-nong-lanh-K6001.jpg\" sizes=\"auto, (max-width: 600px) 100vw, 600px\" srcset=\"https:\/\/korest.vn\/wp-content\/uploads\/2022\/01\/Voi-rua-bat-dong-nong-lanh-K6001.jpg?v=1666402044 600w, https:\/\/korest.vn\/wp-content\/uploads\/2022\/01\/Voi-rua-bat-dong-nong-lanh-K6001-375x375.jpg?v=1666402044 375w, https:\/\/korest.vn\/wp-content\/uploads\/2022\/01\/Voi-rua-bat-dong-nong-lanh-K6001-575x575.jpg?v=1666402044 575w, https:\/\/korest.vn\/wp-content\/uploads\/2022\/01\/Voi-rua-bat-dong-nong-lanh-K6001-150x150.jpg?v=1666402044 150w\" alt=\"V\u00f2i r\u1eeda b\u00e1t \u0111\u1ed3ng n\u00f3ng l\u1ea1nh K6001\" width=\"600\" height=\"600\" data-ll-status=\"loaded\" \/><\/p>\n<p><em>V\u00f2i r\u1eeda b\u00e1t n\u00f3ng l\u1ea1nh K6001<\/em><\/p>\n<p>Kh\u00f4ng ch\u1ec9 th\u1ebf, ch\u1ea5t li\u1ec7u \u0111\u1ed3ng c\u00f2n mang l\u1ea1i s\u1ef1 \u0111\u1eb3ng c\u1ea5p cho\u00a0<strong>v\u00f2i r\u1eeda b\u00e1t n\u00f3ng l\u1ea1nh K6001\u00a0<\/strong>nh\u1edd \u0111\u00f3 s\u1ea3n ph\u1ea9m d\u1ec5 d\u00e0ng th\u00edch nghi v\u1edbi m\u1ecdi kh\u00f4ng gian nh\u00e0 b\u1ebfp, t\u1ea1o s\u1ef1 h\u00e0i h\u00f2a n\u1ed9i th\u1ea5t b\u1eaft m\u1eaft ng\u01b0\u1eddi \u0111\u1ed1i di\u1ec7n.<\/p>\n<h2><strong>2. Thi\u1ebft k\u1ebf v\u00f2i r\u1eeda b\u00e1t \u0111\u1ed3ng n\u00f3ng l\u1ea1nh K6001 ti\u1ec7n d\u1ee5ng<\/strong><\/h2>\n<p>S\u1ea3n ph\u1ea9m\u00a0<strong>v\u00f2i r\u1eeda b\u00e1t \u0111\u1ed3ng n\u00f3ng l\u1ea1nh K6001<\/strong>\u00a0v\u1eeba b\u1ea3o \u0111\u1ea3m s\u1ef1 thu\u1eadn l\u1ee3i cho ng\u01b0\u1eddi n\u1ed9i tr\u1ee3, v\u1eeba \u0111em l\u1ea1i c\u1ea3m gi\u00e1c sang tr\u1ecdng cho c\u1ea3 gian b\u1ebfp nh\u1edd thi\u1ebft \u0111\u01a1n gi\u1ea3n v\u00e0 ti\u1ec7n d\u1ee5ng.<\/p>\n<p>Nh\u1eefng \u0111\u01b0\u1eddng cong m\u1ec1m m\u1ea1i \u0111\u00e3 th\u1ec3 hi\u1ec7n ho\u00e0n h\u1ea3o tinh th\u1ea7n c\u00e1ch t\u00e2n s\u00e1ng t\u1ea1o c\u1ee7a\u00a0<strong>v\u00f2i r\u1eeda b\u00e1t \u0111\u1ed3ng n\u00f3ng l\u1ea1nh K6001.\u00a0<\/strong>T\u1ed5ng th\u1ec3 s\u1ea3n ph\u1ea9m nh\u1ecf g\u1ecdn nh\u01b0 m\u1ed9t ph\u1ee5 ki\u1ec7n trang tr\u00ed \u1ea5n t\u01b0\u1ee3ng, chi\u1ebfm kh\u00f4ng gian nh\u1ecf trong nh\u00e0 b\u1ebfp nh\u01b0ng l\u1ea1i l\u00e0\u00a0<strong>thi\u1ebft b\u1ecb v\u1ec7 sinh nh\u00e0 b\u1ebfp<\/strong>\u00a0kh\u00f4ng th\u1ec3 thi\u1ebfu<\/p>\n<p><img loading=\"lazy\" decoding=\"async\" class=\"aligncenter wp-image-6775 size-full lazyloaded\" title=\"V\u00f2i r\u1eeda b\u00e1t \u0111\u1ed3ng n\u00f3ng l\u1ea1nh K6001\" src=\"https:\/\/korest.vn\/wp-content\/uploads\/2022\/01\/Voi-rua-bat-dong-nong-lanh-K6001-2.jpg\" sizes=\"auto, (max-width: 600px) 100vw, 600px\" srcset=\"https:\/\/korest.vn\/wp-content\/uploads\/2022\/01\/Voi-rua-bat-dong-nong-lanh-K6001-2.jpg?v=1666402113 600w, https:\/\/korest.vn\/wp-content\/uploads\/2022\/01\/Voi-rua-bat-dong-nong-lanh-K6001-2-375x250.jpg?v=1666402113 375w, https:\/\/korest.vn\/wp-content\/uploads\/2022\/01\/Voi-rua-bat-dong-nong-lanh-K6001-2-575x383.jpg?v=1666402113 575w\" alt=\"V\u00f2i r\u1eeda b\u00e1t \u0111\u1ed3ng n\u00f3ng l\u1ea1nh K6001\" width=\"600\" height=\"400\" data-ll-status=\"loaded\" \/><\/p>\n<p>S\u1eed d\u1ee5ng\u00a0<strong>v\u00f2i r\u1eeda b\u00e1t \u0111\u1ed3ng n\u00f3ng l\u1ea1nh K6001,\u00a0<\/strong>n\u1ea5u \u0103n tr\u1edf th\u00e0nh ni\u1ec1m \u0111am m\u00ea v\u00f4 t\u1eadn k\u1ec3 c\u1ea3 m\u00f9a \u0111\u00f4ng l\u1ea1nh gi\u00e1. B\u00ed m\u1eadt n\u1eb1m \u1edf\u00a0<strong>v\u00f2i r\u1eeda b\u00e1t \u0111\u1ed3ng n\u00f3ng l\u1ea1nh K6001\u00a0<\/strong>cung c\u1ea5p ch\u1ee9c n\u0103ng n\u00f3ng \u2013 l\u1ea1nh. C\u1ee5 th\u1ec3,\u00a0<strong>v\u00f2i r\u1eeda b\u00e1t \u0111\u1ed3ng n\u00f3ng l\u1ea1nh K6001\u00a0<\/strong>l\u00e0 lo\u1ea1i v\u00f2i t\u00edch h\u1ee3p c\u1ea3 hai \u0111\u01b0\u1eddng \u1ed1ng d\u1eabn n\u01b0\u1edbc l\u1ea1nh v\u00e0 n\u00f3ng v\u00e0 c\u00f3 ch\u1ebf \u0111\u1ed9 ch\u1ec9nh d\u1ec5 d\u00e0ng.<\/p>\n<p><img loading=\"lazy\" decoding=\"async\" class=\"aligncenter wp-image-6776 size-full lazyloaded\" title=\"V\u00f2i r\u1eeda b\u00e1t \u0111\u1ed3ng n\u00f3ng l\u1ea1nh K6001\" src=\"https:\/\/korest.vn\/wp-content\/uploads\/2022\/01\/Voi-rua-bat-dong-nong-lanh-K6001-1.jpg\" sizes=\"auto, (max-width: 600px) 100vw, 600px\" srcset=\"https:\/\/korest.vn\/wp-content\/uploads\/2022\/01\/Voi-rua-bat-dong-nong-lanh-K6001-1.jpg?v=1666402207 600w, https:\/\/korest.vn\/wp-content\/uploads\/2022\/01\/Voi-rua-bat-dong-nong-lanh-K6001-1-375x250.jpg?v=1666402207 375w, https:\/\/korest.vn\/wp-content\/uploads\/2022\/01\/Voi-rua-bat-dong-nong-lanh-K6001-1-575x383.jpg?v=1666402207 575w\" alt=\"V\u00f2i r\u1eeda b\u00e1t \u0111\u1ed3ng n\u00f3ng l\u1ea1nh K6001\" width=\"600\" height=\"400\" data-ll-status=\"loaded\" \/><\/p>\n<p>&nbsp;<\/p>\n<h2><strong>3. B\u1ea3o h\u00e0nh v\u00f2i r\u1eeda b\u00e1t \u0111\u1ed3ng n\u00f3ng l\u1ea1nh K6001 \u0111\u01a1n gi\u1ea3n<\/strong><\/h2>\n<p>C\u00f4ng ngh\u1ec7 b\u1ea3o h\u00e0nh\u00a0<strong>v\u00f2i r\u1eeda b\u00e1t \u0111\u1ed3ng n\u00f3ng l\u1ea1nh K6001\u00a0<\/strong>b\u1eb1ng \u0111i\u1ec7n t\u1eed thay th\u1ebf ph\u01b0\u01a1ng th\u1ee9c b\u1ea3o h\u00e0nh\u00a0<strong>thi\u1ebft b\u1ecb v\u1ec7 sinh<\/strong>\u00a0truy\u1ec1n th\u1ed1ng h\u1ed7 tr\u1ee3 kh\u00e1ch h\u00e0ng \u0111\u01a1n gi\u1ea3n h\u00f3a th\u1ee7 t\u1ee5c.<\/p>\n<p>Ch\u1ec9 b\u1eb1ng tin nh\u1eafn k\u00edch ho\u1ea1t b\u1ea3o h\u00e0nh, kh\u00e1ch h\u00e0ng nh\u1eadn v\u1ec1 \u0111\u1ea7y \u0111\u1ee7 th\u00f4ng tin c\u1ee7a\u00a0<strong>v\u00f2i r\u1eeda b\u00e1t \u0111\u1ed3ng n\u00f3ng l\u1ea1nh K6001\u00a0<\/strong>nh\u01b0 m\u00e3 s\u1ea3n ph\u1ea9m, th\u1eddi gian b\u1ea3o h\u00e0nh, \u0111\u1ea1i l\u00fd ph\u00e2n ph\u1ed1i,\u2026 Tin nh\u1eafn c\u00f2n gi\u00fap kh\u00e1ch h\u00e0ng ph\u00e2n bi\u1ec7t<strong>\u00a0thi\u1ebft b\u1ecb v\u1ec7 sinh<\/strong>\u00a0h\u00e0ng gi\u1ea3, h\u00e0ng nh\u00e1i th\u01b0\u01a1ng hi\u1ec7u KOREST \u0111\u1ed3ng th\u1eddi b\u1ea3o v\u1ec7 th\u01b0\u01a1ng hi\u1ec7u \u0111\u1ea1i l\u00fd ph\u00e2n ph\u1ed1i\u00a0<strong>thi\u1ebft b\u1ecb v\u1ec7 sinh KOREST<\/strong>\u00a0tr\u00ean to\u00e0n qu\u1ed1c.<\/p>\n","protected":false},"excerpt":{"rendered":"<p class=\"code-pro f_roboto font16 line_h28 cl_99 mb-4\">M\u00e3 s\u1ea3n ph\u1ea9m: K6001<\/p>\n<div class=\"meta-script s-content f_roboto font16 line_30 cl_33 pro_detai_s_content\">\n<p>&#8211; Lo\u1ea1i: V\u00f2i r\u1eeda b\u00e1t n\u00f3ng l\u1ea1nh, c\u1eafm ch\u1eadu<br \/>\n&#8211; Lo\u1ea1i c\u1ea7n: C\u1ea7n c\u1ee9ng<br \/>\n&#8211; Ch\u1ea5t li\u1ec7u: \u0110\u1ed3ng m\u1ea1 Crom<br \/>\n&#8211; B\u1ea3o h\u00e0nh s\u1ea3n ph\u1ea9m: 2 n\u0103m<\/p>\n<\/div>\n","protected":false},"featured_media":3930,"comment_status":"open","ping_status":"closed","template":"","meta":[],"product_brand":[],"product_cat":[17,115],"product_tag":[],"class_list":{"0":"post-3929","1":"product","2":"type-product","3":"status-publish","4":"has-post-thumbnail","6":"product_cat-voi-rua-bat","7":"product_cat-korest","9":"first","10":"instock","11":"shipping-taxable","12":"product-type-simple"},"_links":{"self":[{"href":"https:\/\/nhadepbepxinh.com.vn\/index.php?rest_route=\/wp\/v2\/product\/3929","targetHints":{"allow":["GET"]}}],"collection":[{"href":"https:\/\/nhadepbepxinh.com.vn\/index.php?rest_route=\/wp\/v2\/product"}],"about":[{"href":"https:\/\/nhadepbepxinh.com.vn\/index.php?rest_route=\/wp\/v2\/types\/product"}],"replies":[{"embeddable":true,"href":"https:\/\/nhadepbepxinh.com.vn\/index.php?rest_route=%2Fwp%2Fv2%2Fcomments&post=3929"}],"wp:featuredmedia":[{"embeddable":true,"href":"https:\/\/nhadepbepxinh.com.vn\/index.php?rest_route=\/wp\/v2\/media\/3930"}],"wp:attachment":[{"href":"https:\/\/nhadepbepxinh.com.vn\/index.php?rest_route=%2Fwp%2Fv2%2Fmedia&parent=3929"}],"wp:term":[{"taxonomy":"product_brand","embeddable":true,"href":"https:\/\/nhadepbepxinh.com.vn\/index.php?rest_route=%2Fwp%2Fv2%2Fproduct_brand&post=3929"},{"taxonomy":"product_cat","embeddable":true,"href":"https:\/\/nhadepbepxinh.com.vn\/index.php?rest_route=%2Fwp%2Fv2%2Fproduct_cat&post=3929"},{"taxonomy":"product_tag","embeddable":true,"href":"https:\/\/nhadepbepxinh.com.vn\/index.php?rest_route=%2Fwp%2Fv2%2Fproduct_tag&post=3929"}],"curies":[{"name":"wp","href":"https:\/\/api.w.org\/{rel}","templated":true}]}}