{"id":3835,"date":"2025-04-06T09:55:46","date_gmt":"2025-04-06T02:55:46","guid":{"rendered":"https:\/\/nhadepbepxinh.com.vn\/?post_type=product&#038;p=3835"},"modified":"2025-04-06T10:22:25","modified_gmt":"2025-04-06T03:22:25","slug":"may-giat-electrolux-ultimatecare-500-inverter-10-kg-ewf1023p5sc","status":"publish","type":"product","link":"https:\/\/nhadepbepxinh.com.vn\/?product=may-giat-electrolux-ultimatecare-500-inverter-10-kg-ewf1023p5sc","title":{"rendered":"M\u00e1y gi\u1eb7t Electrolux UltimateCare 500 Inverter 10 kg EWF1023P5SC"},"content":{"rendered":"<div id=\"feature\" class=\"short-article\">\n<p class=\"short-article__title\"><strong>\u0110\u1eb7c \u0111i\u1ec3m n\u1ed5i b\u1eadt<\/strong><\/p>\n<ul>\n<li><strong>Ch\u1ebf \u0111\u1ed9 Full Wash 45<\/strong>\u00a0gi\u00fap gi\u1eb7t s\u1ea1ch \u0111\u1ea7y t\u1ea3i trong 45 ph\u00fat, ti\u1ebft ki\u1ec7m th\u1eddi gian t\u1ed1i \u0111a.<\/li>\n<li><strong>C\u00f4ng ngh\u1ec7 UltraMix<\/strong>\u00a0h\u00f2a tan ch\u1ea5t gi\u1eb7t t\u1ea9y, \u0111\u1ea3m b\u1ea3o kh\u00f4ng \u0111\u1ec3 l\u1ea1i c\u1eb7n b\u1ed9t gi\u1eb7t tr\u00ean qu\u1ea7n \u00e1o.<\/li>\n<li><strong>C\u00f4ng ngh\u1ec7 Hygienic Care<\/strong>\u00a0lo\u1ea1i b\u1ecf vi khu\u1ea9n v\u00e0 c\u00e1c y\u1ebfu t\u1ed1 g\u00e2y d\u1ecb \u1ee9ng.<\/li>\n<li><strong>Ch\u1ebf \u0111\u1ed9 Sanitise<\/strong>\u00a0s\u1eed d\u1ee5ng n\u01b0\u1edbc n\u00f3ng \u0111\u1ec3 th\u1ef1c hi\u1ec7n chu tr\u00ecnh gi\u1eb7t chuy\u00ean s\u00e2u.<\/li>\n<li><strong>C\u00f4ng ngh\u1ec7 EcoInverter<\/strong>\u00a0v\u1eadn h\u00e0nh \u00eam \u00e1i v\u00e0 ti\u1ebft ki\u1ec7m \u0111i\u1ec7n n\u0103ng hi\u1ec7u qu\u1ea3.<\/li>\n<li><strong>M\u00e1y gi\u1eb7t c\u1eeda tr\u01b0\u1edbc 10 kg<\/strong>\u00a0ph\u00f9 h\u1ee3p v\u1edbi nhu c\u1ea7u gi\u1eb7t gi\u0169 c\u1ee7a gia \u0111\u00ecnh t\u1eeb 5 \u0111\u1ebfn 7 th\u00e0nh vi\u00ean.<\/li>\n<\/ul>\n<\/div>\n<div id=\"tab-spec\" class=\"tabs col1\">\n<h2 id=\"specification\" class=\"tab-link current\" data-tab=\"tab-1\"><strong>Th\u00f4ng s\u1ed1 k\u1ef9 thu\u1eadt<\/strong><\/h2>\n<\/div>\n<div id=\"tab-1\" class=\"specifications tab-content current\">\n<div id=\"specification-img-329610\" class=\"img-main specification-img \"><img decoding=\"async\" class=\" lazyloaded\" src=\"https:\/\/cdnv2.tgdd.vn\/mwg-static\/dmx\/Products\/Images\/1944\/329610\/Kit\/may-giat-electrolux-ultimatecare-500-inverter-10-kg-ewf1023p5sc-note-638756576424378560.jpg\" alt=\"M\u00e1y gi\u1eb7t Electrolux UltimateCare 500 Inverter 10 kg EWF1023P5SC\" data-src=\"https:\/\/cdnv2.tgdd.vn\/mwg-static\/dmx\/Products\/Images\/1944\/329610\/Kit\/may-giat-electrolux-ultimatecare-500-inverter-10-kg-ewf1023p5sc-note-638756576424378560.jpg\" \/><\/div>\n<div id=\"specification-item-329610\" class=\"specification-item \">\n<div class=\"box-specifi\">\n<h3>T\u1ed5ng quan<\/h3>\n<ul class=\"text-specifi active\">\n<li>\n<aside><strong>Lo\u1ea1i m\u00e1y gi\u1eb7t:<\/strong><\/aside>\n<aside>C\u1eeda tr\u01b0\u1edbc<\/aside>\n<\/li>\n<li>\n<aside><strong>L\u1ed3ng gi\u1eb7t:<\/strong><\/aside>\n<aside>L\u1ed3ng ngang<\/aside>\n<\/li>\n<li>\n<aside>Kh\u1ed1i l\u01b0\u1ee3ng gi\u1eb7t:<\/aside>\n<aside><span class=\"\">10 Kg<\/span><\/aside>\n<\/li>\n<li>\n<aside><strong>S\u1ed1 ng\u01b0\u1eddi s\u1eed d\u1ee5ng:<\/strong><\/aside>\n<aside><span class=\"\">T\u1eeb 5 &#8211; 7 ng\u01b0\u1eddi<\/span><\/aside>\n<\/li>\n<li>\n<aside><strong>Ki\u1ec3u \u0111\u1ed9ng c\u01a1:<\/strong><\/aside>\n<aside>Truy\u1ec1n \u0111\u1ed9ng gi\u00e1n ti\u1ebfp (d\u00e2y Curoa)<\/aside>\n<\/li>\n<li>\n<aside><strong>T\u1ed1c \u0111\u1ed9 quay v\u1eaft t\u1ed1i \u0111a:<\/strong><\/aside>\n<aside><span class=\"\">1200 v\u00f2ng\/ph\u00fat<\/span><\/aside>\n<\/li>\n<li>\n<aside><strong>Ch\u1ea5t li\u1ec7u l\u1ed3ng gi\u1eb7t:<\/strong><\/aside>\n<aside><span class=\"\">Th\u00e9p kh\u00f4ng g\u1ec9<\/span><\/aside>\n<\/li>\n<li>\n<aside><strong>Ch\u1ea5t li\u1ec7u v\u1ecf m\u00e1y:<\/strong><\/aside>\n<aside><span class=\"\">Kim lo\u1ea1i s\u01a1n t\u0129nh \u0111i\u1ec7n<\/span><\/aside>\n<\/li>\n<li>\n<aside><strong>Ch\u1ea5t li\u1ec7u c\u1eeda m\u00e1y:<\/strong><\/aside>\n<aside><span class=\"\">Nh\u1ef1a ABS + K\u00ednh c\u01b0\u1eddng l\u1ef1c<\/span><\/aside>\n<\/li>\n<li>\n<aside><strong>S\u1ea3n xu\u1ea5t t\u1ea1i:<\/strong><\/aside>\n<aside><span class=\"\">Th\u00e1i Lan<\/span><\/aside>\n<\/li>\n<li>\n<aside><strong>N\u0103m ra m\u1eaft:<\/strong><\/aside>\n<aside><span class=\"\">2024<\/span><\/aside>\n<\/li>\n<li>\n<aside><strong>Th\u1eddi gian b\u1ea3o h\u00e0nh \u0111\u1ed9ng c\u01a1:<\/strong><\/aside>\n<aside><span class=\"\">10 n\u0103m<\/span><\/aside>\n<\/li>\n<\/ul>\n<\/div>\n<div class=\"box-specifi\">\n<h3>M\u1ee9c ti\u00eau th\u1ee5 \u0111i\u1ec7n n\u0103ng<\/h3>\n<ul class=\"text-specifi active\">\n<li>\n<aside>Hi\u1ec7u su\u1ea5t s\u1eed d\u1ee5ng \u0111i\u1ec7n:<\/aside>\n<aside><span class=\"\">19.1 Wh\/kg<\/span><\/aside>\n<\/li>\n<li>\n<aside><strong>Lo\u1ea1i Inverter:<\/strong><\/aside>\n<aside>C\u00f4ng ngh\u1ec7 EcoInverter<\/aside>\n<\/li>\n<\/ul>\n<\/div>\n<div class=\"box-specifi\">\n<h3>C\u00f4ng ngh\u1ec7 gi\u1eb7t<\/h3>\n<aside><strong>Ch\u01b0\u01a1ng tr\u00ecnh:<\/strong><\/aside>\n<ul>\n<li><span class=\"circle\">\u0110\u1ed3 tr\u1ebb em<\/span><\/li>\n<\/ul>\n<ul class=\"text-specifi active\">\n<li>\n<aside><span class=\"circle\">\u0110\u1ed3 m\u1ecfng v\u00e0 m\u1ec1m<\/span><\/aside>\n<\/li>\n<li>\n<aside><span class=\"circle\">\u0110\u1ed3 th\u1ec3 thao<\/span><\/aside>\n<\/li>\n<li>\n<aside><span class=\"circle\">\u0110\u1ed3 cotton<\/span><\/aside>\n<\/li>\n<li>\n<aside><span class=\"circle\">V\u1ec7 sinh l\u1ed3ng gi\u1eb7t<\/span><\/aside>\n<\/li>\n<li>\n<aside><span class=\"circle\">V\u1eaft<\/span><\/aside>\n<\/li>\n<li>\n<aside><span class=\"circle\">Gi\u1eb7t ti\u1ebft ki\u1ec7m Cotton<\/span><\/aside>\n<\/li>\n<li>\n<aside><span class=\"circle\">Gi\u1eb7t nhanh 15 ph\u00fat<\/span><\/aside>\n<\/li>\n<li>\n<aside><span class=\"circle\">Gi\u0169, x\u1ea3, v\u1eaft<\/span><\/aside>\n<\/li>\n<li>\n<aside><span class=\"circle\">Di\u1ec7t khu\u1ea9n<\/span><\/aside>\n<\/li>\n<li>\n<aside><span class=\"circle\">Ch\u1ebf \u0111\u1ed9 y\u00eau th\u00edch<\/span><\/aside>\n<\/li>\n<li>\n<aside><span class=\"circle\">\u0110\u1ea7y t\u1ea3i 45 ph\u00fat<\/span><\/aside>\n<\/li>\n<li>\n<aside><span class=\"circle\">Gi\u1eb7t ga gi\u01b0\u1eddng<\/span><\/aside>\n<\/li>\n<\/ul>\n<aside><strong>C\u00f4ng ngh\u1ec7 gi\u1eb7t:<\/strong><\/aside>\n<ul>\n<li><span class=\"circle\">Gi\u1eb7t n\u01b0\u1edbc n\u00f3ng<\/span><\/li>\n<\/ul>\n<ul class=\"text-specifi active\">\n<li>\n<aside><span class=\"circle\">Gi\u1eb7t h\u01a1i n\u01b0\u1edbc<\/span><\/aside>\n<\/li>\n<li>\n<aside><span class=\"circle\">C\u00f4ng ngh\u1ec7 Hygienic Care gi\u00fap lo\u1ea1i b\u1ecf vi khu\u1ea9n<\/span><\/aside>\n<\/li>\n<li>\n<aside>C\u00f4ng ngh\u1ec7 UltraMix ho\u00e0 tan n\u01b0\u1edbc gi\u1eb7t hi\u1ec7u qu\u1ea3<\/aside>\n<\/li>\n<\/ul>\n<\/div>\n<div class=\"box-specifi\">\n<h3>B\u1ea3ng \u0111i\u1ec1u khi\u1ec3n v\u00e0 Ti\u1ec7n \u00edch<\/h3>\n<ul class=\"text-specifi active\">\n<li>\n<aside><strong>B\u1ea3ng \u0111i\u1ec1u khi\u1ec3n:<\/strong><\/aside>\n<aside><span class=\"\">Song ng\u1eef Anh &#8211; Vi\u1ec7t c\u00f3 n\u00fam xoay, c\u1ea3m \u1ee9ng v\u00e0 m\u00e0n h\u00ecnh hi\u1ec3n th\u1ecb<\/span><\/aside>\n<\/li>\n<li>\n<aside><strong>Ti\u1ec7n \u00edch:<\/strong><\/aside>\n<aside><span class=\"circle\">X\u1ea3 th\u00eam<\/span><\/aside>\n<\/li>\n<li>\n<aside><span class=\"circle\">Tr\u00ec ho\u00e3n k\u1ebft th\u00fac<\/span><\/aside>\n<\/li>\n<li>\n<aside>Th\u00eam qu\u1ea7n \u00e1o khi m\u00e1y \u0111ang gi\u1eb7t<\/aside>\n<\/li>\n<li>\n<aside><span class=\"circle\">Ng\u00e2m<\/span><\/aside>\n<\/li>\n<li>\n<aside><span class=\"circle\">L\u01b0u ch\u01b0\u01a1ng tr\u00ecnh y\u00eau th\u00edch<\/span><\/aside>\n<\/li>\n<li>\n<aside>Kh\u00f3a tr\u1ebb em<\/aside>\n<\/li>\n<li>\n<aside><span class=\"circle\">H\u1eb9n gi\u1edd gi\u1eb7t k\u1ebft th\u00fac<\/span><\/aside>\n<\/li>\n<li>\n<aside><span class=\"circle\">Gi\u1eb7t s\u01a1<\/span><\/aside>\n<\/li>\n<li>\n<aside><span class=\"circle\">Ch\u1ec9nh s\u1ed1 v\u00f2ng v\u1eaft<\/span><\/aside>\n<\/li>\n<li>\n<aside><span class=\"circle\">Ch\u1ec9nh nhi\u1ec7t \u0111\u1ed9 n\u01b0\u1edbc<\/span><\/aside>\n<\/li>\n<li>\n<aside><span class=\"circle\">Hygienic Care &#8211; Di\u1ec7t khu\u1ea9n sau m\u1ed7i l\u1ea7n gi\u1eb7t<\/span><\/aside>\n<\/li>\n<li>\n<aside><span class=\"circle\">T\u00f9y ch\u1ecdn m\u1ee9c \u0111\u1ed9 b\u1ea9n c\u1ee7a qu\u1ea7n \u00e1o<\/span><\/aside>\n<\/li>\n<\/ul>\n<\/div>\n<div class=\"box-specifi\">\n<h3>Th\u00f4ng tin l\u1eafp \u0111\u1eb7t<\/h3>\n<ul class=\"text-specifi active\">\n<li>\n<aside><strong>K\u00edch th\u01b0\u1edbc &#8211; Kh\u1ed1i l\u01b0\u1ee3ng:<\/strong><\/aside>\n<aside><span class=\"\">Cao 85 cm &#8211; Ngang 60 cm &#8211; S\u00e2u 65.9 cm &#8211; N\u1eb7ng 73 kg<\/span><\/aside>\n<\/li>\n<li>\n<aside><strong>Chi\u1ec1u d\u00e0i \u1ed1ng c\u1ea5p n\u01b0\u1edbc:<\/strong><\/aside>\n<aside><span class=\"\">135 cm<\/span><\/aside>\n<\/li>\n<li>\n<aside><strong>Chi\u1ec1u d\u00e0i \u1ed1ng tho\u00e1t n\u01b0\u1edbc:<\/strong><\/aside>\n<aside><span class=\"\">217 cm<\/span><\/aside>\n<\/li>\n<li>\n<aside><strong>H\u00e3ng:<\/strong><\/aside>\n<aside><span class=\"\">Electrolux<\/span><\/aside>\n<\/li>\n<\/ul>\n<\/div>\n<\/div>\n<\/div>\n","protected":false},"excerpt":{"rendered":"<div class=\"d-flex product-details_heading_rating-content\">\n<div class=\"product-details_heading_nav-list \">\n<p style=\"text-align: left;\">\u00a0EWF1023P5SC<\/p>\n<\/div>\n<div class=\"product-details_heading_rating\">\n<div class=\"rating js_rating\">\n<div class=\"rating_item-content \">\n<div class=\"ratings\" title=\"4.9 \/ 5\">\n<div class=\"rating_stars rating_stars-svg \"><\/div>\n<\/div>\n<\/div>\n<\/div>\n<\/div>\n<\/div>\n<div class=\"product-details_heading_short-description\">\n<ul>\n<li>Kh\u00f4ng c\u00f2n v\u1ebft c\u1eb7n ch\u1ea5t gi\u1eb7t t\u1ea9y*<\/li>\n<li>Gi\u1eb7t nhanh \u0111\u1ea7y t\u1ea3i ch\u1ec9 45 ph\u00fat<\/li>\n<li>Ch\u01b0\u01a1ng tr\u00ecnh di\u1ec7t khu\u1ea9n chuy\u00ean s\u00e2u<\/li>\n<li>N\u00e2ng niu v\u1ea3i m\u1ecfng, t\u1ef1 tin gi\u1eb7t m\u00e1y<\/li>\n<li>T\u00f9y ch\u1ecdn ch\u01b0\u01a1ng tr\u00ecnh c\u00e1 nh\u00e2n h\u00f3a th\u00f4ng minh<\/li>\n<li>Hi\u1ec7u qu\u1ea3 v\u00e0 ti\u1ebft ki\u1ec7m n\u0103ng l\u01b0\u1ee3ng h\u01a1n<\/li>\n<\/ul>\n<\/div>\n","protected":false},"featured_media":3836,"comment_status":"open","ping_status":"closed","template":"","meta":[],"product_brand":[],"product_cat":[84],"product_tag":[],"class_list":{"0":"post-3835","1":"product","2":"type-product","3":"status-publish","4":"has-post-thumbnail","6":"product_cat-may-giat-may-say-quan-ao","8":"first","9":"instock","10":"shipping-taxable","11":"product-type-simple"},"_links":{"self":[{"href":"https:\/\/nhadepbepxinh.com.vn\/index.php?rest_route=\/wp\/v2\/product\/3835","targetHints":{"allow":["GET"]}}],"collection":[{"href":"https:\/\/nhadepbepxinh.com.vn\/index.php?rest_route=\/wp\/v2\/product"}],"about":[{"href":"https:\/\/nhadepbepxinh.com.vn\/index.php?rest_route=\/wp\/v2\/types\/product"}],"replies":[{"embeddable":true,"href":"https:\/\/nhadepbepxinh.com.vn\/index.php?rest_route=%2Fwp%2Fv2%2Fcomments&post=3835"}],"wp:featuredmedia":[{"embeddable":true,"href":"https:\/\/nhadepbepxinh.com.vn\/index.php?rest_route=\/wp\/v2\/media\/3836"}],"wp:attachment":[{"href":"https:\/\/nhadepbepxinh.com.vn\/index.php?rest_route=%2Fwp%2Fv2%2Fmedia&parent=3835"}],"wp:term":[{"taxonomy":"product_brand","embeddable":true,"href":"https:\/\/nhadepbepxinh.com.vn\/index.php?rest_route=%2Fwp%2Fv2%2Fproduct_brand&post=3835"},{"taxonomy":"product_cat","embeddable":true,"href":"https:\/\/nhadepbepxinh.com.vn\/index.php?rest_route=%2Fwp%2Fv2%2Fproduct_cat&post=3835"},{"taxonomy":"product_tag","embeddable":true,"href":"https:\/\/nhadepbepxinh.com.vn\/index.php?rest_route=%2Fwp%2Fv2%2Fproduct_tag&post=3835"}],"curies":[{"name":"wp","href":"https:\/\/api.w.org\/{rel}","templated":true}]}}