{"id":3802,"date":"2025-04-06T09:11:48","date_gmt":"2025-04-06T02:11:48","guid":{"rendered":"https:\/\/nhadepbepxinh.com.vn\/?post_type=product&#038;p=3802"},"modified":"2025-04-06T09:11:49","modified_gmt":"2025-04-06T02:11:49","slug":"bep-tu-lorca-lci-886-plus","status":"publish","type":"product","link":"https:\/\/nhadepbepxinh.com.vn\/?product=bep-tu-lorca-lci-886-plus","title":{"rendered":"B\u00ca\u0301P T\u01af\u0300 LORCA LCI-886 Plus"},"content":{"rendered":"<div><strong>B\u1ebfp t\u1eeb \u0111\u00f4i Lorca LCI 886 Plus<\/strong>\u00a0\u0111\u01b0\u1ee3c s\u1ea3n xu\u1ea5t t\u1ea1i Malaysia, nh\u1eadp kh\u1ea9u v\u00e0 ph\u00e2n ph\u1ed1i ch\u00ednh h\u00e3ng b\u1edfi Lorca Vi\u1ec7t Nam. Thi\u1ebft k\u1ebf hi\u1ec7n \u0111\u1ea1i, nhi\u1ec1u t\u00ednh n\u0103ng th\u00f4ng minh v\u00e0 ti\u1ebft ki\u1ec7m n\u0103ng l\u01b0\u1ee3ng, Lorca LCI 886 PLUS ch\u1eafc ch\u1eafn s\u1ebd l\u00e0 s\u1ef1 l\u1ef1a ch\u1ecdn kh\u00f4ng th\u1ec3 thi\u1ebfu trong m\u1ed7i c\u0103n b\u1ebfp c\u1ee7a gia \u0111\u00ecnh Vi\u1ec7t.<\/div>\n<p><strong>\u0110\u1eb7c \u0111i\u1ec3m n\u1ed5i b\u1eadt c\u1ee7a s\u1ea3n ph\u1ea9m<\/strong><\/p>\n<ul>\n<li>X\u00e9t v\u1ec1 h\u00ecnh th\u1ee9c, B\u1ebfp t\u1eeb \u0111\u00f4i Lorca LCI 886 Plus \u0111\u01b0\u1ee3c \u0111\u00e1nh gi\u00e1 cao v\u1edbi thi\u1ebft k\u1ebf hi\u1ec7n \u0111\u1ea1i, m\u1eb7t k\u00ednh s\u1ecdc caro nh\u1ecf t\u1ea1o \u0111i\u1ec3m nh\u1ea5n, v\u00e1t 4 c\u1ea1nh v\u00e0 bo vi\u1ec1n ch\u1eafc ch\u1eafn cho t\u00ednh th\u1ea9m m\u1ef9 cao.<\/li>\n<li>V\u1ec1 \u0111\u1ed9 b\u1ec1n, s\u1edf h\u1eefu m\u1eb7t k\u00ednh Euro Platinum cao c\u1ea5p chuy\u00ean d\u00f9ng cho b\u1ebfp t\u1eeb c\u00f3 kh\u1ea3 n\u0103ng ch\u1ecbu nhi\u1ec7t v\u00e0 ch\u1ecbu l\u1ef1c t\u1ed1t, b\u1ee5ng b\u1ebfp l\u00e0m b\u1eb1ng k\u1ebdm tr\u00e1ng ki\u1ec1m ch\u1ed1ng g\u1ec9 s\u00e9t, kh\u00e1ch h\u00e0ng c\u00f3 th\u1ec3 y\u00ean t\u00e2m v\u1ec1 s\u1ef1 b\u1ec1n b\u1ec9 c\u1ee7a b\u1ebfp khi s\u1eed d\u1ee5ng.<\/li>\n<li>\u0110\u01b0\u1ee3c trang b\u1ecb c\u00f4ng ngh\u1ec7 bi\u1ebfn t\u1ea7n Smart Inverter \u0111\u1ea3m b\u1ea3o hi\u1ec7u su\u1ea5t \u0111un n\u1ea5u nhanh ch\u00f3ng v\u00e0 \u1ed5n \u0111\u1ecbnh, gi\u00fap ng\u01b0\u1eddi d\u00f9ng c\u00f3 th\u1ec3 ti\u1ebft ki\u1ec7m \u0111\u1ebfn 35% \u0111i\u1ec7n n\u0103ng s\u1eed d\u1ee5ng.<\/li>\n<li>B\u1ebfp t\u1eeb \u0111\u00f4i Lorca LCI 886 Plus \u0111\u1ea1t ti\u00eau chu\u1ea9n k\u1ef9 thu\u1eadt an to\u00e0n EMC, QCVN9. B\u00ean c\u1ea1nh \u0111\u00f3 s\u1ea3n ph\u1ea9m c\u00f2n \u0111\u01b0\u1ee3c trang b\u1ecb nhi\u1ec1u t\u00ednh n\u0103ng an to\u00e0n nh\u01b0 c\u1ea3nh b\u00e1o nhi\u1ec7t d\u01b0, t\u1ef1 t\u1eaft khi kh\u00f4ng c\u00f3 n\u1ed3i, t\u00ednh n\u0103ng ch\u1ed1ng tr\u00e0n b\u00e0n ph\u00edm, H\u1ec7 th\u1ed1ng b\u1ea3o v\u1ec7 qu\u00e1 nhi\u1ec7t \u0111\u1ea3m b\u1ea3o t\u00ednh an to\u00e0n cao cho thi\u1ebft b\u1ecb c\u0169ng nh\u01b0 cho ng\u01b0\u1eddi s\u1eed d\u1ee5ng.<\/li>\n<li>Trang b\u1ecb nhi\u1ec1u ch\u1ee9c n\u0103ng th\u00f4ng minh cho b\u1ea1n tr\u1ea3i nghi\u1ec7m n\u1ea5u n\u01b0\u1edbng \u0111\u01a1n gi\u1ea3n nh\u1ea5t. Ch\u1ee9c n\u0103ng h\u00e2m n\u00f3ng 3 m\u1ee9c nhi\u1ec7t, ch\u1ee9c n\u0103ng chi\u00ean x\u00e0o th\u00f4ng minh, kh\u1ea3 n\u0103ng t\u1ef1 nh\u1eadn di\u1ec7n n\u1ed3i n\u1ea5u mang l\u1ea1i nhi\u1ec1u ti\u1ec7n \u00edch v\u00e0 ti\u1ebft ki\u1ec7m.<\/li>\n<\/ul>\n<p><strong>T\u00ednh n\u0103ng\u00a0<\/strong><\/p>\n<ul>\n<li>Ch\u1ee9c n\u0103ng h\u00e2m n\u00f3ng Inverter Warming c\u00f3 c\u1ea3 tr\u00ean 2 v\u00f9ng n\u1ea5u v\u1edbi 3 m\u1ee9c 65o C, 75o C v\u00e0 85o C, Chi\u00ean x\u00e0o<\/li>\n<li>T\u00ednh n\u0103ng t\u1ef1 \u0111\u1ed9ng nh\u1eadn n\u1ed3i<\/li>\n<li>C\u00f4ng ngh\u1ec7 Inverter ti\u1ebft ki\u1ec7m 35% \u0111i\u1ec7n n\u0103ng<\/li>\n<li>H\u1eb9n gi\u1edd \u0111\u1ed9c l\u1eadp cho t\u1eebng v\u00f9ng n\u1ea5u l\u00ean \u0111\u1ebfn 99 ph\u00fat<\/li>\n<li>T\u00ednh n\u0103ng t\u1ef1 nh\u1eadn di\u1ec7n n\u1ed3i<\/li>\n<li>T\u00ednh n\u0103ng t\u1ef1 nh\u1eadn di\u1ec7n v\u00f9ng n\u1ea5u<\/li>\n<li>T\u00ednh n\u0103ng c\u1ea3nh b\u00e1o nhi\u1ec7t d\u01b0 v\u00f9ng n\u1ea5u Residual heat:<\/li>\n<li>T\u1ef1 \u0111\u1ed9ng t\u1eaft b\u1ebfp khi kh\u00f4ng c\u00f3 n\u1ed3i (Pot Detection)<\/li>\n<li>T\u1ef1 \u0111\u1ed9ng t\u1eaft b\u1ebfp khi \u0111\u1ec3 qu\u00ean Auto Switching Off<\/li>\n<li>Ch\u1ee9c n\u0103ng t\u1ea1m d\u1eebng Pause<\/li>\n<li>Kh\u00f3a an to\u00e0n tr\u1ebb em Child Lock<\/li>\n<li>H\u1ec7 th\u1ed1ng b\u1ea3o v\u1ec7 an to\u00e0n qu\u00e1 nhi\u1ec7t, qu\u00e1 \u00e1p<\/li>\n<li>T\u00ednh n\u0103ng ch\u1ed1ng tr\u00e0n b\u00e0n ph\u00edm Overflood Protection<\/li>\n<\/ul>\n<p><strong>Th\u00f4ng s\u1ed1 k\u1ef9 thu\u1eadt<\/strong><\/p>\n<table border=\"1\">\n<tbody>\n<tr>\n<td>M\u00e0u s\u1eafc<\/td>\n<td>M\u00e0u \u0111en k\u1ebb caro nh\u1ecf<\/td>\n<\/tr>\n<tr>\n<td>Ch\u1ea5t li\u1ec7u m\u1eb7t b\u1ebfp<\/td>\n<td>K\u00ednh Ceramic EURO PLATINUM<\/td>\n<\/tr>\n<tr>\n<td>Ch\u1ea5t li\u1ec7u m\u00e2m t\u1eeb<\/td>\n<td>\u0110\u1ed3ng<\/td>\n<\/tr>\n<tr>\n<td>Ki\u1ec3u l\u1eafp \u0111\u1eb7t<\/td>\n<td>L\u1eafp \u00e2m<\/td>\n<\/tr>\n<tr>\n<td>B\u1ea3ng \u0111i\u1ec1u khi\u1ec3n<\/td>\n<td>C\u1ea3m \u1ee9ng tr\u01b0\u1ee3t Slide<\/td>\n<\/tr>\n<tr>\n<td>S\u1ed1 v\u00f9ng n\u1ea5u<\/td>\n<td>2<\/td>\n<\/tr>\n<tr>\n<td>C\u00f4ng su\u1ea5t t\u1ed1i \u0111a v\u00f9ng n\u1ea5u 1<br \/>\nC\u00f4ng su\u1ea5t booster<\/td>\n<td>2000W<br \/>\n2400W<\/td>\n<\/tr>\n<tr>\n<td>C\u00f4ng su\u1ea5t t\u1ed1i \u0111a v\u00f9ng n\u1ea5u 2<br \/>\nC\u00f4ng su\u1ea5t booster<\/td>\n<td>2000W<br \/>\n2400W<\/td>\n<\/tr>\n<tr>\n<td>M\u1ee9c c\u00f4ng su\u1ea5t nhi\u1ec7t<\/td>\n<td>9<\/td>\n<\/tr>\n<tr>\n<td>\u0110i\u1ec7n \u00e1p<\/td>\n<td>220-240V \/ 50Hz<\/td>\n<\/tr>\n<tr>\n<td>K\u00edch th\u01b0\u1edbc s\u1ea3n ph\u1ea9m<\/td>\n<td>730 x 420 x 60 mm<\/td>\n<\/tr>\n<tr>\n<td>K\u00edch th\u01b0\u1edbc kho\u00e9t \u0111\u00e1<\/td>\n<td>675 x 395 mm<\/td>\n<\/tr>\n<\/tbody>\n<\/table>\n<div class=\"large-12 col pb-0 mb-0\">\n<h2 class=\"uppercase mt\">H\u01b0\u1edbng d\u1eabn s\u1eed d\u1ee5ng<\/h2>\n<\/div>\n<div class=\"large-12 col pb-0 mb-0\">\n<div class=\"panel entry-content\">\n<p><strong>H\u01b0\u1edbng d\u1eabn v\u1eadn h\u00e0nh<\/strong><br \/>\nC\u00e1c k\u00fd hi\u1ec7u tr\u00ean m\u1eb7t b\u1ebfp v\u00e0 ch\u1ee9c n\u0103ng c\u1ee7a n\u00f3<\/p>\n<p><img loading=\"lazy\" decoding=\"async\" class=\"size-full wp-image-17379 aligncenter lazy-load-active\" title=\"B\u1ebfp t\u1eeb \u0111\u00f4i Lorca LCI-886 Plus 5\" src=\"https:\/\/lorcavietnam.vn\/wp-content\/uploads\/2023\/09\/bep-tu-lorca-lci-886plus-2.jpg\" sizes=\"auto, (max-width: 500px) 100vw, 500px\" srcset=\"https:\/\/lorcavietnam.vn\/wp-content\/uploads\/2023\/09\/bep-tu-lorca-lci-886plus-2.jpg 500w, https:\/\/lorcavietnam.vn\/wp-content\/uploads\/2023\/09\/bep-tu-lorca-lci-886plus-2-368x368.jpg 368w, https:\/\/lorcavietnam.vn\/wp-content\/uploads\/2023\/09\/bep-tu-lorca-lci-886plus-2-100x100.jpg 100w\" alt=\"B\u1ea3ng \u0111i\u1ec1u khi\u1ec3n c\u1ee7a B\u1ebfp t\u1eeb \u0111\u00f4i Lorca LCI-886 Plus\" width=\"500\" height=\"500\" data-src=\"https:\/\/lorcavietnam.vn\/wp-content\/uploads\/2023\/09\/bep-tu-lorca-lci-886plus-2.jpg\" data-srcset=\"https:\/\/lorcavietnam.vn\/wp-content\/uploads\/2023\/09\/bep-tu-lorca-lci-886plus-2.jpg 500w, https:\/\/lorcavietnam.vn\/wp-content\/uploads\/2023\/09\/bep-tu-lorca-lci-886plus-2-368x368.jpg 368w, https:\/\/lorcavietnam.vn\/wp-content\/uploads\/2023\/09\/bep-tu-lorca-lci-886plus-2-100x100.jpg 100w\" \/><\/p>\n<ul>\n<li>N\u00fat ngu\u1ed3n: d\u00f9ng \u0111\u1ec3 b\u1eadt\/ t\u1eaft b\u1ebfp<\/li>\n<li>H\u1eb9n gi\u1edd: d\u00f9ng \u0111\u1ec3 h\u1eb9n gi\u1edd t\u1eaft b\u1ebfp khi c\u1ea7n thi\u1ebft<\/li>\n<li>\u0110i\u1ec1u ch\u1ec9nh c\u00f4ng su\u1ea5t: Ch\u1ea1m v\u00e0 tr\u01b0\u1ee3t \u0111\u1ebfn m\u1ee9c c\u00f4ng su\u1ea5t mong mu\u1ed1n \u0111\u1ec3 n\u1ea5u.<\/li>\n<li>Ch\u1ee9c n\u0103ng Booster: t\u0103ng c\u00f4ng su\u1ea5t l\u00ean m\u1ee9c cao nh\u1ea5t khi mu\u1ed1n \u0111un s\u00f4i nhanh ch\u00f3ng.<\/li>\n<li>H\u00e2m n\u00f3ng: k\u00edch ho\u1ea1t \u0111\u1ec3 h\u00e2m n\u00f3ng th\u1ee9c \u0103n v\u1edbi 3 m\u1ee9c nhi\u1ec7t mong mu\u1ed1n.<\/li>\n<li>T\u1ea1m d\u1eebng: Ch\u1ee9c n\u0103ng t\u1ea1m d\u1eebng ho\u1ea1t \u0111\u1ed9ng c\u1ee7a b\u1ebfp m\u00e0 kh\u00f4ng \u1ea3nh h\u01b0\u1edfng \u0111\u1ebfn c\u00e0i \u0111\u1eb7t n\u1ea5u.<\/li>\n<li>Chi\u00ean x\u00e0o: b\u1ea1n c\u00f3 th\u1ec3 s\u1eed d\u1ee5ng ch\u1ee9c n\u0103ng chi\u00ean x\u00e0o th\u1ee9c \u0103n v\u1edbi m\u1ee9c nhi\u1ec7t \u0111\u1ed9 l\u00fd t\u01b0\u1edfng \u0111\u01b0\u1ee3c c\u00e0i \u0111\u1eb7t s\u1eb5n.<\/li>\n<\/ul>\n<p><strong>L\u01b0u \u00fd an to\u00e0n khi s\u1eed d\u1ee5ng<\/strong><\/p>\n<ul>\n<li>L\u1eafp \u0111\u1eb7t b\u1ebfp t\u1eeb c\u1ea7n \u0111\u1ea3m b\u1ea3o tu\u00e2n th\u1ee7 h\u01b0\u1edbng d\u1eabn c\u1ee7a nh\u00e0 s\u1ea3n xu\u1ea5t, ph\u00eda d\u01b0\u1edbi b\u1ebfp \u0111\u1ea3m b\u1ea3o kho\u1ea3ng c\u00e1ch v\u00e0 kho\u1ea3ng tr\u1ed1ng l\u01b0u th\u00f4ng t\u1ed1t.<\/li>\n<li>Tr\u01b0\u1edbc khi s\u1eed d\u1ee5ng h\u00e3y \u0111\u1ecdc k\u1ef9 h\u01b0\u1edbng d\u1eabn s\u1eed d\u1ee5ng c\u1ee7a nh\u00e0 s\u1ea3n xu\u1ea5t \u0111\u1ec3 \u0111\u1ea3m b\u1ea3o v\u1eadn h\u00e0nh b\u1ebfp \u0111\u00fang c\u00e1ch.<\/li>\n<li>Ch\u1ec9 s\u1eed d\u1ee5ng nh\u1eefng lo\u1ea1i n\u1ed3i, ch\u1ea3o c\u00f3 \u0111\u00e1y nhi\u1ec5m t\u1eeb \u0111\u1ec3 \u0111\u1ea3m b\u1ea3o hi\u1ec7u su\u1ea5t \u0111un n\u1ea5u.<\/li>\n<li>Kh\u00f4ng \u0111un n\u1ea5u c\u00e1c lo\u1ea1i \u0111\u1ed3 h\u1ed9p k\u00edn tr\u00ean b\u1ebfp t\u1eeb, kh\u00f4ng \u0111\u1eb7t c\u00e1c d\u1ee5ng c\u1ee5 d\u1ec5 ch\u00e1y, d\u1ec5 n\u00f3ng ch\u1ea3y c\u1ea1nh b\u1ebfp tr\u00e1nh nguy c\u01a1 ch\u00e1y n\u1ed5 m\u1ea5t an to\u00e0n.<\/li>\n<li>H\u1ea1n ch\u1ebf s\u1eed d\u1ee5ng m\u1ee9c c\u00f4ng su\u1ea5t cao v\u00e0 kh\u00f4ng n\u00ean s\u1eed d\u1ee5ng c\u00f4ng su\u1ea5t cao trong th\u1eddi gian d\u00e0i c\u00f3 th\u1ec3 l\u00e0m gi\u1ea3m tu\u1ed5i th\u1ecd c\u1ee7a b\u1ebfp.<\/li>\n<li>Kh\u00f4ng \u0111\u1ec3 ch\u1ea5t l\u1ecfng tr\u00e0n tr\u00ean m\u1eb7t b\u1ebfp t\u1eeb, n\u1ebfu c\u00f3 h\u00e3y v\u1ec7 sinh s\u1ea1ch s\u1ebd tr\u01b0\u1edbc khi s\u1eed d\u1ee5ng. Kh\u00f4ng \u0111\u1ec3 c\u00e1c thi\u1ebft b\u1ecb \u0111i\u1ec7n g\u00e2y nhi\u1ec5u t\u1eeb nh\u01b0 \u0111i\u1ec7n tho\u1ea1i di \u0111\u1ed9ng g\u1ea7n b\u1ebfp t\u1eeb, c\u00f3 th\u1ec3 x\u1ea3y ra sai s\u1ed1 l\u00e0m gi\u1ea3m hi\u1ec7u su\u1ea5t s\u1eed d\u1ee5ng.<\/li>\n<li>T\u1eadp th\u00f3i quen t\u1eaft ngu\u1ed3n \u0111i\u1ec7n khi kh\u00f4ng s\u1eed d\u1ee5ng \u0111\u1ec3 tr\u00e1nh r\u1ee7i ro ch\u00e1y n\u1ed5 hay ch\u1eadp \u0111i\u1ec7n. L\u01b0u \u00fd n\u00ean \u0111\u1ec3 b\u1ebfp ngu\u1ed9i ho\u1eb7c qu\u1ea1t gi\u00f3 ng\u1eebng ho\u1ea1t \u0111\u1ed9ng m\u1edbi r\u00fat \u0111i\u1ec7n ngu\u1ed3n.<\/li>\n<li>V\u1ec7 sinh b\u1ebfp sau m\u1ed7i l\u1ea7n s\u1eed d\u1ee5ng \u0111\u1ec3 lo\u1ea1i b\u1ecf d\u1ea7u m\u1ee1 c\u1eb7n b\u1ea9n v\u01b0\u01a1ng v\u00e3i tr\u00ean b\u1ebfp. \u0110\u1ecbnh k\u1ef3 ki\u1ec3m tra b\u1ea3o d\u01b0\u1ee1ng b\u1ebfp \u0111\u1ec3 ng\u0103n ch\u1eb7n c\u00e1c s\u1ef1 c\u1ed1 h\u1ecfng h\u00f3c c\u00f3 th\u1ec3 x\u1ea3y ra. Khi g\u1eb7p s\u1ef1 c\u1ed1 kh\u00f4ng r\u00f5 nguy\u00ean nh\u00e2n, h\u00e3y li\u00ean h\u1ec7 v\u1edbi \u0111\u1ed9i ng\u0169 k\u1ef9 thu\u1eadt \u0111\u1ec3 \u0111\u01b0\u1ee3c tr\u1ee3 gi\u00fap nhanh nh\u1ea5t. Tr\u00e1nh t\u1ef1 \u00fd x\u1eed l\u00fd khi kh\u00f4ng c\u00f3 chuy\u00ean m\u00f4n c\u00f3 th\u1ec3 \u1ea3nh h\u01b0\u1edfng \u0111\u1ebfn b\u1ebfp v\u00e0 g\u00e2y m\u1ea5t an to\u00e0n.<\/li>\n<\/ul>\n<\/div>\n<\/div>\n","protected":false},"excerpt":{"rendered":"<ul class=\"product_meta\">\n<li>M\u00e3 s\u1ea3n ph\u1ea9m:\u00a0<strong>LCI-886 Plus<\/strong><\/li>\n<li>Th\u01b0\u01a1ng hi\u1ec7u:\u00a0<strong>Lorca<\/strong><\/li>\n<li>Xu\u1ea5t x\u1ee9:\u00a0<strong>Malaysia<\/strong><\/li>\n<li>Tr\u1ea1ng th\u00e1i:\u00a0<span class=\"stock in-stock\"><strong>C\u00f2n h\u00e0ng<\/strong><\/span><\/li>\n<li>B\u1ea3o h\u00e0nh:\u00a0<strong>3 n\u0103m<\/strong><\/li>\n<\/ul>\n","protected":false},"featured_media":3803,"comment_status":"open","ping_status":"closed","template":"","meta":[],"product_brand":[],"product_cat":[15,113],"product_tag":[],"class_list":{"0":"post-3802","1":"product","2":"type-product","3":"status-publish","4":"has-post-thumbnail","6":"product_cat-bep-tu","7":"product_cat-lorca","9":"first","10":"instock","11":"shipping-taxable","12":"product-type-simple"},"_links":{"self":[{"href":"https:\/\/nhadepbepxinh.com.vn\/index.php?rest_route=\/wp\/v2\/product\/3802","targetHints":{"allow":["GET"]}}],"collection":[{"href":"https:\/\/nhadepbepxinh.com.vn\/index.php?rest_route=\/wp\/v2\/product"}],"about":[{"href":"https:\/\/nhadepbepxinh.com.vn\/index.php?rest_route=\/wp\/v2\/types\/product"}],"replies":[{"embeddable":true,"href":"https:\/\/nhadepbepxinh.com.vn\/index.php?rest_route=%2Fwp%2Fv2%2Fcomments&post=3802"}],"wp:featuredmedia":[{"embeddable":true,"href":"https:\/\/nhadepbepxinh.com.vn\/index.php?rest_route=\/wp\/v2\/media\/3803"}],"wp:attachment":[{"href":"https:\/\/nhadepbepxinh.com.vn\/index.php?rest_route=%2Fwp%2Fv2%2Fmedia&parent=3802"}],"wp:term":[{"taxonomy":"product_brand","embeddable":true,"href":"https:\/\/nhadepbepxinh.com.vn\/index.php?rest_route=%2Fwp%2Fv2%2Fproduct_brand&post=3802"},{"taxonomy":"product_cat","embeddable":true,"href":"https:\/\/nhadepbepxinh.com.vn\/index.php?rest_route=%2Fwp%2Fv2%2Fproduct_cat&post=3802"},{"taxonomy":"product_tag","embeddable":true,"href":"https:\/\/nhadepbepxinh.com.vn\/index.php?rest_route=%2Fwp%2Fv2%2Fproduct_tag&post=3802"}],"curies":[{"name":"wp","href":"https:\/\/api.w.org\/{rel}","templated":true}]}}