{"id":3796,"date":"2025-04-06T09:04:23","date_gmt":"2025-04-06T02:04:23","guid":{"rendered":"https:\/\/nhadepbepxinh.com.vn\/?post_type=product&#038;p=3796"},"modified":"2025-04-06T09:05:17","modified_gmt":"2025-04-06T02:05:17","slug":"bep-tu-lorca-ta-1008-vn","status":"publish","type":"product","link":"https:\/\/nhadepbepxinh.com.vn\/?product=bep-tu-lorca-ta-1008-vn","title":{"rendered":"B\u00ca\u0301P T\u01af\u0300 LORCA TA-1008 VN"},"content":{"rendered":"<div>\u0110\u01b0\u1ee3c l\u1eafp r\u00e1p t\u1ea1i Vi\u1ec7t Nam n\u00ean B\u1ebfp t\u1eeb Lorca TA-1008 VN c\u00f3 m\u1ee9c gi\u00e1 kh\u00e1 r\u1ebb l\u00e0 \u0111i\u1ec1u ki\u1ec7n l\u00fd t\u01b0\u1edfng \u0111\u1ec3 n\u00f3 c\u00f3 m\u1eb7t t\u1ea1i t\u1ea5t c\u1ea3 c\u00e1c c\u0103n b\u1ebfp c\u1ee7a ng\u01b0\u1eddi Vi\u1ec7t. Theo b\u1ea3n quy\u1ec1n c\u1ee7a Lorca, ch\u1ea5t l\u01b0\u1ee3ng s\u1ea3n ph\u1ea9m lu\u00f4n \u0111\u01b0\u1ee3c \u0111\u1ea3m b\u1ea3o tuy\u1ec7t \u0111\u1ed1i theo ti\u00eau chu\u1ea9n ch\u1ea5t l\u01b0\u1ee3ng c\u1ee7a th\u01b0\u01a1ng hi\u1ec7u. S\u1ea3n ph\u1ea9m v\u1edbi c\u00e1c t\u00ednh n\u0103ng v\u00e0 c\u00f4ng ngh\u1ec7 ti\u00ean ti\u1ebfn cho b\u1ea1n tr\u1ea3i nghi\u1ec7m n\u1ea5u n\u01b0\u1edbng c\u1ee7a m\u1ed9t \u0111\u1ea7u b\u1ebfp \u0111\u1ec9nh cao.<\/div>\n<p><strong>\u0110\u1eb7c \u0111i\u1ec3m n\u1ed5i b\u1eadt c\u1ee7a s\u1ea3n ph\u1ea9m<\/strong><\/p>\n<ul>\n<li>B\u1ebfp t\u1eeb Lorca TA-1008 VN s\u1edf h\u1eefu m\u1ed9t h\u00ecnh th\u1ee9c thi\u1ebft k\u1ebf kh\u00e1 \u1ea5n t\u01b0\u1ee3ng v\u1edbi b\u1ec1 m\u1eb7t k\u00ednh k\u1ebb caro nh\u1ecf t\u1ea1o \u0111i\u1ec3m nh\u1ea5n c\u1ea1nh v\u00e1t v\u00e0 bo vi\u1ec1n hi\u1ec7n \u0111\u1ea1i v\u00e0 ch\u1eafc ch\u1eafn. Thi\u1ebft k\u1ebf 2 v\u00f9ng n\u1ea5u v\u1edbi 2 b\u1ea3ng \u0111i\u1ec1u khi\u1ec3n ri\u00eang bi\u1ec7t cho m\u1ed7i v\u00f9ng s\u1eed d\u1ee5ng thu\u1eadn ti\u1ec7n h\u01a1n.<\/li>\n<li>B\u1ebfp t\u1eeb Lorca TA-1008 VN s\u1eed d\u1ee5ng m\u1eb7t k\u00ednh EURO PLATINUM, b\u1ee5ng b\u1ebfp \u0111\u01b0\u1ee3c l\u00e0m b\u1eb1ng k\u1ebdm tr\u00e1ng ki\u1ec1m ch\u1ed1ng g\u1ec9 mang l\u1ea1i s\u1ef1 b\u1ec1n b\u1ec9 v\u00e0 tu\u1ed5i th\u1ecd cao.<\/li>\n<li>B\u1ebfp \u0111\u01b0\u1ee3c trang b\u1ecb c\u00f4ng ngh\u1ec7 Inverter v\u1edbi Chip Siemens IGBT 20A kh\u1ea3 n\u0103ng \u0111\u00f3ng ng\u1eaft nhanh, ch\u1ecbu t\u1ea3i l\u1edbn, cho hi\u1ec7u su\u1ea5t ho\u1ea1t \u0111\u1ed9ng \u1ed5n \u0111\u1ecbnh \u0111i\u1ec1u n\u00e0y gi\u00fap b\u1ea1n ti\u1ebft ki\u1ec7m \u0111i\u1ec7n n\u0103ng \u0111\u00e1ng k\u1ec3 khi s\u1eed d\u1ee5ng.<\/li>\n<li>C\u00e1c ch\u1ee9c n\u0103ng n\u1ea5u th\u00f4ng minh \u0111\u01b0\u1ee3c trang b\u1ecb gi\u00fap b\u1ea1n c\u00f3 nh\u1eefng tr\u1ea3i nghi\u1ec7m n\u1ea5u n\u01b0\u1edbng d\u1ec5 d\u00e0ng h\u01a1n. Ph\u1ea3i k\u1ec3 \u0111\u1ebfn l\u00e0 ch\u1ee9c n\u0103ng r\u00e3 \u0111\u00f4ng th\u1ef1c ph\u1ea9m, ch\u1ee9c n\u0103ng chi\u00ean x\u00e0o, ch\u1ee9c n\u0103ng h\u00e2m n\u00f3ng nhi\u1ec1u m\u1ee9c nhi\u1ec7t \u2026<\/li>\n<li>B\u00ean c\u1ea1nh \u0111\u00f3 s\u1eed d\u1ee5ng b\u1ebfp t\u1eeb Lorca TA-1008 VN an to\u00e0n h\u01a1n h\u1eb3n v\u1edbi h\u1ec7 th\u1ed1ng b\u1ea3o v\u1ec7 qu\u00e1 nhi\u1ec7t, c\u00e1c ch\u1ee9c n\u0103ng c\u1ea3nh b\u00e1o nhi\u1ec7t d\u01b0, c\u1ea3m bi\u1ebfn ch\u1ed1ng tr\u00e0n, nh\u1eadn di\u1ec7n n\u1ed3i n\u1ea5u v\u00e0 t\u1ef1 ng\u1eaft khi kh\u00f4ng c\u00f3 n\u1ed3i hay t\u00ednh n\u0103ng kh\u00f3a tr\u1ebb em.<\/li>\n<\/ul>\n<p><strong>T\u00ednh n\u0103ng<\/strong><\/p>\n<ul>\n<li>M\u1eb7t k\u00ednh EURO PLATINUM ch\u1ea5m bi bo vi\u1ec1n v\u00e1t c\u1ea1nh<\/li>\n<li>B\u1ee5ng b\u1ebfp l\u00e0m b\u1eb1ng k\u1ebdm tr\u00e1ng ki\u1ec1m (Zinc) ch\u1ed1ng g\u1ec9<\/li>\n<li>Ch\u1ee9c n\u0103ng h\u00e2m n\u00f3ng Inverter nhi\u1ec1u m\u1ee9c<\/li>\n<li>T\u00ednh n\u0103ng t\u1ef1 \u0111\u1ed9ng nh\u1eadn n\u1ed3i, Chi\u00ean x\u00e0o, R\u00e3 \u0111\u00f4ng<\/li>\n<li>T\u00ednh n\u0103ng Stop and Go, t\u1ea1m d\u1eebng (Pause) v\u00e0 ho\u1ea1t \u0111\u1ed9ng ti\u1ebfp<\/li>\n<li>B\u00e0n ph\u00edm ki\u1ec3u tr\u01b0\u1ee3t Slide 9 m\u1ee9c + booster<\/li>\n<li>H\u1eb9n gi\u1edd \u0111\u1ed9c l\u1eadp cho t\u1eebng v\u00f9ng n\u1ea5u<\/li>\n<li>C\u00f4ng ngh\u1ec7 Inverter ti\u1ebft ki\u1ec7m 35% \u0111i\u1ec7n n\u0103ng<\/li>\n<li>S\u1eed d\u1ee5ng Chip Siemens IGBT 20A<\/li>\n<li>C\u1ea3nh b\u00e1o nhi\u1ec7t d\u01b0 v\u00f9ng n\u1ea5u (Residual heat)<\/li>\n<li>T\u1ef1 \u0111\u1ed9ng t\u1eaft b\u1ebfp khi kh\u00f4ng c\u00f3 n\u1ed3i (Pot Detection)<\/li>\n<li>T\u1ef1 \u0111\u1ed9ng t\u1eaft b\u1ebfp khi \u0111\u1ec3 qu\u00ean Auto Switching Off<\/li>\n<li>H\u1ec7 th\u1ed1ng b\u1ea3o v\u1ec7 an to\u00e0n qu\u00e1 nhi\u1ec7t, qu\u00e1 \u00e1p<\/li>\n<li>T\u00ednh n\u0103ng b\u1ea3o v\u1ec7 ch\u1ed1ng tr\u00e0n b\u00e0n ph\u00edm Overflood Protection<\/li>\n<li>Kh\u00f3a an to\u00e0n tr\u1ebb em Child Lock<\/li>\n<\/ul>\n<p><strong>Th\u00f4ng s\u1ed1 k\u1ef9 thu\u1eadt:<\/strong><\/p>\n<table border=\"1\">\n<tbody>\n<tr>\n<td>M\u00e0u s\u1eafc<\/td>\n<td>M\u00e0u \u0111en<\/td>\n<\/tr>\n<tr>\n<td>Ch\u1ea5t li\u1ec7u m\u1eb7t b\u1ebfp<\/td>\n<td>K\u00ednh Ceramic EURO PLATINUM<\/td>\n<\/tr>\n<tr>\n<td>Ch\u1ea5t li\u1ec7u m\u00e2m t\u1eeb<\/td>\n<td>\u0110\u1ed3ng<\/td>\n<\/tr>\n<tr>\n<td>Ki\u1ec3u l\u1eafp \u0111\u1eb7t<\/td>\n<td>L\u1eafp \u00e2m<\/td>\n<\/tr>\n<tr>\n<td>B\u1ea3ng \u0111i\u1ec1u khi\u1ec3n<\/td>\n<td>C\u1ea3m \u1ee9ng tr\u01b0\u1ee3t Slide<\/td>\n<\/tr>\n<tr>\n<td>S\u1ed1 v\u00f9ng n\u1ea5u<\/td>\n<td>2<\/td>\n<\/tr>\n<tr>\n<td>C\u00f4ng su\u1ea5t t\u1ed1i \u0111a v\u00f9ng n\u1ea5u 1<br \/>\nC\u00f4ng su\u1ea5t booster<\/td>\n<td>2000W<br \/>\n2400W<\/td>\n<\/tr>\n<tr>\n<td>C\u00f4ng su\u1ea5t t\u1ed1i \u0111a v\u00f9ng n\u1ea5u 2<br \/>\nC\u00f4ng su\u1ea5t booster<\/td>\n<td>2000W<br \/>\n2400W<\/td>\n<\/tr>\n<tr>\n<td>M\u1ee9c c\u00f4ng su\u1ea5t nhi\u1ec7t<\/td>\n<td>9<\/td>\n<\/tr>\n<tr>\n<td>\u0110i\u1ec7n \u00e1p<\/td>\n<td>220-240V \/ 50Hz<\/td>\n<\/tr>\n<tr>\n<td>K\u00edch th\u01b0\u1edbc s\u1ea3n ph\u1ea9m<\/td>\n<td>730 x 420 x 60 mm<\/td>\n<\/tr>\n<tr>\n<td>K\u00edch th\u01b0\u1edbc kho\u00e9t \u0111\u00e1<\/td>\n<td>690 x 390 mm<\/td>\n<\/tr>\n<\/tbody>\n<\/table>\n<div class=\"large-12 col pb-0 mb-0\">\n<h2 class=\"uppercase mt\">H\u01b0\u1edbng d\u1eabn s\u1eed d\u1ee5ng<\/h2>\n<\/div>\n<div class=\"large-12 col pb-0 mb-0\">\n<div class=\"panel entry-content\">\n<p><strong>C\u00e1c k\u00fd hi\u1ec7u tr\u00ean b\u1ebfp t\u1eeb<\/strong><\/p>\n<p><img loading=\"lazy\" decoding=\"async\" class=\"size-full wp-image-17395 aligncenter lazy-load-active\" title=\"B\u1ebfp t\u1eeb Lorca TA-1008 VN 7\" src=\"https:\/\/lorcavietnam.vn\/wp-content\/uploads\/2023\/09\/bep-tu-Lorca-ta-1008vn-5.jpg\" sizes=\"auto, (max-width: 450px) 100vw, 450px\" srcset=\"https:\/\/lorcavietnam.vn\/wp-content\/uploads\/2023\/09\/bep-tu-Lorca-ta-1008vn-5.jpg 450w, https:\/\/lorcavietnam.vn\/wp-content\/uploads\/2023\/09\/bep-tu-Lorca-ta-1008vn-5-368x144.jpg 368w\" alt=\"B\u1ea3ng \u0111i\u1ec1u khi\u1ec3n c\u1ee7a B\u1ebfp t\u1eeb Lorca TA-1008 VN\" width=\"450\" height=\"176\" data-src=\"https:\/\/lorcavietnam.vn\/wp-content\/uploads\/2023\/09\/bep-tu-Lorca-ta-1008vn-5.jpg\" data-srcset=\"https:\/\/lorcavietnam.vn\/wp-content\/uploads\/2023\/09\/bep-tu-Lorca-ta-1008vn-5.jpg 450w, https:\/\/lorcavietnam.vn\/wp-content\/uploads\/2023\/09\/bep-tu-Lorca-ta-1008vn-5-368x144.jpg 368w\" \/><\/p>\n<ul>\n<li>N\u00fat ngu\u1ed3n: b\u1eadt\/t\u1eaft b\u1ebfp<\/li>\n<li>N\u00fat ch\u1ecdn ch\u1ee9c n\u0103ng: ch\u1ea1m, nh\u1ea5p ch\u1ecdn ch\u1ee9c n\u0103ng h\u00e2m n\u00f3ng v\u1edbi 3 m\u1ee9c nhi\u1ec7t.<\/li>\n<li>Ch\u1ee9c n\u0103ng r\u00e3 \u0111\u00f4ng: ch\u1ea1m v\u00e0 ch\u1ecdn ch\u1ee9c n\u0103ng \u0111\u1ec3 ra \u0111\u00f4ng th\u1ef1c ph\u1ea9m nhanh h\u01a1n<\/li>\n<li>Ch\u1ee9c n\u0103ng chi\u00ean x\u00e0o: ch\u1ea1m v\u00e0 ch\u1ecdn khi c\u1ea7n chi\u00ean x\u00e0o th\u1ee9c \u0103n m\u00e0 kh\u00f4ng c\u1ea7n c\u00e0i \u0111\u1eb7t c\u00f4ng su\u1ea5t th\u00edch h\u1ee3p.<\/li>\n<li>Ch\u1ee9c n\u0103ng t\u1ea1m d\u1eebng: ch\u1ea1m v\u00e0 ch\u1ecdn ch\u1ee9c n\u0103ng t\u1ea1m d\u1eebng khi c\u1ea7n d\u1eebng ho\u1ea1t \u0111\u1ed9ng c\u1ee7a b\u1ebfp 1 kho\u1ea3ng th\u1eddi gian v\u00e0 n\u1ea5u l\u1ea1i m\u00e0 kh\u00f4ng mu\u1ed1n thay \u0111\u1ed5i c\u00e0i \u0111\u1eb7t.<\/li>\n<li>Ch\u1ee9c n\u0103ng booster: ch\u1ecdn n\u1ebfu mu\u1ed1n t\u0103ng c\u00f4ng su\u1ea5t \u0111\u1ec3 \u0111un s\u00f4i n\u01b0\u1edbc nhanh h\u01a1n.<\/li>\n<li>Kh\u00f3a tr\u1ebb em: Ch\u1ea1m v\u00e0 gi\u1eef trong kho\u1ea3ng 3 gi\u00e2y \u0111\u1ec3 k\u00edch ho\u1ea1t, ch\u1ea1m v\u00e0 gi\u1eef 3 gi\u00e2y \u0111\u1ec3 h\u1ee7y b\u1ecf<\/li>\n<li>H\u1eb9n gi\u1edd, ch\u1ea1m v\u00e0 nh\u1ea5p ch\u1ecdn th\u1eddi gian h\u1eb9n gi\u1edd theo \u00fd mu\u1ed1n.<\/li>\n<\/ul>\n<p><strong>L\u01b0u \u00fd an to\u00e0n khi s\u1eed d\u1ee5ng<\/strong><\/p>\n<ul>\n<li>\u0110\u1ecdc k\u1ef9 h\u01b0\u1edbng d\u1eabn c\u1ee7a nh\u00e0 s\u1ea3n xu\u1ea5t tr\u01b0\u1edbc khi s\u1eed d\u1ee5ng \u0111\u1ea3m b\u1ea3o b\u1ea1n c\u00f3 \u0111\u1ee7 ki\u1ebfn th\u1ee9c \u0111\u1ec3 v\u1eadn h\u00e0nh thi\u1ebft b\u1ecb m\u1ed9t c\u00e1ch ch\u00ednh x\u00e1c v\u00e0 an to\u00e0n.<\/li>\n<li>L\u1eafp \u0111\u1eb7t b\u1ebfp c\u1ea7n tu\u00e2n th\u1ee7 h\u01b0\u1edbng d\u1eabn c\u1ee7a nh\u00e0 s\u1ea3n xu\u1ea5t v\u1ec1 kho\u1ea3ng c\u00e1ch l\u1eafp \u0111\u1eb7t v\u1edbi c\u00e1c thi\u1ebft b\u1ecb xung quanh. Kho\u1ea3ng tr\u1ed1ng d\u01b0\u1edbi b\u1ee5ng b\u1ebfp c\u1ea7n \u0111\u1ea3m b\u1ea3o t\u1ed1i thi\u1ec3u 100mm v\u00e0 th\u00f4ng tho\u00e1ng.<\/li>\n<li>S\u1eed d\u1ee5ng d\u1ee5ng c\u1ee5 n\u1ea5u chuy\u00ean d\u00f9ng \u0111\u1ec3 \u0111\u1ea1t hi\u1ec7u su\u1ea5t \u0111un n\u1ea5u cao, Tuy\u1ec7t \u0111\u1ed1i kh\u00f4ng \u0111un tr\u1ef1c ti\u1ebfp \u0111\u1ed3 h\u1ed9p k\u00edn tr\u00ean b\u1ebfp. Kh\u00f4ng n\u00ean k\u00e9o r\u00ea d\u1ee5ng c\u1ee5 n\u1ea5u \u0111\u1ec3 b\u1ea3o v\u1ec7 m\u1eb7t b\u1ebfp.<\/li>\n<li>\u0110\u1ea3m b\u1ea3o v\u00e0 canh ch\u1eebng tr\u1ebb nh\u1ecf \u0111\u1ebfn g\u1ea7n b\u1ebfp, gi\u00e1m s\u00e1t qu\u00e1 tr\u00ecnh \u0111un n\u1ea5u h\u1ea1n ch\u1ebf n\u01b0\u1edbc tr\u00e0n m\u1eb7t b\u1ebfp \u1ea3nh h\u01b0\u1edfng \u0111\u1ebfn tu\u1ed5i th\u1ecd c\u1ee7a b\u1ec1 m\u1eb7t.<\/li>\n<li>V\u1ec7 sinh th\u01b0\u1eddng xuy\u00ean sau m\u1ed7i l\u1ea7n s\u1eed d\u1ee5ng \u0111\u1ea3m b\u1ea3o hi\u1ec7u su\u1ea5t \u0111un n\u1ea5u. \u0110\u1ecbnh k\u1ef3 n\u00ean ki\u1ec3m tra b\u1ea3o d\u01b0\u1ee1ng c\u00e1c b\u1ed9 ph\u1eadn nh\u01b0 d\u00e2y ngu\u1ed3n, ph\u1ea7n b\u1ee5ng b\u1ebfp qu\u1ea1t t\u1ea3n nhi\u1ec7t\u2026<\/li>\n<li>Khi g\u1eb7p s\u1ef1 c\u1ed1 c\u1ea7n li\u00ean h\u1ec7 v\u1edbi c\u00e1c k\u1ef9 thu\u1eadt vi\u00ean c\u1ee7a h\u00e3ng \u0111\u1ec3 \u0111\u01b0\u1ee3c tr\u1ee3 gi\u00fap k\u1ecbp th\u1eddi.<\/li>\n<\/ul>\n<\/div>\n<\/div>\n","protected":false},"excerpt":{"rendered":"<ul class=\"product_meta\">\n<li>M\u00e3 s\u1ea3n ph\u1ea9m:\u00a0<strong>TA-1008 VN<\/strong><\/li>\n<li>Th\u01b0\u01a1ng hi\u1ec7u:\u00a0<strong>Lorca<\/strong><\/li>\n<li>Xu\u1ea5t x\u1ee9:\u00a0<strong>Vi\u1ec7t Nam<\/strong><\/li>\n<li>B\u1ea3o h\u00e0nh:\u00a0<strong>3 n\u0103m<\/strong><\/li>\n<\/ul>\n","protected":false},"featured_media":3797,"comment_status":"open","ping_status":"closed","template":"","meta":[],"product_brand":[],"product_cat":[15,113],"product_tag":[],"class_list":{"0":"post-3796","1":"product","2":"type-product","3":"status-publish","4":"has-post-thumbnail","6":"product_cat-bep-tu","7":"product_cat-lorca","9":"first","10":"instock","11":"shipping-taxable","12":"product-type-simple"},"_links":{"self":[{"href":"https:\/\/nhadepbepxinh.com.vn\/index.php?rest_route=\/wp\/v2\/product\/3796","targetHints":{"allow":["GET"]}}],"collection":[{"href":"https:\/\/nhadepbepxinh.com.vn\/index.php?rest_route=\/wp\/v2\/product"}],"about":[{"href":"https:\/\/nhadepbepxinh.com.vn\/index.php?rest_route=\/wp\/v2\/types\/product"}],"replies":[{"embeddable":true,"href":"https:\/\/nhadepbepxinh.com.vn\/index.php?rest_route=%2Fwp%2Fv2%2Fcomments&post=3796"}],"wp:featuredmedia":[{"embeddable":true,"href":"https:\/\/nhadepbepxinh.com.vn\/index.php?rest_route=\/wp\/v2\/media\/3797"}],"wp:attachment":[{"href":"https:\/\/nhadepbepxinh.com.vn\/index.php?rest_route=%2Fwp%2Fv2%2Fmedia&parent=3796"}],"wp:term":[{"taxonomy":"product_brand","embeddable":true,"href":"https:\/\/nhadepbepxinh.com.vn\/index.php?rest_route=%2Fwp%2Fv2%2Fproduct_brand&post=3796"},{"taxonomy":"product_cat","embeddable":true,"href":"https:\/\/nhadepbepxinh.com.vn\/index.php?rest_route=%2Fwp%2Fv2%2Fproduct_cat&post=3796"},{"taxonomy":"product_tag","embeddable":true,"href":"https:\/\/nhadepbepxinh.com.vn\/index.php?rest_route=%2Fwp%2Fv2%2Fproduct_tag&post=3796"}],"curies":[{"name":"wp","href":"https:\/\/api.w.org\/{rel}","templated":true}]}}