{"id":3789,"date":"2025-04-05T16:17:01","date_gmt":"2025-04-05T09:17:01","guid":{"rendered":"https:\/\/nhadepbepxinh.com.vn\/?post_type=product&#038;p=3789"},"modified":"2025-04-05T16:17:02","modified_gmt":"2025-04-05T09:17:02","slug":"may-hut-mui-turbo-smart-3d-x3d-350d","status":"publish","type":"product","link":"https:\/\/nhadepbepxinh.com.vn\/?product=may-hut-mui-turbo-smart-3d-x3d-350d","title":{"rendered":"MA\u0301Y HU\u0301T MU\u0300I TURBO SMART 3D X3D-350D"},"content":{"rendered":"<p><strong>M\u00e1y h\u00fat m\u00f9i TURBO SMART 3D \u2013 Gi\u1ea3i ph\u00e1p ho\u00e0n h\u1ea3o cho kh\u00f4ng gian b\u1ebfp hi\u1ec7n \u0111\u1ea1i<\/strong><\/p>\n<p>B\u1ea1n c\u00f3 nh\u1edb c\u1ea3m gi\u00e1c m\u1ec7t m\u1ecfi khi v\u01b0\u1ee3t qua c\u00e1nh c\u1eeda b\u1ebfp sau m\u1ed7i b\u1eefa \u0103n, khi m\u00f9i d\u1ea7u m\u1ee1 dai d\u1eb3ng x\u00e2m chi\u1ebfm kh\u00f4ng gian s\u1ed1ng? Trong nhi\u1ec1u c\u0103n h\u1ed9 chung c\u01b0, n\u01a1i b\u1ebfp li\u1ec1n ph\u00f2ng kh\u00e1ch, v\u1ea5n \u0111\u1ec1 m\u00f9i kh\u00f3 ch\u1ecbu \u0111\u00e3 tr\u1edf th\u00e0nh \u201cn\u1ed7i \u00e1m \u1ea3nh\u201d kh\u00f4ng nh\u1ecf. Gi\u1eefa bao lo toan \u0111\u00f3, ch\u00ednh nhu c\u1ea7u t\u00ecm m\u1ed9t gi\u1ea3i ph\u00e1p h\u00fat m\u00f9i hi\u1ec7u qu\u1ea3, \u00eam \u00e1i v\u00e0 hi\u1ec7n \u0111\u1ea1i \u0111\u00e3 tr\u1edf n\u00ean c\u1ea5p thi\u1ebft.<\/p>\n<div class=\"youtube-iframe-wrap\"><iframe loading=\"lazy\" title=\"YouTube video player\" src=\"https:\/\/www.youtube.com\/embed\/MF97kLyPs2c\" width=\"560\" height=\"315\" frameborder=\"0\" scrolling=\"no\" allowfullscreen=\"allowfullscreen\" data-mce-fragment=\"1\"><\/iframe><\/div>\n<p><strong>H\u00e0nh tr\u00ecnh t\u00ecm ki\u1ebfm gi\u1ea3i ph\u00e1p cho gian b\u1ebfp<\/strong><\/p>\n<p>Khi m\u00e1y h\u00fat m\u00f9i truy\u1ec1n th\u1ed1ng kh\u00f4ng c\u00f2n \u0111\u00e1p \u1ee9ng \u0111\u01b0\u1ee3c k\u1ef3 v\u1ecdng \u2013 thi\u1ebft k\u1ebf c\u1ed3ng k\u1ec1nh, \u0111\u1ed9 \u1ed3n cao v\u00e0 hi\u1ec7u su\u1ea5t h\u00fat m\u00f9i h\u1ea1n ch\u1ebf \u2013\u00a0<strong>M\u00e1y h\u00fat m\u00f9i TURBO SMART 3D<\/strong>\u00a0c\u1ee7a H\u00e3ng K\u00f6cher xu\u1ea5t hi\u1ec7n nh\u01b0 m\u1ed9t gi\u1ea3i ph\u00e1p \u0111\u1ed9t ph\u00e1 m\u1edbi trong c\u0103n b\u1ebfp gia \u0111\u00ecnh. \u0110\u01b0\u1ee3c xem l\u00e0 th\u1ebf h\u1ec7 n\u00e2ng c\u1ea5p ti\u1ebfp theo c\u1ee7a d\u00f2ng s\u1ea3n ph\u1ea9m\u00a0<strong>TURBO X<\/strong>, s\u1ea3n ph\u1ea9m n\u00e0y h\u1ee9a h\u1eb9n mang \u0111\u1ebfn hi\u1ec7u qu\u1ea3 h\u00fat m\u00f9i v\u01b0\u1ee3t tr\u1ed9i v\u1edbi tr\u1ea3i nghi\u1ec7m s\u1eed d\u1ee5ng th\u00f4ng minh v\u00e0 hi\u1ec7n \u0111\u1ea1i.<\/p>\n<p><img decoding=\"async\" src=\"https:\/\/kocher.vn\/pic\/Product\/images\/M%C3%A1y%20h%C3%BAt%20m%C3%B9i%20TURBO%20SMART%203D\/M%E1%BA%B7t%20ngo%C3%A0i%201.png\" alt=\"\" \/><\/p>\n<p><strong>S\u1ef1 kh\u00e1c bi\u1ec7t c\u1ee7a M\u00e1y h\u00fat m\u00f9i TURBO SMART 3D<\/strong><\/p>\n<p>M\u00e1y h\u00fat m\u00f9i TURBO SMART 3D \u0111\u01b0\u1ee3c trang b\u1ecb m\u00e0n h\u00ecnh \u0111i\u1ec1u khi\u1ec3n\u00a0<strong>SMART 3D<\/strong>\u00a0v\u1edbi c\u00f4ng ngh\u1ec7\u00a0<strong>COLOR FILM DISPLAY (CFD)<\/strong>, cho kh\u1ea3 n\u0103ng hi\u1ec3n th\u1ecb s\u1eafc n\u00e9t, m\u00e0u s\u1eafc phong ph\u00fa v\u00e0 d\u1ec5 thao t\u00e1c. Nh\u1edd \u0111\u00f3, m\u1ed7i khi b\u1ea1n \u0111i\u1ec1u ch\u1ec9nh ch\u1ebf \u0111\u1ed9 h\u00fat m\u00f9i, m\u1ecdi thao t\u00e1c \u0111\u1ec1u tr\u1edf n\u00ean tr\u1ef1c quan v\u00e0 m\u01b0\u1ee3t m\u00e0.<br \/>\n<img decoding=\"async\" src=\"https:\/\/kocher.vn\/pic\/Product\/images\/M%C3%A1y%20h%C3%BAt%20m%C3%B9i%20TURBO%20SMART%203D\/4.png\" alt=\"\" \/><\/p>\n<p>Kh\u00f4ng ch\u1ec9 d\u1eebng l\u1ea1i \u1edf \u0111\u00f3, h\u1ec7 th\u1ed1ng \u0111\u00e8n\u00a0<strong>LED \u00e1nh s\u00e1ng tr\u1eafng<\/strong>\u00a0\u0111\u01b0\u1ee3c t\u00edch h\u1ee3p gi\u00fap chi\u1ebfu s\u00e1ng b\u1ebfp n\u1ea5u \u0111\u1ec1u v\u00e0 t\u1ef1 nhi\u00ean, kh\u00f4ng g\u00e2y ch\u00f3i m\u1eaft \u2013 \u0111i\u1ec1u m\u00e0 nhi\u1ec1u gia \u0111\u00ecnh, nh\u1ea5t l\u00e0 trong kh\u00f4ng gian c\u00f3 \u00e1nh s\u00e1ng h\u1ea1n ch\u1ebf, r\u1ea5t c\u1ea7n thi\u1ebft.<br \/>\n<img decoding=\"async\" src=\"https:\/\/kocher.vn\/pic\/Product\/images\/M%C3%A1y%20h%C3%BAt%20m%C3%B9i%20TURBO%20SMART%203D\/vlcsnap-2025-03-31-14h21m44s064.png\" alt=\"\" \/><\/p>\n<p><strong>\u0110i\u1ec3m m\u1ea1nh v\u01b0\u1ee3t tr\u1ed9i \u2013 T\u1eeb c\u00f4ng ngh\u1ec7 \u0111\u1ebfn tr\u1ea3i nghi\u1ec7m<\/strong><\/p>\n<p>M\u1ed9t \u0111i\u1ec3m \u0111\u00e1ng ch\u00fa \u00fd kh\u00e1c c\u1ee7a s\u1ea3n ph\u1ea9m l\u00e0 t\u00ednh n\u0103ng h\u1eb9n gi\u1edd th\u00f4ng minh, cho ph\u00e9p \u0111\u1eb7t th\u1eddi gian ho\u1ea1t \u0111\u1ed9ng l\u00ean \u0111\u1ebfn\u00a0<strong>90 ph\u00fat<\/strong>, k\u00e8m theo \u0111\u1ed3ng h\u1ed3 hi\u1ec3n th\u1ecb th\u1eddi gian th\u1ef1c. \u0110i\u1ec1u n\u00e0y gi\u00fap b\u1ea1n ch\u1ee7 \u0111\u1ed9ng ki\u1ec3m so\u00e1t qu\u00e1 tr\u00ecnh n\u1ea5u n\u01b0\u1edbng, t\u1eeb \u0111\u00f3 t\u1ed1i \u01b0u h\u00f3a hi\u1ec7u su\u1ea5t v\u00e0 ti\u1ebft ki\u1ec7m n\u0103ng l\u01b0\u1ee3ng.<br \/>\n<img decoding=\"async\" src=\"https:\/\/kocher.vn\/pic\/Product\/images\/M%C3%A1y%20h%C3%BAt%20m%C3%B9i%20TURBO%20SMART%203D\/vlcsnap-2025-03-31-14h20m38s816.png\" alt=\"\" \/><\/p>\n<p>V\u1ec1 hi\u1ec7u su\u1ea5t h\u00fat m\u00f9i, m\u00e1y ho\u1ea1t \u0111\u1ed9ng v\u1edbi 4 t\u1ed1c \u0111\u1ed9 linh ho\u1ea1t, v\u1edbi ch\u1ebf \u0111\u1ed9 Booster \u0111\u1ea1t c\u00f4ng su\u1ea5t h\u00fat l\u00ean t\u1edbi\u00a0<strong>1800m\u00b3\/gi\u1edd<\/strong>, \u0111\u1ea3m b\u1ea3o lo\u1ea1i b\u1ecf tri\u1ec7t \u0111\u1ec3 m\u00f9i d\u1ea7u m\u1ee1 v\u00e0 kh\u00f3i n\u1ea5u ngay t\u1ee9c th\u00ec. \u0110\u1eb7c bi\u1ec7t, \u0111\u1ed9 \u1ed3n \u0111\u01b0\u1ee3c t\u1ed1i \u01b0u ch\u1ec9 t\u1eeb\u00a0<strong>46 dB<\/strong>, t\u1ea1o n\u00ean s\u1ef1 y\u00ean t\u0129nh cho kh\u00f4ng gian b\u1ebfp.<br \/>\n<img decoding=\"async\" src=\"https:\/\/kocher.vn\/pic\/Product\/images\/M%C3%A1y%20h%C3%BAt%20m%C3%B9i%20TURBO%20SMART%203D\/2.png\" alt=\"\" \/><\/p>\n<p><strong>Thi\u1ebft k\u1ebf nh\u1ecf g\u1ecdn \u2013 L\u00fd t\u01b0\u1edfng cho kh\u00f4ng gian hi\u1ec7n \u0111\u1ea1i<br \/>\n<img decoding=\"async\" src=\"https:\/\/kocher.vn\/pic\/Product\/images\/M%C3%A1y%20h%C3%BAt%20m%C3%B9i%20TURBO%20SMART%203D\/1.png\" alt=\"\" \/><\/strong><\/p>\n<p>V\u1edbi k\u00edch th\u01b0\u1edbc\u00a0<strong>700 x 297 x 350 mm<\/strong>\u00a0v\u00e0 \u0111\u1ed9 d\u00e0y ch\u1ec9\u00a0<strong>35 cm<\/strong>, \u0111\u00e2y l\u00e0 gi\u1ea3i ph\u00e1p l\u00fd t\u01b0\u1edfng cho c\u0103n b\u1ebfp hi\u1ec7n \u0111\u1ea1i, \u0111\u1eb7c bi\u1ec7t trong c\u00e1c chung c\u01b0 c\u00f3 thi\u1ebft k\u1ebf ph\u00f2ng kh\u00e1ch &amp; khu v\u1ef1c b\u1ebfp th\u00f4ng v\u1edbi nhau. Ch\u1ea5t li\u1ec7u h\u1ee3p kim cao c\u1ea5p c\u00f9ng quy tr\u00ecnh s\u1ea3n xu\u1ea5t \u0111\u1ea1t ti\u00eau chu\u1ea9n\u00a0<strong>ISO 9001:2015<\/strong>\u00a0kh\u00f4ng ch\u1ec9 \u0111\u1ea3m b\u1ea3o \u0111\u1ed9 b\u1ec1n v\u01b0\u1ee3t tr\u1ed9i m\u00e0 c\u00f2n t\u00f4n l\u00ean t\u00ednh th\u1ea9m m\u1ef9 cho kh\u00f4ng gian n\u1ed9i th\u1ea5t.<\/p>\n<p><strong>Gi\u00e1 tr\u1ecb m\u00e0 TURBO SMART 3D mang l\u1ea1i cho ng\u01b0\u1eddi d\u00f9ng<\/strong><\/p>\n<p>Nh\u1eefng gia \u0111\u00ecnh tr\u1ebb hi\u1ec7n \u0111\u1ea1i, nh\u1eefng ng\u01b0\u1eddi y\u00eau th\u00edch c\u00f4ng ngh\u1ec7 v\u00e0 phong c\u00e1ch s\u1ed1ng ti\u1ec7n nghi s\u1ebd t\u00ecm th\u1ea5y \u1edf\u00a0<strong>M\u00e1y h\u00fat m\u00f9i TURBO SMART 3D<\/strong>\u00a0gi\u1ea3i ph\u00e1p ho\u00e0n h\u1ea3o cho \u201cn\u1ed7i \u0111au\u201d c\u1ee7a c\u0103n b\u1ebfp gia \u0111\u00ecnh: m\u00f9i kh\u00f3 ch\u1ecbu, ti\u1ebfng \u1ed3n phi\u1ec1n to\u00e1i v\u00e0 hi\u1ec7u su\u1ea5t h\u00fat y\u1ebfu c\u1ee7a c\u00e1c m\u00e1y h\u00fat m\u00f9i c\u0169.<br \/>\n<img decoding=\"async\" src=\"https:\/\/kocher.vn\/pic\/Product\/images\/M%C3%A1y%20h%C3%BAt%20m%C3%B9i%20TURBO%20SMART%203D\/3.png\" alt=\"\" \/><br \/>\nH\u01a1n n\u1eefa, khi l\u1ef1a ch\u1ecdn s\u1ea3n ph\u1ea9m n\u00e0y, b\u1ea1n c\u00f2n nh\u1eadn \u0111\u01b0\u1ee3c nhi\u1ec1u \u01b0u \u0111\u00e3i h\u1ea5p d\u1eabn nh\u01b0 gi\u1ea3m gi\u00e1 tr\u1ef1c ti\u1ebfp t\u1ea1i \u0111i\u1ec3m b\u00e1n, h\u1ed7 tr\u1ee3 kh\u1ea3o s\u00e1t \u2013 l\u1eafp \u0111\u1eb7t mi\u1ec5n ph\u00ed t\u1ea1i nh\u00e0, c\u00f9ng ch\u00ednh s\u00e1ch b\u1ea3o h\u00e0nh 3 n\u0103m v\u1edbi d\u1ecbch v\u1ee5 chuy\u00ean nghi\u1ec7p &amp; t\u1eadn t\u00e2m.<br \/>\n<img decoding=\"async\" src=\"https:\/\/kocher.vn\/pic\/Product\/images\/M%C3%A1y%20h%C3%BAt%20m%C3%B9i%20TURBO%20SMART%203D\/5.png\" alt=\"\" \/><\/p>\n<p><strong>K\u1ebft lu\u1eadn<\/strong><\/p>\n<p>N\u1ebfu b\u1ea1n \u0111ang t\u00ecm ki\u1ebfm m\u1ed9t gi\u1ea3i ph\u00e1p h\u00fat m\u00f9i \u0111\u1ed9t ph\u00e1, hi\u1ec7u qu\u1ea3 v\u00e0 d\u1ec5 s\u1eed d\u1ee5ng cho kh\u00f4ng gian b\u1ebfp hi\u1ec7n \u0111\u1ea1i,\u00a0<strong>M\u00e1y h\u00fat m\u00f9i TURBO SMART 3D<\/strong>\u00a0ch\u00ednh l\u00e0 l\u1ef1a ch\u1ecdn kh\u00f4ng th\u1ec3 b\u1ecf qua.<br \/>\n<img decoding=\"async\" src=\"https:\/\/kocher.vn\/pic\/Product\/images\/M%C3%A1y%20h%C3%BAt%20m%C3%B9i%20TURBO%20SMART%203D\/1.JPG\" alt=\"\" \/><br \/>\nH\u00e3y \u0111\u1ec3\u00a0<strong>H\u00e3ng K\u00f6cher<\/strong>\u00a0c\u00f9ng b\u1ea1n n\u00e2ng t\u1ea7m cu\u1ed9c s\u1ed1ng, bi\u1ebfn c\u0103n b\u1ebfp tr\u1edf n\u00ean s\u1ea1ch s\u1ebd, tho\u00e1ng m\u00e1t v\u00e0 tr\u00e0n \u0111\u1ea7y c\u1ea3m h\u1ee9ng m\u1ed7i ng\u00e0y!<\/p>\n<p><strong>\u0110\u1eb6C T\u00cdNH S\u1ea2N PH\u1ea8M<\/strong><\/p>\n<p>Ch\u1ea5t li\u1ec7u h\u1ee3p kim cao c\u1ea5p, ph\u1ee7 s\u01a1n t\u0129nh \u0111i\u1ec7n<\/p>\n<p>M\u00e0n h\u00ecnh\u00a0<strong>Smart 3D<\/strong>\u00a0&#8211; Cho kh\u1ea3 n\u0103ng hi\u1ec3n th\u1ecb s\u1eafc n\u00e9t &amp; r\u00f5 r\u00e0ng<\/p>\n<p>\u0110i\u1ec1u khi\u1ec3n c\u1ea3m \u1ee9ng 4 t\u1ed1c \u0111\u1ed9<\/p>\n<p>C\u1ea3m \u1ee9ng chuy\u1ec3n \u0111\u1ed9ng\u00a0<strong>HAND WAVE SENSOR<\/strong><\/p>\n<p>Trang b\u1ecb 3 t\u1ea5m l\u01b0\u1edbi l\u1ecdc cao c\u1ea5p<\/p>\n<p>Than ho\u1ea1t t\u00ednh kh\u1eed m\u00f9i hi\u1ec7u qu\u1ea3<\/p>\n<p><strong>C\u00f4ng su\u1ea5t h\u00fat Booster l\u00ean t\u1edbi 1800m\u00b3\/gi\u1edd<\/strong><\/p>\n<p>Khoang h\u00fat gi\u00f3 X3, gia t\u0103ng kh\u1ea3 n\u0103ng gom kh\u00f3i v\u00e0 kh\u1eed m\u00f9i.<\/p>\n<p>\u0110\u1ed3ng h\u1ed3 hi\u1ec3n th\u1ecb theo th\u1eddi gian th\u1ef1c. H\u1eb9n gi\u1edd ho\u1ea1t \u0111\u1ed9ng l\u00ean t\u1edbi 90 ph\u00fat<\/p>\n<p><strong>TH\u00d4NG S\u1ed0 K\u1ef8 THU\u1eacT<\/strong><\/p>\n<p>\u1ed0ng tho\u00e1t:150<\/p>\n<p>C\u00f4ng su\u1ea5t motor: 195W.<\/p>\n<p>C\u00f4ng su\u1ea5t h\u00fat: 1400m\u00b3\/gi\u1edd &#8211; Booster: 1800m\u00b3\/gi\u1edd<\/p>\n<p>\u0110\u1ed9 \u1ed3n: 46dbA (<strong>C\u00f4ng ngh\u1ec7 Ultra Swing si\u00eau \u00eam<\/strong>).<\/p>\n<p>2 \u0111\u00e8n led 4*1.5W*2<\/p>\n<p>\u0110i\u1ec7n \u00e1p: 220v\/50Hz.<\/p>\n","protected":false},"excerpt":{"rendered":"<p>Ch\u1ea5t li\u1ec7u h\u1ee3p kim cao c\u1ea5p, ph\u1ee7 s\u01a1n t\u0129nh \u0111i\u1ec7n<\/p>\n<p>M\u00e0n h\u00ecnh\u00a0<strong>Smart 3D<\/strong>\u00a0&#8211; Cho kh\u1ea3 n\u0103ng hi\u1ec3n th\u1ecb s\u1eafc n\u00e9t &amp; r\u00f5 r\u00e0ng<\/p>\n<p>\u0110i\u1ec1u khi\u1ec3n c\u1ea3m \u1ee9ng 4 t\u1ed1c \u0111\u1ed9<\/p>\n<p>C\u1ea3m \u1ee9ng chuy\u1ec3n \u0111\u1ed9ng\u00a0<strong>HAND WAVE SENSOR<\/strong><\/p>\n","protected":false},"featured_media":3790,"comment_status":"open","ping_status":"closed","template":"","meta":[],"product_brand":[],"product_cat":[16,42],"product_tag":[],"class_list":{"0":"post-3789","1":"product","2":"type-product","3":"status-publish","4":"has-post-thumbnail","6":"product_cat-may-hut-mui","7":"product_cat-kocher","9":"first","10":"instock","11":"shipping-taxable","12":"product-type-simple"},"_links":{"self":[{"href":"https:\/\/nhadepbepxinh.com.vn\/index.php?rest_route=\/wp\/v2\/product\/3789","targetHints":{"allow":["GET"]}}],"collection":[{"href":"https:\/\/nhadepbepxinh.com.vn\/index.php?rest_route=\/wp\/v2\/product"}],"about":[{"href":"https:\/\/nhadepbepxinh.com.vn\/index.php?rest_route=\/wp\/v2\/types\/product"}],"replies":[{"embeddable":true,"href":"https:\/\/nhadepbepxinh.com.vn\/index.php?rest_route=%2Fwp%2Fv2%2Fcomments&post=3789"}],"wp:featuredmedia":[{"embeddable":true,"href":"https:\/\/nhadepbepxinh.com.vn\/index.php?rest_route=\/wp\/v2\/media\/3790"}],"wp:attachment":[{"href":"https:\/\/nhadepbepxinh.com.vn\/index.php?rest_route=%2Fwp%2Fv2%2Fmedia&parent=3789"}],"wp:term":[{"taxonomy":"product_brand","embeddable":true,"href":"https:\/\/nhadepbepxinh.com.vn\/index.php?rest_route=%2Fwp%2Fv2%2Fproduct_brand&post=3789"},{"taxonomy":"product_cat","embeddable":true,"href":"https:\/\/nhadepbepxinh.com.vn\/index.php?rest_route=%2Fwp%2Fv2%2Fproduct_cat&post=3789"},{"taxonomy":"product_tag","embeddable":true,"href":"https:\/\/nhadepbepxinh.com.vn\/index.php?rest_route=%2Fwp%2Fv2%2Fproduct_tag&post=3789"}],"curies":[{"name":"wp","href":"https:\/\/api.w.org\/{rel}","templated":true}]}}