{"id":3775,"date":"2025-04-04T16:51:16","date_gmt":"2025-04-04T09:51:16","guid":{"rendered":"https:\/\/nhadepbepxinh.com.vn\/?post_type=product&#038;p=3775"},"modified":"2025-04-14T09:31:34","modified_gmt":"2025-04-14T02:31:34","slug":"bo-noi-chao-cao-cap-eurosun-mc1702-harmony","status":"publish","type":"product","link":"https:\/\/nhadepbepxinh.com.vn\/?product=bo-noi-chao-cao-cap-eurosun-mc1702-harmony","title":{"rendered":"B\u1ed8 N\u1ed2I CH\u1ea2O CAO C\u1ea4P EUROSUN MC1702- HARMONY"},"content":{"rendered":"<div class=\"row row_location\">\n<div class=\"col medium-6 small-12 large-6\">\n<div class=\"box_content\">\n<div class=\"title\">\n<h2 class=\"title__Tt\">B\u1ed8 N\u1ed2I CAO C\u1ea4P EUROSUN MC1702- HARMONY<\/h2>\n<\/div>\n<div id=\"xem_1\" class=\"des rt_text_rg rt_text_rg_1\">\n<p>M\u1ed9t trong nh\u1eefng v\u1eadt d\u1ee5ng l\u00e0m b\u1ebfp kh\u00f4ng th\u1ec3 thi\u1ebfu c\u1ee7a c\u00e1c ch\u1ecb em \u0111\u00f3 l\u00e0 b\u1ed9 n\u1ed3i INOX 304-8 m\u00f3n EUROSUN MC1702-Harmony cao c\u1ea5p. MC1702-Harmony c\u00f3 thi\u1ebft k\u1ebf \u0111\u01a1n gi\u1ea3n, g\u1ecdn nh\u1eb9, s\u1eed d\u1ee5ng cho m\u1ecdi lo\u1ea1i b\u1ebfp, \u0111\u1eb7c bi\u1ec7t v\u1edbi b\u1ebfp t\u1eeb hi\u1ec7u qu\u1ea3 ti\u1ebft ki\u1ec7m \u0111i\u1ec7n l\u00ean t\u1edbi 30% \u0111i\u1ec7n n\u0103ng v\u00e0 n\u00e2ng cao tu\u1ed5i th\u1ecd c\u1ee7a b\u1ebfp.<\/p>\n<\/div>\n<\/div>\n<\/div>\n<\/div>\n<div class=\"row row_location\">\n<div class=\"col medium-6 small-12 large-6\">\n<div class=\"box_content\">\n<div class=\"title\">\n<h2 class=\"title__Tt\">B\u1ed8 N\u1ed2I \u2013 CH\u1ea2O C\u1ea4U TR\u00daC 3 L\u1edaP \u0110\u00c1Y<\/h2>\n<\/div>\n<div id=\"xem_2\" class=\"des rt_text_rg rt_text_rg_2\">\n<p>Inox l\u00e0 s\u1ef1 thay th\u1ebf ho\u00e0n h\u1ea3o cho n\u1ed3i nh\u00f4m khi v\u01b0\u1ee3t tr\u1ed9i h\u01a1n h\u1eb3n v\u1ec1 m\u1eb7t an to\u00e0n cho s\u1ee9c kh\u1ecfe. Tuy nhi\u00ean inox l\u1ea1i kh\u00f4ng b\u1eaft nhi\u1ec7t t\u1ed1t b\u1eb1ng nh\u00f4m. \u0110\u1ec3 kh\u1eafc ph\u1ee5c nh\u01b0\u1ee3c \u0111i\u1ec3m n\u00e0y, b\u1ed9 n\u1ed3i inox 3 \u0111\u00e1y Eurosun MC1702 \u0111\u01b0\u1ee3c thi\u1ebft k\u1ebf 3 l\u1edbp \u0111\u1eb7c bi\u1ec7t theo th\u1ee9 t\u1ef1 inox-nh\u00f4m-inox. Trong \u0111\u00f3 l\u1edbp nh\u00f4m d\u00e0y 4,5mm \u0111\u01b0\u1ee3c ch\u1ebf t\u1ea1o b\u1eb1ng m\u00e1y t\u1ea1o \u00e1p l\u1ef1c ma s\u00e1t n\u00ean b\u1ed9 n\u1ed3i-ch\u1ea3o gi\u00fap truy\u1ec1n v\u00e0 gi\u1eef nhi\u1ec7t t\u1ed1i \u01b0u \u0111\u1ec1u kh\u1eafp \u0111\u00e1y n\u1ed3i trong khi nh\u00f4m kh\u00f4ng h\u1ec1 ti\u1ebfp x\u00fac tr\u1ef1c ti\u1ebfp v\u1edbi th\u1ee9c \u0103n. C\u1ea5u tr\u00fac 3 \u0111\u00e1y c\u00f2n gi\u00fap ti\u1ebft ki\u1ec7m r\u1ea5t nhi\u1ec1u n\u0103ng l\u01b0\u1ee3ng khi n\u1ea5u so v\u1edbi c\u00e1c lo\u1ea1i n\u1ed3i kh\u00e1c.<\/p>\n<\/div>\n<\/div>\n<\/div>\n<\/div>\n<div class=\"row row_location\">\n<div class=\"col medium-6 small-12 large-6\">\n<div class=\"box_content\">\n<div class=\"title\">\n<h2 class=\"title__Tt\">MEN CH\u1ed0NG D\u00cdNH \u0110\u01af\u1ee2C S\u1ea2N XU\u1ea4T B\u1edeI H\u00c3NG GREBLON G3 T\u1ea0I CHLB \u0110\u1ee9c<\/h2>\n<\/div>\n<div id=\"xem_3\" class=\"des rt_text_rg rt_text_rg_3\">\n<p>Ch\u1ea3o ch\u1ed1ng d\u00ednh c\u1ee7a Eurosun \u0111\u01b0\u1ee3c s\u1eed d\u1ee5ng ch\u1ea5t men ch\u1ed1ng d\u00ednh 3 l\u1edbp si\u00eau b\u1ec1n Quantanium b\u1edfi h\u00e3ng Whitford s\u1ea3n xu\u1ea5t t\u1ea1i M\u1ef9.<\/p>\n<p>Ch\u1ea5t ch\u1ed1ng d\u00ednh Whitford c\u00f3 th\u00e0nh ph\u1ea7n PTFE,\u00a0<strong>ph\u00e2n h\u1ee7y \u1edf nhi\u1ec7t \u0111\u1ed9 tr\u00ean 440 \u0111\u1ed9 C<\/strong>,\u00a0<strong>kh\u00f4ng ch\u1ee9a c\u00e1c ch\u1ea5t<\/strong>\u00a0<strong>PFOA, APEO,\u00a0<\/strong>\u0111\u1ed9 ch\u1ed1ng d\u00ednh cao, c\u00f3 kh\u1ea3 n\u0103ng ch\u1ed1ng ch\u1ecbu t\u1ed1t v\u1edbi m\u00f4i tr\u01b0\u1eddng axit, ki\u1ec1m, dung m\u00f4i h\u1eefu c\u01a1, d\u1ea7u.<\/p>\n<p>V\u00ec v\u1eady, s\u1ea3n ph\u1ea9m ch\u1ea3o trong b\u1ed9\u00a0<strong>EUROSUN MC1702- Harmony<\/strong><strong>\u00a0<\/strong>r\u1ea5t an to\u00e0n, b\u1ec1n ch\u1eafc v\u00e0 c\u00f3 tu\u1ed5i th\u1ecd cao.<\/p>\n<\/div>\n<\/div>\n<\/div>\n<\/div>\n<div class=\"row row_location\">\n<div class=\"col medium-6 small-12 large-6\">\n<div class=\"box_content\">\n<div class=\"title\">\n<h2 class=\"title__Tt\">VUNG K\u00cdNH C\u01af\u1edcNG L\u1ef0C , TAY C\u1ea6M INOX<\/h2>\n<\/div>\n<div id=\"xem_4\" class=\"des rt_text_rg rt_text_rg_4\">\n<p>Vung k\u00ednh c\u01b0\u1eddng l\u1ef1c d\u00e0y 4mm d\u1ea1ng ph\u1eb3ng, thi\u1ebft k\u1ebf tinh t\u1ebf \u0111\u01b0\u1ee3c g\u1eafn l\u1edbp silicon ch\u1ecbu nhi\u1ec7t m\u00e0u \u0111\u1ecf, t\u0103ng t\u00ednh th\u1ea9m m\u1ef9 v\u00e0 c\u00e1ch nhi\u1ec7t trong qu\u00e1 tr\u00ecnh n\u1ea5u. M\u00e9p vung \u0111\u01b0\u1ee3c b\u1ecdc inox ch\u1eafc ch\u1eafn, h\u1ea1n ch\u1ebf b\u1ec3 v\u1ee1 khi va \u0111\u1eadp. B\u00ean c\u1ea1nh \u0111\u00f3, vung k\u00ednh c\u01b0\u1eddng l\u1ef1c trong su\u1ed1t gi\u00fap b\u1ea1n d\u1ec5 d\u00e0ng quan s\u00e1t th\u1ef1c ph\u1ea9m trong n\u1ed3i.<\/p>\n<p>Tay c\u1ea7m inox cao c\u1ea5p \u0111\u00e1nh b\u00f3ng t\u1ea3n nhi\u1ec7t nhanh gi\u00fap kh\u00f4ng b\u1ecb b\u1ecfng trong qu\u00e1 tr\u00ecnh s\u1eed d\u1ee5ng.<\/p>\n<p>Quai n\u1ed3i \u0111\u01b0\u1ee3c l\u00e0m t\u1eeb inox 304 h\u00e0n c\u00f4ng ngh\u1ec7 h\u1ed3 quay \u0111a \u0111i\u1ec3n ch\u1eafc ch\u1eafn v\u00e0 sang tr\u1ecdng<\/p>\n<\/div>\n<\/div>\n<\/div>\n<\/div>\n<div class=\"row row_location\">\n<div class=\"col medium-6 small-12 large-6\">\n<div class=\"box_content\">\n<div class=\"title\">\n<h2 class=\"title__Tt\">\u0110A D\u1ea0NG K\u00cdCH C\u1ee0, \u0110\u00c1P \u1ee8NG M\u1eccI NHU C\u1ea6U \u0110UN N\u1ea4U<\/h2>\n<\/div>\n<div id=\"xem_5\" class=\"des rt_text_rg rt_text_rg_5\">\n<p>B\u1ed9 s\u1ea3n ph\u1ea9m 3 n\u1ed3i v\u1edbi 3 k\u00edch c\u1ee1 18-20-24 cm, 1 x\u1eedng h\u1ea5p k\u00edch c\u1ee1 24cm, 1 ch\u1ea3o k\u00edch c\u1ee1 26cm gi\u00fap b\u1ea1n d\u1ec5 d\u00e0ng n\u1ea5u n\u01b0\u1edbng v\u1edbi nhi\u1ec1u s\u1ef1 l\u1ef1a ch\u1ecdn h\u01a1n c\u1ee7a gia \u0111\u00ecnh<\/p>\n<p>B\u1ed9 n\u1ed3i inox 3 \u0111\u00e1y\u00a0<strong>EUROSUN MC1702- Harmony<\/strong> v\u1edbi thi\u1ebft k\u1ebf \u0111\u1eb9p m\u1eaft v\u00e0 ch\u1ea5t l\u01b0\u1ee3ng v\u01b0\u1ee3t tr\u1ed9i h\u1ee9a h\u1eb9n l\u00e0m h\u00e0i l\u00f2ng ngay c\u1ea3 nh\u1eefng ng\u01b0\u1eddi kh\u00f3 t\u00ednh nh\u1ea5t. Vi\u1ec7c s\u1edf h\u1eefu 1 b\u1ed9 n\u1ed3i EUROSUN MC1702- Harmony trong c\u0103n b\u1ebfp l\u00e0 m\u1ed9t s\u1ef1 l\u1ef1a ch\u1ecdn tuy\u1ec7t v\u1eddi c\u1ee7a ng\u01b0\u1eddi l\u00e0m b\u1ebfp th\u00f4ng minh.<\/p>\n<\/div>\n<\/div>\n<\/div>\n<\/div>\n<div class=\"row row_location\">\n<div class=\"col medium-6 small-12 large-6\">\n<div class=\"box_content\">\n<div class=\"title\">\n<h2 class=\"title__Tt\">S\u1eec D\u1ee4NG TR\u00caN M\u1eccI LO\u1ea0I B\u1ebeP<\/h2>\n<\/div>\n<div id=\"xem_6\" class=\"des rt_text_rg rt_text_rg_6\">\n<p>T\u1eeb c\u00e1c lo\u1ea1i b\u1ebfp: b\u1ebfp t\u1eeb, b\u1ebfp h\u1ed3ng ngo\u1ea1i, b\u1ebfp gas \u0111\u1ebfn M\u00e1y r\u1eeda b\u00e1t, b\u1ed9 n\u1ed3i-ch\u1ea3o \u0111\u1ec1u c\u00f3 th\u1ec3 s\u1eed d\u1ee5ng \u0111\u01b0\u1ee3c, ti\u1ec7n d\u1ee5ng. \u0110\u1eb7c bi\u1ec7t v\u1edbi b\u1ebfp t\u1eeb th\u00ec hi\u1ec7u qu\u1ea3 ti\u1ebft ki\u1ec7m \u0111\u1ea1t tr\u00ean 30% \u0111i\u1ec7n n\u0103ng v\u00e0 n\u00e2ng cao tu\u1ed5i th\u1ecd c\u1ee7a b\u1ebfp. Kh\u00f4ng nh\u1eefng th\u1ebf, b\u1ed9 n\u1ed3i c\u00f2n c\u00f3 ki\u1ec3u d\u00e1ng \u0111\u00e1y th\u1eb3ng sang tr\u1ecdng gi\u00fap t\u1ed1i \u0111a ti\u1ebft di\u1ec7n ti\u1ebfp x\u00fac l\u00ean m\u1eb7t b\u1ebfp t\u1eeb \u0111\u00f3 truy\u1ec1n nhi\u1ec7t v\u00e0 ti\u1ebft ki\u1ec7m n\u0103ng l\u01b0\u1ee3ng h\u01a1n.<\/p>\n<\/div>\n<\/div>\n<\/div>\n<\/div>\n<div id=\"tab-thong-so-ky-thuat\" class=\"row tab_thong_so\">\n<div class=\"col medium-12 small-12 large-12\">\n<div class=\"title\">\n<h2 class=\"title__Tt\">TH\u00d4NG S\u1ed0 S\u1ea2N PH\u1ea8M<\/h2>\n<\/div>\n<\/div>\n<div class=\"col medium-6 small-12 large-8 table-sp\">\n<div class=\"table_center rt_text_hover\">\n<table class=\"xem_table\" border=\"1\" cellspacing=\"0\" cellpadding=\"0\">\n<tbody>\n<tr>\n<td>T\u00ean s\u1ea3n ph\u1ea9m<\/td>\n<td><strong>B\u1ed9 n\u1ed3i MC1702- Harmony<\/strong><\/td>\n<\/tr>\n<tr>\n<td>Th\u01b0\u01a1ng hi\u1ec7u<\/td>\n<td><strong>EUROSUN<\/strong><\/td>\n<\/tr>\n<tr>\n<td>Ch\u1ea5t li\u1ec7u<\/td>\n<td><strong>Inox SUS304 &#8211; 18\/10<\/strong><\/td>\n<\/tr>\n<tr>\n<td>C\u1ea5u tr\u00fac<\/td>\n<td><strong>3 L\u1edbp \u0111\u00e1y<\/strong><\/td>\n<\/tr>\n<tr>\n<td>Ch\u1ea5t ch\u1ed1ng d\u00ednh<\/td>\n<td><strong>Ch\u1ea5t men ch\u1ed1ng d\u00ednh Whitford<\/strong><\/td>\n<\/tr>\n<tr>\n<td>Vung<\/td>\n<td><strong>K\u00ednh c\u01b0\u1eddng l\u1ef1c d\u00e0y 4mm, v\u00e0nh inox<\/strong><\/td>\n<\/tr>\n<tr>\n<td>Quai n\u1ed3i<\/td>\n<td><strong>S\u1eed d\u1ee5ng kim lo\u1ea1i c\u00e1ch nhi\u1ec7t<\/strong><\/td>\n<\/tr>\n<tr>\n<td>\u0110\u00e1y n\u1ed3i<\/td>\n<td><strong>\u0110\u00e1y t\u1eeb, s\u1eed d\u1ee5ng tr\u00ean m\u1ecdi lo\u1ea1i b\u1ebfp<\/strong><\/td>\n<\/tr>\n<tr>\n<td>S\u1ed1 l\u01b0\u1ee3ng<\/td>\n<td><strong>3 n\u1ed3i, 1 x\u1eedng h\u1ea5p, 1 ch\u1ea3o<\/strong><\/td>\n<\/tr>\n<tr>\n<td>\u0110\u01b0\u1eddng k\u00ednh n\u1ed3i<\/td>\n<td><strong>24\/18cm<\/strong><\/td>\n<\/tr>\n<tr>\n<td>\u0110\u01b0\u1eddng k\u00ednh x\u1eedng\/ch\u1ea3o<\/td>\n<td><strong>24\/26cm<\/strong><\/td>\n<\/tr>\n<\/tbody>\n<\/table>\n<p>Eurosun \u0111\u1ea1t top 10 th\u01b0\u01a1ng hi\u1ec7u xu\u1ea5t s\u1eafc Ch\u00e2u \u00c1 Asia Excellent Brand 2022<img decoding=\"async\" src=\"https:\/\/eurosun.com.vn\/wp-content\/uploads\/2022\/08\/Eurosun-top-10-thuong-hieu-xuat-sac-chau-a-900jpg.jpg\" alt=\"\u1ea2nh ch\u1ee9ng nh\u1eadn Eurosun-top-10-thuong-hieu-xuat-sac-chau-a-900jpg\" \/><\/p>\n<\/div>\n<\/div>\n<\/div>\n","protected":false},"excerpt":{"rendered":"<div class=\"text-sub img-quocgia\">Xu\u1ea5t x\u1ee9:\u00a0PRC<\/div>\n<div class=\"text-sub\">NSX:\u00a0Eurosun<\/div>\n<div class=\"text-sub\">B\u1ea3o h\u00e0nh:\u00a024 th\u00e1ng<\/div>\n","protected":false},"featured_media":4833,"comment_status":"open","ping_status":"closed","template":"","meta":[],"product_brand":[],"product_cat":[61,68],"product_tag":[],"class_list":{"0":"post-3775","1":"product","2":"type-product","3":"status-publish","4":"has-post-thumbnail","6":"product_cat-hang-gia-dung","7":"product_cat-noi-chao","9":"first","10":"instock","11":"shipping-taxable","12":"product-type-simple"},"_links":{"self":[{"href":"https:\/\/nhadepbepxinh.com.vn\/index.php?rest_route=\/wp\/v2\/product\/3775","targetHints":{"allow":["GET"]}}],"collection":[{"href":"https:\/\/nhadepbepxinh.com.vn\/index.php?rest_route=\/wp\/v2\/product"}],"about":[{"href":"https:\/\/nhadepbepxinh.com.vn\/index.php?rest_route=\/wp\/v2\/types\/product"}],"replies":[{"embeddable":true,"href":"https:\/\/nhadepbepxinh.com.vn\/index.php?rest_route=%2Fwp%2Fv2%2Fcomments&post=3775"}],"wp:featuredmedia":[{"embeddable":true,"href":"https:\/\/nhadepbepxinh.com.vn\/index.php?rest_route=\/wp\/v2\/media\/4833"}],"wp:attachment":[{"href":"https:\/\/nhadepbepxinh.com.vn\/index.php?rest_route=%2Fwp%2Fv2%2Fmedia&parent=3775"}],"wp:term":[{"taxonomy":"product_brand","embeddable":true,"href":"https:\/\/nhadepbepxinh.com.vn\/index.php?rest_route=%2Fwp%2Fv2%2Fproduct_brand&post=3775"},{"taxonomy":"product_cat","embeddable":true,"href":"https:\/\/nhadepbepxinh.com.vn\/index.php?rest_route=%2Fwp%2Fv2%2Fproduct_cat&post=3775"},{"taxonomy":"product_tag","embeddable":true,"href":"https:\/\/nhadepbepxinh.com.vn\/index.php?rest_route=%2Fwp%2Fv2%2Fproduct_tag&post=3775"}],"curies":[{"name":"wp","href":"https:\/\/api.w.org\/{rel}","templated":true}]}}