{"id":3765,"date":"2025-04-04T16:40:45","date_gmt":"2025-04-04T09:40:45","guid":{"rendered":"https:\/\/nhadepbepxinh.com.vn\/?post_type=product&#038;p=3765"},"modified":"2025-04-04T16:40:45","modified_gmt":"2025-04-04T09:40:45","slug":"bep-tu-gerari-mbt-108a","status":"publish","type":"product","link":"https:\/\/nhadepbepxinh.com.vn\/?product=bep-tu-gerari-mbt-108a","title":{"rendered":"B\u00ca\u0301P T\u01af\u0300 GERARI MBT 108A"},"content":{"rendered":"<p><span class=\"fontstyle0\">TH\u00d4NG S\u1ed0 K\u1ef8 THU\u1eacT<br \/>\n<\/span><span class=\"fontstyle2\">\u2013 B\u1ebfp tr\u00e1i booster max 2400w \u2013 b\u1ebfp ph\u1ea3i booster max 2400w<br \/>\n\u2013 \u0110i\u1ec7n \u00e1p 220 \u2013 240V\/ 50 \u2013 60Hz<br \/>\n\u2013 M\u00e2m nhi\u1ec7t cu\u1ed1n s\u1ee3i b\u1eb1ng \u0111\u1ed3ng 100%<br \/>\n\u2013 Bo m\u1ea1ch s\u01a1\u0323i thu\u0309y tinh<br \/>\n\u2013 \u1ee8ng d\u1ee5ng c\u00f4ng ngh\u1ec7 inverter ti\u1ebft ki\u1ec7m \u0111i\u1ec7n<br \/>\n\u2013 9 c\u1ea5p \u0111\u1ed9 n\u1ea5u<br \/>\n\u2013 T\u00ednh n\u0103ng h\u00e2m n\u00f3ng nhi\u1ec7t \u0111\u1ed9 th\u1ea5p warm 65 \u2013 75 \u2013 85 \u0111\u1ed9<br \/>\n\u2013 Ch\u1ebf \u0111\u1ed9 n\u1ea5u chi\u00ean, x\u00e0o, h\u1ea5p<br \/>\n\u2013 T\u00ednh n\u0103ng ch\u1ed1ng tr\u00e0n, t\u1ef1 \u0111\u1ed9ng ng\u1eaft, t\u1ef1 nh\u1eadn di\u1ec7n v\u00f9ng n\u1ea5u,<br \/>\nkho\u00e1 ph\u00edm, b\u1ea3o v\u1ec7 an to\u00e0n nhi\u1ec7t \u0111\u1ed9 th\u1ea5p<br \/>\n\u2013 M\u1eb7t k\u00ednh Vitro Ceramic v\u00e1t 4 c\u1ea1nh 10mm<br \/>\n\u2013 C\u1ea3m \u1ee9ng Slide<\/span><\/p>\n","protected":false},"excerpt":{"rendered":"<p><span class=\"fontstyle0\">K\u00edch th\u01b0\u1edbc: 730 x 430 x 70 (mm)<br \/>\n<\/span><\/p>\n<p><span class=\"fontstyle0\">K\u00edch th\u01b0\u1edbc kho\u00e9t \u0111\u00e1: 690 x 400 (mm)<br \/>\n<\/span><\/p>\n<p><span class=\"fontstyle0\">\u0110\u01a1n v\u1ecb t\u00ednh: Chi\u1ebfc<\/span><\/p>\n<p>Xu\u1ea5t x\u1ee9: Malaysia<\/p>\n<p>B\u1ea3o\u00a0 h\u00e0nh: 3 n\u0103m<\/p>\n","protected":false},"featured_media":3767,"comment_status":"open","ping_status":"closed","template":"","meta":[],"product_brand":[],"product_cat":[15,101],"product_tag":[],"class_list":{"0":"post-3765","1":"product","2":"type-product","3":"status-publish","4":"has-post-thumbnail","6":"product_cat-bep-tu","7":"product_cat-gerari-bep-tu","9":"first","10":"instock","11":"shipping-taxable","12":"product-type-simple"},"_links":{"self":[{"href":"https:\/\/nhadepbepxinh.com.vn\/index.php?rest_route=\/wp\/v2\/product\/3765","targetHints":{"allow":["GET"]}}],"collection":[{"href":"https:\/\/nhadepbepxinh.com.vn\/index.php?rest_route=\/wp\/v2\/product"}],"about":[{"href":"https:\/\/nhadepbepxinh.com.vn\/index.php?rest_route=\/wp\/v2\/types\/product"}],"replies":[{"embeddable":true,"href":"https:\/\/nhadepbepxinh.com.vn\/index.php?rest_route=%2Fwp%2Fv2%2Fcomments&post=3765"}],"wp:featuredmedia":[{"embeddable":true,"href":"https:\/\/nhadepbepxinh.com.vn\/index.php?rest_route=\/wp\/v2\/media\/3767"}],"wp:attachment":[{"href":"https:\/\/nhadepbepxinh.com.vn\/index.php?rest_route=%2Fwp%2Fv2%2Fmedia&parent=3765"}],"wp:term":[{"taxonomy":"product_brand","embeddable":true,"href":"https:\/\/nhadepbepxinh.com.vn\/index.php?rest_route=%2Fwp%2Fv2%2Fproduct_brand&post=3765"},{"taxonomy":"product_cat","embeddable":true,"href":"https:\/\/nhadepbepxinh.com.vn\/index.php?rest_route=%2Fwp%2Fv2%2Fproduct_cat&post=3765"},{"taxonomy":"product_tag","embeddable":true,"href":"https:\/\/nhadepbepxinh.com.vn\/index.php?rest_route=%2Fwp%2Fv2%2Fproduct_tag&post=3765"}],"curies":[{"name":"wp","href":"https:\/\/api.w.org\/{rel}","templated":true}]}}