{"id":3755,"date":"2025-04-04T16:24:04","date_gmt":"2025-04-04T09:24:04","guid":{"rendered":"https:\/\/nhadepbepxinh.com.vn\/?post_type=product&#038;p=3755"},"modified":"2025-04-04T16:24:04","modified_gmt":"2025-04-04T09:24:04","slug":"bep-tu-eurosun-eu-t875g","status":"publish","type":"product","link":"https:\/\/nhadepbepxinh.com.vn\/?product=bep-tu-eurosun-eu-t875g","title":{"rendered":"B\u1ebeP T\u1eea EUROSUN EU-T875G"},"content":{"rendered":"<div class=\"container\">\n<p><img decoding=\"async\" style=\"color: #333333; font-size: 14.4px;\" src=\"https:\/\/eurosun.com.vn\/wp-content\/uploads\/2023\/05\/banner-web.jpg\" alt=\"bep-tu-eurosun-EU-T875G-banner\" \/><\/p>\n<\/div>\n<div class=\"tab-panels\">\n<div id=\"tab-\" class=\"woocommerce-Tabs-panel woocommerce-Tabs-panel-- panel entry-content active\" role=\"tabpanel\" aria-labelledby=\"tab-title-\">\n<div class=\"row row_location\">\n<div class=\"col medium-6 small-12 large-6\">\n<div class=\"box_content\">\n<div class=\"title\">\n<h2 class=\"title__Tt\">GI\u1edaI THI\u1ec6U S\u1ea2N PH\u1ea8M<\/h2>\n<\/div>\n<div id=\"xem_1\" class=\"des rt_text_rg rt_text_rg_1\">\n<p>B\u1ebfp t\u1eeb Eurosun EU-T875G l\u00e0 s\u1ea3n ph\u1ea9m b\u1ebfp t\u1eeb \u0111\u1eb3ng c\u1ea5p m\u1edbi \u0111\u01b0\u1ee3c Eurosun ra m\u1eaft \u0111\u1ea7u n\u0103m 2023 v\u1edbi nhi\u1ec1u t\u00ednh n\u0103ng n\u1ed5i b\u1eadt, thi\u1ebft k\u1ebf m\u1ecfng nh\u1eb9 v\u00e0 b\u00f3ng b\u1ea9y ngo\u00e0i vi\u1ec7c gi\u00fap b\u1ea1n th\u1ecfa s\u1ee9c v\u1edbi \u0111am m\u00ea n\u1ea5u n\u01b0\u1edbng c\u00f2n l\u00e0m t\u0103ng t\u00ednh th\u1ea9m m\u0129 cho kh\u00f4ng gian b\u1ebfp nh\u00e0 b\u1ea1n<\/p>\n<p>\u0110\u01b0\u1ee3c s\u1eed d\u1ee5ng<strong>\u00a0<\/strong>m\u1eb7t k\u00ednh<strong>\u00a0Schott Ceran t\u1eeb CHLB \u0110\u1ee9c<\/strong>, l\u00e0 lo\u1ea1i m\u1eb7t k\u00ednh t\u1ed1t nh\u1ea5t cho b\u1ebfp t\u1eeb hi\u1ec7n nay tr\u00ean th\u1ebf gi\u1edbi v\u00e0 \u0111\u01b0\u1ee3c h\u1ea7u h\u1ebft c\u00e1c th\u01b0\u01a1ng hi\u1ec7u n\u1ed5i ti\u1ebfng tr\u00ean to\u00e0n th\u1ebf gi\u1edbi tin d\u00f9ng, v\u1edbi kh\u1ea3 n\u0103ng ch\u1ecbu l\u1ef1c va \u0111\u1eadp m\u1ea1nh, kh\u1ea3 n\u0103ng ch\u1ecbu l\u1ef1c l\u00ean \u0111\u1ebfn 15.0kg tr\u00ean v\u00f9ng n\u1ea5u, ch\u1ecbu \u0111\u01b0\u1ee3c nhi\u1ec7t duy \u0111\u1ebfn 800\u00a0\u00baC<strong>\u00a0<\/strong>v\u00e0 ch\u1ecbu \u0111\u01b0\u1ee3c s\u1ed1c nhi\u1ec7t l\u00ean \u0111\u1ebfn 1000\u00a0\u00baC.<\/p>\n<\/div>\n<\/div>\n<\/div>\n<div class=\"col medium-6 small-12 large-6\"><img decoding=\"async\" src=\"https:\/\/eurosun.com.vn\/wp-content\/uploads\/2023\/05\/EU-T875G-web-2.jpg\" alt=\"EU-T875G-mat-kinh\" \/><\/div>\n<\/div>\n<div class=\"row row_location\">\n<div class=\"col medium-6 small-12 large-6\">\n<div class=\"box_content\">\n<div class=\"title\">\n<h2 class=\"title__Tt\">T\u1ed0C \u0110\u1ed8 T\u0102NG NHI\u1ec6T NHANH G\u1ea4P 2,5 L\u1ea6N SO V\u1edaI B\u1ebeP TRUY\u1ec0N TH\u1ed0NG<\/h2>\n<\/div>\n<div id=\"xem_2\" class=\"des rt_text_rg rt_text_rg_2\">\n<p>V\u1edbi thi\u1ebft k\u1ebf m\u1ea1ch c\u00f4ng su\u1ea5t l\u00f5i k\u00e9p c\u1ee7a b\u1ebfp t\u1eeb Eurosun EU-T875G , b\u1ebfp c\u00f3 kh\u1ea3 n\u0103ng \u0111\u1ea1t \u0111\u01b0\u1ee3c m\u1ee9c c\u00f4ng su\u1ea5t theo y\u00eau c\u1ea7u r\u1ea5t nhanh, k\u1ebft qu\u1ea3 test th\u1eed t\u1ea1i ph\u00f2ng th\u00ed nghi\u1ec7m k\u1ef9 thu\u1eadt c\u1ee7a Eurosun cho th\u1ea5y, b\u1ebfp EU-T875G c\u00f3 kh\u1ea3 n\u0103ng \u0111\u1ea1t m\u1ee9c c\u00f4ng su\u1ea5t 3000W ch\u1ec9 sau kho\u1ea3ng 3-5 gi\u00e2y kh\u1edfi \u0111\u1ed9ng v\u00e0 gi\u00fap \u0111un s\u00f4i n\u01b0\u1edbc nhanh g\u1ea5p 2,5 l\u1ea7n so v\u1edbi b\u1ebfp truy\u1ec1n th\u1ed1ng.<\/p>\n<\/div>\n<\/div>\n<\/div>\n<div class=\"col medium-6 small-12 large-6\"><img decoding=\"async\" src=\"https:\/\/eurosun.com.vn\/wp-content\/uploads\/2023\/05\/CHON-EU-T89x-900x603-1.jpg\" alt=\"m\u1ea1ch89x\" \/><\/div>\n<\/div>\n<div class=\"row row_location\">\n<div class=\"col medium-6 small-12 large-6\">\n<div class=\"box_content\">\n<div class=\"title\">\n<h2 class=\"title__Tt\">\u0110I\u1ec0U KHI\u1ec2N C\u1ea2M \u1ee8NG TR\u01af\u1ee2T SLIDER 9 M\u1ee8C C\u00d4NG SU\u1ea4T \u0110\u1ed8C L\u1eacP CHO 2 V\u00d9NG N\u1ea4U<\/h2>\n<\/div>\n<div id=\"xem_3\" class=\"des rt_text_rg rt_text_rg_3\">\n<p>\u0110\u00e2y \u0111\u01b0\u1ee3c coi l\u00e0 thi\u1ebft k\u1ebf \u01b0u vi\u1ec7t nh\u1ea5t cho b\u1ebfp t\u1eeb khi ng\u01b0\u1eddi s\u1eed d\u1ee5ng c\u00f3 th\u1ec3 d\u1ec5 d\u00e0ng v\u00e0 linh ho\u1ea1t \u0111i\u1ec1u khi\u1ec3n ho\u1ea1t \u0111\u1ed9ng c\u1ee7a c\u1ea3 2 v\u00f9ng n\u1ea5u \u0111\u1ed9c l\u1eadp c\u00f9ng l\u00fac.B\u1ed9 ph\u00edm \u0111i\u1ec1u khi\u1ec3n \u0111\u01b0\u1ee3c \u1ee9ng d\u1ee5ng c\u00f4ng ngh\u1ec7 c\u1ea3m bi\u1ebfn \u0111i\u1ec7n rung b\u1ecdt bi\u1ec3n si\u00eau nh\u1ea1y gi\u00fap ng\u01b0\u1eddi s\u1eed d\u1ee5ng d\u1ec5 d\u00e0ng thao t\u00e1c v\u00e0 an to\u00e0n.<\/p>\n<\/div>\n<\/div>\n<\/div>\n<div class=\"col medium-6 small-12 large-6\"><img decoding=\"async\" src=\"https:\/\/eurosun.com.vn\/wp-content\/uploads\/2023\/05\/EU-T875G-web-7-1.jpg\" alt=\"\" \/><\/div>\n<\/div>\n<div class=\"row row_location\">\n<div class=\"col medium-6 small-12 large-6\">\n<div class=\"box_content\">\n<div class=\"title\">\n<h2 class=\"title__Tt\">C\u00d4NG NGH\u1ec6 BI\u1ebeN T\u1ea6N BRIDGE INVERTER<\/h2>\n<\/div>\n<div id=\"xem_4\" class=\"des rt_text_rg rt_text_rg_4\">\n<p>B\u1ebfp t\u1eeb\u00a0 EUROSUN EU-T875G\u00a0\u00a0\u00a0<strong>Ti\u1ebft ki\u1ec7m 35%<\/strong>\u00a0\u0111i\u1ec7n n\u0103ng b\u1edfi t\u00edch h\u1ee3p\u00a0c\u00f4ng ngh\u1ec7 bi\u1ebfn t\u1ea7n<strong>\u00a0Bridge INVERTER<\/strong>\u00a0c\u1ea3m bi\u1ebfn th\u00f4ng minh<\/p>\n<\/div>\n<\/div>\n<\/div>\n<div class=\"col medium-6 small-12 large-6\"><img decoding=\"async\" src=\"https:\/\/eurosun.com.vn\/wp-content\/uploads\/2023\/05\/EU-T875G-web-4.jpg\" alt=\"EU-T875G- inverter\" \/><\/div>\n<\/div>\n<div class=\"row row_location\">\n<div class=\"col medium-6 small-12 large-6\">\n<div class=\"box_content\">\n<div class=\"title\">\n<h2 class=\"title__Tt\">CH\u1ee8C N\u0102NG BOOSTER<\/h2>\n<\/div>\n<div id=\"xem_5\" class=\"des rt_text_rg rt_text_rg_5\">\n<p>Ch\u1ee9c n\u0103ng\u00a0<strong>\u201cBooster<\/strong>\u201d si\u00eau nhanh\u00a0<strong>Max 3000W\u00a0<\/strong>gi\u00fap gi\u1ea3m th\u1eddi gian n\u1ea5u n\u01b0\u1edbng<strong>.\u00a0<\/strong>Khi b\u1eadt ch\u1ee9c n\u0103ng \u201cBooster<strong>\u201d\u00a0<\/strong>c\u00f4ng su\u1ea5t \u0111\u01b0\u1ee3c \u0111\u1ea9y l\u00ean nhanh ch\u00f3ng gi\u00fap c\u00e1c c\u00f4ng vi\u1ec7c n\u1ea5u n\u01b0\u1edbng ti\u1ebft ki\u1ec7m th\u1eddi gian v\u00e0 d\u1ec5 d\u00e0ng h\u01a1n. T\u1ed1c \u0111\u1ed9 t\u0103ng nhi\u1ec7t c\u1ee7a\u00a0<strong>B\u1ebfp t\u1eeb EU-T875G<\/strong>\u00a0c\u0169ng\u00a0<strong>nhanh g\u1ea5p 2.5 l\u1ea7n<\/strong>\u00a0so v\u1edbi b\u1ebfp truy\u1ec1n th\u1ed1ng.<\/p>\n<\/div>\n<\/div>\n<\/div>\n<div class=\"col medium-6 small-12 large-6\"><img decoding=\"async\" src=\"https:\/\/eurosun.com.vn\/wp-content\/uploads\/2023\/05\/EU-T875G-web-3.jpg\" alt=\"\" \/><\/div>\n<\/div>\n<div class=\"row row_location\">\n<div class=\"col medium-6 small-12 large-6\">\n<div class=\"box_content\">\n<div class=\"title\">\n<h2 class=\"title__Tt\">N\u1ea4U TH\u1ee8C \u0102N V\u1edaI \u0110\u1ed8 CH\u00cdNH X\u00c1C CAO, PH\u1ea2N \u1ee8NG T\u1ee8C TH\u00cc V\u1edaI M\u1ee8C NHI\u1ec6T MONG MU\u1ed0N<\/h2>\n<\/div>\n<div id=\"xem_6\" class=\"des rt_text_rg rt_text_rg_6\">\n<p>V\u1edbi c\u00f4ng ngh\u1ec7 th\u1ebf h\u1ec7 G5 \u0111\u01b0\u1ee3c \u00e1p d\u1ee5ng tr\u00ean B\u1ebfp t\u1eeb Eurosun EU-T875G\u00a0 c\u00f3 kh\u1ea3 n\u0103ng ph\u1ea3n \u1ee9ng thay \u0111\u1ed5i c\u00f4ng su\u1ea5t theo \u0111i\u1ec1u khi\u1ec3n ngay t\u1ee9c th\u00ec.Kh\u00f4ng ch\u1ec9 v\u1eady, b\u1ebfp s\u1ebd t\u1ef1 \u0111\u1ed9ng ph\u00e1t hi\u1ec7n v\u00f9ng n\u1ea5u v\u00e0 v\u00f9ng n\u1ea5u ch\u1ec9 n\u00f3ng l\u00ean khi c\u00f3 n\u1ed3i<\/p>\n<\/div>\n<\/div>\n<\/div>\n<div class=\"col medium-6 small-12 large-6\"><img decoding=\"async\" src=\"https:\/\/eurosun.com.vn\/wp-content\/uploads\/2023\/05\/875-1.jpg\" alt=\"\" \/><\/div>\n<\/div>\n<div class=\"row row_location\">\n<div class=\"col medium-6 small-12 large-6\">\n<div class=\"box_content\">\n<div class=\"title\">\n<h2 class=\"title__Tt\">T\u1ef0 \u0110\u1ed8NG PH\u00c1T HI\u00caN V\u00d9NG N\u1ea4U V\u00c0 V\u00d9NG N\u1ea4U CH\u1ec8 N\u00d3NG L\u00caN KHI C\u00d3 N\u1ed2I<\/h2>\n<\/div>\n<div id=\"xem_7\" class=\"des rt_text_rg rt_text_rg_7\">\n<p>V\u1edbi b\u1ebfp t\u1eeb EU-T875G \u0111\u01b0\u1ee3c t\u00edch h\u1ee3p ch\u1ee9c n\u0103ng t\u1ef1 nh\u1eadn di\u1ec7n v\u00f9ng n\u1ea5u, khi ta \u0111\u1eb7t n\u1ed3i l\u00ean 1 trong 2 v\u00f9ng n\u1ea5u sau \u0111\u00f3 \u1ea5n n\u00fat kh\u1edfi \u0111\u1ed9ng b\u1ebfp sau th\u1eddi gian 1-2 gi\u00e2y b\u1ebfp s\u1ebd t\u1ef1 \u0111\u1ed9ng t\u00ecm t\u00ecm v\u00f9ng n\u1ea5u \u0111\u00e3 c\u00f3 n\u1ed3i, ta ch\u1ec9 vi\u1ec7c \u0111i\u1ec1u ch\u1ec9nh m\u1ee9c c\u00f4ng su\u1ea5t to nh\u1ecf theo \u00fd mu\u1ed1n m\u00e0 kh\u00f4ng ph\u1ea3i thao t\u00e1c ch\u1ecdn v\u00f9ng n\u1ea5u nh\u01b0 b\u1ebfp th\u00f4ng th\u01b0\u1eddng.<\/p>\n<\/div>\n<\/div>\n<\/div>\n<div class=\"col medium-6 small-12 large-6\"><img decoding=\"async\" src=\"https:\/\/eurosun.com.vn\/wp-content\/uploads\/2023\/05\/875.jpg\" alt=\"\" \/><\/div>\n<\/div>\n<div class=\"row row_location\">\n<div class=\"col medium-6 small-12 large-6\">\n<div class=\"box_content\">\n<div class=\"title\">\n<h2 class=\"title__Tt\">CH\u1ee8C N\u0102NG \u1ee6 \u1ea4M KEEP WARM<\/h2>\n<\/div>\n<div id=\"xem_8\" class=\"des rt_text_rg rt_text_rg_8\">\n<p>V\u1edbi c\u00f4ng ngh\u1ec7 bi\u1ebfn t\u1ea7n INVERTER v\u01b0\u1ee3t tr\u1ed9i, b\u1ebfp t\u1eeb Eurosun EU-T875G c\u00f3 kh\u1ea3 n\u0103ng \u1ee7 \u1ea5m \u1edf m\u1ee9c nhi\u1ec7t \u0111\u1ed9 theo \u00fd mu\u1ed1n, ch\u1ee9c n\u0103ng \u1ee7 \u1ea5m\u00a0 \u0111\u01b0\u1ee3c l\u1eadp tr\u00ecnh gi\u1eef m\u1ee9c nhi\u1ec7t \u0111\u1ed9 \u1ed5n \u0111\u1ecbnh \u1edf c\u00e1c m\u1ee9c\u00a0<strong>65<\/strong>\u00a0<strong>\u00baC<\/strong>\u00a0gi\u00fap\u00a0 ch\u00fang ta duy tr\u00ec nhi\u1ec7t cho th\u1ee9c \u0103n lu\u00f4n n\u00f3ng, \u1ea5m m\u00e0 kh\u00f4ng b\u1ecb ngu\u1ed9i \u0111i ph\u1ea3i \u0111un l\u1ea1i nhi\u1ec1u l\u1ea7n l\u00e0m gi\u1ea3m dinh d\u01b0\u1ee1ng trong th\u1ee9c \u0103n, \u0111\u1eb7c bi\u1ec7t v\u1ec1 m\u00f9a \u0111\u00f4ng th\u1eddi ti\u1ebft l\u1ea1nh gi\u00e1.<\/p>\n<\/div>\n<\/div>\n<\/div>\n<div class=\"col medium-6 small-12 large-6\"><img decoding=\"async\" src=\"https:\/\/eurosun.com.vn\/wp-content\/uploads\/2023\/05\/EU-T875G-web-5.jpg\" alt=\"\" \/><\/div>\n<\/div>\n<div class=\"row row_location\">\n<div class=\"col medium-6 small-12 large-6\">\n<div class=\"box_content\">\n<div class=\"title\">\n<h2 class=\"title__Tt\">T\u00cdNH N\u0102NG AN TO\u00c0N<\/h2>\n<\/div>\n<div id=\"xem_9\" class=\"des rt_text_rg rt_text_rg_9\">\n<p><strong>Ch\u1ee9c n\u0103ng t\u1ea1m d\u1eebng Pause (Stop go):<\/strong>\u00a0C\u00f3 th\u1ec3 t\u1ea1m d\u1eebng b\u1ebfp khi \u0111ang \u0111un n\u1ea5u, sau \u0111\u00f3 ta ti\u1ebfp t\u1ee5c \u0111un n\u1ea5u tr\u1edf l\u1ea1i b\u1eb1ng vi\u1ec7c nh\u1ea5n v\u00e0o thanh tr\u01b0\u1ee3t slider ho\u1eb7c ph\u00edm Pause, b\u1ebfp s\u1ebd ho\u1ea1t \u0111\u1ed9ng tr\u1edf l\u1ea1i \u0111\u00fang c\u00e0i \u0111\u1eb7t tr\u01b0\u1edbc \u0111\u00f3 khi \u0111\u01b0\u1ee3c kh\u1edfi ch\u1ea1y tr\u1edf l\u1ea1i<\/p>\n<p><strong>Ch\u1ee9c n\u0103ng ch\u1ed1ng tr\u00e0n Water Overflow:<\/strong>\u00a0Tr\u00ean t\u1ea5t c\u1ea3 s\u1ea3n ph\u1ea9m b\u1ebfp \u0111i\u1ec7n t\u1eeb EUROSUN \u0111\u1ec1u t\u00edch h\u1ee3p ch\u1ee9c n\u0103ng an to\u00e0n ch\u1ed1ng tr\u00e0o n\u01b0\u1edbc. Khi c\u00f3 n\u01b0\u1edbc s\u00f4i v\u00f4 t\u00ecnh tr\u00e0n trong khi n\u1ea5u, n\u01b0\u1edbc tr\u00e0n \u0111\u1ebfn khu v\u1ef1c b\u00e0n ph\u00edm \u0111i\u1ec1u khi\u1ec3n, sau kho\u1ea3ng 3-5 gi\u00e2y b\u1ebfp s\u1ebd t\u1ef1 \u0111\u1ed9ng ng\u1eebng ho\u1ea1t \u0111\u1ed9ng \u0111\u1ec3 \u0111\u1ea3m b\u1ea3o an to\u00e0n cho ng\u01b0\u1eddi s\u1eed d\u1ee5ng\u00a0kh\u00f4ng b\u1ecb b\u1ecfng hay ch\u1eadp \u0111i\u1ec7n<\/p>\n<p><strong>Ch\u1ee9c n\u0103ng t\u1ef1 \u0111\u1ed9ng t\u1eaft b\u1ebfp khi kh\u00f4ng c\u00f3 n\u1ed3i:<\/strong>\u00a0Trong qu\u00e1 tr\u00ecnh \u0111un n\u1ea5u, n\u1ebfu n\u1ed3i b\u1ecb nh\u1ea5c ra kh\u1ecfi v\u00f9ng n\u1ea5u c\u1ee7a b\u1ebfp th\u00ec b\u1ebfp c\u0169ng s\u1ebd t\u1ef1 ng\u1eaft c\u00f4ng su\u1ea5t v\u00e0 kh\u00f4ng \u0111un n\u1ea5u cho v\u00f9ng n\u1ea5u \u0111\u00f3, m\u00e0n h\u00ecnh hi\u1ec3n th\u1ecb ch\u1eef U \u0111\u1ec3 c\u1ea3nh b\u00e1o cho ng\u01b0\u1eddi d\u00f9ng<\/p>\n<p><strong>Ch\u1ee9c n\u0103ng kh\u00f3a tr\u1ebb em Child Lock:<\/strong>\u00a0Nh\u1ea5n v\u00e0 gi\u1eef ph\u00edm kh\u00f3a trong v\u00f2ng 3 gi\u00e2y \u0111\u1ec3 k\u00edch ho\u1ea1t kh\u00f3a tr\u1ebb em, c\u00e1c ph\u00edm kh\u00e1c s\u1ebd kh\u00f4ng s\u1eed d\u1ee5ng \u0111\u01b0\u1ee3c (tr\u1eeb ph\u00edm ngu\u1ed3n), \u0111\u1ec3 m\u1edf kh\u00f3a nh\u1ea5n v\u00e0 gi\u1eef ph\u00edm kh\u00f3a 3 gi\u00e2y \u0111\u1ec3 m\u1edf l\u1ea1i. Ch\u1ee9c n\u0103ng n\u00e0y \u0111\u1ec3 b\u1ea3o v\u1ec7 ho\u1ea1t \u0111\u1ed9ng c\u1ee7a b\u1ebfp tr\u01b0\u1edbc c\u00e1c ho\u1ea1t \u0111\u1ed9ng v\u00f4 t\u00ecnh b\u1ea5m ph\u00edm c\u1ee7a tr\u1ebb em trong qu\u00e1 tr\u00ecnh n\u1ea5u.<\/p>\n<p><strong>H\u1eb9n gi\u1edd gi\u1edbi h\u1ea1n th\u1eddi gian ho\u1ea1t \u0111\u1ed9ng:<\/strong>\u00a0B\u1ebfp t\u1eeb eurosun EU-T875G c\u00f3 kh\u1ea3 n\u0103ng h\u1eb9n gi\u1edd \u0111\u1ed9c l\u1eadp t\u1eebng v\u00f9ng n\u1ea5u , ng\u01b0\u1eddi d\u00f9ng c\u00f3 th\u1ec3 d\u1ec5 d\u00e0ng thi\u1ebft l\u1eadp th\u1eddi gian \u0111un n\u1ea5u, b\u1ebfp s\u1ebd t\u1ef1 \u0111\u1ed9ng ng\u1eaft khi h\u1ebft th\u1eddi gian \u0111\u00e3 \u0111\u01b0\u1ee3c c\u00e0i \u0111\u1eb7t<\/p>\n<p><strong>B\u1ea3o v\u1ec7 qu\u00e1 nhi\u1ec7t (c\u1ea3m bi\u1ebfn nhi\u1ec7t \u0111\u1ed9 t\u00edch h\u1ee3p trong t\u1eebng v\u00f9ng n\u1ea5u):\u00a0<\/strong>B\u1ebfp Eurosun EU-T875G \u0111\u01b0\u1ee3c thi\u1ebft k\u1ebf c\u1ea3m bi\u1ebfn nhi\u1ec7t \u0111\u1ed9 d\u01b0\u1edbi m\u1ed7i v\u00f9ng n\u1ea5u, khi c\u00f3 hi\u1ec7n t\u01b0\u1ee3ng qu\u00e1 nhi\u1ec7t (n\u1ed3i \u0111un b\u1ecb c\u1ea1n, ch\u00e1y,..) b\u1ebfp s\u1ebd ch\u1ee7 \u0111\u1ed9ng ng\u1eaft c\u00f4ng su\u1ea5t \u0111\u1ec3 \u0111\u1ea3m b\u1ea3o an to\u00e0n cho thi\u1ebft b\u1ecb c\u0169ng nh\u01b0 \u0111\u1ea3m b\u1ea3o kh\u00f4ng s\u1ef1 c\u1ed1 \u0111\u00e1ng ti\u1ebfc x\u1ea3y ra.<\/p>\n<p><strong>Ch\u1ec9 b\u00e1o nhi\u1ec7t d\u01b0 \u201cH\u201d \u0111\u01b0\u1ee3c hi\u1ec3n th\u1ecb cho t\u1eebng v\u00f9ng n\u1ea5u c\u00f2n n\u00f3ng:<\/strong>\u00a0B\u1ebfp s\u1ebd c\u1ea3nh b\u00e1o b\u1eb1ng ch\u1eef \u201cH\u201d nh\u1ea5p nh\u00e1y khi v\u00f9ng n\u1ea5u c\u00f2n n\u00f3ng nhi\u1ec7t \u0111\u1ed9 tr\u00ean 60\u00a0<strong>\u00baC<\/strong>\u00a0sau khi \u0111un, ch\u1eef \u201cH\u201d s\u1ebd t\u1ef1 m\u1ea5t \u0111i khi m\u1eb7t b\u1ebfp \u0111\u00e3 \u0111\u01b0\u1ee3c t\u1ea3n gi\u1ea3m xu\u1ed1ng d\u01b0\u1edbi 60\u00a0<strong>\u00baC kh\u00f4ng c\u00f2n nguy hi\u1ec3m.<\/strong><\/p>\n<p><strong>T\u00ednh n\u0103ng chia s\u1ebb c\u00f4ng su\u1ea5t c\u1ee7a hai v\u00f9ng n\u1ea5u t\u1ed1i \u0111a 3700W:<\/strong> Khi m\u1ed9t v\u00f9ng n\u1ea5u ho\u1ea1t \u0111\u1ed9ng \u1edf m\u1ee9c c\u00f4ng su\u1ea5t cao, v\u00f9ng n\u1ea5u c\u00f2n l\u1ea1i s\u1ebd t\u1ef1 \u0111\u1ed9ng \u0111i\u1ec1u ch\u1ec9nh gi\u1ea3m \u0111\u1ec3 \u0111\u1ea3m b\u1ea3o t\u1ed5ng c\u00f4ng su\u1ea5t b\u1ebfp kh\u00f4ng v\u01b0\u1ee3t qu\u00e1 3700W, b\u1ea3o v\u1ec7 cho c\u00e1c thi\u1ebft b\u1ecb \u0111i\u1ec7n kh\u00e1c trong gia \u0111\u00ecnh kh\u00f4ng b\u1ecb qu\u00e1 t\u1ea3i \u0111\u01b0\u1eddng d\u00e2y.<\/p>\n<\/div>\n<\/div>\n<\/div>\n<div class=\"col medium-6 small-12 large-6\"><img decoding=\"async\" src=\"https:\/\/eurosun.com.vn\/wp-content\/uploads\/2023\/05\/EU-T875G-web-8.jpg\" alt=\"\" \/><\/div>\n<\/div>\n<div id=\"tab-thong-so-ky-thuat\" class=\"row tab_thong_so\">\n<div class=\"col medium-12 small-12 large-12\">\n<div class=\"title\">\n<h2 class=\"title__Tt\">TH\u00d4NG S\u1ed0 S\u1ea2N PH\u1ea8M<\/h2>\n<\/div>\n<\/div>\n<div class=\"col medium-6 small-12 large-4 table-sp\">\n<div class=\"views_image table_center rt_text_hover\">\n<div class=\"image_cn\">\n<div class=\"anh_chung_nhan\">\n<div class=\"khung class_popup\"><img decoding=\"async\" src=\"https:\/\/eurosun.com.vn\/wp-content\/uploads\/2022\/08\/Eurosun-top-10-thuong-hieu-xuat-sac-chau-a-900jpg.jpg\" alt=\"\u1ea2nh ch\u1ee9ng nh\u1eadn Eurosun-top-10-thuong-hieu-xuat-sac-chau-a-900jpg\" \/><\/div>\n<div class=\"caption\">Eurosun \u0111\u1ea1t top 10 th\u01b0\u01a1ng hi\u1ec7u xu\u1ea5t s\u1eafc Ch\u00e2u \u00c1 Asia Excellent Brand 2022<\/div>\n<\/div>\n<\/div>\n<div class=\"image_table\"><\/div>\n<\/div>\n<\/div>\n<div class=\"col medium-6 small-12 large-8 table-sp\">\n<div class=\"table_center rt_text_hover\">\n<table class=\"xem_table\" border=\"1\" cellspacing=\"0\" cellpadding=\"0\">\n<tbody>\n<tr>\n<td>T\u00ean s\u1ea3n ph\u1ea9m<\/td>\n<td><strong>B\u1ebfp t\u1eeb EU-T875G<\/strong><\/td>\n<\/tr>\n<tr>\n<td>Th\u01b0\u01a1ng hi\u1ec7u<\/td>\n<td><strong>EUROSUN<\/strong><\/td>\n<\/tr>\n<tr>\n<td>Xu\u1ea5t x\u1ee9<\/td>\n<td><strong>Main board CKD &#8211; E.G.O. ELEKTRO GERMANY<\/strong><\/td>\n<\/tr>\n<tr>\n<td>N\u01a1i l\u1eafp r\u00e1p, \u0111\u00f3ng g\u00f3i<\/td>\n<td><strong>Vi\u1ec7t Nam<\/strong><\/td>\n<\/tr>\n<tr>\n<td>M\u1eb7t k\u00ednh<\/td>\n<td><strong>K\u00ednh SCHOTT Ceran v\u00e1t 4 c\u1ea1nh, bo vi\u1ec1n nh\u00f4m<\/strong><\/td>\n<\/tr>\n<tr>\n<td>S\u1ed1 v\u00f9ng n\u1ea5u<\/td>\n<td><strong>2<\/strong><\/td>\n<\/tr>\n<tr>\n<td>Ti\u00eau chu\u1ea9n k\u1ef9 thu\u1eadt an to\u00e0n<\/td>\n<td><strong>CE, EMC, QCVN9<\/strong><\/td>\n<\/tr>\n<tr>\n<td>B\u1ea3ng \u0111i\u1ec1u khi\u1ec3n<\/td>\n<td><strong>C\u1ea3m \u1ee9ng tr\u01b0\u1ee3t Slider 9 m\u1ee9c c\u00f4ng su\u1ea5t<\/strong><\/td>\n<\/tr>\n<tr>\n<td>Ch\u1ee9c n\u0103ng Inverter<\/td>\n<td><strong>C\u00f4ng ngh\u1ec7 bi\u1ebfn t\u1ea7n Bridge INVERTER<\/strong><\/td>\n<\/tr>\n<tr>\n<td>Ch\u1ee9c n\u0103ng t\u1ef1 nh\u1eadn di\u1ec7n v\u00f9ng n\u1ea5u<\/td>\n<td><strong>C\u00f3<\/strong><\/td>\n<\/tr>\n<tr>\n<td>Ch\u1ee9c n\u0103ng H\u1eb9n gi\u1edd<\/td>\n<td><strong>C\u00f3<\/strong><\/td>\n<\/tr>\n<tr>\n<td>Ch\u1ee9c n\u0103ng H\u00e2m n\u00f3ng<\/td>\n<td><strong>Warm 65\u00baC<\/strong><\/td>\n<\/tr>\n<tr>\n<td>Ch\u1ee9c n\u0103ng T\u1ea1m d\u1eebng<\/td>\n<td><strong>Pause &#8220;Stop Go&#8221;<\/strong><\/td>\n<\/tr>\n<tr>\n<td>Kh\u00f3a tr\u1ebb em<\/td>\n<td><strong>C\u00f3<\/strong><\/td>\n<\/tr>\n<tr>\n<td>Ch\u1ed1ng tr\u00e0o n\u01b0\u1edbc<\/td>\n<td><strong>C\u00f3<\/strong><\/td>\n<\/tr>\n<tr>\n<td>Ch\u1ee9c n\u0103ng b\u1ea3o v\u1ec7 qu\u00e1 nhi\u1ec7t<\/td>\n<td><strong>C\u00f3<\/strong><\/td>\n<\/tr>\n<tr>\n<td>C\u1ea3nh b\u00e1o nhi\u1ec7t d\u01b0<\/td>\n<td><strong>C\u00f3<\/strong><\/td>\n<\/tr>\n<tr>\n<td>Lo\u1ea1i n\u1ed3i th\u00edch h\u1ee3p<\/td>\n<td><strong>C\u00e1c lo\u1ea1i n\u1ed3i ch\u1ea3o c\u00f3 \u0111\u00e1y nhi\u1ec5m t\u1eeb<\/strong><\/td>\n<\/tr>\n<tr>\n<td>Ch\u1ea5t li\u1ec7u m\u00e2m t\u1eeb<\/td>\n<td><strong>\u0110\u1ed3ng<\/strong><\/td>\n<\/tr>\n<tr>\n<td>Chia s\u1ebb c\u00f4ng su\u1ea5t<\/td>\n<td><strong>3700W<\/strong><\/td>\n<\/tr>\n<tr>\n<td>C\u00f4ng su\u1ea5t l\u00f2 tr\u00e1i<\/td>\n<td><strong>\u00d8 215mm &#8211; 2300W &#8211; Booster 3000W<\/strong><\/td>\n<\/tr>\n<tr>\n<td>C\u00f4ng su\u1ea5t l\u00f2 ph\u1ea3i<\/td>\n<td><strong>\u00d8 215mm &#8211; 2300W &#8211; Booster 3000W<\/strong><\/td>\n<\/tr>\n<tr>\n<td>\u0110i\u1ec7n \u00e1p<\/td>\n<td><strong>220V \/ 50Hz<\/strong><\/td>\n<\/tr>\n<tr>\n<td>K\u00edch th\u01b0\u1edbc s\u1ea3n ph\u1ea9m<\/td>\n<td><strong>760R x 450S x 60C (mm)<\/strong><\/td>\n<\/tr>\n<tr>\n<td>K\u00edch th\u01b0\u1edbc c\u1eaft \u0111\u00e1<\/td>\n<td><strong>680R x 380S (mm)<\/strong><\/td>\n<\/tr>\n<\/tbody>\n<\/table>\n<\/div>\n<\/div>\n<\/div>\n<\/div>\n<\/div>\n","protected":false},"excerpt":{"rendered":"<div class=\"text-sub img-quocgia\">Xu\u1ea5t x\u1ee9:\u00a0Main board CKD &#8211; E.G.O. ELEKTRO GERMANY<\/div>\n<div class=\"text-sub\">NSX:\u00a0L\u1eafp r\u00e1p, \u0111\u00f3ng g\u00f3i t\u1ea1i Vi\u1ec7t Nam<\/div>\n<div class=\"text-sub\">B\u1ea3o h\u00e0nh:\u00a03 n\u0103m<\/div>\n","protected":false},"featured_media":3756,"comment_status":"open","ping_status":"closed","template":"","meta":[],"product_brand":[],"product_cat":[34,15],"product_tag":[],"class_list":{"0":"post-3755","1":"product","2":"type-product","3":"status-publish","4":"has-post-thumbnail","6":"product_cat-hang-eurosun","7":"product_cat-bep-tu","9":"first","10":"instock","11":"shipping-taxable","12":"product-type-simple"},"_links":{"self":[{"href":"https:\/\/nhadepbepxinh.com.vn\/index.php?rest_route=\/wp\/v2\/product\/3755","targetHints":{"allow":["GET"]}}],"collection":[{"href":"https:\/\/nhadepbepxinh.com.vn\/index.php?rest_route=\/wp\/v2\/product"}],"about":[{"href":"https:\/\/nhadepbepxinh.com.vn\/index.php?rest_route=\/wp\/v2\/types\/product"}],"replies":[{"embeddable":true,"href":"https:\/\/nhadepbepxinh.com.vn\/index.php?rest_route=%2Fwp%2Fv2%2Fcomments&post=3755"}],"wp:featuredmedia":[{"embeddable":true,"href":"https:\/\/nhadepbepxinh.com.vn\/index.php?rest_route=\/wp\/v2\/media\/3756"}],"wp:attachment":[{"href":"https:\/\/nhadepbepxinh.com.vn\/index.php?rest_route=%2Fwp%2Fv2%2Fmedia&parent=3755"}],"wp:term":[{"taxonomy":"product_brand","embeddable":true,"href":"https:\/\/nhadepbepxinh.com.vn\/index.php?rest_route=%2Fwp%2Fv2%2Fproduct_brand&post=3755"},{"taxonomy":"product_cat","embeddable":true,"href":"https:\/\/nhadepbepxinh.com.vn\/index.php?rest_route=%2Fwp%2Fv2%2Fproduct_cat&post=3755"},{"taxonomy":"product_tag","embeddable":true,"href":"https:\/\/nhadepbepxinh.com.vn\/index.php?rest_route=%2Fwp%2Fv2%2Fproduct_tag&post=3755"}],"curies":[{"name":"wp","href":"https:\/\/api.w.org\/{rel}","templated":true}]}}