{"id":3749,"date":"2025-04-04T15:52:24","date_gmt":"2025-04-04T08:52:24","guid":{"rendered":"https:\/\/nhadepbepxinh.com.vn\/?post_type=product&#038;p=3749"},"modified":"2025-04-04T16:20:19","modified_gmt":"2025-04-04T09:20:19","slug":"may-loc-nuoc-chungho-gwp-60c9560m","status":"publish","type":"product","link":"https:\/\/nhadepbepxinh.com.vn\/?product=may-loc-nuoc-chungho-gwp-60c9560m","title":{"rendered":"MA\u0301Y LO\u0323C N\u01af\u01a0\u0301C CHUNGHO GWP-60C9560M"},"content":{"rendered":"<div id=\"nasa-single-product-tabs\" class=\"product-details\">\n<div class=\"nasa-tabs-content woocommerce-tabs\">\n<div class=\"nasa-panels nasa-desc-wrap\">\n<div id=\"nasa-tab-description\" class=\"nasa-panel nasa-content-description active\">\n<div class=\"row\">\n<div class=\"large-12 columns nasa-content-panel\">\n<h2>M\u00e1y l\u1ecdc n\u01b0\u1edbc ChungHo GWP-60C9560M<\/h2>\n<p>\u2013<em><strong>\u00a0M\u00e1y l\u1ecdc n\u01b0\u1edbc<\/strong><\/em>\u00a0ChungHo GWP-60C9560M ch\u1ebf \u0111\u1ed9 n\u01b0\u1edbc ti\u1ec7n d\u1ee5ng n\u01b0\u1edbc\u00a0<strong>n\u00f3ng, l\u1ea1nh, th\u01b0\u1eddng<\/strong>\u00a0gi\u00fap cu\u1ed9c s\u1ed1ng ti\u1ec7n nghi \u0111\u1ea7y \u0111\u1ee7 h\u01a1n.<\/p>\n<p>\u2013 Thi\u1ebft k\u1ebf m\u1eb7t g\u01b0\u01a1ng s\u00e1ng b\u00f3ng, m\u00e0u titan t\u1ea1o v\u1ebb sang tr\u1ecdng v\u1edbi kh\u1ea3 n\u0103ng kh\u1eed tr\u00f9ng ho\u00e0n h\u1ea3o v\u00e0 ki\u1ec3u d\u00e1ng nh\u1ecf g\u1ecdn c\u00f3 th\u1ec3 \u0111\u1eb7t tr\u00ean b\u00e0n hay k\u1ec7 b\u1ebfp th\u1eadt ti\u1ec7n l\u1ee3i.<\/p>\n<div id=\"attachment_5524\" class=\"wp-caption alignnone\">\n<p><img loading=\"lazy\" decoding=\"async\" class=\"wp-image-5524 size-full\" src=\"https:\/\/thietbibepan.com\/wp-content\/uploads\/2024\/08\/sanita-hc1a.jpg\" sizes=\"auto, (max-width: 1500px) 100vw, 1500px\" srcset=\"https:\/\/thietbibepan.com\/wp-content\/uploads\/2024\/08\/sanita-hc1a.jpg 1500w, https:\/\/thietbibepan.com\/wp-content\/uploads\/2024\/08\/sanita-hc1a-404x300.jpg 404w, https:\/\/thietbibepan.com\/wp-content\/uploads\/2024\/08\/sanita-hc1a-595x442.jpg 595w, https:\/\/thietbibepan.com\/wp-content\/uploads\/2024\/08\/sanita-hc1a-150x112.jpg 150w, https:\/\/thietbibepan.com\/wp-content\/uploads\/2024\/08\/sanita-hc1a-768x571.jpg 768w, https:\/\/thietbibepan.com\/wp-content\/uploads\/2024\/08\/sanita-hc1a-450x335.jpg 450w\" alt=\"M\u00e1y l\u1ecdc n\u01b0\u1edbc ChungHo GWP-60C9560M\" width=\"1500\" height=\"1115\" aria-describedby=\"caption-attachment-5524\" \/><\/p>\n<p id=\"caption-attachment-5524\" class=\"wp-caption-text\">M\u00e1y l\u1ecdc n\u01b0\u1edbc ChungHo GWP-60C9560M<\/p>\n<\/div>\n<h3>\u2013\u00a0<strong>Ch\u1ee9c n\u0103ng an to\u00e0n<\/strong>:<\/h3>\n<p>+\u00a0<em><strong>Van ch\u1ed1ng r\u00f2 r\u1ec9 n\u01b0\u1edbc th\u00f4ng minh<\/strong><\/em><\/p>\n<p>+ C\u1ea3m bi\u1ebfn m\u1ef1c n\u01b0\u1edbc quang h\u1ecdc<\/p>\n<p>+ Ch\u1ee9c n\u0103ng s\u1ee5c r\u1eeda t\u1ef1 \u0111\u1ed9ng ACS<\/p>\n<p>+ Tu\u1ea7n ho\u00e0n m\u1ef1c n\u01b0\u1edbc t\u1ef1 nhi\u00ean 24h<\/p>\n<p>+ Kh\u1eed tr\u00f9ng b\u00ecnh ch\u1ee9a an to\u00e0n g\u1ea5p 4 l\u1ea7n<\/p>\n<p>\u2013 Ch\u1ee9c n\u0103ng kh\u1eed tr\u00f9ng b\u00ecnh ch\u1ee9a, kh\u1eed tr\u00f9ng Euro b\u1eb1ng n\u01b0\u1edbc \u0111i\u1ec7n ph\u00e2n cho n\u01b0\u1edbc s\u1ea1ch v\u00e0 an to\u00e0n h\u01a1n khi s\u1eed d\u1ee5ng<\/p>\n<p>\u2013 H\u1ec7 th\u1ed1ng l\u00e0m n\u00f3ng k\u00e9p ti\u1ebft ki\u1ec7m n\u0103ng l\u01b0\u1ee3ng hi\u1ec7u qu\u1ea3 \u0111\u01b0\u1ee3c thi\u1ebft l\u1eadp b\u1eb1ng m\u1ed9t l\u1ea7n ch\u1ea1m<\/p>\n<p>\u2013 \u0110i\u1ec1u khi\u1ec3n c\u1ea3m \u1ee9ng nh\u1ea1y b\u00e9n v\u1edbi 3 ch\u1ebf \u0111\u1ed9 n\u01b0\u1edbc, m\u00e0n h\u00ecnh hi\u1ec3n th\u1ecb r\u00f5 r\u00e0ng, d\u1ec5 quan s\u00e1t v\u00e0 thao t\u00e1c<\/p>\n<p>\u2013 C\u00f4ng su\u1ea5t ho\u1ea1t \u0111\u1ed9ng m\u1ea1nh m\u1ebd 12 \u2013 15 l\u00edt\/gi\u1edd, b\u00ecnh ch\u1ee9a dung t\u00edch t\u1ed5ng 6.6 l\u00edt (n\u01b0\u1edbc n\u00f3ng 0.6 l\u00edt, n\u01b0\u1edbc th\u01b0\u1eddng 3 l\u00edt, n\u01b0\u1edbc l\u1ea1nh 3 l\u00edt) \u0111\u00e1p \u1ee9ng nhu c\u1ea7u c\u1ee7a m\u1ecdi gia \u0111\u00ecnh<\/p>\n<p>\u2013 Thi\u1ebft b\u1ecb l\u1ecdc n\u01b0\u1edbc c\u00f3 t\u1ef7 l\u1ec7 l\u1ecdc 4 \u2013 th\u1ea3i 6 thu h\u1ed3i 40% n\u01b0\u1edbc tinh khi\u1ebft. Trong \u0111i\u1ec1u ki\u1ec7n ti\u00eau chu\u1ea9n s\u1eed d\u1ee5ng n\u01b0\u1edbc, v\u1edbi 10 l\u00edt n\u01b0\u1edbc \u0111\u01b0a v\u00e0o m\u00e1y s\u1ebd l\u1ecdc \u0111\u01b0\u1ee3c 4 l\u00edt n\u01b0\u1edbc tinh khi\u1ebft \u0111\u1ec3 u\u1ed1ng v\u00e0 6 l\u00edt \u0111\u01b0\u1ee3c th\u1ea3i ra ngo\u00e0i<\/p>\n<p>\u2013 H\u1ec7 th\u1ed1ng l\u1ecdc v\u1edbi qua 3 l\u00f5i 4 c\u1ea5p l\u1ecdc si\u00eau s\u1ea1ch<\/p>\n<p>\u2013 M\u00e0ng l\u1ecdc RO nh\u1eadp kh\u1ea9u H\u00e0n Qu\u1ed1c, s\u1eed d\u1ee5ng b\u1ed9 l\u1ecdc nguy\u00ean kh\u1ed1i v\u1edbi c\u00f4ng ngh\u1ec7 Quick Change d\u1ec5 d\u00e0ng l\u1eafp \u0111\u1eb7t, thay th\u1ebf<\/p>\n<p>+\u00a0<strong>AT-PRE CARBON<\/strong>: B\u1ed9 l\u1ecdc \u0111\u00fac nguy\u00ean kh\u1ed1i 2 in 1, s\u1eed d\u1ee5ng vi\u00a0<strong>s\u1ee3i PP 3 chi\u1ec1u Melt Blown<\/strong>\u00a0k\u1ebft h\u1ee3p\u00a0<strong>than ho\u1ea1t t\u00ednh Block Calgon<\/strong>\u00a0n\u00e9n gi\u1ea3i nhi\u1ec7t \u0111\u1ed9 cao c\u00f3 ch\u1ee9c n\u0103ng lo\u1ea1i b\u1ecf 99% c\u00e1c ch\u1ea5t \u00f4 nhi\u1ec5m c\u00f3 k\u00edch th\u01b0\u1edbc t\u1eeb\u00a0<strong>1\u00b5m<\/strong>\u00a0trong n\u01b0\u1edbc nh\u01b0 b\u00f9n, \u0111\u1ea5t, r\u1ec9 s\u00e9t,\u2026 h\u1ea5p th\u1ee5 v\u00e0 lo\u1ea1i b\u1ecf c\u00e1c ch\u1ea5t \u00f4 nhi\u1ec5m h\u00f2a tan c\u00f3 h\u1ea1i s\u1ee9c kh\u1ecfe nh\u01b0 THMs, h\u00f3a h\u1ecdc h\u1eefu c\u01a1 v\u00e0 Clo d\u01b0 trong n\u01b0\u1edbc.<\/p>\n<p>+\u00a0<strong>AT-RO MEMBRANE<\/strong>: B\u1ed9 l\u1ecdc \u0111\u00fac nguy\u00ean kh\u1ed1i s\u1eed d\u1ee5ng\u00a0<strong>m\u00e0ng RO<\/strong>\u00a0s\u1ea3n xu\u1ea5t t\u1ea1i M\u1ef9 c\u00f3 kh\u1ea3 n\u0103ng lo\u1ea1i b\u1ecf 99.99% c\u00e1c ch\u1ea5t \u00f4 nhi\u1ec5m c\u00f3 k\u00edch th\u01b0\u1edbc t\u1eeb\u00a0<strong>0.0001\u00b5m<\/strong>\u00a0nh\u01b0 kim lo\u1ea1i n\u1eb7ng (\u0111\u1ed3ng, s\u1eaft, nh\u1ed1, asen, mangan, nitrit, vi khu\u1ea9n, virus, ch\u1ea5t ph\u00f3ng x\u1ea1 t\u1ea3o l\u1ee5c,\u2026) l\u00e0 nh\u1eefng ch\u1ea5t g\u00e2y h\u1ea1i \u0111\u1ebfn s\u1ee9c kh\u1ecfe con ng\u01b0\u1eddi<\/p>\n<p>+\u00a0<strong>AT-POST CARBON<\/strong>: B\u1ed9 l\u1ecdc \u0111\u00fac nguy\u00ean kh\u1ed1i s\u1eed d\u1ee5ng<strong>\u00a0than ho\u1ea1t t\u00ednh Calgon<\/strong>\u00a0\u2013 M\u1ef9 (th\u01b0\u01a1ng hi\u1ec7u s\u1ed1 1 th\u1ebf gi\u1edbi), gi\u00fap lo\u1ea1i b\u1ecf 99% c\u00e1c ch\u1ea5t g\u00e2y m\u00f9i v\u1ecb kh\u00f3 ch\u1ecbu trong n\u01b0\u1edbc nh\u01b0 gas, metan, clo d\u01b0, mang \u0111\u1ebfn v\u1ecb n\u01b0\u1edbc ngon ng\u1ecdt t\u01b0\u01a1i m\u00e1t t\u1ef1 nhi\u00ean<\/p>\n<p>\u2013 Ch\u1ee9c n\u0103ng l\u00e0m n\u00f3ng\u00a0<strong>Hybrid<\/strong>\u00a0tr\u1ef1c ti\u1ebfp v\u00e0 gi\u00e1n ti\u1ebfp:<\/p>\n<p>+ N\u01b0\u1edbc n\u00f3ng li\u00ean t\u1ee5c, lu\u00f4n c\u00f3 s\u1eb5n ph\u1ee5c v\u1ee5 m\u1ecdi nhu c\u1ea7u c\u1ee7a b\u1ea1n<\/p>\n<p>+ N\u01b0\u1edbc n\u00f3ng t\u1ee9c th\u1eddi, \u0111\u01b0\u1ee3c \u0111un tr\u1ef1c ti\u1ebfp v\u00e0 cung c\u1ea5p nhanh ch\u00f3ng khi c\u00f3 nhu c\u1ea7u<\/p>\n<p>+ T\u1eaft ch\u1ebf \u0111\u1ed9 n\u01b0\u1edbc n\u00f3ng, gi\u00fap ti\u1ebft ki\u1ec7m \u0111i\u1ec7n tuy\u1ec7t \u0111\u1ed1i<\/p>\n<p><img loading=\"lazy\" decoding=\"async\" class=\"alignnone size-full wp-image-5525\" src=\"https:\/\/thietbibepan.com\/wp-content\/uploads\/2024\/08\/sanita-hc4a.jpg\" sizes=\"auto, (max-width: 1500px) 100vw, 1500px\" srcset=\"https:\/\/thietbibepan.com\/wp-content\/uploads\/2024\/08\/sanita-hc4a.jpg 1500w, https:\/\/thietbibepan.com\/wp-content\/uploads\/2024\/08\/sanita-hc4a-311x300.jpg 311w, https:\/\/thietbibepan.com\/wp-content\/uploads\/2024\/08\/sanita-hc4a-595x575.jpg 595w, https:\/\/thietbibepan.com\/wp-content\/uploads\/2024\/08\/sanita-hc4a-150x145.jpg 150w, https:\/\/thietbibepan.com\/wp-content\/uploads\/2024\/08\/sanita-hc4a-768x742.jpg 768w, https:\/\/thietbibepan.com\/wp-content\/uploads\/2024\/08\/sanita-hc4a-450x435.jpg 450w\" alt=\"\" width=\"1500\" height=\"1449\" \/><\/p>\n<h3><strong>Th\u00f4ng s\u1ed1 k\u1ef9 thu\u1eadt\u00a0<\/strong><\/h3>\n<p><strong>T\u1ed5ng quan<\/strong><\/p>\n<ul>\n<li>Ki\u1ec3u l\u1eafp \u0111\u1eb7t: \u0110\u1ec3 b\u00e0n<\/li>\n<li>Lo\u1ea1i m\u00e1y: M\u00e1y l\u1ecdc n\u01b0\u1edbc RO n\u00f3ng ngu\u1ed9i l\u1ea1nh<\/li>\n<li>C\u00f4ng ngh\u1ec7 l\u1ecdc: Th\u1ea9m th\u1ea5u ng\u01b0\u1ee3c RO<\/li>\n<li>Kh\u00e1ng khu\u1ea9n: C\u00f4ng ngh\u1ec7 \u0111i\u1ec7n ph\u00e2n ;H\u1ec7 th\u1ed1ng t\u1ef1 \u0111\u1ed9ng l\u00e0m s\u1ea1ch ACS<\/li>\n<li>Dung t\u00edch b\u00ecnh ch\u1ee9a: T\u1ed5ng 6.6 l\u00edt (N\u01b0\u1edbc n\u00f3ng 0.6 l\u00edt, n\u01b0\u1edbc l\u1ea1nh 3 l\u00edt, n\u01b0\u1edbc th\u01b0\u1eddng 3 l\u00edt)<\/li>\n<li>T\u1ec9 l\u1ec7 l\u1ecdc \u2013 th\u1ea3i: L\u1ecdc 4 \u2013 Th\u1ea3i 6<\/li>\n<li>C\u00f4ng su\u1ea5t ti\u00eau th\u1ee5 \u0111i\u1ec7n trung b\u00ecnh kho\u1ea3ng: T\u1ed5ng 0.638 kW\/h<br \/>\n(N\u01b0\u1edbc n\u00f3ng 0.5 kW\/h, N\u01b0\u1edbc l\u1ea1nh 0.108 kW\/h, N\u01b0\u1edbc th\u01b0\u1eddng 0.03 kW\/h)<\/li>\n<li>Nhi\u1ec7t \u0111\u1ed9 n\u01b0\u1edbc h\u00e3ng c\u00f4ng b\u1ed1: N\u00f3ng 60 \u2013 85\u00b0C, L\u1ea1nh &lt; 6\u00b0C<\/li>\n<li>\u00c1p l\u1ef1c n\u01b0\u1edbc y\u00eau c\u1ea7u: Kh\u00f4ng c\u00f3<\/li>\n<li>N\u01a1i s\u1ea3n xu\u1ea5t m\u00e1y b\u01a1m: H\u00e0n Qu\u1ed1c<\/li>\n<li>N\u0103m ra m\u1eaft: 2018<\/li>\n<li>Th\u01b0\u01a1ng hi\u1ec7u: H\u00e0n Qu\u1ed1c<\/li>\n<li>N\u01a1i s\u1ea3n xu\u1ea5t: H\u00e0n Qu\u1ed1c<\/li>\n<\/ul>\n<p><strong>Th\u00f4ng tin l\u00f5i l\u1ecdc<\/strong><\/p>\n<ul>\n<li>S\u1ed1 l\u00f5i l\u1ecdc: 3 l\u00f5i<\/li>\n<li>L\u00f5i l\u1ecdc th\u00f4: L\u00f5i 1: T Pre Carbon (Sx H\u00e0n Qu\u1ed1c)<\/li>\n<li>L\u00f5i RO\/Nano\/UF: RO 50 GPD s\u1ea3n xu\u1ea5t H\u00e0n Qu\u1ed1c<\/li>\n<li>L\u00f5i ch\u1ee9c n\u0103ng: L\u00f5i 3: T Post Carbon (Sx H\u00e0n Qu\u1ed1c)<\/li>\n<li>H\u1ec7 th\u1ed1ng l\u1ecdc:<\/li>\n<\/ul>\n<p>+\u00a0<strong>AT-PRE CARBON<\/strong>: vi s\u1ee3i PP 3 chi\u1ec1u Melt Blown k\u1ebft h\u1ee3p than ho\u1ea1t t\u00ednh Block Calgon (<em>Th\u1eddi h\u1ea1n thay th\u1ebf t\u1eeb 6 \u0111\u1ebfn 12 th\u00e1ng<\/em>)<\/p>\n<p>+\u00a0<strong>AT-RO MEMBRANE<\/strong>: m\u00e0ng RO s\u1ea3n xu\u1ea5t t\u1ea1i M\u1ef9 (<em>Th\u1eddi h\u1ea1n thay th\u1ebf t\u1eeb 24 \u0111\u1ebfn 36 th\u00e1ng<\/em>)<\/p>\n<p>+\u00a0<strong>AT-POST CARBON<\/strong>: than ho\u1ea1t t\u00ednh Calgon \u2013 M\u1ef9 (<em>Th\u1eddi h\u1ea1n thay th\u1ebf t\u1eeb 18 \u0111\u1ebfn 24 th\u00e1ng<\/em>)<\/p>\n<p><strong>H\u1ec7 th\u1ed1ng ho\u1ea1t \u0111\u1ed9ng<\/strong><\/p>\n<ul>\n<li>H\u1ec7 th\u1ed1ng l\u00e0m l\u1ea1nh: B\u1eb1ng c\u00f4ng ngh\u1ec7 Block<\/li>\n<li>H\u1ec7 th\u1ed1ng b\u01a1m v\u00e0 van \u0111i\u1ec1u ti\u1ebft: B\u01a1m t\u0103ng \u00e1p<\/li>\n<\/ul>\n<p><strong>B\u1ea3ng \u0111i\u1ec1u khi\u1ec3n v\u00e0 ti\u1ec7n \u00edch<\/strong><\/p>\n<ul>\n<li>B\u1ea3ng \u0111i\u1ec1u khi\u1ec3n: C\u1ea3m \u1ee9ng<\/li>\n<li>Ti\u1ec7n \u00edch:<br \/>\n\u0110\u00e8n UV di\u1ec7t khu\u1ea9n<br \/>\nC\u00f4ng t\u1eafc n\u00f3ng l\u1ea1nh \u0111\u1ed9c l\u1eadp<br \/>\nB\u1ea3ng \u0111i\u1ec1u khi\u1ec3n c\u1ea3m \u1ee9ng<br \/>\nL\u00e0m l\u1ea1nh nhanh v\u00e0 s\u00e2u ti\u1ebft ki\u1ec7m \u0111i\u1ec7n<br \/>\nVan ch\u1ed1ng r\u00f2 r\u1ec9 n\u01b0\u1edbc<br \/>\nT\u1ef1 ng\u1eaft b\u01a1m khi n\u01b0\u1edbc \u0111\u1ea7y<\/li>\n<\/ul>\n<p><strong>Th\u00f4ng tin l\u1eafp \u0111\u1eb7t<\/strong><\/p>\n<ul>\n<li>K\u00edch th\u01b0\u1edbc, kh\u1ed1i l\u01b0\u1ee3ng:<br \/>\nNgang 28.3 cm \u2013 Cao 46.8 cm \u2013 S\u00e2u 51 cm \u2013 N\u1eb7ng 17.6 kg<\/li>\n<\/ul>\n<\/div>\n<\/div>\n<\/div>\n<div id=\"nasa-tab-reviews\" class=\"nasa-panel nasa-content-reviews\">\n<div class=\"row\">\n<div class=\"large-12 columns nasa-content-panel\"><\/div>\n<\/div>\n<\/div>\n<\/div>\n<\/div>\n<\/div>\n","protected":false},"excerpt":{"rendered":"<p><b>M\u00e3 SP<\/b>: GWP-60C9560M<\/p>\n<p><b>Th\u01b0\u01a1ng hi\u1ec7u<\/b>:\u00a0ChungHo<\/p>\n<p><b>Xu\u1ea5t x\u1ee9<\/b>: H\u00e0n Qu\u1ed1c<\/p>\n","protected":false},"featured_media":3753,"comment_status":"open","ping_status":"closed","template":"","meta":[],"product_brand":[],"product_cat":[83,110],"product_tag":[],"class_list":{"0":"post-3749","1":"product","2":"type-product","3":"status-publish","4":"has-post-thumbnail","6":"product_cat-may-loc-nuoc","7":"product_cat-chungho","9":"first","10":"instock","11":"shipping-taxable","12":"product-type-simple"},"_links":{"self":[{"href":"https:\/\/nhadepbepxinh.com.vn\/index.php?rest_route=\/wp\/v2\/product\/3749","targetHints":{"allow":["GET"]}}],"collection":[{"href":"https:\/\/nhadepbepxinh.com.vn\/index.php?rest_route=\/wp\/v2\/product"}],"about":[{"href":"https:\/\/nhadepbepxinh.com.vn\/index.php?rest_route=\/wp\/v2\/types\/product"}],"replies":[{"embeddable":true,"href":"https:\/\/nhadepbepxinh.com.vn\/index.php?rest_route=%2Fwp%2Fv2%2Fcomments&post=3749"}],"wp:featuredmedia":[{"embeddable":true,"href":"https:\/\/nhadepbepxinh.com.vn\/index.php?rest_route=\/wp\/v2\/media\/3753"}],"wp:attachment":[{"href":"https:\/\/nhadepbepxinh.com.vn\/index.php?rest_route=%2Fwp%2Fv2%2Fmedia&parent=3749"}],"wp:term":[{"taxonomy":"product_brand","embeddable":true,"href":"https:\/\/nhadepbepxinh.com.vn\/index.php?rest_route=%2Fwp%2Fv2%2Fproduct_brand&post=3749"},{"taxonomy":"product_cat","embeddable":true,"href":"https:\/\/nhadepbepxinh.com.vn\/index.php?rest_route=%2Fwp%2Fv2%2Fproduct_cat&post=3749"},{"taxonomy":"product_tag","embeddable":true,"href":"https:\/\/nhadepbepxinh.com.vn\/index.php?rest_route=%2Fwp%2Fv2%2Fproduct_tag&post=3749"}],"curies":[{"name":"wp","href":"https:\/\/api.w.org\/{rel}","templated":true}]}}