{"id":3745,"date":"2025-04-04T15:48:41","date_gmt":"2025-04-04T08:48:41","guid":{"rendered":"https:\/\/nhadepbepxinh.com.vn\/?post_type=product&#038;p=3745"},"modified":"2025-04-04T15:48:41","modified_gmt":"2025-04-04T08:48:41","slug":"may-loc-nuoc-chungho-ambient-s","status":"publish","type":"product","link":"https:\/\/nhadepbepxinh.com.vn\/?product=may-loc-nuoc-chungho-ambient-s","title":{"rendered":"MA\u0301Y LO\u0323C N\u01af\u01a0\u0301C CHUNGHO AMBIENT S"},"content":{"rendered":"<h3 data-sourcepos=\"32:1-32:83\"><strong>M\u00e1y L\u1ecdc N\u01b0\u1edbc \u0110\u1eb7t B\u00e0n ChungHo Ambient S (CHP-1290D): Si\u00eau M\u1ecfng, RO, Gi\u00e1 T\u1ed1t<\/strong><\/h3>\n<p data-sourcepos=\"36:1-36:409\">B\u1ea1n \u0111ang t\u00ecm ki\u1ebfm m\u1ed9t chi\u1ebfc\u00a0<strong>m\u00e1y l\u1ecdc n\u01b0\u1edbc \u0111\u1eb7t b\u00e0n<\/strong>\u00a0nh\u1ecf g\u1ecdn, hi\u1ec7u su\u1ea5t cao, mang l\u1ea1i ngu\u1ed3n n\u01b0\u1edbc tinh khi\u1ebft cho gia \u0111\u00ecnh?\u00a0<strong>M\u00e1y l\u1ecdc n\u01b0\u1edbc ChungHo Ambient S (CHP-1290D)<\/strong>\u00a0ch\u00ednh l\u00e0 l\u1ef1a ch\u1ecdn ho\u00e0n h\u1ea3o. V\u1edbi\u00a0<strong>thi\u1ebft k\u1ebf si\u00eau m\u1ecfng ch\u1ec9 18cm<\/strong>,\u00a0<strong>c\u00f4ng ngh\u1ec7 l\u1ecdc RO ti\u00ean ti\u1ebfn t\u1eeb H\u00e0n Qu\u1ed1c<\/strong>\u00a0v\u00e0 m\u1ee9c\u00a0<strong>gi\u00e1 t\u1ed1t<\/strong>,\u00a0<strong>ChungHo Ambient S<\/strong>\u00a0kh\u00f4ng ch\u1ec9 ti\u1ebft ki\u1ec7m kh\u00f4ng gian m\u00e0 c\u00f2n \u0111\u1ea3m b\u1ea3o an to\u00e0n tuy\u1ec7t \u0111\u1ed1i cho s\u1ee9c kh\u1ecfe gia \u0111\u00ecnh b\u1ea1n.<\/p>\n<p><img decoding=\"async\" src=\"https:\/\/bizweb.dktcdn.net\/100\/527\/374\/files\/may-loc-nuoc-dat-ban-chung-ho-ambient-s.jpg?v=1735810142467\" alt=\"M\u00e1y l\u1ecdc n\u01b0\u1edbc \u0111\u1eb7t b\u00e0n ChungHo Ambient S (CHP-1290D) - Thi\u1ebft k\u1ebf si\u00eau m\u1ecfng 18cm, l\u1ecdc RO, gi\u00e1 t\u1ed1t\" data-thumb=\"original\" \/><\/p>\n<h3 data-sourcepos=\"38:1-38:71\"><strong>1. \u01afu \u0110i\u1ec3m V\u01b0\u1ee3t Tr\u1ed9i C\u1ee7a M\u00e1y L\u1ecdc N\u01b0\u1edbc \u0110\u1ec3 B\u00e0n ChungHo Ambient S<\/strong><\/h3>\n<h4 data-sourcepos=\"42:1-42:65\"><strong>1.1. Thi\u1ebft K\u1ebf Si\u00eau M\u1ecfng: Ch\u1ec9 18cm, T\u1ed1i \u01afu Kh\u00f4ng Gian B\u1ebfp<\/strong><\/h4>\n<p data-sourcepos=\"46:1-46:163\"><strong>M\u00e1y l\u1ecdc n\u01b0\u1edbc ChungHo Ambient S<\/strong>\u00a0l\u00e0 m\u1ed9t trong nh\u1eefng\u00a0<strong>m\u00e1y l\u1ecdc n\u01b0\u1edbc mini<\/strong>\u00a0c\u00f3 k\u00edch th\u01b0\u1edbc\u00a0<strong>si\u00eau m\u1ecfng nh\u1ea5t<\/strong>\u00a0tr\u00ean th\u1ecb tr\u01b0\u1eddng, ch\u1ec9\u00a0<strong>r\u1ed9ng 18cm<\/strong>. Thi\u1ebft k\u1ebf n\u00e0y gi\u00fap:<\/p>\n<ul data-sourcepos=\"48:1-50:0\">\n<li data-sourcepos=\"48:1-48:179\"><strong>Ti\u1ebft ki\u1ec7m kh\u00f4ng gian t\u1ed1i \u0111a:<\/strong>\u00a0Ph\u00f9 h\u1ee3p l\u1eafp \u0111\u1eb7t tr\u00ean\u00a0<strong>b\u1ec7 b\u1ebfp<\/strong>, b\u00e0n \u0103n, k\u1ec7 t\u1ee7, \u0111\u1eb7c bi\u1ec7t l\u00fd t\u01b0\u1edfng cho nh\u1eefng c\u0103n h\u1ed9 chung c\u01b0, gia \u0111\u00ecnh c\u00f3 kh\u00f4ng gian b\u1ebfp h\u1ea1n ch\u1ebf.<\/li>\n<li data-sourcepos=\"49:1-50:0\"><strong>T\u0103ng t\u00ednh th\u1ea9m m\u1ef9:<\/strong>\u00a0Ki\u1ec3u d\u00e1ng hi\u1ec7n \u0111\u1ea1i, sang tr\u1ecdng, g\u00f3p ph\u1ea7n t\u00f4 \u0111i\u1ec3m cho kh\u00f4ng gian b\u1ebfp.<\/li>\n<\/ul>\n<p><img decoding=\"async\" src=\"https:\/\/bizweb.dktcdn.net\/100\/527\/374\/files\/may-loc-nuoc-chung-ho-ambient-s-sieu-mong-18cm.jpg?v=1735810171045\" alt=\"M\u00e1y l\u1ecdc n\u01b0\u1edbc ChungHo Ambient S v\u1edbi thi\u1ebft k\u1ebf si\u00eau m\u1ecfng ch\u1ec9 18cm, ti\u1ebft ki\u1ec7m kh\u00f4ng gian\" data-thumb=\"original\" \/><\/p>\n<h4 data-sourcepos=\"51:1-51:73\"><strong>1.2. C\u00f4ng Ngh\u1ec7 L\u1ecdc RO Cao C\u1ea5p: U\u1ed1ng Tr\u1ef1c Ti\u1ebfp, An To\u00e0n Tuy\u1ec7t \u0110\u1ed1i<\/strong><\/h4>\n<p data-sourcepos=\"55:1-55:112\"><strong>M\u00e1y l\u1ecdc n\u01b0\u1edbc ChungHo Ambient S<\/strong>\u00a0\u1ee9ng d\u1ee5ng\u00a0<strong>c\u00f4ng ngh\u1ec7 l\u1ecdc RO<\/strong>\u00a0ti\u00ean ti\u1ebfn t\u1eeb H\u00e0n Qu\u1ed1c, v\u1edbi h\u1ec7 th\u1ed1ng l\u1ecdc 4 b\u01b0\u1edbc:<\/p>\n<p data-sourcepos=\"55:1-55:112\"><img decoding=\"async\" src=\"https:\/\/bizweb.dktcdn.net\/100\/527\/374\/files\/he-thong-loc-ro-4-buoc-chung-ho-ambient-s.jpg?v=1735810248596\" alt=\"H\u1ec7 th\u1ed1ng l\u1ecdc RO 4 b\u01b0\u1edbc c\u1ee7a m\u00e1y l\u1ecdc n\u01b0\u1edbc ChungHo Ambient S: Sediment, Premium-Carbon, RO, Post-Carbon\" data-thumb=\"original\" \/><\/p>\n<ul data-sourcepos=\"57:1-61:0\">\n<li data-sourcepos=\"57:1-57:95\"><strong>L\u00f5i Sediment:<\/strong>\u00a0Lo\u1ea1i b\u1ecf c\u1eb7n b\u1ea9n, r\u1ec9 s\u00e9t, rong r\u00eau, t\u1ea1p ch\u1ea5t k\u00edch th\u01b0\u1edbc l\u1edbn.<\/li>\n<li data-sourcepos=\"58:1-58:116\"><strong>L\u00f5i Premium-Carbon:<\/strong>\u00a0Kh\u1eed clo d\u01b0, c\u00e1c h\u1ee3p ch\u1ea5t h\u1eefu c\u01a1 \u0111\u1ed9c h\u1ea1i, thu\u1ed1c tr\u1eeb s\u00e2u, c\u1ea3i thi\u1ec7n m\u00f9i v\u1ecb n\u01b0\u1edbc.<\/li>\n<li data-sourcepos=\"59:1-59:183\"><strong>L\u00f5i\u00a0l\u1ecdc RO:<\/strong>\u00a0Tr\u00e1i tim c\u1ee7a h\u1ec7 th\u1ed1ng, lo\u1ea1i b\u1ecf 99,99% vi khu\u1ea9n, virus, kim lo\u1ea1i n\u1eb7ng (asen, ch\u00ec, th\u1ee7y ng\u00e2n&#8230;), cho ngu\u1ed3n n\u01b0\u1edbc tinh khi\u1ebft, \u0111\u1ea1t chu\u1ea9n u\u1ed1ng tr\u1ef1c ti\u1ebfp.<\/li>\n<li data-sourcepos=\"60:1-61:0\"><strong>L\u00f5i Post-Carbon:<\/strong>\u00a0\u1ed4n \u0111\u1ecbnh v\u1ecb ng\u1ecdt t\u1ef1 nhi\u00ean, t\u0103ng c\u01b0\u1eddng v\u1ecb ngon c\u1ee7a n\u01b0\u1edbc.<\/li>\n<\/ul>\n<h3 data-sourcepos=\"62:1-62:89\"><strong>1.3. Dung T\u00edch B\u00ecnh Ch\u1ee9a 3.4L, C\u00f4ng Su\u1ea5t L\u1ecdc 190L\/Ng\u00e0y: \u0110\u00e1p \u1ee8ng Nhu C\u1ea7u Gia \u0110\u00ecnh<\/strong><\/h3>\n<ul data-sourcepos=\"66:1-68:0\">\n<li data-sourcepos=\"66:1-66:102\"><strong>Dung t\u00edch b\u00ecnh ch\u1ee9a 3.4L:<\/strong>\u00a0Ph\u00f9 h\u1ee3p v\u1edbi nhu c\u1ea7u s\u1eed d\u1ee5ng c\u1ee7a gia \u0111\u00ecnh t\u1eeb 4-6 ng\u01b0\u1eddi.<\/li>\n<li data-sourcepos=\"67:1-68:0\"><strong>C\u00f4ng su\u1ea5t l\u1ecdc 190L\/ng\u00e0y:<\/strong>\u00a0\u0110\u1ea3m b\u1ea3o cung c\u1ea5p \u0111\u1ee7 n\u01b0\u1edbc s\u1ea1ch cho u\u1ed1ng tr\u1ef1c ti\u1ebfp, n\u1ea5u \u0103n, sinh ho\u1ea1t h\u00e0ng ng\u00e0y.<\/li>\n<\/ul>\n<h4 data-sourcepos=\"69:1-69:77\"><strong>1.4. H\u1ec7 Th\u1ed1ng Tu\u1ea7n Ho\u00e0n N\u01b0\u1edbc T\u1ef1 Nhi\u00ean 24H (NWPW): N\u01b0\u1edbc Lu\u00f4n T\u01b0\u01a1i M\u1edbi<\/strong><\/h4>\n<p data-sourcepos=\"73:1-73:223\"><strong>M\u00e1y l\u1ecdc n\u01b0\u1edbc ChungHo Ambient S<\/strong>\u00a0t\u00edch h\u1ee3p\u00a0<strong>h\u1ec7 th\u1ed1ng tu\u1ea7n ho\u00e0n n\u01b0\u1edbc t\u1ef1 nhi\u00ean 24H (NWPW)<\/strong>, gi\u00fap n\u01b0\u1edbc trong b\u00ecnh ch\u1ee9a lu\u00f4n \u0111\u01b0\u1ee3c l\u01b0u th\u00f4ng, l\u00e0m m\u1edbi,\u00a0<strong>ng\u0103n ng\u1eeba vi khu\u1ea9n ph\u00e1t tri\u1ec3n<\/strong>, \u0111\u1ea3m b\u1ea3o n\u01b0\u1edbc lu\u00f4n t\u01b0\u01a1i ngon v\u00e0 an to\u00e0n.<\/p>\n<h4 data-sourcepos=\"75:1-75:66\"><strong>1.5. V\u00f2i G\u1ea1t Linh Ho\u1ea1t, Khay Ch\u1ed1ng R\u1edbt: Ti\u1ec7n L\u1ee3i, V\u1ec7 Sinh<\/strong><\/h4>\n<ul data-sourcepos=\"79:1-81:0\">\n<li data-sourcepos=\"79:1-79:115\"><strong>V\u00f2i g\u1ea1t thi\u1ebft k\u1ebf th\u00f4ng minh:<\/strong>\u00a0D\u1ec5 d\u00e0ng l\u1ea5y n\u01b0\u1edbc, ph\u00f9 h\u1ee3p v\u1edbi nhi\u1ec1u lo\u1ea1i chai, b\u00ecnh, xoong, n\u1ed3i.<\/li>\n<li data-sourcepos=\"80:1-81:0\"><strong>Khay ch\u1ed1ng r\u1edbt:<\/strong>\u00a0Gi\u1eef v\u1ec7 sinh khu v\u1ef1c l\u1ea5y n\u01b0\u1edbc, tr\u00e1nh n\u01b0\u1edbc tr\u00e0n ra ngo\u00e0i.<\/li>\n<\/ul>\n<p><img decoding=\"async\" src=\"https:\/\/bizweb.dktcdn.net\/100\/527\/374\/files\/voi-gat-khay-chong-rot-chung-ho-ambient-s.jpg?v=1735810325040\" alt=\"M\u00e1y l\u1ecdc n\u01b0\u1edbc ChungHo Ambient S - V\u00f2i g\u1ea1t linh ho\u1ea1t, khay ch\u1ed1ng r\u1edbt ti\u1ec7n l\u1ee3i\" data-thumb=\"original\" \/><\/p>\n<h4 data-sourcepos=\"82:1-82:59\"><strong>1.6. An To\u00e0n Tuy\u1ec7t \u0110\u1ed1i: Van T\u1ef1 Kh\u00f3a Khi R\u00f2 R\u1ec9 N\u01b0\u1edbc<\/strong><\/h4>\n<p data-sourcepos=\"86:1-86:167\"><strong>ChungHo Ambient S<\/strong>\u00a0trang b\u1ecb\u00a0<strong>van t\u1ef1 kh\u00f3a ch\u1ed1ng r\u00f2 r\u1ec9 n\u01b0\u1edbc<\/strong>, t\u1ef1 \u0111\u1ed9ng ng\u1eaft ngu\u1ed3n n\u01b0\u1edbc khi ph\u00e1t hi\u1ec7n r\u00f2 r\u1ec9, \u0111\u1ea3m b\u1ea3o an to\u00e0n cho ng\u01b0\u1eddi s\u1eed d\u1ee5ng v\u00e0 tr\u00e1nh l\u00e3ng ph\u00ed n\u01b0\u1edbc.<\/p>\n<h3 data-sourcepos=\"88:1-88:72\"><strong>2. Th\u00f4ng S\u1ed1 K\u1ef9 Thu\u1eadt M\u00e1y L\u1ecdc N\u01b0\u1edbc ChungHo Ambient S (CHP-1290D)<\/strong><\/h3>\n<ul data-sourcepos=\"92:1-100:0\">\n<li data-sourcepos=\"92:1-92:38\"><strong>Model:<\/strong>\u00a0CHP-1290D<\/li>\n<li data-sourcepos=\"93:1-93:57\"><strong>C\u00f4ng ngh\u1ec7 l\u1ecdc:<\/strong>\u00a0RO (Th\u1ea9m th\u1ea5u ng\u01b0\u1ee3c)<\/li>\n<li data-sourcepos=\"94:1-94:47\"><strong>Dung t\u00edch b\u00ecnh ch\u1ee9a:<\/strong>\u00a03.4L<\/li>\n<li data-sourcepos=\"95:1-95:46\"><strong>C\u00f4ng su\u1ea5t l\u1ecdc:<\/strong>\u00a0190L\/ng\u00e0y<\/li>\n<li data-sourcepos=\"96:1-96:52\"><strong>K\u00edch th\u01b0\u1edbc:<\/strong>\u00a0180 x 413 x 415 mm<\/li>\n<li data-sourcepos=\"97:1-97:81\"><strong>Xu\u1ea5t x\u1ee9:<\/strong>\u00a0Linh ki\u1ec7n nh\u1eadp kh\u1ea9u H\u00e0n Qu\u1ed1c, l\u1eafp r\u00e1p t\u1ea1i Vi\u1ec7t Nam<\/li>\n<li data-sourcepos=\"98:1-98:40\"><strong>B\u1ea3o h\u00e0nh:<\/strong>\u00a024 th\u00e1ng<\/li>\n<li data-sourcepos=\"99:1-100:0\"><strong>H\u1ec7 th\u1ed1ng l\u00f5i l\u1ecdc:<\/strong>\u00a0Sediment, Premium-Carbon, RO Membrane, Post-Carbon (th\u1eddi gian thay l\u00f5i: 6-36 th\u00e1ng t\u00f9y lo\u1ea1i l\u00f5i v\u00e0 ch\u1ea5t l\u01b0\u1ee3ng n\u01b0\u1edbc \u0111\u1ea7u v\u00e0o)<\/li>\n<\/ul>\n<h3 data-sourcepos=\"101:1-101:77\"><strong>3. M\u00e1y L\u1ecdc N\u01b0\u1edbc ChungHo Ambient S: \u0110\u1ea1t Chu\u1ea9n Qu\u1ed1c T\u1ebf, An T\u00e2m S\u1eed D\u1ee5ng<\/strong><\/h3>\n<p data-sourcepos=\"105:1-105:225\"><strong>M\u00e1y l\u1ecdc n\u01b0\u1edbc ChungHo Ambient S<\/strong>\u00a0\u0111\u1ea1t\u00a0<strong>ch\u1ee9ng nh\u1eadn qu\u1ed1c t\u1ebf uy t\u00edn NSF v\u00e0 WQA<\/strong>, \u0111\u1ea3m b\u1ea3o ch\u1ea5t l\u01b0\u1ee3ng v\u00e0 hi\u1ec7u qu\u1ea3 l\u1ecdc n\u01b0\u1edbc. S\u1ea3n ph\u1ea9m s\u1eed d\u1ee5ng linh ki\u1ec7n cao c\u1ea5p, nh\u1eadp kh\u1ea9u H\u00e0n Qu\u1ed1c, mang \u0111\u1ebfn s\u1ef1 an t\u00e2m tuy\u1ec7t \u0111\u1ed1i cho ng\u01b0\u1eddi s\u1eed d\u1ee5ng.<\/p>\n<p data-sourcepos=\"105:1-105:225\"><img decoding=\"async\" src=\"https:\/\/bizweb.dktcdn.net\/100\/527\/374\/files\/may-loc-nuoc-chung-ho-ambient-s-trong-bep.jpg?v=1735810353304\" alt=\"M\u00e1y l\u1ecdc n\u01b0\u1edbc ChungHo Ambient S - Thi\u1ebft k\u1ebf hi\u1ec7n \u0111\u1ea1i, ph\u00f9 h\u1ee3p v\u1edbi kh\u00f4ng gian b\u1ebfp gia \u0111\u00ecnh\" data-thumb=\"original\" \/><\/p>\n<h3 data-sourcepos=\"107:1-107:70\"><strong>4. L\u1ee3i \u00cdch Khi S\u1eed D\u1ee5ng M\u00e1y L\u1ecdc N\u01b0\u1edbc \u0110\u1eb7t B\u00e0n ChungHo Ambient S<\/strong><\/h3>\n<ul data-sourcepos=\"111:1-116:0\">\n<li data-sourcepos=\"111:1-111:95\"><strong>Ti\u1ebft ki\u1ec7m kh\u00f4ng gian:<\/strong>\u00a0Thi\u1ebft k\u1ebf si\u00eau m\u1ecfng, ph\u00f9 h\u1ee3p v\u1edbi m\u1ecdi kh\u00f4ng gian b\u1ebfp.<\/li>\n<li data-sourcepos=\"112:1-112:103\"><strong>N\u01b0\u1edbc u\u1ed1ng tinh khi\u1ebft:<\/strong>\u00a0C\u00f4ng ngh\u1ec7 RO lo\u1ea1i b\u1ecf 99,99% t\u1ea1p ch\u1ea5t, an to\u00e0n cho s\u1ee9c kh\u1ecfe.<\/li>\n<li data-sourcepos=\"113:1-113:75\"><strong>Ti\u1ec7n l\u1ee3i t\u1ed1i \u0111a:<\/strong>\u00a0V\u00f2i g\u1ea1t linh ho\u1ea1t, d\u1ec5 d\u00e0ng l\u1ea5y n\u01b0\u1edbc.<\/li>\n<li data-sourcepos=\"114:1-114:92\"><strong>An to\u00e0n s\u1eed d\u1ee5ng:<\/strong>\u00a0Van t\u1ef1 kh\u00f3a ch\u1ed1ng r\u00f2 r\u1ec9, h\u1ec7 th\u1ed1ng tu\u1ea7n ho\u00e0n n\u01b0\u1edbc 24H.<\/li>\n<li data-sourcepos=\"115:1-116:0\"><strong>Chi ph\u00ed h\u1ee3p l\u00fd:<\/strong>\u00a0M\u1ee9c gi\u00e1 ph\u00f9 h\u1ee3p v\u1edbi ch\u1ea5t l\u01b0\u1ee3ng v\u00e0 t\u00ednh n\u0103ng v\u01b0\u1ee3t tr\u1ed9i.<\/li>\n<\/ul>\n<p><img decoding=\"async\" src=\"https:\/\/bizweb.dktcdn.net\/100\/527\/374\/files\/may-loc-nuoc-chung-ho-ambient-s-xuat-xu-han-quoc.jpg?v=1735810388005\" alt=\"M\u00e1y l\u1ecdc n\u01b0\u1edbc ChungHo Ambient S - Nh\u1eadp kh\u1ea9u linh ki\u1ec7n t\u1eeb H\u00e0n Qu\u1ed1c, \u0111\u1ea3m b\u1ea3o ch\u1ea5t l\u01b0\u1ee3ng\" data-thumb=\"original\" \/><\/p>\n<h3 data-sourcepos=\"117:1-117:73\"><strong>ChungHo Ambient S &#8211; L\u1ef1a Ch\u1ecdn Ho\u00e0n H\u1ea3o Cho Gia \u0110\u00ecnh B\u1ea1n<\/strong><\/h3>\n<p data-sourcepos=\"121:1-121:400\"><strong>M\u00e1y l\u1ecdc n\u01b0\u1edbc \u0111\u1eb7t b\u00e0n ChungHo Ambient S (CHP-1290D)<\/strong>\u00a0l\u00e0 l\u1ef1a ch\u1ecdn ho\u00e0n h\u1ea3o cho nh\u1eefng ai \u0111ang t\u00ecm ki\u1ebfm m\u1ed9t chi\u1ebfc\u00a0<strong>m\u00e1y l\u1ecdc n\u01b0\u1edbc mini cho gia \u0111\u00ecnh<\/strong>,\u00a0<strong>m\u00e1y l\u1ecdc n\u01b0\u1edbc \u0111\u1ec3 b\u00e0n lo\u1ea1i n\u00e0o t\u1ed1t<\/strong>,\u00a0<strong>m\u00e1y l\u1ecdc n\u01b0\u1edbc u\u1ed1ng tr\u1ef1c ti\u1ebfp mini<\/strong>\u00a0v\u1edbi\u00a0<strong>thi\u1ebft k\u1ebf si\u00eau m\u1ecfng, hi\u1ec7n \u0111\u1ea1i, c\u00f4ng ngh\u1ec7 l\u1ecdc RO ti\u00ean ti\u1ebfn, gi\u00e1 c\u1ea3 h\u1ee3p l\u00fd<\/strong>. \u0110\u1ea7u t\u01b0 cho\u00a0<strong>ChungHo Ambient S<\/strong>\u00a0ch\u00ednh l\u00e0 \u0111\u1ea7u t\u01b0 cho s\u1ee9c kh\u1ecfe v\u00e0 s\u1ef1 ti\u1ec7n nghi c\u1ee7a gia \u0111\u00ecnh b\u1ea1n.<\/p>\n","protected":false},"excerpt":{"rendered":"<p>M\u00e1y L\u1ecdc N\u01b0\u1edbc \u0110\u1eb7t B\u00e0n ChungHo Ambient S (CHP-1290D): Si\u00eau M\u1ecfng, RO, Gi\u00e1 T\u1ed1t B\u1ea1n \u0111ang t\u00ecm ki\u1ebfm m\u1ed9t chi\u1ebfc\u00a0m\u00e1y l\u1ecdc n\u01b0\u1edbc \u0111\u1eb7t b\u00e0n\u00a0nh\u1ecf g\u1ecdn, hi\u1ec7u su\u1ea5t cao, mang l\u1ea1i ngu\u1ed3n n\u01b0\u1edbc tinh khi\u1ebft cho gia \u0111\u00ecnh?\u00a0M\u00e1y l\u1ecdc n\u01b0\u1edbc ChungHo Ambient S (CHP-1290D)\u00a0ch\u00ednh l\u00e0 l\u1ef1a ch\u1ecdn ho\u00e0n h\u1ea3o. V\u1edbi\u00a0thi\u1ebft k\u1ebf si\u00eau m\u1ecfng ch\u1ec9 18cm,\u00a0c\u00f4ng ngh\u1ec7&#8230;<\/p>\n","protected":false},"featured_media":3746,"comment_status":"open","ping_status":"closed","template":"","meta":[],"product_brand":[],"product_cat":[83,110],"product_tag":[],"class_list":{"0":"post-3745","1":"product","2":"type-product","3":"status-publish","4":"has-post-thumbnail","6":"product_cat-may-loc-nuoc","7":"product_cat-chungho","9":"first","10":"instock","11":"shipping-taxable","12":"product-type-simple"},"_links":{"self":[{"href":"https:\/\/nhadepbepxinh.com.vn\/index.php?rest_route=\/wp\/v2\/product\/3745","targetHints":{"allow":["GET"]}}],"collection":[{"href":"https:\/\/nhadepbepxinh.com.vn\/index.php?rest_route=\/wp\/v2\/product"}],"about":[{"href":"https:\/\/nhadepbepxinh.com.vn\/index.php?rest_route=\/wp\/v2\/types\/product"}],"replies":[{"embeddable":true,"href":"https:\/\/nhadepbepxinh.com.vn\/index.php?rest_route=%2Fwp%2Fv2%2Fcomments&post=3745"}],"wp:featuredmedia":[{"embeddable":true,"href":"https:\/\/nhadepbepxinh.com.vn\/index.php?rest_route=\/wp\/v2\/media\/3746"}],"wp:attachment":[{"href":"https:\/\/nhadepbepxinh.com.vn\/index.php?rest_route=%2Fwp%2Fv2%2Fmedia&parent=3745"}],"wp:term":[{"taxonomy":"product_brand","embeddable":true,"href":"https:\/\/nhadepbepxinh.com.vn\/index.php?rest_route=%2Fwp%2Fv2%2Fproduct_brand&post=3745"},{"taxonomy":"product_cat","embeddable":true,"href":"https:\/\/nhadepbepxinh.com.vn\/index.php?rest_route=%2Fwp%2Fv2%2Fproduct_cat&post=3745"},{"taxonomy":"product_tag","embeddable":true,"href":"https:\/\/nhadepbepxinh.com.vn\/index.php?rest_route=%2Fwp%2Fv2%2Fproduct_tag&post=3745"}],"curies":[{"name":"wp","href":"https:\/\/api.w.org\/{rel}","templated":true}]}}