{"id":3729,"date":"2025-04-04T14:06:52","date_gmt":"2025-04-04T07:06:52","guid":{"rendered":"https:\/\/nhadepbepxinh.com.vn\/?post_type=product&#038;p=3729"},"modified":"2025-04-04T14:06:52","modified_gmt":"2025-04-04T07:06:52","slug":"may-loc-nuoc-chungho-ambient","status":"publish","type":"product","link":"https:\/\/nhadepbepxinh.com.vn\/?product=may-loc-nuoc-chungho-ambient","title":{"rendered":"MA\u0301Y LO\u0323C N\u01af\u01a0\u0301C CHUNGHO AMBIENT"},"content":{"rendered":"<h3 data-sourcepos=\"32:1-32:87\"><strong>M\u00e1y L\u1ecdc N\u01b0\u1edbc \u0110\u1eb7t B\u00e0n ChungHo Ambient (CHP-1270D): Nh\u1ecf G\u1ecdn, Tinh Khi\u1ebft, Gi\u00e1 T\u1ed1t<\/strong><\/h3>\n<p data-sourcepos=\"34:1-34:16\">T\u00ecm ki\u1ebfm m\u1ed9t chi\u1ebfc\u00a0<strong>m\u00e1y l\u1ecdc n\u01b0\u1edbc \u0111\u1eb7t b\u00e0n<\/strong>\u00a0v\u1eeba nh\u1ecf g\u1ecdn, ti\u1ec7n l\u1ee3i, v\u1eeba \u0111\u1ea3m b\u1ea3o ngu\u1ed3n n\u01b0\u1edbc s\u1ea1ch, an to\u00e0n cho gia \u0111\u00ecnh?\u00a0<strong>M\u00e1y l\u1ecdc n\u01b0\u1edbc ChungHo Ambient (CHP-1270D)<\/strong>\u00a0ch\u00ednh l\u00e0 s\u1ef1 l\u1ef1a ch\u1ecdn l\u00fd t\u01b0\u1edfng. \u0110\u1ebfn t\u1eeb th\u01b0\u01a1ng hi\u1ec7u uy t\u00edn H\u00e0n Qu\u1ed1c,\u00a0<strong>ChungHo Ambient<\/strong>\u00a0s\u1edf h\u1eefu\u00a0<strong>thi\u1ebft k\u1ebf tinh t\u1ebf<\/strong>,\u00a0<strong>c\u00f4ng ngh\u1ec7 l\u1ecdc RO ti\u00ean ti\u1ebfn<\/strong>\u00a0c\u00f9ng nhi\u1ec1u t\u00ednh n\u0103ng th\u00f4ng minh, mang \u0111\u1ebfn gi\u1ea3i ph\u00e1p n\u01b0\u1edbc u\u1ed1ng ho\u00e0n h\u1ea3o cho m\u1ecdi gia \u0111\u00ecnh.<\/p>\n<p data-sourcepos=\"34:1-34:16\"><img decoding=\"async\" src=\"https:\/\/bizweb.dktcdn.net\/100\/527\/374\/files\/may-loc-nuoc-chung-ho-ambient-chp-1270d-1.jpg?v=1736440218546\" alt=\"M\u00e1y l\u1ecdc n\u01b0\u1edbc ChungHo Ambient CHP-1270D \u2013 L\u1ecdc n\u01b0\u1edbc hi\u1ec7u qu\u1ea3, thi\u1ebft k\u1ebf hi\u1ec7n \u0111\u1ea1i cho kh\u00f4ng gian s\u1ed1ng v\u00e0 l\u00e0m vi\u1ec7c.\" data-thumb=\"original\" \/><\/p>\n<h3 data-sourcepos=\"38:1-38:76\"><strong>1. V\u00ec Sao N\u00ean Ch\u1ecdn M\u00e1y L\u1ecdc N\u01b0\u1edbc \u0110\u1ec3 B\u00e0n ChungHo Ambient (CHP-1270D)?<\/strong><\/h3>\n<h4 data-sourcepos=\"42:1-42:66\"><strong>1.1. Thi\u1ebft K\u1ebf Nh\u1ecf G\u1ecdn: T\u1ed1i \u01afu Kh\u00f4ng Gian, D\u1ec5 D\u00e0ng L\u1eafp \u0110\u1eb7t<\/strong><\/h4>\n<p data-sourcepos=\"46:1-46:412\">V\u1edbi k\u00edch th\u01b0\u1edbc ch\u1ec9 280 x 350 x 412 mm,\u00a0<strong>m\u00e1y l\u1ecdc n\u01b0\u1edbc ChungHo Ambient<\/strong>\u00a0l\u00e0 m\u1ed9t trong nh\u1eefng\u00a0<strong>m\u00e1y l\u1ecdc n\u01b0\u1edbc mini<\/strong>\u00a0c\u00f3 thi\u1ebft k\u1ebf\u00a0<strong>nh\u1ecf g\u1ecdn<\/strong>\u00a0nh\u1ea5t tr\u00ean th\u1ecb tr\u01b0\u1eddng. S\u1ea3n ph\u1ea9m d\u1ec5 d\u00e0ng l\u1eafp \u0111\u1eb7t tr\u00ean\u00a0<strong>b\u1ec7 b\u1ebfp<\/strong>, b\u00e0n \u0103n, ho\u1eb7c b\u1ea5t k\u1ef3 kh\u00f4ng gian nh\u1ecf h\u1eb9p n\u00e0o,\u00a0<strong>ti\u1ebft ki\u1ec7m di\u1ec7n t\u00edch<\/strong>\u00a0t\u1ed1i \u0111a. \u0110\u00e2y l\u00e0 l\u1ef1a ch\u1ecdn ph\u00f9 h\u1ee3p cho nh\u1eefng ai \u0111ang t\u00ecm ki\u1ebfm\u00a0<strong>m\u00e1y l\u1ecdc n\u01b0\u1edbc b\u1ec7 b\u1ebfp<\/strong>\u00a0nh\u01b0ng v\u1eabn \u0111\u1ea3m b\u1ea3o t\u00ednh th\u1ea9m m\u1ef9, kh\u00f4ng chi\u1ebfm d\u1ee5ng kh\u00f4ng gian.<\/p>\n<h4 data-sourcepos=\"48:1-48:74\"><strong>1.2. C\u00f4ng Ngh\u1ec7 L\u1ecdc RO Ti\u00ean Ti\u1ebfn: U\u1ed1ng Tr\u1ef1c Ti\u1ebfp, An To\u00e0n S\u1ee9c Kh\u1ecfe<\/strong><\/h4>\n<p data-sourcepos=\"52:1-52:114\"><strong>M\u00e1y l\u1ecdc n\u01b0\u1edbc ChungHo Ambient<\/strong>\u00a0\u1ee9ng d\u1ee5ng\u00a0<strong>c\u00f4ng ngh\u1ec7 l\u1ecdc RO<\/strong>\u00a0h\u00e0ng \u0111\u1ea7u t\u1eeb H\u00e0n Qu\u1ed1c, v\u1edbi h\u1ec7 th\u1ed1ng l\u00f5i l\u1ecdc cao c\u1ea5p:<\/p>\n<ul data-sourcepos=\"54:1-58:0\">\n<li data-sourcepos=\"54:1-54:101\"><strong>L\u00f5i Sediment:<\/strong>\u00a0Lo\u1ea1i b\u1ecf c\u1eb7n b\u1ea9n, r\u1ec9 s\u00e9t, rong r\u00eau v\u00e0 c\u00e1c t\u1ea1p ch\u1ea5t k\u00edch th\u01b0\u1edbc l\u1edbn.<\/li>\n<li data-sourcepos=\"55:1-55:102\"><strong>L\u00f5i Pre-Carbon:<\/strong>\u00a0Kh\u1eed clo, h\u00f3a ch\u1ea5t \u0111\u1ed9c h\u1ea1i, thu\u1ed1c tr\u1eeb s\u00e2u, c\u1ea3i thi\u1ec7n m\u00f9i v\u1ecb n\u01b0\u1edbc.<\/li>\n<li data-sourcepos=\"56:1-56:158\"><strong>L\u00f5i\u00a0l\u1ecdc RO:<\/strong>\u00a0Lo\u1ea1i b\u1ecf 99,99% vi khu\u1ea9n, virus, kim lo\u1ea1i n\u1eb7ng (asen, ch\u00ec, th\u1ee7y ng\u00e2n&#8230;), cho ngu\u1ed3n n\u01b0\u1edbc tinh khi\u1ebft, u\u1ed1ng tr\u1ef1c ti\u1ebfp an to\u00e0n.<\/li>\n<li data-sourcepos=\"57:1-58:0\"><strong>L\u00f5i Post-Carbon:<\/strong>\u00a0T\u0103ng c\u01b0\u1eddng v\u1ecb ngon, ng\u1ecdt t\u1ef1 nhi\u00ean cho n\u01b0\u1edbc.<\/li>\n<\/ul>\n<p><img decoding=\"async\" src=\"https:\/\/bizweb.dktcdn.net\/100\/527\/374\/files\/may-loc-nuoc-chung-ho-ambient-chp-1270d-2.jpg?v=1736440260650\" alt=\"M\u00e1y l\u1ecdc n\u01b0\u1edbc ChungHo Ambient CHP-1270D \u2013 L\u1ecdc n\u01b0\u1edbc hi\u1ec7u qu\u1ea3, thi\u1ebft k\u1ebf hi\u1ec7n \u0111\u1ea1i cho kh\u00f4ng gian s\u1ed1ng v\u00e0 l\u00e0m vi\u1ec7c.\" data-thumb=\"original\" \/><\/p>\n<h4 data-sourcepos=\"59:1-59:71\"><strong>1.3. Ti\u1ec7n \u00cdch V\u01b0\u1ee3t Tr\u1ed9i: N\u00fam L\u1ea5y N\u01b0\u1edbc \u0110i\u1ec7n T\u1eed, Ch\u1ebf \u0110\u1ed9 R\u1ea3nh Tay<\/strong><\/h4>\n<ul data-sourcepos=\"63:1-66:0\">\n<li data-sourcepos=\"63:1-63:109\"><strong>N\u00fam l\u1ea5y n\u01b0\u1edbc \u0111i\u1ec7n t\u1eed:<\/strong>\u00a0Thi\u1ebft k\u1ebf hi\u1ec7n \u0111\u1ea1i, d\u1ec5 d\u00e0ng thao t\u00e1c, mang l\u1ea1i s\u1ef1 ti\u1ec7n l\u1ee3i t\u1ed1i \u0111a.<\/li>\n<li data-sourcepos=\"64:1-64:125\"><strong>Ch\u1ebf \u0111\u1ed9 r\u1ea3nh tay:<\/strong>\u00a0T\u1ef1 \u0111\u1ed9ng l\u1ea5y 1 l\u00edt n\u01b0\u1edbc m\u1ed7i l\u1ea7n, ph\u00f9 h\u1ee3p khi c\u1ea7n l\u1ea5y l\u01b0\u1ee3ng n\u01b0\u1edbc l\u1edbn \u0111\u1ec3 n\u1ea5u \u0103n, pha ch\u1ebf.<\/li>\n<li data-sourcepos=\"65:1-66:0\"><strong>Khay ch\u1ed1ng r\u1edbt:<\/strong>\u00a0Gi\u1eef v\u1ec7 sinh khu v\u1ef1c l\u1ea5y n\u01b0\u1edbc.<\/li>\n<\/ul>\n<h4 data-sourcepos=\"67:1-67:89\"><strong>1.4. Dung T\u00edch B\u00ecnh Ch\u1ee9a 4.2L, C\u00f4ng Su\u1ea5t L\u1ecdc 190L\/Ng\u00e0y: \u0110\u00e1p \u1ee8ng Nhu C\u1ea7u Gia \u0110\u00ecnh<\/strong><\/h4>\n<ul data-sourcepos=\"71:1-73:0\">\n<li data-sourcepos=\"71:1-71:104\"><strong>Dung t\u00edch b\u00ecnh ch\u1ee9a 4.2L:<\/strong>\u00a0\u0110\u1ea3m b\u1ea3o cung c\u1ea5p \u0111\u1ee7 n\u01b0\u1edbc s\u1ea1ch cho gia \u0111\u00ecnh t\u1eeb 4-6 ng\u01b0\u1eddi.<\/li>\n<li data-sourcepos=\"72:1-73:0\"><strong>C\u00f4ng su\u1ea5t l\u1ecdc 190L\/ng\u00e0y:<\/strong>\u00a0\u0110\u00e1p \u1ee9ng nhu c\u1ea7u s\u1eed d\u1ee5ng n\u01b0\u1edbc li\u00ean t\u1ee5c cho u\u1ed1ng tr\u1ef1c ti\u1ebfp, n\u1ea5u \u0103n, sinh ho\u1ea1t.<\/li>\n<\/ul>\n<h3 data-sourcepos=\"74:1-74:74\"><strong>1.5. An To\u00e0n Cho S\u1ee9c Kh\u1ecfe: B\u00ecnh Ch\u1ee9a BPA Free, Tu\u1ea7n Ho\u00e0n N\u01b0\u1edbc 24H<\/strong><\/h3>\n<ul data-sourcepos=\"78:1-81:0\">\n<li data-sourcepos=\"78:1-78:129\"><strong>B\u00ecnh ch\u1ee9a BPA Free:<\/strong>\u00a0Ch\u1ea5t li\u1ec7u an to\u00e0n, kh\u00f4ng ch\u1ee9a BPA \u0111\u1ed9c h\u1ea1i, \u0111\u1ea3m b\u1ea3o an to\u00e0n cho s\u1ee9c kh\u1ecfe ng\u01b0\u1eddi s\u1eed d\u1ee5ng.<\/li>\n<li data-sourcepos=\"79:1-79:172\"><strong>H\u1ec7 th\u1ed1ng tu\u1ea7n ho\u00e0n n\u01b0\u1edbc t\u1ef1 nhi\u00ean 24H (NWPW):<\/strong>\u00a0Gi\u1eef cho n\u01b0\u1edbc trong b\u00ecnh lu\u00f4n t\u01b0\u01a1i m\u1edbi, ng\u0103n ng\u1eeba vi khu\u1ea9n ph\u00e1t tri\u1ec3n, \u0111\u1ea3m b\u1ea3o n\u01b0\u1edbc lu\u00f4n s\u1ea1ch v\u00e0 an to\u00e0n.<\/li>\n<li data-sourcepos=\"80:1-81:0\"><strong>C\u1ea3m bi\u1ebfn m\u1ef1c n\u01b0\u1edbc v\u00e0 \u0111\u00e8n LED th\u00f4ng minh:<\/strong>\u00a0Gi\u00fap b\u1ea1n d\u1ec5 d\u00e0ng theo d\u00f5i l\u01b0\u1ee3ng n\u01b0\u1edbc trong b\u00ecnh<\/li>\n<\/ul>\n<h3 data-sourcepos=\"82:1-82:70\"><strong>2. Th\u00f4ng S\u1ed1 K\u1ef9 Thu\u1eadt M\u00e1y L\u1ecdc N\u01b0\u1edbc ChungHo Ambient (CHP-1270D)<\/strong><\/h3>\n<ul data-sourcepos=\"86:1-94:0\">\n<li data-sourcepos=\"86:1-86:38\"><strong>Model:<\/strong>\u00a0CHP-1270D<\/li>\n<li data-sourcepos=\"87:1-87:57\"><strong>C\u00f4ng ngh\u1ec7 l\u1ecdc:<\/strong>\u00a0RO (Th\u1ea9m th\u1ea5u ng\u01b0\u1ee3c)<\/li>\n<li data-sourcepos=\"88:1-88:47\"><strong>Dung t\u00edch b\u00ecnh ch\u1ee9a:<\/strong>\u00a04.2L<\/li>\n<li data-sourcepos=\"89:1-89:46\"><strong>C\u00f4ng su\u1ea5t l\u1ecdc:<\/strong>\u00a0190L\/ng\u00e0y<\/li>\n<li data-sourcepos=\"90:1-90:52\"><strong>K\u00edch th\u01b0\u1edbc:<\/strong>\u00a0280 x 350 x 412 mm<\/li>\n<li data-sourcepos=\"91:1-91:41\"><strong>Tr\u1ecdng l\u01b0\u1ee3ng:<\/strong>\u00a09.3 kg<\/li>\n<li data-sourcepos=\"92:1-92:81\"><strong>Xu\u1ea5t x\u1ee9:<\/strong>\u00a0Linh ki\u1ec7n nh\u1eadp kh\u1ea9u H\u00e0n Qu\u1ed1c, l\u1eafp r\u00e1p t\u1ea1i Vi\u1ec7t Nam<\/li>\n<li data-sourcepos=\"93:1-94:0\"><strong>B\u1ea3o h\u00e0nh:<\/strong>\u00a024 th\u00e1ng<\/li>\n<\/ul>\n<h3 data-sourcepos=\"95:1-95:47\"><strong>3. L\u00f5i L\u1ecdc Cao C\u1ea5p: \u0110\u1ea1t Chu\u1ea9n NSF, WQA<\/strong><\/h3>\n<p data-sourcepos=\"99:1-99:97\"><strong>M\u00e1y l\u1ecdc n\u01b0\u1edbc ChungHo Ambient<\/strong>\u00a0s\u1eed d\u1ee5ng h\u1ec7 th\u1ed1ng l\u00f5i l\u1ecdc cao c\u1ea5p, \u0111\u1ea1t\u00a0<strong>ch\u1ee9ng nh\u1eadn NSF v\u00e0 WQA<\/strong>:<\/p>\n<ul data-sourcepos=\"101:1-105:0\">\n<li data-sourcepos=\"101:1-101:98\"><strong>L\u00f5i Sediment 6\u201d:<\/strong>\u00a0Lo\u1ea1i b\u1ecf c\u1eb7n b\u1ea9n, r\u1ec9 s\u00e9t, rong r\u00eau. (Thay th\u1ebf sau 6-9 th\u00e1ng)<\/li>\n<li data-sourcepos=\"102:1-102:122\"><strong>L\u00f5i Pre-Carbon 12\u201d:<\/strong>\u00a0Lo\u1ea1i b\u1ecf ch\u1ea5t b\u1ea9n nh\u01b0 thu\u1ed1c tr\u1eeb s\u00e2u, ch\u1ea5t h\u1eefu c\u01a1, Clo. (Thay th\u1ebf sau 12-18 th\u00e1ng)<\/li>\n<li data-sourcepos=\"103:1-103:125\"><strong>M\u00e0ng RO Membrane 12\u201d:<\/strong>\u00a0Lo\u1ea1i b\u1ecf 99.99% ch\u1ea5t \u00f4 nhi\u1ec5m nh\u01b0 asen, s\u1eaft, ch\u00ec, virus. (Thay th\u1ebf sau 24-36 th\u00e1ng)<\/li>\n<li data-sourcepos=\"104:1-105:0\"><strong>L\u00f5i Post Carbon 6\u201d:<\/strong>\u00a0Lo\u1ea1i b\u1ecf Clo d\u01b0, kh\u00ed gas, c\u1ea3i thi\u1ec7n h\u01b0\u01a1ng v\u1ecb n\u01b0\u1edbc. (Thay th\u1ebf sau 6-9 th\u00e1ng)<\/li>\n<\/ul>\n<h3 data-sourcepos=\"106:1-106:64\"><strong>4. V\u00ec Sao N\u00ean Ch\u1ecdn M\u00e1y L\u1ecdc N\u01b0\u1edbc \u0110\u1ec3 B\u00e0n ChungHo Ambient?<\/strong><\/h3>\n<ul data-sourcepos=\"110:1-116:0\">\n<li data-sourcepos=\"110:1-110:112\"><strong>Thi\u1ebft k\u1ebf si\u00eau m\u1ecfng, hi\u1ec7n \u0111\u1ea1i:<\/strong>\u00a0Ph\u00f9 h\u1ee3p v\u1edbi m\u1ecdi kh\u00f4ng gian b\u1ebfp, ti\u1ebft ki\u1ec7m di\u1ec7n t\u00edch t\u1ed1i \u01b0u.<\/li>\n<li data-sourcepos=\"111:1-111:134\"><strong>C\u00f4ng ngh\u1ec7 l\u1ecdc RO ti\u00ean ti\u1ebfn:<\/strong>\u00a0\u0110\u1ea3m b\u1ea3o ngu\u1ed3n n\u01b0\u1edbc tinh khi\u1ebft, an to\u00e0n tuy\u1ec7t \u0111\u1ed1i, u\u1ed1ng tr\u1ef1c ti\u1ebfp kh\u00f4ng c\u1ea7n \u0111un s\u00f4i.<\/li>\n<li data-sourcepos=\"112:1-112:113\"><strong>Ti\u1ec7n l\u1ee3i, d\u1ec5 s\u1eed d\u1ee5ng:<\/strong>\u00a0N\u00fam l\u1ea5y n\u01b0\u1edbc \u0111i\u1ec7n t\u1eed, ch\u1ebf \u0111\u1ed9 r\u1ea3nh tay, c\u1ea3m bi\u1ebfn m\u1ef1c n\u01b0\u1edbc th\u00f4ng minh.<\/li>\n<li data-sourcepos=\"113:1-113:113\"><strong>An to\u00e0n cho s\u1ee9c kh\u1ecfe:<\/strong>\u00a0B\u00ecnh ch\u1ee9a BPA Free, h\u1ec7 th\u1ed1ng tu\u1ea7n ho\u00e0n n\u01b0\u1edbc 24H, \u0111\u1ea1t chu\u1ea9n NSF, WQA.<\/li>\n<li data-sourcepos=\"114:1-114:101\"><strong>Xu\u1ea5t x\u1ee9 uy t\u00edn:<\/strong>\u00a0Linh ki\u1ec7n nh\u1eadp kh\u1ea9u t\u1eeb H\u00e0n Qu\u1ed1c, \u0111\u1ea3m b\u1ea3o ch\u1ea5t l\u01b0\u1ee3ng v\u00e0 \u0111\u1ed9 b\u1ec1n.<\/li>\n<li data-sourcepos=\"115:1-116:0\"><strong>Gi\u00e1 c\u1ea3 h\u1ee3p l\u00fd:<\/strong>\u00a0V\u1edbi c\u00e1c t\u00ednh n\u0103ng v\u01b0\u1ee3t tr\u1ed9i,\u00a0<strong>m\u00e1y l\u1ecdc n\u01b0\u1edbc \u0111\u1ec3 b\u00e0n ChungHo Ambient<\/strong>\u00a0l\u00e0 m\u1ed9t trong nh\u1eefng\u00a0<strong>m\u00e1y l\u1ecdc n\u01b0\u1edbc gia \u0111\u00ecnh gi\u00e1 r\u1ebb<\/strong>\u00a0nh\u01b0ng ch\u1ea5t l\u01b0\u1ee3ng r\u1ea5t v\u01b0\u1ee3t tr\u1ed9i so v\u1edbi c\u00e1c s\u1ea3n ph\u1ea9m c\u00f9ng ph\u00e2n kh\u00fac.<\/li>\n<\/ul>\n<p><img decoding=\"async\" src=\"https:\/\/bizweb.dktcdn.net\/100\/527\/374\/files\/may-loc-nuoc-chung-ho-ambient-chp-1270d-3.jpg?v=1736440287334\" alt=\"M\u00e1y l\u1ecdc n\u01b0\u1edbc ChungHo Ambient CHP-1270D \u2013 L\u1ecdc n\u01b0\u1edbc hi\u1ec7u qu\u1ea3, thi\u1ebft k\u1ebf hi\u1ec7n \u0111\u1ea1i cho kh\u00f4ng gian s\u1ed1ng v\u00e0 l\u00e0m vi\u1ec7c.\" data-thumb=\"original\" \/><\/p>\n<h3 data-sourcepos=\"117:1-117:83\"><strong>ChungHo Ambient &#8211; L\u1ef1a Ch\u1ecdn Ho\u00e0n H\u1ea3o Cho Ngu\u1ed3n N\u01b0\u1edbc S\u1ea1ch Gia \u0110\u00ecnh<\/strong><\/h3>\n<p data-sourcepos=\"121:1-121:376\">N\u1ebfu b\u1ea1n \u0111ang t\u00ecm ki\u1ebfm\u00a0<strong>m\u00e1y l\u1ecdc n\u01b0\u1edbc \u0111\u1ec3 b\u00e0n lo\u1ea1i n\u00e0o t\u1ed1t<\/strong>,\u00a0<strong>m\u00e1y l\u1ecdc n\u01b0\u1edbc mini cho gia \u0111\u00ecnh<\/strong>,\u00a0<strong>b\u00ecnh l\u1ecdc n\u01b0\u1edbc gia \u0111\u00ecnh \u0111\u1ec3 b\u00e0n<\/strong>\u00a0hay\u00a0<strong>m\u00e1y l\u1ecdc n\u01b0\u1edbc u\u1ed1ng tr\u1ef1c ti\u1ebfp mini<\/strong>,\u00a0<strong>m\u00e1y l\u1ecdc n\u01b0\u1edbc ChungHo Ambient (CHP-1270D)<\/strong>\u00a0ch\u00ednh l\u00e0 l\u1ef1a ch\u1ecdn ho\u00e0n h\u1ea3o. \u0110\u1ea7u t\u01b0 cho\u00a0<strong>ChungHo Ambient<\/strong>\u00a0l\u00e0 \u0111\u1ea7u t\u01b0 cho s\u1ee9c kh\u1ecfe v\u00e0 s\u1ef1 ti\u1ec7n nghi, mang \u0111\u1ebfn ngu\u1ed3n n\u01b0\u1edbc tinh khi\u1ebft, an to\u00e0n cho c\u1ea3 gia \u0111\u00ecnh b\u1ea1n.<\/p>\n","protected":false},"excerpt":{"rendered":"<p>M\u00e1y L\u1ecdc N\u01b0\u1edbc \u0110\u1eb7t B\u00e0n ChungHo Ambient (CHP-1270D): Nh\u1ecf G\u1ecdn, Tinh Khi\u1ebft, Gi\u00e1 T\u1ed1t T\u00ecm ki\u1ebfm m\u1ed9t chi\u1ebfc\u00a0m\u00e1y l\u1ecdc n\u01b0\u1edbc \u0111\u1eb7t b\u00e0n\u00a0v\u1eeba nh\u1ecf g\u1ecdn, ti\u1ec7n l\u1ee3i, v\u1eeba \u0111\u1ea3m b\u1ea3o ngu\u1ed3n n\u01b0\u1edbc s\u1ea1ch, an to\u00e0n cho gia \u0111\u00ecnh?\u00a0M\u00e1y l\u1ecdc n\u01b0\u1edbc ChungHo Ambient (CHP-1270D)\u00a0ch\u00ednh l\u00e0 s\u1ef1 l\u1ef1a ch\u1ecdn l\u00fd t\u01b0\u1edfng. \u0110\u1ebfn t\u1eeb th\u01b0\u01a1ng hi\u1ec7u uy t\u00edn H\u00e0n&#8230;<\/p>\n","protected":false},"featured_media":3730,"comment_status":"open","ping_status":"closed","template":"","meta":[],"product_brand":[],"product_cat":[83,110],"product_tag":[],"class_list":{"0":"post-3729","1":"product","2":"type-product","3":"status-publish","4":"has-post-thumbnail","6":"product_cat-may-loc-nuoc","7":"product_cat-chungho","9":"first","10":"instock","11":"shipping-taxable","12":"product-type-simple"},"_links":{"self":[{"href":"https:\/\/nhadepbepxinh.com.vn\/index.php?rest_route=\/wp\/v2\/product\/3729","targetHints":{"allow":["GET"]}}],"collection":[{"href":"https:\/\/nhadepbepxinh.com.vn\/index.php?rest_route=\/wp\/v2\/product"}],"about":[{"href":"https:\/\/nhadepbepxinh.com.vn\/index.php?rest_route=\/wp\/v2\/types\/product"}],"replies":[{"embeddable":true,"href":"https:\/\/nhadepbepxinh.com.vn\/index.php?rest_route=%2Fwp%2Fv2%2Fcomments&post=3729"}],"wp:featuredmedia":[{"embeddable":true,"href":"https:\/\/nhadepbepxinh.com.vn\/index.php?rest_route=\/wp\/v2\/media\/3730"}],"wp:attachment":[{"href":"https:\/\/nhadepbepxinh.com.vn\/index.php?rest_route=%2Fwp%2Fv2%2Fmedia&parent=3729"}],"wp:term":[{"taxonomy":"product_brand","embeddable":true,"href":"https:\/\/nhadepbepxinh.com.vn\/index.php?rest_route=%2Fwp%2Fv2%2Fproduct_brand&post=3729"},{"taxonomy":"product_cat","embeddable":true,"href":"https:\/\/nhadepbepxinh.com.vn\/index.php?rest_route=%2Fwp%2Fv2%2Fproduct_cat&post=3729"},{"taxonomy":"product_tag","embeddable":true,"href":"https:\/\/nhadepbepxinh.com.vn\/index.php?rest_route=%2Fwp%2Fv2%2Fproduct_tag&post=3729"}],"curies":[{"name":"wp","href":"https:\/\/api.w.org\/{rel}","templated":true}]}}