{"id":3721,"date":"2025-04-04T13:54:47","date_gmt":"2025-04-04T06:54:47","guid":{"rendered":"https:\/\/nhadepbepxinh.com.vn\/?post_type=product&#038;p=3721"},"modified":"2025-04-04T13:54:47","modified_gmt":"2025-04-04T06:54:47","slug":"may-loc-nuoc-kangaroo-hydrogen-slim-duo-2-kg100hd2","status":"publish","type":"product","link":"https:\/\/nhadepbepxinh.com.vn\/?product=may-loc-nuoc-kangaroo-hydrogen-slim-duo-2-kg100hd2","title":{"rendered":"MA\u0301Y LO\u0323C N\u01af\u01a0\u0301C KANGAROO HYDROGEN SLIM DUO 2 KG100HD2"},"content":{"rendered":"<p><strong>M\u00e1y l\u1ecdc n\u01b0\u1edbc Kangaroo Hydrogen Slim Dou 2 KG100HD2 s\u1eed d\u1ee5ng van \u0111i\u1ec1u khi\u1ec3n c\u01a1 2 ng\u1ea3 \u0111\u1ed9c \u0111\u00e1o v\u00e0 thu\u1eadn\u00a0 ti\u1ec7n, mang \u0111\u1ebfn 2 ngu\u1ed3n n\u01b0\u1edbc tinh khi\u1ebft v\u00e0 n\u01b0\u1edbc gi\u00e0u Hydrogen ri\u00eang bi\u1ec7t ph\u1ee5c v\u1ee5 m\u1ecdi nhu c\u1ea7u s\u1eed d\u1ee5ng. KG100HD2 h\u1ed9i t\u1ee5 nhi\u1ec1u t\u00ednh n\u0103ng m\u00e0 ng\u01b0\u1eddi d\u00f9ng mong \u0111\u1ee3i.<\/strong><\/p>\n<p><img loading=\"lazy\" decoding=\"async\" class=\"aligncenter wp-image-22876 size-full\" title=\"M\u00e1y l\u1ecdc n\u01b0\u1edbc Kangaroo Hydrogen Slim Duo 2 KG100HD2\" src=\"https:\/\/kangaroo.vn\/wp-content\/uploads\/May-loc-nuoc-kangaroo-hydrogen-kg100hd2-10.jpg\" sizes=\"auto, (max-width: 1200px) 100vw, 1200px\" srcset=\"https:\/\/kangaroo.vn\/wp-content\/uploads\/May-loc-nuoc-kangaroo-hydrogen-kg100hd2-10.jpg 1200w, https:\/\/kangaroo.vn\/wp-content\/uploads\/May-loc-nuoc-kangaroo-hydrogen-kg100hd2-10-300x225.jpg 300w, https:\/\/kangaroo.vn\/wp-content\/uploads\/May-loc-nuoc-kangaroo-hydrogen-kg100hd2-10-768x576.jpg 768w, https:\/\/kangaroo.vn\/wp-content\/uploads\/May-loc-nuoc-kangaroo-hydrogen-kg100hd2-10-1024x768.jpg 1024w, https:\/\/kangaroo.vn\/wp-content\/uploads\/May-loc-nuoc-kangaroo-hydrogen-kg100hd2-10-500x375.jpg 500w, https:\/\/kangaroo.vn\/wp-content\/uploads\/May-loc-nuoc-kangaroo-hydrogen-kg100hd2-10-800x600.jpg 800w\" alt=\"M\u00e1y l\u1ecdc n\u01b0\u1edbc Kangaroo Hydrogen Slim Duo 2 KG100HD2\" width=\"1200\" height=\"900\" \/><\/p>\n<h3><strong>\u0110i\u1ec1u khi\u1ec3n c\u01a1 2 ng\u1ea3 \u2013 2 ch\u1ebf \u0111\u1ed9 n\u01b0\u1edbc RO\/Hydrogen<\/strong><\/h3>\n<p>M\u00e1y l\u1ecdc n\u01b0\u1edbc Kangaroo Hydrogen KG100HD2 s\u1eed d\u1ee5ng 1 v\u00f2i n\u01b0\u1edbc duy nh\u1ea5t, \u0111i\u1ec1u khi\u1ec3n van c\u01a1 2 ng\u1ea3 \u0111\u1ed9c \u0111\u00e1o, b\u1ec1n b\u1ec9 cho 2 ch\u1ebf \u0111\u1ed9 n\u01b0\u1edbc tinh khi\u1ebft \u2013 Hydrogen, \u0111\u00e1p \u1ee9ng m\u1ecdi nhu c\u1ea7u.<\/p>\n<ul>\n<li>N\u01b0\u1edbc tinh khi\u1ebft (RO): d\u00f9ng cho m\u1ee5c \u0111\u00edch n\u1ea5u \u0103n.<\/li>\n<li>N\u01b0\u1edbc gi\u00e0u Hydrogen: d\u00f9ng cho m\u1ee5c \u0111\u00edch u\u1ed1ng tr\u1ef1c ti\u1ebfp, t\u1ed1t cho s\u1ee9c kh\u1ecfe.<\/li>\n<\/ul>\n<p><img loading=\"lazy\" decoding=\"async\" class=\"aligncenter wp-image-22749 size-full\" title=\"M\u00e1y l\u1ecdc n\u01b0\u1edbc Kangaroo Hydrogen Slim Duo 2 KG100HD2\" src=\"https:\/\/kangaroo.vn\/wp-content\/uploads\/May-loc-nuoc-kangaroo-hydrogen-kg100hd2-5.jpg\" sizes=\"auto, (max-width: 1202px) 100vw, 1202px\" srcset=\"https:\/\/kangaroo.vn\/wp-content\/uploads\/May-loc-nuoc-kangaroo-hydrogen-kg100hd2-5.jpg 1202w, https:\/\/kangaroo.vn\/wp-content\/uploads\/May-loc-nuoc-kangaroo-hydrogen-kg100hd2-5-300x225.jpg 300w, https:\/\/kangaroo.vn\/wp-content\/uploads\/May-loc-nuoc-kangaroo-hydrogen-kg100hd2-5-768x575.jpg 768w, https:\/\/kangaroo.vn\/wp-content\/uploads\/May-loc-nuoc-kangaroo-hydrogen-kg100hd2-5-1024x767.jpg 1024w, https:\/\/kangaroo.vn\/wp-content\/uploads\/May-loc-nuoc-kangaroo-hydrogen-kg100hd2-5-500x374.jpg 500w, https:\/\/kangaroo.vn\/wp-content\/uploads\/May-loc-nuoc-kangaroo-hydrogen-kg100hd2-5-800x600.jpg 800w\" alt=\"M\u00e1y l\u1ecdc n\u01b0\u1edbc Kangaroo Hydrogen Slim Duo 2 KG100HD2\" width=\"1202\" height=\"900\" \/><\/p>\n<h3><strong>T\u1ea1o n\u01b0\u1edbc gi\u00e0u Hydrogen t\u1ed1t cho s\u1ee9c kh\u1ecfe<\/strong><\/h3>\n<p>M\u00e1y l\u1ecdc n\u01b0\u1edbc KG100HD2 c\u1ee7a Kangaroo gi\u00fap t\u1ea1o ngu\u1ed3n n\u01b0\u1edbc kh\u1ecfe Hydrogen \u01b0u vi\u1ec7t t\u1ed1t cho s\u1ee9c kh\u1ecfe nh\u1edd c\u00f4ng ngh\u1ec7 kho\u00e1ng g\u1ed1m hi\u1ec7n \u0111\u1ea1i.<\/p>\n<p>Hydrogen trong n\u01b0\u1edbc gi\u00fap lo\u1ea1i b\u1ecf g\u1ed1c t\u1ef1 do c\u00f3 h\u1ea1i, b\u1ed5 sung vi kho\u00e1ng v\u00e0 ch\u1ea5t \u0111i\u1ec7n gi\u1ea3i c\u00f3 l\u1ee3i, \u0111\u1ed3ng th\u1eddi ho\u1ea1t \u0111\u1ed9ng nh\u01b0 m\u1ed9t ch\u1ea5t ch\u1ed1ng oxy h\u00f3a \u2013 l\u00e0 t\u00e1c nh\u00e2n g\u00e2y l\u00e3o h\u00f3a.<\/p>\n<p><img loading=\"lazy\" decoding=\"async\" class=\"aligncenter wp-image-22750\" title=\"M\u00e1y l\u1ecdc n\u01b0\u1edbc Kangaroo Hydrogen Slim Duo 2 KG100HD2\" src=\"https:\/\/kangaroo.vn\/wp-content\/uploads\/May-loc-nuoc-kangaroo-hydrogen-kg100hd2-6.jpg\" sizes=\"auto, (max-width: 1200px) 100vw, 1200px\" srcset=\"https:\/\/kangaroo.vn\/wp-content\/uploads\/May-loc-nuoc-kangaroo-hydrogen-kg100hd2-6.jpg 1250w, https:\/\/kangaroo.vn\/wp-content\/uploads\/May-loc-nuoc-kangaroo-hydrogen-kg100hd2-6-300x225.jpg 300w, https:\/\/kangaroo.vn\/wp-content\/uploads\/May-loc-nuoc-kangaroo-hydrogen-kg100hd2-6-768x576.jpg 768w, https:\/\/kangaroo.vn\/wp-content\/uploads\/May-loc-nuoc-kangaroo-hydrogen-kg100hd2-6-1024x768.jpg 1024w, https:\/\/kangaroo.vn\/wp-content\/uploads\/May-loc-nuoc-kangaroo-hydrogen-kg100hd2-6-500x375.jpg 500w, https:\/\/kangaroo.vn\/wp-content\/uploads\/May-loc-nuoc-kangaroo-hydrogen-kg100hd2-6-800x600.jpg 800w\" alt=\"M\u00e1y l\u1ecdc n\u01b0\u1edbc Kangaroo Hydrogen Slim Duo 2 KG100HD2\" width=\"1200\" height=\"900\" \/><\/p>\n<h3><strong>Thi\u1ebft k\u1ebf cao c\u1ea5p \u2013 Ki\u1ec3u d\u00e1ng Slim nh\u1ecf g\u1ecdn<\/strong><\/h3>\n<p>M\u00e1y l\u1ecdc n\u01b0\u1edbc Kangaroo Slim Dou2 KG100HD2 c\u00f3 ki\u1ec3u d\u00e1ng SLIM, nh\u1ecf g\u1ecdn h\u01a1n 50% so v\u1edbi c\u00e1c m\u00e1y l\u1ecdc n\u01b0\u1edbc tr\u00ean th\u1ecb tr\u01b0\u1eddng. Thi\u1ebft k\u1ebf 1 c\u1eeda \u0111\u00f3ng m\u1edf d\u1ea1ng c\u00e1nh quay, c\u00f3 th\u1ec3 d\u1ec5 d\u00e0ng quan s\u00e1t, ho\u1eb7c thao t\u00e1c khi thay th\u1ebf l\u00f5i.<\/p>\n<p><img loading=\"lazy\" decoding=\"async\" class=\"aligncenter wp-image-22752 size-full\" title=\"M\u00e1y l\u1ecdc n\u01b0\u1edbc Kangaroo Hydrogen Slim Duo 2 KG100HD2\" src=\"https:\/\/kangaroo.vn\/wp-content\/uploads\/May-loc-nuoc-kangaroo-hydrogen-kg100hd2-8.jpg\" sizes=\"auto, (max-width: 1200px) 100vw, 1200px\" srcset=\"https:\/\/kangaroo.vn\/wp-content\/uploads\/May-loc-nuoc-kangaroo-hydrogen-kg100hd2-8.jpg 1200w, https:\/\/kangaroo.vn\/wp-content\/uploads\/May-loc-nuoc-kangaroo-hydrogen-kg100hd2-8-300x225.jpg 300w, https:\/\/kangaroo.vn\/wp-content\/uploads\/May-loc-nuoc-kangaroo-hydrogen-kg100hd2-8-768x576.jpg 768w, https:\/\/kangaroo.vn\/wp-content\/uploads\/May-loc-nuoc-kangaroo-hydrogen-kg100hd2-8-1024x768.jpg 1024w, https:\/\/kangaroo.vn\/wp-content\/uploads\/May-loc-nuoc-kangaroo-hydrogen-kg100hd2-8-500x375.jpg 500w, https:\/\/kangaroo.vn\/wp-content\/uploads\/May-loc-nuoc-kangaroo-hydrogen-kg100hd2-8-800x600.jpg 800w\" alt=\"M\u00e1y l\u1ecdc n\u01b0\u1edbc Kangaroo Hydrogen Slim Duo 2 KG100HD2\" width=\"1200\" height=\"900\" \/><\/p>\n<h3><strong>H\u1ec7 th\u1ed1ng 8 l\u00f5i l\u1ecdc m\u1ea1nh m\u1ebd<\/strong><\/h3>\n<p>Trang b\u1ecb 8 c\u1ea5p l\u1ecdc m\u1ea1nh m\u1ebd, Hydrogen KG100HD2 c\u1ee7a Kangaroo gi\u00fap di\u1ec7t khu\u1ea9n \u0111\u1ebfn 99,99% v\u00e0 b\u1ed5 sung kho\u00e1ng ch\u1ea5t mang \u0111\u1ebfn ngu\u1ed3n n\u01b0\u1edbc kh\u1ecfe Hydrogen ki\u1ec1m t\u00ednh cho c\u1ea3 gia \u0111\u00ecnh:<\/p>\n<ul>\n<li>L\u00f5i s\u1ed1 1 (PP 5 micron): Lo\u1ea1i b\u1ecf ch\u1ea5t b\u1ea9n, b\u00f9n \u0111\u1ea5t, r\u1ec9 s\u00e9t c\u00f3 k\u00edch th\u01b0\u1edbc tr\u00ean 5 micron.<\/li>\n<li>L\u00f5i s\u1ed1 2 (GAC): H\u1ea5p th\u1ee5 ho\u00e0n to\u00e0n clorine, lo\u1ea1i b\u1ecf c\u00e1c ch\u1ea5t oxy h\u00f3a l\u00e0m h\u1ecfng m\u00e0ng RO.<\/li>\n<li>L\u00f5i s\u1ed1 3 (Ion exchange): X\u1eed l\u00fd hi\u1ec7u qu\u1ea3 n\u01b0\u1edbc c\u1ee9ng, n\u01b0\u1edbc nhi\u1ec5m \u0111\u00e1 v\u00f4i.<\/li>\n<li>L\u00f5i s\u1ed1 4 (PP 1 micron): Lo\u1ea1i b\u1ecf ch\u1ea5t b\u1ea9n, b\u00f9n \u0111\u1ea5t, r\u1ec9 s\u00e9t c\u00f3 k\u00edch th\u01b0\u1edbc tr\u00ean 1 micron.<\/li>\n<li>L\u00f5i s\u1ed1 5 (RO Vortex 100GPD): Lo\u1ea1i b\u1ecf ch\u1ea5t r\u1eafn, c\u00e1c ion kim lo\u1ea1i n\u1eb7ng, vi sinh v\u1eadt, vi khu\u1ea9n, si\u00eau vi khu\u1ea9n, c\u00e1c ch\u1ea5t h\u1eefu c\u01a1\u2026 c\u00f3 k\u00edch th\u01b0\u1edbc t\u1eeb 0.0001 micron.<\/li>\n<li>L\u00f5i s\u1ed1 6 (Fir+): B\u1ed5 sung oxi ho\u1ea1t h\u00f3a v\u00e0 ph\u00e2n chia n\u01b0\u1edbc th\u00e0nh ph\u00e2n t\u1eed nh\u1ecf h\u01a1n, gi\u00fap b\u00f9 n\u01b0\u1edbc nhanh, trao \u0111\u1ed5i ch\u1ea5t t\u1ed1t v\u00e0 tang c\u01b0\u1eddng kh\u1ea3 n\u0103ng h\u1ea5p th\u1ee5.<\/li>\n<li>L\u00f5i s\u1ed1 7 (Hydrogen+): T\u1ea1o n\u01b0\u1edbc Hydrogen ki\u1ec1m t\u00ednh, trung h\u00f2a axit, c\u00e2n b\u1eb1ng PH, h\u1ed7 tr\u1ee3 c\u1ea3i thi\u1ec7n c\u00e1c b\u1ec7nh li\u00ean quan \u0111\u1ebfn \u0111\u01b0\u1eddng ti\u00eau h\u00f3a.<\/li>\n<li>L\u00f5i s\u1ed1 8 (Nano Carbon+): Lo\u1ea1i b\u1ecf m\u00f9i, ch\u1ea5t Flo v\u00e0 t\u1ea1o v\u1ecb cho n\u01b0\u1edbc. Ngo\u00e0i ra, c\u00f3 th\u1ec3 ng\u0103n ch\u1eb7n s\u1ef1 ph\u00e1t tri\u1ec3n c\u1ee7a vi khu\u1ea9n.<\/li>\n<\/ul>\n<p><img loading=\"lazy\" decoding=\"async\" class=\"aligncenter wp-image-22751 size-full\" title=\"M\u00e1y l\u1ecdc n\u01b0\u1edbc Kangaroo Hydrogen Slim Duo 2 KG100HD2\" src=\"https:\/\/kangaroo.vn\/wp-content\/uploads\/May-loc-nuoc-kangaroo-hydrogen-kg100hd2-7.jpg\" sizes=\"auto, (max-width: 1200px) 100vw, 1200px\" srcset=\"https:\/\/kangaroo.vn\/wp-content\/uploads\/May-loc-nuoc-kangaroo-hydrogen-kg100hd2-7.jpg 1200w, https:\/\/kangaroo.vn\/wp-content\/uploads\/May-loc-nuoc-kangaroo-hydrogen-kg100hd2-7-300x225.jpg 300w, https:\/\/kangaroo.vn\/wp-content\/uploads\/May-loc-nuoc-kangaroo-hydrogen-kg100hd2-7-768x576.jpg 768w, https:\/\/kangaroo.vn\/wp-content\/uploads\/May-loc-nuoc-kangaroo-hydrogen-kg100hd2-7-1024x768.jpg 1024w, https:\/\/kangaroo.vn\/wp-content\/uploads\/May-loc-nuoc-kangaroo-hydrogen-kg100hd2-7-500x375.jpg 500w, https:\/\/kangaroo.vn\/wp-content\/uploads\/May-loc-nuoc-kangaroo-hydrogen-kg100hd2-7-800x600.jpg 800w\" alt=\"M\u00e1y l\u1ecdc n\u01b0\u1edbc Kangaroo Hydrogen Slim Duo 2 KG100HD2\" width=\"1200\" height=\"900\" \/><\/p>\n<h3><strong>H\u1ec7 th\u1ed1ng k\u1ebft n\u1ed1i nhanh an to\u00e0n \u2013 L\u1eafp \u0111\u1eb7t 3 b\u01b0\u1edbc<\/strong><\/h3>\n<p>H\u1ec7 th\u1ed1ng k\u1ebft n\u1ed1i \u0111\u01b0\u1eddng \u1ed1ng, d\u00e2y d\u1eabn n\u01b0\u1edbc c\u1ee7a M\u00e1y l\u1ecdc n\u01b0\u1edbc Kangaroo Hydrogen Slim Dou 2 KG100HD2 \u0111\u01b0\u1ee3c trang b\u1ecb \u0111\u1ea7u k\u1ebft n\u1ed1i nhanh kh\u00e1c bi\u1ec7t so v\u1edbi c\u00e1c c\u00fat n\u1ed1i v\u1eb7n th\u00f4ng th\u01b0\u1eddng tr\u01b0\u1edbc \u0111\u00e2y.<\/p>\n<p>Kh\u00f4ng ch\u1ec9 gi\u00fap cho c\u00e1c thao t\u00e1c l\u1eafp \u0111\u1eb7t tr\u1edf n\u00ean nhanh g\u1ecdn, \u0111\u01a1n gi\u1ea3n, h\u1ec7 th\u1ed1ng n\u00e0y c\u00f2n \u0111\u1ea3m b\u1ea3o kh\u1ea3 n\u0103ng k\u1ebft n\u1ed1i ch\u1eafc ch\u1eafn, gi\u1ea3m t\u1ed1i \u0111a t\u00ecnh tr\u1ea1ng tu\u1ed9t d\u00e2y, r\u00f2 r\u1ec9 n\u01b0\u1edbc v\u00e0 h\u1ea1n ch\u1ebf nhi\u1ec5m khu\u1ea9n ch\u00e9o.<\/p>\n<h3><strong>1 s\u1ed1 c\u00f4ng d\u1ee5ng c\u1ee7a n\u01b0\u1edbc Hydrogen \u0111\u1ed1i v\u1edbi s\u1ee9c kh\u1ecfe:<\/strong><\/h3>\n<ul>\n<li>N\u01b0\u1edbc Hydrogen gi\u00fap lo\u1ea1i b\u1ecf m\u1ea1nh m\u1ebd c\u00e1c ch\u1ea5t oxy h\u00f3a, l\u00e0m ch\u1eadm qu\u00e1 tr\u00ecnh l\u00e3o h\u00f3a.<\/li>\n<li>N\u01b0\u1edbc Hydrogen g\u00f3p ph\u1ea7n lo\u1ea1i b\u1ecf c\u00e1c g\u1ed1c t\u1ef1 do c\u00f3 h\u1ea1i cho s\u1ee9c kh\u1ecfe.<\/li>\n<li>N\u01b0\u1edbc Hydrogen c\u00f3 t\u00e1c d\u1ee5ng trung h\u00f2a l\u01b0\u1ee3ng axit d\u01b0 th\u1eeba trong c\u01a1 th\u1ec3.<\/li>\n<li>N\u01b0\u1edbc Hydrogen ch\u1ee9a c\u00e1c kho\u00e1ng ch\u1ea5t t\u1ef1 nhi\u00ean v\u00e0 c\u00e1c ch\u1ea5t \u0111i\u1ec7n gi\u1ea3i d\u1ea1ng ion c\u1ea7n thi\u1ebft cho s\u1ee9c kh\u1ecfe nh\u01b0 K+, Mg2+, Ca2+, Na+,\u2026<\/li>\n<li>N\u01b0\u1edbc Hydrogen c\u00f3 ph\u00e2n t\u1eed n\u01b0\u1edbc si\u00eau nh\u1ecf, gi\u00fap th\u1ea9m th\u1ea5u, h\u00e2\u0301p thu\u0323, bu\u0300 n\u01b0\u01a1\u0301c cho c\u01a1 th\u00ea\u0309 nhanh h\u01a1n g\u00e2\u0301p nhi\u00ea\u0300u l\u00e2\u0300n, \u0111a\u0300o tha\u0309i \u0111\u00f4\u0323c t\u00f4\u0301 t\u00f4\u0301t h\u01a1n.<\/li>\n<li>U\u1ed1ng \u0111\u1ee7 n\u01b0\u1edbc Hydrogen ion ki\u1ec1m m\u1ed7i ng\u00e0y gi\u00fap lo\u1ea1i b\u1ecf c\u00e1c \u0111\u1ed9c t\u1ed1.<\/li>\n<li>N\u01b0\u1edbc Hydrogen th\u00fac \u0111\u1ea5y qu\u00e1 tr\u00ecnh ti\u00eau ho\u00e1 t\u1ed1t h\u01a1n, t\u1eeb \u0111\u00f3 h\u1ed7 tr\u1ee3 cho vi\u1ec7c duy tr\u00ec v\u00f3c d\u00e1ng, c\u1ea3i thi\u1ec7n s\u1ee9c kh\u1ecfe.<\/li>\n<\/ul>\n","protected":false},"excerpt":{"rendered":"<div class=\"col-md-6\">\n<div class=\"summary entry-summary\">\n<div class=\"km-sp clearfix\">\n<div class=\"km-sp-content\">\n<div class=\"scroll-wrapper woocommerce-product-details__short-description scrollbar-inner\">\n<div class=\"woocommerce-product-details__short-description scrollbar-inner scroll-content scroll-scrolly_visible\">\n<p>2 ch\u1ebf \u0111\u1ed9 n\u01b0\u1edbc tinh khi\u1ebft \u2013 n\u01b0\u1edbc Hydrogen \u0111a d\u1ea1ng nhu c\u1ea7u<\/p>\n<p>Thi\u1ebft k\u1ebf SLIM nh\u1ecf g\u1ecdn, hi\u1ec7n \u0111\u1ea1i<\/p>\n<p>\u0110i\u1ec1u khi\u1ec3n van c\u01a1 2 ng\u1ea3 b\u1ec1n b\u1ec9, ti\u1ec7n l\u1ee3i<\/p>\n<p>M\u00e0ng RO Vortex gi\u1ea3m 75% n\u01b0\u1edbc th\u1ea3i<\/p>\n<p>T\u1ea1o n\u01b0\u1edbc gi\u00e0u Hydrogen t\u00ednh ki\u1ec1m t\u1ed1t cho s\u1ee9c kh\u1ecfe<\/p>\n<p>L\u00f5i Ion Exchange x\u1eed l\u00fd hi\u1ec7u qu\u1ea3 n\u01b0\u1edbc c\u1ee9ng, n\u01b0\u1edbc nhi\u1ec5m \u0111\u00e1 v\u00f4i<\/p>\n<p>H\u1ec7 th\u1ed1ng c\u00fat n\u1ed1i nhanh ng\u0103n ch\u1eb7n r\u00f2 r\u1ec9 n\u01b0\u1edbc, l\u1eafp \u0111\u1eb7t nhanh ch\u00f3ng<\/p>\n<\/div>\n<\/div>\n<\/div>\n<\/div>\n<\/div>\n<\/div>\n","protected":false},"featured_media":3726,"comment_status":"open","ping_status":"closed","template":"","meta":[],"product_brand":[],"product_cat":[83,109],"product_tag":[],"class_list":{"0":"post-3721","1":"product","2":"type-product","3":"status-publish","4":"has-post-thumbnail","6":"product_cat-may-loc-nuoc","7":"product_cat-kangaroo","9":"first","10":"instock","11":"shipping-taxable","12":"product-type-simple"},"_links":{"self":[{"href":"https:\/\/nhadepbepxinh.com.vn\/index.php?rest_route=\/wp\/v2\/product\/3721","targetHints":{"allow":["GET"]}}],"collection":[{"href":"https:\/\/nhadepbepxinh.com.vn\/index.php?rest_route=\/wp\/v2\/product"}],"about":[{"href":"https:\/\/nhadepbepxinh.com.vn\/index.php?rest_route=\/wp\/v2\/types\/product"}],"replies":[{"embeddable":true,"href":"https:\/\/nhadepbepxinh.com.vn\/index.php?rest_route=%2Fwp%2Fv2%2Fcomments&post=3721"}],"wp:featuredmedia":[{"embeddable":true,"href":"https:\/\/nhadepbepxinh.com.vn\/index.php?rest_route=\/wp\/v2\/media\/3726"}],"wp:attachment":[{"href":"https:\/\/nhadepbepxinh.com.vn\/index.php?rest_route=%2Fwp%2Fv2%2Fmedia&parent=3721"}],"wp:term":[{"taxonomy":"product_brand","embeddable":true,"href":"https:\/\/nhadepbepxinh.com.vn\/index.php?rest_route=%2Fwp%2Fv2%2Fproduct_brand&post=3721"},{"taxonomy":"product_cat","embeddable":true,"href":"https:\/\/nhadepbepxinh.com.vn\/index.php?rest_route=%2Fwp%2Fv2%2Fproduct_cat&post=3721"},{"taxonomy":"product_tag","embeddable":true,"href":"https:\/\/nhadepbepxinh.com.vn\/index.php?rest_route=%2Fwp%2Fv2%2Fproduct_tag&post=3721"}],"curies":[{"name":"wp","href":"https:\/\/api.w.org\/{rel}","templated":true}]}}