{"id":3717,"date":"2025-04-04T13:48:53","date_gmt":"2025-04-04T06:48:53","guid":{"rendered":"https:\/\/nhadepbepxinh.com.vn\/?post_type=product&#038;p=3717"},"modified":"2025-04-04T13:48:53","modified_gmt":"2025-04-04T06:48:53","slug":"may-loc-nuoc-kangaroo-infinity-nong-lanh-kg10a2i","status":"publish","type":"product","link":"https:\/\/nhadepbepxinh.com.vn\/?product=may-loc-nuoc-kangaroo-infinity-nong-lanh-kg10a2i","title":{"rendered":"MA\u0301Y LO\u0323C N\u01af\u01a0\u0301C KANGAROO INFINITY NO\u0301NG LA\u0323NH KG10A2I"},"content":{"rendered":"<div class=\"vc_row wpb_row vc_row-fluid\">\n<div class=\"wpb_column vc_column_container vc_col-sm-12\">\n<div class=\"vc_column-inner \">\n<div class=\"wpb_wrapper\">\n<div class=\"vc_tta-container\" data-vc-action=\"collapse\">\n<div class=\"vc_general vc_tta vc_tta-tabs vc_tta-color-grey vc_tta-style-modern vc_tta-shape-round vc_tta-spacing-1 vc_tta-tabs-position-top vc_tta-controls-align-left\">\n<div class=\"vc_tta-panels-container\">\n<div class=\"vc_tta-panels\">\n<div id=\"tinh-nang-san-pham\" class=\"vc_tta-panel vc_active\" data-vc-content=\".vc_tta-panel-body\">\n<div class=\"vc_tta-panel-body\">\n<div class=\"wpb_text_column wpb_content_element \">\n<div class=\"wpb_wrapper\">\n<p><strong>M\u00e1y l\u1ecdc n\u01b0\u1edbc n\u00f3ng l\u1ea1nh Kangaroo Infinity KG10A2I ti\u1ec7n l\u1ee3i v\u1edbi thi\u1ebft k\u1ebf 2 v\u00f2i \u2013 3 ch\u1ee9c n\u0103ng. C\u00f3 thi\u1ebft k\u1ebf t\u1ee7 k\u00ednh tr\u00e0n vi\u1ec1n v\u00f4 c\u1ef1c, Kangaroo KG10A2I mang \u0111\u1ebfn s\u1ef1 sang tr\u1ecdng,\u00a0b\u1ee9t ph\u00e1 m\u1ecdi gi\u1edbi h\u1ea1n v\u00e0 d\u1eabn \u0111\u1ea7u v\u1ec1 thi\u1ebft k\u1ebf.<\/strong><\/p>\n<h3><strong>Thi\u1ebft k\u1ebf \u0111\u1ec9nh cao \u2013 T\u1ee7 k\u00ednh tr\u00e0n vi\u1ec1n v\u00f4 c\u1ef1c<\/strong><\/h3>\n<p>Th\u1ebf h\u1ec7 m\u00e1y l\u1ecdc n\u01b0\u1edbc m\u1edbi series infinity \u2013 Tr\u00e0n vi\u1ec1n v\u00f4 c\u1ef1c, m\u00e3n nh\u00e3n tr\u1ea3i nghi\u1ec7m, thi\u1ebft k\u1ebf \u0111\u1ec9nh cao trong c\u00e1c d\u00f2ng m\u00e1y l\u1ecdc n\u01b0\u1edbc.<\/p>\n<p>M\u00e1y l\u1ecdc n\u01b0\u1edbc KG10A2I c\u00f3 b\u1ec1 ngo\u00e0i v\u01b0\u1ee3t xa so v\u1edbi c\u00e1c m\u1eabu m\u00e1y l\u1ecdc n\u01b0\u1edbc th\u00f4ng th\u01b0\u1eddng.\u00a0Thi\u1ebft k\u1ebf t\u1ee7 k\u00ednh \u0111en tr\u00e0n vi\u1ec1n \u1ea5n t\u01b0\u1ee3ng, k\u00edch th\u01b0\u1edbc r\u1ed9ng*s\u00e2u*cao l\u1ea7n l\u01b0\u1ee3t l\u00e0 430*340*900 mm c\u00f9ng \u0111\u01b0\u1eddng n\u00e9t m\u01b0\u1ee3t m\u00e0, s\u1ebd mang \u0111\u1ebfn kh\u00f4ng gian sang tr\u1ecdng d\u00f9 \u0111\u1eb7t m\u00e1y t\u1ea1i b\u1ea5t c\u1ee9 n\u01a1i \u0111\u00e2u.<\/p>\n<p><img loading=\"lazy\" decoding=\"async\" class=\"aligncenter wp-image-22716 size-full\" title=\"M\u00e1y l\u1ecdc n\u01b0\u1edbc n\u00f3ng l\u1ea1nh Kangaroo Infinity KG10A2I\" src=\"https:\/\/kangaroo.vn\/wp-content\/uploads\/May-loc-nuoc-nong-lanh-kangaroo-infinity-kg10a2i-5.jpg\" sizes=\"auto, (max-width: 1000px) 100vw, 1000px\" srcset=\"https:\/\/kangaroo.vn\/wp-content\/uploads\/May-loc-nuoc-nong-lanh-kangaroo-infinity-kg10a2i-5.jpg 1000w, https:\/\/kangaroo.vn\/wp-content\/uploads\/May-loc-nuoc-nong-lanh-kangaroo-infinity-kg10a2i-5-300x225.jpg 300w, https:\/\/kangaroo.vn\/wp-content\/uploads\/May-loc-nuoc-nong-lanh-kangaroo-infinity-kg10a2i-5-768x576.jpg 768w, https:\/\/kangaroo.vn\/wp-content\/uploads\/May-loc-nuoc-nong-lanh-kangaroo-infinity-kg10a2i-5-500x375.jpg 500w, https:\/\/kangaroo.vn\/wp-content\/uploads\/May-loc-nuoc-nong-lanh-kangaroo-infinity-kg10a2i-5-800x600.jpg 800w\" alt=\"M\u00e1y l\u1ecdc n\u01b0\u1edbc n\u00f3ng l\u1ea1nh Kangaroo Infinity KG10A2I\" width=\"1000\" height=\"750\" \/><\/p>\n<h3><strong>Ba ch\u1ebf \u0111\u1ed9 n\u01b0\u1edbc N\u00f3ng \u2013 L\u1ea1nh \u2013 RO<\/strong><\/h3>\n<p>M\u00e1y l\u1ecdc n\u01b0\u1edbc Kangaroo Infinity KG10A2I cung c\u1ea5p n\u01b0\u1edbc n\u00f3ng \u2013 l\u1ea1nh ngay l\u1eadp t\u1ee9c ch\u1ec9 v\u1edbi thao t\u00e1c xoay n\u00fam \u0111i\u1ec1u khi\u1ec3n. Dung t\u00edch b\u00ecnh ch\u1ee9a n\u01b0\u1edbc c\u1ee7a KG10A2I l\u1ea7n l\u01b0\u1ee3t l\u00e0: N\u00f3ng 0.8L \u2013 L\u1ea1nh 0.8L \u2013 N\u01b0\u1edbc RO 7L s\u1ebd \u0111\u00e1p \u1ee9ng m\u1ecdi nhu c\u1ea7u s\u1eed d\u1ee5ng.<\/p>\n<p><img loading=\"lazy\" decoding=\"async\" class=\"aligncenter wp-image-22728 size-full\" title=\"M\u00e1y l\u1ecdc n\u01b0\u1edbc n\u00f3ng l\u1ea1nh Kangaroo Infinity KG10A2I\" src=\"https:\/\/kangaroo.vn\/wp-content\/uploads\/May-loc-nuoc-nong-lanh-kangaroo-infinity-kg10a2i-9.jpg\" sizes=\"auto, (max-width: 1200px) 100vw, 1200px\" srcset=\"https:\/\/kangaroo.vn\/wp-content\/uploads\/May-loc-nuoc-nong-lanh-kangaroo-infinity-kg10a2i-9.jpg 1200w, https:\/\/kangaroo.vn\/wp-content\/uploads\/May-loc-nuoc-nong-lanh-kangaroo-infinity-kg10a2i-9-300x225.jpg 300w, https:\/\/kangaroo.vn\/wp-content\/uploads\/May-loc-nuoc-nong-lanh-kangaroo-infinity-kg10a2i-9-768x576.jpg 768w, https:\/\/kangaroo.vn\/wp-content\/uploads\/May-loc-nuoc-nong-lanh-kangaroo-infinity-kg10a2i-9-1024x768.jpg 1024w, https:\/\/kangaroo.vn\/wp-content\/uploads\/May-loc-nuoc-nong-lanh-kangaroo-infinity-kg10a2i-9-500x375.jpg 500w, https:\/\/kangaroo.vn\/wp-content\/uploads\/May-loc-nuoc-nong-lanh-kangaroo-infinity-kg10a2i-9-800x600.jpg 800w\" alt=\"M\u00e1y l\u1ecdc n\u01b0\u1edbc n\u00f3ng l\u1ea1nh Kangaroo Infinity KG10A2I\" width=\"1200\" height=\"900\" \/><\/p>\n<h3><strong>C\u00f4ng ngh\u1ec7 \u0111\u1ed9c quy\u1ec1n ch\u1ed1ng \u0111un kh\u00f4 b\u1ea7u n\u00f3ng<\/strong><\/h3>\n<p>M\u00e1y l\u1ecdc n\u01b0\u1edbc KG10A2I\u00a0 c\u1ee7a Kangaroo s\u1edf h\u1eefu c\u00f4ng ngh\u1ec7 ch\u1ed1ng \u0111un kh\u00f4 b\u1ea7u n\u00f3ng, t\u1ef1 \u0111\u1ed9ng ng\u1eaft \u0111i\u1ec7n n\u1ebfu b\u1ea7u ch\u1ee9a kh\u00f4ng c\u00f3 n\u01b0\u1edbc, \u0111\u00e3 \u0111\u01b0\u1ee3c B\u1ed9 Khoa h\u1ecdc &amp; C\u00f4ng ngh\u1ec7 Vi\u1ec7t Nam c\u1ea5p b\u1eb1ng \u0111\u1ed9c quy\u1ec1n gi\u1ea3i ph\u00e1p h\u1eefu \u00edch.<\/p>\n<p><img loading=\"lazy\" decoding=\"async\" class=\"aligncenter wp-image-25430 size-full\" src=\"https:\/\/kangaroo.vn\/wp-content\/uploads\/May-loc-nuoc-kangaroo-doc-quyen-cong-nghe-chong-dun-kho-bau-nong.jpg\" sizes=\"auto, (max-width: 1200px) 100vw, 1200px\" srcset=\"https:\/\/kangaroo.vn\/wp-content\/uploads\/May-loc-nuoc-kangaroo-doc-quyen-cong-nghe-chong-dun-kho-bau-nong.jpg 1200w, https:\/\/kangaroo.vn\/wp-content\/uploads\/May-loc-nuoc-kangaroo-doc-quyen-cong-nghe-chong-dun-kho-bau-nong-300x225.jpg 300w, https:\/\/kangaroo.vn\/wp-content\/uploads\/May-loc-nuoc-kangaroo-doc-quyen-cong-nghe-chong-dun-kho-bau-nong-768x576.jpg 768w, https:\/\/kangaroo.vn\/wp-content\/uploads\/May-loc-nuoc-kangaroo-doc-quyen-cong-nghe-chong-dun-kho-bau-nong-1024x768.jpg 1024w, https:\/\/kangaroo.vn\/wp-content\/uploads\/May-loc-nuoc-kangaroo-doc-quyen-cong-nghe-chong-dun-kho-bau-nong-500x375.jpg 500w, https:\/\/kangaroo.vn\/wp-content\/uploads\/May-loc-nuoc-kangaroo-doc-quyen-cong-nghe-chong-dun-kho-bau-nong-800x600.jpg 800w\" alt=\"\" width=\"1200\" height=\"900\" \/><\/p>\n<h3><strong>\u0110i\u1ec1u khi\u1ec3n c\u01a1 \u2013 3 n\u00fam xoay<\/strong><\/h3>\n<p>Thi\u1ebft k\u1ebf v\u00f2i l\u1ea5y n\u01b0\u1edbc tinh t\u1ebf t\u1eebng chi ti\u1ebft v\u1edbi van \u0111i\u1ec1u khi\u1ec3n c\u01a1 d\u1ec5 s\u1eed d\u1ee5ng, b\u1ec1n ch\u1eafc. 2 v\u00f2i c\u00f9ng 3 van xoay c\u01a1 \u0111\u1ed9c l\u1eadp cho 3 ch\u1ebf \u0111\u1ed9 n\u01b0\u1edbc n\u00f3ng \u2013 l\u1ea1nh \u2013 RO.<\/p>\n<p><img loading=\"lazy\" decoding=\"async\" class=\"aligncenter wp-image-22718 size-full\" title=\"M\u00e1y l\u1ecdc n\u01b0\u1edbc n\u00f3ng l\u1ea1nh Kangaroo Infinity KG10A2I\" src=\"https:\/\/kangaroo.vn\/wp-content\/uploads\/May-loc-nuoc-nong-lanh-kangaroo-infinity-kg10a2i-7.jpg\" sizes=\"auto, (max-width: 1200px) 100vw, 1200px\" srcset=\"https:\/\/kangaroo.vn\/wp-content\/uploads\/May-loc-nuoc-nong-lanh-kangaroo-infinity-kg10a2i-7.jpg 1200w, https:\/\/kangaroo.vn\/wp-content\/uploads\/May-loc-nuoc-nong-lanh-kangaroo-infinity-kg10a2i-7-300x225.jpg 300w, https:\/\/kangaroo.vn\/wp-content\/uploads\/May-loc-nuoc-nong-lanh-kangaroo-infinity-kg10a2i-7-768x576.jpg 768w, https:\/\/kangaroo.vn\/wp-content\/uploads\/May-loc-nuoc-nong-lanh-kangaroo-infinity-kg10a2i-7-1024x768.jpg 1024w, https:\/\/kangaroo.vn\/wp-content\/uploads\/May-loc-nuoc-nong-lanh-kangaroo-infinity-kg10a2i-7-500x375.jpg 500w, https:\/\/kangaroo.vn\/wp-content\/uploads\/May-loc-nuoc-nong-lanh-kangaroo-infinity-kg10a2i-7-800x600.jpg 800w\" alt=\"M\u00e1y l\u1ecdc n\u01b0\u1edbc n\u00f3ng l\u1ea1nh Kangaroo Infinity KG10A2I\" width=\"1200\" height=\"900\" \/><\/p>\n<h3><strong>H\u1ec7 th\u1ed1ng 10 l\u00f5i l\u1ecdc m\u1ea1nh m\u1ebd<\/strong><\/h3>\n<p>M\u00e1y l\u1ecdc n\u01b0\u1edbc Kangaroo Infinity KG10A2I c\u00f3 10 c\u1ea5p l\u1ecdc m\u1ea1nh m\u1ebd, di\u1ec7t khu\u1ea9n \u0111\u1ebfn 99,99% v\u00e0 c\u00e2n b\u1eb1ng pH, mang \u0111\u1ebfn ngu\u1ed3n n\u01b0\u1edbc s\u1ea1ch kh\u1ecfe cho c\u1ea3 gia \u0111\u00ecnh.<\/p>\n<ol>\n<li>L\u00f5i s\u1ed1 1 (PP 5 micron): Lo\u1ea1i b\u1ecf ch\u1ea5t b\u1ea9n, b\u00f9n \u0111\u1ea5t, r\u1ec9 s\u00e9t c\u00f3 k\u00edch th\u01b0\u1edbc tr\u00ean 5 micron.<\/li>\n<li>L\u00f5i s\u1ed1 2 (Ion exchange):\u00a0X\u1eed l\u00fd hi\u1ec7u qu\u1ea3 n\u01b0\u1edbc c\u1ee9ng, n\u01b0\u1edbc nhi\u1ec5m \u0111\u00e1 v\u00f4i.<\/li>\n<li>L\u00f5i s\u1ed1 3 (PP 1 micron): Lo\u1ea1i b\u1ecf ch\u1ea5t b\u1ea9n, b\u00f9n \u0111\u1ea5t, r\u1ec9 s\u00e9t c\u00f3 k\u00edch th\u01b0\u1edbc tr\u00ean 1 micron.<\/li>\n<li>L\u00f5i s\u1ed1 4 (RO Vortex): Lo\u1ea1i b\u1ecf ch\u1ea5t r\u1eafn, c\u00e1c ion kim lo\u1ea1i n\u1eb7ng, vi sinh v\u1eadt, vi khu\u1ea9n, si\u00eau vi khu\u1ea9n, c\u00e1c ch\u1ea5t h\u1eefu c\u01a1\u2026 c\u00f3 k\u00edch th\u01b0\u1edbc t\u1eeb 0.0001 micron.<\/li>\n<li>L\u00f5i s\u1ed1 5 (Ceramic): B\u1ed5 sung vi kho\u00e1ng t\u1ef1 nhi\u00ean (Mg, K, Na\u2026) c\u1ea7n thi\u1ebft cho c\u01a1 th\u1ec3, gi\u00fap duy tr\u00ec s\u1ee9c kho\u1ebb t\u1ed1t cho ng\u01b0\u1eddi s\u1eed d\u1ee5ng.<\/li>\n<li>L\u00f5i s\u1ed1 6 (Alkaline): N\u00e2ng cao v\u00e0 c\u00e2n b\u1eb1ng pH c\u1ee7a n\u01b0\u1edbc, t\u1ea1o ra n\u01b0\u1edbc c\u00f3 \u0111\u1ed9 ki\u1ec1m t\u00ednh, trung h\u00f2a axit d\u01b0 th\u1eeba, lo\u1ea1i b\u1ecf t\u00e1c nh\u00e2n g\u00e2y l\u00e3o h\u00f3a.<\/li>\n<li>L\u00f5i s\u1ed1 7 (Mineral): T\u1ea1o kho\u00e1ng ch\u1ea5t c\u1ea7n thi\u1ebft cho c\u01a1 th\u1ec3 (Canxi, S\u1eaft, K\u1ebdm, Magie\u2026) gi\u00fap c\u00e2n b\u1eb1ng kho\u00e1ng ch\u1ea5t v\u00e0 duy tr\u00ec s\u1ee9c kh\u1ecfe<\/li>\n<li>L\u00f5i s\u1ed1 8 (ORP): T\u1ea1o n\u01b0\u1edbc Alkaline c\u00f3 \u0111\u1ed9 \u0111i\u1ec7n gi\u1ea3i th\u1ea5p v\u00e0 gi\u00fap t\u00e1i t\u1ea1o n\u0103ng l\u01b0\u1ee3ng nhanh, duy tr\u00ec s\u1ee9c kho\u1ebb, h\u1ed7 tr\u1ee3 lo\u1ea1i b\u1ecf t\u00e1c nh\u00e2n g\u00e2y l\u00e3o h\u00f3a v\u00e0 gi\u00fap c\u00e2n b\u1eb1ng \u0111\u1ed9 pH trong c\u01a1 th\u1ec3.<\/li>\n<li>L\u00f5i s\u1ed1 9 (5 in 1): c\u00e2n b\u1eb1ng PH, t\u1ea1o kho\u00e1ng ch\u1ea5t, t\u1ea1o v\u1ecb ng\u1ecdt t\u1ef1 nhi\u00ean, t\u1ea1o ki\u1ec1m cho n\u01b0\u1edbc, h\u1ed7 tr\u1ee3 c\u01a1 th\u1ec3 trung h\u00f2a axit d\u01b0, lo\u1ea1i b\u1ecf ch\u1ea5t oxy h\u00f3a, t\u0103ng c\u01b0\u1eddng s\u1ee9c kh\u1ecfe.<\/li>\n<li>L\u00f5i s\u1ed1 10 (Nano Silver): Lo\u1ea1i b\u1ecf m\u00f9i, ch\u1ea5t Flo v\u00e0 t\u1ea1o v\u1ecb cho n\u01b0\u1edbc. Ngo\u00e0i ra, c\u00f3 th\u1ec3 ng\u0103n ch\u1eb7n s\u1ef1 ph\u00e1t tri\u1ec3n c\u1ee7a vi khu\u1ea9n.<\/li>\n<\/ol>\n<p>Kangaroo KG10A2I mang \u0111\u1ebfn ngu\u1ed3n n\u01b0\u1edbc s\u1ea1ch b\u1ed5 sung kho\u00e1ng ch\u1ea5t, \u0111\u1ea1t chu\u1ea9n u\u1ed1ng tr\u1ef1c ti\u1ebfp t\u1ea1i v\u00f2i, b\u1ea3o v\u1ec7 s\u1ee9c kh\u1ecfe \u2013 L\u00e0 thi\u1ebft b\u1ecb gia d\u1ee5ng kh\u00f4ng th\u1ec3 thi\u1ebfu v\u1edbi m\u1ecdi gia \u0111\u00ecnh.<\/p>\n<p><img loading=\"lazy\" decoding=\"async\" class=\"aligncenter wp-image-22719 size-full\" title=\"M\u00e1y l\u1ecdc n\u01b0\u1edbc n\u00f3ng l\u1ea1nh Kangaroo Infinity KG10A2I\" src=\"https:\/\/kangaroo.vn\/wp-content\/uploads\/May-loc-nuoc-nong-lanh-kangaroo-infinity-kg10a2i-8.jpg\" sizes=\"auto, (max-width: 1200px) 100vw, 1200px\" srcset=\"https:\/\/kangaroo.vn\/wp-content\/uploads\/May-loc-nuoc-nong-lanh-kangaroo-infinity-kg10a2i-8.jpg 1200w, https:\/\/kangaroo.vn\/wp-content\/uploads\/May-loc-nuoc-nong-lanh-kangaroo-infinity-kg10a2i-8-300x225.jpg 300w, https:\/\/kangaroo.vn\/wp-content\/uploads\/May-loc-nuoc-nong-lanh-kangaroo-infinity-kg10a2i-8-768x576.jpg 768w, https:\/\/kangaroo.vn\/wp-content\/uploads\/May-loc-nuoc-nong-lanh-kangaroo-infinity-kg10a2i-8-1024x768.jpg 1024w, https:\/\/kangaroo.vn\/wp-content\/uploads\/May-loc-nuoc-nong-lanh-kangaroo-infinity-kg10a2i-8-500x375.jpg 500w, https:\/\/kangaroo.vn\/wp-content\/uploads\/May-loc-nuoc-nong-lanh-kangaroo-infinity-kg10a2i-8-800x600.jpg 800w\" alt=\"M\u00e1y l\u1ecdc n\u01b0\u1edbc n\u00f3ng l\u1ea1nh Kangaroo Infinity KG10A2I\" width=\"1200\" height=\"900\" \/><\/p>\n<h3><strong>C\u00f4ng su\u1ea5t l\u1ecdc v\u01b0\u1ee3t tr\u1ed9i<\/strong><\/h3>\n<p>Infinity KG10A2I c\u00f3 c\u00f4ng su\u1ea5t l\u1ecdc 10L\/h ph\u1ee5c v\u1ee5 tho\u1ea3i m\u00e1i nhu c\u1ea7u s\u1eed d\u1ee5ng li\u00ean t\u1ee5c cho 4 \u2013 6 ng\u01b0\u1eddi\/ng\u00e0y. Kh\u00f4ng ch\u1ec9 d\u00f9ng \u0111\u1ec3 u\u1ed1ng tr\u1ef1c ti\u1ebfp h\u00e0ng ng\u00e0y, b\u1ea1n c\u00f3 th\u1ec3 s\u1eed d\u1ee5ng n\u01b0\u1edbc \u0111\u1ec3 n\u1ea5u \u0103n, sinh ho\u1ea1t, r\u1eeda th\u1ef1c ph\u1ea9m\u2026<\/p>\n<h3><strong>H\u1ec7 th\u1ed1ng k\u1ebft n\u1ed1i nhanh an to\u00e0n<\/strong><\/h3>\n<p>H\u1ec7 th\u1ed1ng k\u1ebft n\u1ed1i \u0111\u01b0\u1eddng \u1ed1ng, d\u00e2y d\u1eabn n\u01b0\u1edbc c\u1ee7a M\u00e1y l\u1ecdc n\u01b0\u1edbc Kangaroo Infinity KG10A2I \u0111\u01b0\u1ee3c trang b\u1ecb \u0111\u1ea7u k\u1ebft n\u1ed1i nhanh.<\/p>\n<p>Kh\u00f4ng ch\u1ec9 gi\u00fap thao t\u00e1c l\u1eafp \u0111\u1eb7t nhanh g\u1ecdn, \u0111\u01a1n gi\u1ea3n, m\u00e0 c\u00f2n \u0111\u1ea3m b\u1ea3o k\u1ebft n\u1ed1i ch\u1eafc ch\u1eafn, kh\u1eafc ph\u1ee5c t\u00ecnh tr\u1ea1ng tu\u1ed9t d\u00e2y, r\u00f2 r\u1ec9 n\u01b0\u1edbc v\u00e0 h\u1ea1n ch\u1ebf nhi\u1ec5m khu\u1ea9n ch\u00e9o.<\/p>\n<\/div>\n<\/div>\n<\/div>\n<\/div>\n<\/div>\n<\/div>\n<\/div>\n<\/div>\n<\/div>\n<\/div>\n<\/div>\n<\/div>\n","protected":false},"excerpt":{"rendered":"<div class=\"col-md-6\">\n<div class=\"summary entry-summary\">\n<div class=\"km-sp clearfix\">\n<div class=\"km-sp-content\">\n<div class=\"scroll-wrapper woocommerce-product-details__short-description scrollbar-inner\">\n<div class=\"woocommerce-product-details__short-description scrollbar-inner scroll-content scroll-scrolly_visible\">\n<p>Thi\u1ebft k\u1ebf t\u1ee7 k\u00ednh tr\u00e0n vi\u1ec1n v\u00f4 c\u1ef1c<\/p>\n<p>3 ch\u1ebf \u0111\u1ed9 n\u01b0\u1edbc N\u00f3ng \u2013 L\u1ea1nh \u2013 RO<\/p>\n<p>C\u00f4ng ngh\u1ec7 \u0111\u1ed9c quy\u1ec1n ch\u1ed1ng \u0111un kh\u00f4 b\u1ea7u n\u00f3ng<\/p>\n<p>3 van c\u01a1 l\u1ea5y n\u01b0\u1edbc d\u1ea1ng xoay b\u1ec1n b\u1ec9<\/p>\n<p>L\u00f5i Ion Exchange x\u1eed l\u00fd hi\u1ec7u qu\u1ea3 n\u01b0\u1edbc c\u1ee9ng, n\u01b0\u1edbc nhi\u1ec5m \u0111\u00e1 v\u00f4i<\/p>\n<p>B\u1ed5 sung vi kho\u00e1ng t\u1ef1 nhi\u00ean c\u1ea7n thi\u1ebft cho s\u1ee9c kh\u1ecfe<\/p>\n<p>H\u1ec7 th\u1ed1ng c\u00fat n\u1ed1i nhanh ng\u0103n ch\u1eb7n r\u00f2 r\u1ec9 n\u01b0\u1edbc<\/p>\n<p>M\u00e0ng RO Vortex gi\u1ea3m 75% n\u01b0\u1edbc th\u1ea3i<\/p>\n<\/div>\n<\/div>\n<\/div>\n<\/div>\n<\/div>\n<\/div>\n","protected":false},"featured_media":3718,"comment_status":"open","ping_status":"closed","template":"","meta":[],"product_brand":[],"product_cat":[83,109],"product_tag":[],"class_list":{"0":"post-3717","1":"product","2":"type-product","3":"status-publish","4":"has-post-thumbnail","6":"product_cat-may-loc-nuoc","7":"product_cat-kangaroo","9":"first","10":"instock","11":"shipping-taxable","12":"product-type-simple"},"_links":{"self":[{"href":"https:\/\/nhadepbepxinh.com.vn\/index.php?rest_route=\/wp\/v2\/product\/3717","targetHints":{"allow":["GET"]}}],"collection":[{"href":"https:\/\/nhadepbepxinh.com.vn\/index.php?rest_route=\/wp\/v2\/product"}],"about":[{"href":"https:\/\/nhadepbepxinh.com.vn\/index.php?rest_route=\/wp\/v2\/types\/product"}],"replies":[{"embeddable":true,"href":"https:\/\/nhadepbepxinh.com.vn\/index.php?rest_route=%2Fwp%2Fv2%2Fcomments&post=3717"}],"wp:featuredmedia":[{"embeddable":true,"href":"https:\/\/nhadepbepxinh.com.vn\/index.php?rest_route=\/wp\/v2\/media\/3718"}],"wp:attachment":[{"href":"https:\/\/nhadepbepxinh.com.vn\/index.php?rest_route=%2Fwp%2Fv2%2Fmedia&parent=3717"}],"wp:term":[{"taxonomy":"product_brand","embeddable":true,"href":"https:\/\/nhadepbepxinh.com.vn\/index.php?rest_route=%2Fwp%2Fv2%2Fproduct_brand&post=3717"},{"taxonomy":"product_cat","embeddable":true,"href":"https:\/\/nhadepbepxinh.com.vn\/index.php?rest_route=%2Fwp%2Fv2%2Fproduct_cat&post=3717"},{"taxonomy":"product_tag","embeddable":true,"href":"https:\/\/nhadepbepxinh.com.vn\/index.php?rest_route=%2Fwp%2Fv2%2Fproduct_tag&post=3717"}],"curies":[{"name":"wp","href":"https:\/\/api.w.org\/{rel}","templated":true}]}}