{"id":3711,"date":"2025-04-04T13:44:04","date_gmt":"2025-04-04T06:44:04","guid":{"rendered":"https:\/\/nhadepbepxinh.com.vn\/?post_type=product&#038;p=3711"},"modified":"2025-04-04T13:44:04","modified_gmt":"2025-04-04T06:44:04","slug":"may-loc-nuoc-kangaroo-nong-lanh-kg10a3","status":"publish","type":"product","link":"https:\/\/nhadepbepxinh.com.vn\/?product=may-loc-nuoc-kangaroo-nong-lanh-kg10a3","title":{"rendered":"MA\u0301Y LO\u0323C N\u01af\u01a0\u0301C KANGAROO NO\u0301NG LA\u0323NH KG10A3"},"content":{"rendered":"<h3><strong>M\u00c1Y L\u1eccC N\u01af\u1edaC 2 V\u00d2I KANGAROO KG10A3<\/strong><\/h3>\n<ul>\n<li>C\u00f4ng su\u1ea5t: 10 \u2013 15 Lit\/h<\/li>\n<li>Ng\u0103n ch\u1eb7n b\u00f9n \u0111\u1ea5t r\u1ec9 s\u00e9t, c\u00e1c t\u1ea1p ch\u1ea5t trong n\u01b0\u1edbc<\/li>\n<li>Ng\u0103n ch\u1eb7n vi khu\u1ea9n, c\u00e1c ch\u1ea5t t\u1ed3n d\u01b0 trong n\u01b0\u1edbc nh\u01b0 Clo,\u2026<\/li>\n<li>T\u0103ng oxy h\u00f2a tan trong n\u01b0\u1edbc<\/li>\n<li>L\u00e0m m\u1ec1m n\u01b0\u1edbc, c\u00e2n b\u1eb1ng \u0111\u1ed9 pH<\/li>\n<\/ul>\n<h3><strong>10 C\u1ea4P L\u1eccC \u2013 2 V\u00d2I 3 CH\u1ee8C N\u0102NG N\u00d3NG, L\u1ea0NH V\u00c0 RO<\/strong><\/h3>\n<ul>\n<li>T\u0103ng oxy h\u00f2a tan trong n\u01b0\u1edbc<\/li>\n<li>L\u00e0m m\u1ec1m n\u01b0\u1edbc, c\u00e2n b\u1eb1ng \u0111\u1ed9 pH<\/li>\n<li>L\u00f5i l\u1ecdc t\u1eeb \u0111\u00e1 thi\u00ean nhi\u00ean Maifan b\u1ed5 sung c\u00e1c tinh ch\u1ea5t t\u1eeb thi\u00ean nhi\u00ean cho n\u01b0\u1edbc<\/li>\n<li>L\u00f5i l\u1ecdc s\u1ed1 9 ORP: C\u1ea5u t\u1ea1o b\u1edfi c\u00e1c lo\u1ea1i \u0111\u00e1 kho\u00e1ng, b\u1ed5 sung c\u00e1c lo\u1ea1i kho\u00e1ng ch\u1ea5t c\u1ea7n thi\u1ebft cho c\u01a1 th\u1ec3 v\u00e0o trong n\u01b0\u1edbc<\/li>\n<li>L\u00f5i l\u1ecdc s\u1ed1 10 (5 in 1): T\u00e1i t\u1ea1o kho\u00e1ng t\u1ef1 nhi\u00ean, k\u1ebft h\u1ee3p t\u1ed1i \u01b0u c\u00e1c th\u00e0nh ph\u1ea7n kho\u00e1ng.<\/li>\n<\/ul>\n<p><strong><img loading=\"lazy\" decoding=\"async\" class=\"aligncenter wp-image-19839 size-full\" title=\"M\u00e1y l\u1ecdc n\u01b0\u1edbc Kangaroo n\u00f3ng l\u1ea1nh KG10A3\" src=\"https:\/\/kangaroo.vn\/wp-content\/uploads\/May-loc-nuoc-KG-19A3-min.jpg\" sizes=\"auto, (max-width: 800px) 100vw, 800px\" srcset=\"https:\/\/kangaroo.vn\/wp-content\/uploads\/May-loc-nuoc-KG-19A3-min.jpg 800w, https:\/\/kangaroo.vn\/wp-content\/uploads\/May-loc-nuoc-KG-19A3-min-150x150.jpg 150w, https:\/\/kangaroo.vn\/wp-content\/uploads\/May-loc-nuoc-KG-19A3-min-300x300.jpg 300w, https:\/\/kangaroo.vn\/wp-content\/uploads\/May-loc-nuoc-KG-19A3-min-768x768.jpg 768w, https:\/\/kangaroo.vn\/wp-content\/uploads\/May-loc-nuoc-KG-19A3-min-200x200.jpg 200w, https:\/\/kangaroo.vn\/wp-content\/uploads\/May-loc-nuoc-KG-19A3-min-500x500.jpg 500w\" alt=\"M\u00e1y l\u1ecdc n\u01b0\u1edbc Kangaroo n\u00f3ng l\u1ea1nh KG10A3\" width=\"800\" height=\"800\" \/><\/strong><\/p>\n<h3><strong>M\u00c1Y L\u1eccC N\u01af\u1edaC RO 2 V\u00d2I T\u00cdCH H\u1ee2P N\u00d3NG, L\u1ea0NH V\u00c0 RO \u2013\u00a0CH\u1ee8C N\u0102NG L\u1eccC NH\u01af M\u1ed8T M\u00c1Y RO B\u00ccNH TH\u01af\u1edcNG<\/strong><\/h3>\n<ul>\n<li>T\u1ef1 \u0111\u1ed9ng d\u1eebng khi \u00e1p l\u1ef1c n\u01b0\u1edbc \u0111\u1ea7u ngu\u1ed3n kh\u00f4ng \u0111\u1ee7<\/li>\n<li>T\u1ef1 \u0111\u1ed9ng ng\u1eebng khi nu\u1edbc \u0111\u1ea7y b\u00ecnh \u00e1p<\/li>\n<li>N\u01b0\u1edbc sau khi l\u1ecdc \u0111\u01b0\u1ee3c qua 5 l\u00f5i l\u1ecdc ch\u1ee9c n\u0103ng b\u1ed5 sung kho\u00e1ng ch\u1ea5t, t\u0103ng \u0111\u1ed9 PH, t\u1ea1o v\u1ecb ng\u1ecdt cho n\u01b0\u1edbc..<\/li>\n<\/ul>\n<h3><strong>CH\u1ee8C N\u0102NG L\u00c0M N\u00d3NG\/L\u1ea0NH N\u01af\u1edaC NH\u01af C\u00c2Y N\u01af\u1edaC<\/strong><\/h3>\n<ul>\n<li>N\u01b0\u1edbc n\u00f3ng \u0111\u01b0\u1ee3c duy tr\u00ec 80-90\u00baC<\/li>\n<li>Dung t\u00edch b\u1ea7u n\u00f3ng l\u00e0 0.8 L\u00edt<\/li>\n<li>B\u1ea7u n\u00f3ng \u0111\u01b0\u1ee3c qu\u1ea5n b\u1ea3o \u00f4n duy tr\u00ec nhi\u1ec7t \u0111\u1ed9, ti\u1ebft ki\u1ec7m \u0111i\u1ec7n.<\/li>\n<li>N\u01b0\u1edbc l\u1ea1nh \u0111\u01b0\u1ee3c duy tr\u00ec m\u1ee9c 10-15\u00baC.<\/li>\n<\/ul>\n<h3><strong>S\u1eec D\u1ee4NG THU\u1eacN TI\u1ec6N<\/strong><\/h3>\n<ul>\n<li>T\u00f9y ch\u1ecdn c\u00e1c ch\u1ebf \u0111\u1ed9 n\u01b0\u1edbc theo y\u00eau c\u1ea7u v\u1edbi 2 v\u00f2i ri\u00eang bi\u1ec7t<\/li>\n<li>C\u00f3 c\u00f4ng t\u00e1c ngu\u1ed3n ri\u00eang cho ch\u1ebf \u0111\u1ed9 l\u00e0m n\u00f3ng \u0111\u1ec3 c\u00f3 th\u1ec3 c\u1ea5p ngu\u1ed3n\/ ng\u1eaft ngu\u1ed3n cho b\u1ea7u n\u00f3ng m\u00e0 kh\u00f4ng \u1ea3nh h\u01b0\u1edfng t\u1edbi ngu\u1ed3n c\u1ea5p cho m\u00e1y l\u1ecdc n\u01b0\u1edbc RO<\/li>\n<\/ul>\n<h3><strong>T\u00cdNH THU\u1eacN TI\u1ec6N TRONG L\u1eaeP \u0110\u1eb6T<\/strong><\/h3>\n<ul>\n<li>Ph\u00eda sau m\u00e1y c\u00f3 2 v\u1ecb tr\u00ed ch\u1edd d\u00f9ng \u0111\u1ec3 c\u1ea5p ngu\u1ed3n n\u01b0\u1edbc v\u00e0 \u0111\u01b0\u1eddng n\u01b0\u1edbc th\u1ea3i \u0111\u1ed9c l\u1eadp, thu\u1eadn ti\u1ec7n trong l\u1eafp \u0111\u1eb7t<\/li>\n<li>M\u1ed9t d\u00e2y ngu\u1ed3n c\u1ea5p chung cho m\u00e1y RO, b\u1ea7u l\u1ea1nh v\u00e0 b\u1ea7u n\u00f3ng\u2026<\/li>\n<\/ul>\n<h3><strong>T\u00cdNH N\u0102NG AN TO\u00c0N<\/strong><\/h3>\n<ul>\n<li>Ngu\u1ed3n c\u1ea5p cho b\u1ea7u n\u00f3ng c\u00f3 c\u1ea7u ch\u00ec b\u1ea3o v\u1ec7 ri\u00eang bi\u1ec7t<\/li>\n<li>C\u00f3 snap nhi\u1ec7t 93\u00baC b\u1ea3o v\u1ec7 khi qu\u00e1 nhi\u1ec7t<\/li>\n<li>C\u00f3 \u1ed1ng th\u00f4ng h\u01a1i \u0111\u1ea3m b\u1ea3o an to\u00e0n cho b\u1ea7u n\u00f3ng<\/li>\n<\/ul>\n<h3><strong>\u0110\u00c8N B\u00c1O CH\u1ee8C N\u0102NG<\/strong><\/h3>\n<ul>\n<li>\u0110\u00e8n \u0111\u1ecf s\u00e1ng b\u00e1o thanh nhi\u1ec7t \u0111ang gia nhi\u1ec7t cho b\u1ea7u n\u00f3ng<\/li>\n<li>\u0110\u00e8n v\u00e0ng s\u00e1ng khi trong b\u1ea7u n\u00f3ng kh\u00f4ng c\u00f3 n\u01b0\u1edbc v\u00e0 thanh nhi\u1ec7t \u0111\u00e3 \u0111un kh\u00f4<\/li>\n<li>\u0110\u00e8n xanh s\u00e1ng khi n\u01b0\u1edbc trong b\u1ea7u l\u1ea1nh \u0111ang \u0111\u01b0\u1ee3c l\u00e0m l\u1ea1nh.<\/li>\n<\/ul>\n<h3><strong>TEM X\u00c1C TH\u1ef0C H\u00c0NG CH\u00cdNH H\u00c3NG<\/strong><\/h3>\n<ul>\n<li>Tem c\u00e0o \u0111\u01b0\u1ee3c g\u1eafn tr\u00ean th\u00e2n m\u00e1y.C\u00e0o l\u1edbp ph\u1ee7 m\u1ecfng tr\u00ean tem \u0111\u1ec3 l\u1ea5y m\u00e3 s\u1ed1, so\u1ea1n tin SP &lt;m\u00e3 s\u1ea3n ph\u1ea9m&gt; v\u00e0 g\u1eedi \u0111\u1ebfn 8137. T\u1ed5ng \u0111\u00e0i s\u1ebd g\u1eedi th\u00f4ng tin x\u00e1c nh\u1eadn v\u1ec1 \u0111i\u1ec7n tho\u1ea1i trong v\u00f2ng 5 ph\u00fat.<\/li>\n<\/ul>\n<table class=\"table table-striped table-bordered\">\n<tbody>\n<tr>\n<td rowspan=\"2\"><img loading=\"lazy\" decoding=\"async\" class=\"aligncenter wp-image-13985 size-full\" title=\"B\u01a1m h\u00fat s\u00e2u 3m tr\u00ean m\u00e1y l\u1ecdc n\u01b0\u1edbc RO Kangaroo\" src=\"https:\/\/kangaroo.vn\/wp-content\/uploads\/bom.jpg\" sizes=\"auto, (max-width: 529px) 100vw, 529px\" srcset=\"https:\/\/kangaroo.vn\/wp-content\/uploads\/bom.jpg 529w, https:\/\/kangaroo.vn\/wp-content\/uploads\/bom-216x300.jpg 216w, https:\/\/kangaroo.vn\/wp-content\/uploads\/bom-360x500.jpg 360w\" alt=\"Bom hut sau 3m tren may loc nuoc RO Kangaroo\" width=\"529\" height=\"734\" \/><\/td>\n<td><\/td>\n<\/tr>\n<tr>\n<td><img loading=\"lazy\" decoding=\"async\" class=\"aligncenter wp-image-13986 size-full\" title=\"D\u1ea5u hi\u1ec7u nh\u1eadn bi\u1ebft l\u00f5i l\u1ecdc ch\u00ednh h\u00e3ng Kangaroo\" src=\"https:\/\/kangaroo.vn\/wp-content\/uploads\/Dau-hieu-nhan-biet-loi-loc-chinh-hang-Kangaroo.jpg\" sizes=\"auto, (max-width: 1047px) 100vw, 1047px\" srcset=\"https:\/\/kangaroo.vn\/wp-content\/uploads\/Dau-hieu-nhan-biet-loi-loc-chinh-hang-Kangaroo.jpg 1047w, https:\/\/kangaroo.vn\/wp-content\/uploads\/Dau-hieu-nhan-biet-loi-loc-chinh-hang-Kangaroo-300x140.jpg 300w, https:\/\/kangaroo.vn\/wp-content\/uploads\/Dau-hieu-nhan-biet-loi-loc-chinh-hang-Kangaroo-768x359.jpg 768w, https:\/\/kangaroo.vn\/wp-content\/uploads\/Dau-hieu-nhan-biet-loi-loc-chinh-hang-Kangaroo-1024x479.jpg 1024w, https:\/\/kangaroo.vn\/wp-content\/uploads\/Dau-hieu-nhan-biet-loi-loc-chinh-hang-Kangaroo-500x234.jpg 500w\" alt=\"Dau hieu nhan biet loi loc chinh hang Kangaroo\" width=\"1047\" height=\"490\" \/><\/td>\n<\/tr>\n<\/tbody>\n<\/table>\n<p><strong><img loading=\"lazy\" decoding=\"async\" class=\"aligncenter wp-image-19841\" src=\"https:\/\/kangaroo.vn\/wp-content\/uploads\/Mang-RO-Kangaroo-Made-in-Korea-min.jpg\" sizes=\"auto, (max-width: 800px) 100vw, 800px\" srcset=\"https:\/\/kangaroo.vn\/wp-content\/uploads\/Mang-RO-Kangaroo-Made-in-Korea-min.jpg 1126w, https:\/\/kangaroo.vn\/wp-content\/uploads\/Mang-RO-Kangaroo-Made-in-Korea-min-300x101.jpg 300w, https:\/\/kangaroo.vn\/wp-content\/uploads\/Mang-RO-Kangaroo-Made-in-Korea-min-768x258.jpg 768w, https:\/\/kangaroo.vn\/wp-content\/uploads\/Mang-RO-Kangaroo-Made-in-Korea-min-1024x344.jpg 1024w, https:\/\/kangaroo.vn\/wp-content\/uploads\/Mang-RO-Kangaroo-Made-in-Korea-min-500x168.jpg 500w\" alt=\"\" width=\"800\" height=\"269\" \/><\/strong><\/p>\n","protected":false},"excerpt":{"rendered":"<div class=\"col-md-6\">\n<div class=\"summary entry-summary\">\n<div class=\"km-sp clearfix\">\n<div class=\"km-sp-content\">\n<div class=\"scroll-wrapper woocommerce-product-details__short-description scrollbar-inner\">\n<div class=\"woocommerce-product-details__short-description scrollbar-inner scroll-content scroll-scrolly_visible\">\n<p>2 v\u00f2i, 3 ch\u1ee9c n\u0103ng N\u00f3ng \u2013 RO \u2013 L\u1ea1nh<\/p>\n<p>T\u0103ng oxy h\u00f2a tan trong n\u01b0\u1edbc<\/p>\n<p>L\u00e0m m\u1ec1m n\u01b0\u1edbc, c\u00e2n b\u1eb1ng \u0111\u1ed9 PH<\/p>\n<p>L\u00f5i l\u1ecdc t\u1eeb \u0111\u00e1 thi\u00ean nhi\u00ean Maifan b\u1ed5 sung c\u00e1c tinh ch\u1ea5t t\u1eeb thi\u00ean nhi\u00ean cho n\u01b0\u1edbc<\/p>\n<p>L\u00f5i l\u1ecdc s\u1ed1 9 ORP: C\u1ea5u t\u1ea1o b\u1edfi c\u00e1c lo\u1ea1i \u0111\u00e1 kho\u00e1ng, b\u1ed5 sung c\u00e1c lo\u1ea1i kho\u00e1ng ch\u1ea5t c\u1ea7n thi\u1ebft cho c\u01a1 th\u1ec3 v\u00e0o trong n\u01b0\u1edbc<\/p>\n<p>L\u00f5i l\u1ecdc s\u1ed1 10 (5 in 1): T\u00e1i t\u1ea1o kho\u00e1ng t\u1ef1 nhi\u00ean, k\u1ebft h\u1ee3p t\u1ed1i \u01b0u c\u00e1c th\u00e0nh ph\u1ea7n kho\u00e1ng.<\/p>\n<\/div>\n<\/div>\n<\/div>\n<\/div>\n<\/div>\n<\/div>\n<div class=\"col-md-6 mua-hang-map\"><\/div>\n","protected":false},"featured_media":3712,"comment_status":"open","ping_status":"closed","template":"","meta":[],"product_brand":[],"product_cat":[83,109],"product_tag":[],"class_list":{"0":"post-3711","1":"product","2":"type-product","3":"status-publish","4":"has-post-thumbnail","6":"product_cat-may-loc-nuoc","7":"product_cat-kangaroo","9":"first","10":"instock","11":"shipping-taxable","12":"product-type-simple"},"_links":{"self":[{"href":"https:\/\/nhadepbepxinh.com.vn\/index.php?rest_route=\/wp\/v2\/product\/3711","targetHints":{"allow":["GET"]}}],"collection":[{"href":"https:\/\/nhadepbepxinh.com.vn\/index.php?rest_route=\/wp\/v2\/product"}],"about":[{"href":"https:\/\/nhadepbepxinh.com.vn\/index.php?rest_route=\/wp\/v2\/types\/product"}],"replies":[{"embeddable":true,"href":"https:\/\/nhadepbepxinh.com.vn\/index.php?rest_route=%2Fwp%2Fv2%2Fcomments&post=3711"}],"wp:featuredmedia":[{"embeddable":true,"href":"https:\/\/nhadepbepxinh.com.vn\/index.php?rest_route=\/wp\/v2\/media\/3712"}],"wp:attachment":[{"href":"https:\/\/nhadepbepxinh.com.vn\/index.php?rest_route=%2Fwp%2Fv2%2Fmedia&parent=3711"}],"wp:term":[{"taxonomy":"product_brand","embeddable":true,"href":"https:\/\/nhadepbepxinh.com.vn\/index.php?rest_route=%2Fwp%2Fv2%2Fproduct_brand&post=3711"},{"taxonomy":"product_cat","embeddable":true,"href":"https:\/\/nhadepbepxinh.com.vn\/index.php?rest_route=%2Fwp%2Fv2%2Fproduct_cat&post=3711"},{"taxonomy":"product_tag","embeddable":true,"href":"https:\/\/nhadepbepxinh.com.vn\/index.php?rest_route=%2Fwp%2Fv2%2Fproduct_tag&post=3711"}],"curies":[{"name":"wp","href":"https:\/\/api.w.org\/{rel}","templated":true}]}}