{"id":3682,"date":"2025-04-04T13:20:49","date_gmt":"2025-04-04T06:20:49","guid":{"rendered":"https:\/\/nhadepbepxinh.com.vn\/?post_type=product&#038;p=3682"},"modified":"2025-04-04T13:20:49","modified_gmt":"2025-04-04T06:20:49","slug":"may-loc-nuoc-ro-karofi-kaq-u50k-10-loi-loc","status":"publish","type":"product","link":"https:\/\/nhadepbepxinh.com.vn\/?product=may-loc-nuoc-ro-karofi-kaq-u50k-10-loi-loc","title":{"rendered":"MA\u0301Y LO\u0323C N\u01af\u01a0\u0301C RO Karofi KAQ-U50K \u2013 10 L\u00d5I L\u1eccC"},"content":{"rendered":"<div class=\"product-section\">\n<div class=\"row\">\n<div class=\"large-12 col pb-0 mb-0\">\n<p class=\"h3 title_mota thong-so-ky-thuat\"><strong>TH\u00d4NG S\u1ed0 K\u1ef8 THU\u1eacT M\u00e1y l\u1ecdc n\u01b0\u1edbc RO Karofi KAQ-U50K \u2013 10 L\u00d5I L\u1eccC<\/strong><\/p>\n<div class=\"panel entry-content thong-so-ky-thuat\">\n<div class=\"product-spec__title\">\n<table>\n<tbody>\n<tr>\n<td>M\u00e0ng l\u1ecdc<\/td>\n<td>M\u00e0ng RO 50 GPD thay nhanh s\u1ea3n xu\u1ea5t t\u1ea1i H\u00e0n Qu\u1ed1c<\/td>\n<\/tr>\n<tr>\n<td>C\u00f4ng su\u1ea5t l\u1ecdc<\/td>\n<td>10 L\/h<\/td>\n<\/tr>\n<tr>\n<td>B\u00ecnh \u00e1p<\/td>\n<td>5 L\u00edt<\/td>\n<\/tr>\n<tr>\n<td>\u0110i\u1ec7n \u00e1p<\/td>\n<td>220V \u2013 50HZ<\/td>\n<\/tr>\n<tr>\n<td>\u0110i\u1ec7n n\u0103ng ti\u00eau th\u1ee5<\/td>\n<td>25W<\/td>\n<\/tr>\n<tr>\n<td>H\u1ec7 th\u1ed1ng l\u1ecdc<\/td>\n<td>H\u1ec7 th\u1ed1ng l\u1ecdc 10 l\u00f5i Smax \u0111\u1ed9c quy\u1ec1n: c\u1ee5m l\u00f5i l\u1ecdc th\u00f4 Smax Pro V; m\u00e0ng RO; h\u1ec7 l\u00f5i ch\u1ee9c n\u0103ng HP 6.0 hi\u1ec7u su\u1ea5t cao<\/td>\n<\/tr>\n<tr>\n<td>C\u00e1c l\u00f5i ch\u1ee9c n\u0103ng<\/td>\n<td>H\u1ec7 l\u00f5i ch\u1ee9c n\u0103ng HP 6.0: Kho\u00e1ng \u0111\u00e1, Bioceramic, Far Infrared, Tourmaline, T33-GAC, Nano Silver Plus<\/td>\n<\/tr>\n<tr>\n<td>T\u1ef7 l\u1ec7 thu h\u1ed3i n\u01b0\u1edbc tinh khi\u1ebft<\/td>\n<td>L\u00ean \u0111\u1ebfn 40% (Trong \u0111i\u1ec1u ki\u1ec7n ph\u00f2ng lab, s\u1eed d\u1ee5ng linh ki\u1ec7n\/thi\u1ebft b\u1ecb \u0111o l\u01b0\u1eddng ti\u00eau chu\u1ea9n)<\/td>\n<\/tr>\n<tr>\n<td>S\u1ed1 l\u01b0\u1ee3ng v\u00f2i<\/td>\n<td>1<\/td>\n<\/tr>\n<tr>\n<td>Kh\u1ed1i l\u01b0\u1ee3ng<\/td>\n<td>7kg<\/td>\n<\/tr>\n<tr>\n<td>K\u00edch th\u01b0\u1edbc (RxSxC)<\/td>\n<td>280 x 212 x 410 (mm)<\/td>\n<\/tr>\n<tr>\n<td>L\u00f5i l\u1ecdc th\u00f4<\/td>\n<td>03 l\u00f5i l\u1ecdc th\u00f4 Smax Pro V 1,2,3<\/td>\n<\/tr>\n<\/tbody>\n<\/table>\n<div class=\"product-spec__item\">\n<div class=\"product-spec__title\">T\u00cdNH N\u0102NG S\u1ea2N PH\u1ea8M<\/div>\n<div class=\"product-spec__table\">\n<table>\n<tbody>\n<tr>\n<td>L\u1ecdc n\u01b0\u1edbc u\u1ed1ng tr\u1ef1c ti\u1ebfp<\/td>\n<td>C\u00f3<\/td>\n<\/tr>\n<tr>\n<td>Lo\u1ea1i m\u00e1y:<\/td>\n<td>Kh\u00f4ng t\u1ee7, \u0111\u1ec3 g\u1ea7m<\/td>\n<\/tr>\n<\/tbody>\n<\/table>\n<\/div>\n<\/div>\n<div class=\"product-spec__item\">\n<div class=\"product-spec__title\">TI\u00caU CHU\u1ea8N CH\u1ea4T L\u01af\u1ee2NG<\/div>\n<div class=\"product-spec__table\">\n<table>\n<tbody>\n<tr>\n<td>QCVN6-1:2010\/BYT<\/td>\n<td>C\u00f3<\/td>\n<\/tr>\n<tr>\n<td>TCVN 11978:2017<\/td>\n<td>C\u00f3<\/td>\n<\/tr>\n<\/tbody>\n<\/table>\n<\/div>\n<\/div>\n<\/div>\n<\/div>\n<\/div>\n<\/div>\n<\/div>\n<div class=\"product-section\">\n<div class=\"row\">\n<div class=\"large-12 col pb-0 mb-0\">\n<p class=\"h3 title_mota description\"><strong>CHI TI\u1ebeT S\u1ea2N PH\u1ea8M M\u00e1y l\u1ecdc n\u01b0\u1edbc RO Karofi KAQ-U50K \u2013 10 L\u00d5I L\u1eccC<\/strong><\/p>\n<div class=\"panel entry-content description\">\n<h3>M\u00e1y L\u1ecdc N\u01b0\u1edbc Karofi KAQ-U50K: G\u1ea5p 2 Hi\u1ec7u Su\u1ea5t \u2013 Vi Kho\u00e1ng V\u01b0\u1ee3t Tr\u1ed9i<\/h3>\n<p><img loading=\"lazy\" decoding=\"async\" class=\"alignnone size-full wp-image-1747 lazy-load-active\" src=\"https:\/\/karofichinhhangvn.vn\/wp-content\/uploads\/2024\/07\/may-loc-nuoc-karofi-kaq-u50k-hoang-uyen-4.jpg\" sizes=\"auto, (max-width: 980px) 100vw, 980px\" srcset=\"https:\/\/karofichinhhangvn.vn\/wp-content\/uploads\/2024\/07\/may-loc-nuoc-karofi-kaq-u50k-hoang-uyen-4.jpg 980w, https:\/\/karofichinhhangvn.vn\/wp-content\/uploads\/2024\/07\/may-loc-nuoc-karofi-kaq-u50k-hoang-uyen-4-300x169.jpg 300w, https:\/\/karofichinhhangvn.vn\/wp-content\/uploads\/2024\/07\/may-loc-nuoc-karofi-kaq-u50k-hoang-uyen-4-768x432.jpg 768w, https:\/\/karofichinhhangvn.vn\/wp-content\/uploads\/2024\/07\/may-loc-nuoc-karofi-kaq-u50k-hoang-uyen-4-800x450.jpg 800w\" alt=\"\" width=\"980\" height=\"551\" data-src=\"https:\/\/karofichinhhangvn.vn\/wp-content\/uploads\/2024\/07\/may-loc-nuoc-karofi-kaq-u50k-hoang-uyen-4.jpg\" data-srcset=\"https:\/\/karofichinhhangvn.vn\/wp-content\/uploads\/2024\/07\/may-loc-nuoc-karofi-kaq-u50k-hoang-uyen-4.jpg 980w, https:\/\/karofichinhhangvn.vn\/wp-content\/uploads\/2024\/07\/may-loc-nuoc-karofi-kaq-u50k-hoang-uyen-4-300x169.jpg 300w, https:\/\/karofichinhhangvn.vn\/wp-content\/uploads\/2024\/07\/may-loc-nuoc-karofi-kaq-u50k-hoang-uyen-4-768x432.jpg 768w, https:\/\/karofichinhhangvn.vn\/wp-content\/uploads\/2024\/07\/may-loc-nuoc-karofi-kaq-u50k-hoang-uyen-4-800x450.jpg 800w\" \/><\/p>\n<h4>T\u00ednh N\u0103ng N\u1ed5i B\u1eadt<\/h4>\n<h3><strong>1. Karofi KAQ-U50K Thi\u1ebft K\u1ebf Tinh G\u1ecdn<\/strong><\/h3>\n<p>Thi\u1ebft k\u1ebf nh\u1ecf g\u1ecdn, d\u1ec5 l\u1eafp \u0111\u1eb7t trong g\u1ea7m b\u1ebfp, ph\u00f9 h\u1ee3p cho kh\u00f4ng gian h\u1eb9p.<\/p>\n<p><img loading=\"lazy\" decoding=\"async\" class=\"alignnone size-full wp-image-1753 lazy-load-active\" src=\"https:\/\/karofichinhhangvn.vn\/wp-content\/uploads\/2024\/07\/may-loc-nuoc-karofi-kaq-u50k-hoang-uyen-9.jpg\" sizes=\"auto, (max-width: 980px) 100vw, 980px\" srcset=\"https:\/\/karofichinhhangvn.vn\/wp-content\/uploads\/2024\/07\/may-loc-nuoc-karofi-kaq-u50k-hoang-uyen-9.jpg 980w, https:\/\/karofichinhhangvn.vn\/wp-content\/uploads\/2024\/07\/may-loc-nuoc-karofi-kaq-u50k-hoang-uyen-9-300x169.jpg 300w, https:\/\/karofichinhhangvn.vn\/wp-content\/uploads\/2024\/07\/may-loc-nuoc-karofi-kaq-u50k-hoang-uyen-9-768x432.jpg 768w, https:\/\/karofichinhhangvn.vn\/wp-content\/uploads\/2024\/07\/may-loc-nuoc-karofi-kaq-u50k-hoang-uyen-9-800x450.jpg 800w\" alt=\"\" width=\"980\" height=\"551\" data-src=\"https:\/\/karofichinhhangvn.vn\/wp-content\/uploads\/2024\/07\/may-loc-nuoc-karofi-kaq-u50k-hoang-uyen-9.jpg\" data-srcset=\"https:\/\/karofichinhhangvn.vn\/wp-content\/uploads\/2024\/07\/may-loc-nuoc-karofi-kaq-u50k-hoang-uyen-9.jpg 980w, https:\/\/karofichinhhangvn.vn\/wp-content\/uploads\/2024\/07\/may-loc-nuoc-karofi-kaq-u50k-hoang-uyen-9-300x169.jpg 300w, https:\/\/karofichinhhangvn.vn\/wp-content\/uploads\/2024\/07\/may-loc-nuoc-karofi-kaq-u50k-hoang-uyen-9-768x432.jpg 768w, https:\/\/karofichinhhangvn.vn\/wp-content\/uploads\/2024\/07\/may-loc-nuoc-karofi-kaq-u50k-hoang-uyen-9-800x450.jpg 800w\" \/><\/p>\n<h3><strong>2.\u00a0Karofi KAQ-U50K 10 L\u00f5i L\u1ecdc Smax Th\u1ebf H\u1ec7 M\u1edbi<\/strong><\/h3>\n<p>T\u0103ng g\u1ea5p \u0111\u00f4i hi\u1ec7u su\u1ea5t v\u00e0 tu\u1ed5i th\u1ecd, s\u1eafp x\u1ebfp khoa h\u1ecdc gi\u00fap thay l\u00f5i d\u1ec5 d\u00e0ng v\u00e0 ch\u1ed1ng t\u00e1i nhi\u1ec5m khu\u1ea9n.<\/p>\n<p><img loading=\"lazy\" decoding=\"async\" class=\"alignnone size-full wp-image-1749 lazy-load-active\" src=\"https:\/\/karofichinhhangvn.vn\/wp-content\/uploads\/2024\/07\/may-loc-nuoc-karofi-kaq-u50k-hoang-uyen-5.jpg\" sizes=\"auto, (max-width: 980px) 100vw, 980px\" srcset=\"https:\/\/karofichinhhangvn.vn\/wp-content\/uploads\/2024\/07\/may-loc-nuoc-karofi-kaq-u50k-hoang-uyen-5.jpg 980w, https:\/\/karofichinhhangvn.vn\/wp-content\/uploads\/2024\/07\/may-loc-nuoc-karofi-kaq-u50k-hoang-uyen-5-300x169.jpg 300w, https:\/\/karofichinhhangvn.vn\/wp-content\/uploads\/2024\/07\/may-loc-nuoc-karofi-kaq-u50k-hoang-uyen-5-768x432.jpg 768w, https:\/\/karofichinhhangvn.vn\/wp-content\/uploads\/2024\/07\/may-loc-nuoc-karofi-kaq-u50k-hoang-uyen-5-800x450.jpg 800w\" alt=\"\" width=\"980\" height=\"551\" data-src=\"https:\/\/karofichinhhangvn.vn\/wp-content\/uploads\/2024\/07\/may-loc-nuoc-karofi-kaq-u50k-hoang-uyen-5.jpg\" data-srcset=\"https:\/\/karofichinhhangvn.vn\/wp-content\/uploads\/2024\/07\/may-loc-nuoc-karofi-kaq-u50k-hoang-uyen-5.jpg 980w, https:\/\/karofichinhhangvn.vn\/wp-content\/uploads\/2024\/07\/may-loc-nuoc-karofi-kaq-u50k-hoang-uyen-5-300x169.jpg 300w, https:\/\/karofichinhhangvn.vn\/wp-content\/uploads\/2024\/07\/may-loc-nuoc-karofi-kaq-u50k-hoang-uyen-5-768x432.jpg 768w, https:\/\/karofichinhhangvn.vn\/wp-content\/uploads\/2024\/07\/may-loc-nuoc-karofi-kaq-u50k-hoang-uyen-5-800x450.jpg 800w\" \/><\/p>\n<p><strong>3. H\u1ec7 L\u00f5i L\u1ecdc Smax Pro V<\/strong><\/p>\n<p>T\u0103ng g\u1ea5p 3 l\u1ea7n di\u1ec7n t\u00edch ti\u1ebfp x\u00fac, n\u00e2ng cao hi\u1ec7u qu\u1ea3 l\u1ecdc g\u1ea5p 2 l\u1ea7n v\u00e0 gi\u1ea3m 50% chi ph\u00ed thay l\u00f5i.<\/p>\n<p><img loading=\"lazy\" decoding=\"async\" class=\"alignnone size-full wp-image-1750 lazy-load-active\" src=\"https:\/\/karofichinhhangvn.vn\/wp-content\/uploads\/2024\/07\/may-loc-nuoc-karofi-kaq-u50k-hoang-uyen-6.jpg\" sizes=\"auto, (max-width: 980px) 100vw, 980px\" srcset=\"https:\/\/karofichinhhangvn.vn\/wp-content\/uploads\/2024\/07\/may-loc-nuoc-karofi-kaq-u50k-hoang-uyen-6.jpg 980w, https:\/\/karofichinhhangvn.vn\/wp-content\/uploads\/2024\/07\/may-loc-nuoc-karofi-kaq-u50k-hoang-uyen-6-300x169.jpg 300w, https:\/\/karofichinhhangvn.vn\/wp-content\/uploads\/2024\/07\/may-loc-nuoc-karofi-kaq-u50k-hoang-uyen-6-768x432.jpg 768w, https:\/\/karofichinhhangvn.vn\/wp-content\/uploads\/2024\/07\/may-loc-nuoc-karofi-kaq-u50k-hoang-uyen-6-800x450.jpg 800w\" alt=\"\" width=\"980\" height=\"551\" data-src=\"https:\/\/karofichinhhangvn.vn\/wp-content\/uploads\/2024\/07\/may-loc-nuoc-karofi-kaq-u50k-hoang-uyen-6.jpg\" data-srcset=\"https:\/\/karofichinhhangvn.vn\/wp-content\/uploads\/2024\/07\/may-loc-nuoc-karofi-kaq-u50k-hoang-uyen-6.jpg 980w, https:\/\/karofichinhhangvn.vn\/wp-content\/uploads\/2024\/07\/may-loc-nuoc-karofi-kaq-u50k-hoang-uyen-6-300x169.jpg 300w, https:\/\/karofichinhhangvn.vn\/wp-content\/uploads\/2024\/07\/may-loc-nuoc-karofi-kaq-u50k-hoang-uyen-6-768x432.jpg 768w, https:\/\/karofichinhhangvn.vn\/wp-content\/uploads\/2024\/07\/may-loc-nuoc-karofi-kaq-u50k-hoang-uyen-6-800x450.jpg 800w\" \/><\/p>\n<p><strong>4. M\u00e0ng L\u1ecdc RO 50 GPD<\/strong><\/p>\n<p>S\u1ea3n xu\u1ea5t t\u1ea1i H\u00e0n Qu\u1ed1c, lo\u1ea1i b\u1ecf 99,99% virus, vi khu\u1ea9n, amip, asen v\u00e0 c\u00e1c ion kim lo\u1ea1i.<\/p>\n<p><img loading=\"lazy\" decoding=\"async\" class=\"alignnone size-full wp-image-1751 lazy-load-active\" src=\"https:\/\/karofichinhhangvn.vn\/wp-content\/uploads\/2024\/07\/may-loc-nuoc-karofi-kaq-u50k-hoang-uyen-7.jpg\" sizes=\"auto, (max-width: 980px) 100vw, 980px\" srcset=\"https:\/\/karofichinhhangvn.vn\/wp-content\/uploads\/2024\/07\/may-loc-nuoc-karofi-kaq-u50k-hoang-uyen-7.jpg 980w, https:\/\/karofichinhhangvn.vn\/wp-content\/uploads\/2024\/07\/may-loc-nuoc-karofi-kaq-u50k-hoang-uyen-7-300x169.jpg 300w, https:\/\/karofichinhhangvn.vn\/wp-content\/uploads\/2024\/07\/may-loc-nuoc-karofi-kaq-u50k-hoang-uyen-7-768x432.jpg 768w, https:\/\/karofichinhhangvn.vn\/wp-content\/uploads\/2024\/07\/may-loc-nuoc-karofi-kaq-u50k-hoang-uyen-7-800x450.jpg 800w\" alt=\"\" width=\"980\" height=\"551\" data-src=\"https:\/\/karofichinhhangvn.vn\/wp-content\/uploads\/2024\/07\/may-loc-nuoc-karofi-kaq-u50k-hoang-uyen-7.jpg\" data-srcset=\"https:\/\/karofichinhhangvn.vn\/wp-content\/uploads\/2024\/07\/may-loc-nuoc-karofi-kaq-u50k-hoang-uyen-7.jpg 980w, https:\/\/karofichinhhangvn.vn\/wp-content\/uploads\/2024\/07\/may-loc-nuoc-karofi-kaq-u50k-hoang-uyen-7-300x169.jpg 300w, https:\/\/karofichinhhangvn.vn\/wp-content\/uploads\/2024\/07\/may-loc-nuoc-karofi-kaq-u50k-hoang-uyen-7-768x432.jpg 768w, https:\/\/karofichinhhangvn.vn\/wp-content\/uploads\/2024\/07\/may-loc-nuoc-karofi-kaq-u50k-hoang-uyen-7-800x450.jpg 800w\" \/><\/p>\n<p><strong>5. H\u1ec7 L\u00f5i L\u1ecdc Ch\u1ee9c N\u0103ng Smax HP 6.0<\/strong><\/p>\n<p>B\u1ed5 sung g\u1ea5p \u0111\u00f4i kho\u00e1ng ch\u1ea5t, gi\u00fap ho\u1ea1t h\u00f3a n\u01b0\u1edbc, t\u0103ng v\u1ecb ngon ng\u1ecdt v\u00e0 ch\u1ed1ng t\u00e1i nhi\u1ec5m khu\u1ea9n.<\/p>\n<p><img loading=\"lazy\" decoding=\"async\" class=\"alignnone size-full wp-image-1752 lazy-load-active\" src=\"https:\/\/karofichinhhangvn.vn\/wp-content\/uploads\/2024\/07\/may-loc-nuoc-karofi-kaq-u50k-hoang-uyen-8.jpg\" sizes=\"auto, (max-width: 980px) 100vw, 980px\" srcset=\"https:\/\/karofichinhhangvn.vn\/wp-content\/uploads\/2024\/07\/may-loc-nuoc-karofi-kaq-u50k-hoang-uyen-8.jpg 980w, https:\/\/karofichinhhangvn.vn\/wp-content\/uploads\/2024\/07\/may-loc-nuoc-karofi-kaq-u50k-hoang-uyen-8-300x169.jpg 300w, https:\/\/karofichinhhangvn.vn\/wp-content\/uploads\/2024\/07\/may-loc-nuoc-karofi-kaq-u50k-hoang-uyen-8-768x432.jpg 768w, https:\/\/karofichinhhangvn.vn\/wp-content\/uploads\/2024\/07\/may-loc-nuoc-karofi-kaq-u50k-hoang-uyen-8-800x450.jpg 800w\" alt=\"\" width=\"980\" height=\"551\" data-src=\"https:\/\/karofichinhhangvn.vn\/wp-content\/uploads\/2024\/07\/may-loc-nuoc-karofi-kaq-u50k-hoang-uyen-8.jpg\" data-srcset=\"https:\/\/karofichinhhangvn.vn\/wp-content\/uploads\/2024\/07\/may-loc-nuoc-karofi-kaq-u50k-hoang-uyen-8.jpg 980w, https:\/\/karofichinhhangvn.vn\/wp-content\/uploads\/2024\/07\/may-loc-nuoc-karofi-kaq-u50k-hoang-uyen-8-300x169.jpg 300w, https:\/\/karofichinhhangvn.vn\/wp-content\/uploads\/2024\/07\/may-loc-nuoc-karofi-kaq-u50k-hoang-uyen-8-768x432.jpg 768w, https:\/\/karofichinhhangvn.vn\/wp-content\/uploads\/2024\/07\/may-loc-nuoc-karofi-kaq-u50k-hoang-uyen-8-800x450.jpg 800w\" \/><\/p>\n<p><strong>6. N\u01b0\u1edbc Sau L\u1ecdc \u0110\u1ea1t Chu\u1ea9n QCVN 6-1:2010 BYT<\/strong><\/p>\n<p>Ngu\u1ed3n n\u01b0\u1edbc sau l\u1ecdc \u0111\u1ea1t chu\u1ea9n n\u01b0\u1edbc u\u1ed1ng tinh khi\u1ebft \u0111\u00f3ng chai theo quy \u0111\u1ecbnh c\u1ee7a B\u1ed9 Y T\u1ebf.<\/p>\n<p><img loading=\"lazy\" decoding=\"async\" class=\"alignnone size-full wp-image-1741 lazy-load-active\" src=\"https:\/\/karofichinhhangvn.vn\/wp-content\/uploads\/2024\/07\/may-loc-nuoc-karofi-kaq-u50k-hoang-uyen-1.jpg\" sizes=\"auto, (max-width: 980px) 100vw, 980px\" srcset=\"https:\/\/karofichinhhangvn.vn\/wp-content\/uploads\/2024\/07\/may-loc-nuoc-karofi-kaq-u50k-hoang-uyen-1.jpg 980w, https:\/\/karofichinhhangvn.vn\/wp-content\/uploads\/2024\/07\/may-loc-nuoc-karofi-kaq-u50k-hoang-uyen-1-300x169.jpg 300w, https:\/\/karofichinhhangvn.vn\/wp-content\/uploads\/2024\/07\/may-loc-nuoc-karofi-kaq-u50k-hoang-uyen-1-768x432.jpg 768w, https:\/\/karofichinhhangvn.vn\/wp-content\/uploads\/2024\/07\/may-loc-nuoc-karofi-kaq-u50k-hoang-uyen-1-800x450.jpg 800w\" alt=\"\" width=\"980\" height=\"551\" data-src=\"https:\/\/karofichinhhangvn.vn\/wp-content\/uploads\/2024\/07\/may-loc-nuoc-karofi-kaq-u50k-hoang-uyen-1.jpg\" data-srcset=\"https:\/\/karofichinhhangvn.vn\/wp-content\/uploads\/2024\/07\/may-loc-nuoc-karofi-kaq-u50k-hoang-uyen-1.jpg 980w, https:\/\/karofichinhhangvn.vn\/wp-content\/uploads\/2024\/07\/may-loc-nuoc-karofi-kaq-u50k-hoang-uyen-1-300x169.jpg 300w, https:\/\/karofichinhhangvn.vn\/wp-content\/uploads\/2024\/07\/may-loc-nuoc-karofi-kaq-u50k-hoang-uyen-1-768x432.jpg 768w, https:\/\/karofichinhhangvn.vn\/wp-content\/uploads\/2024\/07\/may-loc-nuoc-karofi-kaq-u50k-hoang-uyen-1-800x450.jpg 800w\" \/><\/p>\n<p><strong>7. Th\u1eddi Gian B\u1ea3o H\u00e0nh \u0110\u1ebfn 3 N\u0103m<\/strong><\/p>\n<p>B\u1ea3o h\u00e0nh l\u00ean \u0111\u1ebfn 3 n\u0103m v\u1edbi d\u1ecbch v\u1ee5 k\u1ef9 thu\u1eadt v\u00e0 ch\u0103m s\u00f3c kh\u00e1ch h\u00e0ng t\u1eadn t\u00e2m.<\/p>\n<p><img loading=\"lazy\" decoding=\"async\" class=\"alignnone size-full wp-image-1743 lazy-load-active\" src=\"https:\/\/karofichinhhangvn.vn\/wp-content\/uploads\/2024\/07\/may-loc-nuoc-karofi-kaq-u50k-hoang-uyen-2.jpg\" sizes=\"auto, (max-width: 980px) 100vw, 980px\" srcset=\"https:\/\/karofichinhhangvn.vn\/wp-content\/uploads\/2024\/07\/may-loc-nuoc-karofi-kaq-u50k-hoang-uyen-2.jpg 980w, https:\/\/karofichinhhangvn.vn\/wp-content\/uploads\/2024\/07\/may-loc-nuoc-karofi-kaq-u50k-hoang-uyen-2-300x169.jpg 300w, https:\/\/karofichinhhangvn.vn\/wp-content\/uploads\/2024\/07\/may-loc-nuoc-karofi-kaq-u50k-hoang-uyen-2-768x432.jpg 768w, https:\/\/karofichinhhangvn.vn\/wp-content\/uploads\/2024\/07\/may-loc-nuoc-karofi-kaq-u50k-hoang-uyen-2-800x450.jpg 800w\" alt=\"\" width=\"980\" height=\"551\" data-src=\"https:\/\/karofichinhhangvn.vn\/wp-content\/uploads\/2024\/07\/may-loc-nuoc-karofi-kaq-u50k-hoang-uyen-2.jpg\" data-srcset=\"https:\/\/karofichinhhangvn.vn\/wp-content\/uploads\/2024\/07\/may-loc-nuoc-karofi-kaq-u50k-hoang-uyen-2.jpg 980w, https:\/\/karofichinhhangvn.vn\/wp-content\/uploads\/2024\/07\/may-loc-nuoc-karofi-kaq-u50k-hoang-uyen-2-300x169.jpg 300w, https:\/\/karofichinhhangvn.vn\/wp-content\/uploads\/2024\/07\/may-loc-nuoc-karofi-kaq-u50k-hoang-uyen-2-768x432.jpg 768w, https:\/\/karofichinhhangvn.vn\/wp-content\/uploads\/2024\/07\/may-loc-nuoc-karofi-kaq-u50k-hoang-uyen-2-800x450.jpg 800w\" \/><\/p>\n<h3>Ch\u1ee9c N\u0103ng v\u00e0 Th\u1eddi Gian Thay L\u00f5i Karofi KAQ-U50K<\/h3>\n<table>\n<thead>\n<tr>\n<th>STT<\/th>\n<th>L\u00f5i L\u1ecdc<\/th>\n<th>Ch\u1ee9c N\u0103ng<\/th>\n<th>Th\u1eddi Gian Thay<\/th>\n<\/tr>\n<\/thead>\n<tbody>\n<tr>\n<td>1<\/td>\n<td>SMAX PRO V1<\/td>\n<td>Lo\u1ea1i b\u1ecf ch\u1ea5t c\u1eb7n b\u00e3, c\u00e1t, s\u1ea1n, b\u00f9n, rong r\u00eau, ch\u1ea5t r\u1eafn l\u1edbn h\u01a1n 5 micron<\/td>\n<td>12 th\u00e1ng<\/td>\n<\/tr>\n<tr>\n<td>2<\/td>\n<td>SMAX PRO V2<\/td>\n<td>Lo\u1ea1i b\u1ecf Clo, Clorine, ch\u1ea5t h\u1eefu c\u01a1 d\u01b0 th\u1eeba v\u00e0 c\u00e1c kh\u00ed g\u00e2y m\u00f9i<\/td>\n<td>12 th\u00e1ng<\/td>\n<\/tr>\n<tr>\n<td>3<\/td>\n<td>SMAX PRO V3<\/td>\n<td>Lo\u1ea1i b\u1ecf rong r\u00eau, c\u1eb7n b\u1ea9n, b\u1ee5i c\u00e1t, ch\u1ea5t r\u1eafn l\u1edbn h\u01a1n 1 micron<\/td>\n<td>12 th\u00e1ng<\/td>\n<\/tr>\n<tr>\n<td>4<\/td>\n<td>Smax RO Purifim<\/td>\n<td>Lo\u1ea1i b\u1ecf h\u01a1n 99,99% clo, d\u1ea7u, virus, vi khu\u1ea9n, amip, asen, ion kim lo\u1ea1i v\u00e0 ch\u1ea5t \u0111\u1ed9c h\u1ea1i<\/td>\n<td>24-36 th\u00e1ng<\/td>\n<\/tr>\n<tr>\n<td>5<\/td>\n<td>Mineral<\/td>\n<td>B\u1ed5 sung kho\u00e1ng ch\u1ea5t, n\u00e2ng cao pH, trung h\u00f2a axit d\u01b0<\/td>\n<td>12 th\u00e1ng<\/td>\n<\/tr>\n<tr>\n<td>6<\/td>\n<td>Bioceramic<\/td>\n<td>T\u0103ng c\u01b0\u1eddng \u0111i\u1ec7n gi\u1ea3i c\u00f3 l\u1ee3i, l\u00e0m n\u01b0\u1edbc c\u00f3 v\u1ecb ngon h\u01a1n<\/td>\n<td>12 th\u00e1ng<\/td>\n<\/tr>\n<tr>\n<td>7<\/td>\n<td>Far Infrared<\/td>\n<td>Chia nh\u1ecf ph\u00e2n t\u1eed n\u01b0\u1edbc gi\u00fap c\u01a1 th\u1ec3 d\u1ec5 h\u1ea5p th\u1ee5<\/td>\n<td>12 th\u00e1ng<\/td>\n<\/tr>\n<tr>\n<td>8<\/td>\n<td>Tourmaline<\/td>\n<td>T\u1ea1o ion \u00e2m c\u00f3 l\u1ee3i v\u00e0 ho\u1ea1t h\u00f3a n\u01b0\u1edbc gi\u00fap c\u01a1 th\u1ec3 d\u1ec5 d\u00e0ng h\u1ea5p thu<\/td>\n<td>12 th\u00e1ng<\/td>\n<\/tr>\n<tr>\n<td>9<\/td>\n<td>T33-GAC<\/td>\n<td>X\u1eed l\u00fd m\u00f9i kh\u00f3 ch\u1ecbu, ch\u1ea5t h\u1eefu c\u01a1 v\u00e0 \u1ed5n \u0111\u1ecbnh v\u1ecb ng\u1ecdt t\u1ef1 nhi\u00ean cho n\u01b0\u1edbc<\/td>\n<td>12 th\u00e1ng<\/td>\n<\/tr>\n<tr>\n<td>10<\/td>\n<td>Nano Silver Plus<\/td>\n<td>Ti\u00eau di\u1ec7t vi khu\u1ea9n, ch\u1ed1ng t\u00e1i nhi\u1ec5m khu\u1ea9n sau khi n\u01b0\u1edbc \u0111i qua m\u00e0ng RO<\/td>\n<td>12 th\u00e1ng<\/td>\n<\/tr>\n<\/tbody>\n<\/table>\n<p>M\u00e1y l\u1ecdc n\u01b0\u1edbc Karofi KAQ-U50K v\u1edbi c\u00e1c t\u00ednh n\u0103ng v\u00e0 c\u00f4ng ngh\u1ec7 hi\u1ec7n \u0111\u1ea1i, \u0111\u1ea3m b\u1ea3o mang \u0111\u1ebfn ngu\u1ed3n n\u01b0\u1edbc s\u1ea1ch, an to\u00e0n v\u00e0 t\u1ed1t cho s\u1ee9c kh\u1ecfe cho gia \u0111\u00ecnh b\u1ea1n.<\/p>\n<p><img loading=\"lazy\" decoding=\"async\" class=\"alignnone size-full wp-image-1745 lazy-load-active\" src=\"https:\/\/karofichinhhangvn.vn\/wp-content\/uploads\/2024\/07\/may-loc-nuoc-karofi-kaq-u50k-hoang-uyen-3.jpg\" sizes=\"auto, (max-width: 980px) 100vw, 980px\" srcset=\"https:\/\/karofichinhhangvn.vn\/wp-content\/uploads\/2024\/07\/may-loc-nuoc-karofi-kaq-u50k-hoang-uyen-3.jpg 980w, https:\/\/karofichinhhangvn.vn\/wp-content\/uploads\/2024\/07\/may-loc-nuoc-karofi-kaq-u50k-hoang-uyen-3-300x169.jpg 300w, https:\/\/karofichinhhangvn.vn\/wp-content\/uploads\/2024\/07\/may-loc-nuoc-karofi-kaq-u50k-hoang-uyen-3-768x432.jpg 768w, https:\/\/karofichinhhangvn.vn\/wp-content\/uploads\/2024\/07\/may-loc-nuoc-karofi-kaq-u50k-hoang-uyen-3-800x450.jpg 800w\" alt=\"\" width=\"980\" height=\"551\" data-src=\"https:\/\/karofichinhhangvn.vn\/wp-content\/uploads\/2024\/07\/may-loc-nuoc-karofi-kaq-u50k-hoang-uyen-3.jpg\" data-srcset=\"https:\/\/karofichinhhangvn.vn\/wp-content\/uploads\/2024\/07\/may-loc-nuoc-karofi-kaq-u50k-hoang-uyen-3.jpg 980w, https:\/\/karofichinhhangvn.vn\/wp-content\/uploads\/2024\/07\/may-loc-nuoc-karofi-kaq-u50k-hoang-uyen-3-300x169.jpg 300w, https:\/\/karofichinhhangvn.vn\/wp-content\/uploads\/2024\/07\/may-loc-nuoc-karofi-kaq-u50k-hoang-uyen-3-768x432.jpg 768w, https:\/\/karofichinhhangvn.vn\/wp-content\/uploads\/2024\/07\/may-loc-nuoc-karofi-kaq-u50k-hoang-uyen-3-800x450.jpg 800w\" \/><\/p>\n<\/div>\n<\/div>\n<\/div>\n<\/div>\n","protected":false},"excerpt":{"rendered":"<ul>\n<li><span data-sheets-root=\"1\" data-sheets-value=\"{\" data-sheets-userformat=\"{\">10 l\u00f5i l\u1ecdc c\u00f4ng ngh\u1ec7 Smax: g\u1ea5p 2 hi\u1ec7u su\u1ea5t, g\u1ea5p 2 tu\u1ed5i th\u1ecd<\/span><\/li>\n<li><span data-sheets-root=\"1\" data-sheets-value=\"{\" data-sheets-userformat=\"{\">M\u00e0ng RO 50 GPD thay nhanh s\u1ea3n xu\u1ea5t t\u1ea1i H\u00e0n Qu\u1ed1c<\/span><\/li>\n<li><span data-sheets-root=\"1\" data-sheets-value=\"{\" data-sheets-userformat=\"{\">H\u1ec7 l\u00f5i l\u1ecdc th\u00f4 Smax Pro V: g\u1ea5p 3 di\u1ec7n t\u00edch ti\u1ebfp x\u00fac, g\u1ea5p 2 hi\u1ec7u qu\u1ea3 l\u1ecdc<\/span><\/li>\n<li><span data-sheets-root=\"1\" data-sheets-value=\"{\" data-sheets-userformat=\"{\">H\u1ec7 l\u00f5i ch\u1ee9c n\u0103ng HP 6.0: b\u1ed5 sung vi kho\u00e1ng, g\u1ea5p 2 hi\u1ec7u su\u1ea5t<\/span><\/li>\n<li><span data-sheets-root=\"1\" data-sheets-value=\"{\" data-sheets-userformat=\"{\">N\u01b0\u1edbc sau l\u1ecdc \u0111\u1ea1t Chu\u1ea9n n\u01b0\u1edbc u\u1ed1ng tinh khi\u1ebft \u0111\u00f3ng chai QCVN 6-1:2010\/BYT<\/span><\/li>\n<li><span data-sheets-root=\"1\" data-sheets-value=\"{\" data-sheets-userformat=\"{\">B\u1ea3o h\u00e0nh: 36 th\u00e1ng<\/span><\/li>\n<\/ul>\n","protected":false},"featured_media":3683,"comment_status":"open","ping_status":"closed","template":"","meta":[],"product_brand":[],"product_cat":[83,108],"product_tag":[],"class_list":{"0":"post-3682","1":"product","2":"type-product","3":"status-publish","4":"has-post-thumbnail","6":"product_cat-may-loc-nuoc","7":"product_cat-karofi","9":"first","10":"instock","11":"shipping-taxable","12":"product-type-simple"},"_links":{"self":[{"href":"https:\/\/nhadepbepxinh.com.vn\/index.php?rest_route=\/wp\/v2\/product\/3682","targetHints":{"allow":["GET"]}}],"collection":[{"href":"https:\/\/nhadepbepxinh.com.vn\/index.php?rest_route=\/wp\/v2\/product"}],"about":[{"href":"https:\/\/nhadepbepxinh.com.vn\/index.php?rest_route=\/wp\/v2\/types\/product"}],"replies":[{"embeddable":true,"href":"https:\/\/nhadepbepxinh.com.vn\/index.php?rest_route=%2Fwp%2Fv2%2Fcomments&post=3682"}],"wp:featuredmedia":[{"embeddable":true,"href":"https:\/\/nhadepbepxinh.com.vn\/index.php?rest_route=\/wp\/v2\/media\/3683"}],"wp:attachment":[{"href":"https:\/\/nhadepbepxinh.com.vn\/index.php?rest_route=%2Fwp%2Fv2%2Fmedia&parent=3682"}],"wp:term":[{"taxonomy":"product_brand","embeddable":true,"href":"https:\/\/nhadepbepxinh.com.vn\/index.php?rest_route=%2Fwp%2Fv2%2Fproduct_brand&post=3682"},{"taxonomy":"product_cat","embeddable":true,"href":"https:\/\/nhadepbepxinh.com.vn\/index.php?rest_route=%2Fwp%2Fv2%2Fproduct_cat&post=3682"},{"taxonomy":"product_tag","embeddable":true,"href":"https:\/\/nhadepbepxinh.com.vn\/index.php?rest_route=%2Fwp%2Fv2%2Fproduct_tag&post=3682"}],"curies":[{"name":"wp","href":"https:\/\/api.w.org\/{rel}","templated":true}]}}