{"id":3655,"date":"2025-04-04T13:05:12","date_gmt":"2025-04-04T06:05:12","guid":{"rendered":"https:\/\/nhadepbepxinh.com.vn\/?post_type=product&#038;p=3655"},"modified":"2025-04-04T13:05:12","modified_gmt":"2025-04-04T06:05:12","slug":"may-loc-khong-khi-electrolux-ep32-25uga","status":"publish","type":"product","link":"https:\/\/nhadepbepxinh.com.vn\/?product=may-loc-khong-khi-electrolux-ep32-25uga","title":{"rendered":"MA\u0301Y LO\u0323C KH\u00d4NG KHI\u0301 Electrolux EP32-25UGA"},"content":{"rendered":"<h3><strong>M\u00e1y l\u1ecdc kh\u00f4ng kh\u00ed Electrolux EP32-25UGA<\/strong><\/h3>\n<p>\u2013 Di\u1ec7n t\u00edch ph\u00f2ng s\u1eed d\u1ee5ng: 30 m\u00b2<br \/>\n\u2013 M\u00e0u s\u1eafc: x\u00e1m urban<br \/>\n\u2013 05 l\u1edbp l\u1ecdc kh\u00ed: l\u1ecdc b\u1ee5i th\u00f4, l\u1ecdc kh\u00e1ng khu\u1ea9n, l\u1ecdc HEPA 13, l\u1ecdc than ho\u1ea1t t\u00ednh v\u00e0 l\u1ecdc ion h\u00f3a. (C\u00f3 c\u1ea3nh b\u1ea3o thay b\u1ed9 l\u1ecdc)<br \/>\n\u2013 M\u00e0n h\u00ecnh c\u1ea3m \u1ee9ng<br \/>\n\u2013 Hi\u1ec3n th\u1ecb ch\u1ea5t l\u01b0\u1ee3ng kh\u00f4ng kh\u00ed theo th\u1eddi gian th\u1ef1c b\u1eb1ng v\u00f2ng s\u00e1ng (04 m\u00e0u: xanh d\u01b0\u01a1ng, xanh l\u00e1, cam v\u00e0 \u0111\u1ecf)<br \/>\n\u2013 Ch\u1ebf \u0111\u1ed9 t\u1ef1 \u0111\u1ed9ng v\u00e0 tu\u1ef3 ch\u1ec9nh<br \/>\n\u2013 03 t\u1ed1c \u0111\u1ed9 qu\u1ea1t<br \/>\n\u2013 Kh\u1ea3 n\u0103ng l\u1ecdc b\u1ee5i: PM0.3, PM1.0, PM2.5<br \/>\n\u2013 C\u00f4ng su\u1ea5t: 25W<br \/>\n\u2013 Ngu\u1ed3n \u0111i\u1ec7n \u00e1p: 220V\/50Hz<br \/>\n\u2013 \u0110\u1ed9 \u1ed3n: 19dB \u2013 49dB<br \/>\n\u2013 L\u01b0u l\u01b0\u1ee3ng gi\u00f3: 230 m\u00b3\/h<br \/>\n\u2013 K\u00edch th\u01b0\u1edbc: 234 x 403 x 234 mm<br \/>\n\u2013 Tr\u1ecdng l\u01b0\u1ee3ng s\u1ea3n ph\u1ea9m: 3,4kg<br \/>\n\u2013 Th\u01b0\u01a1ng hi\u1ec7u: Thu\u1ef5 \u0110i\u1ec3n<br \/>\n\u2013 S\u1ea3n xu\u1ea5t t\u1ea1i Trung Qu\u1ed1c<br \/>\n\u2013 B\u1ea3o h\u00e0nh: 24 th\u00e1ng ch\u00ednh h\u00e3ng To\u00e0n qu\u1ed1c<\/p>\n<h2 class=\"benefit-module-content_title\"><strong>Kh\u00f4ng kh\u00ed trong l\u00e0nh n\u00e2ng t\u1ea7m cu\u1ed9c s\u1ed1ng<\/strong><\/h2>\n<div class=\"benefit-module-content_description-container p-relative\" data-modules=\"productBenefit\" data-loaded-module=\"\">\n<div class=\"benefit-module-content_description -read-more js-benefit-description mgr-md-30 -expand ps ps--active-y\">T\u1eadn h\u01b0\u1edfng s\u1ef1 an t\u00e2m tuy\u1ec7t \u0111\u1ed1i t\u1eeb ch\u1ea5t l\u01b0\u1ee3ng kh\u00f4ng kh\u00ed \u0111\u01b0\u1ee3c \u0111\u1ea3m b\u1ea3o. V\u1edbi h\u1ec7 th\u1ed1ng l\u1ecdc PureProtect 4 b\u01b0\u1edbc, kh\u00f4ng kh\u00ed s\u1ebd l\u1ea7n l\u01b0\u1ee3t \u0111i qua b\u1ed9 l\u1ecdc th\u00f4, l\u1edbp l\u1ecdc kh\u00e1ng khu\u1ea9n, b\u1ed9 l\u1ecdc HEPA 13, v\u00e0 b\u1ed9 l\u1ecdc than ho\u1ea1t t\u00ednh. Kh\u1ea3 n\u0103ng b\u1ea3o v\u1ec7 k\u1ebft h\u1ee3p n\u00e0y s\u1ebd lo\u1ea1i b\u1ecf \u0111\u1ebfn 99,9% vi khu\u1ea9n c\u00f3 h\u1ea1i\u00b9, 99,99% vi r\u00fat H1N1\u00b2, v\u00e0 b\u1ee5i m\u1ecbn, l\u1ecdc s\u1ea1ch c\u00e1c h\u1ea1t b\u1ee5i c\u00f3 k\u00edch th\u01b0\u1edbc nh\u1ecf t\u1edbi 0,3 micr\u00f4m\u00e9t (\u03bcm)\u00b3. M\u00e1y l\u1ecdc \u0111\u1ea1t ch\u1ee9ng nh\u1eadn SGS v\u1edbi kh\u1ea3 n\u0103ng lo\u1ea1i b\u1ecf ph\u1ea5n hoa v\u00e0 c\u00e1c t\u00e1c nh\u00e2n kh\u00e1c g\u00e2y d\u1ecb \u1ee9ng c\u00f3 trong kh\u00f4ng kh\u00ed nh\u00e0 b\u1ea1n, gi\u00fap gi\u1ea3m c\u1ea3m gi\u00e1c kh\u00f3 ch\u1ecbu do d\u1ecb \u1ee9ng. \u0110\u00e3 \u0111\u1ebfn l\u00fac cho b\u1ea1n th\u01b0 gi\u00e3n v\u00e0 h\u00edt th\u1edf kh\u00f4ng kh\u00ed trong l\u00e0nh \u0111\u1ec3 n\u00e2ng cao s\u1ee9c kh\u1ecfe v\u00e0 ch\u1ea5t l\u01b0\u1ee3ng cu\u1ed9c s\u1ed1ng.<\/div>\n<\/div>\n<div><\/div>\n<div><img loading=\"lazy\" decoding=\"async\" class=\"alignnone size-full wp-image-5488 lazy-load-active\" src=\"https:\/\/khongkhitrongsach.com\/wp-content\/uploads\/2024\/07\/May-loc-khong-khi-electrolux-EP32-25UGA-11.jpg.png\" sizes=\"auto, (max-width: 900px) 100vw, 900px\" srcset=\"https:\/\/khongkhitrongsach.com\/wp-content\/uploads\/2024\/07\/May-loc-khong-khi-electrolux-EP32-25UGA-11.jpg.png 900w, https:\/\/khongkhitrongsach.com\/wp-content\/uploads\/2024\/07\/May-loc-khong-khi-electrolux-EP32-25UGA-11.jpg-300x200.png 300w, https:\/\/khongkhitrongsach.com\/wp-content\/uploads\/2024\/07\/May-loc-khong-khi-electrolux-EP32-25UGA-11.jpg-768x512.png 768w, https:\/\/khongkhitrongsach.com\/wp-content\/uploads\/2024\/07\/May-loc-khong-khi-electrolux-EP32-25UGA-11.jpg-400x267.png 400w, https:\/\/khongkhitrongsach.com\/wp-content\/uploads\/2024\/07\/May-loc-khong-khi-electrolux-EP32-25UGA-11.jpg-500x333.png 500w\" alt=\"\" width=\"900\" height=\"600\" data-src=\"https:\/\/khongkhitrongsach.com\/wp-content\/uploads\/2024\/07\/May-loc-khong-khi-electrolux-EP32-25UGA-11.jpg.png\" data-srcset=\"https:\/\/khongkhitrongsach.com\/wp-content\/uploads\/2024\/07\/May-loc-khong-khi-electrolux-EP32-25UGA-11.jpg.png 900w, https:\/\/khongkhitrongsach.com\/wp-content\/uploads\/2024\/07\/May-loc-khong-khi-electrolux-EP32-25UGA-11.jpg-300x200.png 300w, https:\/\/khongkhitrongsach.com\/wp-content\/uploads\/2024\/07\/May-loc-khong-khi-electrolux-EP32-25UGA-11.jpg-768x512.png 768w, https:\/\/khongkhitrongsach.com\/wp-content\/uploads\/2024\/07\/May-loc-khong-khi-electrolux-EP32-25UGA-11.jpg-400x267.png 400w, https:\/\/khongkhitrongsach.com\/wp-content\/uploads\/2024\/07\/May-loc-khong-khi-electrolux-EP32-25UGA-11.jpg-500x333.png 500w\" \/><\/div>\n<div class=\"benefit-module-content_description-container p-relative\" data-modules=\"productBenefit\" data-loaded-module=\"\">\n<div><\/div>\n<\/div>\n<div><iframe loading=\"lazy\" title=\"YouTube video player\" src=\"https:\/\/www.youtube.com\/embed\/QFqCuyZT3KE?si=HBJ_bkec5kUL6fJf\" width=\"560\" height=\"315\" frameborder=\"0\" allowfullscreen=\"allowfullscreen\" data-mce-fragment=\"1\"><\/iframe><\/div>\n<div><em><strong>Ngu\u1ed3n video: https:\/\/www.electrolux.vn\/<\/strong><\/em><\/div>\n<div>\n<h2 class=\"benefit-module-content_title\"><strong>\u00cam \u00e1i l\u1ecdc s\u1ea1ch kh\u00f4ng kh\u00ed<\/strong><\/h2>\n<div class=\"benefit-module-content_description-container p-relative\" data-modules=\"productBenefit\" data-loaded-module=\"\">\n<div class=\"benefit-module-content_description -read-more js-benefit-description mgr-md-30 -expand ps\">\n<p>\u0110\u1ed9 \u1ed3n 19dBA nh\u01b0 ti\u1ebfng m\u01b0a r\u01a1i nh\u1eb9 nh\u00e0ng\u00b9 kh\u00f3 c\u00f3 th\u1ec3 nghe th\u1ea5y n\u00ean s\u1ebd kh\u00f4ng l\u00e0m \u1ea3nh h\u01b0\u1edfng \u0111\u1ebfn th\u1eddi gian th\u01b0 gi\u00e3n y\u00ean t\u0129nh c\u1ee7a b\u1ea1n \u1edf nh\u00e0.<\/p>\n<p><em>\u00b9\u00c1p su\u1ea5t \u00e2m thanh \u1edf t\u1ed1c \u0111\u1ed9 qu\u1ea1t th\u1ea5p nh\u1ea5t; \u0111o c\u00e1ch ph\u00eda tr\u01b0\u1edbc 1 m\u00e9t.<\/em><\/p>\n<\/div>\n<\/div>\n<\/div>\n<div><img loading=\"lazy\" decoding=\"async\" class=\"alignnone size-full wp-image-5484 lazy-load-active\" src=\"https:\/\/khongkhitrongsach.com\/wp-content\/uploads\/2024\/07\/May-loc-khong-khi-electrolux-EP32-25UGA-7.png\" sizes=\"auto, (max-width: 900px) 100vw, 900px\" srcset=\"https:\/\/khongkhitrongsach.com\/wp-content\/uploads\/2024\/07\/May-loc-khong-khi-electrolux-EP32-25UGA-7.png 900w, https:\/\/khongkhitrongsach.com\/wp-content\/uploads\/2024\/07\/May-loc-khong-khi-electrolux-EP32-25UGA-7-300x200.png 300w, https:\/\/khongkhitrongsach.com\/wp-content\/uploads\/2024\/07\/May-loc-khong-khi-electrolux-EP32-25UGA-7-768x512.png 768w, https:\/\/khongkhitrongsach.com\/wp-content\/uploads\/2024\/07\/May-loc-khong-khi-electrolux-EP32-25UGA-7-400x267.png 400w, https:\/\/khongkhitrongsach.com\/wp-content\/uploads\/2024\/07\/May-loc-khong-khi-electrolux-EP32-25UGA-7-500x333.png 500w\" alt=\"\" width=\"900\" height=\"600\" data-src=\"https:\/\/khongkhitrongsach.com\/wp-content\/uploads\/2024\/07\/May-loc-khong-khi-electrolux-EP32-25UGA-7.png\" data-srcset=\"https:\/\/khongkhitrongsach.com\/wp-content\/uploads\/2024\/07\/May-loc-khong-khi-electrolux-EP32-25UGA-7.png 900w, https:\/\/khongkhitrongsach.com\/wp-content\/uploads\/2024\/07\/May-loc-khong-khi-electrolux-EP32-25UGA-7-300x200.png 300w, https:\/\/khongkhitrongsach.com\/wp-content\/uploads\/2024\/07\/May-loc-khong-khi-electrolux-EP32-25UGA-7-768x512.png 768w, https:\/\/khongkhitrongsach.com\/wp-content\/uploads\/2024\/07\/May-loc-khong-khi-electrolux-EP32-25UGA-7-400x267.png 400w, https:\/\/khongkhitrongsach.com\/wp-content\/uploads\/2024\/07\/May-loc-khong-khi-electrolux-EP32-25UGA-7-500x333.png 500w\" \/><\/div>\n<div><iframe loading=\"lazy\" title=\"YouTube video player\" src=\"https:\/\/www.youtube.com\/embed\/Yzc07J7UizI?si=03m5-R_DIT2jsgfc\" width=\"560\" height=\"315\" frameborder=\"0\" allowfullscreen=\"allowfullscreen\" data-mce-fragment=\"1\"><\/iframe><\/div>\n<div><em><strong>Ngu\u1ed3n video: https:\/\/www.electrolux.vn\/<\/strong><\/em><\/div>\n<div>\n<h2 class=\"benefit-module-content_title\"><strong>L\u1ecdc s\u1ea1ch kh\u00f4ng kh\u00ed ph\u00f2ng ch\u1ec9 trong 15 ph\u00fat<\/strong><\/h2>\n<div class=\"benefit-module-content_description-container p-relative\" data-modules=\"productBenefit\" data-loaded-module=\"\">\n<div class=\"benefit-module-content_description -read-more js-benefit-description mgr-md-30 -expand ps\">\n<p>H\u1ec7 th\u1ed1ng AirSurround t\u1ea1o ra chuy\u1ec3n \u0111\u1ed9ng xo\u1eafn \u1ed1c m\u1ea1nh m\u1ebd, v\u00e0 li\u1ec1n m\u1ea1ch \u0111\u1ec3 \u0111\u01b0a kh\u00f4ng kh\u00ed \u0111\u00e3 \u0111\u01b0\u1ee3c l\u1ecdc s\u1ea1ch ra kh\u1eafp ng\u00f4i nh\u00e0. C\u1ed5ng tho\u00e1t kh\u00ed xo\u1eafn \u1ed1c t\u1ea1o ra lu\u1ed3ng gi\u00f3 m\u1ea1nh gi\u00fap kh\u00f4ng kh\u00ed trong l\u00e0nh lu\u00e2n chuy\u1ec3n kh\u1eafp c\u0103n ph\u00f2ng 17m\u00b2 ch\u1ec9 trong 15 ph\u00fat v\u1edbi ch\u1ec9 s\u1ed1 CADR cho Kh\u00f3i thu\u1ed1c AHAM 226m\u00b3\/h\u00b9.<\/p>\n<p><em>\u00b9Ki\u1ec3m nghi\u1ec7m ch\u1ec9 s\u1ed1 CADR theo ANSI-AHAM-AC1. Di\u1ec7n t\u00edch ph\u00f2ng 17m\u00b2 v\u00e0 th\u1eddi gian l\u00e0m s\u1ea1ch t\u00ednh b\u1eb1ng ph\u00fat \u0111\u01b0\u1ee3c l\u1ea5y t\u1eeb gi\u00e1 tr\u1ecb CADR t\u01b0\u01a1ng \u1ee9ng.<\/em><\/p>\n<\/div>\n<\/div>\n<\/div>\n<div><img loading=\"lazy\" decoding=\"async\" class=\"alignnone size-full wp-image-5485 lazy-load-active\" src=\"https:\/\/khongkhitrongsach.com\/wp-content\/uploads\/2024\/07\/May-loc-khong-khi-electrolux-EP32-25UGA-8.png\" sizes=\"auto, (max-width: 900px) 100vw, 900px\" srcset=\"https:\/\/khongkhitrongsach.com\/wp-content\/uploads\/2024\/07\/May-loc-khong-khi-electrolux-EP32-25UGA-8.png 900w, https:\/\/khongkhitrongsach.com\/wp-content\/uploads\/2024\/07\/May-loc-khong-khi-electrolux-EP32-25UGA-8-300x200.png 300w, https:\/\/khongkhitrongsach.com\/wp-content\/uploads\/2024\/07\/May-loc-khong-khi-electrolux-EP32-25UGA-8-768x512.png 768w, https:\/\/khongkhitrongsach.com\/wp-content\/uploads\/2024\/07\/May-loc-khong-khi-electrolux-EP32-25UGA-8-400x267.png 400w, https:\/\/khongkhitrongsach.com\/wp-content\/uploads\/2024\/07\/May-loc-khong-khi-electrolux-EP32-25UGA-8-500x333.png 500w\" alt=\"\" width=\"900\" height=\"600\" data-src=\"https:\/\/khongkhitrongsach.com\/wp-content\/uploads\/2024\/07\/May-loc-khong-khi-electrolux-EP32-25UGA-8.png\" data-srcset=\"https:\/\/khongkhitrongsach.com\/wp-content\/uploads\/2024\/07\/May-loc-khong-khi-electrolux-EP32-25UGA-8.png 900w, https:\/\/khongkhitrongsach.com\/wp-content\/uploads\/2024\/07\/May-loc-khong-khi-electrolux-EP32-25UGA-8-300x200.png 300w, https:\/\/khongkhitrongsach.com\/wp-content\/uploads\/2024\/07\/May-loc-khong-khi-electrolux-EP32-25UGA-8-768x512.png 768w, https:\/\/khongkhitrongsach.com\/wp-content\/uploads\/2024\/07\/May-loc-khong-khi-electrolux-EP32-25UGA-8-400x267.png 400w, https:\/\/khongkhitrongsach.com\/wp-content\/uploads\/2024\/07\/May-loc-khong-khi-electrolux-EP32-25UGA-8-500x333.png 500w\" \/><\/div>\n<div><iframe loading=\"lazy\" title=\"YouTube video player\" src=\"https:\/\/www.youtube.com\/embed\/osEqjfECtKQ?si=opCUeJZNwUPU2QoR\" width=\"560\" height=\"315\" frameborder=\"0\" allowfullscreen=\"allowfullscreen\" data-mce-fragment=\"1\"><\/iframe><\/div>\n<div><em><strong>Ngu\u1ed3n video: https:\/\/www.electrolux.vn\/<\/strong><\/em><\/div>\n<div>\n<h2 class=\"benefit-module-content_title\"><strong>Lo\u1ea1i b\u1ecf m\u00f9i h\u00f4i v\u00e0 kh\u00f3i<\/strong><\/h2>\n<div class=\"benefit-module-content_description-container p-relative\" data-modules=\"productBenefit\" data-loaded-module=\"\">\n<div class=\"benefit-module-content_description -read-more js-benefit-description mgr-md-30 -expand ps\">\n<p>B\u1ed9 l\u1ecdc kh\u00f4ng kh\u00ed than ho\u1ea1t t\u00ednh h\u1ed7 tr\u1ee3 lo\u1ea1i b\u1ecf m\u00f9i h\u00f4i v\u00e0 t\u1edbi 87% c\u00e1c lo\u1ea1i kh\u00ed \u0111\u1ed9c h\u1ea1i\u00b9 nh\u01b0 TVOC (c\u00e1c h\u1ee3p ch\u1ea5t h\u1eefu c\u01a1 d\u1ec5 bay h\u01a1i), \u0111\u01b0\u1ee3c th\u1ea3i ra t\u1eeb c\u00e1c s\u1ea3n ph\u1ea9m gia d\u1ee5ng nh\u01b0 s\u01a1n, ch\u1ea5t t\u1ea9y r\u1eeda v\u00e0 kh\u00f3i thu\u1ed1c l\u00e1.<\/p>\n<p><em>\u00b9Ki\u1ec3m nghi\u1ec7m hi\u1ec7u qu\u1ea3 l\u1ecdc 9 lo\u1ea1i kh\u00ed TVOC theo ti\u00eau chu\u1ea9n GB\/T.<\/em><\/p>\n<\/div>\n<\/div>\n<\/div>\n<div><img loading=\"lazy\" decoding=\"async\" class=\"alignnone size-full wp-image-5486 lazy-load-active\" src=\"https:\/\/khongkhitrongsach.com\/wp-content\/uploads\/2024\/07\/May-loc-khong-khi-electrolux-EP32-25UGA-9.png\" sizes=\"auto, (max-width: 900px) 100vw, 900px\" srcset=\"https:\/\/khongkhitrongsach.com\/wp-content\/uploads\/2024\/07\/May-loc-khong-khi-electrolux-EP32-25UGA-9.png 900w, https:\/\/khongkhitrongsach.com\/wp-content\/uploads\/2024\/07\/May-loc-khong-khi-electrolux-EP32-25UGA-9-300x200.png 300w, https:\/\/khongkhitrongsach.com\/wp-content\/uploads\/2024\/07\/May-loc-khong-khi-electrolux-EP32-25UGA-9-768x512.png 768w, https:\/\/khongkhitrongsach.com\/wp-content\/uploads\/2024\/07\/May-loc-khong-khi-electrolux-EP32-25UGA-9-400x267.png 400w, https:\/\/khongkhitrongsach.com\/wp-content\/uploads\/2024\/07\/May-loc-khong-khi-electrolux-EP32-25UGA-9-500x333.png 500w\" alt=\"\" width=\"900\" height=\"600\" data-src=\"https:\/\/khongkhitrongsach.com\/wp-content\/uploads\/2024\/07\/May-loc-khong-khi-electrolux-EP32-25UGA-9.png\" data-srcset=\"https:\/\/khongkhitrongsach.com\/wp-content\/uploads\/2024\/07\/May-loc-khong-khi-electrolux-EP32-25UGA-9.png 900w, https:\/\/khongkhitrongsach.com\/wp-content\/uploads\/2024\/07\/May-loc-khong-khi-electrolux-EP32-25UGA-9-300x200.png 300w, https:\/\/khongkhitrongsach.com\/wp-content\/uploads\/2024\/07\/May-loc-khong-khi-electrolux-EP32-25UGA-9-768x512.png 768w, https:\/\/khongkhitrongsach.com\/wp-content\/uploads\/2024\/07\/May-loc-khong-khi-electrolux-EP32-25UGA-9-400x267.png 400w, https:\/\/khongkhitrongsach.com\/wp-content\/uploads\/2024\/07\/May-loc-khong-khi-electrolux-EP32-25UGA-9-500x333.png 500w\" \/><\/div>\n<div>\n<h2 class=\"benefit-module-content_title\"><strong>T\u1eadn h\u01b0\u1edfng kh\u00f4ng kh\u00ed trong l\u00e0nh th\u1eadt d\u1ec5 d\u00e0ng<\/strong><\/h2>\n<div class=\"benefit-module-content_description-container p-relative\" data-modules=\"productBenefit\" data-loaded-module=\"\">\n<div class=\"benefit-module-content_description -read-more js-benefit-description mgr-md-30 -expand ps\">D\u1ef1a tr\u00ean n\u1ec1n t\u1ea3ng thi\u1ebft k\u1ebf Scandinavian c\u1ee7a m\u00ecnh, Electrolux \u0111\u00e3 t\u1ea1o ra m\u1eabu m\u00e1y l\u1ecdc kh\u00f4ng kh\u00ed v\u1eeba c\u00f3 ki\u1ec3u d\u00e1ng \u0111\u1eb9p v\u1eeba d\u1ec5 s\u1eed d\u1ee5ng. Nh\u1eefng chi ti\u1ebft thi\u1ebft k\u1ebf m\u1edbi gi\u00fap v\u1eadn h\u00e0nh thu\u1eadn ti\u1ec7n h\u01a1n, g\u1ed3m h\u1ed9c gi\u1eef d\u00e2y c\u00e1p ti\u1ec7n l\u1ee3i, c\u1eeda s\u1ed5 c\u1ea3m bi\u1ebfn, v\u00e0 n\u00fat nh\u1ea5n \u0111\u1ec3 thay b\u1ed9 l\u1ecdc.<\/div>\n<div><\/div>\n<div><img loading=\"lazy\" decoding=\"async\" class=\"alignnone size-full wp-image-5487 lazy-load-active\" src=\"https:\/\/khongkhitrongsach.com\/wp-content\/uploads\/2024\/07\/May-loc-khong-khi-electrolux-EP32-25UGA-10.png\" sizes=\"auto, (max-width: 900px) 100vw, 900px\" srcset=\"https:\/\/khongkhitrongsach.com\/wp-content\/uploads\/2024\/07\/May-loc-khong-khi-electrolux-EP32-25UGA-10.png 900w, https:\/\/khongkhitrongsach.com\/wp-content\/uploads\/2024\/07\/May-loc-khong-khi-electrolux-EP32-25UGA-10-300x200.png 300w, https:\/\/khongkhitrongsach.com\/wp-content\/uploads\/2024\/07\/May-loc-khong-khi-electrolux-EP32-25UGA-10-768x512.png 768w, https:\/\/khongkhitrongsach.com\/wp-content\/uploads\/2024\/07\/May-loc-khong-khi-electrolux-EP32-25UGA-10-400x267.png 400w, https:\/\/khongkhitrongsach.com\/wp-content\/uploads\/2024\/07\/May-loc-khong-khi-electrolux-EP32-25UGA-10-500x333.png 500w\" alt=\"\" width=\"900\" height=\"600\" data-src=\"https:\/\/khongkhitrongsach.com\/wp-content\/uploads\/2024\/07\/May-loc-khong-khi-electrolux-EP32-25UGA-10.png\" data-srcset=\"https:\/\/khongkhitrongsach.com\/wp-content\/uploads\/2024\/07\/May-loc-khong-khi-electrolux-EP32-25UGA-10.png 900w, https:\/\/khongkhitrongsach.com\/wp-content\/uploads\/2024\/07\/May-loc-khong-khi-electrolux-EP32-25UGA-10-300x200.png 300w, https:\/\/khongkhitrongsach.com\/wp-content\/uploads\/2024\/07\/May-loc-khong-khi-electrolux-EP32-25UGA-10-768x512.png 768w, https:\/\/khongkhitrongsach.com\/wp-content\/uploads\/2024\/07\/May-loc-khong-khi-electrolux-EP32-25UGA-10-400x267.png 400w, https:\/\/khongkhitrongsach.com\/wp-content\/uploads\/2024\/07\/May-loc-khong-khi-electrolux-EP32-25UGA-10-500x333.png 500w\" \/><\/div>\n<div><img loading=\"lazy\" decoding=\"async\" class=\"alignnone size-full wp-image-5494 lazy-load-active\" src=\"https:\/\/khongkhitrongsach.com\/wp-content\/uploads\/2024\/07\/may-loc-khong-khi-electrolux-ep32-25uga-25w-note.jpg\" sizes=\"auto, (max-width: 800px) 100vw, 800px\" srcset=\"https:\/\/khongkhitrongsach.com\/wp-content\/uploads\/2024\/07\/may-loc-khong-khi-electrolux-ep32-25uga-25w-note.jpg 800w, https:\/\/khongkhitrongsach.com\/wp-content\/uploads\/2024\/07\/may-loc-khong-khi-electrolux-ep32-25uga-25w-note-300x225.jpg 300w, https:\/\/khongkhitrongsach.com\/wp-content\/uploads\/2024\/07\/may-loc-khong-khi-electrolux-ep32-25uga-25w-note-768x576.jpg 768w, https:\/\/khongkhitrongsach.com\/wp-content\/uploads\/2024\/07\/may-loc-khong-khi-electrolux-ep32-25uga-25w-note-400x300.jpg 400w, https:\/\/khongkhitrongsach.com\/wp-content\/uploads\/2024\/07\/may-loc-khong-khi-electrolux-ep32-25uga-25w-note-500x375.jpg 500w\" alt=\"\" width=\"800\" height=\"600\" data-src=\"https:\/\/khongkhitrongsach.com\/wp-content\/uploads\/2024\/07\/may-loc-khong-khi-electrolux-ep32-25uga-25w-note.jpg\" data-srcset=\"https:\/\/khongkhitrongsach.com\/wp-content\/uploads\/2024\/07\/may-loc-khong-khi-electrolux-ep32-25uga-25w-note.jpg 800w, https:\/\/khongkhitrongsach.com\/wp-content\/uploads\/2024\/07\/may-loc-khong-khi-electrolux-ep32-25uga-25w-note-300x225.jpg 300w, https:\/\/khongkhitrongsach.com\/wp-content\/uploads\/2024\/07\/may-loc-khong-khi-electrolux-ep32-25uga-25w-note-768x576.jpg 768w, https:\/\/khongkhitrongsach.com\/wp-content\/uploads\/2024\/07\/may-loc-khong-khi-electrolux-ep32-25uga-25w-note-400x300.jpg 400w, https:\/\/khongkhitrongsach.com\/wp-content\/uploads\/2024\/07\/may-loc-khong-khi-electrolux-ep32-25uga-25w-note-500x375.jpg 500w\" \/><\/div>\n<\/div>\n<\/div>\n","protected":false},"excerpt":{"rendered":"<p>M\u00e1y l\u1ecdc kh\u00f4ng kh\u00ed Electrolux EP32-25UGA \u2013 Di\u1ec7n t\u00edch ph\u00f2ng s\u1eed d\u1ee5ng: 30 m\u00b2 \u2013 M\u00e0u s\u1eafc: x\u00e1m urban \u2013 05 l\u1edbp l\u1ecdc kh\u00ed: l\u1ecdc b\u1ee5i th\u00f4, l\u1ecdc kh\u00e1ng khu\u1ea9n, l\u1ecdc HEPA 13, l\u1ecdc than ho\u1ea1t t\u00ednh v\u00e0 l\u1ecdc ion h\u00f3a. (C\u00f3 c\u1ea3nh b\u1ea3o thay b\u1ed9 l\u1ecdc) \u2013 M\u00e0n h\u00ecnh c\u1ea3m \u1ee9ng \u2013 Hi\u1ec3n th\u1ecb&#8230;<\/p>\n","protected":false},"featured_media":3656,"comment_status":"open","ping_status":"closed","template":"","meta":[],"product_brand":[],"product_cat":[81],"product_tag":[],"class_list":{"0":"post-3655","1":"product","2":"type-product","3":"status-publish","4":"has-post-thumbnail","6":"product_cat-may-hut-am-may-loc-khong-khi","8":"first","9":"instock","10":"shipping-taxable","11":"product-type-simple"},"_links":{"self":[{"href":"https:\/\/nhadepbepxinh.com.vn\/index.php?rest_route=\/wp\/v2\/product\/3655","targetHints":{"allow":["GET"]}}],"collection":[{"href":"https:\/\/nhadepbepxinh.com.vn\/index.php?rest_route=\/wp\/v2\/product"}],"about":[{"href":"https:\/\/nhadepbepxinh.com.vn\/index.php?rest_route=\/wp\/v2\/types\/product"}],"replies":[{"embeddable":true,"href":"https:\/\/nhadepbepxinh.com.vn\/index.php?rest_route=%2Fwp%2Fv2%2Fcomments&post=3655"}],"wp:featuredmedia":[{"embeddable":true,"href":"https:\/\/nhadepbepxinh.com.vn\/index.php?rest_route=\/wp\/v2\/media\/3656"}],"wp:attachment":[{"href":"https:\/\/nhadepbepxinh.com.vn\/index.php?rest_route=%2Fwp%2Fv2%2Fmedia&parent=3655"}],"wp:term":[{"taxonomy":"product_brand","embeddable":true,"href":"https:\/\/nhadepbepxinh.com.vn\/index.php?rest_route=%2Fwp%2Fv2%2Fproduct_brand&post=3655"},{"taxonomy":"product_cat","embeddable":true,"href":"https:\/\/nhadepbepxinh.com.vn\/index.php?rest_route=%2Fwp%2Fv2%2Fproduct_cat&post=3655"},{"taxonomy":"product_tag","embeddable":true,"href":"https:\/\/nhadepbepxinh.com.vn\/index.php?rest_route=%2Fwp%2Fv2%2Fproduct_tag&post=3655"}],"curies":[{"name":"wp","href":"https:\/\/api.w.org\/{rel}","templated":true}]}}