{"id":3648,"date":"2025-04-04T12:58:07","date_gmt":"2025-04-04T05:58:07","guid":{"rendered":"https:\/\/nhadepbepxinh.com.vn\/?post_type=product&#038;p=3648"},"modified":"2025-04-04T12:58:07","modified_gmt":"2025-04-04T05:58:07","slug":"may-loc-nuoc-ro-karofi-ero80-pro","status":"publish","type":"product","link":"https:\/\/nhadepbepxinh.com.vn\/?product=may-loc-nuoc-ro-karofi-ero80-pro","title":{"rendered":"MA\u0301Y LO\u0323C N\u01af\u01a0\u0301C RO Karofi ERO80 PRO"},"content":{"rendered":"<div id=\"row-891704438\" class=\"row row-small\">\n<div id=\"col-530756940\" class=\"col medium-5 small-12 large-5\">\n<div class=\"col-inner\">\n<div class=\"icon-box featured-box box_uyquyen icon-box-left text-left\">\n<div class=\"icon-box-img\">\n<div class=\"icon\"><\/div>\n<\/div>\n<\/div>\n<div id=\"row-1590264564\" class=\"row row-small tt_contact\">\n<div id=\"col-1645527131\" class=\"col medium-6 small-12 large-6\">\n<div class=\"col-inner\">\n<div class=\"icon-box featured-box icon-box-left text-left\">\n<div class=\"icon-box-text last-reset\">\n<p><strong><span style=\"font-size: 14.4px;\">TH\u00d4NG S\u1ed0 K\u1ef8 THU\u1eacT M\u00e1y l\u1ecdc n\u01b0\u1edbc RO Karofi ERO80 PRO<\/span><\/strong><\/p>\n<\/div>\n<\/div>\n<\/div>\n<\/div>\n<\/div>\n<\/div>\n<\/div>\n<\/div>\n<div id=\"row-455220548\" class=\"row row-small\">\n<div id=\"col-339866512\" class=\"col medium-8 small-12 large-8\">\n<div class=\"col-inner\">\n<div class=\"product-page-sections\">\n<div class=\"product-section\">\n<div class=\"row\">\n<div class=\"large-12 col pb-0 mb-0\">\n<div class=\"panel entry-content thong-so-ky-thuat\">\n<table>\n<tbody>\n<tr>\n<td>M\u00e0ng l\u1ecdc<\/td>\n<td>M\u00e0ng RO 50 GPD thay nhanh s\u1ea3n xu\u1ea5t t\u1ea1i M\u1ef9<\/td>\n<\/tr>\n<tr>\n<td>C\u00f4ng su\u1ea5t l\u1ecdc<\/td>\n<td>10 L\/h<\/td>\n<\/tr>\n<tr>\n<td>B\u00ecnh \u00e1p<\/td>\n<td>5 L\u00edt<\/td>\n<\/tr>\n<tr>\n<td>\u0110i\u1ec7n \u00e1p<\/td>\n<td>220V \u2013 50HZ<\/td>\n<\/tr>\n<tr>\n<td>\u0110i\u1ec7n n\u0103ng ti\u00eau th\u1ee5<\/td>\n<td>25W<\/td>\n<\/tr>\n<tr>\n<td>H\u1ec7 th\u1ed1ng l\u1ecdc<\/td>\n<td>H\u1ec7 th\u1ed1ng l\u1ecdc 10 l\u00f5i Smax \u0111\u1ed9c quy\u1ec1n: c\u1ee5m l\u00f5i l\u1ecdc th\u00f4 Smax Pro V; m\u00e0ng RO; 6 l\u00f5i ch\u1ee9c n\u0103ng thay nhanh<\/td>\n<\/tr>\n<tr>\n<td>C\u00e1c l\u00f5i ch\u1ee9c n\u0103ng<\/td>\n<td>6 l\u00f5i ch\u1ee9c n\u0103ng thay nhanh: 2 l\u00f5i kho\u00e1ng \u0111\u00e1, T33-GAC, Far Infrared, Tourmaline, Nano Silver Plus<\/td>\n<\/tr>\n<tr>\n<td>T\u1ef7 l\u1ec7 thu h\u1ed3i n\u01b0\u1edbc tinh khi\u1ebft<\/td>\n<td>L\u00ean \u0111\u1ebfn 40% (Trong \u0111i\u1ec1u ki\u1ec7n ph\u00f2ng lab, s\u1eed d\u1ee5ng linh ki\u1ec7n\/thi\u1ebft b\u1ecb \u0111o l\u01b0\u1eddng ti\u00eau chu\u1ea9n)<\/td>\n<\/tr>\n<tr>\n<td>S\u1ed1 l\u01b0\u1ee3ng v\u00f2i<\/td>\n<td>1<\/td>\n<\/tr>\n<tr>\n<td>Kh\u1ed1i l\u01b0\u1ee3ng<\/td>\n<td>24.5kg<\/td>\n<\/tr>\n<tr>\n<td>K\u00edch th\u01b0\u1edbc (RxSxC)<\/td>\n<td>430 x 340 x 910 (mm)<\/td>\n<\/tr>\n<tr>\n<td>L\u00f5i l\u1ecdc th\u00f4<\/td>\n<td>03 l\u00f5i l\u1ecdc th\u00f4 Smax Pro V 1,2,3<\/td>\n<\/tr>\n<tr>\n<td>QCVN6-1:2010\/BYT<\/td>\n<td>C\u00f3<\/td>\n<\/tr>\n<tr>\n<td>TCVN 11978:2017<\/td>\n<td>C\u00f3<\/td>\n<\/tr>\n<\/tbody>\n<\/table>\n<div class=\"kk-star-ratings kksr-auto kksr-align-right kksr-valign-bottom\" data-payload=\"{&quot;align&quot;:&quot;right&quot;,&quot;id&quot;:&quot;1239&quot;,&quot;slug&quot;:&quot;default&quot;,&quot;valign&quot;:&quot;bottom&quot;,&quot;ignore&quot;:&quot;&quot;,&quot;reference&quot;:&quot;auto&quot;,&quot;class&quot;:&quot;&quot;,&quot;count&quot;:&quot;1&quot;,&quot;legendonly&quot;:&quot;&quot;,&quot;readonly&quot;:&quot;&quot;,&quot;score&quot;:&quot;5&quot;,&quot;starsonly&quot;:&quot;&quot;,&quot;best&quot;:&quot;5&quot;,&quot;gap&quot;:&quot;5&quot;,&quot;greet&quot;:&quot;M\u1eddi b\u1ea1n \u0111\u00e1nh gi\u00e1&quot;,&quot;legend&quot;:&quot;5\\\/5 - (1 b\u00ecnh ch\u1ecdn)&quot;,&quot;size&quot;:&quot;24&quot;,&quot;title&quot;:&quot;M\u00e1y l\u1ecdc n\u01b0\u1edbc RO Karofi ERO80 PRO&quot;,&quot;width&quot;:&quot;142.5&quot;,&quot;_legend&quot;:&quot;{score}\\\/{best} - ({count} {votes})&quot;,&quot;font_factor&quot;:&quot;1.25&quot;}\">\n<div class=\"kksr-stars\">\n<div class=\"kksr-stars-inactive\">\n<div class=\"kksr-star\" data-star=\"1\">\n<div class=\"kksr-icon\"><\/div>\n<\/div>\n<\/div>\n<\/div>\n<\/div>\n<\/div>\n<\/div>\n<\/div>\n<\/div>\n<div class=\"product-section\">\n<div class=\"row\">\n<div class=\"large-12 col pb-0 mb-0\">\n<p class=\"h3 title_mota description\"><strong>CHI TI\u1ebeT S\u1ea2N PH\u1ea8M M\u00e1y l\u1ecdc n\u01b0\u1edbc RO Karofi ERO80 PRO<\/strong><\/p>\n<div class=\"panel entry-content description\">\n<div class=\"flex flex-grow flex-col max-w-full\">\n<div class=\"min-h-[20px] text-message flex flex-col items-start whitespace-pre-wrap break-words [.text-message+&amp;]:mt-5 juice:w-full juice:items-end overflow-x-auto gap-2\" dir=\"auto\" data-message-author-role=\"assistant\" data-message-id=\"4df504b6-3255-4d2d-ba0b-f576eaff11f0\">\n<div class=\"flex w-full flex-col gap-1 juice:empty:hidden juice:first:pt-[3px]\">\n<div class=\"markdown prose w-full break-words dark:prose-invert light\">\n<h2>M\u00e1y L\u1ecdc N\u01b0\u1edbc ERO80 PRO: G\u1ea5p 2 Vi Kho\u00e1ng \u2013 Tinh Khi\u1ebft Ngon L\u00e0nh<\/h2>\n<h3>G\u1ea5p 2 Vi Kho\u00e1ng \u2013 Tinh Khi\u1ebft Ngon L\u00e0nh<\/h3>\n<p>M\u00e1y l\u1ecdc n\u01b0\u1edbc ERO80 PRO l\u00e0 ng\u01b0\u1eddi b\u1ea1n \u0111\u1ed3ng h\u00e0nh ho\u00e0n h\u1ea3o cho s\u1ee9c kh\u1ecfe gia \u0111\u00ecnh, mang l\u1ea1i ngu\u1ed3n n\u01b0\u1edbc tinh khi\u1ebft v\u00e0 gi\u00e0u vi kho\u00e1ng.<\/p>\n<p><img loading=\"lazy\" decoding=\"async\" class=\"alignnone size-full wp-image-1768 lazy-load-active\" src=\"https:\/\/karofichinhhangvn.vn\/wp-content\/uploads\/2024\/06\/may-loc-nuoc-karofi-ero80-pro-hoang-uyen-3.jpg\" sizes=\"auto, (max-width: 1280px) 100vw, 1280px\" srcset=\"https:\/\/karofichinhhangvn.vn\/wp-content\/uploads\/2024\/06\/may-loc-nuoc-karofi-ero80-pro-hoang-uyen-3.jpg 1280w, https:\/\/karofichinhhangvn.vn\/wp-content\/uploads\/2024\/06\/may-loc-nuoc-karofi-ero80-pro-hoang-uyen-3-300x169.jpg 300w, https:\/\/karofichinhhangvn.vn\/wp-content\/uploads\/2024\/06\/may-loc-nuoc-karofi-ero80-pro-hoang-uyen-3-1024x576.jpg 1024w, https:\/\/karofichinhhangvn.vn\/wp-content\/uploads\/2024\/06\/may-loc-nuoc-karofi-ero80-pro-hoang-uyen-3-768x432.jpg 768w, https:\/\/karofichinhhangvn.vn\/wp-content\/uploads\/2024\/06\/may-loc-nuoc-karofi-ero80-pro-hoang-uyen-3-800x450.jpg 800w\" alt=\"\" width=\"1280\" height=\"720\" data-src=\"https:\/\/karofichinhhangvn.vn\/wp-content\/uploads\/2024\/06\/may-loc-nuoc-karofi-ero80-pro-hoang-uyen-3.jpg\" data-srcset=\"https:\/\/karofichinhhangvn.vn\/wp-content\/uploads\/2024\/06\/may-loc-nuoc-karofi-ero80-pro-hoang-uyen-3.jpg 1280w, https:\/\/karofichinhhangvn.vn\/wp-content\/uploads\/2024\/06\/may-loc-nuoc-karofi-ero80-pro-hoang-uyen-3-300x169.jpg 300w, https:\/\/karofichinhhangvn.vn\/wp-content\/uploads\/2024\/06\/may-loc-nuoc-karofi-ero80-pro-hoang-uyen-3-1024x576.jpg 1024w, https:\/\/karofichinhhangvn.vn\/wp-content\/uploads\/2024\/06\/may-loc-nuoc-karofi-ero80-pro-hoang-uyen-3-768x432.jpg 768w, https:\/\/karofichinhhangvn.vn\/wp-content\/uploads\/2024\/06\/may-loc-nuoc-karofi-ero80-pro-hoang-uyen-3-800x450.jpg 800w\" \/><\/p>\n<h3>\u00a0Karofi ERO80 PRO 10 L\u00f5i L\u1ecdc Smax: G\u1ea5p 2 Hi\u1ec7u Su\u1ea5t, G\u1ea5p 2 Tu\u1ed5i Th\u1ecd, G\u1ea5p 2 Vi Kho\u00e1ng<\/h3>\n<p>V\u1edbi c\u00f4ng ngh\u1ec7 Smax, m\u00e1y l\u1ecdc n\u01b0\u1edbc ERO80 PRO \u0111\u1ea1t hi\u1ec7u su\u1ea5t cao, tu\u1ed5i th\u1ecd l\u00f5i l\u1ecdc l\u00e2u b\u1ec1n v\u00e0 b\u1ed5 sung g\u1ea5p \u0111\u00f4i kho\u00e1ng ch\u1ea5t.<\/p>\n<p><img loading=\"lazy\" decoding=\"async\" class=\"alignnone size-full wp-image-1769 lazy-load-active\" src=\"https:\/\/karofichinhhangvn.vn\/wp-content\/uploads\/2024\/06\/may-loc-nuoc-karofi-ero80-pro-hoang-uyen-4.jpg\" sizes=\"auto, (max-width: 1280px) 100vw, 1280px\" srcset=\"https:\/\/karofichinhhangvn.vn\/wp-content\/uploads\/2024\/06\/may-loc-nuoc-karofi-ero80-pro-hoang-uyen-4.jpg 1280w, https:\/\/karofichinhhangvn.vn\/wp-content\/uploads\/2024\/06\/may-loc-nuoc-karofi-ero80-pro-hoang-uyen-4-300x169.jpg 300w, https:\/\/karofichinhhangvn.vn\/wp-content\/uploads\/2024\/06\/may-loc-nuoc-karofi-ero80-pro-hoang-uyen-4-1024x576.jpg 1024w, https:\/\/karofichinhhangvn.vn\/wp-content\/uploads\/2024\/06\/may-loc-nuoc-karofi-ero80-pro-hoang-uyen-4-768x432.jpg 768w, https:\/\/karofichinhhangvn.vn\/wp-content\/uploads\/2024\/06\/may-loc-nuoc-karofi-ero80-pro-hoang-uyen-4-800x450.jpg 800w\" alt=\"\" width=\"1280\" height=\"720\" data-src=\"https:\/\/karofichinhhangvn.vn\/wp-content\/uploads\/2024\/06\/may-loc-nuoc-karofi-ero80-pro-hoang-uyen-4.jpg\" data-srcset=\"https:\/\/karofichinhhangvn.vn\/wp-content\/uploads\/2024\/06\/may-loc-nuoc-karofi-ero80-pro-hoang-uyen-4.jpg 1280w, https:\/\/karofichinhhangvn.vn\/wp-content\/uploads\/2024\/06\/may-loc-nuoc-karofi-ero80-pro-hoang-uyen-4-300x169.jpg 300w, https:\/\/karofichinhhangvn.vn\/wp-content\/uploads\/2024\/06\/may-loc-nuoc-karofi-ero80-pro-hoang-uyen-4-1024x576.jpg 1024w, https:\/\/karofichinhhangvn.vn\/wp-content\/uploads\/2024\/06\/may-loc-nuoc-karofi-ero80-pro-hoang-uyen-4-768x432.jpg 768w, https:\/\/karofichinhhangvn.vn\/wp-content\/uploads\/2024\/06\/may-loc-nuoc-karofi-ero80-pro-hoang-uyen-4-800x450.jpg 800w\" \/><\/p>\n<h3>\u00a0Karofi ERO80 PRO H\u1ec7 L\u00f5i L\u1ecdc Smax Pro V Th\u1ebf H\u1ec7 M\u1edbi<\/h3>\n<p>C\u00f4ng ngh\u1ec7 Smart Connect gi\u00fap ch\u1ed1ng h\u00e0ng gi\u1ea3 v\u00e0 t\u0103ng hi\u1ec7u qu\u1ea3 l\u1ecdc, lo\u1ea1i b\u1ecf t\u1ea1p ch\u1ea5t, c\u1eb7n b\u1ea9n v\u00e0 ch\u1ea5t g\u00e2y m\u00f9i.<\/p>\n<p><img loading=\"lazy\" decoding=\"async\" class=\"alignnone size-full wp-image-1770 lazy-load-active\" src=\"https:\/\/karofichinhhangvn.vn\/wp-content\/uploads\/2024\/06\/may-loc-nuoc-karofi-ero80-pro-hoang-uyen-5.jpg\" sizes=\"auto, (max-width: 1280px) 100vw, 1280px\" srcset=\"https:\/\/karofichinhhangvn.vn\/wp-content\/uploads\/2024\/06\/may-loc-nuoc-karofi-ero80-pro-hoang-uyen-5.jpg 1280w, https:\/\/karofichinhhangvn.vn\/wp-content\/uploads\/2024\/06\/may-loc-nuoc-karofi-ero80-pro-hoang-uyen-5-300x169.jpg 300w, https:\/\/karofichinhhangvn.vn\/wp-content\/uploads\/2024\/06\/may-loc-nuoc-karofi-ero80-pro-hoang-uyen-5-1024x576.jpg 1024w, https:\/\/karofichinhhangvn.vn\/wp-content\/uploads\/2024\/06\/may-loc-nuoc-karofi-ero80-pro-hoang-uyen-5-768x432.jpg 768w, https:\/\/karofichinhhangvn.vn\/wp-content\/uploads\/2024\/06\/may-loc-nuoc-karofi-ero80-pro-hoang-uyen-5-800x450.jpg 800w\" alt=\"\" width=\"1280\" height=\"720\" data-src=\"https:\/\/karofichinhhangvn.vn\/wp-content\/uploads\/2024\/06\/may-loc-nuoc-karofi-ero80-pro-hoang-uyen-5.jpg\" data-srcset=\"https:\/\/karofichinhhangvn.vn\/wp-content\/uploads\/2024\/06\/may-loc-nuoc-karofi-ero80-pro-hoang-uyen-5.jpg 1280w, https:\/\/karofichinhhangvn.vn\/wp-content\/uploads\/2024\/06\/may-loc-nuoc-karofi-ero80-pro-hoang-uyen-5-300x169.jpg 300w, https:\/\/karofichinhhangvn.vn\/wp-content\/uploads\/2024\/06\/may-loc-nuoc-karofi-ero80-pro-hoang-uyen-5-1024x576.jpg 1024w, https:\/\/karofichinhhangvn.vn\/wp-content\/uploads\/2024\/06\/may-loc-nuoc-karofi-ero80-pro-hoang-uyen-5-768x432.jpg 768w, https:\/\/karofichinhhangvn.vn\/wp-content\/uploads\/2024\/06\/may-loc-nuoc-karofi-ero80-pro-hoang-uyen-5-800x450.jpg 800w\" \/><\/p>\n<h3>M\u00e0ng L\u1ecdc RO 50 GPD S\u1ea3n Xu\u1ea5t T\u1ea1i M\u1ef9<\/h3>\n<p>M\u00e0ng l\u1ecdc RO lo\u1ea1i b\u1ecf 99,99% virus, vi khu\u1ea9n, amip, asen, c\u00e1c ion kim lo\u1ea1i v\u00e0 ch\u1ea5t \u0111\u1ed9c h\u1ea1i.<\/p>\n<p><img loading=\"lazy\" decoding=\"async\" class=\"alignnone size-full wp-image-1771 lazy-load-active\" src=\"https:\/\/karofichinhhangvn.vn\/wp-content\/uploads\/2024\/06\/may-loc-nuoc-karofi-ero80-pro-hoang-uyen-6.jpg\" sizes=\"auto, (max-width: 1280px) 100vw, 1280px\" srcset=\"https:\/\/karofichinhhangvn.vn\/wp-content\/uploads\/2024\/06\/may-loc-nuoc-karofi-ero80-pro-hoang-uyen-6.jpg 1280w, https:\/\/karofichinhhangvn.vn\/wp-content\/uploads\/2024\/06\/may-loc-nuoc-karofi-ero80-pro-hoang-uyen-6-300x169.jpg 300w, https:\/\/karofichinhhangvn.vn\/wp-content\/uploads\/2024\/06\/may-loc-nuoc-karofi-ero80-pro-hoang-uyen-6-1024x576.jpg 1024w, https:\/\/karofichinhhangvn.vn\/wp-content\/uploads\/2024\/06\/may-loc-nuoc-karofi-ero80-pro-hoang-uyen-6-768x432.jpg 768w, https:\/\/karofichinhhangvn.vn\/wp-content\/uploads\/2024\/06\/may-loc-nuoc-karofi-ero80-pro-hoang-uyen-6-800x450.jpg 800w\" alt=\"\" width=\"1280\" height=\"720\" data-src=\"https:\/\/karofichinhhangvn.vn\/wp-content\/uploads\/2024\/06\/may-loc-nuoc-karofi-ero80-pro-hoang-uyen-6.jpg\" data-srcset=\"https:\/\/karofichinhhangvn.vn\/wp-content\/uploads\/2024\/06\/may-loc-nuoc-karofi-ero80-pro-hoang-uyen-6.jpg 1280w, https:\/\/karofichinhhangvn.vn\/wp-content\/uploads\/2024\/06\/may-loc-nuoc-karofi-ero80-pro-hoang-uyen-6-300x169.jpg 300w, https:\/\/karofichinhhangvn.vn\/wp-content\/uploads\/2024\/06\/may-loc-nuoc-karofi-ero80-pro-hoang-uyen-6-1024x576.jpg 1024w, https:\/\/karofichinhhangvn.vn\/wp-content\/uploads\/2024\/06\/may-loc-nuoc-karofi-ero80-pro-hoang-uyen-6-768x432.jpg 768w, https:\/\/karofichinhhangvn.vn\/wp-content\/uploads\/2024\/06\/may-loc-nuoc-karofi-ero80-pro-hoang-uyen-6-800x450.jpg 800w\" \/><\/p>\n<h3>\u00a0Karofi ERO80 PRO Thi\u1ebft K\u1ebf B\u1ec1n B\u1ec9 V\u1edbi Th\u1eddi Gian<\/h3>\n<p>V\u1ebb ngo\u00e0i m\u1ea1nh m\u1ebd v\u00e0 thi\u1ebft k\u1ebf b\u1ec1n b\u1ec9 gi\u00fap ERO80 PRO \u0111\u00e1p \u1ee9ng nhu c\u1ea7u s\u1eed d\u1ee5ng l\u00e2u d\u00e0i.<\/p>\n<p><img loading=\"lazy\" decoding=\"async\" class=\"alignnone size-full wp-image-1772 lazy-load-active\" src=\"https:\/\/karofichinhhangvn.vn\/wp-content\/uploads\/2024\/06\/may-loc-nuoc-karofi-ero80-pro-hoang-uyen-7.jpg\" sizes=\"auto, (max-width: 1280px) 100vw, 1280px\" srcset=\"https:\/\/karofichinhhangvn.vn\/wp-content\/uploads\/2024\/06\/may-loc-nuoc-karofi-ero80-pro-hoang-uyen-7.jpg 1280w, https:\/\/karofichinhhangvn.vn\/wp-content\/uploads\/2024\/06\/may-loc-nuoc-karofi-ero80-pro-hoang-uyen-7-300x169.jpg 300w, https:\/\/karofichinhhangvn.vn\/wp-content\/uploads\/2024\/06\/may-loc-nuoc-karofi-ero80-pro-hoang-uyen-7-1024x576.jpg 1024w, https:\/\/karofichinhhangvn.vn\/wp-content\/uploads\/2024\/06\/may-loc-nuoc-karofi-ero80-pro-hoang-uyen-7-768x432.jpg 768w, https:\/\/karofichinhhangvn.vn\/wp-content\/uploads\/2024\/06\/may-loc-nuoc-karofi-ero80-pro-hoang-uyen-7-800x450.jpg 800w\" alt=\"\" width=\"1280\" height=\"720\" data-src=\"https:\/\/karofichinhhangvn.vn\/wp-content\/uploads\/2024\/06\/may-loc-nuoc-karofi-ero80-pro-hoang-uyen-7.jpg\" data-srcset=\"https:\/\/karofichinhhangvn.vn\/wp-content\/uploads\/2024\/06\/may-loc-nuoc-karofi-ero80-pro-hoang-uyen-7.jpg 1280w, https:\/\/karofichinhhangvn.vn\/wp-content\/uploads\/2024\/06\/may-loc-nuoc-karofi-ero80-pro-hoang-uyen-7-300x169.jpg 300w, https:\/\/karofichinhhangvn.vn\/wp-content\/uploads\/2024\/06\/may-loc-nuoc-karofi-ero80-pro-hoang-uyen-7-1024x576.jpg 1024w, https:\/\/karofichinhhangvn.vn\/wp-content\/uploads\/2024\/06\/may-loc-nuoc-karofi-ero80-pro-hoang-uyen-7-768x432.jpg 768w, https:\/\/karofichinhhangvn.vn\/wp-content\/uploads\/2024\/06\/may-loc-nuoc-karofi-ero80-pro-hoang-uyen-7-800x450.jpg 800w\" \/><\/p>\n<h3>N\u01b0\u1edbc Sau L\u1ecdc \u0110\u1ea1t Chu\u1ea9n QCVN 6-1:2010 BYT<\/h3>\n<p>Ngu\u1ed3n n\u01b0\u1edbc \u0111\u1ea1t chu\u1ea9n n\u01b0\u1edbc u\u1ed1ng tinh khi\u1ebft \u0111\u00f3ng chai theo quy tr\u00ecnh c\u1ee7a WHO.<\/p>\n<p><img loading=\"lazy\" decoding=\"async\" class=\"alignnone size-full wp-image-1766 lazy-load-active\" src=\"https:\/\/karofichinhhangvn.vn\/wp-content\/uploads\/2024\/06\/may-loc-nuoc-karofi-ero80-pro-hoang-uyen-1.jpg\" sizes=\"auto, (max-width: 1280px) 100vw, 1280px\" srcset=\"https:\/\/karofichinhhangvn.vn\/wp-content\/uploads\/2024\/06\/may-loc-nuoc-karofi-ero80-pro-hoang-uyen-1.jpg 1280w, https:\/\/karofichinhhangvn.vn\/wp-content\/uploads\/2024\/06\/may-loc-nuoc-karofi-ero80-pro-hoang-uyen-1-300x169.jpg 300w, https:\/\/karofichinhhangvn.vn\/wp-content\/uploads\/2024\/06\/may-loc-nuoc-karofi-ero80-pro-hoang-uyen-1-1024x576.jpg 1024w, https:\/\/karofichinhhangvn.vn\/wp-content\/uploads\/2024\/06\/may-loc-nuoc-karofi-ero80-pro-hoang-uyen-1-768x432.jpg 768w, https:\/\/karofichinhhangvn.vn\/wp-content\/uploads\/2024\/06\/may-loc-nuoc-karofi-ero80-pro-hoang-uyen-1-800x450.jpg 800w\" alt=\"\" width=\"1280\" height=\"720\" data-src=\"https:\/\/karofichinhhangvn.vn\/wp-content\/uploads\/2024\/06\/may-loc-nuoc-karofi-ero80-pro-hoang-uyen-1.jpg\" data-srcset=\"https:\/\/karofichinhhangvn.vn\/wp-content\/uploads\/2024\/06\/may-loc-nuoc-karofi-ero80-pro-hoang-uyen-1.jpg 1280w, https:\/\/karofichinhhangvn.vn\/wp-content\/uploads\/2024\/06\/may-loc-nuoc-karofi-ero80-pro-hoang-uyen-1-300x169.jpg 300w, https:\/\/karofichinhhangvn.vn\/wp-content\/uploads\/2024\/06\/may-loc-nuoc-karofi-ero80-pro-hoang-uyen-1-1024x576.jpg 1024w, https:\/\/karofichinhhangvn.vn\/wp-content\/uploads\/2024\/06\/may-loc-nuoc-karofi-ero80-pro-hoang-uyen-1-768x432.jpg 768w, https:\/\/karofichinhhangvn.vn\/wp-content\/uploads\/2024\/06\/may-loc-nuoc-karofi-ero80-pro-hoang-uyen-1-800x450.jpg 800w\" \/><\/p>\n<h3>Th\u1eddi Gian B\u1ea3o H\u00e0nh \u0110\u1ebfn 3 N\u0103m<\/h3>\n<p>Karofi ERO80 PRO b\u1ea3o h\u00e0nh 3 n\u0103m v\u1edbi d\u1ecbch v\u1ee5 ch\u0103m s\u00f3c kh\u00e1ch h\u00e0ng t\u1eadn t\u00e2m.<\/p>\n<h3>Ch\u1ee9c N\u0103ng v\u00e0 Th\u1eddi Gian Thay L\u00f5i Karofi ERO80 PRO<\/h3>\n<table>\n<thead>\n<tr>\n<th>STT<\/th>\n<th>L\u00f5i L\u1ecdc<\/th>\n<th>Ch\u1ee9c N\u0103ng<\/th>\n<th>Th\u1eddi Gian Thay<\/th>\n<\/tr>\n<\/thead>\n<tbody>\n<tr>\n<td>1<\/td>\n<td>SMAX PRO V1<\/td>\n<td>Lo\u1ea1i b\u1ecf ch\u1ea5t c\u1eb7n b\u00e3, c\u00e1t, s\u1ea1n, b\u00f9n, rong r\u00eau l\u1edbn h\u01a1n 5 micron<\/td>\n<td>12 th\u00e1ng<\/td>\n<\/tr>\n<tr>\n<td>2<\/td>\n<td>SMAX PRO V2<\/td>\n<td>Lo\u1ea1i b\u1ecf Clo, ch\u1ea5t h\u1eefu c\u01a1, c\u00e1c kh\u00ed g\u00e2y m\u00f9i<\/td>\n<td>12 th\u00e1ng<\/td>\n<\/tr>\n<tr>\n<td>3<\/td>\n<td>SMAX PRO V3<\/td>\n<td>Lo\u1ea1i b\u1ecf c\u1eb7n b\u1ea9n, b\u1ee5i c\u00e1t, ch\u1ea5t r\u1eafn l\u1edbn h\u01a1n 1 micron<\/td>\n<td>12 th\u00e1ng<\/td>\n<\/tr>\n<tr>\n<td>4<\/td>\n<td>Smax RO<\/td>\n<td>Lo\u1ea1i b\u1ecf 99,99% clo, d\u1ea7u, virus, vi khu\u1ea9n, amip, asen, c\u00e1c ion kim lo\u1ea1i<\/td>\n<td>24-36 th\u00e1ng<\/td>\n<\/tr>\n<tr>\n<td>5<\/td>\n<td>Mineral Plus<\/td>\n<td>B\u1ed5 sung kho\u00e1ng ch\u1ea5t, n\u00e2ng cao pH, h\u1ed7 tr\u1ee3 trung h\u00f2a axit d\u01b0<\/td>\n<td>12 th\u00e1ng<\/td>\n<\/tr>\n<tr>\n<td>6<\/td>\n<td>T33-GAC<\/td>\n<td>X\u1eed l\u00fd m\u00f9i, ch\u1ea5t h\u1eefu c\u01a1, \u1ed5n \u0111\u1ecbnh v\u1ecb ng\u1ecdt t\u1ef1 nhi\u00ean<\/td>\n<td>12 th\u00e1ng<\/td>\n<\/tr>\n<tr>\n<td>7<\/td>\n<td>Far Infrared<\/td>\n<td>Chia nh\u1ecf ph\u00e2n t\u1eed n\u01b0\u1edbc gi\u00fap c\u01a1 th\u1ec3 d\u1ec5 h\u1ea5p th\u1ee5<\/td>\n<td>12 th\u00e1ng<\/td>\n<\/tr>\n<tr>\n<td>8<\/td>\n<td>Tourmaline<\/td>\n<td>T\u1ea1o ion \u00e2m c\u00f3 l\u1ee3i, ho\u1ea1t h\u00f3a n\u01b0\u1edbc gi\u00fap c\u01a1 th\u1ec3 d\u1ec5 h\u1ea5p thu<\/td>\n<td>12 th\u00e1ng<\/td>\n<\/tr>\n<tr>\n<td>9<\/td>\n<td>Nano Silver Plus<\/td>\n<td>Ti\u00eau di\u1ec7t vi khu\u1ea9n, ch\u1ed1ng t\u00e1i nhi\u1ec5m khu\u1ea9n<\/td>\n<td>12 th\u00e1ng<\/td>\n<\/tr>\n<\/tbody>\n<\/table>\n<p>M\u00e1y l\u1ecdc n\u01b0\u1edbc ERO80 PRO mang \u0111\u1ebfn s\u1ef1 an t\u00e2m v\u1ec1 ngu\u1ed3n n\u01b0\u1edbc tinh khi\u1ebft v\u00e0 s\u1ee9c kh\u1ecfe cho gia \u0111\u00ecnh b\u1ea1n!<\/p>\n<p><img loading=\"lazy\" decoding=\"async\" class=\"alignnone size-full wp-image-1767 lazy-load-active\" src=\"https:\/\/karofichinhhangvn.vn\/wp-content\/uploads\/2024\/06\/may-loc-nuoc-karofi-ero80-pro-hoang-uyen-2.jpg\" sizes=\"auto, (max-width: 1280px) 100vw, 1280px\" srcset=\"https:\/\/karofichinhhangvn.vn\/wp-content\/uploads\/2024\/06\/may-loc-nuoc-karofi-ero80-pro-hoang-uyen-2.jpg 1280w, https:\/\/karofichinhhangvn.vn\/wp-content\/uploads\/2024\/06\/may-loc-nuoc-karofi-ero80-pro-hoang-uyen-2-300x169.jpg 300w, https:\/\/karofichinhhangvn.vn\/wp-content\/uploads\/2024\/06\/may-loc-nuoc-karofi-ero80-pro-hoang-uyen-2-1024x576.jpg 1024w, https:\/\/karofichinhhangvn.vn\/wp-content\/uploads\/2024\/06\/may-loc-nuoc-karofi-ero80-pro-hoang-uyen-2-768x432.jpg 768w, https:\/\/karofichinhhangvn.vn\/wp-content\/uploads\/2024\/06\/may-loc-nuoc-karofi-ero80-pro-hoang-uyen-2-800x450.jpg 800w\" alt=\"\" width=\"1280\" height=\"720\" data-src=\"https:\/\/karofichinhhangvn.vn\/wp-content\/uploads\/2024\/06\/may-loc-nuoc-karofi-ero80-pro-hoang-uyen-2.jpg\" data-srcset=\"https:\/\/karofichinhhangvn.vn\/wp-content\/uploads\/2024\/06\/may-loc-nuoc-karofi-ero80-pro-hoang-uyen-2.jpg 1280w, https:\/\/karofichinhhangvn.vn\/wp-content\/uploads\/2024\/06\/may-loc-nuoc-karofi-ero80-pro-hoang-uyen-2-300x169.jpg 300w, https:\/\/karofichinhhangvn.vn\/wp-content\/uploads\/2024\/06\/may-loc-nuoc-karofi-ero80-pro-hoang-uyen-2-1024x576.jpg 1024w, https:\/\/karofichinhhangvn.vn\/wp-content\/uploads\/2024\/06\/may-loc-nuoc-karofi-ero80-pro-hoang-uyen-2-768x432.jpg 768w, https:\/\/karofichinhhangvn.vn\/wp-content\/uploads\/2024\/06\/may-loc-nuoc-karofi-ero80-pro-hoang-uyen-2-800x450.jpg 800w\" \/><\/p>\n<\/div>\n<\/div>\n<\/div>\n<\/div>\n<\/div>\n<\/div>\n<\/div>\n<\/div>\n<\/div>\n<\/div>\n<\/div>\n<\/div>\n","protected":false},"excerpt":{"rendered":"<ul>\n<li><span data-sheets-value=\"{\" data-sheets-userformat=\"{\">10 l\u00f5i l\u1ecdc c\u00f4ng ngh\u1ec7 Smax: g\u1ea5p 2 hi\u1ec7u su\u1ea5t, g\u1ea5p 2 tu\u1ed5i th\u1ecd<\/span><\/li>\n<li><span data-sheets-value=\"{\" data-sheets-userformat=\"{\">M\u00e0ng RO 50 GPD thay nhanh s\u1ea3n xu\u1ea5t t\u1ea1i M\u1ef9<\/span><\/li>\n<li><span data-sheets-value=\"{\" data-sheets-userformat=\"{\">H\u1ec7 l\u00f5i l\u1ecdc th\u00f4 Smax Pro V: g\u1ea5p 3 di\u1ec7n t\u00edch ti\u1ebfp x\u00fac, g\u1ea5p 2 hi\u1ec7u qu\u1ea3 l\u1ecdc<\/span><\/li>\n<li><span data-sheets-value=\"{\" data-sheets-userformat=\"{\">6 l\u00f5i ch\u1ee9c n\u0103ng thay nhanh: b\u1ed5 sung g\u1ea5p 2 vi kho\u00e1ng<\/span><\/li>\n<li><span data-sheets-value=\"{\" data-sheets-userformat=\"{\">N\u01b0\u1edbc sau l\u1ecdc \u0111\u1ea1t Chu\u1ea9n n\u01b0\u1edbc u\u1ed1ng tinh khi\u1ebft \u0111\u00f3ng chai QCVN 6-1:2010\/BYT<\/span><\/li>\n<li><span data-sheets-value=\"{\" data-sheets-userformat=\"{\">B\u1ea3o h\u00e0nh: 36 th\u00e1ng<\/span><\/li>\n<\/ul>\n","protected":false},"featured_media":3650,"comment_status":"open","ping_status":"closed","template":"","meta":[],"product_brand":[],"product_cat":[83,108],"product_tag":[],"class_list":{"0":"post-3648","1":"product","2":"type-product","3":"status-publish","4":"has-post-thumbnail","6":"product_cat-may-loc-nuoc","7":"product_cat-karofi","9":"first","10":"instock","11":"shipping-taxable","12":"product-type-simple"},"_links":{"self":[{"href":"https:\/\/nhadepbepxinh.com.vn\/index.php?rest_route=\/wp\/v2\/product\/3648","targetHints":{"allow":["GET"]}}],"collection":[{"href":"https:\/\/nhadepbepxinh.com.vn\/index.php?rest_route=\/wp\/v2\/product"}],"about":[{"href":"https:\/\/nhadepbepxinh.com.vn\/index.php?rest_route=\/wp\/v2\/types\/product"}],"replies":[{"embeddable":true,"href":"https:\/\/nhadepbepxinh.com.vn\/index.php?rest_route=%2Fwp%2Fv2%2Fcomments&post=3648"}],"wp:featuredmedia":[{"embeddable":true,"href":"https:\/\/nhadepbepxinh.com.vn\/index.php?rest_route=\/wp\/v2\/media\/3650"}],"wp:attachment":[{"href":"https:\/\/nhadepbepxinh.com.vn\/index.php?rest_route=%2Fwp%2Fv2%2Fmedia&parent=3648"}],"wp:term":[{"taxonomy":"product_brand","embeddable":true,"href":"https:\/\/nhadepbepxinh.com.vn\/index.php?rest_route=%2Fwp%2Fv2%2Fproduct_brand&post=3648"},{"taxonomy":"product_cat","embeddable":true,"href":"https:\/\/nhadepbepxinh.com.vn\/index.php?rest_route=%2Fwp%2Fv2%2Fproduct_cat&post=3648"},{"taxonomy":"product_tag","embeddable":true,"href":"https:\/\/nhadepbepxinh.com.vn\/index.php?rest_route=%2Fwp%2Fv2%2Fproduct_tag&post=3648"}],"curies":[{"name":"wp","href":"https:\/\/api.w.org\/{rel}","templated":true}]}}