{"id":3634,"date":"2025-04-04T12:47:48","date_gmt":"2025-04-04T05:47:48","guid":{"rendered":"https:\/\/nhadepbepxinh.com.vn\/?post_type=product&#038;p=3634"},"modified":"2025-04-04T12:47:48","modified_gmt":"2025-04-04T05:47:48","slug":"may-loc-nuoc-a-o-smith-ross-eco-aoc75pur-new","status":"publish","type":"product","link":"https:\/\/nhadepbepxinh.com.vn\/?product=may-loc-nuoc-a-o-smith-ross-eco-aoc75pur-new","title":{"rendered":"MA\u0301Y LO\u0323C N\u01af\u01a0\u0301C A. O. Smith ROSS\u2122 ECO-AOC75PUR (NEW)"},"content":{"rendered":"<div id=\"tab0\" class=\"bg_white gallery margin_top_40 no_padding_mb\">\n<div class=\"\">\n<div class=\"section-header clearfix\">\n<h2 class=\"section-title title_section   text-center\">T\u00cdNH N\u0102NG N\u1ed4I B\u1eacT<\/h2>\n<\/div>\n<div class=\"clearfix product_function\">\n<div class=\"col-md-12 no_padding no_padding_mb\">\n<div class=\"col-lg-6 col-md-6 col-sm-6 col-xs-12 relative no_padding no_padding_mb img-resize1 \">\n<div class=\"col-lg-2 col-md-2 col-sm-2 col-xs-3 no_padding \">\n<p><img decoding=\"async\" src=\"https:\/\/file.hstatic.net\/1000286959\/file\/icon_9_1f7b34fdbb2a4375b77ba67ca56aa4bd_compact.png\" \/><\/p>\n<p><strong style=\"font-size: 14.4px;\">C\u00f4ng ngh\u1ec7 RO &#8211; Side Stream b\u1ea3n quy\u1ec1n A. O. Smith<\/strong><\/p>\n<\/div>\n<div class=\"col-lg-10 col-md-10 col-sm-10 col-xs-9 \">\n<p>M\u00e0ng l\u1ecdc RO \u2013 Side Stream l\u00e0 ph\u00e1t minh\u00a0c\u1ee7a A. O. Smith, \u0111\u01b0\u1ee3c c\u1ea5p b\u1ea3n quy\u1ec1n s\u00e1ng ch\u1ebf t\u1ea1i M\u1ef9 (patent US8,337,698 B2), gi\u00fap n\u00e2ng cao\u00a0t\u1ef7 l\u1ec7 thu h\u1ed3i n\u01b0\u1edbc tinh khi\u1ebft : n\u01b0\u1edbc th\u1ea3i l\u00e0 1:1 v\u00e0 k\u00e9o d\u00e0i tu\u1ed5i th\u1ecd l\u00f5i l\u1ecdc, mang \u0111\u1ebfn \u201cGi\u1ea3i ph\u00e1p ti\u1ebft ki\u1ec7m to\u00e0n di\u1ec7n\u201d cho ng\u01b0\u1eddi s\u1eed d\u1ee5ng. M\u00e0ng l\u1ecdc RO \u2013 Side Stream lo\u1ea1i b\u1ecf t\u1ea1p ch\u1ea5t,\u00a0kim lo\u1ea1i n\u1eb7ng (Asen, ch\u00ec, th\u1ee7y ng\u00e2n\u2026) v\u00e0 c\u00e1c vi khu\u1ea9n, vi r\u00fat\u00a0c\u00f3 h\u1ea1i.<\/p>\n<\/div>\n<\/div>\n<div class=\"col-lg-6 col-md-6 col-sm-6 col-xs-12 no_padding no_padding_mb relative img-resize1\">\n<div class=\"col-lg-2 col-md-2 col-sm-2 col-xs-3 no_padding \">\n<p><img decoding=\"async\" src=\"https:\/\/file.hstatic.net\/1000286959\/file\/picture4_cc1cf6753aa04339af8aa556d594a146_compact.jpg\" \/><\/p>\n<p><strong style=\"font-size: 14.4px;\">\u0110a d\u1ea1ng ch\u1ebf \u0111\u1ed9 n\u01b0\u1edbc: n\u00f3ng &#8211; \u1ea5m &#8211; th\u01b0\u1eddng<\/strong><\/p>\n<\/div>\n<div class=\"col-lg-10 col-md-10 col-sm-10 col-xs-9 \">\n<p>M\u00e1y t\u00edch h\u1ee3p 03 ch\u1ebf \u0111\u1ed9 n\u01b0\u1edbc,\u00a0\u0111\u00e1p \u1ee9ng \u0111a d\u1ea1ng nhu c\u1ea7u s\u1eed d\u1ee5ng c\u1ee7a gia \u0111\u00ecnh: u\u1ed1ng, n\u1ea5u \u0103n, pha s\u1eefa, \u0111\u1ed3 u\u1ed1ng&#8230;<\/p>\n<p>Khi c\u1ea7n n\u01b0\u1edbc \u1ea5m \/ n\u01b0\u1edbc n\u00f3ng, b\u1ea1n ch\u1ec9 c\u1ea7n nh\u1ea5n n\u00fat \u0111un s\u00f4i v\u00e0 ch\u1ecdn m\u1ee9c nhi\u1ec7t, sau kho\u1ea3ng v\u00e0i ph\u00fat s\u1ebd c\u00f3 ngay n\u01b0\u1edbc \u1ea5m 45 \u0111\u1ed9 C ho\u1eb7c n\u01b0\u1edbc\u00a0n\u00f3ng \u0111\u1ebfn 92\u00a0\u0111\u1ed9 C, v\u00f4 c\u00f9ng ti\u1ec7n l\u1ee3i.<\/p>\n<\/div>\n<\/div>\n<\/div>\n<div class=\"col-md-12 no_padding no_padding_mb\">\n<div class=\"col-lg-6 col-md-6 col-sm-6 col-xs-12 no_padding relative  no_padding_mb img-resize2\">\n<div class=\"col-lg-2 col-md-2 col-sm-2 col-xs-3  no_padding \">\n<p><img decoding=\"async\" src=\"https:\/\/file.hstatic.net\/1000286959\/file\/icon_san_pham__65x65px__khoa_an_toan_9de0ec7a27d64a41aae8a92c761a12a3_compact.png\" \/><\/p>\n<p><strong style=\"font-size: 14.4px;\">T\u00ednh n\u0103ng ti\u1ec7n nghi &#8211; Thi\u1ebft k\u1ebf th\u00e2n thi\u1ec7n ng\u01b0\u1eddi d\u00f9ng<\/strong><\/p>\n<\/div>\n<div class=\"col-lg-10 col-md-10 col-sm-10 col-xs-9 \">\n<p>Ch\u1ee9c n\u0103ng kh\u00f3a tr\u1ebb em gi\u00fap ng\u0103n ng\u1eeba vi\u1ec7c tr\u1ebb nh\u1ecf t\u1ef1 \u1ea5n l\u1ea5y n\u01b0\u1edbc n\u00f3ng, g\u00e2y m\u1ea5t an to\u00e0n.\u00a0\u0110\u00e8n d\u1eabn h\u01b0\u1edbng\u00a0Night Assist\u00a0h\u1ed7 tr\u1ee3 l\u1ea5y n\u01b0\u1edbc v\u00e0o ban \u0111\u00eam ti\u1ec7n d\u1ee5ng.<\/p>\n<\/div>\n<\/div>\n<div class=\"col-lg-6 col-md-6 col-sm-6 col-xs-12 no_padding  no_padding_mb relative img-resize2\">\n<div class=\"col-lg-2 col-md-2 col-sm-2 col-xs-3 no_padding \">\n<p><img decoding=\"async\" src=\"https:\/\/file.hstatic.net\/1000286959\/file\/icon_san_pham__65x65px__mot_cham_a81722c0707f4d95b8ef1be5637771a0_compact.png\" \/><\/p>\n<p><strong style=\"font-size: 14.4px;\">M\u00e0n h\u00ecnh \u0111i\u1ec7n t\u1eed m\u1ed9t ch\u1ea1m l\u1ea5y n\u01b0\u1edbc<\/strong><\/p>\n<\/div>\n<div class=\"col-lg-10 col-md-10 col-sm-10 col-xs-9 \">\n<p>M\u00e0n h\u00ecnh \u0111i\u1ec7n t\u1eed m\u1ed9t ch\u1ea1m\u00a0l\u1ea5y n\u01b0\u1edbc: hi\u1ec3n th\u1ecb nhi\u1ec7t \u0111\u1ed9 n\u01b0\u1edbc, t\u00ecnh tr\u1ea1ng l\u00f5i l\u1ecdc v\u00e0 cho ph\u00e9p t\u00f9y ch\u1ecdn c\u00e1c ch\u1ebf \u0111\u1ed9 n\u01b0\u1edbc, mang \u0111\u1ebfn s\u1ef1 ti\u1ec7n nghi v\u00e0 n\u00e2ng t\u1ea7m kh\u00f4ng gian b\u1ebfp.\u00a0Ch\u1ee9c n\u0103ng kh\u00f3a tr\u1ebb em gi\u00fap ng\u0103n ng\u1eeba vi\u1ec7c tr\u1ebb nh\u1ecf t\u1ef1 \u1ea5n l\u1ea5y n\u01b0\u1edbc n\u00f3ng, g\u00e2y m\u1ea5t an to\u00e0n.<\/p>\n<div>\n<p><span style=\"color: #333333; font-size: 23.04px;\">CHI TI\u1ebeT S\u1ea2N PH\u1ea8M<\/span><\/p>\n<\/div>\n<\/div>\n<\/div>\n<\/div>\n<\/div>\n<\/div>\n<\/div>\n<div id=\"tab1\" class=\"product-page gallery padding_top_29 margin_top_40\">\n<div class=\"row\">\n<div class=\"col-lg-12 col-md-12 col-sm-12 col-xs-12 product_detail\">\n<p><img decoding=\"async\" src=\"https:\/\/file.hstatic.net\/1000286959\/file\/anh-1_45bc19c23590462eb5cbd3c765ede214.jpg\" \/><\/p>\n<p><img decoding=\"async\" src=\"https:\/\/file.hstatic.net\/1000286959\/file\/anh-11_v2_3be92c691a3343e6a0b77a10bab25037.jpg\" \/><\/p>\n<p><img decoding=\"async\" src=\"https:\/\/file.hstatic.net\/1000286959\/file\/anh-7_d0254fcc7b0c423c97f754df99d33a97.jpg\" \/><\/p>\n<p><img decoding=\"async\" src=\"https:\/\/file.hstatic.net\/1000286959\/file\/anh-9_84cc63d6b0394bc0997253014625f53d.jpg\" \/><\/p>\n<p><img decoding=\"async\" src=\"https:\/\/file.hstatic.net\/1000286959\/file\/anh-2_v2_fa597eac072549efb2b4ad3191b7a776.jpg\" \/><\/p>\n<p><img decoding=\"async\" src=\"https:\/\/file.hstatic.net\/1000286959\/file\/anh-3_v2_d124466ae6714f908e0fa980243a4f7d.jpg\" \/><\/p>\n<p><img decoding=\"async\" src=\"https:\/\/file.hstatic.net\/1000286959\/file\/anh-10_v2_840f8c784e6342d08b3f05c397686324.jpg\" \/><\/p>\n<p><img decoding=\"async\" src=\"https:\/\/file.hstatic.net\/1000286959\/file\/anh-5_v2_8b3d8b1a6a4248868015fac6c756180c.jpg\" \/><\/p>\n<p><img decoding=\"async\" src=\"https:\/\/file.hstatic.net\/1000286959\/file\/anh-4_bceb6c58bb4541799998f51ca9528683.jpg\" \/><\/p>\n<p><img decoding=\"async\" src=\"https:\/\/file.hstatic.net\/1000286959\/file\/anh-6_v2_11218dfbe51240748b0f74764e23228b.jpg\" \/><\/p>\n<p><span style=\"font-size: 23.04px; color: #333333;\">TH\u00d4NG S\u1ed0 K\u1ef8 THU\u1eacT<\/span><\/p>\n<\/div>\n<\/div>\n<\/div>\n<div id=\"tab2\" class=\"product-page gallery margin_top_40\">\n<div class=\"row\">\n<div class=\"col-lg-12 col-md-12 col-sm-12 col-xs-12  product_specifications\">\n<table border=\"0\">\n<tbody>\n<tr>\n<td>\n<h3><strong>D\u00f2ng s\u1ea3n ph\u1ea9m<\/strong><\/h3>\n<\/td>\n<td>\n<h3><strong>A. O. Smith ECO-AOC75PUR<\/strong><\/h3>\n<\/td>\n<\/tr>\n<tr>\n<td>Ch\u1ee9c n\u0103ng<\/td>\n<td><em>N\u01b0\u1edbc th\u01b0\u1eddng &#8211; n\u00f3ng &#8211; \u1ea5m<\/em><\/td>\n<\/tr>\n<tr>\n<td>\u0110i\u1ec7n \u00e1p \u0111\u1ea7u v\u00e0o<\/td>\n<td><em>AC 220V\/ 50HZ<\/em><\/td>\n<\/tr>\n<tr>\n<td>C\u00f4ng su\u1ea5t ti\u00eau th\u1ee5 \u0111i\u1ec7n ch\u1ebf \u0111\u1ed9 th\u01b0\u1eddng<\/p>\n<p>C\u00f4ng su\u1ea5t l\u00e0m n\u00f3ng<\/td>\n<td><em>60W<\/em><\/p>\n<p>&nbsp;<\/p>\n<p><em>500W<\/em><\/td>\n<\/tr>\n<tr>\n<td>Dung t\u00edch b\u00ecnh ch\u1ee9a n\u01b0\u1edbc th\u01b0\u1eddng<\/td>\n<td><em>9.2 L<\/em><\/td>\n<\/tr>\n<tr>\n<td>Dung t\u00edch b\u00ecnh ch\u1ee9a n\u01b0\u1edbc n\u00f3ng<\/td>\n<td><em>0.8L<\/em><\/td>\n<\/tr>\n<tr>\n<td>C\u00f4ng su\u1ea5t l\u1ecdc<\/td>\n<td><em>11.8L\/gi\u1edd<\/em><\/td>\n<\/tr>\n<tr>\n<td>\u00c1p su\u1ea5t n\u01b0\u1edbc c\u1ea5p ph\u00f9 h\u1ee3p<\/td>\n<td><em>0.05 MPa &#8211; 0.2 MPa (7psi &#8211; 30psi)<\/em><\/td>\n<\/tr>\n<tr>\n<td>Nhi\u1ec7t \u0111\u1ed9 n\u01b0\u1edbc c\u1ea5p<\/td>\n<td><em>5\uff5e38\u2103<\/em><\/td>\n<\/tr>\n<tr>\n<td>Ch\u1ea5t l\u01b0\u1ee3ng n\u01b0\u1edbc c\u1ea5p<\/td>\n<td><em>N\u01b0\u1edbc m\u00e1y sinh ho\u1ea1t<\/em><\/td>\n<\/tr>\n<tr>\n<td>C\u00f4ng su\u1ea5t l\u1ecdc<\/td>\n<td><em>75 GPD (11.8L\/h)<\/em><\/td>\n<\/tr>\n<tr>\n<td>Ph\u01b0\u01a1ng ph\u00e1p s\u1ee5c r\u1eeda<\/td>\n<td><em>T\u1ef1 \u0111\u1ed9ng l\u00e0m s\u1ea1ch<\/em><\/td>\n<\/tr>\n<tr>\n<td>Xu\u1ea5t x\u1ee9<\/td>\n<td><em>S\u1ea3n ph\u1ea9m c\u1ee7a t\u1eadp \u0111o\u00e0n A. O. Smith Corporation<\/em><\/p>\n<p><em>S\u1ea3n xu\u1ea5t t\u1ea1i nh\u00e0 m\u00e1y A. O. Smith &#8211; India Water Product Private Limited., \u1ea4n \u0110\u1ed9<\/em><\/td>\n<\/tr>\n<tr>\n<td>Tr\u1ecdng l\u01b0\u1ee3ng (Kg)<\/td>\n<td><em>10.8<\/em><\/td>\n<\/tr>\n<tr>\n<td>K\u00edch th\u01b0\u1edbc (R\u1ed9ng x S\u00e2u x Cao) (mm)<\/td>\n<td>326x369x482<\/td>\n<\/tr>\n<\/tbody>\n<\/table>\n<\/div>\n<\/div>\n<\/div>\n","protected":false},"excerpt":{"rendered":"<p>03 m\u1ee9c \u0111i\u1ec1u ch\u1ec9nh nhi\u1ec7t \u0111\u1ed9: n\u00f3ng &#8211; \u1ea5m &#8211; th\u01b0\u1eddng \u0111\u00e1p \u1ee9ng t\u1ea5t c\u1ea3 nhu c\u1ea7u c\u1ee7a gia \u0111\u00ecnh v\u1ec1 n\u01b0\u1edbc s\u1ea1ch m\u1ed7i ng\u00e0y, trong \u0111\u00f3 n\u01b0\u1edbc n\u00f3ng \u0111\u1ebfn\u00a092\u00b0 v\u00e0\u00a0n\u01b0\u1edbc \u1ea5m 45 \u0111\u1ed9 C\u00a0ti\u1ec7n l\u1ee3i<\/p>\n<p>&nbsp;<\/p>\n<p>Ch\u1ee9c n\u0103ng kh\u00f3a tr\u1ebb em an to\u00e0n<\/p>\n<p>M\u00e0n h\u00ecnh \u0111i\u1ec7n t\u1eed m\u1ed9t ch\u1ea1m\u00a0l\u1ea5y n\u01b0\u1edbc: hi\u1ec3n th\u1ecb nhi\u1ec7t \u0111\u1ed9 n\u01b0\u1edbc, t\u00ecnh tr\u1ea1ng l\u00f5i l\u1ecdc v\u00e0 cho ph\u00e9p t\u00f9y ch\u1ecdn c\u00e1c ch\u1ebf \u0111\u1ed9 n\u01b0\u1edbc, mang \u0111\u1ebfn s\u1ef1 ti\u1ec7n nghi v\u00e0 n\u00e2ng t\u1ea7m kh\u00f4ng gian b\u1ebfp<\/p>\n<p>\u0110\u00e8n d\u1eabn h\u01b0\u1edbng\u00a0Night Assist\u00a0h\u1ed7 tr\u1ee3 l\u1ea5y n\u01b0\u1edbc v\u00e0o ban \u0111\u00eam<\/p>\n<p>5 c\u1ea5p l\u1ecdc t\u00edch h\u1ee3p trong 4 l\u00f5i l\u1ecdc cho ngu\u1ed3n n\u01b0\u1edbc tinh khi\u1ebft u\u1ed1ng t\u1ea1i v\u00f2i<\/p>\n<p>C\u1ea3nh b\u00e1o thay th\u1ebf l\u00f5i l\u1ecdc ti\u1ec7n nghi<\/p>\n<p>A. O. Smith &#8211; Th\u01b0\u01a1ng hi\u1ec7u m\u00e1y l\u1ecdc n\u01b0\u1edbc xu\u1ea5t s\u1eafc nh\u1ea5t 2 n\u0103m li\u00ean ti\u1ebfp\u00a02021 &amp; 2022\u00a0t\u1ea1i\u00a0Tech Award.<\/p>\n","protected":false},"featured_media":3636,"comment_status":"open","ping_status":"closed","template":"","meta":[],"product_brand":[],"product_cat":[83,107],"product_tag":[],"class_list":{"0":"post-3634","1":"product","2":"type-product","3":"status-publish","4":"has-post-thumbnail","6":"product_cat-may-loc-nuoc","7":"product_cat-ao-smith","9":"first","10":"instock","11":"shipping-taxable","12":"product-type-simple"},"_links":{"self":[{"href":"https:\/\/nhadepbepxinh.com.vn\/index.php?rest_route=\/wp\/v2\/product\/3634","targetHints":{"allow":["GET"]}}],"collection":[{"href":"https:\/\/nhadepbepxinh.com.vn\/index.php?rest_route=\/wp\/v2\/product"}],"about":[{"href":"https:\/\/nhadepbepxinh.com.vn\/index.php?rest_route=\/wp\/v2\/types\/product"}],"replies":[{"embeddable":true,"href":"https:\/\/nhadepbepxinh.com.vn\/index.php?rest_route=%2Fwp%2Fv2%2Fcomments&post=3634"}],"wp:featuredmedia":[{"embeddable":true,"href":"https:\/\/nhadepbepxinh.com.vn\/index.php?rest_route=\/wp\/v2\/media\/3636"}],"wp:attachment":[{"href":"https:\/\/nhadepbepxinh.com.vn\/index.php?rest_route=%2Fwp%2Fv2%2Fmedia&parent=3634"}],"wp:term":[{"taxonomy":"product_brand","embeddable":true,"href":"https:\/\/nhadepbepxinh.com.vn\/index.php?rest_route=%2Fwp%2Fv2%2Fproduct_brand&post=3634"},{"taxonomy":"product_cat","embeddable":true,"href":"https:\/\/nhadepbepxinh.com.vn\/index.php?rest_route=%2Fwp%2Fv2%2Fproduct_cat&post=3634"},{"taxonomy":"product_tag","embeddable":true,"href":"https:\/\/nhadepbepxinh.com.vn\/index.php?rest_route=%2Fwp%2Fv2%2Fproduct_tag&post=3634"}],"curies":[{"name":"wp","href":"https:\/\/api.w.org\/{rel}","templated":true}]}}