{"id":3625,"date":"2025-04-04T12:44:02","date_gmt":"2025-04-04T05:44:02","guid":{"rendered":"https:\/\/nhadepbepxinh.com.vn\/?post_type=product&#038;p=3625"},"modified":"2025-04-04T12:44:02","modified_gmt":"2025-04-04T05:44:02","slug":"may-loc-nuoc-a-o-smith-ar75-a-s-h1","status":"publish","type":"product","link":"https:\/\/nhadepbepxinh.com.vn\/?product=may-loc-nuoc-a-o-smith-ar75-a-s-h1","title":{"rendered":"MA\u0301Y LO\u0323C N\u01af\u01a0\u0301C A. O. Smith AR75-A-S-H1"},"content":{"rendered":"<div id=\"tab0\" class=\"bg_white gallery margin_top_40 no_padding_mb\">\n<div class=\"\">\n<div class=\"section-header clearfix\">\n<h2 class=\"section-title title_section   text-center\">T\u00cdNH N\u0102NG N\u1ed4I B\u1eacT<\/h2>\n<\/div>\n<div class=\"clearfix product_function\">\n<div class=\"col-md-12 no_padding no_padding_mb\">\n<div class=\"col-lg-6 col-md-6 col-sm-6 col-xs-12 relative no_padding no_padding_mb img-resize1 \">\n<div class=\"col-lg-2 col-md-2 col-sm-2 col-xs-3 no_padding \">\n<p><img decoding=\"async\" src=\"https:\/\/file.hstatic.net\/1000286959\/file\/icon_san_pham__65x65px__ro_shield.png\" \/><\/p>\n<p><strong style=\"font-size: 14.4px;\">C\u00f4ng ngh\u1ec7 RO-Side Stream b\u1ea3n quy\u1ec1n M\u1ef9<\/strong><\/p>\n<\/div>\n<div class=\"col-lg-10 col-md-10 col-sm-10 col-xs-9 \">\n<p>M\u00e0ng l\u1ecdc RO \u2013 Side Stream l\u00e0 ph\u00e1t minh \u0111\u1ed9t ph\u00e1 c\u1ee7a A. O. Smith, \u0111\u01b0\u1ee3c c\u1ea5p b\u1ea3n quy\u1ec1n s\u00e1ng ch\u1ebf t\u1ea1i M\u1ef9 (patent US8,337,698 B2), gi\u00fap gi\u1ea3m l\u01b0\u1ee3ng n\u01b0\u1edbc th\u1ea3i, duy nh\u1ea5t cho t\u1ef7 l\u1ec7 n\u01b0\u1edbc th\u1ea3i : n\u01b0\u1edbc tinh khi\u1ebft l\u00e0 1:1 v\u00e0 k\u00e9o d\u00e0i tu\u1ed5i th\u1ecd l\u00f5i l\u1ecdc \u0111\u1ebfn 3 n\u0103m, mang \u0111\u1ebfn \u201cGi\u1ea3i ph\u00e1p ti\u1ebft ki\u1ec7m to\u00e0n di\u1ec7n\u201d cho ng\u01b0\u1eddi s\u1eed d\u1ee5ng. M\u00e0ng l\u1ecdc RO \u2013 Side Stream lo\u1ea1i s\u1ea1ch\u00a0kim lo\u1ea1i n\u1eb7ng (Asen, ch\u00ec, th\u1ee7y ng\u00e2n\u2026) v\u00e0 c\u00e1c vi khu\u1ea9n c\u00f3 h\u1ea1i.<\/p>\n<\/div>\n<\/div>\n<div class=\"col-lg-6 col-md-6 col-sm-6 col-xs-12 no_padding no_padding_mb relative img-resize1\">\n<div class=\"col-lg-2 col-md-2 col-sm-2 col-xs-3 no_padding \">\n<p><img decoding=\"async\" src=\"https:\/\/file.hstatic.net\/1000286959\/file\/icon_san_pham__65x65px__nuoc_nong_tien_loi.png\" \/><\/p>\n<p><strong style=\"font-size: 14.4px;\">Hai ch\u1ee9c n\u0103ng n\u01b0\u1edbc Th\u01b0\u1eddng &#8211; N\u00f3ng<\/strong><\/p>\n<\/div>\n<div class=\"col-lg-10 col-md-10 col-sm-10 col-xs-9 \">\n<p>Ti\u1ec7n nghi h\u01a1n v\u1edbi ch\u1ee9c n\u0103ng n\u01b0\u1edbc th\u01b0\u1eddng \u2013 n\u00f3ng v\u00e0 th\u01b0\u1eddng \u0111\u01b0\u1ee3c t\u00edch h\u1ee3p trong m\u00e1y l\u1ecdc n\u01b0\u1edbc, \u0111\u00e1p \u1ee9ng m\u1ecdi nhu c\u1ea7u v\u1ec1 n\u01b0\u1edbc tinh khi\u1ebft c\u1ee7a c\u1ea3 gia \u0111\u00ecnh ho\u1eb7c v\u0103n ph\u00f2ng.<\/p>\n<\/div>\n<\/div>\n<\/div>\n<div class=\"col-md-12 no_padding no_padding_mb\">\n<div class=\"col-lg-6 col-md-6 col-sm-6 col-xs-12 no_padding relative  no_padding_mb img-resize2\">\n<div class=\"col-lg-2 col-md-2 col-sm-2 col-xs-3  no_padding \">\n<p><img decoding=\"async\" src=\"https:\/\/file.hstatic.net\/1000286959\/file\/icon_san_pham__65x65px__canh_bao_thay_loi_loc.png\" \/><\/p>\n<p><span style=\"font-size: 20.16px; color: #333333;\">H\u1ec7 th\u1ed1ng ki\u1ec3m gi\u00e1m s\u00e1t \u0111i\u1ec7n t\u1eed EMS<\/span><\/p>\n<\/div>\n<div class=\"col-lg-10 col-md-10 col-sm-10 col-xs-9 \">\n<p>H\u1ec7 th\u1ed1ng gi\u00e1m s\u00e1t \u0111i\u1ec7n t\u1eed EMS c\u1ee7a A. O. Smith t\u00edch h\u1ee3p trong s\u1ea3n ph\u1ea9m s\u1ebd theo d\u00f5i v\u00e0 c\u1ea3nh b\u00e1o t\u00ecnh tr\u1ea1ng v\u1eadn h\u00e0nh c\u1ee7a m\u00e1y l\u1ecdc n\u01b0\u1edbc nh\u1eb1m \u0111\u1ea3m b\u1ea3o gia \u0111\u00ecnh b\u1ea1n c\u00f3 ngu\u1ed3n n\u01b0\u1edbc tinh khi\u1ebft nh\u1ea5t. H\u1ec7 th\u1ed1ng bao g\u1ed3m c\u00e1c ch\u1ee9c n\u0103ng:<\/p>\n<ul>\n<li>C\u1ea3nh b\u00e1o thay th\u1ebf l\u00f5i l\u1ecdc<\/li>\n<li>C\u1ea3nh b\u00e1o r\u00f2 r\u1ec9<\/li>\n<li>S\u1ee5c r\u1eeda l\u00f5i l\u1ecdc t\u1ef1 \u0111\u1ed9ng<\/li>\n<li>Van \u0111i\u1ec7n t\u1eeb t\u00edch h\u1ee3p<\/li>\n<li>C\u1ea3nh b\u00e1o l\u1ed7i v\u1eadn h\u00e0nh<\/li>\n<\/ul>\n<\/div>\n<\/div>\n<div class=\"col-lg-6 col-md-6 col-sm-6 col-xs-12 no_padding  no_padding_mb relative img-resize2\">\n<div class=\"col-lg-2 col-md-2 col-sm-2 col-xs-3 no_padding \">\n<p><img decoding=\"async\" src=\"https:\/\/file.hstatic.net\/1000286959\/file\/icon_san_pham__65x65px__ro_shield_copy_5.png\" \/><\/p>\n<p><strong style=\"font-size: 14.4px;\">An to\u00e0n tin c\u1eady<\/strong><\/p>\n<\/div>\n<div class=\"col-lg-10 col-md-10 col-sm-10 col-xs-9 \">\n<p>To\u00e0n b\u1ed9 chi ti\u1ebft c\u1ea5u th\u00e0nh n\u00ean s\u1ea3n ph\u1ea9m m\u00e1y l\u1ecdc n\u01b0\u1edbc A. O. Smith \u0111\u01b0\u1ee3c NSF International (Hi\u1ec7p h\u1ed9i an to\u00e0n th\u1ef1c ph\u1ea9m v\u00e0 n\u01b0\u1edbc u\u1ed1ng qu\u1ed1c t\u1ebf c\u1ee7a M\u1ef9) ki\u1ec3m tra v\u00e0 ch\u1ee9ng nh\u1eadn \u0111\u1ea1t chu\u1ea9n NSF\/ANSI 58 v\u00e0 42.<\/p>\n<\/div>\n<\/div>\n<\/div>\n<div class=\"col-md-12 no_padding no_padding_mb\">\n<div class=\"col-lg-6 col-md-6 col-sm-6 col-xs-12 no_padding no_padding_mb relative img-resize3\">\n<div class=\"col-lg-2 col-md-2 col-sm-2 col-xs-3 no_padding \">\n<p><img decoding=\"async\" src=\"https:\/\/file.hstatic.net\/1000286959\/file\/icon_san_pham__65x65px__khoa_an_toan.png\" \/><\/p>\n<p><strong style=\"font-size: 14.4px;\">Ch\u1ee9c n\u0103ng kh\u00f3a tr\u1ebb em<\/strong><\/p>\n<\/div>\n<div class=\"col-lg-10 col-md-10 col-sm-10 col-xs-9 \">\n<p>Ch\u1ee9c n\u0103ng kh\u00f3a tr\u1ebb em cho c\u1ea3 nh\u00e0 b\u1ea1n an t\u00e2m v\u1edbi \u0111\u1ed9 an to\u00e0n tuy\u1ec7t \u0111\u1ed1i.<\/p>\n<p><span style=\"font-size: 23.04px; color: #333333;\">CHI TI\u1ebeT S\u1ea2N PH\u1ea8M<\/span><\/p>\n<\/div>\n<\/div>\n<\/div>\n<\/div>\n<\/div>\n<\/div>\n<div id=\"tab1\" class=\"product-page gallery padding_top_29 margin_top_40\">\n<div class=\"row\">\n<div class=\"col-lg-12 col-md-12 col-sm-12 col-xs-12 product_detail\">\n<p><img decoding=\"async\" src=\"https:\/\/file.hstatic.net\/1000286959\/file\/h1_1032x900_s2_f69806c317204535b7870b4b495250fd.png\" \/><\/p>\n<p><img decoding=\"async\" src=\"https:\/\/file.hstatic.net\/1000286959\/file\/website_a_o_-_a1-2-09.png\" alt=\"C\u00f4ng-ngh\u1ec7-m\u00e0ng-l\u1ecdc-RO-Side-Stream\" \/><\/p>\n<p><img decoding=\"async\" src=\"https:\/\/file.hstatic.net\/1000286959\/file\/m2_fd081f1b0aec4d1ea358c5a5bd52d95f_2048x2048.png\" \/><\/p>\n<p><img decoding=\"async\" src=\"https:\/\/file.hstatic.net\/1000286959\/file\/h1_l_i_l_c_composite.png\" \/><\/p>\n<p><img decoding=\"async\" src=\"https:\/\/file.hstatic.net\/1000286959\/file\/h1_1032x650_20210423_a6add44cada54c1abe53ec7d21a99e43.png\" \/><\/p>\n<p><img decoding=\"async\" src=\"https:\/\/file.hstatic.net\/1000286959\/file\/h1_co_ng_sua_t_08a585fe5a2c46e9a9b9e561340d473b.png\" \/><\/p>\n<p><img decoding=\"async\" src=\"https:\/\/file.hstatic.net\/1000286959\/file\/dk_la_p_da_t_01_21b31b89ab55433ea811fa6ae2c9d06a.png\" \/><\/p>\n<p><img decoding=\"async\" src=\"https:\/\/file.hstatic.net\/1000286959\/file\/h1_kich_thuoc.png\" \/><\/p>\n<p><span style=\"font-size: 23.04px; color: #333333;\">TH\u00d4NG S\u1ed0 K\u1ef8 THU\u1eacT<\/span><\/p>\n<\/div>\n<\/div>\n<\/div>\n<div id=\"tab2\" class=\"product-page gallery margin_top_40\">\n<div class=\"row\">\n<div class=\"col-lg-12 col-md-12 col-sm-12 col-xs-12  product_specifications\">\n<table border=\"0\">\n<tbody>\n<tr>\n<td>\n<h3><strong>D\u00f2ng s\u1ea3n ph\u1ea9m<\/strong><\/h3>\n<\/td>\n<td>\n<h3><strong>A. O. Smith AR75-A-S-H1<\/strong><\/h3>\n<\/td>\n<\/tr>\n<tr>\n<td>Ch\u1ee9c n\u0103ng<\/td>\n<td><em>N\u01b0\u1edbc th\u01b0\u1eddng &#8211; n\u00f3ng<\/em><\/td>\n<\/tr>\n<tr>\n<td>\u0110i\u1ec7n \u00e1p \u0111\u1ea7u v\u00e0o<\/td>\n<td><em>AC 220V\/ 50 ~ 60HZ<\/em><\/td>\n<\/tr>\n<tr>\n<td>C\u00f4ng su\u1ea5t (t\u1ed5ng)<\/td>\n<td><em>600 W<\/em><\/td>\n<\/tr>\n<tr>\n<td>C\u00f4ng su\u1ea5t n\u00f3ng<\/td>\n<td><em>500 W<\/em><\/td>\n<\/tr>\n<tr>\n<td>Dung t\u00edch b\u00ecnh ch\u1ee9a n\u01b0\u1edbc th\u01b0\u1eddng<\/td>\n<td><em>4.4 L<\/em><\/td>\n<\/tr>\n<tr>\n<td>Dung t\u00edch b\u00ecnh ch\u1ee9a n\u01b0\u1edbc n\u00f3ng<\/td>\n<td><em>1.2 L<\/em><\/td>\n<\/tr>\n<tr>\n<td>\u00c1p su\u1ea5t n\u01b0\u1edbc c\u1ea5p ph\u00f9 h\u1ee3p<\/td>\n<td><em>0.1MPa ~ 0.35MPa<\/em><\/td>\n<\/tr>\n<tr>\n<td>Nhi\u1ec7t \u0111\u1ed9 n\u01b0\u1edbc c\u1ea5p<\/td>\n<td><em>5\uff5e38\u2103<\/em><\/td>\n<\/tr>\n<tr>\n<td>Ch\u1ea5t l\u01b0\u1ee3ng n\u01b0\u1edbc c\u1ea5p<\/td>\n<td><em>N\u01b0\u1edbc m\u00e1y sinh ho\u1ea1t<\/em><\/td>\n<\/tr>\n<tr>\n<td>C\u00f4ng su\u1ea5t l\u1ecdc<\/td>\n<td><em>75 GPD (11.8L\/h)<\/em><\/td>\n<\/tr>\n<tr>\n<td>Ph\u01b0\u01a1ng ph\u00e1p s\u1ee5c r\u1eeda<\/td>\n<td><em>T\u1ef1 \u0111\u1ed9ng l\u00e0m s\u1ea1ch<\/em><\/td>\n<\/tr>\n<tr>\n<td>Xu\u1ea5t x\u1ee9<\/td>\n<td><em>S\u1ea3n ph\u1ea9m c\u1ee7a t\u1eadp \u0111o\u00e0n A. O. Smith Corporation<\/em><\/p>\n<p><em>S\u1ea3n xu\u1ea5t t\u1ea1i nh\u00e0 m\u00e1y A. O. Smith Environmental Products Co., Ltd., Trung Qu\u1ed1c<\/em><\/td>\n<\/tr>\n<tr>\n<td>Tr\u1ecdng l\u01b0\u1ee3ng (Kg)<\/td>\n<td><em>11.5<\/em><\/td>\n<\/tr>\n<tr>\n<td>K\u00edch th\u01b0\u1edbc (R\u1ed9ng x S\u00e2u x Cao) (mm)<\/td>\n<td><em>260 X 420 X 446<\/em><\/td>\n<\/tr>\n<\/tbody>\n<\/table>\n<\/div>\n<\/div>\n<\/div>\n<div id=\"tab4\" class=\"product-page  product-page-basic gallery margin_top_40\">\n<div class=\"row\">\n<div class=\"section-header clearfix\">\n<h2 class=\"section-title title_section   text-center\">H\u00ccNH \u1ea2NH L\u1eaeP \u0110\u1eb6T T\u1ea0I NH\u00c0 KH\u00c1CH H\u00c0NG<\/h2>\n<div class=\"line_\"><\/div>\n<\/div>\n<div class=\"col-lg-12 col-md-12 col-sm-12 col-xs-12 faq\">\n<div id=\"blog\">\n<div class=\"col-md-12 col-sm-12 col-xs-12 no_padding_mb\">\n<div class=\"lSSlideOuter \">\n<div class=\"lSSlideWrapper usingCss\">\n<ul id=\"imageGallery\" class=\"gallery list-unstyled cS-hidden lightSlider lSSlide\">\n<li class=\"clone left\" data-thumb=\"https:\/\/file.hstatic.net\/1000286959\/file\/moi-truong-lap-dat-may-loc-nuoc-aosmith-ar75-a-s-h1-10.jpg\" data-src=\"https:\/\/file.hstatic.net\/1000286959\/file\/moi-truong-lap-dat-may-loc-nuoc-aosmith-ar75-a-s-h1-10.jpg\"><img decoding=\"async\" src=\"https:\/\/file.hstatic.net\/1000286959\/file\/moi-truong-lap-dat-may-loc-nuoc-aosmith-ar75-a-s-h1-10.jpg\" \/><\/li>\n<li class=\"lslide active\" data-thumb=\"https:\/\/file.hstatic.net\/1000286959\/file\/moi-truong-lap-dat-may-loc-nuoc-aosmith-ar75-a-s-h1-4.png\" data-src=\"https:\/\/file.hstatic.net\/1000286959\/file\/moi-truong-lap-dat-may-loc-nuoc-aosmith-ar75-a-s-h1-4.png\"><img decoding=\"async\" src=\"https:\/\/file.hstatic.net\/1000286959\/file\/moi-truong-lap-dat-may-loc-nuoc-aosmith-ar75-a-s-h1-4.png\" \/><\/li>\n<li class=\"lslide\" data-thumb=\"https:\/\/file.hstatic.net\/1000286959\/file\/moi-truong-lap-dat-may-loc-nuoc-aosmith-ar75-a-s-h1.png\" data-src=\"https:\/\/file.hstatic.net\/1000286959\/file\/moi-truong-lap-dat-may-loc-nuoc-aosmith-ar75-a-s-h1.png\"><img decoding=\"async\" src=\"https:\/\/file.hstatic.net\/1000286959\/file\/moi-truong-lap-dat-may-loc-nuoc-aosmith-ar75-a-s-h1.png\" \/><\/li>\n<li class=\"lslide\" data-thumb=\"https:\/\/file.hstatic.net\/1000286959\/file\/moi-truong-lap-dat-may-loc-nuoc-aosmith-ar75-a-s-h1-2.png\" data-src=\"https:\/\/file.hstatic.net\/1000286959\/file\/moi-truong-lap-dat-may-loc-nuoc-aosmith-ar75-a-s-h1-2.png\"><img decoding=\"async\" src=\"https:\/\/file.hstatic.net\/1000286959\/file\/moi-truong-lap-dat-may-loc-nuoc-aosmith-ar75-a-s-h1-2.png\" \/><\/li>\n<li class=\"lslide\" data-thumb=\"https:\/\/file.hstatic.net\/1000286959\/file\/moi-truong-lap-dat-may-loc-nuoc-aosmith-ar75-a-s-h1-3.png\" data-src=\"https:\/\/file.hstatic.net\/1000286959\/file\/moi-truong-lap-dat-may-loc-nuoc-aosmith-ar75-a-s-h1-3.png\"><img decoding=\"async\" src=\"https:\/\/file.hstatic.net\/1000286959\/file\/moi-truong-lap-dat-may-loc-nuoc-aosmith-ar75-a-s-h1-3.png\" \/><\/li>\n<li class=\"lslide\" data-thumb=\"https:\/\/file.hstatic.net\/1000286959\/file\/moi-truong-lap-dat-may-loc-nuoc-aosmith-ar75-a-s-h1-5.jpg\" data-src=\"https:\/\/file.hstatic.net\/1000286959\/file\/moi-truong-lap-dat-may-loc-nuoc-aosmith-ar75-a-s-h1-5.jpg\"><img decoding=\"async\" src=\"https:\/\/file.hstatic.net\/1000286959\/file\/moi-truong-lap-dat-may-loc-nuoc-aosmith-ar75-a-s-h1-5.jpg\" \/><\/li>\n<li class=\"lslide\" data-thumb=\"https:\/\/file.hstatic.net\/1000286959\/file\/moi-truong-lap-dat-may-loc-nuoc-aosmith-ar75-a-s-h1-6.jpg\" data-src=\"https:\/\/file.hstatic.net\/1000286959\/file\/moi-truong-lap-dat-may-loc-nuoc-aosmith-ar75-a-s-h1-6.jpg\"><img decoding=\"async\" src=\"https:\/\/file.hstatic.net\/1000286959\/file\/moi-truong-lap-dat-may-loc-nuoc-aosmith-ar75-a-s-h1-6.jpg\" \/><\/li>\n<li class=\"lslide\" data-thumb=\"https:\/\/file.hstatic.net\/1000286959\/file\/moi-truong-lap-dat-may-loc-nuoc-aosmith-ar75-a-s-h1-7.jpg\" data-src=\"https:\/\/file.hstatic.net\/1000286959\/file\/moi-truong-lap-dat-may-loc-nuoc-aosmith-ar75-a-s-h1-7.jpg\"><img decoding=\"async\" src=\"https:\/\/file.hstatic.net\/1000286959\/file\/moi-truong-lap-dat-may-loc-nuoc-aosmith-ar75-a-s-h1-7.jpg\" \/><\/li>\n<li class=\"lslide\" data-thumb=\"https:\/\/file.hstatic.net\/1000286959\/file\/moi-truong-lap-dat-may-loc-nuoc-aosmith-ar75-a-s-h1-8.jpg\" data-src=\"https:\/\/file.hstatic.net\/1000286959\/file\/moi-truong-lap-dat-may-loc-nuoc-aosmith-ar75-a-s-h1-8.jpg\"><img decoding=\"async\" src=\"https:\/\/file.hstatic.net\/1000286959\/file\/moi-truong-lap-dat-may-loc-nuoc-aosmith-ar75-a-s-h1-8.jpg\" \/><\/li>\n<li class=\"lslide\" data-thumb=\"https:\/\/file.hstatic.net\/1000286959\/file\/moi-truong-lap-dat-may-loc-nuoc-aosmith-ar75-a-s-h1-9.jpg\" data-src=\"https:\/\/file.hstatic.net\/1000286959\/file\/moi-truong-lap-dat-may-loc-nuoc-aosmith-ar75-a-s-h1-9.jpg\"><img decoding=\"async\" src=\"https:\/\/file.hstatic.net\/1000286959\/file\/moi-truong-lap-dat-may-loc-nuoc-aosmith-ar75-a-s-h1-9.jpg\" \/><\/li>\n<li class=\"lslide\" data-thumb=\"https:\/\/file.hstatic.net\/1000286959\/file\/moi-truong-lap-dat-may-loc-nuoc-aosmith-ar75-a-s-h1-10.jpg\" data-src=\"https:\/\/file.hstatic.net\/1000286959\/file\/moi-truong-lap-dat-may-loc-nuoc-aosmith-ar75-a-s-h1-10.jpg\"><img decoding=\"async\" src=\"https:\/\/file.hstatic.net\/1000286959\/file\/moi-truong-lap-dat-may-loc-nuoc-aosmith-ar75-a-s-h1-10.jpg\" \/><\/li>\n<li class=\"clone right\" data-thumb=\"https:\/\/file.hstatic.net\/1000286959\/file\/moi-truong-lap-dat-may-loc-nuoc-aosmith-ar75-a-s-h1-4.png\" data-src=\"https:\/\/file.hstatic.net\/1000286959\/file\/moi-truong-lap-dat-may-loc-nuoc-aosmith-ar75-a-s-h1-4.png\"><img decoding=\"async\" src=\"https:\/\/file.hstatic.net\/1000286959\/file\/moi-truong-lap-dat-may-loc-nuoc-aosmith-ar75-a-s-h1-4.png\" \/><\/li>\n<\/ul>\n<div class=\"lSAction\"><\/div>\n<\/div>\n<ul class=\"lSPager lSGallery\">\n<li class=\"active\"><a href=\"https:\/\/www.aosmith.com.vn\/products\/may-loc-nuoc-ro-side-stream-a-o-smith-ar75-a-s-h1#\" target=\"_blank\" rel=\"noopener\"><img decoding=\"async\" src=\"https:\/\/file.hstatic.net\/1000286959\/file\/moi-truong-lap-dat-may-loc-nuoc-aosmith-ar75-a-s-h1-4.png\" \/><\/a><\/li>\n<li><a href=\"https:\/\/www.aosmith.com.vn\/products\/may-loc-nuoc-ro-side-stream-a-o-smith-ar75-a-s-h1#\" target=\"_blank\" rel=\"noopener\"><img decoding=\"async\" src=\"https:\/\/file.hstatic.net\/1000286959\/file\/moi-truong-lap-dat-may-loc-nuoc-aosmith-ar75-a-s-h1.png\" \/><\/a><\/li>\n<li><a href=\"https:\/\/www.aosmith.com.vn\/products\/may-loc-nuoc-ro-side-stream-a-o-smith-ar75-a-s-h1#\" target=\"_blank\" rel=\"noopener\"><img decoding=\"async\" src=\"https:\/\/file.hstatic.net\/1000286959\/file\/moi-truong-lap-dat-may-loc-nuoc-aosmith-ar75-a-s-h1-2.png\" \/><\/a><\/li>\n<li><a href=\"https:\/\/www.aosmith.com.vn\/products\/may-loc-nuoc-ro-side-stream-a-o-smith-ar75-a-s-h1#\" target=\"_blank\" rel=\"noopener\"><img decoding=\"async\" src=\"https:\/\/file.hstatic.net\/1000286959\/file\/moi-truong-lap-dat-may-loc-nuoc-aosmith-ar75-a-s-h1-3.png\" \/><\/a><\/li>\n<li><a href=\"https:\/\/www.aosmith.com.vn\/products\/may-loc-nuoc-ro-side-stream-a-o-smith-ar75-a-s-h1#\" target=\"_blank\" rel=\"noopener\"><img decoding=\"async\" src=\"https:\/\/file.hstatic.net\/1000286959\/file\/moi-truong-lap-dat-may-loc-nuoc-aosmith-ar75-a-s-h1-5.jpg\" \/><\/a><\/li>\n<li><a href=\"https:\/\/www.aosmith.com.vn\/products\/may-loc-nuoc-ro-side-stream-a-o-smith-ar75-a-s-h1#\" target=\"_blank\" rel=\"noopener\"><img decoding=\"async\" src=\"https:\/\/file.hstatic.net\/1000286959\/file\/moi-truong-lap-dat-may-loc-nuoc-aosmith-ar75-a-s-h1-6.jpg\" \/><\/a><\/li>\n<li><a href=\"https:\/\/www.aosmith.com.vn\/products\/may-loc-nuoc-ro-side-stream-a-o-smith-ar75-a-s-h1#\" target=\"_blank\" rel=\"noopener\"><img decoding=\"async\" src=\"https:\/\/file.hstatic.net\/1000286959\/file\/moi-truong-lap-dat-may-loc-nuoc-aosmith-ar75-a-s-h1-7.jpg\" \/><\/a><\/li>\n<li><a href=\"https:\/\/www.aosmith.com.vn\/products\/may-loc-nuoc-ro-side-stream-a-o-smith-ar75-a-s-h1#\" target=\"_blank\" rel=\"noopener\"><img decoding=\"async\" src=\"https:\/\/file.hstatic.net\/1000286959\/file\/moi-truong-lap-dat-may-loc-nuoc-aosmith-ar75-a-s-h1-8.jpg\" \/><\/a><\/li>\n<li><a href=\"https:\/\/www.aosmith.com.vn\/products\/may-loc-nuoc-ro-side-stream-a-o-smith-ar75-a-s-h1#\" target=\"_blank\" rel=\"noopener\"><img decoding=\"async\" src=\"https:\/\/file.hstatic.net\/1000286959\/file\/moi-truong-lap-dat-may-loc-nuoc-aosmith-ar75-a-s-h1-9.jpg\" \/><\/a><\/li>\n<li><a href=\"https:\/\/www.aosmith.com.vn\/products\/may-loc-nuoc-ro-side-stream-a-o-smith-ar75-a-s-h1#\" target=\"_blank\" rel=\"noopener\"><img decoding=\"async\" src=\"https:\/\/file.hstatic.net\/1000286959\/file\/moi-truong-lap-dat-may-loc-nuoc-aosmith-ar75-a-s-h1-10.jpg\" \/><\/a><\/li>\n<\/ul>\n<\/div>\n<\/div>\n<\/div>\n<\/div>\n<\/div>\n<\/div>\n<div id=\"tab3\" class=\"product-page margin_top_40\">\n<div class=\"row\">\n<div class=\"section-header clearfix\"><\/div>\n<\/div>\n<\/div>\n","protected":false},"excerpt":{"rendered":"<p>C\u00f4ng ngh\u1ec7 RO &#8211; Side Stream: Gi\u00fap gi\u1ea3m \u0111\u00e1ng k\u1ec3 l\u01b0\u1ee3ng n\u01b0\u1edbc th\u1ea3i, cho t\u1ec9 l\u1ec7 n\u01b0\u1edbc th\u1ea3i : n\u01b0\u1edbc tinh khi\u1ebft l\u00e0 1:1, v\u00e0 k\u00e9o d\u00e0i tu\u1ed5i th\u1ecd m\u00e0ng l\u1ecdc \u0111\u1ebfn 3 n\u0103m.<\/p>\n<p>Ti\u1ec7n nghi h\u01a1n v\u1edbi ch\u1ee9c n\u0103ng n\u01b0\u1edbc n\u00f3ng \u2013 th\u01b0\u1eddng.<\/p>\n<p>M\u00e0n h\u00ecnh \u0111i\u1ec1u khi\u1ec3n c\u1ea3m \u1ee9ng.<\/p>\n<p>Kh\u00f3a tr\u1ebb em an to\u00e0n tuy\u1ec7t \u0111\u1ed1i.<\/p>\n<p>A. O. Smith &#8211; Th\u01b0\u01a1ng hi\u1ec7u m\u00e1y l\u1ecdc n\u01b0\u1edbc xu\u1ea5t s\u1eafc nh\u1ea5t Vi\u1ec7t Nam 2 n\u0103m li\u00ean ti\u1ebfp\u00a02021 &amp; 2022 do ng\u01b0\u1eddi ti\u00eau d\u00f9ng v\u00e0 c\u00e1c chuy\u00ean gia c\u00f4ng ngh\u1ec7 b\u00ecnh ch\u1ecdn t\u1ea1i gi\u1ea3i th\u01b0\u1edfng\u00a0Tech Awards.<\/p>\n","protected":false},"featured_media":3626,"comment_status":"open","ping_status":"closed","template":"","meta":[],"product_brand":[],"product_cat":[83,107],"product_tag":[],"class_list":{"0":"post-3625","1":"product","2":"type-product","3":"status-publish","4":"has-post-thumbnail","6":"product_cat-may-loc-nuoc","7":"product_cat-ao-smith","9":"first","10":"instock","11":"shipping-taxable","12":"product-type-simple"},"_links":{"self":[{"href":"https:\/\/nhadepbepxinh.com.vn\/index.php?rest_route=\/wp\/v2\/product\/3625","targetHints":{"allow":["GET"]}}],"collection":[{"href":"https:\/\/nhadepbepxinh.com.vn\/index.php?rest_route=\/wp\/v2\/product"}],"about":[{"href":"https:\/\/nhadepbepxinh.com.vn\/index.php?rest_route=\/wp\/v2\/types\/product"}],"replies":[{"embeddable":true,"href":"https:\/\/nhadepbepxinh.com.vn\/index.php?rest_route=%2Fwp%2Fv2%2Fcomments&post=3625"}],"wp:featuredmedia":[{"embeddable":true,"href":"https:\/\/nhadepbepxinh.com.vn\/index.php?rest_route=\/wp\/v2\/media\/3626"}],"wp:attachment":[{"href":"https:\/\/nhadepbepxinh.com.vn\/index.php?rest_route=%2Fwp%2Fv2%2Fmedia&parent=3625"}],"wp:term":[{"taxonomy":"product_brand","embeddable":true,"href":"https:\/\/nhadepbepxinh.com.vn\/index.php?rest_route=%2Fwp%2Fv2%2Fproduct_brand&post=3625"},{"taxonomy":"product_cat","embeddable":true,"href":"https:\/\/nhadepbepxinh.com.vn\/index.php?rest_route=%2Fwp%2Fv2%2Fproduct_cat&post=3625"},{"taxonomy":"product_tag","embeddable":true,"href":"https:\/\/nhadepbepxinh.com.vn\/index.php?rest_route=%2Fwp%2Fv2%2Fproduct_tag&post=3625"}],"curies":[{"name":"wp","href":"https:\/\/api.w.org\/{rel}","templated":true}]}}