{"id":3610,"date":"2025-04-04T12:36:05","date_gmt":"2025-04-04T05:36:05","guid":{"rendered":"https:\/\/nhadepbepxinh.com.vn\/?post_type=product&#038;p=3610"},"modified":"2025-04-04T12:36:05","modified_gmt":"2025-04-04T05:36:05","slug":"may-loc-nuoc-a-o-smith-z7","status":"publish","type":"product","link":"https:\/\/nhadepbepxinh.com.vn\/?product=may-loc-nuoc-a-o-smith-z7","title":{"rendered":"MA\u0301Y LO\u0323C N\u01af\u01a0\u0301C A. O. Smith Z7"},"content":{"rendered":"<div id=\"tab0\" class=\"bg_white gallery margin_top_40 no_padding_mb\">\n<div class=\"\">\n<div class=\"section-header clearfix\">\n<h2 class=\"section-title title_section   text-center\">T\u00cdNH N\u0102NG N\u1ed4I B\u1eacT<\/h2>\n<\/div>\n<div class=\"clearfix product_function\">\n<div class=\"col-md-12 no_padding no_padding_mb\">\n<div class=\"col-lg-6 col-md-6 col-sm-6 col-xs-12 relative no_padding no_padding_mb img-resize1 \">\n<div class=\"col-lg-2 col-md-2 col-sm-2 col-xs-3 no_padding \">\n<p><img decoding=\"async\" src=\"https:\/\/file.hstatic.net\/1000286959\/file\/icon_san_pham__65x65px__ro_shield_grande.png\" \/><\/p>\n<p><strong style=\"font-size: 14.4px;\">C\u00f4ng ngh\u1ec7 RO &#8211; Side Stream b\u1ea3n quy\u1ec1n M\u1ef9<\/strong><\/p>\n<\/div>\n<div class=\"col-lg-10 col-md-10 col-sm-10 col-xs-9 \">\n<p>M\u00e0ng l\u1ecdc RO \u2013 Side Stream l\u00e0 ph\u00e1t minh \u0111\u1ed9t ph\u00e1 c\u1ee7a A. O. Smith, \u0111\u01b0\u1ee3c c\u1ea5p b\u1ea3n quy\u1ec1n s\u00e1ng ch\u1ebf t\u1ea1i M\u1ef9 (patent US8,337,698 B2), gi\u00fap n\u00e2ng cao hi\u1ec7u su\u1ea5t s\u1eed d\u1ee5ng, t\u0103ng t\u1ef7 l\u1ec7 n\u01b0\u1edbc tinh khi\u1ebft, gi\u1ea3m t\u1ef7 l\u1ec7 n\u01b0\u1edbc th\u1ea3i,\u00a0 cho t\u1ef7 l\u1ec7 n\u01b0\u1edbc th\u1ea3i : n\u01b0\u1edbc tinh khi\u1ebft l\u00e0 1:1 v\u00e0 k\u00e9o d\u00e0i tu\u1ed5i th\u1ecd l\u00f5i l\u1ecdc so v\u1edbi m\u00e0ng l\u1ecdc RO th\u01b0\u1eddng, mang \u0111\u1ebfn \u201cGi\u1ea3i ph\u00e1p ti\u1ebft ki\u1ec7m to\u00e0n di\u1ec7n\u201d cho ng\u01b0\u1eddi s\u1eed d\u1ee5ng. M\u00e0ng l\u1ecdc RO \u2013 Side Stream lo\u1ea1i s\u1ea1ch\u00a0kim lo\u1ea1i n\u1eb7ng (Asen, ch\u00ec, th\u1ee7y ng\u00e2n\u2026) v\u00e0 c\u00e1c vi khu\u1ea9n c\u00f3 h\u1ea1i.<\/p>\n<\/div>\n<\/div>\n<div class=\"col-lg-6 col-md-6 col-sm-6 col-xs-12 no_padding no_padding_mb relative img-resize1\">\n<div class=\"col-lg-2 col-md-2 col-sm-2 col-xs-3 no_padding \">\n<p><img decoding=\"async\" src=\"https:\/\/file.hstatic.net\/1000286959\/file\/1._icon_mintech_fafa073c6e26401ab0b124c36e36935d_grande.png\" \/><\/p>\n<p><span style=\"font-size: 20.16px; color: #333333;\">B\u1ea3o v\u1ec7 g\u1ea5p \u0111\u00f4i v\u1edbi l\u00f5i l\u1ecdc GAC Min-Tech<\/span><\/p>\n<\/div>\n<div class=\"col-lg-10 col-md-10 col-sm-10 col-xs-9 \">\n<p>L\u00f5i l\u1ecdc GAC Min-Tech gi\u00fap kh\u1eed m\u00f9i, \u0111i\u1ec1u ch\u1ec9nh v\u1ecb v\u00e0 b\u1ed5 sung kho\u00e1ng ch\u1ea5t thi\u1ebft y\u1ebfu cho n\u01b0\u1edbc, \u0111\u1ea3m b\u1ea3o n\u01b0\u1edbc c\u00f3 v\u1ecb t\u01b0\u01a1i, t\u1ef1 nhi\u00ean v\u00e0 c\u00f3 \u0111\u1ed9 pH c\u00e2n b\u1eb1ng.<\/p>\n<\/div>\n<\/div>\n<\/div>\n<div class=\"col-md-12 no_padding no_padding_mb\">\n<div class=\"col-lg-6 col-md-6 col-sm-6 col-xs-12 no_padding relative  no_padding_mb img-resize2\">\n<div class=\"col-lg-2 col-md-2 col-sm-2 col-xs-3  no_padding \">\n<p><img decoding=\"async\" src=\"https:\/\/file.hstatic.net\/1000286959\/file\/icon_san_pham__65x65px__nuoc_nong_tien_loi.png\" \/><\/p>\n<p><strong style=\"font-size: 14.4px;\">Ch\u1ebf \u0111\u1ed9 n\u01b0\u1edbc n\u00f3ng ti\u1ec7n l\u1ee3i<\/strong><\/p>\n<\/div>\n<div class=\"col-lg-10 col-md-10 col-sm-10 col-xs-9 \">\n<p>M\u00e1y l\u1ecdc n\u01b0\u1edbc A. O. Smith Z7 c\u00f3 2 ch\u1ebf \u0111\u1ed9 n\u01b0\u1edbc n\u00f3ng &#8211; th\u01b0\u1eddng, v\u1edbi dung t\u00edch b\u00ecnh ch\u1ee9a \u0111\u1ebfn\u00a09.2\/0.8L (th\u01b0\u1eddng\/n\u00f3ng).<\/p>\n<p>Khi c\u1ea7n n\u01b0\u1edbc n\u00f3ng \u0111\u1ec3 pha tr\u00e0, s\u1eefa, c\u00e0 ph\u00ea&#8230;, b\u1ea1n ch\u1ec9 c\u1ea7n nh\u1ea5n n\u00fat \u0111un s\u00f4i, sau kho\u1ea3ng v\u00e0i ph\u00fat s\u1ebd c\u00f3 ngay n\u01b0\u1edbc n\u00f3ng \u0111\u1ebfn 90 \u0111\u1ed9 C, v\u00f4 c\u00f9ng ti\u1ec7n l\u1ee3i.\u00a0Khi n\u01b0\u1edbc s\u00f4i th\u00ec m\u00e1y s\u1ebd t\u1ef1 \u0111\u1ed9ng ng\u1eaft ngu\u1ed3n c\u1ea5p \u0111\u1ec3 ti\u1ebft ki\u1ec7m \u0111i\u1ec7n v\u00e0 hi\u1ec3n th\u1ecb HO.<\/p>\n<\/div>\n<\/div>\n<div class=\"col-lg-6 col-md-6 col-sm-6 col-xs-12 no_padding  no_padding_mb relative img-resize2\">\n<div class=\"col-lg-2 col-md-2 col-sm-2 col-xs-3 no_padding \">\n<p><img decoding=\"async\" src=\"https:\/\/file.hstatic.net\/1000286959\/file\/icon_san_pham__65x65px__mot_cham.png\" \/><\/p>\n<p><strong style=\"font-size: 14.4px;\">M\u1ed9t ch\u1ea1m \u0111\u1ec3 l\u1ea5y n\u01b0\u1edbc<\/strong><\/p>\n<\/div>\n<div class=\"col-lg-10 col-md-10 col-sm-10 col-xs-9 \">\n<p>N\u00fat nh\u1ea5n l\u1ea5y n\u01b0\u1edbc \u0111\u01b0\u1ee3c \u0111i\u1ec1u khi\u1ec3n b\u1eb1ng \u0111i\u1ec7n hi\u1ec7n \u0111\u1ea1i v\u00e0 ti\u1ec7n nghi cho ng\u01b0\u1eddi s\u1eed d\u1ee5ng.<\/p>\n<\/div>\n<\/div>\n<\/div>\n<div class=\"col-md-12 no_padding no_padding_mb\">\n<div class=\"col-lg-6 col-md-6 col-sm-6 col-xs-12 no_padding no_padding_mb relative img-resize3\">\n<div class=\"col-lg-2 col-md-2 col-sm-2 col-xs-3 no_padding \">\n<p><img decoding=\"async\" src=\"https:\/\/file.hstatic.net\/1000286959\/file\/icon_san_pham__65x65px__khoa_an_toan_grande.png\" \/><\/p>\n<p><strong style=\"font-size: 14.4px;\">Ch\u1ee9c n\u0103ng kh\u00f3a tr\u1ebb em<\/strong><\/p>\n<\/div>\n<div class=\"col-lg-10 col-md-10 col-sm-10 col-xs-9 \">\n<p>Ch\u1ee9c n\u0103ng kh\u00f3a tr\u1ebb em cho c\u1ea3 nh\u00e0 b\u1ea1n an t\u00e2m v\u1edbi \u0111\u1ed9 an to\u00e0n tuy\u1ec7t \u0111\u1ed1i.<\/p>\n<p><span style=\"font-size: 23.04px; color: #333333;\">CHI TI\u1ebeT S\u1ea2N PH\u1ea8M<\/span><\/p>\n<\/div>\n<\/div>\n<\/div>\n<\/div>\n<\/div>\n<\/div>\n<div id=\"tab1\" class=\"product-page gallery padding_top_29 margin_top_40\">\n<div class=\"row\">\n<div class=\"col-lg-12 col-md-12 col-sm-12 col-xs-12 product_detail\">\n<p><img decoding=\"async\" src=\"https:\/\/file.hstatic.net\/1000286959\/file\/banner_web_z7_-_2022_1032x900_-_z4_8ae58b7dd7f340e49a7e2fec5db544de_2048x2048.jpg\" \/><\/p>\n<p><img decoding=\"async\" src=\"https:\/\/file.hstatic.net\/1000286959\/file\/website_a_o_-_a1-2-09.png\" alt=\"C\u00f4ng-ngh\u1ec7-m\u00e0ng-l\u1ecdc-RO-Side-Stream\" \/><\/p>\n<p><img decoding=\"async\" src=\"https:\/\/file.hstatic.net\/1000286959\/file\/z7-buocloc_9ac89bf56890431e88057d4ee3be4f23.png\" \/><\/p>\n<p><img decoding=\"async\" src=\"https:\/\/file.hstatic.net\/1000286959\/file\/banner_web_z7_-_2022_cong_suat_-_z4_dfa1242441654eae8cf940bdbec9b0b2_2048x2048.jpg\" \/><\/p>\n<p><img decoding=\"async\" src=\"https:\/\/file.hstatic.net\/1000286959\/file\/banner_web_z7_-_2022_suc_rua_tu_dong_-_z4_5c02775d68374d409dc16a90a39e948e_2048x2048.jpg\" \/><\/p>\n<p><img decoding=\"async\" src=\"https:\/\/file.hstatic.net\/1000286959\/file\/dk_lap_dat_z7_anh_web_e56713157f634c40b18f05f607379d35.png\" \/><\/p>\n<p><img decoding=\"async\" src=\"https:\/\/file.hstatic.net\/1000286959\/file\/banner_web_z7_-_2022_loi_loc_-_z4_c69feda78aa444b099ead9a90134b71c_2048x2048.jpg\" \/><\/p>\n<p><span style=\"font-size: 23.04px; color: #333333;\">TH\u00d4NG S\u1ed0 K\u1ef8 THU\u1eacT<\/span><\/p>\n<\/div>\n<\/div>\n<\/div>\n<div id=\"tab2\" class=\"product-page gallery margin_top_40\">\n<div class=\"row\">\n<div class=\"col-lg-12 col-md-12 col-sm-12 col-xs-12  product_specifications\">\n<table border=\"0\">\n<tbody>\n<tr>\n<td>\n<h3><strong>D\u00f2ng s\u1ea3n ph\u1ea9m<\/strong><\/h3>\n<\/td>\n<td>\n<h3><strong>A. O. Smith Z7<\/strong><\/h3>\n<\/td>\n<\/tr>\n<tr>\n<td>Ch\u1ee9c n\u0103ng<\/td>\n<td><em>N\u01b0\u1edbc th\u01b0\u1eddng &#8211; n\u00f3ng<\/em><\/td>\n<\/tr>\n<tr>\n<td>\u0110i\u1ec7n \u00e1p \u0111\u1ea7u v\u00e0o<\/td>\n<td><em>AC 220V\/ 50HZ<\/em><\/td>\n<\/tr>\n<tr>\n<td>C\u00f4ng su\u1ea5t (t\u1ed5ng)<\/td>\n<td><em>450W<\/em><\/td>\n<\/tr>\n<tr>\n<td>Dung t\u00edch b\u00ecnh ch\u1ee9a n\u01b0\u1edbc th\u01b0\u1eddng<\/td>\n<td><em>9.2 L<\/em><\/td>\n<\/tr>\n<tr>\n<td>Dung t\u00edch b\u00ecnh ch\u1ee9a n\u01b0\u1edbc n\u00f3ng<\/td>\n<td><em>0.8L<\/em><\/td>\n<\/tr>\n<tr>\n<td>\u00c1p su\u1ea5t n\u01b0\u1edbc c\u1ea5p ph\u00f9 h\u1ee3p<\/td>\n<td><em>0.05 MPa &#8211; 0.2 MPa (7psi &#8211; 30psi)<\/em><\/td>\n<\/tr>\n<tr>\n<td>Nhi\u1ec7t \u0111\u1ed9 n\u01b0\u1edbc c\u1ea5p<\/td>\n<td><em>5\uff5e45\u2103<\/em><\/td>\n<\/tr>\n<tr>\n<td>Ch\u1ea5t l\u01b0\u1ee3ng n\u01b0\u1edbc c\u1ea5p<\/td>\n<td><em>N\u01b0\u1edbc m\u00e1y sinh ho\u1ea1t<\/em><\/td>\n<\/tr>\n<tr>\n<td>C\u00f4ng su\u1ea5t l\u1ecdc<\/td>\n<td><em>75 GPD (11.8L\/h)<\/em><\/td>\n<\/tr>\n<tr>\n<td>Ph\u01b0\u01a1ng ph\u00e1p s\u1ee5c r\u1eeda<\/td>\n<td><em>T\u1ef1 \u0111\u1ed9ng l\u00e0m s\u1ea1ch<\/em><\/td>\n<\/tr>\n<tr>\n<td>Xu\u1ea5t x\u1ee9<\/td>\n<td><em>S\u1ea3n ph\u1ea9m c\u1ee7a t\u1eadp \u0111o\u00e0n A. O. Smith Corporation<\/em><\/p>\n<p><em>S\u1ea3n xu\u1ea5t t\u1ea1i nh\u00e0 m\u00e1y A. O. Smith &#8211; India Water Product Private Limited., \u1ea4n \u0110\u1ed9<\/em><\/td>\n<\/tr>\n<tr>\n<td>Tr\u1ecdng l\u01b0\u1ee3ng (Kg)<\/td>\n<td><em>15.2<\/em><\/td>\n<\/tr>\n<tr>\n<td>K\u00edch th\u01b0\u1edbc (R\u1ed9ng x S\u00e2u x Cao) (mm)<\/td>\n<td>326x369x482<\/td>\n<\/tr>\n<\/tbody>\n<\/table>\n<\/div>\n<\/div>\n<\/div>\n<div id=\"tab4\" class=\"product-page  product-page-basic gallery margin_top_40\">\n<div class=\"row\">\n<div class=\"section-header clearfix\">\n<h2 class=\"section-title title_section   text-center\">H\u00ccNH \u1ea2NH L\u1eaeP \u0110\u1eb6T T\u1ea0I NH\u00c0 KH\u00c1CH H\u00c0NG<\/h2>\n<\/div>\n<div class=\"col-lg-12 col-md-12 col-sm-12 col-xs-12 faq\">\n<div id=\"blog\">\n<div class=\"col-md-12 col-sm-12 col-xs-12 no_padding_mb\">\n<div class=\"lSSlideOuter \">\n<div class=\"lSSlideWrapper usingCss\">\n<ul id=\"imageGallery\" class=\"gallery list-unstyled cS-hidden lightSlider lSSlide\">\n<li class=\"clone left\" data-thumb=\"https:\/\/file.hstatic.net\/1000286959\/file\/moi-truong-lap-dat-may-loc-nuoc-aosmith-z7.jpg\" data-src=\"https:\/\/file.hstatic.net\/1000286959\/file\/moi-truong-lap-dat-may-loc-nuoc-aosmith-z7.jpg\"><img decoding=\"async\" src=\"https:\/\/file.hstatic.net\/1000286959\/file\/moi-truong-lap-dat-may-loc-nuoc-aosmith-z7.jpg\" \/><\/li>\n<li class=\"lslide active\" data-thumb=\"https:\/\/file.hstatic.net\/1000286959\/file\/moi-truong-lap-dat-may-loc-nuoc-aosmith-z7.jpg\" data-src=\"https:\/\/file.hstatic.net\/1000286959\/file\/moi-truong-lap-dat-may-loc-nuoc-aosmith-z7.jpg\"><img decoding=\"async\" src=\"https:\/\/file.hstatic.net\/1000286959\/file\/moi-truong-lap-dat-may-loc-nuoc-aosmith-z7.jpg\" \/><\/li>\n<li class=\"clone right\" data-thumb=\"https:\/\/file.hstatic.net\/1000286959\/file\/moi-truong-lap-dat-may-loc-nuoc-aosmith-z7.jpg\" data-src=\"https:\/\/file.hstatic.net\/1000286959\/file\/moi-truong-lap-dat-may-loc-nuoc-aosmith-z7.jpg\"><img decoding=\"async\" src=\"https:\/\/file.hstatic.net\/1000286959\/file\/moi-truong-lap-dat-may-loc-nuoc-aosmith-z7.jpg\" \/><\/li>\n<\/ul>\n<div class=\"lSAction\"><\/div>\n<\/div>\n<ul class=\"lSPager lSGallery\">\n<li class=\"active\"><a href=\"https:\/\/www.aosmith.com.vn\/products\/may-loc-nuoc-ro-side-stream-a-o-smith-z7#\" target=\"_blank\" rel=\"noopener\"><img decoding=\"async\" src=\"https:\/\/file.hstatic.net\/1000286959\/file\/moi-truong-lap-dat-may-loc-nuoc-aosmith-z7.jpg\" \/><\/a><\/li>\n<\/ul>\n<\/div>\n<\/div>\n<\/div>\n<\/div>\n<\/div>\n<\/div>\n<div id=\"tab3\" class=\"product-page margin_top_40\">\n<div class=\"row\">\n<div class=\"section-header clearfix\"><\/div>\n<\/div>\n<\/div>\n","protected":false},"excerpt":{"rendered":"<p>Ch\u1ebf \u0111\u1ed9 n\u01b0\u1edbc n\u00f3ng ti\u1ec7n l\u1ee3i c\u00f9ng v\u1edbi ch\u1ee9c n\u0103ng kh\u00f3a tr\u1ebb em an to\u00e0n.<\/p>\n<p>&nbsp;<\/p>\n<p>L\u00f5i l\u1ecdc GAC Min-Tech:\u00a0kh\u1eed m\u00f9i, \u0111i\u1ec1u ch\u1ec9nh v\u1ecb v\u00e0 b\u1ed5 sung kho\u00e1ng ch\u1ea5t thi\u1ebft y\u1ebfu cho n\u01b0\u1edbc, \u0111\u1ea3m b\u1ea3o n\u01b0\u1edbc c\u00f3 v\u1ecb t\u01b0\u01a1i, t\u1ef1 nhi\u00ean v\u00e0 c\u00f3 \u0111\u1ed9 pH c\u00e2n b\u1eb1ng.<\/p>\n<p>C\u00f4ng ngh\u1ec7 m\u00e0ng l\u1ecdc RO \u2013 Side Stream: gi\u00fap gi\u1ea3m l\u01b0\u1ee3ng n\u01b0\u1edbc th\u1ea3i, k\u00e9o d\u00e0i tu\u1ed5i th\u1ecd m\u00e0ng l\u1ecdc \u0111\u1ebfn 3 n\u0103m.<\/p>\n<p>\u0110\u00e8n ph\u1ea3n quang ti\u1ec7n l\u1ee3i h\u1ed7 tr\u1ee3 l\u1ea5y n\u01b0\u1edbc v\u00e0o ban \u0111\u00eam.<\/p>\n<p>A. O. Smith &#8211; Th\u01b0\u01a1ng hi\u1ec7u m\u00e1y l\u1ecdc n\u01b0\u1edbc xu\u1ea5t s\u1eafc nh\u1ea5t Vi\u1ec7t Nam 2 n\u0103m li\u00ean ti\u1ebfp 2021 &amp; 2022 do ng\u01b0\u1eddi ti\u00eau d\u00f9ng v\u00e0 c\u00e1c chuy\u00ean gia c\u00f4ng ngh\u1ec7 b\u00ecnh ch\u1ecdn t\u1ea1i gi\u1ea3i th\u01b0\u1edfng\u00a0Tech Awards.<\/p>\n","protected":false},"featured_media":3611,"comment_status":"open","ping_status":"closed","template":"","meta":[],"product_brand":[],"product_cat":[83,107],"product_tag":[],"class_list":{"0":"post-3610","1":"product","2":"type-product","3":"status-publish","4":"has-post-thumbnail","6":"product_cat-may-loc-nuoc","7":"product_cat-ao-smith","9":"first","10":"instock","11":"shipping-taxable","12":"product-type-simple"},"_links":{"self":[{"href":"https:\/\/nhadepbepxinh.com.vn\/index.php?rest_route=\/wp\/v2\/product\/3610","targetHints":{"allow":["GET"]}}],"collection":[{"href":"https:\/\/nhadepbepxinh.com.vn\/index.php?rest_route=\/wp\/v2\/product"}],"about":[{"href":"https:\/\/nhadepbepxinh.com.vn\/index.php?rest_route=\/wp\/v2\/types\/product"}],"replies":[{"embeddable":true,"href":"https:\/\/nhadepbepxinh.com.vn\/index.php?rest_route=%2Fwp%2Fv2%2Fcomments&post=3610"}],"wp:featuredmedia":[{"embeddable":true,"href":"https:\/\/nhadepbepxinh.com.vn\/index.php?rest_route=\/wp\/v2\/media\/3611"}],"wp:attachment":[{"href":"https:\/\/nhadepbepxinh.com.vn\/index.php?rest_route=%2Fwp%2Fv2%2Fmedia&parent=3610"}],"wp:term":[{"taxonomy":"product_brand","embeddable":true,"href":"https:\/\/nhadepbepxinh.com.vn\/index.php?rest_route=%2Fwp%2Fv2%2Fproduct_brand&post=3610"},{"taxonomy":"product_cat","embeddable":true,"href":"https:\/\/nhadepbepxinh.com.vn\/index.php?rest_route=%2Fwp%2Fv2%2Fproduct_cat&post=3610"},{"taxonomy":"product_tag","embeddable":true,"href":"https:\/\/nhadepbepxinh.com.vn\/index.php?rest_route=%2Fwp%2Fv2%2Fproduct_tag&post=3610"}],"curies":[{"name":"wp","href":"https:\/\/api.w.org\/{rel}","templated":true}]}}