{"id":3602,"date":"2025-04-04T12:26:04","date_gmt":"2025-04-04T05:26:04","guid":{"rendered":"https:\/\/nhadepbepxinh.com.vn\/?post_type=product&#038;p=3602"},"modified":"2025-04-04T12:26:04","modified_gmt":"2025-04-04T05:26:04","slug":"may-loc-nuoc-a-o-smith-a2","status":"publish","type":"product","link":"https:\/\/nhadepbepxinh.com.vn\/?product=may-loc-nuoc-a-o-smith-a2","title":{"rendered":"MA\u0301Y LO\u0323C N\u01af\u01a0\u0301C A. O. Smith A2"},"content":{"rendered":"<div id=\"tab0\" class=\"bg_white gallery margin_top_40 no_padding_mb\">\n<div class=\"\">\n<div class=\"section-header clearfix\">\n<h2 class=\"section-title title_section   text-center\">T\u00cdNH N\u0102NG N\u1ed4I B\u1eacT<\/h2>\n<\/div>\n<div class=\"clearfix product_function\">\n<div class=\"col-md-12 no_padding no_padding_mb\">\n<div class=\"col-lg-6 col-md-6 col-sm-6 col-xs-12 relative no_padding no_padding_mb img-resize1 \">\n<div class=\"col-lg-2 col-md-2 col-sm-2 col-xs-3 no_padding \">\n<p><img decoding=\"async\" src=\"https:\/\/file.hstatic.net\/1000286959\/file\/icon_san_pham__65x65px__ro_shield_grande.png\" \/><\/p>\n<p><strong style=\"font-size: 14.4px;\">C\u00f4ng ngh\u1ec7 RO-Side Stream b\u1ea3n quy\u1ec1n M\u1ef9<\/strong><\/p>\n<\/div>\n<div class=\"col-lg-10 col-md-10 col-sm-10 col-xs-9 \">\n<p>M\u00e0ng l\u1ecdc RO \u2013 Side Stream l\u00e0 ph\u00e1t minh \u0111\u1ed9t ph\u00e1 c\u1ee7a A. O. Smith, \u0111\u01b0\u1ee3c c\u1ea5p b\u1ea3n quy\u1ec1n s\u00e1ng ch\u1ebf t\u1ea1i M\u1ef9 (patent US8,337,698 B2), gi\u00fap n\u00e2ng cao hi\u1ec7u su\u1ea5t s\u1eed d\u1ee5ng, t\u0103ng t\u1ef7 l\u1ec7 n\u01b0\u1edbc tinh khi\u1ebft, gi\u1ea3m t\u1ef7 l\u1ec7 n\u01b0\u1edbc th\u1ea3i, cho t\u1ef7 l\u1ec7 n\u01b0\u1edbc th\u1ea3i : n\u01b0\u1edbc tinh khi\u1ebft l\u00e0 1:1 v\u00e0 k\u00e9o d\u00e0i tu\u1ed5i th\u1ecd l\u00f5i l\u1ecdc\u00a0so v\u1edbi m\u00e0ng l\u1ecdc RO th\u01b0\u1eddng, mang \u0111\u1ebfn \u201cGi\u1ea3i ph\u00e1p ti\u1ebft ki\u1ec7m to\u00e0n di\u1ec7n\u201d cho ng\u01b0\u1eddi s\u1eed d\u1ee5ng. M\u00e0ng l\u1ecdc RO \u2013 Side Stream lo\u1ea1i s\u1ea1ch\u00a0kim lo\u1ea1i n\u1eb7ng (Asen, ch\u00ec, th\u1ee7y ng\u00e2n\u2026) v\u00e0 c\u00e1c vi khu\u1ea9n c\u00f3 h\u1ea1i.<\/p>\n<\/div>\n<\/div>\n<div class=\"col-lg-6 col-md-6 col-sm-6 col-xs-12 no_padding no_padding_mb relative img-resize1\">\n<div class=\"col-lg-2 col-md-2 col-sm-2 col-xs-3 no_padding \">\n<p><img decoding=\"async\" src=\"https:\/\/file.hstatic.net\/1000286959\/file\/icon_san_pham__65x65px__ro_shield_copy_3.png\" \/><\/p>\n<p><strong style=\"font-size: 20.16px; color: #333333;\">H\u1ec7 th\u1ed1ng t\u00edch h\u1ee3p t\u1ed1i \u01b0u h\u00f3a iOSm<\/strong><\/p>\n<\/div>\n<div class=\"col-lg-10 col-md-10 col-sm-10 col-xs-9 \">\n<p>\u0110\u01b0\u1ee3c ph\u00e1t tri\u1ec3n b\u1edfi Trung t\u00e2m c\u00f4ng ngh\u1ec7 t\u1eadp \u0111o\u00e0n A. O. Smith \u2013 A. O. Smith Corporate Technology Center (CTC) \u0111\u1eb7t t\u1ea1i Milwaukee, bang Wisconsin USA. H\u1ec7 th\u1ed1ng d\u1ef1a tr\u00ean n\u1ec1n t\u1ea3ng x\u1eed l\u00fd t\u00edn hi\u1ec7u s\u1ed1 th\u00f4ng qua vi\u1ec7c thu th\u1eadp c\u00e1c t\u00edn hi\u1ec7u d\u1eef li\u1ec7u c\u1ee7a ng\u01b0\u1eddi s\u1eed d\u1ee5ng v\u00e0 t\u1ef1 h\u1ecdc h\u1ecfi (self \u2013 learning) trong su\u1ed1t qu\u00e1 tr\u00ecnh ho\u1ea1t \u0111\u1ed9ng c\u1ee7a thi\u1ebft b\u1ecb. H\u1ec7 th\u1ed1ng g\u1ed3m c\u00e1c t\u00ednh n\u0103ng:<\/p>\n<ul>\n<li>C\u1ea3nh b\u00e1o thay th\u1ebf l\u00f5i l\u1ecdc<\/li>\n<li>C\u1ea3nh b\u00e1o r\u00f2 r\u1ec9<\/li>\n<li>S\u1ee5c r\u1eeda l\u00f5i l\u1ecdc t\u1ef1 \u0111\u1ed9ng<\/li>\n<li>C\u00e2n b\u1eb1ng \u00e1p l\u1ef1c n\u01b0\u1edbc<\/li>\n<li>C\u1ea3nh b\u00e1o l\u1ed7i v\u1eadn h\u00e0nh<\/li>\n<li>Van bi\u1ebfn thi\u00ean<\/li>\n<\/ul>\n<\/div>\n<\/div>\n<\/div>\n<div class=\"col-md-12 no_padding no_padding_mb\">\n<div class=\"col-lg-6 col-md-6 col-sm-6 col-xs-12 no_padding relative  no_padding_mb img-resize2\">\n<div class=\"col-lg-2 col-md-2 col-sm-2 col-xs-3  no_padding \">\n<p><img decoding=\"async\" src=\"https:\/\/file.hstatic.net\/1000286959\/file\/icon_san_pham__65x65px__loi_tien_loc_grande.png\" \/><\/p>\n<p><strong style=\"font-size: 14.4px;\">B\u1ea3o v\u1ec7 to\u00e0n di\u1ec7n h\u1ec7 th\u1ed1ng v\u1edbi l\u00f5i PRE-FILTER<\/strong><\/p>\n<\/div>\n<div class=\"col-lg-10 col-md-10 col-sm-10 col-xs-9 \">\n<p>Lo\u1ea1i b\u1ecf hi\u1ec7u qu\u1ea3 nh\u1eefng c\u1eb7n b\u1ea9n trong n\u01b0\u1edbc nh\u01b0 ch\u1ea5t r\u1eafn l\u01a1 l\u1eedng, b\u00f9n, c\u00e1t, rong r\u00eau,\u2026<br \/>\nB\u1ea3o v\u1ec7 m\u00e1y l\u1ecdc n\u01b0\u1edbc kh\u00f4ng b\u1ecb t\u1eafc do qu\u00e1 tr\u00ecnh thau b\u1ec3 v\u00e0 \u1edf nh\u1eefng n\u01a1i c\u00f3 ngu\u1ed3n n\u01b0\u1edbc nhi\u1ec1u t\u1ea1p ch\u1ea5t<br \/>\n\u0110\u1ed9 d\u00e0y l\u00f5i l\u1ecdc v\u01b0\u1ee3t tr\u1ed9i: s\u1eed d\u1ee5ng c\u00f4ng ngh\u1ec7 Melt-Down, kh\u00f4ng s\u1eed d\u1ee5ng ch\u1ea5t k\u1ebft d\u00ednh gi\u00fap l\u00f5i l\u1ecdc v\u1eadn h\u00e0nh \u1ed5n \u0111\u1ecbnh trong th\u1eddi gian d\u00e0i gi\u00fap l\u1ecdc b\u1ecf c\u1eb7n b\u1ea9n v\u00e0 kh\u00f4ng bi\u1ebfn dang trong khi thay \u0111\u1ed5i v\u1ec1 \u00e1p su\u1ea5t. V\u1eadt li\u1ec7u cao c\u1ea5p ch\u1ecbu \u0111\u01b0\u1ee3c \u0111\u1ed9 n\u00e9n cao v\u00e0 gi\u1eef nguy\u00ean \u0111\u1ed9 x\u1ed1p trong \u0111i\u1ec1u ki\u1ec7n \u00e1p l\u1ef1c cao gi\u00fap k\u00e9o d\u00e0i tu\u1ed5i th\u1ecd l\u00f5i l\u1ecdc nh\u1edd l\u1ed7 l\u1ecdc kh\u00f4ng b\u1ecb bi\u1ebfn d\u1ea1ng.<br \/>\nThi\u1ebft k\u1ebf nh\u1ecf g\u1ecdn, k\u1ebft n\u1ed1i d\u1ec5 d\u00e0ng. D\u1ec5 d\u00e0ng v\u1ec7 sinh c\u1ed1c l\u1ecdc v\u00e0 l\u00f5i l\u1ecdc \u0111\u1ecbnh k\u1ef3. Ch\u1ea5t li\u1ec7u nh\u1ef1a cao c\u1ea5p, an to\u00e0n th\u1ef1c ph\u1ea9m<\/p>\n<\/div>\n<\/div>\n<div class=\"col-lg-6 col-md-6 col-sm-6 col-xs-12 no_padding  no_padding_mb relative img-resize2\">\n<div class=\"col-lg-2 col-md-2 col-sm-2 col-xs-3 no_padding \">\n<p><img decoding=\"async\" src=\"https:\/\/file.hstatic.net\/1000286959\/file\/icon_san_pham__65x65px__ro_shield_copy_12.png\" \/><\/p>\n<\/div>\n<div class=\"col-lg-10 col-md-10 col-sm-10 col-xs-9 \">\n<p><strong>C\u00e2n b\u1eb1ng \u00e1p l\u1ef1c n\u01b0\u1edbc \u0111\u1ea7u v\u00e0o<\/strong><\/p>\n<p>D\u1ef1a v\u00e0o c\u00e1c thu\u1eadt to\u00e1n \u0111\u01b0a ra \u0111\u1ec3 t\u1ed1i \u01b0u h\u00f3a ho\u1ea1t \u0111\u1ed9ng c\u1ee7a b\u01a1m v\u00e0 c\u00f4ng t\u1eafc \u00e1p l\u1ef1c n\u01b0\u1edbc \u0111\u1ea7u v\u00e0o c\u0169ng nh\u01b0 vi\u1ec7c thay \u0111\u1ed5i c\u1ea5u tr\u00fac h\u1ec7 th\u1ed1ng x\u1eed l\u00fd n\u01b0\u1edbc b\u00ean trong m\u00e1y, gi\u00fap cho m\u00e1y ho\u1ea1t \u0111\u1ed9ng c\u00e2n b\u1eb1ng \u1edf nh\u1eefng \u0111i\u1ec1u ki\u1ec7n \u00e1p l\u1ef1c n\u01b0\u1edbc \u0111\u1ea7u v\u00e0o kh\u00e1c nhau qua \u0111\u00f3 k\u00e9o d\u00e0i tu\u1ed5i th\u1ecd c\u1ee7a to\u00e0n b\u1ed9 h\u1ec7 th\u1ed1ng<\/p>\n<\/div>\n<\/div>\n<\/div>\n<div class=\"col-md-12 no_padding no_padding_mb\">\n<div class=\"col-lg-6 col-md-6 col-sm-6 col-xs-12 no_padding no_padding_mb relative img-resize3\">\n<div class=\"col-lg-2 col-md-2 col-sm-2 col-xs-3 no_padding \">\n<p><img decoding=\"async\" src=\"https:\/\/file.hstatic.net\/1000286959\/file\/icon_san_pham__65x65px__ro_shield_copy_11.png\" \/><\/p>\n<p><strong style=\"font-size: 14.4px;\">Van x\u1ea3 th\u1ea3i t\u00f9y bi\u1ebfn<\/strong><\/p>\n<\/div>\n<div class=\"col-lg-10 col-md-10 col-sm-10 col-xs-9 \">\n<p>D\u1ef1a tr\u00ean d\u1eef li\u1ec7u thu th\u1eadp \u0111\u01b0\u1ee3c t\u1eeb ngu\u1ed3n n\u01b0\u1edbc c\u1ea5p \u1edf n\u01a1i kh\u00e1ch h\u00e0ng s\u1eed d\u1ee5ng k\u1ebft h\u1ee3p v\u1edbi van th\u1ea3i t\u00f9y bi\u1ebfn. H\u1ec7 th\u1ed1ng iOSm \u0111\u01b0a ra quy\u1ebft \u0111\u1ecbnh cho vi\u1ec7c l\u1ef1a ch\u1ecdn van th\u1ea3i ph\u00f9 h\u1ee3p nh\u1ea5t.<\/p>\n<\/div>\n<\/div>\n<div class=\"col-lg-6 col-md-6 col-sm-6 col-xs-12 no_padding no_padding_mb relative img-resize4\">\n<div class=\"col-lg-2 col-md-2 col-sm-2 col-xs-3 no_padding \">\n<p><img decoding=\"async\" src=\"https:\/\/file.hstatic.net\/1000286959\/file\/icon_san_pham__65x65px__ro_shield_copy_5.png\" \/><\/p>\n<p><strong style=\"font-size: 14.4px;\">An to\u00e0n tin c\u1eady<\/strong><\/p>\n<\/div>\n<div class=\"col-lg-10 col-md-10 col-sm-10 col-xs-9 \">\n<p>To\u00e0n b\u1ed9 chi ti\u1ebft c\u1ea5u th\u00e0nh n\u00ean s\u1ea3n ph\u1ea9m m\u00e1y l\u1ecdc n\u01b0\u1edbc A. O. Smith \u0111\u01b0\u1ee3c NSF International (Hi\u1ec7p h\u1ed9i an to\u00e0n th\u1ef1c ph\u1ea9m v\u00e0 n\u01b0\u1edbc u\u1ed1ng qu\u1ed1c t\u1ebf c\u1ee7a M\u1ef9) ki\u1ec3m tra v\u00e0 ch\u1ee9ng nh\u1eadn \u0111\u1ea1t chu\u1ea9n NSF\/ANSI 58 v\u00e0 42.<\/p>\n<\/div>\n<\/div>\n<\/div>\n<\/div>\n<\/div>\n<\/div>\n<div id=\"tab1\" class=\"product-page gallery padding_top_29 margin_top_40\">\n<div class=\"row\">\n<div class=\"section-header clearfix\">\n<h2 class=\"section-title title_section   text-center\">CHI TI\u1ebeT S\u1ea2N PH\u1ea8M<\/h2>\n<\/div>\n<div class=\"col-lg-12 col-md-12 col-sm-12 col-xs-12 product_detail\">\n<p><img decoding=\"async\" src=\"https:\/\/file.hstatic.net\/1000286959\/file\/website_a_o_-_a1-2-09.png\" alt=\"C\u00f4ng-ngh\u1ec7-m\u00e0ng-l\u1ecdc-RO-Side-Stream\" \/><\/p>\n<p><img decoding=\"async\" src=\"https:\/\/file.hstatic.net\/1000286959\/file\/website_a_o_-_a1-2-11.png\" alt=\"loi-tien-loc-prefilter\" \/><\/p>\n<p><img decoding=\"async\" src=\"https:\/\/file.hstatic.net\/1000286959\/file\/website_a_o_-_a1-2-15.png\" alt=\"loi-loc-carbon-hoat-tinh-aosmith\" \/><\/p>\n<p><img decoding=\"async\" src=\"https:\/\/file.hstatic.net\/1000286959\/file\/website_a_o_-_a1-2-02.png\" alt=\"he-thong-tich-hop-toi-uu-hoa-iosm\" \/><\/p>\n<p><img decoding=\"async\" src=\"https:\/\/file.hstatic.net\/1000286959\/file\/website_a_o_-_a1-2-04.png\" alt=\"suc-rua-loi-loc-tu-dong-aosmith\" \/><\/p>\n<p><img decoding=\"async\" src=\"https:\/\/file.hstatic.net\/1000286959\/file\/website_a_o_-_a1-2-03.png\" alt=\"van-bien-thien-aosmith\" \/><\/p>\n<p><img decoding=\"async\" src=\"https:\/\/file.hstatic.net\/1000286959\/file\/website_a_o_-_a1-2-05.png\" alt=\"cam-bien-ro-ri-may-loc-nuoc-aosmith\" \/><\/p>\n<p><img decoding=\"async\" src=\"https:\/\/file.hstatic.net\/1000286959\/file\/website_a_o_-_a1-2-07.png\" alt=\"cong-suat-loc-lon-may-loc-nuoc-aosmith\" \/><\/p>\n<p><img decoding=\"async\" src=\"https:\/\/file.hstatic.net\/1000286959\/file\/website_a_o_-_a1-2-06.png\" alt=\"may-loc-nuoc-aosmith-thiet-ke-nho-gon\" \/><\/p>\n<p><img decoding=\"async\" src=\"https:\/\/file.hstatic.net\/1000286959\/file\/dk_la_p_da_t_01_21b31b89ab55433ea811fa6ae2c9d06a_1_14d099f0e0384372be9dbb6432cd8abb.jpg\" \/><\/p>\n<p><img decoding=\"async\" src=\"https:\/\/file.hstatic.net\/1000286959\/file\/website_a_o_-_a1-2-13.png\" alt=\"mo-phong-lap-dat-may-loc-nuoc-aosmith-a1\" \/><\/p>\n<\/div>\n<\/div>\n<\/div>\n<div id=\"tab2\" class=\"product-page gallery margin_top_40\">\n<div class=\"row\">\n<div class=\"section-header clearfix\">\n<h2 class=\"section-title title_section   text-center\">TH\u00d4NG S\u1ed0 K\u1ef8 THU\u1eacT<\/h2>\n<\/div>\n<div class=\"col-lg-12 col-md-12 col-sm-12 col-xs-12  product_specifications\">\n<table border=\"0\">\n<tbody>\n<tr>\n<td>\n<h3><strong>D\u00f2ng s\u1ea3n ph\u1ea9m<\/strong><\/h3>\n<\/td>\n<td>\n<h3><strong>A. O. Smith A2<\/strong><\/h3>\n<\/td>\n<\/tr>\n<tr>\n<td>Ch\u1ee9c n\u0103ng<\/td>\n<td><em>N\u01b0\u1edbc th\u01b0\u1eddng<\/em><\/td>\n<\/tr>\n<tr>\n<td>\u0110i\u1ec7n \u00e1p \u0111\u1ea7u v\u00e0o<\/td>\n<td><em>AC 220V\/ 50HZ<\/em><\/td>\n<\/tr>\n<tr>\n<td>C\u00f4ng su\u1ea5t (t\u1ed5ng)<\/td>\n<td><em>25W<\/em><\/td>\n<\/tr>\n<tr>\n<td>Dung t\u00edch b\u00ecnh ch\u1ee9a n\u01b0\u1edbc th\u01b0\u1eddng<\/td>\n<td><em>~6L<\/em><\/td>\n<\/tr>\n<tr>\n<td>\u00c1p su\u1ea5t n\u01b0\u1edbc c\u1ea5p ph\u00f9 h\u1ee3p<\/td>\n<td><em>0.1MPa ~ 0.35MPa<\/em><\/td>\n<\/tr>\n<tr>\n<td>Nhi\u1ec7t \u0111\u1ed9 n\u01b0\u1edbc c\u1ea5p<\/td>\n<td><em>5\uff5e38\u2103<\/em><\/td>\n<\/tr>\n<tr>\n<td>Ch\u1ea5t l\u01b0\u1ee3ng n\u01b0\u1edbc c\u1ea5p<\/td>\n<td><em>N\u01b0\u1edbc m\u00e1y sinh ho\u1ea1t<\/em><\/td>\n<\/tr>\n<tr>\n<td>C\u00f4ng su\u1ea5t l\u1ecdc<\/td>\n<td><em>75 GPD (11.8L\/h)<\/em><\/td>\n<\/tr>\n<tr>\n<td>Ph\u01b0\u01a1ng ph\u00e1p s\u1ee5c r\u1eeda<\/td>\n<td><em>T\u1ef1 \u0111\u1ed9ng l\u00e0m s\u1ea1ch<\/em><\/td>\n<\/tr>\n<tr>\n<td>Xu\u1ea5t x\u1ee9<\/td>\n<td><em>S\u1ea3n ph\u1ea9m c\u1ee7a t\u1eadp \u0111o\u00e0n A. O. Smith Corporation<\/em><\/p>\n<p><em>S\u1ea3n xu\u1ea5t t\u1ea1i nh\u00e0 m\u00e1y A. O. Smith Environmental Products Co., Ltd., Trung Qu\u1ed1c<\/em><\/td>\n<\/tr>\n<tr>\n<td>Tr\u1ecdng l\u01b0\u1ee3ng (Kg)<\/td>\n<td><em>11<\/em><\/td>\n<\/tr>\n<tr>\n<td>K\u00edch th\u01b0\u1edbc (R\u1ed9ng x S\u00e2u x Cao) (mm)<\/td>\n<td><em>260 x 410 x 420<\/em><\/td>\n<\/tr>\n<\/tbody>\n<\/table>\n<\/div>\n<\/div>\n<\/div>\n<div id=\"tab4\" class=\"product-page  product-page-basic gallery margin_top_40\">\n<div class=\"row\">\n<div class=\"section-header clearfix\">\n<h2 class=\"section-title title_section   text-center\">H\u00ccNH \u1ea2NH L\u1eaeP \u0110\u1eb6T T\u1ea0I NH\u00c0 KH\u00c1CH H\u00c0NG<\/h2>\n<div class=\"line_\"><\/div>\n<\/div>\n<div class=\"col-lg-12 col-md-12 col-sm-12 col-xs-12 faq\">\n<div id=\"blog\">\n<div class=\"col-md-12 col-sm-12 col-xs-12 no_padding_mb\">\n<div class=\"lSSlideOuter \">\n<div class=\"lSSlideWrapper usingCss\">\n<ul id=\"imageGallery\" class=\"gallery list-unstyled cS-hidden lightSlider lSSlide\">\n<li class=\"clone left\" data-thumb=\"https:\/\/file.hstatic.net\/1000286959\/file\/may-loc-nuoc-aosmith-a2-lap-dat.jpeg\" data-src=\"https:\/\/file.hstatic.net\/1000286959\/file\/may-loc-nuoc-aosmith-a2-lap-dat.jpeg\"><img decoding=\"async\" src=\"https:\/\/file.hstatic.net\/1000286959\/file\/may-loc-nuoc-aosmith-a2-lap-dat.jpeg\" \/><\/li>\n<li class=\"lslide active\" data-thumb=\"https:\/\/file.hstatic.net\/1000286959\/file\/moi-truong-lap-dat-may-loc-nuoc-aosmith-a2.jpg\" data-src=\"https:\/\/file.hstatic.net\/1000286959\/file\/moi-truong-lap-dat-may-loc-nuoc-aosmith-a2.jpg\"><img decoding=\"async\" src=\"https:\/\/file.hstatic.net\/1000286959\/file\/moi-truong-lap-dat-may-loc-nuoc-aosmith-a2.jpg\" \/><\/li>\n<li class=\"lslide\" data-thumb=\"https:\/\/file.hstatic.net\/1000286959\/file\/moi-truong-lap-dat-may-loc-nuoc-aosmith-a2-1.jpeg\" data-src=\"https:\/\/file.hstatic.net\/1000286959\/file\/moi-truong-lap-dat-may-loc-nuoc-aosmith-a2-1.jpeg\"><img decoding=\"async\" src=\"https:\/\/file.hstatic.net\/1000286959\/file\/moi-truong-lap-dat-may-loc-nuoc-aosmith-a2-1.jpeg\" \/><\/li>\n<li class=\"lslide\" data-thumb=\"https:\/\/file.hstatic.net\/1000286959\/file\/may-loc-nuoc-aosmith-a2-tren-ke-bep.jpeg\" data-src=\"https:\/\/file.hstatic.net\/1000286959\/file\/may-loc-nuoc-aosmith-a2-tren-ke-bep.jpeg\"><img decoding=\"async\" src=\"https:\/\/file.hstatic.net\/1000286959\/file\/may-loc-nuoc-aosmith-a2-tren-ke-bep.jpeg\" \/><\/li>\n<li class=\"lslide\" data-thumb=\"https:\/\/file.hstatic.net\/1000286959\/file\/may-loc-nuoc-aosmith-a2-lap-dat.jpeg\" data-src=\"https:\/\/file.hstatic.net\/1000286959\/file\/may-loc-nuoc-aosmith-a2-lap-dat.jpeg\"><img decoding=\"async\" src=\"https:\/\/file.hstatic.net\/1000286959\/file\/may-loc-nuoc-aosmith-a2-lap-dat.jpeg\" \/><\/li>\n<li class=\"clone right\" data-thumb=\"https:\/\/file.hstatic.net\/1000286959\/file\/moi-truong-lap-dat-may-loc-nuoc-aosmith-a2.jpg\" data-src=\"https:\/\/file.hstatic.net\/1000286959\/file\/moi-truong-lap-dat-may-loc-nuoc-aosmith-a2.jpg\"><img decoding=\"async\" src=\"https:\/\/file.hstatic.net\/1000286959\/file\/moi-truong-lap-dat-may-loc-nuoc-aosmith-a2.jpg\" \/><\/li>\n<\/ul>\n<div class=\"lSAction\"><\/div>\n<\/div>\n<ul class=\"lSPager lSGallery\">\n<li class=\"active\"><a href=\"https:\/\/www.aosmith.com.vn\/products\/may-loc-nuoc-ro-side-stream-a-o-smith-a2#\" target=\"_blank\" rel=\"noopener\"><img decoding=\"async\" src=\"https:\/\/file.hstatic.net\/1000286959\/file\/moi-truong-lap-dat-may-loc-nuoc-aosmith-a2.jpg\" \/><\/a><\/li>\n<li><a href=\"https:\/\/www.aosmith.com.vn\/products\/may-loc-nuoc-ro-side-stream-a-o-smith-a2#\" target=\"_blank\" rel=\"noopener\"><img decoding=\"async\" src=\"https:\/\/file.hstatic.net\/1000286959\/file\/moi-truong-lap-dat-may-loc-nuoc-aosmith-a2-1.jpeg\" \/><\/a><\/li>\n<li><a href=\"https:\/\/www.aosmith.com.vn\/products\/may-loc-nuoc-ro-side-stream-a-o-smith-a2#\" target=\"_blank\" rel=\"noopener\"><img decoding=\"async\" src=\"https:\/\/file.hstatic.net\/1000286959\/file\/may-loc-nuoc-aosmith-a2-tren-ke-bep.jpeg\" \/><\/a><\/li>\n<li><a href=\"https:\/\/www.aosmith.com.vn\/products\/may-loc-nuoc-ro-side-stream-a-o-smith-a2#\" target=\"_blank\" rel=\"noopener\"><img decoding=\"async\" src=\"https:\/\/file.hstatic.net\/1000286959\/file\/may-loc-nuoc-aosmith-a2-lap-dat.jpeg\" \/><\/a><\/li>\n<\/ul>\n<\/div>\n<\/div>\n<\/div>\n<\/div>\n<\/div>\n<\/div>\n<div id=\"tab3\" class=\"product-page margin_top_40\">\n<div class=\"row\">\n<div class=\"section-header clearfix\"><\/div>\n<\/div>\n<\/div>\n","protected":false},"excerpt":{"rendered":"<p>C\u00f4ng ngh\u1ec7 m\u00e0ng l\u1ecdc RO \u2013 Side Stream tu\u1ed5i th\u1ecd v\u01b0\u1ee3t tr\u1ed9i l\u00ean t\u1edbi 3 n\u0103m, duy nh\u1ea5t cho t\u1ef7 l\u1ec7 n\u01b0\u1edbc tinh khi\u1ebft:n\u01b0\u1edbc th\u1ea3i l\u00e0 1:1.<br \/>\nL\u00f5i ti\u1ec1n l\u1ecdc Prefilter gi\u00fap b\u1ea3o v\u1ec7 to\u00e0n di\u1ec7n h\u1ec7 th\u1ed1ng.<br \/>\nH\u1ec7 th\u1ed1ng t\u00edch h\u1ee3p t\u1ed1i \u01b0u h\u00f3a (iOSm) g\u1ed3m c\u1ea3nh b\u00e1o thay th\u1ebf l\u00f5i l\u1ecdc, c\u1ea3nh b\u00e1o r\u00f2 r\u1ec9 n\u01b0\u1edbc, c\u1ea3nh b\u00e1o l\u00f5i v\u1eadn h\u00e0nh, s\u1ee5c r\u1eeda l\u00f5i l\u1ecdc t\u1ef1 \u0111\u1ed9ng, c\u00e2n b\u1eb1ng \u00e1p l\u1ef1c n\u01b0\u1edbc \u0111\u1ea7u v\u00e0o v\u00e0 van bi\u1ebfn thi\u00ean c\u00f9ng v\u1edbi m\u00e0n h\u00ecnh \u0111i\u1ec7n t\u1eed hi\u1ec3n th\u1ecb \u0111\u1ea7y \u0111\u1ee7 th\u00f4ng tin.<br \/>\nV\u00f2i \u0111i\u1ec7n t\u1eed: t\u00edch h\u1ee3p hi\u1ec3n th\u1ecb c\u1ea3nh b\u00e1o thay th\u1ebf l\u00f5i l\u1ecdc, gi\u00fap n\u01b0\u1edbc lu\u00f4n tinh khi\u1ebft.<\/p>\n<p>A. O. Smith &#8211; Th\u01b0\u01a1ng hi\u1ec7u m\u00e1y l\u1ecdc n\u01b0\u1edbc xu\u1ea5t s\u1eafc nh\u1ea5t Vi\u1ec7t Nam 2 n\u0103m li\u00ean ti\u1ebfp 2021 &amp; 2022 do ng\u01b0\u1eddi ti\u00eau d\u00f9ng v\u00e0 c\u00e1c chuy\u00ean gia c\u00f4ng ngh\u1ec7 b\u00ecnh ch\u1ecdn t\u1ea1i gi\u1ea3i th\u01b0\u1edfng\u00a0Tech Awards.<\/p>\n","protected":false},"featured_media":3603,"comment_status":"open","ping_status":"closed","template":"","meta":[],"product_brand":[],"product_cat":[83,107],"product_tag":[],"class_list":{"0":"post-3602","1":"product","2":"type-product","3":"status-publish","4":"has-post-thumbnail","6":"product_cat-may-loc-nuoc","7":"product_cat-ao-smith","9":"first","10":"instock","11":"shipping-taxable","12":"product-type-simple"},"_links":{"self":[{"href":"https:\/\/nhadepbepxinh.com.vn\/index.php?rest_route=\/wp\/v2\/product\/3602","targetHints":{"allow":["GET"]}}],"collection":[{"href":"https:\/\/nhadepbepxinh.com.vn\/index.php?rest_route=\/wp\/v2\/product"}],"about":[{"href":"https:\/\/nhadepbepxinh.com.vn\/index.php?rest_route=\/wp\/v2\/types\/product"}],"replies":[{"embeddable":true,"href":"https:\/\/nhadepbepxinh.com.vn\/index.php?rest_route=%2Fwp%2Fv2%2Fcomments&post=3602"}],"wp:featuredmedia":[{"embeddable":true,"href":"https:\/\/nhadepbepxinh.com.vn\/index.php?rest_route=\/wp\/v2\/media\/3603"}],"wp:attachment":[{"href":"https:\/\/nhadepbepxinh.com.vn\/index.php?rest_route=%2Fwp%2Fv2%2Fmedia&parent=3602"}],"wp:term":[{"taxonomy":"product_brand","embeddable":true,"href":"https:\/\/nhadepbepxinh.com.vn\/index.php?rest_route=%2Fwp%2Fv2%2Fproduct_brand&post=3602"},{"taxonomy":"product_cat","embeddable":true,"href":"https:\/\/nhadepbepxinh.com.vn\/index.php?rest_route=%2Fwp%2Fv2%2Fproduct_cat&post=3602"},{"taxonomy":"product_tag","embeddable":true,"href":"https:\/\/nhadepbepxinh.com.vn\/index.php?rest_route=%2Fwp%2Fv2%2Fproduct_tag&post=3602"}],"curies":[{"name":"wp","href":"https:\/\/api.w.org\/{rel}","templated":true}]}}