{"id":3585,"date":"2025-04-04T12:18:16","date_gmt":"2025-04-04T05:18:16","guid":{"rendered":"https:\/\/nhadepbepxinh.com.vn\/?post_type=product&#038;p=3585"},"modified":"2025-04-04T12:18:17","modified_gmt":"2025-04-04T05:18:17","slug":"may-loc-nuoc-a-o-smith-g1","status":"publish","type":"product","link":"https:\/\/nhadepbepxinh.com.vn\/?product=may-loc-nuoc-a-o-smith-g1","title":{"rendered":"MA\u0301Y LO\u0323C N\u01af\u01a0\u0301C A. O. Smith G1"},"content":{"rendered":"<div id=\"tab0\" class=\"bg_white gallery margin_top_40 no_padding_mb\">\n<div class=\"\">\n<div class=\"section-header clearfix\">\n<h2 class=\"section-title title_section   text-center\">T\u00cdNH N\u0102NG N\u1ed4I B\u1eacT<\/h2>\n<div class=\"line_\"><\/div>\n<\/div>\n<div class=\"clearfix product_function\">\n<div class=\"col-md-12 no_padding no_padding_mb\">\n<div class=\"col-lg-6 col-md-6 col-sm-6 col-xs-12 relative no_padding no_padding_mb img-resize1 \">\n<div class=\"col-lg-2 col-md-2 col-sm-2 col-xs-3 no_padding \">\n<p>&nbsp;<\/p>\n<p><img decoding=\"async\" src=\"https:\/\/file.hstatic.net\/1000286959\/file\/icon_san_pham__65x65px__ro_shield.png\" \/><\/p>\n<p><strong style=\"font-size: 14.4px;\">C\u00f4ng ngh\u1ec7 RO-Side Stream b\u1ea3n quy\u1ec1n M\u1ef9<\/strong><\/p>\n<\/div>\n<div class=\"col-lg-10 col-md-10 col-sm-10 col-xs-9 \">\n<p>M\u00e0ng l\u1ecdc RO \u2013 Side Stream l\u00e0 ph\u00e1t minh \u0111\u1ed9t ph\u00e1 c\u1ee7a A. O. Smith, \u0111\u01b0\u1ee3c c\u1ea5p b\u1ea3n quy\u1ec1n s\u00e1ng ch\u1ebf t\u1ea1i M\u1ef9 (patent US8,337,698 B2), gi\u00fap n\u00e2ng cao hi\u1ec7u su\u1ea5t s\u1eed d\u1ee5ng, gi\u1ea3m \u0111\u00e1ng k\u1ec3 l\u01b0\u1ee3ng n\u01b0\u1edbc th\u1ea3i, cho t\u1ef7 l\u1ec7 n\u01b0\u1edbc th\u1ea3i : n\u01b0\u1edbc tinh khi\u1ebft l\u00e0 1:1 v\u00e0 k\u00e9o d\u00e0i tu\u1ed5i th\u1ecd l\u00f5i l\u1ecdc \u0111\u1ebfn 3 n\u0103m, mang \u0111\u1ebfn \u201cGi\u1ea3i ph\u00e1p ti\u1ebft ki\u1ec7m to\u00e0n di\u1ec7n\u201d cho ng\u01b0\u1eddi s\u1eed d\u1ee5ng. M\u00e0ng l\u1ecdc RO \u2013 Side Stream lo\u1ea1i s\u1ea1ch\u00a0kim lo\u1ea1i n\u1eb7ng (Asen, ch\u00ec, th\u1ee7y ng\u00e2n\u2026) v\u00e0 c\u00e1c vi khu\u1ea9n c\u00f3 h\u1ea1i.<\/p>\n<\/div>\n<\/div>\n<div class=\"col-lg-6 col-md-6 col-sm-6 col-xs-12 no_padding no_padding_mb relative img-resize1\">\n<div class=\"col-lg-2 col-md-2 col-sm-2 col-xs-3 no_padding \">\n<p><img decoding=\"async\" src=\"https:\/\/file.hstatic.net\/1000286959\/file\/icon_san_pham__65x65px__canh_bao_thay_loi_loc.png\" \/><\/p>\n<p><span style=\"font-size: 20.16px; color: #333333;\">H\u1ec7 th\u1ed1ng ki\u1ec3m gi\u00e1m s\u00e1t \u0111i\u1ec7n t\u1eed EMS 2.0<\/span><\/p>\n<\/div>\n<div class=\"col-lg-10 col-md-10 col-sm-10 col-xs-9 \">\n<p>H\u1ec7 th\u1ed1ng gi\u00e1m s\u00e1t \u0111i\u1ec7n t\u1eed EMS 2.0 th\u1ebf h\u1ec7 m\u1edbi c\u1ee7a A. O. Smith t\u00edch h\u1ee3p trong s\u1ea3n ph\u1ea9m s\u1ebd theo d\u00f5i v\u00e0 c\u1ea3nh b\u00e1o t\u00ecnh tr\u1ea1ng v\u1eadn h\u00e0nh c\u1ee7a m\u00e1y l\u1ecdc n\u01b0\u1edbc nh\u1eb1m \u0111\u1ea3m b\u1ea3o gia \u0111\u00ecnh b\u1ea1n c\u00f3 ngu\u1ed3n n\u01b0\u1edbc tinh khi\u1ebft nh\u1ea5t. H\u1ec7 th\u1ed1ng bao g\u1ed3m c\u00e1c ch\u1ee9c n\u0103ng:<\/p>\n<ul>\n<li>C\u1ea3nh b\u00e1o thay th\u1ebf l\u00f5i l\u1ecdc<\/li>\n<li>C\u1ea3nh b\u00e1o r\u00f2 r\u1ec9<\/li>\n<li>S\u1ee5c r\u1eeda l\u00f5i l\u1ecdc t\u1ef1 \u0111\u1ed9ng<\/li>\n<li>Van \u0111i\u1ec7n t\u1eeb t\u00edch h\u1ee3p<\/li>\n<li>C\u1ea3nh b\u00e1o l\u1ed7i v\u1eadn h\u00e0nh<\/li>\n<\/ul>\n<\/div>\n<\/div>\n<\/div>\n<div class=\"col-md-12 no_padding no_padding_mb\">\n<div class=\"col-lg-6 col-md-6 col-sm-6 col-xs-12 no_padding relative  no_padding_mb img-resize2\">\n<div class=\"col-lg-2 col-md-2 col-sm-2 col-xs-3  no_padding \">\n<p><img decoding=\"async\" src=\"https:\/\/file.hstatic.net\/1000286959\/file\/icon_san_pham__65x65px__ro_shield_copy_5.png\" \/><\/p>\n<p><strong style=\"font-size: 14.4px;\">An to\u00e0n tin c\u1eady\u00a0<\/strong><\/p>\n<\/div>\n<div class=\"col-lg-10 col-md-10 col-sm-10 col-xs-9 \">\n<p>NSF la\u0300 vi\u00ea\u0301t t\u0103\u0301t cu\u0309a National Sanitation Foundation \u2013 T\u1ed5 ch\u1ee9c gi\u00e1m \u0111\u1ecbnh \u0111\u1ed9c l\u1eadp v\u1ec1 an to\u00e0n v\u1ec7 sinh th\u1ef1c ph\u1ea9m v\u00e0 n\u01b0\u1edbc u\u1ed1ng \u0111u\u031b\u01a1\u0323c tha\u0300nh l\u1ea1\u0302p va\u0300o na\u0306m 1944 ta\u0323i My\u0303, s\u01b0\u0301 m\u1eb9\u0302nh cu\u0309a t\u00f4\u0309 ch\u01b0\u0301c la\u0300 ba\u0309o v\u1eb9\u0302 va\u0300 ca\u0309i thi\u1eb9\u0302n s\u01b0\u0301c kho\u0309e con ngu\u031b\u01a1\u0300i tr\u00ean toa\u0300n c\u00e2\u0300u. To\u00e0n b\u1ed9 chi ti\u1ebft c\u1ea5u th\u00e0nh n\u00ean s\u1ea3n ph\u1ea9m m\u00e1y l\u1ecdc n\u01b0\u1edbc A. O. Smith \u0111\u01b0\u1ee3c NSF International ki\u1ec3m tra v\u00e0 ch\u1ee9ng nh\u1eadn \u0111\u1ea1t chu\u1ea9n NSF\/ANSI 58 v\u00e0 42.<\/p>\n<\/div>\n<\/div>\n<div class=\"col-lg-6 col-md-6 col-sm-6 col-xs-12 no_padding  no_padding_mb relative img-resize2\">\n<div class=\"col-lg-10 col-md-10 col-sm-10 col-xs-9 \"><span style=\"font-size: 23.04px;\">CHI TI\u1ebeT S\u1ea2N PH\u1ea8M<\/span><\/div>\n<\/div>\n<\/div>\n<\/div>\n<\/div>\n<\/div>\n<div id=\"tab1\" class=\"product-page gallery padding_top_29 margin_top_40\">\n<div class=\"row\">\n<div class=\"col-lg-12 col-md-12 col-sm-12 col-xs-12 product_detail\">\n<p><img decoding=\"async\" src=\"https:\/\/file.hstatic.net\/1000286959\/file\/fb_1000x1000_01_be4fd56a03f745308eb355da05f1581e.png\" \/><\/p>\n<p><img decoding=\"async\" src=\"https:\/\/file.hstatic.net\/1000286959\/file\/web_1032_02_33031db8506941adb64c4b18b9e1981c.png\" \/><\/p>\n<p><img decoding=\"async\" src=\"https:\/\/file.hstatic.net\/1000286959\/file\/g_2f6cb2b76591425b9a6beafd8f7975bf_2048x2048.png\" \/><\/p>\n<p><img decoding=\"async\" src=\"https:\/\/file.hstatic.net\/1000286959\/file\/web_1032_05_dde774a72be645618b53b3b79c840cd5.png\" \/><\/p>\n<p>&nbsp;<\/p>\n<p>&nbsp;<\/p>\n<p><img decoding=\"async\" src=\"https:\/\/file.hstatic.net\/1000286959\/file\/m2_fd081f1b0aec4d1ea358c5a5bd52d95f_2048x2048.png\" \/><\/p>\n<p><img decoding=\"async\" src=\"https:\/\/file.hstatic.net\/1000286959\/file\/web_1032_10_1_8d0ec2f565c84b8fb1d7709a4d2d4d69.png\" \/><\/p>\n<p><img decoding=\"async\" src=\"https:\/\/file.hstatic.net\/1000286959\/file\/web_1032_11_f18bb43069644d0aabf4f165553a605b.png\" \/><\/p>\n<p>&nbsp;<\/p>\n<p><img decoding=\"async\" src=\"https:\/\/file.hstatic.net\/1000286959\/file\/web_1032_16_8651ba1973084c97a5897b4298c22898.png\" \/><\/p>\n<p><span style=\"font-size: 23.04px; color: #333333;\">TH\u00d4NG S\u1ed0 K\u1ef8 THU\u1eacT<\/span><\/p>\n<\/div>\n<\/div>\n<\/div>\n<div id=\"tab2\" class=\"product-page gallery margin_top_40\">\n<div class=\"row\">\n<div class=\"col-lg-12 col-md-12 col-sm-12 col-xs-12  product_specifications\">\n<table border=\"0\">\n<tbody>\n<tr>\n<td>\n<h3><strong>D\u00f2ng s\u1ea3n ph\u1ea9m<\/strong><\/h3>\n<\/td>\n<td>\n<h3><strong>A. O. Smith G1<\/strong><\/h3>\n<\/td>\n<\/tr>\n<tr>\n<td>Ch\u1ee9c n\u0103ng<\/td>\n<td><em>N\u01b0\u1edbc th\u01b0\u1eddng<\/em><\/td>\n<\/tr>\n<tr>\n<td>\u0110i\u1ec7n \u00e1p \u0111\u1ea7u v\u00e0o<\/td>\n<td><em>AC 220V\/ 50HZ<\/em><\/td>\n<\/tr>\n<tr>\n<td>C\u00f4ng su\u1ea5t (t\u1ed5ng)<\/td>\n<td><em>25 W<\/em><\/td>\n<\/tr>\n<tr>\n<td>Dung t\u00edch b\u00ecnh ch\u1ee9a n\u01b0\u1edbc th\u01b0\u1eddng<\/td>\n<td><em>~6 L<\/em><\/td>\n<\/tr>\n<tr>\n<td>\u00c1p su\u1ea5t n\u01b0\u1edbc c\u1ea5p ph\u00f9 h\u1ee3p<\/td>\n<td><em>0.1MPa ~ 0.35MPa<\/em><\/td>\n<\/tr>\n<tr>\n<td>Nhi\u1ec7t \u0111\u1ed9 n\u01b0\u1edbc c\u1ea5p<\/td>\n<td><em>5\uff5e38\u2103<\/em><\/td>\n<\/tr>\n<tr>\n<td>Ch\u1ea5t l\u01b0\u1ee3ng n\u01b0\u1edbc c\u1ea5p<\/td>\n<td><em>N\u01b0\u1edbc m\u00e1y sinh ho\u1ea1t<\/em><\/td>\n<\/tr>\n<tr>\n<td>C\u00f4ng su\u1ea5t l\u1ecdc<\/td>\n<td><em>75 GPD (11.8L\/h)<\/em><\/td>\n<\/tr>\n<tr>\n<td>Ph\u01b0\u01a1ng ph\u00e1p s\u1ee5c r\u1eeda<\/td>\n<td><em>T\u1ef1 \u0111\u1ed9ng l\u00e0m s\u1ea1ch<\/em><\/td>\n<\/tr>\n<tr>\n<td>Xu\u1ea5t x\u1ee9<\/td>\n<td><em>S\u1ea3n ph\u1ea9m c\u1ee7a t\u1eadp \u0111o\u00e0n A. O. Smith Corporation<\/em><\/p>\n<p><em>S\u1ea3n xu\u1ea5t t\u1ea1i nh\u00e0 m\u00e1y A. O. Smith Environmental Products Co., Ltd.,\u00a0<\/em><em>Trung Qu\u1ed1c<\/em><\/td>\n<\/tr>\n<tr>\n<td>Tr\u1ecdng l\u01b0\u1ee3ng (Kg)<\/td>\n<td><em>11<\/em><\/td>\n<\/tr>\n<tr>\n<td>K\u00edch th\u01b0\u1edbc (R\u1ed9ng x S\u00e2u x Cao) (mm)<\/td>\n<td><em>260 x 410 x 420<\/em><\/td>\n<\/tr>\n<tr>\n<td>V\u00f2i n\u01b0\u1edbc<\/td>\n<td><em>V\u00f2i c\u01a1<\/em><\/td>\n<\/tr>\n<tr>\n<td>M\u00e0u s\u1eafc<\/td>\n<td><em>M\u00e0u tr\u1eafng<\/em><\/td>\n<\/tr>\n<\/tbody>\n<\/table>\n<\/div>\n<\/div>\n<\/div>\n<div id=\"tab4\" class=\"product-page  product-page-basic gallery margin_top_40\">\n<div class=\"row\">\n<div class=\"section-header clearfix\">\n<h2 class=\"section-title title_section   text-center\">H\u00ccNH \u1ea2NH L\u1eaeP \u0110\u1eb6T T\u1ea0I NH\u00c0 KH\u00c1CH H\u00c0NG<\/h2>\n<div class=\"line_\"><\/div>\n<\/div>\n<div class=\"col-lg-12 col-md-12 col-sm-12 col-xs-12 faq\">\n<div id=\"blog\">\n<div class=\"col-md-12 col-sm-12 col-xs-12 no_padding_mb\">\n<div class=\"lSSlideOuter \">\n<div class=\"lSSlideWrapper usingCss\">\n<ul id=\"imageGallery\" class=\"gallery list-unstyled cS-hidden lightSlider lSSlide\">\n<li class=\"clone left\" data-thumb=\"https:\/\/file.hstatic.net\/1000286959\/file\/g-6.6-5_dac9a87d0c0a49a08ada0691c59d50a6.jpg\" data-src=\"https:\/\/file.hstatic.net\/1000286959\/file\/g-6.6-5_dac9a87d0c0a49a08ada0691c59d50a6.jpg\"><img decoding=\"async\" src=\"https:\/\/file.hstatic.net\/1000286959\/file\/g-6.6-5_dac9a87d0c0a49a08ada0691c59d50a6.jpg\" \/><\/li>\n<li class=\"lslide active\" data-thumb=\"https:\/\/file.hstatic.net\/1000286959\/file\/g-6.6-6_2af6f1f4c4544649b709398c796a7c81.jpg\" data-src=\"https:\/\/file.hstatic.net\/1000286959\/file\/g-6.6-6_2af6f1f4c4544649b709398c796a7c81.jpg\"><img decoding=\"async\" src=\"https:\/\/file.hstatic.net\/1000286959\/file\/g-6.6-6_2af6f1f4c4544649b709398c796a7c81.jpg\" \/><\/li>\n<li class=\"lslide\" data-thumb=\"https:\/\/file.hstatic.net\/1000286959\/file\/g-6.6-8_a8d41cb44996424994d029561e763544.jpg\" data-src=\"https:\/\/file.hstatic.net\/1000286959\/file\/g-6.6-8_a8d41cb44996424994d029561e763544.jpg\"><img decoding=\"async\" src=\"https:\/\/file.hstatic.net\/1000286959\/file\/g-6.6-8_a8d41cb44996424994d029561e763544.jpg\" \/><\/li>\n<li class=\"lslide\" data-thumb=\"https:\/\/file.hstatic.net\/1000286959\/file\/g-6.6-5_dac9a87d0c0a49a08ada0691c59d50a6.jpg\" data-src=\"https:\/\/file.hstatic.net\/1000286959\/file\/g-6.6-5_dac9a87d0c0a49a08ada0691c59d50a6.jpg\"><img decoding=\"async\" src=\"https:\/\/file.hstatic.net\/1000286959\/file\/g-6.6-5_dac9a87d0c0a49a08ada0691c59d50a6.jpg\" \/><\/li>\n<li class=\"clone right\" data-thumb=\"https:\/\/file.hstatic.net\/1000286959\/file\/g-6.6-6_2af6f1f4c4544649b709398c796a7c81.jpg\" data-src=\"https:\/\/file.hstatic.net\/1000286959\/file\/g-6.6-6_2af6f1f4c4544649b709398c796a7c81.jpg\"><img decoding=\"async\" src=\"https:\/\/file.hstatic.net\/1000286959\/file\/g-6.6-6_2af6f1f4c4544649b709398c796a7c81.jpg\" \/><\/li>\n<\/ul>\n<div class=\"lSAction\"><\/div>\n<\/div>\n<ul class=\"lSPager lSGallery\">\n<li class=\"active\"><a href=\"https:\/\/www.aosmith.com.vn\/products\/may-loc-nuoc-a-o-smith-g1#\" target=\"_blank\" rel=\"noopener\"><img decoding=\"async\" src=\"https:\/\/file.hstatic.net\/1000286959\/file\/g-6.6-6_2af6f1f4c4544649b709398c796a7c81.jpg\" \/><\/a><\/li>\n<li><a href=\"https:\/\/www.aosmith.com.vn\/products\/may-loc-nuoc-a-o-smith-g1#\" target=\"_blank\" rel=\"noopener\"><img decoding=\"async\" src=\"https:\/\/file.hstatic.net\/1000286959\/file\/g-6.6-8_a8d41cb44996424994d029561e763544.jpg\" \/><\/a><\/li>\n<li><a href=\"https:\/\/www.aosmith.com.vn\/products\/may-loc-nuoc-a-o-smith-g1#\" target=\"_blank\" rel=\"noopener\"><img decoding=\"async\" src=\"https:\/\/file.hstatic.net\/1000286959\/file\/g-6.6-5_dac9a87d0c0a49a08ada0691c59d50a6.jpg\" \/><\/a><\/li>\n<\/ul>\n<\/div>\n<\/div>\n<\/div>\n<\/div>\n<\/div>\n<\/div>\n<div id=\"tab3\" class=\"product-page margin_top_40\">\n<div class=\"row\"><\/div>\n<\/div>\n","protected":false},"excerpt":{"rendered":"<p>Thi\u1ebft k\u1ebf \u0111\u1eb9p, l\u1eafp \u0111\u1eb7t thu\u1eadn ti\u1ec7n, c\u1ea3nh b\u00e1o thay th\u1ebf l\u00f5i l\u1ecdc t\u00edch h\u1ee3p tr\u00ean th\u00e2n m\u00e1y \u0111\u1ea3m b\u1ea3o ngu\u1ed3n n\u01b0\u1edbc tinh khi\u1ebft cho c\u1ea3 nh\u00e0.<\/p>\n<p>&nbsp;<\/p>\n<p>C\u00f4ng ngh\u1ec7 RO &#8211; Side Stream: Gi\u00fap gi\u1ea3m \u0111\u00e1ng k\u1ec3 l\u01b0\u1ee3ng n\u01b0\u1edbc th\u1ea3i, k\u00e9o d\u00e0i tu\u1ed5i th\u1ecd m\u00e0ng l\u1ecdc \u0111\u1ebfn 3 n\u0103m.<\/p>\n<p>EMS 2.0: H\u1ec7 th\u1ed1ng gi\u00e1m s\u00e1t \u0111i\u1ec7n t\u1eed th\u1ebf h\u1ec7 m\u1edbi theo d\u00f5i v\u00e0 c\u1ea3nh b\u00e1o t\u00ecnh tr\u1ea1ng v\u1eadn h\u00e0nh c\u1ee7a m\u00e1y l\u1ecdc n\u01b0\u1edbc.<\/p>\n<p>M\u00c0N H\u00ccNH LED: hi\u1ec3n th\u1ecb \u0111\u1ea7y \u0111\u1ee7 th\u00f4ng tin, gi\u00fap ki\u1ec3m so\u00e1t m\u00e1y d\u1ec5 d\u00e0ng.<\/p>\n<p>Thi\u1ebft k\u1ebf tinh t\u1ebf v\u1edbi v\u1ecf k\u00edn nh\u1ecf g\u1ecdn v\u00e0 ti\u1ec7n nghi.<\/p>\n<p>A. O. Smith &#8211; Th\u01b0\u01a1ng hi\u1ec7u m\u00e1y l\u1ecdc n\u01b0\u1edbc xu\u1ea5t s\u1eafc nh\u1ea5t 2 n\u0103m li\u00ean ti\u1ebfp\u00a02021 &amp; 2022 do ng\u01b0\u1eddi ti\u00eau d\u00f9ng v\u00e0 c\u00e1c chuy\u00ean gia c\u00f4ng ngh\u1ec7 b\u00ecnh ch\u1ecdn t\u1ea1i s\u1ef1 ki\u1ec7n Tech Award t\u1ed5 ch\u1ee9c b\u1edfi VnExpress.<\/p>\n","protected":false},"featured_media":3587,"comment_status":"open","ping_status":"closed","template":"","meta":[],"product_brand":[],"product_cat":[83,107],"product_tag":[],"class_list":{"0":"post-3585","1":"product","2":"type-product","3":"status-publish","4":"has-post-thumbnail","6":"product_cat-may-loc-nuoc","7":"product_cat-ao-smith","9":"first","10":"instock","11":"shipping-taxable","12":"product-type-simple"},"_links":{"self":[{"href":"https:\/\/nhadepbepxinh.com.vn\/index.php?rest_route=\/wp\/v2\/product\/3585","targetHints":{"allow":["GET"]}}],"collection":[{"href":"https:\/\/nhadepbepxinh.com.vn\/index.php?rest_route=\/wp\/v2\/product"}],"about":[{"href":"https:\/\/nhadepbepxinh.com.vn\/index.php?rest_route=\/wp\/v2\/types\/product"}],"replies":[{"embeddable":true,"href":"https:\/\/nhadepbepxinh.com.vn\/index.php?rest_route=%2Fwp%2Fv2%2Fcomments&post=3585"}],"wp:featuredmedia":[{"embeddable":true,"href":"https:\/\/nhadepbepxinh.com.vn\/index.php?rest_route=\/wp\/v2\/media\/3587"}],"wp:attachment":[{"href":"https:\/\/nhadepbepxinh.com.vn\/index.php?rest_route=%2Fwp%2Fv2%2Fmedia&parent=3585"}],"wp:term":[{"taxonomy":"product_brand","embeddable":true,"href":"https:\/\/nhadepbepxinh.com.vn\/index.php?rest_route=%2Fwp%2Fv2%2Fproduct_brand&post=3585"},{"taxonomy":"product_cat","embeddable":true,"href":"https:\/\/nhadepbepxinh.com.vn\/index.php?rest_route=%2Fwp%2Fv2%2Fproduct_cat&post=3585"},{"taxonomy":"product_tag","embeddable":true,"href":"https:\/\/nhadepbepxinh.com.vn\/index.php?rest_route=%2Fwp%2Fv2%2Fproduct_tag&post=3585"}],"curies":[{"name":"wp","href":"https:\/\/api.w.org\/{rel}","templated":true}]}}