{"id":3524,"date":"2025-04-03T17:17:57","date_gmt":"2025-04-03T10:17:57","guid":{"rendered":"https:\/\/nhadepbepxinh.com.vn\/?post_type=product&#038;p=3524"},"modified":"2025-04-03T17:26:31","modified_gmt":"2025-04-03T10:26:31","slug":"robot-hut-bui-lau-nha-xiaomi-lydsto-ym-l1-w03","status":"publish","type":"product","link":"https:\/\/nhadepbepxinh.com.vn\/?product=robot-hut-bui-lau-nha-xiaomi-lydsto-ym-l1-w03","title":{"rendered":"ROBOT HU\u0301T BU\u0323I LAU NHA\u0300 XIAOMI Lydsto YM-L1-W03"},"content":{"rendered":"<div class=\"title_module_main heading-bar d-flex justify-content-between align-items-center\">\n<h2 class=\"heading-bar__title \">\u0110\u1eb6C \u0110I\u1ec2M N\u1ed4I B\u1eacT<\/h2>\n<\/div>\n<div id=\"ega-uti-editable-content\" class=\"rte js-product-getcontent product_getcontent pos-relative\" data-platform=\"haravan\" data-id=\"1051167380\">\n<div id=\"content\" class=\"content js-content\">\n<p>Robot H\u00fat B\u1ee5i Lau Nh\u00e0 Xiaomi Lydsto YM &#8211; L1 &#8211; W03 T\u00edch H\u1ee3p C\u00f4ng Ngh\u1ec7 Tr\u00ed Tu\u1ec7 Nh\u00e2n T\u1ea1o<\/p>\n<p>Robot h\u00fat b\u1ee5i kh\u00f4 v\u00e0 \u01b0\u1edbt \u0111a n\u0103ng Lydsto YM &#8211; L1 &#8211; W03 l\u00e0 m\u1ed9t s\u1ea3n ph\u1ea9m c\u00f4ng ngh\u1ec7 ti\u00ean ti\u1ebfn v\u1edbi nhi\u1ec1u t\u00ednh n\u0103ng th\u00f4ng minh v\u00e0 ti\u1ec7n \u00edch cho ng\u01b0\u1eddi d\u00f9ng<\/p>\n<p><img decoding=\"async\" src=\"https:\/\/lzd-img-global.slatic.net\/g\/p\/44409fa98aeff2ad0310f709d66f09a6.png_2200x2200q80.png_.webp\" \/><\/p>\n<p>*H\u00fat b\u1ee5i v\u00e0 lau nh\u00e0 \u0111a n\u0103ng:<\/p>\n<p>Robot h\u00fat b\u1ee5i kh\u00f4 v\u00e0 \u01b0\u1edbt Xiaomi Lydsto YM &#8211; L1 &#8211; W03 c\u00f3 th\u1ec3 h\u00fat b\u1ee5i v\u00e0 lau nh\u00e0 \u0111a n\u0103ng tr\u00ean nhi\u1ec1u b\u1ec1 m\u1eb7t nh\u01b0 s\u00e0n nh\u00e0 c\u1ee9ng, th\u1ea3m, g\u1ea1ch men, v\u00e0 s\u00e0n nh\u00e0 g\u1ed7. Robot Lydsto L1 W03 c\u00f3 \u0111\u1ea7u h\u00fat b\u1ee5i v\u00e0 b\u00e0n ch\u1ea3i ch\u1ed5i d\u1ea1ng V \u0111\u1ec3 \u0111\u1ea3m b\u1ea3o l\u00e0m s\u1ea1ch s\u00e2u v\u00e0 hi\u1ec7u qu\u1ea3.<\/p>\n<p>*Kh\u1ea3 n\u0103ng h\u00fat b\u1ee5i v\u00e0 lau nh\u00e0 \u0111a t\u1ea7ng:<\/p>\n<p>Robot h\u00fat b\u1ee5i lau nh\u00e0 Miaomi Lydsto YM &#8211; L1 &#8211; W03 c\u00f3 th\u1ec3 di chuy\u1ec3n v\u00e0 l\u00e0m s\u1ea1ch tr\u00ean nhi\u1ec1u t\u1ea7ng nh\u00e0, t\u1eeb t\u1ea7ng tr\u1ec7t \u0111\u1ebfn t\u1ea7ng tr\u00ean c\u00f9ng, nh\u1edd v\u00e0o h\u1ec7 th\u1ed1ng c\u1ea3m bi\u1ebfn v\u00f4 h\u01b0\u1edbng v\u00e0 h\u1ec7 th\u1ed1ng di chuy\u1ec3n th\u00f4ng minh.<\/p>\n<p><img decoding=\"async\" src=\"https:\/\/lzd-img-global.slatic.net\/g\/p\/6216f3123823f5243b31393740351dea.png_2200x2200q80.png_.webp\" \/><\/p>\n<p>*Ch\u1ebf \u0111\u1ed9 l\u00e0m s\u1ea1ch \u01b0\u1edbt v\u00e0 kh\u00f4:<\/p>\n<p>Robot Lydsto YM &#8211; L1 &#8211; W03 c\u00f3 kh\u1ea3 n\u0103ng l\u00e0m s\u1ea1ch b\u1eb1ng n\u01b0\u1edbc v\u00e0 c\u1ea3 kh\u00f4. Robot L1 W03 c\u00f3 th\u1ec3 th\u1ef1c hi\u1ec7n c\u00e1c ch\u1ebf \u0111\u1ed9 l\u00e0m s\u1ea1ch kh\u00e1c nhau nh\u01b0: lau kh\u00f4, lau \u01b0\u1edbt, lau \u01b0\u1edbt v\u00e0 h\u00fat, ho\u1eb7c ch\u1ec9 h\u00fat b\u1ee5i.<\/p>\n<p>*T\u00edch h\u1ee3p tr\u00ed tu\u1ec7 nh\u00e2n t\u1ea1o:<\/p>\n<p>Robot h\u00fat b\u1ee5i Lydsto YM &#8211; L1 &#8211; W03 \u0111\u01b0\u1ee3c t\u00edch h\u1ee3p tr\u00ed tu\u1ec7 nh\u00e2n t\u1ea1o \u0111\u1ec3 c\u00f3 th\u1ec3 t\u1ef1 \u0111\u1ed9ng ph\u00e1t hi\u1ec7n c\u00e1c v\u1eadt c\u1ea3n v\u00e0 tr\u00e1nh va ch\u1ea1m. Ngo\u00e0i ra, robot c\u00f2n c\u00f3 kh\u1ea3 n\u0103ng nh\u1eadn di\u1ec7n c\u00e1c v\u1eadt th\u1ec3 nh\u01b0 \u0111\u1ed3 ch\u01a1i, gi\u00e0y d\u00e9p v\u00e0 h\u00fat ch\u00fang v\u00e0o th\u00f9ng ch\u1ee9a r\u00e1c.<\/p>\n<p><img decoding=\"async\" src=\"https:\/\/lzd-img-global.slatic.net\/g\/p\/76bd463d93ec4652018fda28dbbbf077.png_2200x2200q80.png_.webp\" \/><\/p>\n<p><img decoding=\"async\" src=\"https:\/\/lzd-img-global.slatic.net\/g\/p\/6a6032b26d5f7733434d6bab0184cbde.png_2200x2200q80.png_.webp\" \/><\/p>\n<p>*\u0110i\u1ec1u khi\u1ec3n qua \u1ee9ng d\u1ee5ng:<\/p>\n<p>Ng\u01b0\u1eddi d\u00f9ng c\u00f3 th\u1ec3 \u0111i\u1ec1u khi\u1ec3n v\u00e0 l\u1eadp l\u1ecbch l\u00e0m vi\u1ec7c cho robot th\u00f4ng qua \u1ee9ng d\u1ee5ng \u0111i\u1ec7n tho\u1ea1i. \u1ee8ng d\u1ee5ng c\u00f2n cho ph\u00e9p ng\u01b0\u1eddi d\u00f9ng xem l\u1ea1i l\u1ecbch s\u1eed l\u00e0m vi\u1ec7c c\u1ee7a robot v\u00e0 ki\u1ec3m tra tr\u1ea1ng th\u00e1i ho\u1ea1t \u0111\u1ed9ng c\u1ee7a m\u00e1y.<\/p>\n<p>Robot h\u00fat b\u1ee5i kh\u00f4 v\u00e0 \u01b0\u1edbt \u0111a n\u0103ng Xiaomi Lydsto YM &#8211; L1 &#8211; W03 l\u00e0 m\u1ed9t s\u1ea3n ph\u1ea9m th\u00f4ng minh v\u00e0 ti\u1ec7n \u00edch cho ng\u01b0\u1eddi d\u00f9ng, v\u1edbi nhi\u1ec1u t\u00ednh n\u0103ng \u0111a n\u0103ng v\u00e0 linh ho\u1ea1t trong vi\u1ec7c l\u00e0m s\u1ea1ch s\u00e0n nh\u00e0.<\/p>\n<p>TH\u00d4NG S\u1ed0 ROBOT H\u00daT B\u1ee4I LAU NH\u00c0 XIAOMI LYDSTO L1 W03<\/p>\n<ul>\n<li>\u0110i\u1ec1u h\u01b0\u1edbng LDS + SLAM + Tr\u00e1nh ch\u01b0\u1edbng ng\u1ea1i v\u1eadt 3D<\/li>\n<li>M\u00e0u s\u1eafc\uff1atr\u1eafng<\/li>\n<li>H\u1ed9p ch\u1ee9a b\u1ee5i 300ml\/ ng\u0103n ch\u1ee9a n\u01b0\u1edbc 250ml<\/li>\n<li>C\u00f4ng su\u1ea5t h\u1ea5p th\u1ee5 t\u1ed1i \u0111a: 3000pa<\/li>\n<li>Di\u1ec7n t\u00edch l\u00e0m s\u1ea1ch: 150\u33a1(MAX)<\/li>\n<li>Dung l\u01b0\u1ee3ng pin: 5200mAh<\/li>\n<li>H\u00fat b\u1ee5i: H\u1ed7 tr\u1ee3, M\u00e0n h\u00ecnh Led, Kh\u1eed tr\u00f9ng Ozone<\/li>\n<\/ul>\n<p><img decoding=\"async\" src=\"https:\/\/lzd-img-global.slatic.net\/g\/p\/7816f4f5e101b78bcf480eceee0e7844.jpg_2200x2200q80.jpg_.webp\" \/><\/p>\n<\/div>\n<\/div>\n","protected":false},"excerpt":{"rendered":"<p>\u0110\u1eb6C \u0110I\u1ec2M N\u1ed4I B\u1eacT Robot H\u00fat B\u1ee5i Lau Nh\u00e0 Xiaomi Lydsto YM &#8211; L1 &#8211; W03 T\u00edch H\u1ee3p C\u00f4ng Ngh\u1ec7 Tr\u00ed Tu\u1ec7 Nh\u00e2n T\u1ea1o Robot h\u00fat b\u1ee5i kh\u00f4 v\u00e0 \u01b0\u1edbt \u0111a n\u0103ng Lydsto YM &#8211; L1 &#8211; W03 l\u00e0 m\u1ed9t s\u1ea3n ph\u1ea9m c\u00f4ng ngh\u1ec7 ti\u00ean ti\u1ebfn v\u1edbi nhi\u1ec1u t\u00ednh n\u0103ng th\u00f4ng minh v\u00e0 ti\u1ec7n \u00edch&#8230;<\/p>\n","protected":false},"featured_media":3525,"comment_status":"open","ping_status":"closed","template":"","meta":[],"product_brand":[],"product_cat":[86,105],"product_tag":[],"class_list":{"0":"post-3524","1":"product","2":"type-product","3":"status-publish","4":"has-post-thumbnail","6":"product_cat-robot-may-hut-bui-lau-nha","7":"product_cat-xiaomi","9":"first","10":"instock","11":"shipping-taxable","12":"product-type-simple"},"_links":{"self":[{"href":"https:\/\/nhadepbepxinh.com.vn\/index.php?rest_route=\/wp\/v2\/product\/3524","targetHints":{"allow":["GET"]}}],"collection":[{"href":"https:\/\/nhadepbepxinh.com.vn\/index.php?rest_route=\/wp\/v2\/product"}],"about":[{"href":"https:\/\/nhadepbepxinh.com.vn\/index.php?rest_route=\/wp\/v2\/types\/product"}],"replies":[{"embeddable":true,"href":"https:\/\/nhadepbepxinh.com.vn\/index.php?rest_route=%2Fwp%2Fv2%2Fcomments&post=3524"}],"wp:featuredmedia":[{"embeddable":true,"href":"https:\/\/nhadepbepxinh.com.vn\/index.php?rest_route=\/wp\/v2\/media\/3525"}],"wp:attachment":[{"href":"https:\/\/nhadepbepxinh.com.vn\/index.php?rest_route=%2Fwp%2Fv2%2Fmedia&parent=3524"}],"wp:term":[{"taxonomy":"product_brand","embeddable":true,"href":"https:\/\/nhadepbepxinh.com.vn\/index.php?rest_route=%2Fwp%2Fv2%2Fproduct_brand&post=3524"},{"taxonomy":"product_cat","embeddable":true,"href":"https:\/\/nhadepbepxinh.com.vn\/index.php?rest_route=%2Fwp%2Fv2%2Fproduct_cat&post=3524"},{"taxonomy":"product_tag","embeddable":true,"href":"https:\/\/nhadepbepxinh.com.vn\/index.php?rest_route=%2Fwp%2Fv2%2Fproduct_tag&post=3524"}],"curies":[{"name":"wp","href":"https:\/\/api.w.org\/{rel}","templated":true}]}}