{"id":3458,"date":"2025-04-03T16:46:49","date_gmt":"2025-04-03T09:46:49","guid":{"rendered":"https:\/\/nhadepbepxinh.com.vn\/?post_type=product&#038;p=3458"},"modified":"2025-04-03T17:27:39","modified_gmt":"2025-04-03T10:27:39","slug":"ecovacs-deebot-x8-pro-omni-2025","status":"publish","type":"product","link":"https:\/\/nhadepbepxinh.com.vn\/?product=ecovacs-deebot-x8-pro-omni-2025","title":{"rendered":"ECOVACS DEEBOT X8 Pro Omni 2025"},"content":{"rendered":"<p>Robot h\u00fat b\u1ee5i lau nh\u00e0\u00a0<strong>Ecovacs Deebot\u00a0<a href=\"http:\/\/ecovacsdeebot.com\/Ecovacs-X-Series\/Robot-Hut-Bui-Lau-Nha-Ecovacs-Deebot-X8-Pro-Omni-2025.html\" target=\"_blank\" rel=\"noopener\">X8 Pro Omni<\/a><\/strong>\u00a0l\u00e0 d\u00f2ng s\u1ea3n ph\u1ea9m cao c\u1ea5p c\u1ee7a Ecovacs, n\u1ed5i b\u1eadt v\u1edbi nh\u1eefng c\u1ea3i ti\u1ebfn v\u00e0 c\u00f4ng ngh\u1ec7 ti\u00ean ti\u1ebfn, mang \u0111\u1ebfn hi\u1ec7u qu\u1ea3 l\u00e0m s\u1ea1ch v\u01b0\u1ee3t tr\u1ed9i. \u0110\u00e2y l\u00e0 robot lau nh\u00e0 \u0111\u1ea7u ti\u00ean tr\u00ean th\u1ebf gi\u1edbi s\u1eed d\u1ee5ng c\u00f4ng ngh\u1ec7 t\u00e1i t\u1ea1o n\u01b0\u1edbc \u00e1p su\u1ea5t kh\u00f4ng \u0111\u1ed5i\u00a0<strong>OZMO Roller<\/strong>, c\u00f9ng v\u1edbi nhi\u1ec1u t\u00ednh n\u0103ng \u0111\u1ed9c \u0111\u00e1o kh\u00e1c nh\u01b0 l\u1ef1c h\u00fat si\u00eau m\u1ea1nh\u00a0<strong>18000Pa<\/strong>, c\u00f4ng ngh\u1ec7 l\u1eadp b\u1ea3n \u0111\u1ed3\u00a0<strong>TrueMapping 2.0<\/strong>, lau c\u1ea1nh\u00a0<strong>TruEdge 2.0<\/strong>, v\u00e0 h\u1ec7 th\u1ed1ng ch\u1ed1ng r\u1ed1i\u00a0<strong>ZeroTangle 2.0<\/strong>. Thi\u1ebft b\u1ecb n\u00e0y \u0111\u1ea3m b\u1ea3o l\u00e0m s\u1ea1ch m\u1ecdi ng\u00f3c ng\u00e1ch trong nh\u00e0, k\u1ec3 c\u1ea3 nh\u1eefng khu v\u1ef1c kh\u00f3 v\u1ec7 sinh nh\u1ea5t.<\/p>\n<p><img decoding=\"async\" src=\"https:\/\/ecovacsdeebot.com\/public\/upload\/images\/robot%20h%C3%BAt%20b%E1%BB%A5i%20x8%20pro\/robot%20hhut%20bui%20lau%20nha%2011.jpg\" \/><\/p>\n<h3><strong>C\u00f4ng ngh\u1ec7 t\u00e1i t\u1ea1o n\u01b0\u1edbc OZMO Roller<\/strong><\/h3>\n<p>Ecovacs Deebot X8 Pro Omni \u0111\u01b0\u1ee3c trang b\u1ecb c\u00f4ng ngh\u1ec7 lau s\u00e0n\u00a0<strong>OZMO Roller<\/strong>\u00a0\u0111\u1ed9c quy\u1ec1n. C\u00f4ng ngh\u1ec7 n\u00e0y s\u1eed d\u1ee5ng m\u1ed9t con l\u0103n xoay li\u00ean t\u1ee5c \u0111\u1ec3 t\u1ea1o ra \u00e1p l\u1ef1c m\u1ea1nh m\u1ebd, gi\u00fap lo\u1ea1i b\u1ecf nh\u1eefng v\u1ebft b\u1ea9n c\u1ee9ng \u0111\u1ea7u b\u00e1m ch\u1eb7t tr\u00ean s\u00e0n nh\u00e0. B\u1ec1 m\u1eb7t c\u1ee7a kh\u0103n lau s\u1ebd \u0111i qua m\u1ed9t b\u1ed9 ph\u1eadn c\u1ea1o t\u1ea1i m\u1ed7i cu\u1ed9n \u0111\u1ec3 lo\u1ea1i b\u1ecf b\u1ee5i b\u1ea9n v\u00e0 n\u01b0\u1edbc th\u1ea3i. Sau \u0111\u00f3, kh\u0103n \u0111\u01b0\u1ee3c gi\u1eb7t l\u1ea1i b\u1eb1ng n\u01b0\u1edbc s\u1ea1ch t\u1eeb 16 v\u00f2i phun nh\u1ecf li ti, \u0111\u1ea3m b\u1ea3o lu\u00f4n \u1ea9m \u0111\u1ec3 s\u1eb5n s\u00e0ng ti\u1ebfp t\u1ee5c lau s\u1ea1ch. T\u1ed1c \u0111\u1ed9 l\u00e0m s\u1ea1ch l\u00ean \u0111\u1ebfn\u00a0<strong>200 l\u1ea7n m\u1ed7i ph\u00fat<\/strong>, gi\u00fap ng\u0103n ng\u1eeba vi khu\u1ea9n l\u00e2y lan v\u00e0 duy tr\u00ec s\u00e0n nh\u00e0 lu\u00f4n s\u1ea1ch b\u00f3ng.<\/p>\n<p><img decoding=\"async\" src=\"https:\/\/ecovacsdeebot.com\/public\/upload\/images\/robot%20h%C3%BAt%20b%E1%BB%A5i%20x8%20pro\/robot%20hhut%20bui%20lau%20nha%2012.jpg\" \/><\/p>\n<h3><strong>L\u1ef1c h\u00fat 13000Pa si\u00eau m\u1ea1nh<\/strong><\/h3>\n<p>Deebot X8 Pro Omni s\u1edf h\u1eefu l\u1ef1c h\u00fat\u00a0<strong>13000Pa<\/strong>, thu\u1ed9c h\u00e0ng m\u1ea1nh nh\u1ea5t trong c\u00e1c d\u00f2ng robot h\u00fat b\u1ee5i hi\u1ec7n nay. L\u1ef1c h\u00fat m\u1ea1nh m\u1ebd n\u00e0y gi\u00fap robot d\u1ec5 d\u00e0ng h\u00fat s\u1ea1ch m\u1ecdi lo\u1ea1i b\u1ee5i b\u1ea9n, k\u1ec3 c\u1ea3 nh\u1eefng h\u1ea1t b\u1ee5i li ti b\u00e1m s\u00e2u trong th\u1ea3m. V\u1edbi l\u1ef1c h\u00fat si\u00eau m\u1ea1nh, Deebot X8 Pro Omni \u0111\u1ea3m b\u1ea3o l\u00e0m s\u1ea1ch t\u1eeb c\u00e1c b\u1ec1 m\u1eb7t s\u00e0n g\u1ed7 \u0111\u1ebfn th\u1ea3m l\u00f4ng, mang \u0111\u1ebfn s\u1ef1 s\u1ea1ch s\u1ebd to\u00e0n di\u1ec7n cho ng\u00f4i nh\u00e0 c\u1ee7a b\u1ea1n.<\/p>\n<p><img decoding=\"async\" src=\"https:\/\/ecovacsdeebot.com\/public\/upload\/images\/robot%20h%C3%BAt%20b%E1%BB%A5i%20x8%20pro\/robot%20hhut%20bui%20lau%20nha%2021.jpg\" \/><\/p>\n<h3><strong>C\u00f4ng ngh\u1ec7 TruEdge 2.0 &#8211; L\u00e0m s\u1ea1ch c\u1ea1nh tri\u1ec7t \u0111\u1ec3<\/strong><\/h3>\n<p>Robot Deebot X8 Pro Omni trang b\u1ecb c\u00f4ng ngh\u1ec7\u00a0<strong>TruEdge 2.0<\/strong>\u00a0gi\u00fap robot c\u00f3 kh\u1ea3 n\u0103ng lau s\u1ea1ch hi\u1ec7u qu\u1ea3 h\u01a1n \u1edf nh\u1eefng khu v\u1ef1c g\u1ea7n m\u00e9p t\u01b0\u1eddng, ch\u00e2n b\u00e0n, v\u00e0 nh\u1eefng n\u01a1i kh\u00f3 ti\u1ebfp c\u1eadn. C\u1ea3m bi\u1ebfn\u00a0<strong>TruEdge 3D<\/strong>\u00a0nh\u1eadn di\u1ec7n m\u00e9p t\u01b0\u1eddng v\u00e0 \u0111i\u1ec1u ch\u1ec9nh b\u00e0n ch\u1ea3i b\u00ean m\u1edf r\u1ed9ng \u0111\u1ec3 bao ph\u1ee7 to\u00e0n b\u1ed9 khu v\u1ef1c m\u00e0 b\u00e0n ch\u1ea3i b\u00ecnh th\u01b0\u1eddng kh\u00f4ng v\u1edbi t\u1edbi. \u0110i\u1ec1u n\u00e0y \u0111\u1ea3m b\u1ea3o robot kh\u00f4ng b\u1ecf s\u00f3t b\u1ea5t k\u1ef3 h\u1ea1t b\u1ee5i n\u00e0o tr\u00ean s\u00e0n nh\u00e0.<\/p>\n<p><img decoding=\"async\" src=\"https:\/\/ecovacsdeebot.com\/public\/upload\/images\/robot%20h%C3%BAt%20b%E1%BB%A5i%20x8%20pro\/robot%20hhut%20bui%20lau%20nha%2013.jpg\" \/><\/p>\n<h3><strong>Ch\u1ed1ng r\u1ed1i ZeroTangle 2.0 &#8211; Gi\u1ea3i quy\u1ebft v\u1ea5n \u0111\u1ec1 t\u00f3c r\u1ed1i<\/strong><\/h3>\n<p>M\u1ed9t \u0111i\u1ec3m n\u1ed5i b\u1eadt kh\u00e1c l\u00e0 h\u1ec7 th\u1ed1ng ch\u1ed1ng r\u1ed1i\u00a0<strong>ZeroTangle 2.0<\/strong>, v\u1edbi c\u1ea5u tr\u00fac b\u00e0n ch\u1ea3i h\u00ecnh ch\u1eef V gi\u00fap robot x\u1eed l\u00fd t\u00f3c v\u00e0 l\u00f4ng th\u00fa c\u01b0ng m\u1ed9t c\u00e1ch d\u1ec5 d\u00e0ng. H\u1ec7 th\u1ed1ng b\u00e0n ch\u1ea3i xo\u1eafn \u1ed1c v\u1edbi c\u00e1c r\u0103ng l\u01b0\u1ee3c gi\u00fap t\u00e1ch t\u00f3c v\u00e0 l\u00f4ng, gi\u1eef cho ch\u00fang kh\u00f4ng b\u1ecb m\u1eafc k\u1eb9t v\u00e0o robot. \u0110i\u1ec1u n\u00e0y gi\u00fap Deebot X8 Pro Omni l\u00e0m s\u1ea1ch hi\u1ec7u qu\u1ea3 m\u00e0 kh\u00f4ng lo b\u1ecb t\u1eafc ngh\u1ebdn, t\u1ed1i \u01b0u h\u00f3a hi\u1ec7u su\u1ea5t l\u00e0m vi\u1ec7c.<\/p>\n<p><img decoding=\"async\" src=\"https:\/\/ecovacsdeebot.com\/public\/upload\/images\/robot%20h%C3%BAt%20b%E1%BB%A5i%20x8%20pro\/robot%20hhut%20bui%20lau%20nha%2014.jpg\" \/><\/p>\n<h3><strong>TrueMapping 2.0 &#8211; L\u1eadp b\u1ea3n \u0111\u1ed3 th\u00f4ng minh, \u0111i\u1ec1u h\u01b0\u1edbng ch\u00ednh x\u00e1c<\/strong><\/h3>\n<p>C\u00f4ng ngh\u1ec7 l\u1eadp b\u1ea3n \u0111\u1ed3\u00a0<strong>TrueMapping 2.0<\/strong>\u00a0ti\u00ean ti\u1ebfn cho ph\u00e9p robot Deebot X8 Pro Omni l\u1eadp b\u1ea3n \u0111\u1ed3 ng\u00f4i nh\u00e0 nhanh ch\u00f3ng v\u00e0 ch\u00ednh x\u00e1c \u0111\u1ebfn t\u1eebng centimet. Sau khi l\u1eadp b\u1ea3n \u0111\u1ed3, robot s\u1ebd t\u1ef1 \u0111\u1ed9ng l\u00ean k\u1ebf ho\u1ea1ch \u0111\u01b0\u1eddng \u0111i t\u1ed1i \u01b0u \u0111\u1ec3 l\u00e0m s\u1ea1ch to\u00e0n b\u1ed9 kh\u00f4ng gian, tr\u00e1nh va ch\u1ea1m v\u1edbi c\u00e1c v\u1eadt c\u1ea3n nh\u01b0 \u0111\u1ed3 n\u1ed9i th\u1ea5t. \u0110\u1eb7c bi\u1ec7t, robot c\u00f3 kh\u1ea3 n\u0103ng ph\u00e2n bi\u1ec7t b\u1ec1 m\u1eb7t s\u00e0n kh\u00e1c nhau (th\u1ea3m, s\u00e0n g\u1ed7) \u0111\u1ec3 \u0111i\u1ec1u ch\u1ec9nh l\u1ef1c h\u00fat v\u00e0 l\u01b0\u1ee3ng n\u01b0\u1edbc ph\u00f9 h\u1ee3p, \u0111\u1ea3m b\u1ea3o hi\u1ec7u qu\u1ea3 l\u00e0m s\u1ea1ch t\u1ed1i \u0111a.<\/p>\n<p><img decoding=\"async\" src=\"https:\/\/ecovacsdeebot.com\/public\/upload\/images\/robot%20h%C3%BAt%20b%E1%BB%A5i%20x8%20pro\/robot%20hhut%20bui%20lau%20nha%2020.jpg\" \/><\/p>\n<h3><strong>Dung l\u01b0\u1ee3ng pin l\u1edbn v\u00e0 t\u1ef1 \u0111\u1ed9ng gi\u1eb7t kh\u0103n lau<\/strong><\/h3>\n<p>Robot h\u00fat b\u1ee5i Deebot X8 Pro Omni \u0111\u01b0\u1ee3c trang b\u1ecb pin dung l\u01b0\u1ee3ng l\u1edbn\u00a0<strong>6400mAh<\/strong>, cho ph\u00e9p ho\u1ea1t \u0111\u1ed9ng li\u00ean t\u1ee5c trong th\u1eddi gian d\u00e0i, ph\u00f9 h\u1ee3p v\u1edbi c\u00e1c ng\u00f4i nh\u00e0 c\u00f3 di\u1ec7n t\u00edch l\u1edbn. Sau khi l\u00e0m s\u1ea1ch, robot s\u1ebd t\u1ef1 \u0111\u1ed9ng quay v\u1ec1 tr\u1ea1m s\u1ea1c\u00a0<strong>OMNI<\/strong>\u00a0\u0111\u1ec3 gi\u1eb7t v\u00e0 s\u1ea5y kh\u00f4 kh\u0103n lau \u1edf m\u1ee9c nhi\u1ec7t\u00a0<strong>63\u00b0C<\/strong>, \u0111\u1ea3m b\u1ea3o kh\u0103n lau lu\u00f4n s\u1ea1ch s\u1ebd, ng\u0103n ng\u1eeba vi khu\u1ea9n v\u00e0 n\u1ea5m m\u1ed1c ph\u00e1t tri\u1ec3n. \u0110\u00e2y l\u00e0 t\u00ednh n\u0103ng n\u1ed5i b\u1eadt gi\u00fap robot t\u1ef1 \u0111\u1ed9ng v\u1ec7 sinh m\u00e0 kh\u00f4ng c\u1ea7n can thi\u1ec7p t\u1eeb ng\u01b0\u1eddi d\u00f9ng, mang l\u1ea1i s\u1ef1 ti\u1ec7n l\u1ee3i t\u1ed1i \u0111a.<\/p>\n<p><img decoding=\"async\" src=\"https:\/\/ecovacsdeebot.com\/public\/upload\/images\/robot%20h%C3%BAt%20b%E1%BB%A5i%20x8%20pro\/robot%20hhut%20bui%20lau%20nha%2016.jpg\" \/><\/p>\n<h3><strong>Tr\u1ea1m s\u1ea1c OMNI nh\u1ecf g\u1ecdn, dung t\u00edch b\u00ecnh ch\u1ee9a l\u1edbn<\/strong><\/h3>\n<p>Tr\u1ea1m s\u1ea1c\u00a0<strong>OMNI<\/strong>\u00a0c\u1ee7a Deebot X8 Pro Omni \u0111\u01b0\u1ee3c thi\u1ebft k\u1ebf nh\u1ecf g\u1ecdn nh\u01b0ng l\u1ea1i c\u00f3 dung t\u00edch l\u1edbn. H\u1ed9p ch\u1ee9a b\u1ee5i 3L gi\u00fap b\u1ea1n kh\u00f4ng c\u1ea7n ph\u1ea3i \u0111\u1ed5 r\u00e1c th\u01b0\u1eddng xuy\u00ean, ti\u1ebft ki\u1ec7m th\u1eddi gian. B\u00ecnh ch\u1ee9a n\u01b0\u1edbc s\u1ea1ch 4L \u0111\u00e1p \u1ee9ng \u0111\u1ee7 cho vi\u1ec7c lau d\u1ecdn kh\u00f4ng gian l\u1edbn nh\u01b0 ph\u00f2ng kh\u00e1ch ho\u1eb7c ph\u00f2ng ng\u1ee7 m\u00e0 kh\u00f4ng c\u1ea7n n\u1ea1p th\u00eam n\u01b0\u1edbc.<\/p>\n<p><img decoding=\"async\" src=\"https:\/\/ecovacsdeebot.com\/public\/upload\/images\/robot%20h%C3%BAt%20b%E1%BB%A5i%20x8%20pro\/robot%20hhut%20bui%20lau%20nha%2017.jpg\" \/><\/p>\n<h3><strong>C\u00f4ng ngh\u1ec7 AI ph\u00e1t hi\u1ec7n v\u1ebft b\u1ea9n v\u00e0 lau l\u1ea1i t\u1ee9c th\u00ec<\/strong><\/h3>\n<p>Nh\u1edd v\u00e0o c\u00f4ng ngh\u1ec7 AI ti\u00ean ti\u1ebfn, Deebot X8 Pro Omni c\u00f3 kh\u1ea3 n\u0103ng ph\u00e1t hi\u1ec7n c\u00e1c v\u1ebft b\u1ea9n c\u1ee9ng \u0111\u1ea7u tr\u00ean s\u00e0n nh\u00e0 v\u00e0 t\u1ef1 \u0111\u1ed9ng quay l\u1ea1i lau k\u1ef9 nh\u1eefng khu v\u1ef1c \u0111\u00f3.<\/p>\n<p><img decoding=\"async\" src=\"https:\/\/ecovacsdeebot.com\/public\/upload\/images\/robot%20h%C3%BAt%20b%E1%BB%A5i%20x8%20pro\/robot%20hhut%20bui%20lau%20nha%2015.jpg\" \/><\/p>\n<p>C\u00f4ng ngh\u1ec7 c\u1ea3m bi\u1ebfn\u00a0<strong>AIVI 3D 3.0<\/strong>\u00a0gi\u00fap robot nh\u1eadn di\u1ec7n \u0111\u01b0\u1ee3c v\u1ebft b\u1ea9n s\u00e2u v\u00e0 \u0111i\u1ec1u ch\u1ec9nh l\u1ecbch tr\u00ecnh l\u00e0m s\u1ea1ch m\u1ed9t c\u00e1ch th\u00f4ng minh, \u0111\u1ea3m b\u1ea3o ng\u00f4i nh\u00e0 c\u1ee7a b\u1ea1n lu\u00f4n \u0111\u01b0\u1ee3c s\u1ea1ch s\u1ebd m\u1ed9t c\u00e1ch t\u1ed1i \u01b0u nh\u1ea5t.<\/p>\n<p><img decoding=\"async\" src=\"https:\/\/ecovacsdeebot.com\/public\/upload\/images\/robot%20h%C3%BAt%20b%E1%BB%A5i%20x8%20pro\/robot%20hhut%20bui%20lau%20nha%2018.jpg\" \/><\/p>\n<h3><strong>Tr\u1ee3 l\u00fd \u1ea3o th\u00f4ng minh YIKO-GPT<\/strong><\/h3>\n<p>Ecovacs Deebot X8 Pro Omni \u0111\u01b0\u1ee3c t\u00edch h\u1ee3p tr\u1ee3 l\u00fd \u1ea3o th\u00f4ng minh\u00a0<strong>YIKO-GPT<\/strong>, gi\u00fap b\u1ea1n \u0111i\u1ec1u khi\u1ec3n robot b\u1eb1ng gi\u1ecdng n\u00f3i. Ch\u1ec9 c\u1ea7n ra l\u1ec7nh b\u1eb1ng c\u00e1c c\u00e2u \u0111\u01a1n gi\u1ea3n nh\u01b0 \u201cOK YIKO, d\u1ecdn d\u1eb9p ph\u00f2ng kh\u00e1ch\u201d ho\u1eb7c \u201cOK YIKO, lau nh\u00e0 khu v\u1ef1c b\u1ebfp\u201d, robot s\u1ebd t\u1ef1 \u0111\u1ed9ng th\u1ef1c hi\u1ec7n. T\u00ednh n\u0103ng n\u00e0y gi\u00fap vi\u1ec7c \u0111i\u1ec1u khi\u1ec3n robot tr\u1edf n\u00ean d\u1ec5 d\u00e0ng v\u00e0 ti\u1ec7n l\u1ee3i h\u01a1n bao gi\u1edd h\u1ebft.<\/p>\n<p><img decoding=\"async\" src=\"https:\/\/ecovacsdeebot.com\/public\/upload\/images\/robot%20h%C3%BAt%20b%E1%BB%A5i%20x8%20pro\/robot%20hhut%20bui%20lau%20nha%2019.jpg\" \/><\/p>\n","protected":false},"excerpt":{"rendered":"<p>Robot h\u00fat b\u1ee5i lau nh\u00e0\u00a0Ecovacs Deebot\u00a0X8 Pro Omni\u00a0l\u00e0 d\u00f2ng s\u1ea3n ph\u1ea9m cao c\u1ea5p c\u1ee7a Ecovacs, n\u1ed5i b\u1eadt v\u1edbi nh\u1eefng c\u1ea3i ti\u1ebfn v\u00e0 c\u00f4ng ngh\u1ec7 ti\u00ean ti\u1ebfn, mang \u0111\u1ebfn hi\u1ec7u qu\u1ea3 l\u00e0m s\u1ea1ch v\u01b0\u1ee3t tr\u1ed9i. \u0110\u00e2y l\u00e0 robot lau nh\u00e0 \u0111\u1ea7u ti\u00ean tr\u00ean th\u1ebf gi\u1edbi s\u1eed d\u1ee5ng c\u00f4ng ngh\u1ec7 t\u00e1i t\u1ea1o n\u01b0\u1edbc \u00e1p su\u1ea5t kh\u00f4ng \u0111\u1ed5i\u00a0OZMO&#8230;<\/p>\n","protected":false},"featured_media":3459,"comment_status":"open","ping_status":"closed","template":"","meta":[],"product_brand":[],"product_cat":[86,103],"product_tag":[],"class_list":{"0":"post-3458","1":"product","2":"type-product","3":"status-publish","4":"has-post-thumbnail","6":"product_cat-robot-may-hut-bui-lau-nha","7":"product_cat-ecovacs","9":"first","10":"instock","11":"shipping-taxable","12":"product-type-simple"},"_links":{"self":[{"href":"https:\/\/nhadepbepxinh.com.vn\/index.php?rest_route=\/wp\/v2\/product\/3458","targetHints":{"allow":["GET"]}}],"collection":[{"href":"https:\/\/nhadepbepxinh.com.vn\/index.php?rest_route=\/wp\/v2\/product"}],"about":[{"href":"https:\/\/nhadepbepxinh.com.vn\/index.php?rest_route=\/wp\/v2\/types\/product"}],"replies":[{"embeddable":true,"href":"https:\/\/nhadepbepxinh.com.vn\/index.php?rest_route=%2Fwp%2Fv2%2Fcomments&post=3458"}],"wp:featuredmedia":[{"embeddable":true,"href":"https:\/\/nhadepbepxinh.com.vn\/index.php?rest_route=\/wp\/v2\/media\/3459"}],"wp:attachment":[{"href":"https:\/\/nhadepbepxinh.com.vn\/index.php?rest_route=%2Fwp%2Fv2%2Fmedia&parent=3458"}],"wp:term":[{"taxonomy":"product_brand","embeddable":true,"href":"https:\/\/nhadepbepxinh.com.vn\/index.php?rest_route=%2Fwp%2Fv2%2Fproduct_brand&post=3458"},{"taxonomy":"product_cat","embeddable":true,"href":"https:\/\/nhadepbepxinh.com.vn\/index.php?rest_route=%2Fwp%2Fv2%2Fproduct_cat&post=3458"},{"taxonomy":"product_tag","embeddable":true,"href":"https:\/\/nhadepbepxinh.com.vn\/index.php?rest_route=%2Fwp%2Fv2%2Fproduct_tag&post=3458"}],"curies":[{"name":"wp","href":"https:\/\/api.w.org\/{rel}","templated":true}]}}