{"id":3385,"date":"2025-04-01T18:11:56","date_gmt":"2025-04-01T11:11:56","guid":{"rendered":"https:\/\/nhadepbepxinh.com.vn\/?post_type=product&#038;p=3385"},"modified":"2025-04-03T17:27:59","modified_gmt":"2025-04-03T10:27:59","slug":"robot-ecovacs-deebot-t50-pro-omni-2025","status":"publish","type":"product","link":"https:\/\/nhadepbepxinh.com.vn\/?product=robot-ecovacs-deebot-t50-pro-omni-2025","title":{"rendered":"ROBOT ECOVACS DEEBOT T50 Pro Omni 2025"},"content":{"rendered":"<p><iframe loading=\"lazy\" title=\"YouTube video player\" src=\"https:\/\/www.youtube.com\/embed\/bpv1JPXV9B8\" width=\"500\" height=\"315\" frameborder=\"0\" scrolling=\"no\" data-mce-fragment=\"1\"><\/iframe><\/p>\n<p>Video gi\u1edbi thi\u1ec7u v\u1ec1 s\u1ea3n ph\u1ea9m<\/p>\n<p>Robot h\u00fat b\u1ee5i lau nh\u00e0 Ecovacs\u00a0Omni l\u00e0 m\u1ed9t b\u01b0\u1edbc \u0111\u1ed9t ph\u00e1 trong c\u00f4ng ngh\u1ec7 l\u00e0m s\u1ea1ch v\u1edbi l\u1ef1c h\u00fat c\u1ef1c m\u1ea1nh l\u00ean \u0111\u1ebfn 15.000Pa v\u00e0 pin kh\u1ee7ng 6.400mAh, cho ph\u00e9p d\u1ecdn d\u1eb9p nhanh ch\u00f3ng v\u00e0 hi\u1ec7u qu\u1ea3. C\u00f4ng ngh\u1ec7 g\u1ee1 r\u1ed1i ZeroTangle 2.0 v\u00e0 l\u00e0m s\u1ea1ch c\u1ea1nh th\u00f4ng minh TruEdge 2.0 gi\u00fap robot ti\u1ebfp c\u1eadn v\u00e0 l\u00e0m s\u1ea1ch m\u1ecdi ng\u00f3c ng\u00e1ch trong nh\u00e0 m\u00e0 kh\u00f4ng b\u1ecf s\u00f3t. H\u01a1n n\u1eefa, v\u1edbi c\u00f4ng ngh\u1ec7 AIVI 3D 2.0, robot c\u00f3 th\u1ec3 t\u1ef1 \u0111\u1ed9ng l\u1eadp b\u1ea3n \u0111\u1ed3 kh\u00f4ng gian s\u1ed1ng v\u00e0 nh\u1eadn di\u1ec7n v\u1eadt c\u1ea3n, k\u1ebft h\u1ee3p v\u1edbi \u0111i\u1ec1u khi\u1ec3n gi\u1ecdng n\u00f3i qua tr\u1ee3 l\u00fd AI YIKO 2.0. \u0110i\u1ec3m n\u1ed5i b\u1eadt kh\u00e1c l\u00e0 kh\u1ea3 n\u0103ng t\u1ef1 gi\u1eb7t v\u00e0 s\u1ea5y kh\u00f4 gi\u1ebb lau b\u1eb1ng n\u01b0\u1edbc n\u00f3ng, c\u00f9ng v\u1edbi tr\u1ea1m s\u1ea1c OMNI hi\u1ec7n \u0111\u1ea1i, gi\u00fap b\u1ea1n kh\u00f4ng c\u1ea7n ph\u1ea3i \u0111\u1ed5 b\u1ee5i v\u00e0 lu\u00f4n s\u1eb5n s\u00e0ng b\u1ed5 sung n\u01b0\u1edbc lau s\u00e0n khi c\u1ea7n.<\/p>\n<p><img decoding=\"async\" src=\"https:\/\/ecovacsdeebot.com\/public\/upload\/images\/Deebot%20T50%20Pro\/Ecovacs%20Deebot%20T50%20Pro%20Omni%208.jpg\" \/><\/p>\n<h3><strong>C\u00f4ng ngh\u1ec7 ZeroTangle 2.0 \u2013 Gi\u1ea3i ph\u00e1p g\u1ee1 r\u1ed1i t\u1ed1i \u01b0u<\/strong><\/h3>\n<p>Ecovacs Deebot T50 Pro Omni t\u00edch h\u1ee3p c\u00f4ng ngh\u1ec7 ZeroTangle 2.0, mang l\u1ea1i kh\u1ea3 n\u0103ng l\u00e0m s\u1ea1ch v\u01b0\u1ee3t tr\u1ed9i m\u00e0 kh\u00f4ng b\u1ecb r\u1ed1i b\u1edfi t\u00f3c v\u00e0 l\u00f4ng th\u00fa c\u01b0ng. Thi\u1ebft k\u1ebf b\u00e0n ch\u1ea3i v\u1edbi c\u1ea5u tr\u00fac ch\u1eef V ba l\u1edbp gi\u00fap robot x\u1eed l\u00fd t\u1ed1t tr\u00ean nhi\u1ec1u b\u1ec1 m\u1eb7t nh\u01b0 s\u00e0n g\u1ed7, g\u1ea1ch men v\u00e0 th\u1ea3m, \u0111\u1ed3ng th\u1eddi gi\u1ea3m thi\u1ec3u t\u1ed1i \u0111a t\u00ecnh tr\u1ea1ng r\u1ed1i t\u00f3c. Nh\u1edd \u0111\u00f3, robot ho\u1ea1t \u0111\u1ed9ng \u1ed5n \u0111\u1ecbnh m\u00e0 kh\u00f4ng c\u1ea7n ng\u01b0\u1eddi d\u00f9ng th\u01b0\u1eddng xuy\u00ean can thi\u1ec7p, l\u00fd t\u01b0\u1edfng cho c\u00e1c ng\u00f4i nh\u00e0 c\u00f3 th\u00fa c\u01b0ng ho\u1eb7c nhi\u1ec1u t\u00f3c r\u1ee5ng.<\/p>\n<p><img decoding=\"async\" src=\"https:\/\/ecovacsdeebot.com\/public\/upload\/images\/Deebot%20T50%20Pro\/Ecovacs%20Deebot%20T50%20Pro%20Omni%209.jpg\" \/><\/p>\n<h3><strong>Hi\u1ec7u qu\u1ea3 l\u00e0m s\u1ea1ch v\u01b0\u1ee3t tr\u1ed9i v\u1edbi l\u1ef1c h\u00fat si\u00eau m\u1ea1nh 15.000Pa<\/strong><\/h3>\n<p>V\u1edbi l\u1ef1c h\u00fat m\u1ea1nh m\u1ebd l\u00ean \u0111\u1ebfn 15.000Pa, robot d\u1ec5 d\u00e0ng lo\u1ea1i b\u1ecf m\u1ecdi b\u1ee5i b\u1ea9n, m\u1ea3nh v\u1ee5n v\u00e0 l\u00f4ng th\u00fa c\u01b0ng t\u1eeb s\u00e0n nh\u00e0 \u0111\u1ebfn th\u1ea3m. Thi\u1ebft k\u1ebf \u0111\u1ed9ng c\u01a1 t\u1ed1c \u0111\u1ed9 cao v\u00e0 \u1ed1ng d\u1eabn th\u1eb3ng gi\u00fap robot t\u1ed1i \u01b0u h\u00f3a l\u1ef1c h\u00fat, \u0111\u1eb7c bi\u1ec7t hi\u1ec7u qu\u1ea3 khi l\u00e0m s\u1ea1ch c\u00e1c b\u1ec1 m\u1eb7t th\u1ea3m v\u00e0 khe k\u1ebd kh\u00f3 ti\u1ebfp c\u1eadn. H\u1ed9p ch\u1ee9a b\u1ee5i dung t\u00edch l\u1edbn cho ph\u00e9p robot ho\u1ea1t \u0111\u1ed9ng li\u00ean t\u1ee5c m\u00e0 kh\u00f4ng c\u1ea7n \u0111\u1ed5 b\u1ee5i th\u01b0\u1eddng xuy\u00ean, gi\u00fap ti\u1ebft ki\u1ec7m th\u1eddi gian v\u00e0 t\u0103ng hi\u1ec7u qu\u1ea3 d\u1ecdn d\u1eb9p.<\/p>\n<p><img decoding=\"async\" src=\"https:\/\/ecovacsdeebot.com\/public\/upload\/images\/Deebot%20T50%20Pro\/Ecovacs%20Deebot%20T50%20Pro%20Omni%2010.jpg\" \/><\/p>\n<h3><strong>C\u00f4ng ngh\u1ec7 TruEdge 2.0 l\u00e0m s\u1ea1ch s\u00e2u m\u1ecdi g\u00f3c c\u1ea1nh<\/strong><\/h3>\n<p>Robot \u0111\u01b0\u1ee3c trang b\u1ecb c\u00f4ng ngh\u1ec7 TruEdge 2.0, gi\u00fap ti\u1ebfp c\u1eadn v\u00e0 l\u00e0m s\u1ea1ch tri\u1ec7t \u0111\u1ec3 c\u00e1c khu v\u1ef1c g\u00f3c c\u1ea1nh, k\u1ebd h\u1edf. V\u1edbi b\u00e0n ch\u1ea3i c\u1ea1nh m\u1edf r\u1ed9ng linh ho\u1ea1t, robot c\u00f3 th\u1ec3 l\u00e0m s\u1ea1ch d\u01b0\u1edbi g\u1ea7m b\u00e0n, gh\u1ebf v\u00e0 s\u00e1t ch\u00e2n t\u01b0\u1eddng m\u1ed9t c\u00e1ch hi\u1ec7u qu\u1ea3. \u0110i\u1ec1u n\u00e0y gi\u00fap \u0111\u1ea3m b\u1ea3o kh\u00f4ng gian s\u1ed1ng lu\u00f4n s\u1ea1ch s\u1ebd m\u00e0 kh\u00f4ng b\u1ecf s\u00f3t b\u1ea5t k\u1ef3 g\u00f3c n\u00e0o.<\/p>\n<p><img decoding=\"async\" src=\"https:\/\/ecovacsdeebot.com\/public\/upload\/images\/Deebot%20T50%20Pro\/Ecovacs%20Deebot%20T50%20Pro%20Omni%2011.jpg\" \/><\/p>\n<h3><strong>Ph\u00e1t hi\u1ec7n v\u1eadt c\u1ea3n th\u00f4ng minh, t\u1ea1o b\u1ea3n \u0111\u1ed3 3D nhanh ch\u00f3ng<\/strong><\/h3>\n<p>V\u1edbi c\u00f4ng ngh\u1ec7 AIVI 3D 2.0, robot h\u00fat b\u1ee5i c\u00f3 th\u1ec3 nh\u1eadn di\u1ec7n v\u1eadt c\u1ea3n v\u00e0 t\u1ea1o b\u1ea3n \u0111\u1ed3 3D chi ti\u1ebft c\u1ee7a kh\u00f4ng gian s\u1ed1ng. K\u1ebft h\u1ee3p \u00e1nh s\u00e1ng c\u1ea5u tr\u00fac 3D v\u00e0 camera RGBD, robot d\u1ec5 d\u00e0ng tr\u00e1nh va ch\u1ea1m v\u1edbi \u0111\u1ed3 \u0111\u1ea1c v\u00e0 \u0111\u1ea3m b\u1ea3o di chuy\u1ec3n linh ho\u1ea1t trong qu\u00e1 tr\u00ecnh l\u00e0m s\u1ea1ch. C\u00f4ng ngh\u1ec7 n\u00e0y gi\u00fap b\u1ea3o v\u1ec7 c\u1ea3 robot v\u00e0 n\u1ed9i th\u1ea5t, \u0111\u1ed3ng th\u1eddi t\u1ed1i \u01b0u h\u00f3a l\u1ed9 tr\u00ecnh d\u1ecdn d\u1eb9p.<\/p>\n<p><img decoding=\"async\" src=\"https:\/\/ecovacsdeebot.com\/public\/upload\/images\/Deebot%20T50%20Pro\/Ecovacs%20Deebot%20T50%20Pro%20Omni%2013.jpg\" \/><\/p>\n<h3><strong>Tr\u1ea1m OMNI Station: Gi\u1ea3i ph\u00e1p t\u1ef1 \u0111\u1ed9ng l\u00e0m s\u1ea1ch t\u1ed1i \u01b0u<\/strong><\/h3>\n<p>Tr\u1ea1m OMNI kh\u00f4ng ch\u1ec9 l\u00e0 n\u01a1i s\u1ea1c m\u00e0 c\u00f2n l\u00e0 h\u1ec7 th\u1ed1ng t\u1ef1 \u0111\u1ed9ng l\u00e0m s\u1ea1ch to\u00e0n di\u1ec7n. Robot c\u00f3 th\u1ec3 t\u1ef1 gi\u1eb7t v\u00e0 s\u1ea5y kh\u00f4 gi\u1ebb lau, t\u1ef1 b\u1ed5 sung dung d\u1ecbch lau s\u00e0n v\u00e0 t\u1ef1 \u0111\u1ed9ng \u0111\u1ed5 r\u00e1c. \u0110i\u1ec1u n\u00e0y gi\u00fap b\u1ea1n ti\u1ebft ki\u1ec7m th\u1eddi gian v\u00e0 c\u00f4ng s\u1ee9c khi robot ho\u1ea1t \u0111\u1ed9ng m\u00e0 kh\u00f4ng c\u1ea7n can thi\u1ec7p th\u01b0\u1eddng xuy\u00ean.<\/p>\n<p><img decoding=\"async\" src=\"https:\/\/ecovacsdeebot.com\/public\/upload\/images\/Deebot%20T50%20Pro\/Ecovacs%20Deebot%20T50%20Pro%20Omni%2014.jpg\" \/><\/p>\n<h3><strong>T\u1ef1 \u0111\u1ed9ng gi\u1eb7t gi\u1ebb b\u1eb1ng n\u01b0\u1edbc n\u00f3ng 70\u00b0C v\u00e0 s\u1ea5y kh\u00f4<\/strong><\/h3>\n<p>Sau m\u1ed7i l\u1ea7n d\u1ecdn d\u1eb9p, gi\u1ebb lau c\u1ee7a robot s\u1ebd \u0111\u01b0\u1ee3c t\u1ef1 \u0111\u1ed9ng gi\u1eb7t b\u1eb1ng n\u01b0\u1edbc n\u00f3ng 70\u00b0C \u0111\u1ec3 lo\u1ea1i b\u1ecf vi khu\u1ea9n v\u00e0 v\u1ebft b\u1ea9n c\u1ee9ng \u0111\u1ea7u. Gi\u1ebb lau sau \u0111\u00f3 s\u1ebd \u0111\u01b0\u1ee3c s\u1ea5y kh\u00f4 b\u1eb1ng kh\u00ed n\u00f3ng, gi\u00fap \u0111\u1ea3m b\u1ea3o gi\u1ebb s\u1ea1ch s\u1ebd v\u00e0 s\u1eb5n s\u00e0ng cho l\u1ea7n s\u1eed d\u1ee5ng ti\u1ebfp theo, \u0111\u1ed3ng th\u1eddi ng\u0103n ng\u1eeba m\u00f9i h\u00f4i v\u00e0 vi khu\u1ea9n ph\u00e1t tri\u1ec3n.<\/p>\n<p><img decoding=\"async\" src=\"https:\/\/ecovacsdeebot.com\/public\/upload\/images\/Deebot%20T50%20Pro\/Ecovacs%20Deebot%20T50%20Pro%20Omni%2015.jpg\" \/><\/p>\n<h3><strong>C\u1ea3m bi\u1ebfn ph\u00e1t hi\u1ec7n v\u1ebft b\u1ea9n, l\u00e0m s\u1ea1ch nh\u00e0 th\u00f4ng minh<\/strong><\/h3>\n<p>C\u1ea3m bi\u1ebfn ti\u00ean ti\u1ebfn cho ph\u00e9p robot ph\u00e1t hi\u1ec7n c\u00e1c khu v\u1ef1c b\u1ea9n nhi\u1ec1u nh\u01b0 d\u1ea5u ch\u00e2n, th\u1ee9c \u0103n r\u01a1i v\u00e3i ho\u1eb7c l\u00f4ng th\u00fa c\u01b0ng. Khi ph\u00e1t hi\u1ec7n, robot s\u1ebd t\u1ef1 \u0111\u1ed9ng t\u0103ng c\u01b0\u1eddng l\u1ef1c h\u00fat v\u00e0 l\u01b0\u1ee3ng n\u01b0\u1edbc phun ra \u0111\u1ec3 l\u00e0m s\u1ea1ch k\u1ef9 h\u01a1n. T\u00ednh n\u0103ng lau l\u1ea1i th\u00f4ng minh \u0111\u1ea3m b\u1ea3o kh\u00f4ng b\u1ecf s\u00f3t b\u1ea5t k\u1ef3 v\u1ebft b\u1ea9n n\u00e0o trong ng\u00f4i nh\u00e0 c\u1ee7a b\u1ea1n.<\/p>\n<p><img decoding=\"async\" src=\"https:\/\/ecovacsdeebot.com\/public\/upload\/images\/Deebot%20T50%20Pro\/Ecovacs%20Deebot%20T50%20Pro%20Omni%2012.jpg\" \/><\/p>\n<h3><strong>Thi\u1ebft k\u1ebf si\u00eau m\u1ecfng, g\u1ecdn nh\u1eb9 v\u00e0 hi\u1ec7n \u0111\u1ea1i<\/strong><\/h3>\n<p>V\u1edbi thi\u1ebft k\u1ebf si\u00eau m\u1ecfng ch\u1ec9 81mm, robot d\u1ec5 d\u00e0ng di chuy\u1ec3n qua c\u00e1c kh\u00f4ng gian h\u1eb9p nh\u01b0 d\u01b0\u1edbi g\u1ea7m gi\u01b0\u1eddng, gh\u1ebf v\u00e0 t\u1ee7. \u0110i\u1ec1u n\u00e0y gi\u00fap robot ti\u1ebfp c\u1eadn v\u00e0 l\u00e0m s\u1ea1ch c\u00e1c khu v\u1ef1c m\u00e0 nhi\u1ec1u robot kh\u00e1c kh\u00f4ng th\u1ec3, mang l\u1ea1i m\u1ed9t ng\u00f4i nh\u00e0 s\u1ea1ch s\u1ebd to\u00e0n di\u1ec7n.<\/p>\n<p><img decoding=\"async\" src=\"https:\/\/ecovacsdeebot.com\/public\/upload\/images\/Deebot%20T50%20Pro\/Ecovacs%20Deebot%20T50%20Pro%20Omni%2016.jpg\" \/><\/p>\n<h3><strong>\u0110i\u1ec1u khi\u1ec3n b\u1eb1ng gi\u1ecdng n\u00f3i v\u1edbi tr\u1ee3 l\u00fd AI YIKO 2.0<\/strong><\/h3>\n<p>Robot \u0111\u01b0\u1ee3c t\u00edch h\u1ee3p tr\u1ee3 l\u00fd gi\u1ecdng n\u00f3i AI YIKO 2.0, gi\u00fap b\u1ea1n d\u1ec5 d\u00e0ng \u0111i\u1ec1u khi\u1ec3n robot b\u1eb1ng c\u00e1ch ra l\u1ec7nh. B\u1ea1n c\u00f3 th\u1ec3 y\u00eau c\u1ea7u robot d\u1ecdn d\u1eb9p t\u1eebng khu v\u1ef1c c\u1ee5 th\u1ec3 ho\u1eb7c l\u00ean l\u1ecbch d\u1ecdn d\u1eb9p theo y\u00eau c\u1ea7u. Tr\u1ee3 l\u00fd YIKO 2.0 c\u00f2n c\u00f3 kh\u1ea3 n\u0103ng h\u1ecdc h\u1ecfi th\u00f3i quen c\u1ee7a b\u1ea1n, gi\u00fap t\u1ed1i \u01b0u h\u00f3a qu\u00e1 tr\u00ecnh l\u00e0m s\u1ea1ch v\u00e0 mang l\u1ea1i tr\u1ea3i nghi\u1ec7m s\u1eed d\u1ee5ng th\u00f4ng minh h\u01a1n.<\/p>\n<p><img decoding=\"async\" src=\"https:\/\/ecovacsdeebot.com\/public\/upload\/images\/Deebot%20T50%20Pro\/Ecovacs%20Deebot%20T50%20Pro%20Omni%2017.jpg\" \/><\/p>\n<h3><strong>K\u1ebft lu\u1eadn<\/strong><\/h3>\n<p>Ecovacs Deebot T50 Pro Omni l\u00e0 m\u1ed9t robot h\u00fat b\u1ee5i v\u00e0 lau nh\u00e0 h\u00e0ng \u0111\u1ea7u v\u1edbi h\u00e0ng lo\u1ea1t t\u00ednh n\u0103ng ti\u00ean ti\u1ebfn, gi\u00fap d\u1ecdn d\u1eb9p m\u1ed9t c\u00e1ch m\u1ea1nh m\u1ebd, hi\u1ec7u qu\u1ea3 v\u00e0 ho\u00e0n to\u00e0n t\u1ef1 \u0111\u1ed9ng. V\u1edbi l\u1ef1c h\u00fat 15.000Pa, c\u00f4ng ngh\u1ec7 g\u1ee1 r\u1ed1i ZeroTangle 2.0, l\u00e0m s\u1ea1ch c\u1ea1nh TruEdge 2.0, c\u00f9ng kh\u1ea3 n\u0103ng l\u1eadp b\u1ea3n \u0111\u1ed3 th\u00f4ng minh v\u00e0 t\u1ef1 \u0111\u1ed9ng gi\u1eb7t gi\u1ebb lau b\u1eb1ng n\u01b0\u1edbc n\u00f3ng, robot n\u00e0y mang \u0111\u1ebfn tr\u1ea3i nghi\u1ec7m d\u1ecdn d\u1eb9p to\u00e0n di\u1ec7n cho m\u1ecdi kh\u00f4ng gian s\u1ed1ng. \u0110\u1eb7c bi\u1ec7t, t\u00edch h\u1ee3p AI YIKO 2.0 v\u00e0 tr\u1ea1m s\u1ea1c OMNI hi\u1ec7n \u0111\u1ea1i gi\u00fap t\u1ef1 \u0111\u1ed9ng h\u00f3a h\u1ea7u h\u1ebft c\u00e1c t\u00e1c v\u1ee5, gi\u00fap b\u1ea1n ti\u1ebft ki\u1ec7m th\u1eddi gian v\u00e0 c\u00f4ng s\u1ee9c. \u0110\u00e2y l\u00e0 l\u1ef1a ch\u1ecdn l\u00fd t\u01b0\u1edfng cho nh\u1eefng ai mong mu\u1ed1n c\u00f3 m\u1ed9t ng\u00f4i nh\u00e0 s\u1ea1ch s\u1ebd, ti\u1ec7n l\u1ee3i v\u00e0 th\u00f4ng minh.<\/p>\n","protected":false},"excerpt":{"rendered":"<p>Video gi\u1edbi thi\u1ec7u v\u1ec1 s\u1ea3n ph\u1ea9m Robot h\u00fat b\u1ee5i lau nh\u00e0 Ecovacs\u00a0Omni l\u00e0 m\u1ed9t b\u01b0\u1edbc \u0111\u1ed9t ph\u00e1 trong c\u00f4ng ngh\u1ec7 l\u00e0m s\u1ea1ch v\u1edbi l\u1ef1c h\u00fat c\u1ef1c m\u1ea1nh l\u00ean \u0111\u1ebfn 15.000Pa v\u00e0 pin kh\u1ee7ng 6.400mAh, cho ph\u00e9p d\u1ecdn d\u1eb9p nhanh ch\u00f3ng v\u00e0 hi\u1ec7u qu\u1ea3. C\u00f4ng ngh\u1ec7 g\u1ee1 r\u1ed1i ZeroTangle 2.0 v\u00e0 l\u00e0m s\u1ea1ch c\u1ea1nh th\u00f4ng minh&#8230;<\/p>\n","protected":false},"featured_media":3386,"comment_status":"open","ping_status":"closed","template":"","meta":[],"product_brand":[],"product_cat":[86,103],"product_tag":[],"class_list":{"0":"post-3385","1":"product","2":"type-product","3":"status-publish","4":"has-post-thumbnail","6":"product_cat-robot-may-hut-bui-lau-nha","7":"product_cat-ecovacs","9":"first","10":"instock","11":"shipping-taxable","12":"product-type-simple"},"_links":{"self":[{"href":"https:\/\/nhadepbepxinh.com.vn\/index.php?rest_route=\/wp\/v2\/product\/3385","targetHints":{"allow":["GET"]}}],"collection":[{"href":"https:\/\/nhadepbepxinh.com.vn\/index.php?rest_route=\/wp\/v2\/product"}],"about":[{"href":"https:\/\/nhadepbepxinh.com.vn\/index.php?rest_route=\/wp\/v2\/types\/product"}],"replies":[{"embeddable":true,"href":"https:\/\/nhadepbepxinh.com.vn\/index.php?rest_route=%2Fwp%2Fv2%2Fcomments&post=3385"}],"wp:featuredmedia":[{"embeddable":true,"href":"https:\/\/nhadepbepxinh.com.vn\/index.php?rest_route=\/wp\/v2\/media\/3386"}],"wp:attachment":[{"href":"https:\/\/nhadepbepxinh.com.vn\/index.php?rest_route=%2Fwp%2Fv2%2Fmedia&parent=3385"}],"wp:term":[{"taxonomy":"product_brand","embeddable":true,"href":"https:\/\/nhadepbepxinh.com.vn\/index.php?rest_route=%2Fwp%2Fv2%2Fproduct_brand&post=3385"},{"taxonomy":"product_cat","embeddable":true,"href":"https:\/\/nhadepbepxinh.com.vn\/index.php?rest_route=%2Fwp%2Fv2%2Fproduct_cat&post=3385"},{"taxonomy":"product_tag","embeddable":true,"href":"https:\/\/nhadepbepxinh.com.vn\/index.php?rest_route=%2Fwp%2Fv2%2Fproduct_tag&post=3385"}],"curies":[{"name":"wp","href":"https:\/\/api.w.org\/{rel}","templated":true}]}}