{"id":3371,"date":"2025-04-01T18:05:19","date_gmt":"2025-04-01T11:05:19","guid":{"rendered":"https:\/\/nhadepbepxinh.com.vn\/?post_type=product&#038;p=3371"},"modified":"2025-04-03T17:28:12","modified_gmt":"2025-04-03T10:28:12","slug":"robot-ecovacs-deebot-t30-omni-t30-pro-omni-quoc-te","status":"publish","type":"product","link":"https:\/\/nhadepbepxinh.com.vn\/?product=robot-ecovacs-deebot-t30-omni-t30-pro-omni-quoc-te","title":{"rendered":"ROBOT ECOVACS DEEBOT T30 Omni\/ T30 Pro Omni Qu\u1ed1c T\u1ebf"},"content":{"rendered":"<p><iframe loading=\"lazy\" title=\"YouTube video player\" src=\"https:\/\/www.youtube.com\/embed\/6L3vyZKNpqA\" width=\"500\" height=\"315\" frameborder=\"0\" scrolling=\"no\" data-mce-fragment=\"1\"><\/iframe><\/p>\n<p>Video gi\u1edbi thi\u1ec7u v\u1ec1 s\u1ea3n ph\u1ea9m<\/p>\n<p><iframe loading=\"lazy\" title=\"YouTube video player\" src=\"https:\/\/www.youtube.com\/embed\/v7_eArFnvAk?si=i5X4b4NLaoJtY5DY\" width=\"500\" height=\"315\" frameborder=\"0\" scrolling=\"no\" data-mce-fragment=\"1\"><\/iframe><\/p>\n<p><em><strong>H\u01b0\u1edbng d\u1eabn s\u1eed d\u1ee5ng T30 Pro Omni<\/strong><\/em><\/p>\n<p><a class=\"open-popup-link\" href=\"https:\/\/ecovacsdeebot.com\/Ecovacs-T-Series\/Ecovacs-Deebot-T30-Pro-Omni-Quoc-Te-Robot-Hut-Bui-Lau-Nha.html#test-popup\" rel=\"nofollow noopener\" target=\"_blank\"><img decoding=\"async\" src=\"https:\/\/ecovacsdeebot.com\/public\/upload\/images\/T30-Pro-Omni\/ecovacs-deebot-T30-pro-omni-30.jpg\" \/><\/a><\/p>\n<p><strong>Ecovacs\u00a0T30 Pro Omni<\/strong>\u00a0l\u00e0 m\u1ed9t trong nh\u1eefng d\u00f2ng robot h\u00fat b\u1ee5i th\u00f4ng minh v\u00e0 ti\u1ec7n \u00edch nh\u1ea5t hi\u1ec7n nay. V\u1edbi s\u1ef1 k\u1ebft h\u1ee3p gi\u1eefa c\u00f4ng ngh\u1ec7 ti\u00ean ti\u1ebfn v\u00e0 t\u00ednh n\u0103ng th\u00f4ng minh, n\u00f3 h\u1ee9a h\u1eb9n mang l\u1ea1i tr\u1ea3i nghi\u1ec7m l\u00e0m s\u1ea1ch to\u00e0n di\u1ec7n cho ng\u00f4i nh\u00e0 c\u1ee7a b\u1ea1n. H\u00e3y c\u00f9ng kh\u00e1m ph\u00e1 s\u1ef1 ti\u1ec7n \u00edch v\u00e0 hi\u1ec7u qu\u1ea3 c\u1ee7a\u00a0<strong>Ecovacs T30 Pro Omni\u00a0<\/strong>qua b\u00e0i vi\u1ebft d\u01b0\u1edbi \u0111\u00e2y.<\/p>\n<p><a class=\"open-popup-link\" href=\"https:\/\/ecovacsdeebot.com\/Ecovacs-T-Series\/Ecovacs-Deebot-T30-Pro-Omni-Quoc-Te-Robot-Hut-Bui-Lau-Nha.html#test-popup\" rel=\"nofollow noopener\" target=\"_blank\"><img decoding=\"async\" src=\"https:\/\/ecovacsdeebot.com\/public\/upload\/images\/T30-Pro-Omni\/ecovacs-deebot-T30-pro-omni-29.jpg\" \/><\/a><\/p>\n<h3><strong>C\u00f4ng ngh\u1ec7\u00a0TruEdge\u2122<\/strong><\/h3>\n<p>Robot h\u00fat b\u1ee5i lau nh\u00e0 T30 Pro Omni s\u1edf h\u1eefu t\u00ednh n\u0103ng\u00a0<strong>c\u00f4ng nh\u1ec7\u00a0<\/strong><strong>TruEdge\u2122<\/strong>\u00a0gi\u00fap \u0111\u1ea3m b\u1ea3o \u0111\u1ebfn t\u1eebng khe v\u00e0 g\u00f3c c\u1ea1nh c\u1ee7a ng\u00f4i nh\u00e0.N\u00f3 c\u00f3 kh\u1ea3 n\u0103ng \u01b0u vi\u1ec7t l\u00e0m s\u1ea1ch m\u1edf r\u1ed9ng kh\u00f4ng ch\u1ec9 gi\u1edbi h\u1ea1n \u1edf c\u00e1c c\u1ea1nh m\u00e0 n\u00f3 c\u00f2n bao g\u1ed3m c\u1ea3 c\u00e1c g\u00f3c,lo\u1ea1i b\u1ecf \u0111i\u1ec3m m\u00f9 trong qu\u00e1 tr\u00ecnh l\u00e0m s\u1ea1ch c\u1ee7a ng\u00f4i nh\u00e0. Ngo\u00e0i ra ph\u1ea7n kh\u0103n lau c\u00f3 th\u1ec3 t\u1ef1 \u0111\u1ed9ng m\u1edf r\u1ed9ng duy tr\u00ec vi\u1ec7c l\u00e0n s\u1ea1ch s\u00e1t m\u00e9t m\u1ed9t c\u00e1ch \u1ed5n \u0111\u1ecbnh,gi\u00fap robot l\u00e0m s\u1ea1ch \u0111\u1ebfn 98,6% b\u1ec1 m\u1eb7t s\u00e0n nh\u00e0.<\/p>\n<p><a class=\"open-popup-link\" href=\"https:\/\/ecovacsdeebot.com\/Ecovacs-T-Series\/Ecovacs-Deebot-T30-Pro-Omni-Quoc-Te-Robot-Hut-Bui-Lau-Nha.html#test-popup\" rel=\"nofollow noopener\" target=\"_blank\"><img decoding=\"async\" src=\"https:\/\/ecovacsdeebot.com\/public\/upload\/images\/T30-Pro-Omni\/ecovacs-deebot-T30-pro-omni-01.jpg\" \/><\/a><\/p>\n<p>V\u1edbi m\u00f4i tr\u01b0\u1eddng ph\u1ee9c t\u1ea1p kh\u00f3 kh\u0103n,ph\u1ea7n kh\u0103n lau c\u00f3 th\u1ec3 \u0111i\u1ec1u ch\u1ec9nh m\u1edf r\u1ed9ng ho\u1eb7c thu g\u1ecdn qua h\u1ec7 th\u1ed1ng c\u1ea3m bi\u1ebfn ba chi\u1ec1u,k\u1ebft h\u1ee3p laser. B\u00ean c\u1ea1nh v\u1edbi\u00a0c\u1ea5u tr\u00fac 3D\/\u00e1nh s\u00e1ng ,<strong>T30 Pro Omini<\/strong>\u00a0c\u00f2n c\u00f3 ch\u1ee9c n\u0103ng\u00a0c\u1ea3m bi\u1ebfn c\u1ea1nh. H\u1ec7 th\u1ed1ng n\u00e0y gi\u00fap robot t\u00ednh to\u00e1n kho\u1ea3ng c\u00e1ch ch\u00ednh x\u00e1c v\u00e0 x\u1eed l\u00fd t\u00ecnh hu\u1ed1ng ph\u1ee9c t\u1ea1p, t\u1eeb g\u00f3c c\u1ea1nh \u0111\u1ebfn v\u1eadt c\u1ea3n, m\u1ed9t c\u00e1ch hi\u1ec7u qu\u1ea3.<\/p>\n<h3><strong>L\u1ef1c h\u00fat si\u00eau m\u1ea1nh 11.000Pa<\/strong><\/h3>\n<p>V\u1edbi t\u00ednh n\u0103ng si\u00eau ti\u00ean ti\u1ebfn,\u00a0<strong>T30 Pro Omni<\/strong>\u00a0c\u00f2n s\u1edf h\u1eefu m\u1ed9t l\u1ef1c h\u00fat v\u00f4 c\u00f9ng m\u1ea1nh m\u1ebd v\u1edbi\u00a0<strong>11.000Pa<\/strong>\u00a0gi\u00fap hi\u1ec7u su\u1ea5t ho\u1ea1t \u0111\u1ed9ng cao. T30 Pro Omini \u0111\u00e3 \u0111\u01b0\u1ee3c n\u00e2ng c\u1ea5p nhanh ch\u00f3ng l\u1ef1c h\u00fat tr\u00ean s\u00e0n nh\u00e0 t\u1ea1o n\u00ean m\u1ed9t k\u1ebft qu\u1ea3 l\u00e0m s\u1ea1ch ng\u00f4i nh\u00e0 \u1ea5n t\u01b0\u1ee3ng ngay c\u1ea3 v\u1edbi nh\u1eefng v\u1ebft b\u1ea9n b\u00e1m s\u00e2u,b\u00e1m ch\u1eb7t sau m\u1ed9t th\u1eddi gian d\u00e0i. B\u00ean c\u1ea1nh \u0111\u00f3, T30 Pro Omni c\u00f2n nh\u1edd v\u00e0o \u0111\u1ed9ng c\u01a1 t\u1ed1c \u0111\u1ed9 cao v\u00e0 thi\u1ebft k\u1ebf \u0111\u01b0\u1eddng d\u1eabn kh\u00ed tr\u1ef1c ti\u1ebfp theo nguy\u00ean l\u00fd \u0111\u1ed9ng l\u1ef1c ch\u1ea5t l\u1ecfng n\u00ean robot n\u00e0y c\u00f3 kh\u1ea3 n\u0103ng h\u00fat s\u1ea1ch m\u1ecdi lo\u1ea1i b\u1ee5i b\u1ea9n,h\u1ea1t b\u1ee5i v\u00e0 s\u1ee3i t\u00f3c d\u01b0\u1edbi l\u1edbp s\u00e0n nh\u00e0. Ngo\u00e0i ra c\u00f2n c\u00f3 th\u1ec3 l\u00e0m s\u1ea1ch \u0111\u1ebfn 98,8% \u0111\u1ed1i v\u1edbi c\u00e1c h\u1ea1t b\u1ee5i l\u1edbn gi\u00fap cho c\u1ea3i thi\u1ec7n ch\u1ea5t l\u01b0\u1ee3ng kh\u00f4ng kh\u00ed trong nh\u00e0 t\u1ea1o ra m\u1ed9t m\u00f4i tr\u01b0\u1eddng s\u1ed1ng s\u1ea1ch s\u1ebd an to\u00e0n cho gia \u0111\u00ecnh c\u1ee7a b\u1ea1n.<\/p>\n<p><a class=\"open-popup-link\" href=\"https:\/\/ecovacsdeebot.com\/Ecovacs-T-Series\/Ecovacs-Deebot-T30-Pro-Omni-Quoc-Te-Robot-Hut-Bui-Lau-Nha.html#test-popup\" rel=\"nofollow noopener\" target=\"_blank\"><img decoding=\"async\" src=\"https:\/\/ecovacsdeebot.com\/public\/upload\/images\/T30-Pro-Omni\/ecovacs-deebot-T30-pro-omni-02.jpg\" \/><\/a><\/p>\n<h3><strong>T30 Pro Omini \u0111\u01b0\u1ee3c trang b\u1ecb h\u1ec7 th\u1ed1ng\u00a0ZeroTangle\u2122 ch\u1ed5i ch\u1ed1ng r\u1ed1i<\/strong><\/h3>\n<p>\u0110\u1ec3 c\u00f3 th\u1ec3 gi\u1ea3m nh\u1eefng t\u00ecnh tr\u1ea1ng ch\u1ed5i b\u1ecb r\u1ed1i do b\u1ee5i b\u1ea9n th\u00ec Ecovacs Deebot T30 Pro Omni \u0111\u00e3 trang b\u1ecb h\u1ec7 th\u1ed1ng\u00a0<strong>ZeroTangle\u2122ch\u1ed5i ch\u1ed1ng r\u1ed1i<\/strong>\u00a0l\u01b0\u1ee3c \u0111\u00f4i ch\u1ed1ng h\u1ed7 tr\u1ee3 lo\u1ea1i b\u1ecf nh\u1eefng t\u00ecnh tr\u1ea1ng t\u00f3c b\u00e1m v\u00e0o ch\u1ed5i ch\u00ednh l\u00e0 \u0111\u1ec3 nh\u1eb1m n\u00e2ng cao hi\u1ec7u qu\u1ea3 ho\u1ea1t \u0111\u1ed9ng. Ch\u1ed5i\u00a0ZeroTangle\u2122 \u0111\u01b0\u1ee3c thi\u1ebft k\u1ebf xo\u1eafn \u1ed1c c\u00f3 c\u00e1c r\u00e3nh h\u00ecnh ch\u1eef V k\u1ebft h\u1ee3p l\u01b0\u1ee3c \u0111\u00f4i gi\u00fap lo\u1ea1i b\u1ecf t\u00f3c,b\u1ee5i b\u1ea9n b\u00e1m v\u00e0o ch\u1ed5i. \u0110\u00e2y \u0111\u01b0\u1ee3c coi l\u00e0 m\u1ed9t trong nh\u1eefng c\u1ea3i ti\u1ebfn \u0111\u00e1ng ch\u00fa \u00fd c\u1ee7a d\u00f2ng robot n\u00e0y.<\/p>\n<p><a class=\"open-popup-link\" href=\"https:\/\/ecovacsdeebot.com\/Ecovacs-T-Series\/Ecovacs-Deebot-T30-Pro-Omni-Quoc-Te-Robot-Hut-Bui-Lau-Nha.html#test-popup\" rel=\"nofollow noopener\" target=\"_blank\"><img decoding=\"async\" src=\"https:\/\/ecovacsdeebot.com\/public\/upload\/images\/T30-Pro-Omni\/ecovacs-deebot-T30-pro-omni-03.jpg\" \/><\/a><\/p>\n<h3><strong>Gi\u1eb7t gi\u1ebb v\u00e0 lau b\u1eb1ng n\u01b0\u1edbc n\u00f3ng 70\u00b0C ti\u1ec7n l\u1ee3i<\/strong><\/h3>\n<p>T\u00ednh n\u0103ng gi\u1eb7t gi\u1ebb lau \u0111\u00e3 \u0111\u01b0\u1ee3c t\u00edch h\u1ee3p c\u00f4ng ngh\u1ec7 gi\u1eb7t lau b\u1eb1ng n\u01b0\u1edbc n\u00f3ng t\u1edbi\u00a0<strong>70\u00b0C<\/strong>\u00a0gi\u00fap lo\u1ea1i b\u1ecf h\u1ebft c\u00e1c v\u1ebft b\u1ea9n v\u00e0 ti\u00eau di\u1ec7t vi tr\u00f9ng hi\u1ec7u qu\u1ea3. H\u01a1n th\u1ebf n\u1eefa, t\u00ednh n\u0103ng n\u00e0y tr\u1edf n\u00ean h\u1eefu \u00edch trong nh\u00e0 b\u1ebfp,ph\u00f2ng \u0103n \u0111\u1ec3 gi\u00fap d\u1ec5 lo\u1ea1i b\u1ecf v\u1ebft d\u1ea7u m\u1ee1, nh\u1eefng v\u1ebft b\u1ea9n b\u00e1m l\u00e2u. Trong qu\u00e1 tr\u00ecnh l\u00e0m s\u1ea1ch,th\u00ec\u00a0<strong>T30 Pro Omni\u00a0<\/strong>li\u00ean t\u1ee5c \u0111\u01b0\u1ee3c c\u1ea5p n\u01b0\u1edbc n\u00f3ng\u00a070\u00b0C t\u1eeb b\u00ecnh ch\u1ee9a gi\u00fap lo\u1ea1i b\u1ecf v\u1ebft b\u1ea9n c\u1ee9ng tr\u00ean s\u00e0n nh\u00e0 .<\/p>\n<p><a class=\"open-popup-link\" href=\"https:\/\/ecovacsdeebot.com\/Ecovacs-T-Series\/Ecovacs-Deebot-T30-Pro-Omni-Quoc-Te-Robot-Hut-Bui-Lau-Nha.html#test-popup\" rel=\"nofollow noopener\" target=\"_blank\"><img decoding=\"async\" src=\"https:\/\/ecovacsdeebot.com\/public\/upload\/images\/T30-Pro-Omni\/ecovacs-deebot-T30-pro-omni-04.jpg\" \/><\/a><\/p>\n<h3><strong>Ph\u00e1t hi\u1ec7n b\u1ee5i b\u1ea9n th\u00f4ng minh<\/strong><\/h3>\n<p>Robot h\u00fat b\u1ee5i lau nh\u00e0\u00a0<strong>T30 Pro Omni<\/strong>\u00a0c\u00f3 ch\u1ee9c n\u0103ng ti\u00ean ti\u1ebfn l\u00e0 c\u00f3 th\u1ec3 ph\u00e1t hi\u1ec7n \u0111\u01b0\u1ee3c b\u1ee5i b\u1ea9n th\u00f4ng minh m\u1ed9t c\u00e1ch d\u1ec5 d\u00e0ng nhanh ch\u00f3ng. N\u00f3 gi\u00fap c\u1ea3m bi\u1ebfn m\u1ee9c \u0111\u1ed9 b\u1ea9n khi gi\u1eb7t gi\u1ebb, ti\u1ebfn h\u00e0nh \u0111\u01b0\u1ee3c vi\u1ec7c gi\u1eb7t v\u00e0 lau l\u1ea1i khu v\u1ef1c ch\u01b0a s\u1ea1ch c\u00f2n b\u00e1m c\u1ee9ng.<\/p>\n<p><a class=\"open-popup-link\" href=\"https:\/\/ecovacsdeebot.com\/Ecovacs-T-Series\/Ecovacs-Deebot-T30-Pro-Omni-Quoc-Te-Robot-Hut-Bui-Lau-Nha.html#test-popup\" rel=\"nofollow noopener\" target=\"_blank\"><img decoding=\"async\" src=\"https:\/\/ecovacsdeebot.com\/public\/upload\/images\/T30-Pro-Omni\/ecovacs-deebot-T30-pro-omni-05.jpg\" \/><\/a><\/p>\n<h3><strong>Nh\u1eadn di\u1ec7n th\u1ea3m th\u00f4ng minh<\/strong><\/h3>\n<p><strong>T\u00ednh n\u0103ng \u01b0u vi\u1ec7t n\u00e0y \u0111\u01b0\u1ee3c n\u00e2ng c\u1ea5p b\u1edfi T30 Pro Omni ,n\u00f3 \u0111<\/strong>\u01b0\u1ee3c trang b\u1ecb c\u1ea3m bi\u1ebfn si\u00eau \u00e2m ti\u00ean ti\u1ebfn, cho ph\u00e9p n\u00f3 t\u1ef1 \u0111\u1ed9ng nh\u1eadn di\u1ec7n \u0111\u01b0\u1ee3c khu v\u1ef1c c\u00f3 th\u1ea3m d\u1ec5 d\u00e0ng. B\u00ean c\u1ea1nh \u0111\u00f3,d\u1ef1a tr\u00ean lo\u1ea1i th\u1ea3m, m\u00e1y s\u1ebd ch\u1ecdn l\u1ef1a ch\u1ebf \u0111\u1ed9 l\u00e0m s\u1ea1ch ph\u00f9 h\u1ee3p, t\u1eeb \u0111\u00f3 \u0111\u1ea1t \u0111\u01b0\u1ee3c hi\u1ec7u qu\u1ea3 l\u00e0m s\u1ea1ch s\u00e2u h\u01a1n cho th\u1ea3m m\u00e0 kh\u00f4ng g\u1eb7p ph\u1ea3i v\u1ea5n \u0111\u1ec1 nh\u01b0 l\u00e0m \u01b0\u1edbt th\u1ea3m hay kh\u00f4ng th\u1ec3 di chuy\u1ec3n qua khu v\u1ef1c th\u1ea3m.<\/p>\n<p><a class=\"open-popup-link\" href=\"https:\/\/ecovacsdeebot.com\/Ecovacs-T-Series\/Ecovacs-Deebot-T30-Pro-Omni-Quoc-Te-Robot-Hut-Bui-Lau-Nha.html#test-popup\" rel=\"nofollow noopener\" target=\"_blank\"><img decoding=\"async\" src=\"https:\/\/ecovacsdeebot.com\/public\/upload\/images\/T30-Pro-Omni\/ecovacs-deebot-T30-pro-omni-06.jpg\" \/><\/a><\/p>\n<h3><strong>Th\u1eddi gian l\u00e0m vi\u1ec7c l\u00ean \u0111\u1ebfn 290 ph\u00fat<\/strong><\/h3>\n<p><strong>T30 Pro Omni<\/strong>\u00a0c\u00f3 dung l\u01b0\u1ee3ng l\u1edbn l\u00ean \u0111\u1ebfm\u00a0<strong>5200mAh\u00a0<\/strong>v\u00ec v\u1eady m\u00e0 m\u00e1y \u0111\u1ea3m b\u1ea3o \u0111\u01b0\u1ee3c th\u1eddi gian ho\u1ea1t \u0111\u1ed9ng k\u00e9o d\u00e0i,gi\u00fap cho vi\u1ec7c l\u00e0m s\u1ea1ch to\u00e0n b\u1ed9 kh\u00f4ng gian s\u1ed1ng m\u00e0 kh\u00f4ng c\u1ea7n lo l\u1eafng v\u1ec1 vi\u1ec7c c\u1ea7n s\u1ea1c pin gi\u1eefa ch\u1eebng. V\u1edbi\u00a0<strong>th\u1eddi gian ho\u1ea1t \u0111\u1ed9ng l\u00ean \u0111\u1ebfn 290 ph\u00fat<\/strong>, T30 Pro Omni c\u00f3\u00a0kh\u1ea3 n\u0103ng v\u01b0\u1ee3t qua c\u00e1c ch\u01b0\u1edbng ng\u1ea1i v\u1eadt c\u00f3\u00a0<strong>\u0111\u1ed9 cao l\u00ean \u0111\u1ebfn 20m<\/strong>m, robot gi\u00fap l\u00e0m s\u1ea1ch c\u1ea3 c\u0103n nh\u00e0 m\u1ed9t c\u00e1ch d\u1ec5 d\u00e0ng v\u00e0 hi\u1ec7u qu\u1ea3, ngay c\u1ea3 \u0111\u1ed1i v\u1edbi c\u00e1c c\u0103n h\u1ed9 c\u00f3 di\u1ec7n t\u00edch l\u1edbn.<\/p>\n<p><a class=\"open-popup-link\" href=\"https:\/\/ecovacsdeebot.com\/Ecovacs-T-Series\/Ecovacs-Deebot-T30-Pro-Omni-Quoc-Te-Robot-Hut-Bui-Lau-Nha.html#test-popup\" rel=\"nofollow noopener\" target=\"_blank\"><img decoding=\"async\" src=\"https:\/\/ecovacsdeebot.com\/public\/upload\/images\/T30-Pro-Omni\/ecovacs-deebot-T30-pro-omni-07.jpg\" \/><\/a><\/p>\n<h3><strong>K\u1ebft h\u1ee3p t\u1ef1 \u0111\u1ed9ng d\u1ecdn r\u00e1c v\u00e0 t\u1ef1 \u0111\u00f4ng b\u01a1m x\u1ea3 n\u01b0\u1edbc<\/strong><\/h3>\n<p>Vi\u1ec7c t\u1ef1 \u0111\u1ed9ng d\u1ecdn r\u00e1c c\u1ee7a robot n\u00e0y \u0111\u00e3 gi\u00fap b\u1ea1n th\u1ea3nh th\u01a1i m\u1ed7i khi v\u1ec7 sinh ch\u00fang. T\u00fai b\u1ee5i c\u00f3 dung t\u00edch 3L v\u1edbi thi\u1ebft k\u1ebf v\u00f4 c\u00f9ng ho\u00e0n to\u00e0n k\u00edn \u0111\u00e1o gi\u00fap b\u1ea1n r\u1ea3nh tay l\u00ean t\u1edbi 90 ng\u00e0y. Ngo\u00e0i vi\u1ec7c t\u1ef1 \u0111\u1ed9ng d\u1ecdn r\u00e1c th\u00ec T30 Pro Omni c\u00f2n k\u1ebft h\u1ee3p t\u00ednh n\u0103ng t\u1ef1 \u0111\u1ed9ng b\u01a1m x\u1ea3 n\u01b0\u1edbc.T\u00fai b\u1ee5i c\u1ee7a Deebot c\u00f3 t\u00ednh n\u0103ng kh\u00e1ng khu\u1ea9n v\u1edbi dung t\u00edch 3 l\u00edt b\u1ea3o v\u1ec7 an to\u00e0n s\u1ee9c kh\u1ecfe cho c\u1ea3 gia \u0111\u00ecnh. B\u00ean c\u1ea1nh \u0111\u00f3 c\u00f2n gi\u00fap s\u1ea5y kh\u00f4 gi\u1ebb s\u1eed d\u1ee5ng lu\u1ed3ng kh\u00ed n\u00f3ng t\u1edbi 45 \u0111\u1ed9 C , s\u1ea5y nhanh ch\u00f3ng \u0111\u1eb7c bi\u1ec7t l\u00e0 kh\u00f4ng m\u00f9i h\u00f4i v\u00e0 \u1ea9m m\u1ed1c.<\/p>\n<p><a class=\"open-popup-link\" href=\"https:\/\/ecovacsdeebot.com\/Ecovacs-T-Series\/Ecovacs-Deebot-T30-Pro-Omni-Quoc-Te-Robot-Hut-Bui-Lau-Nha.html#test-popup\" rel=\"nofollow noopener\" target=\"_blank\"><img decoding=\"async\" src=\"https:\/\/ecovacsdeebot.com\/public\/upload\/images\/T30-Pro-Omni\/ecovacs-deebot-T30-pro-omni-08.jpg\" \/><\/a><\/p>\n<h3><strong>Kh\u00e1ng khu\u1ea9n to\u00e0n di\u1ec7n<\/strong><\/h3>\n<p>V\u1edbi t\u00ednh n\u0103ng kh\u00e1ng khu\u1ea9n to\u00e0n di\u1ec7n m\u1ed9t c\u00e1ch nhanh ch\u00f3ng nh\u01b0 v\u1eady th\u00ec T30 Pro Omni x\u1ee9ng \u0111\u00e1ng \u0111\u01b0\u1ee3c n\u00e2ng c\u1ea5p h\u01a1n n\u1eefa. B\u1edfi n\u00f3 c\u00f3 th\u1ec3 kh\u00e1ng nh\u1eefng ch\u1ea5t\u00a0<strong>kh\u00e1ng khu\u1ea9n ion Ag + Dupon<\/strong>t t\u1eeb Hoa K\u1ef3 v\u00e0 c\u00f3 th\u1ec3 kh\u00e1ng t\u1edbi\u00a0<strong>99,99%<\/strong>.Vi\u1ec7c n\u00e0y gi\u00fap b\u1ea1n c\u00f3 th\u1ec3 \u0111\u1ea3m b\u1ea3o kh\u00f4ng gian s\u1ed1ng m\u1ed9t c\u00e1ch an to\u00e0n v\u00e0 ti\u1ec7n l\u1ee3i.<\/p>\n<p><a class=\"open-popup-link\" href=\"https:\/\/ecovacsdeebot.com\/Ecovacs-T-Series\/Ecovacs-Deebot-T30-Pro-Omni-Quoc-Te-Robot-Hut-Bui-Lau-Nha.html#test-popup\" rel=\"nofollow noopener\" target=\"_blank\"><img decoding=\"async\" src=\"https:\/\/ecovacsdeebot.com\/public\/upload\/images\/T30-Pro-Omni\/ecovacs-deebot-T30-pro-omni-09.jpg\" \/><\/a><\/p>\n<h3><strong>C\u00f4ng ngh\u1ec7 TrueMapping 3D 3.0<\/strong><\/h3>\n<p><strong>T30 Pro Omni\u00a0<\/strong>\u0111\u00e3 \u1ee9ng d\u1ee5ng\u00a0<strong>c\u00f4ng ngh\u1ec7 TrueMapping 3D\u00a0<\/strong>3.0 ,s\u1eed d\u1ee5ng thu\u1eadt to\u00e1n th\u00f4ng minh v\u00e0 t\u1ea1o b\u1ea3n \u0111\u1ed3 nhanh ch\u00f3ng\u00a0 gi\u00fap tr\u00e1nh ch\u01b0\u1edbng ng\u1ea1i v\u1eadt m\u1ed9t c\u00e1ch ch\u00ednh x\u00e1c v\u00e0 t\u1ef1 \u0111\u1ed9ng l\u1eadp k\u1ebf ho\u1ea1ch l\u00e0m s\u1ea1ch t\u00f9y ch\u1ec9nh v\u00e0o robot. V\u1edbi t\u1ed1c \u0111\u1ed9 x\u00e2y d\u1ef1ng abnr \u0111\u1ed3 nhanh ch\u00f3ng nhanh h\u01a1n ch\u1ec9 trong v\u00f2ng 6 ph\u00fat nh\u1edd v\u00e0o\u00a0<strong>c\u00f4ng ngh\u1ec7 radar laze\u00a0360\u00b0<\/strong>\u00a0v\u00e0 TrueMapping m\u1edbi.<\/p>\n<p><a class=\"open-popup-link\" href=\"https:\/\/ecovacsdeebot.com\/Ecovacs-T-Series\/Ecovacs-Deebot-T30-Pro-Omni-Quoc-Te-Robot-Hut-Bui-Lau-Nha.html#test-popup\" rel=\"nofollow noopener\" target=\"_blank\"><img decoding=\"async\" src=\"https:\/\/ecovacsdeebot.com\/public\/upload\/images\/T30-Pro-Omni\/ecovacs-deebot-T30-pro-omni-10.jpg\" \/><\/a><\/p>\n<h3><strong>T\u00ednh n\u0103ng &#8221; T30 Kick &#8220;<\/strong><\/h3>\n<p>Nh\u00e0 Ecovacs \u0111\u00e3 mang \u0111\u1ebfn cho ng\u01b0\u1eddi d\u00f9ng m\u1ed9t\u00a0tr\u1ea3i nghi\u1ec7m \u0111i\u1ec1u khi\u1ec3n \u0111a d\u1ea1ng tr\u00ean nhi\u1ec1u ph\u01b0\u01a1ng th\u1ee9c kh\u00e1c nhau. B\u1ea1n c\u00f3 th\u1ec3 \u0111i\u1ec1u khi\u1ec3n di \u0111\u1ed9ng m\u00e0 kh\u00f4ng b\u1ecb gi\u00e1n \u0111o\u1ea1n, v\u00e0 c\u00e1c ti\u1ec7n \u00edch tr\u00ean m\u00e0n h\u00ecnh ch\u00ednh cung c\u1ea5p c\u00e1c l\u1ec7nh m\u1ed9t l\u1ea7n nh\u00e2n v\u00e0 tr\u1ea1ng th\u00e1i tr\u1ef1c quan. Ch\u1ec9 c\u1ea7n \u0111\u01b0a ch\u00e2n \u0111\u00e1 nh\u1eb9 v\u00e0o robot th\u00ec s\u1ebd k\u00edch ho\u1ea1t ch\u1ebf \u0111\u1ed9 b\u1eaft \u0111\u1ea7u d\u1ecdn d\u1eb9p .<\/p>\n<p><a class=\"open-popup-link\" href=\"https:\/\/ecovacsdeebot.com\/Ecovacs-T-Series\/Ecovacs-Deebot-T30-Pro-Omni-Quoc-Te-Robot-Hut-Bui-Lau-Nha.html#test-popup\" rel=\"nofollow noopener\" target=\"_blank\"><img decoding=\"async\" src=\"https:\/\/ecovacsdeebot.com\/public\/upload\/images\/T30-Pro-Omni\/ecovacs-deebot-T30-pro-omni-12.jpg\" \/><\/a><\/p>\n<h3><strong>Kh\u1ea3 n\u0103ng t\u1ea1o b\u1ea3n \u0111\u1ed3 nhanh ch\u00f3ng,l\u01b0u tr\u1eef \u0111a t\u1ea7ng<\/strong><\/h3>\n<p>V\u1edbi t\u1ed1c \u0111\u1ed9 x\u00e2y d\u1ef1ng b\u1ea3n \u0111\u1ed3 nhanh ch\u00f3ng c\u1ea3i thi\u1ec7n, ch\u1ec9 m\u1ea5t 6 ph\u00fat, b\u1ea3n \u0111\u1ed3 c\u1ee7a ng\u00f4i nh\u00e0 c\u1ee7a b\u1ea1n s\u1ebd \u0111\u01b0\u1ee3c ho\u00e0n th\u00e0nh ch\u00ednh x\u00e1c, nh\u1edd v\u00e0o c\u00f4ng ngh\u1ec7 radar laze 360\u00b0 v\u00e0 c\u00f4ng ngh\u1ec7 TrueMapping m\u1edbi. H\u1ed7 tr\u1ee3 l\u01b0u tr\u1eef nhi\u1ec1u b\u1ea3n \u0111\u1ed3 v\u00e0 t\u00edch h\u1ee3p c\u00f4ng ngh\u1ec7 nh\u1eadn di\u1ec7n kh\u00f4ng gian 3D, robot kh\u00f4ng ch\u1ec9 l\u00e0m s\u1ea1ch theo c\u00e1ch b\u1ea1n mu\u1ed1n m\u00e0 c\u00f2n hi\u1ec3u \u0111\u01b0\u1ee3c nhu c\u1ea7u c\u1ee7a b\u1ea1n.<\/p>\n<p><a class=\"open-popup-link\" href=\"https:\/\/ecovacsdeebot.com\/Ecovacs-T-Series\/Ecovacs-Deebot-T30-Pro-Omni-Quoc-Te-Robot-Hut-Bui-Lau-Nha.html#test-popup\" rel=\"nofollow noopener\" target=\"_blank\"><img decoding=\"async\" src=\"https:\/\/ecovacsdeebot.com\/public\/upload\/images\/T30-Pro-Omni\/ecovacs-deebot-T30-pro-omni-11.jpg\" \/><\/a><\/p>\n<h3><strong>Deebot T30 Pro Omni v\u1edbi 2 phi\u00ean b\u1ea3n tr\u1ea1m s\u1ea1c linh ho\u1ea1t<\/strong><\/h3>\n<p>T30 Pro Omni cho ra m\u1eaft 2 phi\u00ean b\u1ea3n tr\u1ea1m s\u1ea1c kh\u00e1c nhau:<\/p>\n<ul>\n<li class=\"first\">Phi\u00ean b\u1ea3n t\u1ef1 \u0111\u1ed9ng b\u01a1m x\u1ea3 v\u1edbi tr\u1ea1m s\u1ea1c si\u00eau nh\u1ecf g\u1ecdn, cao ch\u1ec9 40cm, gi\u1ea3m 30% c\u00f3 v\u1edbi thi\u1ebft k\u1ebf th\u00f4ng th\u01b0\u1eddng, ti\u1ebft ki\u1ec7m kh\u00f4ng gian m\u00e0 v\u1eabn \u0111\u1ea3m b\u1ea3o t\u00ednh th\u1ea9m m\u1ef9.<\/li>\n<li class=\"last\">Phi\u00ean b\u1ea3n ti\u00eau chu\u1ea9n c\u00f3 th\u1ec3 \u0111\u1eb7t t\u1ef1 do \u1edf nhi\u1ec1u v\u1ecb tr\u00ed kh\u00e1c nhau v\u1edbi chi\u1ec1u cao ch\u1ec9 48cm, gi\u1ea3m 17% so v\u1edbi thi\u1ebft k\u1ebf th\u00f4ng th\u01b0\u1eddng. Mang l\u1ea1i s\u1ef1 ti\u1ec7n l\u1ee3i v\u00e0 linh ho\u1ea1t trong vi\u1ec7c l\u1ef1a ch\u1ecdn v\u1ecb tr\u00ed \u0111\u1eb7t m\u00e1y.<\/li>\n<\/ul>\n<p>C\u1ea3 hai phi\u00ean b\u1ea3n tr\u1ea1m s\u1ea1c c\u1ee7a Ecovacs T30 Pro Omni n\u00e0y \u0111\u1ec1u \u0111\u01b0\u1ee3c thi\u1ebft k\u1ebf \u0111\u1ec3 ph\u00f9 h\u1ee3p v\u1edbi nhi\u1ec1u kh\u00f4ng gian s\u1ed1ng, t\u1eeb nh\u1eefng ng\u00f4i nh\u00e0 hi\u1ec7n \u0111\u1ea1i cho \u0111\u1ebfn c\u00e1c c\u0103n h\u1ed9 nh\u1ecf, mang l\u1ea1i gi\u1ea3i ph\u00e1p l\u00e0m s\u1ea1ch th\u00f4ng minh v\u00e0 ti\u1ebft ki\u1ec7m kh\u00f4ng gian.<\/p>\n<p><a class=\"open-popup-link\" href=\"https:\/\/ecovacsdeebot.com\/Ecovacs-T-Series\/Ecovacs-Deebot-T30-Pro-Omni-Quoc-Te-Robot-Hut-Bui-Lau-Nha.html#test-popup\" rel=\"nofollow noopener\" target=\"_blank\"><img decoding=\"async\" src=\"https:\/\/ecovacsdeebot.com\/public\/upload\/images\/T30-Pro-Omni\/ecovacs-deebot-T30-pro-omni-13.jpg\" \/><\/a><\/p>\n","protected":false},"excerpt":{"rendered":"<p>Video gi\u1edbi thi\u1ec7u v\u1ec1 s\u1ea3n ph\u1ea9m H\u01b0\u1edbng d\u1eabn s\u1eed d\u1ee5ng T30 Pro Omni Ecovacs\u00a0T30 Pro Omni\u00a0l\u00e0 m\u1ed9t trong nh\u1eefng d\u00f2ng robot h\u00fat b\u1ee5i th\u00f4ng minh v\u00e0 ti\u1ec7n \u00edch nh\u1ea5t hi\u1ec7n nay. V\u1edbi s\u1ef1 k\u1ebft h\u1ee3p gi\u1eefa c\u00f4ng ngh\u1ec7 ti\u00ean ti\u1ebfn v\u00e0 t\u00ednh n\u0103ng th\u00f4ng minh, n\u00f3 h\u1ee9a h\u1eb9n mang l\u1ea1i tr\u1ea3i nghi\u1ec7m l\u00e0m s\u1ea1ch to\u00e0n&#8230;<\/p>\n","protected":false},"featured_media":3372,"comment_status":"open","ping_status":"closed","template":"","meta":[],"product_brand":[],"product_cat":[86,103],"product_tag":[],"class_list":{"0":"post-3371","1":"product","2":"type-product","3":"status-publish","4":"has-post-thumbnail","6":"product_cat-robot-may-hut-bui-lau-nha","7":"product_cat-ecovacs","9":"first","10":"instock","11":"shipping-taxable","12":"product-type-simple"},"_links":{"self":[{"href":"https:\/\/nhadepbepxinh.com.vn\/index.php?rest_route=\/wp\/v2\/product\/3371","targetHints":{"allow":["GET"]}}],"collection":[{"href":"https:\/\/nhadepbepxinh.com.vn\/index.php?rest_route=\/wp\/v2\/product"}],"about":[{"href":"https:\/\/nhadepbepxinh.com.vn\/index.php?rest_route=\/wp\/v2\/types\/product"}],"replies":[{"embeddable":true,"href":"https:\/\/nhadepbepxinh.com.vn\/index.php?rest_route=%2Fwp%2Fv2%2Fcomments&post=3371"}],"wp:featuredmedia":[{"embeddable":true,"href":"https:\/\/nhadepbepxinh.com.vn\/index.php?rest_route=\/wp\/v2\/media\/3372"}],"wp:attachment":[{"href":"https:\/\/nhadepbepxinh.com.vn\/index.php?rest_route=%2Fwp%2Fv2%2Fmedia&parent=3371"}],"wp:term":[{"taxonomy":"product_brand","embeddable":true,"href":"https:\/\/nhadepbepxinh.com.vn\/index.php?rest_route=%2Fwp%2Fv2%2Fproduct_brand&post=3371"},{"taxonomy":"product_cat","embeddable":true,"href":"https:\/\/nhadepbepxinh.com.vn\/index.php?rest_route=%2Fwp%2Fv2%2Fproduct_cat&post=3371"},{"taxonomy":"product_tag","embeddable":true,"href":"https:\/\/nhadepbepxinh.com.vn\/index.php?rest_route=%2Fwp%2Fv2%2Fproduct_tag&post=3371"}],"curies":[{"name":"wp","href":"https:\/\/api.w.org\/{rel}","templated":true}]}}