{"id":3359,"date":"2025-04-01T17:58:56","date_gmt":"2025-04-01T10:58:56","guid":{"rendered":"https:\/\/nhadepbepxinh.com.vn\/?post_type=product&#038;p=3359"},"modified":"2025-04-03T17:28:21","modified_gmt":"2025-04-03T10:28:21","slug":"robot-ecovacs-deebot-t30s-pro-2025-quoc-te","status":"publish","type":"product","link":"https:\/\/nhadepbepxinh.com.vn\/?product=robot-ecovacs-deebot-t30s-pro-2025-quoc-te","title":{"rendered":"ROBOT ECOVACS DEEBOT T30S Pro 2025 Qu\u1ed1c T\u1ebf"},"content":{"rendered":"<p>Trong x\u00e3 h\u1ed9i hi\u1ec7n \u0111\u1ea1i ng\u00e0y nay, cu\u1ed9c s\u1ed1ng b\u1eadn r\u1ed9n d\u01b0\u1eddng nh\u01b0 tr\u1edf th\u00e0nh quy lu\u1eadt kh\u00f4ng th\u1ec3 tr\u00e1nh kh\u1ecfi. C\u00f4ng vi\u1ec7c, gia \u0111\u00ecnh, c\u00e1c ho\u1ea1t \u0111\u1ed9ng x\u00e3 h\u1ed9i v\u00e0 c\u00e1c tr\u00e1ch nhi\u1ec7m c\u00e1 nh\u00e2n khi\u1ebfn ch\u00fang ta lu\u00f4n ph\u1ea3i di chuy\u1ec3n nhanh ch\u00f3ng v\u00e0 kh\u00f4ng c\u00f3 nhi\u1ec1u th\u1eddi gian cho nh\u1eefng c\u00f4ng vi\u1ec7c nh\u00e0 th\u01b0\u1eddng ng\u00e0y.<\/p>\n<p><a class=\"open-popup-link\" href=\"https:\/\/ecovacsdeebot.com\/Ecovacs-T-Series\/Ecovacs-Deebot-T30S-Pro-Omni-Quoc-Te-Chinh-Hang-Moi.html#test-popup\" rel=\"nofollow noopener\" target=\"_blank\"><img decoding=\"async\" src=\"https:\/\/ecovacsdeebot.com\/public\/upload\/images\/T30s-pro\/TINH-NANG.jpg\" \/><\/a><\/p>\n<p>Trong b\u1ed1i c\u1ea3nh \u0111\u00f3, nhu c\u1ea7u v\u1ec1 nh\u1eefng gi\u1ea3i ph\u00e1p th\u00f4ng minh v\u00e0 ti\u1ec7n l\u1ee3i ng\u00e0y c\u00e0ng tr\u1edf n\u00ean c\u1ea5p thi\u1ebft. Nh\u1eefng s\u1ea3n ph\u1ea9m c\u00f4ng ngh\u1ec7 ti\u00ean ti\u1ebfn kh\u00f4ng ch\u1ec9 gi\u00fap ti\u1ebft ki\u1ec7m th\u1eddi gian m\u00e0 c\u00f2n mang \u0111\u1ebfn s\u1ef1 ti\u1ec7n nghi v\u00e0 hi\u1ec7u qu\u1ea3 cao h\u01a1n trong c\u00e1c c\u00f4ng vi\u1ec7c h\u00e0ng ng\u00e0y.<\/p>\n<p><a class=\"open-popup-link\" href=\"https:\/\/ecovacsdeebot.com\/Ecovacs-T-Series\/Ecovacs-Deebot-T30S-Pro-Omni-Quoc-Te-Chinh-Hang-Moi.html#test-popup\" rel=\"nofollow noopener\" target=\"_blank\"><img decoding=\"async\" src=\"https:\/\/ecovacsdeebot.com\/public\/upload\/images\/T30s-pro\/T30s-pro-01.jpg\" \/><\/a><\/p>\n<p>M\u1ed9t trong nh\u1eefng c\u00f4ng ngh\u1ec7 n\u1ed5i b\u1eadt trong vi\u1ec7c h\u1ed7 tr\u1ee3 c\u00f4ng vi\u1ec7c nh\u00e0 l\u00e0 robot h\u00fat b\u1ee5i lau nh\u00e0. Nh\u1eefng thi\u1ebft b\u1ecb n\u00e0y kh\u00f4ng ch\u1ec9 gi\u00fap ch\u00fang ta ti\u1ebft ki\u1ec7m th\u1eddi gian m\u00e0 c\u00f2n l\u00e0m vi\u1ec7c m\u1ed9t c\u00e1ch th\u00f4ng minh v\u00e0 hi\u1ec7u qu\u1ea3 h\u01a1n so v\u1edbi ph\u01b0\u01a1ng ph\u00e1p l\u00e0m s\u1ea1ch truy\u1ec1n th\u1ed1ng. V\u1edbi kh\u1ea3 n\u0103ng t\u1ef1 \u0111\u1ed9ng h\u00f3a ho\u00e0n to\u00e0n c\u00e1c quy tr\u00ecnh l\u00e0m s\u1ea1ch, robot h\u00fat b\u1ee5i lau nh\u00e0 \u0111\u00e3 tr\u1edf th\u00e0nh tr\u1ee3 th\u1ee7 \u0111\u1eafc l\u1ef1c cho nh\u1eefng ai \u0111ang t\u00ecm ki\u1ebfm s\u1ef1 t\u1ed1i \u01b0u trong cu\u1ed9c s\u1ed1ng b\u1eadn r\u1ed9n.<\/p>\n<p>Trong s\u1ed1 c\u00e1c s\u1ea3n ph\u1ea9m n\u1ed5i b\u1eadt tr\u00ean th\u1ecb tr\u01b0\u1eddng,\u00a0<strong>Ecovacs Deebot\u00a0T30S Pro Omni<\/strong>\u00a0n\u1ed5i b\u1eadt v\u1edbi s\u1ef1 k\u1ebft h\u1ee3p ho\u00e0n h\u1ea3o c\u1ee7a c\u00f4ng ngh\u1ec7 ti\u00ean ti\u1ebfn v\u00e0 t\u00ednh n\u0103ng th\u00f4ng minh. \u0110\u01b0\u1ee3c thi\u1ebft k\u1ebf \u0111\u1ec3 \u0111\u00e1p \u1ee9ng nhu c\u1ea7u cao nh\u1ea5t v\u1ec1 hi\u1ec7u su\u1ea5t l\u00e0m s\u1ea1ch v\u00e0 s\u1ef1 ti\u1ec7n l\u1ee3i,<strong>\u00a0T30S Pro Omni<\/strong>\u00a0kh\u00f4ng ch\u1ec9 \u0111\u01a1n thu\u1ea7n l\u00e0 m\u1ed9t thi\u1ebft b\u1ecb h\u00fat b\u1ee5i lau nh\u00e0; n\u00f3 l\u00e0 m\u1ed9t gi\u1ea3i ph\u00e1p to\u00e0n di\u1ec7n cho v\u1ea5n \u0111\u1ec1 l\u00e0m s\u1ea1ch trong cu\u1ed9c s\u1ed1ng hi\u1ec7n \u0111\u1ea1i.<\/p>\n<p>Ch\u00fang ta \u0111ang s\u1ed1ng trong m\u1ed9t th\u1eddi \u0111\u1ea1i m\u00e0 c\u00f4ng ngh\u1ec7 kh\u00f4ng ch\u1ec9 \u0111\u01a1n thu\u1ea7n l\u00e0 m\u1ed9t s\u1ef1 ti\u1ec7n l\u1ee3i, m\u00e0 c\u00f2n l\u00e0 m\u1ed9t ph\u1ea7n thi\u1ebft y\u1ebfu trong cu\u1ed9c s\u1ed1ng h\u00e0ng ng\u00e0y.\u00a0<strong>Ecovacs Deebot T30S Pro Omni\u00a0<\/strong>ch\u00ednh l\u00e0 minh ch\u1ee9ng cho s\u1ef1 k\u1ebft h\u1ee3p ho\u00e0n h\u1ea3o gi\u1eefa c\u00f4ng ngh\u1ec7 v\u00e0 ti\u1ec7n \u00edch, mang \u0111\u1ebfn gi\u1ea3i ph\u00e1p l\u00e0m s\u1ea1ch th\u00f4ng minh v\u00e0 hi\u1ec7u qu\u1ea3 cho nh\u1eefng ai lu\u00f4n ph\u1ea3i \u0111\u1ed1i m\u1eb7t v\u1edbi l\u1ecbch tr\u00ecnh b\u1eadn r\u1ed9n.<\/p>\n<h3>H\u1ec7 Th\u1ed1ng Gi\u1eb7t Kh\u0103n Lau V\u00e0 S\u1ea5y Kh\u00f4<\/h3>\n<p>H\u1ec7 th\u1ed1ng gi\u1eb7t kh\u0103n lau c\u1ee7a\u00a0<strong>Ecovacs Deebot T30S Pro Omni\u00a0<\/strong>s\u1eed d\u1ee5ng n\u01b0\u1edbc n\u00f3ng l\u00ean t\u1edbi 70 \u0111\u1ed9 C \u0111\u1ec3 l\u00e0m s\u1ea1ch kh\u0103n lau, gi\u00fap ti\u00eau di\u1ec7t vi khu\u1ea9n v\u00e0 lo\u1ea1i b\u1ecf v\u1ebft b\u1ea9n hi\u1ec7u qu\u1ea3. Sau khi gi\u1eb7t, kh\u0103n lau \u0111\u01b0\u1ee3c s\u1ea5y kh\u00f4 b\u1eb1ng kh\u00f4ng kh\u00ed \u1ea5m 45 \u0111\u1ed9 C, \u0111\u1ea3m b\u1ea3o kh\u0103n lau lu\u00f4n kh\u00f4 r\u00e1o v\u00e0 s\u1ea1ch s\u1ebd tr\u01b0\u1edbc khi ti\u1ebfp t\u1ee5c l\u00e0m vi\u1ec7c.<\/p>\n<p><a class=\"open-popup-link\" href=\"https:\/\/ecovacsdeebot.com\/Ecovacs-T-Series\/Ecovacs-Deebot-T30S-Pro-Omni-Quoc-Te-Chinh-Hang-Moi.html#test-popup\" rel=\"nofollow noopener\" target=\"_blank\"><img decoding=\"async\" src=\"https:\/\/ecovacsdeebot.com\/public\/upload\/images\/T30s-pro\/T30s-pro-02.jpg\" \/><\/a><\/p>\n<h3>L\u1ef1c H\u00fat Si\u00eau M\u1ea1nh 11000 Pa<\/h3>\n<p><strong>Ecovacs Deebot T30S Pro Omni<\/strong>\u00a0\u0111\u01b0\u1ee3c trang b\u1ecb l\u1ef1c h\u00fat c\u1ef1c k\u1ef3 m\u1ea1nh m\u1ebd l\u00ean t\u1edbi 11000 Pa, cung c\u1ea5p kh\u1ea3 n\u0103ng h\u00fat b\u1ee5i v\u00e0 c\u00e1c m\u1ea3nh v\u1ee5n t\u1eeb c\u00e1c b\u1ec1 m\u1eb7t kh\u00e1c nhau m\u1ed9t c\u00e1ch nhanh ch\u00f3ng v\u00e0 hi\u1ec7u qu\u1ea3.<\/p>\n<p><a class=\"open-popup-link\" href=\"https:\/\/ecovacsdeebot.com\/Ecovacs-T-Series\/Ecovacs-Deebot-T30S-Pro-Omni-Quoc-Te-Chinh-Hang-Moi.html#test-popup\" rel=\"nofollow noopener\" target=\"_blank\"><img decoding=\"async\" src=\"https:\/\/ecovacsdeebot.com\/public\/upload\/images\/T30s-pro\/T30s-pro-03.jpg\" \/><\/a><\/p>\n<p>V\u1edbi l\u1ef1c h\u00fat n\u00e0y, robot c\u00f3 th\u1ec3 d\u1ec5 d\u00e0ng x\u1eed l\u00fd c\u1ea3 nh\u1eefng b\u1ee5i b\u1ea9n v\u00e0 v\u1ee5n th\u1ee9c \u0103n c\u1ee9ng \u0111\u1ea7u, \u0111\u1ea3m b\u1ea3o b\u1ec1 m\u1eb7t s\u00e0n c\u1ee7a b\u1ea1n lu\u00f4n s\u1ea1ch s\u1ebd v\u00e0 kh\u00f4ng c\u00f3 d\u1ea5u v\u1ebft b\u1ee5i b\u1ea9n. C\u00f4ng ngh\u1ec7 h\u00fat b\u1ee5i m\u1ea1nh m\u1ebd n\u00e0y c\u0169ng gi\u00fap lo\u1ea1i b\u1ecf c\u00e1c t\u00e1c nh\u00e2n g\u00e2y d\u1ecb \u1ee9ng, l\u00e0m cho kh\u00f4ng gian s\u1ed1ng c\u1ee7a b\u1ea1n tr\u1edf n\u00ean trong l\u00e0nh h\u01a1n.<\/p>\n<h3>Dung L\u01b0\u1ee3ng Pin Kh\u1ee7ng 6400mAh<\/h3>\n<p>\u0110\u01b0\u1ee3c trang b\u1ecb pin lithium-ion dung l\u01b0\u1ee3ng 6400mAh,\u00a0<strong>T30S Pro Omni\u00a0<\/strong>cung c\u1ea5p th\u1eddi gian ho\u1ea1t \u0111\u1ed9ng d\u00e0i l\u00e2u l\u00ean t\u1edbi 3 ti\u1ebfng li\u00ean t\u1ee5c trong m\u1ed9t l\u1ea7n s\u1ea1c \u0111\u1ea7y. Dung l\u01b0\u1ee3ng pin l\u1edbn n\u00e0y cho ph\u00e9p robot l\u00e0m s\u1ea1ch di\u1ec7n t\u00edch r\u1ed9ng m\u00e0 kh\u00f4ng c\u1ea7n ph\u1ea3i d\u1eebng l\u1ea1i \u0111\u1ec3 s\u1ea1c pin, l\u00e0m cho n\u00f3 tr\u1edf th\u00e0nh s\u1ef1 l\u1ef1a ch\u1ecdn l\u00fd t\u01b0\u1edfng cho c\u00e1c c\u0103n h\u1ed9 l\u1edbn ho\u1eb7c nh\u1eefng khu v\u1ef1c c\u00f3 di\u1ec7n t\u00edch s\u00e0n r\u1ed9ng.<\/p>\n<h3>C\u00f4ng Ngh\u1ec7 Lau TruEdge\u2122 Ti\u00ean Ti\u1ebfn<\/h3>\n<p>V\u1edbi c\u00f4ng ngh\u1ec7 lau TruEdge\u2122, robot\u00a0<strong>T30S Pro Omni\u00a0<\/strong>c\u00f3 kh\u1ea3 n\u0103ng ti\u1ebfp c\u1eadn v\u00e0 l\u00e0m s\u1ea1ch nh\u1eefng g\u00f3c c\u1ea1nh kh\u00f3 ti\u1ebfp c\u1eadn tr\u00ean s\u00e0n nh\u00e0. C\u00f4ng ngh\u1ec7 n\u00e0y gi\u00fap robot c\u00f3 th\u1ec3 lau s\u1ea1ch nh\u1eefng v\u00f9ng g\u00f3c khu\u1ea5t v\u00e0 nh\u1eefng v\u1ecb tr\u00ed kh\u00f3 kh\u0103n m\u00e0 c\u00e1c thi\u1ebft b\u1ecb lau nh\u00e0 kh\u00e1c c\u00f3 th\u1ec3 b\u1ecf s\u00f3t. \u0110i\u1ec1u n\u00e0y gi\u00fap \u0111\u1ea3m b\u1ea3o r\u1eb1ng m\u1ecdi ng\u00f3c ng\u00e1ch trong ng\u00f4i nh\u00e0 c\u1ee7a b\u1ea1n \u0111\u1ec1u \u0111\u01b0\u1ee3c l\u00e0m s\u1ea1ch ho\u00e0n h\u1ea3o.<\/p>\n<p><a class=\"open-popup-link\" href=\"https:\/\/ecovacsdeebot.com\/Ecovacs-T-Series\/Ecovacs-Deebot-T30S-Pro-Omni-Quoc-Te-Chinh-Hang-Moi.html#test-popup\" rel=\"nofollow noopener\" target=\"_blank\"><img decoding=\"async\" src=\"https:\/\/ecovacsdeebot.com\/public\/upload\/images\/T30s-pro\/T30s-pro-05.jpg\" \/><\/a><\/p>\n<h3>C\u00f4ng Ngh\u1ec7 Ch\u1ed1ng R\u1ed1i ZeroTangle\u2122<\/h3>\n<p>C\u00f4ng ngh\u1ec7 ZeroTangle\u2122 ti\u00ean ti\u1ebfn gi\u00fap gi\u1ea3m thi\u1ec3u t\u00ecnh tr\u1ea1ng d\u00e2y t\u00f3c, l\u00f4ng th\u00fa c\u01b0ng hay c\u00e1c s\u1ee3i ch\u1ec9 b\u1ecb m\u1eafc k\u1eb9t v\u00e0o b\u00e0n ch\u1ea3i c\u1ee7a robot.<\/p>\n<p><a class=\"open-popup-link\" href=\"https:\/\/ecovacsdeebot.com\/Ecovacs-T-Series\/Ecovacs-Deebot-T30S-Pro-Omni-Quoc-Te-Chinh-Hang-Moi.html#test-popup\" rel=\"nofollow noopener\" target=\"_blank\"><img decoding=\"async\" src=\"https:\/\/ecovacsdeebot.com\/public\/upload\/images\/T30s-pro\/T30s-pro-06.jpg\" \/><\/a><\/p>\n<p>Nh\u1edd v\u1eady, b\u1ea1n kh\u00f4ng c\u1ea7n ph\u1ea3i lo l\u1eafng v\u1ec1 vi\u1ec7c th\u00e1o r\u1eddi v\u00e0 v\u1ec7 sinh c\u00e1c b\u1ed9 ph\u1eadn c\u1ee7a robot th\u01b0\u1eddng xuy\u00ean. \u0110i\u1ec1u n\u00e0y gi\u00fap t\u0103ng c\u01b0\u1eddng hi\u1ec7u su\u1ea5t l\u00e0m s\u1ea1ch v\u00e0 ti\u1ebft ki\u1ec7m th\u1eddi gian b\u1ea3o tr\u00ec.<\/p>\n<p><a class=\"open-popup-link\" href=\"https:\/\/ecovacsdeebot.com\/Ecovacs-T-Series\/Ecovacs-Deebot-T30S-Pro-Omni-Quoc-Te-Chinh-Hang-Moi.html#test-popup\" rel=\"nofollow noopener\" target=\"_blank\"><img decoding=\"async\" src=\"https:\/\/ecovacsdeebot.com\/public\/upload\/images\/T30s-pro\/T30s-pro-07.jpg\" \/><\/a><\/p>\n<h3>C\u00f4ng Ngh\u1ec7 Lau Xoay OZMO Turbo 2.0<\/h3>\n<p>V\u1edbi c\u00f4ng ngh\u1ec7 lau xoay OZMO Turbo 2.0,\u00a0<strong>Ecovacs Deebot T30S Pro Omni\u00a0<\/strong>mang \u0111\u1ebfn kh\u1ea3 n\u0103ng lau ch\u00f9i hi\u1ec7u qu\u1ea3 h\u01a1n g\u1ea5p nhi\u1ec1u l\u1ea7n so v\u1edbi c\u00e1c c\u00f4ng ngh\u1ec7 lau th\u00f4ng th\u01b0\u1eddng. \u0110\u0129a lau xoay t\u1ed1c \u0111\u1ed9 cao k\u1ebft h\u1ee3p v\u1edbi ch\u1ee9c n\u0103ng phun n\u01b0\u1edbc th\u00f4ng minh gi\u00fap l\u00e0m s\u1ea1ch s\u00e2u c\u00e1c v\u1ebft b\u1ea9n c\u1ee9ng \u0111\u1ea7u v\u00e0 b\u1ee5i b\u1ea9n, mang l\u1ea1i s\u1ef1 s\u00e1ng b\u00f3ng cho s\u00e0n nh\u00e0 c\u1ee7a b\u1ea1n.<\/p>\n<p><a class=\"open-popup-link\" href=\"https:\/\/ecovacsdeebot.com\/Ecovacs-T-Series\/Ecovacs-Deebot-T30S-Pro-Omni-Quoc-Te-Chinh-Hang-Moi.html#test-popup\" rel=\"nofollow noopener\" target=\"_blank\"><img decoding=\"async\" src=\"https:\/\/ecovacsdeebot.com\/public\/upload\/images\/T30s-pro\/T30s-pro-04.jpg\" \/><\/a><\/p>\n<h3>C\u00f4ng Ngh\u1ec7 AIVI 3D 2.0<\/h3>\n<p>C\u00f4ng ngh\u1ec7 AIVI 3D 2.0 t\u00edch h\u1ee3p tr\u00ed tu\u1ec7 nh\u00e2n t\u1ea1o ti\u00ean ti\u1ebfn gi\u00fap robot\u00a0nh\u1eadn di\u1ec7n v\u00e0 x\u1eed l\u00fd c\u00e1c v\u1eadt c\u1ea3n tr\u00ean \u0111\u01b0\u1eddng \u0111i m\u1ed9t c\u00e1ch th\u00f4ng minh. Robot c\u00f3 kh\u1ea3 n\u0103ng ph\u00e2n t\u00edch v\u00e0 nh\u1eadn di\u1ec7n c\u00e1c v\u1eadt th\u1ec3 nh\u01b0 d\u00e2y \u0111i\u1ec7n, gi\u00e0y d\u00e9p hay \u0111\u1ed3 ch\u01a1i, t\u1eeb \u0111\u00f3 \u0111i\u1ec1u ch\u1ec9nh h\u01b0\u1edbng \u0111i v\u00e0 c\u00e1ch ti\u1ebfp c\u1eadn \u0111\u1ec3 tr\u00e1nh va ch\u1ea1m v\u00e0 l\u00e0m s\u1ea1ch m\u1ed9t c\u00e1ch hi\u1ec7u qu\u1ea3.<\/p>\n<p><a class=\"open-popup-link\" href=\"https:\/\/ecovacsdeebot.com\/Ecovacs-T-Series\/Ecovacs-Deebot-T30S-Pro-Omni-Quoc-Te-Chinh-Hang-Moi.html#test-popup\" rel=\"nofollow noopener\" target=\"_blank\"><img decoding=\"async\" src=\"https:\/\/ecovacsdeebot.com\/public\/upload\/images\/T30s-pro\/T30s-pro-08(1).jpg\" \/><\/a><\/p>\n<h3>Tr\u1ea1m S\u1ea1c \u0110a N\u0103ng T\u1ef1 \u0110\u1ed9ng H\u00f3a Quy Tr\u00ecnh L\u00e0m S\u1ea1ch<\/h3>\n<p>Tr\u1ea1m s\u1ea1c \u0111a n\u0103ng c\u1ee7a s\u1ea3n ph\u1ea9m\u00a0<strong>T30S Pro Omni<\/strong>\u00a0kh\u00f4ng ch\u1ec9 s\u1ea1c pin cho robot m\u00e0 c\u00f2n th\u1ef1c hi\u1ec7n c\u00e1c ch\u1ee9c n\u0103ng kh\u00e1c nh\u01b0 t\u1ef1 \u0111\u1ed9ng l\u00e0m s\u1ea1ch kh\u0103n lau v\u00e0 b\u1ed5 sung n\u01b0\u1edbc. \u0110i\u1ec1u n\u00e0y gi\u00fap t\u1ef1 \u0111\u1ed9ng h\u00f3a quy tr\u00ecnh l\u00e0m s\u1ea1ch, gi\u1ea3m thi\u1ec3u s\u1ef1 can thi\u1ec7p c\u1ee7a b\u1ea1n v\u00e0 \u0111\u1ea3m b\u1ea3o r\u1eb1ng robot lu\u00f4n s\u1eb5n s\u00e0ng \u0111\u1ec3 ho\u1ea1t \u0111\u1ed9ng.<\/p>\n<p><a class=\"open-popup-link\" href=\"https:\/\/ecovacsdeebot.com\/Ecovacs-T-Series\/Ecovacs-Deebot-T30S-Pro-Omni-Quoc-Te-Chinh-Hang-Moi.html#test-popup\" rel=\"nofollow noopener\" target=\"_blank\"><img decoding=\"async\" src=\"https:\/\/ecovacsdeebot.com\/public\/upload\/images\/T30s-pro\/T30s-pro-09.jpg\" \/><\/a><\/p>\n<h3>T\u00ednh N\u0103ng TrueMapping 2.0<\/h3>\n<p>V\u1edbi t\u00ednh n\u0103ng TrueMapping 2.0,\u00a0<strong>Ecovacs Deebot T30S Pro Omni<\/strong>\u00a0s\u1eed d\u1ee5ng c\u00f4ng ngh\u1ec7 \u00e1nh s\u00e1ng laser \u0111\u1ec3 qu\u00e9t v\u00e0 l\u1eadp b\u1ea3n \u0111\u1ed3 ch\u00ednh x\u00e1c c\u1ee7a ng\u00f4i nh\u00e0 b\u1ea1n. \u0110i\u1ec1u n\u00e0y gi\u00fap robot \u0111\u1ecbnh h\u00ecnh c\u00e1c khu v\u1ef1c c\u1ea7n l\u00e0m s\u1ea1ch m\u1ed9t c\u00e1ch hi\u1ec7u qu\u1ea3, tr\u00e1nh b\u1ecb va ch\u1ea1m v\u00e0 ti\u1ebft ki\u1ec7m th\u1eddi gian l\u00e0m s\u1ea1ch. T\u00ednh n\u0103ng n\u00e0y c\u0169ng gi\u00fap c\u1ea3i thi\u1ec7n kh\u1ea3 n\u0103ng \u0111\u1ecbnh h\u01b0\u1edbng c\u1ee7a robot, \u0111\u1ea3m b\u1ea3o r\u1eb1ng m\u1ecdi ng\u00f3c ng\u00e1ch \u0111\u1ec1u \u0111\u01b0\u1ee3c l\u00e0m s\u1ea1ch m\u1ed9t c\u00e1ch \u0111\u1ed3ng \u0111\u1ec1u.<\/p>\n<p><a class=\"open-popup-link\" href=\"https:\/\/ecovacsdeebot.com\/Ecovacs-T-Series\/Ecovacs-Deebot-T30S-Pro-Omni-Quoc-Te-Chinh-Hang-Moi.html#test-popup\" rel=\"nofollow noopener\" target=\"_blank\"><img decoding=\"async\" src=\"https:\/\/ecovacsdeebot.com\/public\/upload\/images\/T30s-pro\/T30s-pro-10.jpg\" \/><\/a><\/p>\n<h3>T\u1ef1 \u0110\u1ed9ng N\u00e2ng Kh\u0103n Lau Khi G\u1eb7p Th\u1ea3m<\/h3>\n<p>Khi g\u1eb7p c\u00e1c b\u1ec1 m\u1eb7t th\u1ea3m,\u00a0<strong>T30S Pro Omni<\/strong>\u00a0t\u1ef1 \u0111\u1ed9ng n\u00e2ng kh\u0103n lau \u0111\u1ec3 tr\u00e1nh l\u00e0m \u01b0\u1edbt th\u1ea3m. \u0110i\u1ec1u n\u00e0y kh\u00f4ng ch\u1ec9 b\u1ea3o v\u1ec7 ch\u1ea5t li\u1ec7u th\u1ea3m kh\u1ecfi b\u1ecb h\u01b0 h\u1ecfng m\u00e0 c\u00f2n gi\u00fap t\u1ed1i \u01b0u h\u00f3a hi\u1ec7u qu\u1ea3 l\u00e0m s\u1ea1ch tr\u00ean c\u00e1c b\u1ec1 m\u1eb7t s\u00e0n kh\u00e1c.<\/p>\n<p><a class=\"open-popup-link\" href=\"https:\/\/ecovacsdeebot.com\/Ecovacs-T-Series\/Ecovacs-Deebot-T30S-Pro-Omni-Quoc-Te-Chinh-Hang-Moi.html#test-popup\" rel=\"nofollow noopener\" target=\"_blank\"><img decoding=\"async\" src=\"https:\/\/ecovacsdeebot.com\/public\/upload\/images\/T30s-pro\/T30s-pro-11.jpg\" \/><\/a><\/p>\n<h3>T\u1ef1 \u0110\u1ed9ng B\u1ed5 B\u1ee5i v\u00e0 B\u1ed5 Sung N\u01b0\u1edbc Th\u00f4ng Minh<\/h3>\n<p>Robot h\u00fat b\u1ee5i lau nh\u00e0 n\u00e0y c\u00f3 kh\u1ea3 n\u0103ng t\u1ef1 \u0111\u1ed9ng b\u1ed5 sung n\u01b0\u1edbc v\u00e0 b\u1ee5i khi c\u1ea7n thi\u1ebft, gi\u00fap duy tr\u00ec hi\u1ec7u su\u1ea5t l\u00e0m s\u1ea1ch t\u1ed1i \u01b0u m\u00e0 kh\u00f4ng c\u1ea7n s\u1ef1 can thi\u1ec7p c\u1ee7a b\u1ea1n. T\u00ednh n\u0103ng n\u00e0y kh\u00f4ng ch\u1ec9 ti\u1ebft ki\u1ec7m th\u1eddi gian m\u00e0 c\u00f2n gi\u00fap \u0111\u1ea3m b\u1ea3o r\u1eb1ng vi\u1ec7c l\u00e0m s\u1ea1ch di\u1ec5n ra li\u00ean t\u1ee5c v\u00e0 hi\u1ec7u qu\u1ea3.<\/p>\n<p><a class=\"open-popup-link\" href=\"https:\/\/ecovacsdeebot.com\/Ecovacs-T-Series\/Ecovacs-Deebot-T30S-Pro-Omni-Quoc-Te-Chinh-Hang-Moi.html#test-popup\" rel=\"nofollow noopener\" target=\"_blank\"><img decoding=\"async\" src=\"https:\/\/ecovacsdeebot.com\/public\/upload\/images\/T30s-pro\/T30s-pro-12.jpg\" \/><\/a><\/p>\n<h3>\u0110i\u1ec1u Khi\u1ec3n B\u1eb1ng Gi\u1ecdng N\u00f3i v\u00e0 C\u00fa Ch\u1ea1m Ch\u00e2n \u201cT30 Kick\u201d<\/h3>\n<p>Robot\u00a0<strong>T30S Pro Omni<\/strong>\u00a0h\u1ed7 tr\u1ee3 \u0111i\u1ec1u khi\u1ec3n b\u1eb1ng gi\u1ecdng n\u00f3i, cho ph\u00e9p b\u1ea1n d\u1ec5 d\u00e0ng ra l\u1ec7nh v\u00e0 \u0111i\u1ec1u ch\u1ec9nh c\u00e1c ch\u1ee9c n\u0103ng c\u1ee7a robot ch\u1ec9 b\u1eb1ng v\u00e0i c\u00e2u l\u1ec7nh \u0111\u01a1n gi\u1ea3n.<\/p>\n<p><a class=\"open-popup-link\" href=\"https:\/\/ecovacsdeebot.com\/Ecovacs-T-Series\/Ecovacs-Deebot-T30S-Pro-Omni-Quoc-Te-Chinh-Hang-Moi.html#test-popup\" rel=\"nofollow noopener\" target=\"_blank\"><img decoding=\"async\" src=\"https:\/\/ecovacsdeebot.com\/public\/upload\/images\/T30s-pro\/T30s-pro-14.jpg\" \/><\/a><\/p>\n<p>Ngo\u00e0i ra, t\u00ednh n\u0103ng \u201cT30 Kick\u201d cho ph\u00e9p b\u1ea1n \u0111i\u1ec1u khi\u1ec3n robot b\u1eb1ng c\u00e1ch c\u00fa ch\u1ea1m ch\u00e2n, t\u1ea1o ra s\u1ef1 ti\u1ec7n l\u1ee3i v\u00e0 d\u1ec5 d\u00e0ng trong vi\u1ec7c \u0111i\u1ec1u khi\u1ec3n.<\/p>\n<p><a class=\"open-popup-link\" href=\"https:\/\/ecovacsdeebot.com\/Ecovacs-T-Series\/Ecovacs-Deebot-T30S-Pro-Omni-Quoc-Te-Chinh-Hang-Moi.html#test-popup\" rel=\"nofollow noopener\" target=\"_blank\"><img decoding=\"async\" src=\"https:\/\/ecovacsdeebot.com\/public\/upload\/images\/T30s-pro\/T30s-pro-13.jpg\" \/><\/a><\/p>\n<p>&nbsp;<\/p>\n<h3>\u1ee8ng D\u1ee5ng Camera Gi\u00e1m S\u00e1t, \u0110\u00e0m Tho\u1ea1i 2 Chi\u1ec1u<\/h3>\n<p>V\u1edbi \u1ee9ng d\u1ee5ng camera gi\u00e1m s\u00e1t t\u00edch h\u1ee3p, b\u1ea1n c\u00f3 th\u1ec3 theo d\u00f5i t\u00ecnh tr\u1ea1ng v\u00e0 ho\u1ea1t \u0111\u1ed9ng c\u1ee7a robot t\u1eeb xa qua smartphone. T\u00ednh n\u0103ng \u0111\u00e0m tho\u1ea1i 2 chi\u1ec1u cho ph\u00e9p b\u1ea1n giao ti\u1ebfp v\u1edbi c\u00e1c th\u00e0nh vi\u00ean trong gia \u0111\u00ecnh ho\u1eb7c th\u00fa c\u01b0ng ngay t\u1eeb thi\u1ebft b\u1ecb di \u0111\u1ed9ng c\u1ee7a m\u00ecnh, mang l\u1ea1i s\u1ef1 ti\u1ec7n l\u1ee3i v\u00e0 k\u1ebft n\u1ed1i trong m\u1ecdi t\u00ecnh hu\u1ed1ng.<\/p>\n<p><a class=\"open-popup-link\" href=\"https:\/\/ecovacsdeebot.com\/Ecovacs-T-Series\/Ecovacs-Deebot-T30S-Pro-Omni-Quoc-Te-Chinh-Hang-Moi.html#test-popup\" rel=\"nofollow noopener\" target=\"_blank\"><img decoding=\"async\" src=\"https:\/\/ecovacsdeebot.com\/public\/upload\/images\/T30s-pro\/T30s-pro-16.jpg\" \/><\/a><\/p>\n<h3>\u0110i\u1ec1u Khi\u1ec3n Qua Ecovacs Home Th\u00f4ng Minh<\/h3>\n<p>\u1ee8ng d\u1ee5ng Ecovacs Home gi\u00fap b\u1ea1n \u0111i\u1ec1u khi\u1ec3n robot h\u00fat b\u1ee5i lau nh\u00e0 t\u1eeb xa m\u1ed9t c\u00e1ch th\u00f4ng minh. B\u1ea1n c\u00f3 th\u1ec3 l\u1eadp l\u1ecbch l\u00e0m s\u1ea1ch, theo d\u00f5i ti\u1ebfn tr\u00ecnh v\u00e0 \u0111i\u1ec1u ch\u1ec9nh c\u00e1c c\u00e0i \u0111\u1eb7t theo nhu c\u1ea7u c\u00e1 nh\u00e2n ngay tr\u00ean smartphone c\u1ee7a m\u00ecnh, t\u1ea1o s\u1ef1 linh ho\u1ea1t v\u00e0 ti\u1ec7n l\u1ee3i t\u1ed1i \u0111a trong vi\u1ec7c qu\u1ea3n l\u00fd c\u00f4ng vi\u1ec7c l\u00e0m s\u1ea1ch c\u1ee7a ng\u00f4i nh\u00e0.<\/p>\n<p><a class=\"open-popup-link\" href=\"https:\/\/ecovacsdeebot.com\/Ecovacs-T-Series\/Ecovacs-Deebot-T30S-Pro-Omni-Quoc-Te-Chinh-Hang-Moi.html#test-popup\" rel=\"nofollow noopener\" target=\"_blank\"><img decoding=\"async\" src=\"https:\/\/ecovacsdeebot.com\/public\/upload\/images\/T30s-pro\/T30s-pro-15.jpg\" \/><\/a><\/p>\n<h3>K\u1ebft Lu\u1eadn<\/h3>\n<p>Trong b\u1ed1i c\u1ea3nh c\u1ee7a cu\u1ed9c s\u1ed1ng hi\u1ec7n \u0111\u1ea1i, n\u01a1i m\u00e0 nh\u1ecbp \u0111\u1ed9 c\u00f4ng vi\u1ec7c v\u00e0 c\u00e1c ho\u1ea1t \u0111\u1ed9ng c\u00e1 nh\u00e2n ng\u00e0y c\u00e0ng tr\u1edf n\u00ean nhanh ch\u00f3ng v\u00e0 c\u0103ng th\u1eb3ng, vi\u1ec7c t\u00ecm ki\u1ebfm nh\u1eefng gi\u1ea3i ph\u00e1p th\u00f4ng minh \u0111\u1ec3 qu\u1ea3n l\u00fd v\u00e0 c\u1ea3i thi\u1ec7n ch\u1ea5t l\u01b0\u1ee3ng cu\u1ed9c s\u1ed1ng tr\u1edf th\u00e0nh nhu c\u1ea7u thi\u1ebft y\u1ebfu. C\u00f4ng ngh\u1ec7 ng\u00e0y c\u00e0ng \u0111\u00f3ng vai tr\u00f2 quan tr\u1ecdng trong vi\u1ec7c gi\u00fap ch\u00fang ta \u0111\u1ed1i ph\u00f3 v\u1edbi nh\u1eefng th\u00e1ch th\u1ee9c n\u00e0y, v\u00e0 robot h\u00fat b\u1ee5i lau nh\u00e0 l\u00e0 m\u1ed9t v\u00ed d\u1ee5 \u0111i\u1ec3n h\u00ecnh c\u1ee7a s\u1ef1 ti\u1ebfn b\u1ed9 n\u00e0y.<\/p>\n<p><a class=\"open-popup-link\" href=\"https:\/\/ecovacsdeebot.com\/Ecovacs-T-Series\/Ecovacs-Deebot-T30S-Pro-Omni-Quoc-Te-Chinh-Hang-Moi.html#test-popup\" rel=\"nofollow noopener\" target=\"_blank\"><img decoding=\"async\" src=\"https:\/\/ecovacsdeebot.com\/public\/upload\/images\/T30s-pro\/T30s-pro-17.jpg\" \/><\/a><\/p>\n<p><strong>Ecovacs Deebot T30S Pro Omni<\/strong>\u00a0l\u00e0 minh ch\u1ee9ng r\u00f5 r\u00e0ng cho s\u1ef1 ti\u1ebfn b\u1ed9 c\u1ee7a c\u00f4ng ngh\u1ec7 trong vi\u1ec7c c\u1ea3i thi\u1ec7n ch\u1ea5t l\u01b0\u1ee3ng cu\u1ed9c s\u1ed1ng. S\u1ea3n ph\u1ea9m n\u00e0y kh\u00f4ng ch\u1ec9 l\u00e0 m\u1ed9t thi\u1ebft b\u1ecb h\u1ed7 tr\u1ee3 d\u1ecdn d\u1eb9p \u0111\u01a1n thu\u1ea7n, m\u00e0 c\u00f2n l\u00e0 m\u1ed9t gi\u1ea3i ph\u00e1p to\u00e0n di\u1ec7n cho nh\u1eefng ng\u01b0\u1eddi s\u1ed1ng trong m\u00f4i tr\u01b0\u1eddng b\u1eadn r\u1ed9n, n\u01a1i m\u00e0 m\u1ed7i ph\u00fat gi\u00e2y \u0111\u1ec1u qu\u00fd gi\u00e1.<\/p>\n<p>Trong m\u1ed9t th\u1ebf gi\u1edbi ng\u00e0y c\u00e0ng ph\u00e1t tri\u1ec3n nhanh ch\u00f3ng, n\u01a1i m\u00e0 c\u00f4ng vi\u1ec7c v\u00e0 tr\u00e1ch nhi\u1ec7m c\u00e1 nh\u00e2n kh\u00f4ng ng\u1eebng gia t\u0103ng, s\u1ef1 tham gia c\u1ee7a c\u00f4ng ngh\u1ec7 kh\u00f4ng c\u00f2n l\u00e0 m\u1ed9t l\u1ef1a ch\u1ecdn m\u00e0 l\u00e0 m\u1ed9t nhu c\u1ea7u thi\u1ebft y\u1ebfu.\u00a0<strong>T30S Pro Omni\u00a0<\/strong>kh\u00f4ng ch\u1ec9 gi\u00fap ti\u1ebft ki\u1ec7m th\u1eddi gian v\u00e0 c\u00f4ng s\u1ee9c m\u00e0 c\u00f2n l\u00e0m cho cu\u1ed9c s\u1ed1ng tr\u1edf n\u00ean d\u1ec5 d\u00e0ng v\u00e0 tho\u1ea3i m\u00e1i h\u01a1n. B\u1eb1ng c\u00e1ch t\u1ef1 \u0111\u1ed9ng h\u00f3a quy tr\u00ecnh l\u00e0m s\u1ea1ch v\u00e0 mang l\u1ea1i nh\u1eefng ti\u1ec7n \u00edch th\u00f4ng minh, robot h\u00fat b\u1ee5i lau nh\u00e0 n\u00e0y ch\u00ednh l\u00e0 m\u1ed9t ph\u1ea7n kh\u00f4ng th\u1ec3 thi\u1ebfu trong h\u00e0nh tr\u00ecnh n\u00e2ng cao ch\u1ea5t l\u01b0\u1ee3ng s\u1ed1ng trong th\u1eddi \u0111\u1ea1i c\u00f4ng ngh\u1ec7 4.0.<\/p>\n<p><a class=\"open-popup-link\" href=\"https:\/\/ecovacsdeebot.com\/Ecovacs-T-Series\/Ecovacs-Deebot-T30S-Pro-Omni-Quoc-Te-Chinh-Hang-Moi.html#test-popup\" rel=\"nofollow noopener\" target=\"_blank\"><img decoding=\"async\" src=\"https:\/\/ecovacsdeebot.com\/public\/upload\/images\/T30s-pro\/T30s-pro-19.jpg\" \/><\/a><\/p>\n<p>V\u1edbi<strong>\u00a0Ecovacs Deebot T30S Pro Omni<\/strong>, b\u1ea1n kh\u00f4ng ch\u1ec9 \u0111\u1ea7u t\u01b0 v\u00e0o m\u1ed9t s\u1ea3n ph\u1ea9m c\u00f4ng ngh\u1ec7, m\u00e0 c\u00f2n \u0111\u1ea7u t\u01b0 v\u00e0o s\u1ef1 thu\u1eadn ti\u1ec7n v\u00e0 hi\u1ec7u qu\u1ea3 cho cu\u1ed9c s\u1ed1ng c\u1ee7a b\u1ea1n. \u0110\u00e2y ch\u00ednh l\u00e0 m\u1ed9t b\u01b0\u1edbc ti\u1ebfn quan tr\u1ecdng trong vi\u1ec7c h\u00f2a nh\u1eadp c\u00f4ng ngh\u1ec7 v\u00e0o c\u00e1c ho\u1ea1t \u0111\u1ed9ng h\u00e0ng ng\u00e0y, mang \u0111\u1ebfn s\u1ef1 thay \u0111\u1ed5i t\u00edch c\u1ef1c v\u00e0 gi\u00fap b\u1ea1n d\u1ec5 d\u00e0ng c\u00e2n b\u1eb1ng gi\u1eefa c\u00f4ng vi\u1ec7c, gia \u0111\u00ecnh v\u00e0 cu\u1ed9c s\u1ed1ng c\u00e1 nh\u00e2n.<\/p>\n<p><a class=\"open-popup-link\" href=\"https:\/\/ecovacsdeebot.com\/Ecovacs-T-Series\/Ecovacs-Deebot-T30S-Pro-Omni-Quoc-Te-Chinh-Hang-Moi.html#test-popup\" rel=\"nofollow noopener\" target=\"_blank\"><img decoding=\"async\" src=\"https:\/\/ecovacsdeebot.com\/public\/upload\/images\/T30s-pro\/T30s-pro-18.jpg\" \/><\/a><\/p>\n<p><a class=\"open-popup-link\" href=\"https:\/\/ecovacsdeebot.com\/Ecovacs-T-Series\/Ecovacs-Deebot-T30S-Pro-Omni-Quoc-Te-Chinh-Hang-Moi.html#test-popup\" rel=\"nofollow noopener\" target=\"_blank\"><img decoding=\"async\" src=\"https:\/\/ecovacsdeebot.com\/public\/upload\/images\/T30s-pro\/T30s-pro-20.jpg\" \/><\/a><\/p>\n","protected":false},"excerpt":{"rendered":"<p>Trong x\u00e3 h\u1ed9i hi\u1ec7n \u0111\u1ea1i ng\u00e0y nay, cu\u1ed9c s\u1ed1ng b\u1eadn r\u1ed9n d\u01b0\u1eddng nh\u01b0 tr\u1edf th\u00e0nh quy lu\u1eadt kh\u00f4ng th\u1ec3 tr\u00e1nh kh\u1ecfi. C\u00f4ng vi\u1ec7c, gia \u0111\u00ecnh, c\u00e1c ho\u1ea1t \u0111\u1ed9ng x\u00e3 h\u1ed9i v\u00e0 c\u00e1c tr\u00e1ch nhi\u1ec7m c\u00e1 nh\u00e2n khi\u1ebfn ch\u00fang ta lu\u00f4n ph\u1ea3i di chuy\u1ec3n nhanh ch\u00f3ng v\u00e0 kh\u00f4ng c\u00f3 nhi\u1ec1u th\u1eddi gian cho nh\u1eefng c\u00f4ng vi\u1ec7c&#8230;<\/p>\n","protected":false},"featured_media":3360,"comment_status":"open","ping_status":"closed","template":"","meta":[],"product_brand":[],"product_cat":[86,103],"product_tag":[],"class_list":{"0":"post-3359","1":"product","2":"type-product","3":"status-publish","4":"has-post-thumbnail","6":"product_cat-robot-may-hut-bui-lau-nha","7":"product_cat-ecovacs","9":"first","10":"instock","11":"shipping-taxable","12":"product-type-simple"},"_links":{"self":[{"href":"https:\/\/nhadepbepxinh.com.vn\/index.php?rest_route=\/wp\/v2\/product\/3359","targetHints":{"allow":["GET"]}}],"collection":[{"href":"https:\/\/nhadepbepxinh.com.vn\/index.php?rest_route=\/wp\/v2\/product"}],"about":[{"href":"https:\/\/nhadepbepxinh.com.vn\/index.php?rest_route=\/wp\/v2\/types\/product"}],"replies":[{"embeddable":true,"href":"https:\/\/nhadepbepxinh.com.vn\/index.php?rest_route=%2Fwp%2Fv2%2Fcomments&post=3359"}],"wp:featuredmedia":[{"embeddable":true,"href":"https:\/\/nhadepbepxinh.com.vn\/index.php?rest_route=\/wp\/v2\/media\/3360"}],"wp:attachment":[{"href":"https:\/\/nhadepbepxinh.com.vn\/index.php?rest_route=%2Fwp%2Fv2%2Fmedia&parent=3359"}],"wp:term":[{"taxonomy":"product_brand","embeddable":true,"href":"https:\/\/nhadepbepxinh.com.vn\/index.php?rest_route=%2Fwp%2Fv2%2Fproduct_brand&post=3359"},{"taxonomy":"product_cat","embeddable":true,"href":"https:\/\/nhadepbepxinh.com.vn\/index.php?rest_route=%2Fwp%2Fv2%2Fproduct_cat&post=3359"},{"taxonomy":"product_tag","embeddable":true,"href":"https:\/\/nhadepbepxinh.com.vn\/index.php?rest_route=%2Fwp%2Fv2%2Fproduct_tag&post=3359"}],"curies":[{"name":"wp","href":"https:\/\/api.w.org\/{rel}","templated":true}]}}