{"id":3356,"date":"2025-04-01T17:42:30","date_gmt":"2025-04-01T10:42:30","guid":{"rendered":"https:\/\/nhadepbepxinh.com.vn\/?post_type=product&#038;p=3356"},"modified":"2025-04-01T17:43:55","modified_gmt":"2025-04-01T10:43:55","slug":"binh-nuoc-nong-ariston-slim3-30rs-vn","status":"publish","type":"product","link":"https:\/\/nhadepbepxinh.com.vn\/?product=binh-nuoc-nong-ariston-slim3-30rs-vn","title":{"rendered":"BI\u0300NH N\u01af\u01a0\u0301C NO\u0301NG ARISTON SLIM3 30RS VN"},"content":{"rendered":"<p>C\u00f4ng ngh\u1ec7 m\u00e1y n\u01b0\u1edbc n\u00f3ng Ariston SL3 30 RS 30 l\u00edt<\/p>\n<ul>\n<li>Thanh \u0111\u1ed1t b\u1eb1ng \u0111\u1ed3ng b\u1ec1n v\u01b0\u1ee3t tr\u1ed9i: \u0110\u1ed3ng kim lo\u1ea1i c\u00f3 \u01b0u \u0111i\u1ec3m l\u00e0m n\u00f3ng nhanh, k\u00e9o d\u00e0i tu\u1ed5i th\u1ecd c\u1ee7a thanh \u0111\u1ed1t: t\u0103ng h\u01a1n 50% so v\u1edbi thanh \u0111\u1ed1t b\u1eb1ng th\u00e9p kh\u00f4ng g\u1ec9 th\u00f4ng th\u01b0\u1eddng. Nh\u1edd s\u1eed d\u1ee5ng 100% nguy\u00ean li\u1ec7u an to\u00e0n \u2013 kh\u00f4ng m\u1ea1 k\u1ec1n, c\u00f3 t\u00e1c d\u1ee5ng kh\u00e1ng khu\u1ea9n \u2013 thanh \u0111\u1ed1t b\u1eb1ng \u0111\u1ed3ng \u0111em l\u1ea1i ngu\u1ed3n n\u01b0\u1edbc trong l\u00e0nh, t\u1ed1t h\u01a1n cho s\u1ee9c kh\u1ecfe ng\u01b0\u1eddi s\u1eed d\u1ee5ng.<\/li>\n<\/ul>\n<p><img decoding=\"async\" src=\"https:\/\/aristonviet.com\/kcfinder\/upload\/\/images\/ba2a7743-942f-47ab-93a0-929a1444519c.png\" alt=\"\" \/><\/p>\n<p>L\u1edbp c\u00e1ch nhi\u1ec7t m\u1eadt \u0111\u1ed9 cao trong th\u1eddi gian d\u00e0i: M\u1ecdi b\u00ecnh n\u01b0\u1edbc n\u00f3ng gi\u00e1n ti\u1ebfp Ariston \u0111\u1ec1u c\u00f3 kh\u1ea3 n\u0103ng gi\u1eef n\u01b0\u1edbc n\u00f3ng trong th\u1eddi gian d\u00e0i nh\u1edd v\u00e0o l\u1edbp nh\u1ef1a c\u00e1ch nhi\u1ec7t polyurethane d\u00e0y, m\u1eadt \u0111\u1ed9 cao n\u1eb1m gi\u1eefa b\u00ecnh ch\u1ee9a v\u00e0 v\u1ecf b\u00ean ngo\u00e0i. \u0110\u00e2y l\u00e0 r\u00e0o c\u1ea3n hi\u1ec7u qu\u1ea3 ch\u1ed1ng th\u1ea5t tho\u00e1t nhi\u1ec7t, t\u0103ng hi\u1ec7u su\u1ea5t ho\u1ea1t \u0111\u1ed9ng v\u00e0 gi\u00fap ti\u1ebft ki\u1ec7m \u0111i\u1ec7n.<\/p>\n<ul>\n<li>ELCB v\u00e0 B\u1ed9 \u1ed5n \u0111\u1ecbnh nhi\u1ec7t \u0111i\u1ec7n t\u1eed TBST: Thi\u1ebft b\u1ecb \u1ed5n \u0111\u1ecbnh nhi\u1ec7t gi\u1eef vai tr\u00f2 r\u1ea5t quan tr\u1ecdng \u0111\u1ed1i v\u1edbi m\u00e1y n\u01b0\u1edbc n\u00f3ng, v\u1edbi 2 ch\u1ee9c n\u0103ng ch\u00ednh: b\u1ed9 c\u1ea3m bi\u1ebfn th\u1ee9 nh\u1ea5t s\u1ebd d\u1eebng qu\u00e1 tr\u00ecnh l\u00e0m n\u00f3ng khi n\u01b0\u1edbc \u0111\u00e3 \u0111\u1ea1t \u0111\u1ebfn nhi\u1ec7t \u0111\u1ed9 mong mu\u1ed1n, b\u1ed9 c\u1ea3m bi\u1ebfn th\u1ee9 hai s\u1ebd t\u1ef1 \u0111\u1ed9ng ng\u1eaft ngu\u1ed3n \u0111i\u1ec7n trong tr\u01b0\u1eddng h\u1ee3p n\u01b0\u1edbc n\u00f3ng v\u01b0\u1ee3t qu\u00e1 ng\u01b0\u1ee1ng nhi\u1ec7t \u0111\u1ed9 cao nh\u1ea5t c\u1ee7a m\u00e1y \u0111\u1ec3 b\u1ea3o \u0111\u1ea3m an to\u00e0n cho ng\u01b0\u1eddi s\u1eed d\u1ee5ng.<\/li>\n<li>Hi\u1ec3n th\u1ecb nhi\u1ec7t \u0111\u1ed9 an to\u00e0n khuy\u00ean d\u00f9ng<\/li>\n<li>Ti\u1ebft ki\u1ec7m n\u0103ng l\u01b0\u1ee3ng t\u1ed1i \u0111a v\u1edbi chu\u1ea9n 5 sao<\/li>\n<li>\u0110\u00e8n b\u00e1o n\u01b0\u1edbc n\u00f3ng s\u1eb5n s\u00e0ng ti\u1ec7n nghi v\u00e0 ti\u1ebft ki\u1ec7m \u0111i\u1ec7n<\/li>\n<\/ul>\n<div>\n<p><strong>Th\u00f4ng s\u1ed1 k\u1ef9 thu\u1eadt<\/strong><\/p>\n<\/div>\n<div>\n<table border=\"1\" cellspacing=\"0\" cellpadding=\"0\" align=\"center\">\n<tbody>\n<tr>\n<td valign=\"top\" width=\"319\"><strong>M\u00e3 SP<\/strong><\/td>\n<td valign=\"top\" width=\"319\"><strong>SL3 30 RS VN<\/strong><\/td>\n<\/tr>\n<tr>\n<td valign=\"top\" width=\"319\"><strong>H\u00e3ng s\u1ea3n xu\u1ea5t<\/strong><\/td>\n<td valign=\"top\" width=\"319\"><strong>Ariston<\/strong><\/td>\n<\/tr>\n<tr>\n<td valign=\"top\" width=\"319\"><strong>D\u00f2ng s\u1ea3n ph\u1ea9m<\/strong><\/td>\n<td valign=\"top\" width=\"319\"><strong>M\u00e1y n\u01b0\u1edbc n\u00f3ng gi\u00e1n ti\u1ebfp<em>\u00a0<\/em>SLim3 30 RS<\/strong><\/td>\n<\/tr>\n<tr>\n<td valign=\"top\" width=\"319\"><strong>Dung t\u00edch (L)<\/strong><\/td>\n<td valign=\"top\" width=\"319\"><strong><span style=\"color: #000000;\">30<\/span><\/strong><\/td>\n<\/tr>\n<tr>\n<td valign=\"top\" width=\"319\"><strong>C\u00f4ng su\u1ea5t (KW)<\/strong><\/td>\n<td valign=\"top\" width=\"319\"><strong>2.5<\/strong><\/td>\n<\/tr>\n<tr>\n<td valign=\"top\" width=\"319\"><strong>\u0110i\u1ec7n th\u1ebf (V)<\/strong><\/td>\n<td valign=\"top\" width=\"319\"><strong>220<\/strong><\/td>\n<\/tr>\n<tr>\n<td valign=\"top\" width=\"319\"><strong>Kh\u00f4\u0301i l\u01b0\u01a1\u0323ng ti\u0323nh (Kg)<\/strong><\/td>\n<td valign=\"top\" width=\"319\"><strong>15<\/strong><\/td>\n<\/tr>\n<tr>\n<td valign=\"top\" width=\"319\"><strong>Nh\u1ecbp \u0111\u1ed9 ho\u1ea1t \u0111\u1ed9ng t\u1ed1i \u0111a (oC)<\/strong><\/td>\n<td valign=\"top\" width=\"319\"><strong><span style=\"color: #000000;\">80<\/span><\/strong><\/td>\n<\/tr>\n<tr>\n<td valign=\"top\" width=\"319\"><strong>\u00c1p su\u1ea5t ho\u1ea1t \u0111\u1ed9ng t\u1ed1i \u0111a (Mpa)<\/strong><\/td>\n<td valign=\"top\" width=\"319\"><strong>0.75<\/strong><\/td>\n<\/tr>\n<tr>\n<td valign=\"top\" width=\"319\"><strong>Ch\u1ec9 s\u1ed1 b\u1ea3o v\u1ec7 ch\u1ed1ng th\u00e2m nh\u1eadp (IPX)<\/strong><\/td>\n<td valign=\"top\" width=\"319\"><strong>IPX 1<\/strong><\/td>\n<\/tr>\n<tr>\n<td valign=\"top\" width=\"319\"><strong>K\u00edch th\u01b0\u1edbc (R x C x S) (mm)<\/strong><\/td>\n<td valign=\"top\" width=\"319\"><strong>757 x 348 x 334 mm ( DxRxC)<\/strong><\/td>\n<\/tr>\n<tr>\n<td valign=\"top\" width=\"319\"><strong>B\u1ea3o h\u00e0nh<\/strong><\/td>\n<td valign=\"top\" width=\"319\"><strong>7 n\u0103m ch\u00ednh h\u00e3ng<\/strong><\/td>\n<\/tr>\n<\/tbody>\n<\/table>\n<\/div>\n","protected":false},"excerpt":{"rendered":"<p>B\u1ea3o h\u00e0nh: 7 n\u0103m ch\u00ednh h\u00e3ng<\/p>\n<p>K\u00edch th\u01b0\u1edbc DxRxC : 757x348x334mm<\/p>\n","protected":false},"featured_media":3357,"comment_status":"open","ping_status":"closed","template":"","meta":[],"product_brand":[],"product_cat":[18,32],"product_tag":[],"class_list":{"0":"post-3356","1":"product","2":"type-product","3":"status-publish","4":"has-post-thumbnail","6":"product_cat-thiet-bi-ve-sinh","7":"product_cat-binh-nong-lanh","9":"first","10":"instock","11":"shipping-taxable","12":"product-type-simple"},"_links":{"self":[{"href":"https:\/\/nhadepbepxinh.com.vn\/index.php?rest_route=\/wp\/v2\/product\/3356","targetHints":{"allow":["GET"]}}],"collection":[{"href":"https:\/\/nhadepbepxinh.com.vn\/index.php?rest_route=\/wp\/v2\/product"}],"about":[{"href":"https:\/\/nhadepbepxinh.com.vn\/index.php?rest_route=\/wp\/v2\/types\/product"}],"replies":[{"embeddable":true,"href":"https:\/\/nhadepbepxinh.com.vn\/index.php?rest_route=%2Fwp%2Fv2%2Fcomments&post=3356"}],"wp:featuredmedia":[{"embeddable":true,"href":"https:\/\/nhadepbepxinh.com.vn\/index.php?rest_route=\/wp\/v2\/media\/3357"}],"wp:attachment":[{"href":"https:\/\/nhadepbepxinh.com.vn\/index.php?rest_route=%2Fwp%2Fv2%2Fmedia&parent=3356"}],"wp:term":[{"taxonomy":"product_brand","embeddable":true,"href":"https:\/\/nhadepbepxinh.com.vn\/index.php?rest_route=%2Fwp%2Fv2%2Fproduct_brand&post=3356"},{"taxonomy":"product_cat","embeddable":true,"href":"https:\/\/nhadepbepxinh.com.vn\/index.php?rest_route=%2Fwp%2Fv2%2Fproduct_cat&post=3356"},{"taxonomy":"product_tag","embeddable":true,"href":"https:\/\/nhadepbepxinh.com.vn\/index.php?rest_route=%2Fwp%2Fv2%2Fproduct_tag&post=3356"}],"curies":[{"name":"wp","href":"https:\/\/api.w.org\/{rel}","templated":true}]}}