{"id":3353,"date":"2025-04-01T17:38:20","date_gmt":"2025-04-01T10:38:20","guid":{"rendered":"https:\/\/nhadepbepxinh.com.vn\/?post_type=product&#038;p=3353"},"modified":"2025-04-01T17:38:21","modified_gmt":"2025-04-01T10:38:21","slug":"binh-nuoc-nong-ariston-slim3-20r","status":"publish","type":"product","link":"https:\/\/nhadepbepxinh.com.vn\/?product=binh-nuoc-nong-ariston-slim3-20r","title":{"rendered":"BI\u0300NH N\u01af\u01a0\u0301C NO\u0301NG ARISTON SLIM3 20R"},"content":{"rendered":"<h2><strong>T\u00cdNH N\u0102NG N\u1ed4I B\u1eacT:\u00a0M\u00e1y n\u01b0\u1edbc n\u00f3ng\u00a0Ariston SLIM3 20R<\/strong><\/h2>\n<p><img decoding=\"async\" src=\"https:\/\/aristonviet.com\/kcfinder\/upload\/\/images\/e76c53bf-1712-48fe-a9d1-2993fd737106.png\" alt=\"B\u00ecnh n\u00f3ng l\u1ea1nh Slim3\" \/><\/p>\n<h3><strong>Phong c\u00e1ch hi\u1ec7n \u0111\u1ea1i<\/strong><\/h3>\n<p>V\u1edbi \u0111i\u1ec3m nh\u1ea5n l\u00e0 \u0111\u01b0\u1eddng cong Latinh trang nh\u00e3 c\u00f9ng ki\u1ec3u d\u00e1ng tinh g\u1ecdn,<strong>\u00a0<\/strong>b\u00ecnh<a title=\"May nuoc nong gian tiep\" href=\"http:\/\/www.maynuocnong.com\/m\/may-nuoc-nong-gian-tiep\/\" target=\"_blank\" rel=\"noopener\"><em><strong>\u00a0<\/strong><\/em><\/a><b><i>n\u00f3ng l\u1ea1nh gi\u00e1n ti\u1ebfp Slim3\u00a0<\/i><\/b>\u00a0t\u1ea1o c\u1ea3m quan h\u00e0i h\u00f2a v\u1edbi thi\u1ebft k\u1ebf ph\u00f2ng t\u1eafm hi\u1ec7n \u0111\u1ea1i.<\/p>\n<div><strong>D\u1ec5 b\u1ea3o tr\u00ec<\/strong><\/div>\n<p>S\u1ea3n ph\u1ea9m c\u1ea5u tr\u00fac \u0111\u1eb7c bi\u1ec7t \u0111\u01a1n gi\u1ea3n v\u1edbi b\u1ea3ng \u0111i\u1ec1u khi\u1ec3n n\u1eb1m m\u1ed9t b\u00ean v\u00e0 \u1ed1ng d\u1eabn n\u01b0\u1edbc c\u00f3 c\u1ef1c magie \u1edf \u0111\u00e1y cho ph\u00e9p d\u1ec5 d\u00e0ng ki\u1ec3m tra v\u00e0 b\u1ea3o tr\u00ec khi c\u1ea7n thi\u1ebft, \u0111\u1ed3ng th\u1eddi, gi\u00fap k\u00e9o d\u00e0i tu\u1ed5i th\u1ecd c\u1ee7a thi\u1ebft b\u1ecb.<\/p>\n<p><img decoding=\"async\" src=\"https:\/\/aristonviet.com\/kcfinder\/upload\/\/images\/gian-tiep-ariston-20-lit-2500w-slim3-20-rs-mt-hinh-note.jpg\" alt=\"\" \/><\/p>\n<div><strong>T\u00edch h\u1ee3p nhi\u1ec1u ch\u1ee9c n\u0103ng<\/strong><\/div>\n<p>V\u1edbi dung t\u00edch 20 l\u00edt, b\u00ecnh n\u01b0\u1edbc n\u00f3ng gi\u00e1n ti\u1ebfp Slim3 . c\u00f3 b\u00ecnh ch\u1ee9a tr\u00e1ng men Titan v\u00e0 h\u1ec7 th\u1ed1ng an to\u00e0n \u0111\u1ed3ng b\u1ed9 TSS t\u00edch h\u1ee3p ELCB. \u0110\u1ed3ng th\u1eddi, c\u00f3 thi\u1ebft b\u1ecb \u1ed5n \u0111\u1ecbnh nhi\u1ec7t v\u1edbi v\u1ecf ch\u1ed1ng th\u1ea5m n\u01b0\u1edbc ti\u1ec7n l\u1ee3i v\u00e0 l\u1edbp c\u00e1ch nhi\u1ec7t m\u1eadt \u0111\u1ed9 cao\u2026<\/p>\n<p><strong>TH\u00d4NG S\u1ed0 K\u1ef8 THU\u1eacT<\/strong><\/p>\n<table border=\"1\" cellspacing=\"0\" cellpadding=\"0\" align=\"center\">\n<tbody>\n<tr>\n<td valign=\"top\" width=\"319\">M\u00e3 SP<\/td>\n<td valign=\"top\" width=\"319\"><strong>\u00a0SL3 20R VN<\/strong><\/td>\n<\/tr>\n<tr>\n<td valign=\"top\" width=\"319\">H\u00e3ng s\u1ea3n xu\u1ea5t<\/td>\n<td valign=\"top\" width=\"319\"><strong>Ariston<\/strong><\/td>\n<\/tr>\n<tr>\n<td valign=\"top\" width=\"319\">D\u00f2ng s\u1ea3n ph\u1ea9m<\/td>\n<td valign=\"top\" width=\"319\"><b><i>B\u00ecnh n\u00f3ng l\u1ea1nh gi\u00e1n ti\u1ebfp<\/i><\/b><\/td>\n<\/tr>\n<tr>\n<td valign=\"top\" width=\"319\">Dung t\u00edch (L)<\/td>\n<td valign=\"top\" width=\"319\">20<\/td>\n<\/tr>\n<tr>\n<td valign=\"top\" width=\"319\">C\u00f4ng su\u1ea5t (KW)<\/td>\n<td valign=\"top\" width=\"319\">2.5<\/td>\n<\/tr>\n<tr>\n<td valign=\"top\" width=\"319\">\u0110i\u1ec7n th\u1ebf (V)<\/td>\n<td valign=\"top\" width=\"319\">220<\/td>\n<\/tr>\n<tr>\n<td valign=\"top\" width=\"319\">Th\u1eddi gian gia nhi\u1ec7t (\u2206T=35oC)<\/td>\n<td valign=\"top\" width=\"319\">26<\/td>\n<\/tr>\n<tr>\n<td valign=\"top\" width=\"319\">Nh\u1ecbp \u0111\u1ed9 ho\u1ea1t \u0111\u1ed9ng t\u1ed1i \u0111a (oC)<\/td>\n<td valign=\"top\" width=\"319\">80<\/td>\n<\/tr>\n<tr>\n<td valign=\"top\" width=\"319\">\u00c1p su\u1ea5t ho\u1ea1t \u0111\u1ed9ng t\u1ed1i \u0111a (Mpa)<\/td>\n<td valign=\"top\" width=\"319\">0.75<\/td>\n<\/tr>\n<tr>\n<td valign=\"top\" width=\"319\">Tr\u1ecdng l\u01b0\u1ee3ng t\u1ecbnh (kg)<\/td>\n<td valign=\"top\" width=\"319\">12<\/td>\n<\/tr>\n<tr>\n<td valign=\"top\" width=\"319\">Ch\u1ec9 s\u1ed1 b\u1ea3o v\u1ec7 ch\u1ed1ng th\u00e2m nh\u1eadp (IPX)<\/td>\n<td valign=\"top\" width=\"319\">IPX 1<\/td>\n<\/tr>\n<tr>\n<td valign=\"top\" width=\"319\">K\u00edch th\u01b0\u1edbc (R x C x S) (mm)<\/td>\n<td valign=\"top\" width=\"319\">702 x 291 x 299<\/td>\n<\/tr>\n<tr>\n<td valign=\"top\" width=\"319\"><strong>B\u1ea3o h\u00e0nh<\/strong><\/td>\n<td valign=\"top\" width=\"319\">7 n\u0103m ch\u00ednh h\u00e3ng<\/td>\n<\/tr>\n<\/tbody>\n<\/table>\n","protected":false},"excerpt":{"rendered":"<p>B\u1ea3o h\u00e0nh: 7 n\u0103m ch\u00ednh h\u00e3ng K\u00edch th\u01b0\u1edbc DxRxC : 702x291x299<\/p>\n","protected":false},"featured_media":3354,"comment_status":"open","ping_status":"closed","template":"","meta":[],"product_brand":[],"product_cat":[18,32],"product_tag":[],"class_list":{"0":"post-3353","1":"product","2":"type-product","3":"status-publish","4":"has-post-thumbnail","6":"product_cat-thiet-bi-ve-sinh","7":"product_cat-binh-nong-lanh","9":"first","10":"instock","11":"shipping-taxable","12":"product-type-simple"},"_links":{"self":[{"href":"https:\/\/nhadepbepxinh.com.vn\/index.php?rest_route=\/wp\/v2\/product\/3353","targetHints":{"allow":["GET"]}}],"collection":[{"href":"https:\/\/nhadepbepxinh.com.vn\/index.php?rest_route=\/wp\/v2\/product"}],"about":[{"href":"https:\/\/nhadepbepxinh.com.vn\/index.php?rest_route=\/wp\/v2\/types\/product"}],"replies":[{"embeddable":true,"href":"https:\/\/nhadepbepxinh.com.vn\/index.php?rest_route=%2Fwp%2Fv2%2Fcomments&post=3353"}],"wp:featuredmedia":[{"embeddable":true,"href":"https:\/\/nhadepbepxinh.com.vn\/index.php?rest_route=\/wp\/v2\/media\/3354"}],"wp:attachment":[{"href":"https:\/\/nhadepbepxinh.com.vn\/index.php?rest_route=%2Fwp%2Fv2%2Fmedia&parent=3353"}],"wp:term":[{"taxonomy":"product_brand","embeddable":true,"href":"https:\/\/nhadepbepxinh.com.vn\/index.php?rest_route=%2Fwp%2Fv2%2Fproduct_brand&post=3353"},{"taxonomy":"product_cat","embeddable":true,"href":"https:\/\/nhadepbepxinh.com.vn\/index.php?rest_route=%2Fwp%2Fv2%2Fproduct_cat&post=3353"},{"taxonomy":"product_tag","embeddable":true,"href":"https:\/\/nhadepbepxinh.com.vn\/index.php?rest_route=%2Fwp%2Fv2%2Fproduct_tag&post=3353"}],"curies":[{"name":"wp","href":"https:\/\/api.w.org\/{rel}","templated":true}]}}