{"id":3344,"date":"2025-04-01T17:26:05","date_gmt":"2025-04-01T10:26:05","guid":{"rendered":"https:\/\/nhadepbepxinh.com.vn\/?post_type=product&#038;p=3344"},"modified":"2025-04-01T17:26:05","modified_gmt":"2025-04-01T10:26:05","slug":"binh-nuoc-nong-ferroli-qq-me","status":"publish","type":"product","link":"https:\/\/nhadepbepxinh.com.vn\/?product=binh-nuoc-nong-ferroli-qq-me","title":{"rendered":"BI\u0300NH N\u01af\u01a0\u0301C NO\u0301NG Ferroli QQ ME"},"content":{"rendered":"<div class=\"tinh_nang\">\n<p><strong>B\u00ecnh ch\u1ee9a tr\u00e1ng men<\/strong><\/p>\n<div class=\"info_tinhnang\">\n<p>B\u00ecnh ch\u1ee9a \u0111\u01b0\u1ee3c s\u1ea3n xu\u1ea5t tr\u00ean d\u00e2y chuy\u1ec1n t\u1ef1 \u0111\u1ed9ng ho\u00e0n to\u00e0n. L\u1edbp men Titan \u0111\u1eb7c bi\u1ec7t \u0111\u01b0\u1ee3c ph\u1ee7 k\u00edn b\u1ec1 m\u1eb7t ru\u1ed9t b\u00ecnh b\u1eb1ng c\u00f4ng ngh\u1ec7 t\u0129nh \u0111i\u1ec7n ti\u00ean ti\u1ebfn nh\u1ea5t hi\u1ec7n nay, sau \u0111\u00f3 \u0111\u01b0\u1ee3c nung n\u00f3ng \u1edf nhi\u1ec7t \u0111\u1ed9 850 \u0111\u1ed9 C l\u00e0m cho b\u1ec1 m\u1eb7t ru\u1ed9t b\u00ecnh th\u00e0nh m\u1ed9t m\u1eb7t ph\u1eb3ng th\u1ed1ng nh\u1ea5t, ch\u1ed1ng r\u00f2 r\u1ec9 \u0111i\u1ec7n v\u00e0 n\u00e2ng cao ch\u1ea5t l\u01b0\u1ee3ng n\u01b0\u1edbc.<\/p>\n<\/div>\n<\/div>\n<div class=\"tinh_nang\">\n<p><img decoding=\"async\" class=\"img_tinhnang\" src=\"https:\/\/ferroli.com.vn\/wp-content\/uploads\/2015\/10\/s8.jpg\" alt=\"\" \/><strong style=\"font-size: 20.16px; color: #333333;\">ELCB (ch\u1ed1ng gi\u1eadt)<\/strong><\/p>\n<div class=\"info_tinhnang\">\n<p>B\u1ed9 ch\u1ed1ng r\u00f2 \u0111i\u1ec7n (ELCB) l\u00e0 thi\u1ebft b\u1ecb an to\u00e0n s\u1ebd ng\u1eaft k\u1ebft n\u1ed1i gi\u1eefa thi\u1ebft b\u1ecb v\u1edbi m\u1ea1ch \u0111i\u1ec7n b\u1ea5t c\u1ee9 khi n\u00e0o xu\u1ea5t hi\u1ec7n r\u00f2 \u0111i\u1ec7n th\u00f4ng qua c\u01a1 th\u1ec3 con ng\u01b0\u1eddi khi ch\u1ea1m ph\u1ea3i c\u00e1c ph\u1ea7n m\u1ea1ng \u0111i\u1ec7n c\u1ee7a thi\u1ebft b\u1ecb.<\/p>\n<\/div>\n<\/div>\n<div class=\"tinh_nang\">\n<p><img decoding=\"async\" class=\"img_tinhnang\" src=\"https:\/\/ferroli.com.vn\/wp-content\/uploads\/2015\/11\/lop-cach-nhiet-ko-chua-cfc.png\" alt=\"\" \/><strong style=\"font-size: 20.16px; color: #333333;\">L\u1edbp c\u00e1ch nhi\u1ec7t kh\u00f4ng ch\u1ee9a CFC<\/strong><\/p>\n<div class=\"info_tinhnang\">\n<p>\u0110\u01b0\u1ee3c c\u1ea5u t\u1ea1o b\u1eb1ng l\u1edbp b\u1ecdt t\u1ed5ng h\u1ee3p Polyurethane \u0111\u1eadm \u0111\u1eb7c kh\u00f4ng c\u00f3 CFC, l\u1edbp c\u00e1ch nhi\u1ec7t \u0111\u1ea3m b\u1ea3o gi\u1ea3m \u0111\u01b0\u1ee3c s\u1ef1 th\u1ea5t tho\u00e1t nhi\u1ec7t v\u00e0 t\u1ed5n th\u1ea5t n\u0103ng l\u01b0\u1ee3ng<\/p>\n<\/div>\n<\/div>\n<div class=\"tinh_nang\">\n<p><img decoding=\"async\" class=\"img_tinhnang\" src=\"https:\/\/ferroli.com.vn\/wp-content\/uploads\/2015\/11\/ro-le-an-toan.jpg\" alt=\"\" \/><\/p>\n<p><strong style=\"font-size: 20.16px; color: #333333;\">R\u01a1 le an to\u00e0n<\/strong><\/p>\n<div class=\"info_tinhnang\">\n<p>B\u00ean c\u1ea1nh r\u01a1-le t\u1ef1 \u0111\u1ed9ng ki\u1ec3m so\u00e1t nhi\u1ec7t \u0111\u1ed9 trong b\u00ecnh, s\u1ea3n ph\u1ea9m b\u00ecnh n\u01b0\u1edbc n\u00f3ng c\u1ee7a Ferroli c\u00f2n trang b\u1ecb th\u00eam r\u01a1-le ch\u1ed1ng ch\u00e1y kh\u00f4. R\u01a1-le s\u1ebd t\u1ef1 ng\u1eaft khi nhi\u1ec7t \u0111\u1ed9 trong b\u00ecnh qu\u00e1 90 \u0111\u1ed9 C v\u00e0 ch\u1ec9 c\u00f3 th\u1ec3 ho\u1ea1t \u0111\u1ed9ng l\u1ea1i khi c\u00f3 s\u1ef1 ki\u1ec3m tra c\u1ee7a k\u1ef9 thu\u1eadt \u0111\u1ec3 ng\u0103n s\u1ef1 c\u1ed1 thanh nhi\u1ec7t b\u1ecb \u0111\u1ed1t kh\u00f4.<\/p>\n<\/div>\n<\/div>\n<div class=\"tinh_nang\">\n<p><img decoding=\"async\" class=\"img_tinhnang\" src=\"https:\/\/ferroli.com.vn\/wp-content\/uploads\/2015\/10\/origin-533ae684a5dc71.jpg\" alt=\"\" \/><\/p>\n<p><strong style=\"font-size: 20.16px; color: #333333;\">Thanh Anode Mg l\u1edbn<\/strong><\/p>\n<div class=\"info_tinhnang\">\n<p>Mg anode c\u00f3 t\u00e1c d\u1ee5ng l\u00e0m m\u1ec1m n\u01b0\u1edbc, b\u1ea3o v\u1ec7 ru\u1ed9t b\u00ecnh v\u00e0 cho ch\u1ea5t l\u01b0\u1ee3ng n\u01b0\u1edbc t\u1ed1t h\u01a1n. C\u00e1c chuy\u00ean gia c\u1ee7a Ferroli \u0111\u00e3 nghi\u00ean c\u1ee9u v\u00e0 ph\u00e1t tri\u1ec3n thanh anode Mg v\u1edbi k\u00edch th\u01b0\u1edbc l\u1edbn h\u01a1n gi\u00fap ch\u1ed1ng \u0103n m\u00f2n v\u00e0 k\u00e9o d\u00e0i tu\u1ed5i th\u1ecd cho b\u00ecnh ch\u1ee9a<\/p>\n<\/div>\n<\/div>\n","protected":false},"excerpt":{"rendered":"<ul>\n<li><strong>B\u00ecnh tr\u00e1ng Titan si\u00eau b\u1ec1n b\u1ea3o h\u00e0nh 8 n\u0103m<\/strong><\/li>\n<li>L\u1edbp ph\u1ee7 men xanh si\u00eau b\u1ec1n<\/li>\n<li>Van x\u1ea3 c\u1eb7n ti\u1ec7n \u00edch<\/li>\n<li>Thanh nhi\u1ec7t hi\u1ec7u su\u1ea5t cao<\/li>\n<li>Thanh Magie Anode l\u1edbn<\/li>\n<li><strong>D\u00e2y ngu\u1ed3n ch\u1ed1ng gi\u1eadt ELCB<\/strong><\/li>\n<li>R\u01a1 le ch\u1ed1ng ch\u00e1y kh\u00f4<\/li>\n<li>L\u1edbp c\u00e1ch nhi\u1ec7t kh\u00f4ng ch\u1ee9a CFC<\/li>\n<li>\u0110\u00e8n LED b\u00e1o nhi\u1ec7t \u0111\u1ed9<\/li>\n<\/ul>\n","protected":false},"featured_media":3345,"comment_status":"open","ping_status":"closed","template":"","meta":[],"product_brand":[],"product_cat":[18,32],"product_tag":[],"class_list":{"0":"post-3344","1":"product","2":"type-product","3":"status-publish","4":"has-post-thumbnail","6":"product_cat-thiet-bi-ve-sinh","7":"product_cat-binh-nong-lanh","9":"first","10":"instock","11":"shipping-taxable","12":"product-type-simple"},"_links":{"self":[{"href":"https:\/\/nhadepbepxinh.com.vn\/index.php?rest_route=\/wp\/v2\/product\/3344","targetHints":{"allow":["GET"]}}],"collection":[{"href":"https:\/\/nhadepbepxinh.com.vn\/index.php?rest_route=\/wp\/v2\/product"}],"about":[{"href":"https:\/\/nhadepbepxinh.com.vn\/index.php?rest_route=\/wp\/v2\/types\/product"}],"replies":[{"embeddable":true,"href":"https:\/\/nhadepbepxinh.com.vn\/index.php?rest_route=%2Fwp%2Fv2%2Fcomments&post=3344"}],"wp:featuredmedia":[{"embeddable":true,"href":"https:\/\/nhadepbepxinh.com.vn\/index.php?rest_route=\/wp\/v2\/media\/3345"}],"wp:attachment":[{"href":"https:\/\/nhadepbepxinh.com.vn\/index.php?rest_route=%2Fwp%2Fv2%2Fmedia&parent=3344"}],"wp:term":[{"taxonomy":"product_brand","embeddable":true,"href":"https:\/\/nhadepbepxinh.com.vn\/index.php?rest_route=%2Fwp%2Fv2%2Fproduct_brand&post=3344"},{"taxonomy":"product_cat","embeddable":true,"href":"https:\/\/nhadepbepxinh.com.vn\/index.php?rest_route=%2Fwp%2Fv2%2Fproduct_cat&post=3344"},{"taxonomy":"product_tag","embeddable":true,"href":"https:\/\/nhadepbepxinh.com.vn\/index.php?rest_route=%2Fwp%2Fv2%2Fproduct_tag&post=3344"}],"curies":[{"name":"wp","href":"https:\/\/api.w.org\/{rel}","templated":true}]}}