{"id":3341,"date":"2025-04-01T17:22:04","date_gmt":"2025-04-01T10:22:04","guid":{"rendered":"https:\/\/nhadepbepxinh.com.vn\/?post_type=product&#038;p=3341"},"modified":"2025-04-01T17:22:04","modified_gmt":"2025-04-01T10:22:04","slug":"binh-nuoc-nong-rossi-amore-ra-30sl","status":"publish","type":"product","link":"https:\/\/nhadepbepxinh.com.vn\/?product=binh-nuoc-nong-rossi-amore-ra-30sl","title":{"rendered":"BI\u0300NH N\u01af\u01a0\u0301C NO\u0301NG ROSSI AMORE RA 30SL"},"content":{"rendered":"<p><strong>\u01afu \u0111i\u1ec3m c\u1ee7a b\u00ecnh rossi amore 30sl<\/strong><\/p>\n<p>B\u00ecnh Rossi Amore 30sl t\u00edch h\u1ee3p 5 ch\u1ebf \u0111\u1ed9 an to\u00e0n:<\/p>\n<p>\u22b9 Van an to\u00e0n xu\u1ea5t x\u1ee9 \u00dd \u0111\u1ea3m b\u1ea3o an to\u00e0n khi s\u1eed d\u1ee5ng<\/p>\n<p>\u22b9 S\u1eed d\u1ee5ng b\u1ed9 ch\u1ed1ng r\u00f2 \u0111i\u1ec7n ELCB si\u00eau nh\u1eady, an to\u00e0n tuy\u1ec7t \u0111\u1ed1i khi s\u1eed d\u1ee5ng<\/p>\n<p>\u22b9 B\u1ed9 \u1ed5n nhi\u1ec7t nh\u1eadp kh\u1ea9u t\u1eeb Ph\u00e1p v\u1edbi 2 ch\u1ebf \u0111\u1ed9 an to\u00e0n<\/p>\n<p>\u22b9 Kh\u1ea3 n\u0103ng ch\u1ed1ng ch\u00e1y kh\u00f4 t\u1ef1 b\u1ea3o v\u1ec7 thanh \u0111\u1ed1t<\/p>\n<p>\u22b9 Ng\u1eaft khi \u0111\u1ea1t nhi\u1ec7t \u0111\u1ed9<\/p>\n<p><strong>\u0110\u1eb7c \u0111i\u1ec3m n\u1ed5i b\u1eadt c\u1ee7a b\u00ecnh rossi amore 30sl<\/strong><\/p>\n<p>\u22b9 Ru\u1ed9t b\u00ecnh tr\u00e1ng men Titan si\u00eau b\u1ec1n b\u1ea3o h\u00e0nh 7 n\u0103m<\/p>\n<p>\u22b9 Thanh gia nhi\u1ec7t 2 l\u1edbp c\u1ea3m \u1ee9ng an to\u00e0n, ti\u1ebft ki\u1ec7m \u0111i\u1ec7n<\/p>\n<p>\u22b9 H\u1ec7 th\u1ed1ng ch\u1ed1ng gi\u1eadt ELCB si\u00eau b\u1ec1n, tuy\u1ec7t \u0111\u1ed1i an to\u00e0n cho ng\u01b0\u1eddi s\u1eed d\u1ee5ng<\/p>\n<figure id=\"attachment_2582\" class=\"wp-caption aligncenter\" aria-describedby=\"caption-attachment-2582\"><img loading=\"lazy\" decoding=\"async\" class=\"wp-image-2582 size-full\" src=\"https:\/\/tana-daithanh.com.vn\/wp-content\/uploads\/2021\/06\/ngang.png\" sizes=\"auto, (max-width: 338px) 100vw, 338px\" srcset=\"https:\/\/tana-daithanh.com.vn\/wp-content\/uploads\/2021\/06\/ngang.png 338w, https:\/\/tana-daithanh.com.vn\/wp-content\/uploads\/2021\/06\/ngang-280x280.png 280w, https:\/\/tana-daithanh.com.vn\/wp-content\/uploads\/2021\/06\/ngang-100x100.png 100w\" alt=\"B\u00ecnh n\u01b0\u1edbc n\u00f3ng Rossi Amore RA 30SL\" width=\"338\" height=\"338\" \/><figcaption id=\"caption-attachment-2582\" class=\"wp-caption-text\">B\u00ecnh n\u01b0\u1edbc n\u00f3ng Rossi Amore RA 30SL<\/figcaption><\/figure>\n","protected":false},"excerpt":{"rendered":"<p>B\u00ecnh Rossi Amore 30sl t\u00edch h\u1ee3p 5 ch\u1ebf \u0111\u1ed9 an to\u00e0n:<\/p>\n<p>\u22b9 Van an to\u00e0n xu\u1ea5t x\u1ee9 \u00dd \u0111\u1ea3m b\u1ea3o an to\u00e0n khi s\u1eed d\u1ee5ng<\/p>\n<p>\u22b9 S\u1eed d\u1ee5ng b\u1ed9 ch\u1ed1ng r\u00f2 \u0111i\u1ec7n ELCB si\u00eau nh\u1eady, an to\u00e0n tuy\u1ec7t \u0111\u1ed1i khi s\u1eed d\u1ee5ng<\/p>\n<p>\u22b9 B\u1ed9 \u1ed5n nhi\u1ec7t nh\u1eadp kh\u1ea9u t\u1eeb Ph\u00e1p v\u1edbi 2 ch\u1ebf \u0111\u1ed9 an to\u00e0n<\/p>\n<p>\u22b9 Kh\u1ea3 n\u0103ng ch\u1ed1ng ch\u00e1y kh\u00f4 t\u1ef1 b\u1ea3o v\u1ec7 thanh \u0111\u1ed1t<\/p>\n<p>\u22b9 Ng\u1eaft khi \u0111\u1ea1t nhi\u1ec7t \u0111\u1ed9<\/p>\n","protected":false},"featured_media":3342,"comment_status":"open","ping_status":"closed","template":"","meta":[],"product_brand":[],"product_cat":[18,32],"product_tag":[],"class_list":{"0":"post-3341","1":"product","2":"type-product","3":"status-publish","4":"has-post-thumbnail","6":"product_cat-thiet-bi-ve-sinh","7":"product_cat-binh-nong-lanh","9":"first","10":"instock","11":"shipping-taxable","12":"product-type-simple"},"_links":{"self":[{"href":"https:\/\/nhadepbepxinh.com.vn\/index.php?rest_route=\/wp\/v2\/product\/3341","targetHints":{"allow":["GET"]}}],"collection":[{"href":"https:\/\/nhadepbepxinh.com.vn\/index.php?rest_route=\/wp\/v2\/product"}],"about":[{"href":"https:\/\/nhadepbepxinh.com.vn\/index.php?rest_route=\/wp\/v2\/types\/product"}],"replies":[{"embeddable":true,"href":"https:\/\/nhadepbepxinh.com.vn\/index.php?rest_route=%2Fwp%2Fv2%2Fcomments&post=3341"}],"wp:featuredmedia":[{"embeddable":true,"href":"https:\/\/nhadepbepxinh.com.vn\/index.php?rest_route=\/wp\/v2\/media\/3342"}],"wp:attachment":[{"href":"https:\/\/nhadepbepxinh.com.vn\/index.php?rest_route=%2Fwp%2Fv2%2Fmedia&parent=3341"}],"wp:term":[{"taxonomy":"product_brand","embeddable":true,"href":"https:\/\/nhadepbepxinh.com.vn\/index.php?rest_route=%2Fwp%2Fv2%2Fproduct_brand&post=3341"},{"taxonomy":"product_cat","embeddable":true,"href":"https:\/\/nhadepbepxinh.com.vn\/index.php?rest_route=%2Fwp%2Fv2%2Fproduct_cat&post=3341"},{"taxonomy":"product_tag","embeddable":true,"href":"https:\/\/nhadepbepxinh.com.vn\/index.php?rest_route=%2Fwp%2Fv2%2Fproduct_tag&post=3341"}],"curies":[{"name":"wp","href":"https:\/\/api.w.org\/{rel}","templated":true}]}}