{"id":3335,"date":"2025-04-01T17:14:28","date_gmt":"2025-04-01T10:14:28","guid":{"rendered":"https:\/\/nhadepbepxinh.com.vn\/?post_type=product&#038;p=3335"},"modified":"2025-04-01T17:14:28","modified_gmt":"2025-04-01T10:14:28","slug":"binh-nuoc-nong-rossi-ra-15sl-ngang-15l","status":"publish","type":"product","link":"https:\/\/nhadepbepxinh.com.vn\/?product=binh-nuoc-nong-rossi-ra-15sl-ngang-15l","title":{"rendered":"BI\u0300NH N\u01af\u01a0\u0301C NO\u0301NG ROSSI RA 15SL (NGANG 15L)"},"content":{"rendered":"<p><strong>\u01afu \u0111i\u1ec3m n\u1ed5i tr\u1ed9i c\u1ee7a b\u00ecnh n\u01b0\u1edbc n\u00f3ng Rossi Amore<\/strong><\/p>\n<p>B\u00ecnh n\u00f3ng l\u1ea1nh Rossi Amore t\u00edch h\u1ee3p 5 ch\u1ebf \u0111\u1ed9 an to\u00e0n:<\/p>\n<p>\u22b9 Van an to\u00e0n xu\u1ea5t x\u1ee9 \u00dd \u0111\u1ea3m b\u1ea3o an to\u00e0n khi s\u1eed d\u1ee5ng<\/p>\n<p>\u22b9 S\u1eed d\u1ee5ng b\u1ed9 ch\u1ed1ng r\u00f2 \u0111i\u1ec7n ELCB si\u00eau nh\u1eady, an to\u00e0n tuy\u1ec7t \u0111\u1ed1i khi s\u1eed d\u1ee5ng<\/p>\n<p>\u22b9 B\u1ed9 \u1ed5n nhi\u1ec7t nh\u1eadp kh\u1ea9u t\u1eeb Ph\u00e1p v\u1edbi 2 ch\u1ebf \u0111\u1ed9 an to\u00e0n<\/p>\n<p>\u22b9 Kh\u1ea3 n\u0103ng ch\u1ed1ng ch\u00e1y kh\u00f4 t\u1ef1 b\u1ea3o v\u1ec7 thanh \u0111\u1ed1t<\/p>\n<p>\u22b9 Ng\u1eaft khi \u0111\u1ea1t nhi\u1ec7t \u0111\u1ed9<\/p>\n<p><strong>\u0110\u1eb7c \u0111i\u1ec3m n\u1ed5i b\u1eadt:<\/strong><\/p>\n<p>\u22b9 Ru\u1ed9t b\u00ecnh tr\u00e1ng men Titan si\u00eau b\u1ec1n b\u1ea3o h\u00e0nh 7 n\u0103m<\/p>\n<p>\u22b9 Thanh gia nhi\u1ec7t 2 l\u1edbp c\u1ea3m \u1ee9ng an to\u00e0n, ti\u1ebft ki\u1ec7m \u0111i\u1ec7n<\/p>\n<p>\u22b9 H\u1ec7 th\u1ed1ng ch\u1ed1ng gi\u1eadt ELCB si\u00eau b\u1ec1n,\u00a0tuy\u1ec7t \u0111\u1ed1i an to\u00e0n cho ng\u01b0\u1eddi s\u1eed d\u1ee5ng<\/p>\n<figure id=\"attachment_2582\" class=\"wp-caption aligncenter\" aria-describedby=\"caption-attachment-2582\"><a href=\"https:\/\/tana-daithanh.com.vn\/\" target=\"_blank\" rel=\"noopener\"><img loading=\"lazy\" decoding=\"async\" class=\"wp-image-2582 size-full\" src=\"https:\/\/tana-daithanh.com.vn\/wp-content\/uploads\/2021\/06\/ngang.png\" sizes=\"auto, (max-width: 338px) 100vw, 338px\" srcset=\"https:\/\/tana-daithanh.com.vn\/wp-content\/uploads\/2021\/06\/ngang.png 338w, https:\/\/tana-daithanh.com.vn\/wp-content\/uploads\/2021\/06\/ngang-280x280.png 280w, https:\/\/tana-daithanh.com.vn\/wp-content\/uploads\/2021\/06\/ngang-100x100.png 100w\" alt=\"B\u00ecnh n\u01b0\u1edbc n\u00f3ng Rossi Amore RA 15SL\" width=\"338\" height=\"338\" \/><\/a><figcaption id=\"caption-attachment-2582\" class=\"wp-caption-text\">B\u00ecnh n\u01b0\u1edbc n\u00f3ng Rossi Amore RA 15SL<\/figcaption><\/figure>\n<p><strong>T\u00ednh n\u0103ng c\u1ee7a\u00a0b\u00ecnh n\u01b0\u1edbc n\u00f3ng l\u1ea1nh\u00a0Rossi Amore 20 l\u00edt RA 20 SL ch\u00ednh h\u00e3ng<\/strong><\/p>\n<p>\u2013 Thi\u1ebft k\u1ebf ph\u00f9 h\u1ee3p v\u1edbi m\u1ecdi kh\u00f4ng gian ph\u00f2ng t\u1eafm<\/p>\n<p>\u2013 B\u00ecnh\u00a0n\u00f3ng l\u1ea1nh\u00a0Rossi Amore t\u00edch h\u1ee3p 5 ch\u1ebf \u0111\u1ed9 an to\u00e0n:<\/p>\n<p>+ Van an to\u00e0n xu\u1ea5t x\u1ee9 t\u1eeb ITALIA \u0111\u1ea3m b\u1ea3o an to\u00e0n khi s\u1eed d\u1ee5ng<\/p>\n<p>+ S\u1eed d\u1ee5ng b\u1ed9 ch\u1ed1ng r\u00f2 \u0111i\u1ec7n ELCB si\u00eau nh\u1eady, an to\u00e0n tuy\u1ec7t \u0111\u1ed1i khi s\u1eed d\u1ee5ng<\/p>\n<p>+ B\u1ed9 \u1ed5n nhi\u1ec7t nh\u1eadp kh\u1ea9u t\u1eeb Ph\u00e1p v\u1edbi 2 ch\u1ebf \u0111\u1ed9 an to\u00e0n<\/p>\n<p>+ Kh\u1ea3 n\u0103ng ch\u1ed1ng ch\u00e1y kh\u00f4 t\u1ee5 b\u1ea3o v\u1ec7 thanh \u0111\u1ed1t<\/p>\n<p>+ Ng\u1eaft khi \u0111\u1ea1t nhi\u1ec7t \u0111\u1ed9<\/p>\n<p>\u2013 Ru\u1ed9t b\u00ecnh \u0111\u01b0\u1ee3c tr\u00e1ng men kim c\u01b0\u01a1ng nh\u00e2n t\u1ea1o si\u00eau b\u1ec1n<\/p>\n<p>\u2013 Thanh gia nhi\u1ec7t v\u1edbi 3 ch\u1ebf \u0111\u1ed9 cho m\u1ee9c \u0111\u1ed9 t\u00f9y ch\u1ecdn cao, ph\u00f9 h\u1ee3p v\u1edbi kh\u00ed h\u1eadu theo m\u00f9a: 1000W \u2013 1500W \u2013 2500W.<\/p>\n<p>\u2013 \u0110\u01b0\u1eddng x\u1ea3 c\u1eb7n ti\u1ec7n \u00edch t\u00edch h\u1ee3p v\u1edbi thanh MG \u0111\u01b0\u1eddng k\u00ednh l\u1edbn<\/p>\n<p>\u2013 C\u00f4ng ngh\u1ec7 l\u00e0m n\u00f3ng nhanh t\u1ed1i \u01b0u, ti\u1ebft ki\u1ec7m \u0111i\u1ec7n n\u0103ng<\/p>\n","protected":false},"excerpt":{"rendered":"<p>B\u00ecnh n\u00f3ng l\u1ea1nh Rossi Amore t\u00edch h\u1ee3p 5 ch\u1ebf \u0111\u1ed9 an to\u00e0n:<\/p>\n<p>\u22b9 Van an to\u00e0n xu\u1ea5t x\u1ee9 \u00dd \u0111\u1ea3m b\u1ea3o an to\u00e0n khi s\u1eed d\u1ee5ng<\/p>\n<p>\u22b9 S\u1eed d\u1ee5ng b\u1ed9 ch\u1ed1ng r\u00f2 \u0111i\u1ec7n ELCB si\u00eau nh\u1eady, an to\u00e0n tuy\u1ec7t \u0111\u1ed1i khi s\u1eed d\u1ee5ng<\/p>\n<p>\u22b9 B\u1ed9 \u1ed5n nhi\u1ec7t nh\u1eadp kh\u1ea9u t\u1eeb Ph\u00e1p v\u1edbi 2 ch\u1ebf \u0111\u1ed9 an to\u00e0n<\/p>\n<p>\u22b9 Kh\u1ea3 n\u0103ng ch\u1ed1ng ch\u00e1y kh\u00f4 t\u1ef1 b\u1ea3o v\u1ec7 thanh \u0111\u1ed1t<\/p>\n<p>\u22b9 Ng\u1eaft khi \u0111\u1ea1t nhi\u1ec7t \u0111\u1ed9<\/p>\n","protected":false},"featured_media":3336,"comment_status":"open","ping_status":"closed","template":"","meta":[],"product_brand":[],"product_cat":[18,32],"product_tag":[],"class_list":{"0":"post-3335","1":"product","2":"type-product","3":"status-publish","4":"has-post-thumbnail","6":"product_cat-thiet-bi-ve-sinh","7":"product_cat-binh-nong-lanh","9":"first","10":"instock","11":"shipping-taxable","12":"product-type-simple"},"_links":{"self":[{"href":"https:\/\/nhadepbepxinh.com.vn\/index.php?rest_route=\/wp\/v2\/product\/3335","targetHints":{"allow":["GET"]}}],"collection":[{"href":"https:\/\/nhadepbepxinh.com.vn\/index.php?rest_route=\/wp\/v2\/product"}],"about":[{"href":"https:\/\/nhadepbepxinh.com.vn\/index.php?rest_route=\/wp\/v2\/types\/product"}],"replies":[{"embeddable":true,"href":"https:\/\/nhadepbepxinh.com.vn\/index.php?rest_route=%2Fwp%2Fv2%2Fcomments&post=3335"}],"wp:featuredmedia":[{"embeddable":true,"href":"https:\/\/nhadepbepxinh.com.vn\/index.php?rest_route=\/wp\/v2\/media\/3336"}],"wp:attachment":[{"href":"https:\/\/nhadepbepxinh.com.vn\/index.php?rest_route=%2Fwp%2Fv2%2Fmedia&parent=3335"}],"wp:term":[{"taxonomy":"product_brand","embeddable":true,"href":"https:\/\/nhadepbepxinh.com.vn\/index.php?rest_route=%2Fwp%2Fv2%2Fproduct_brand&post=3335"},{"taxonomy":"product_cat","embeddable":true,"href":"https:\/\/nhadepbepxinh.com.vn\/index.php?rest_route=%2Fwp%2Fv2%2Fproduct_cat&post=3335"},{"taxonomy":"product_tag","embeddable":true,"href":"https:\/\/nhadepbepxinh.com.vn\/index.php?rest_route=%2Fwp%2Fv2%2Fproduct_tag&post=3335"}],"curies":[{"name":"wp","href":"https:\/\/api.w.org\/{rel}","templated":true}]}}