{"id":3331,"date":"2025-04-01T17:05:19","date_gmt":"2025-04-01T10:05:19","guid":{"rendered":"https:\/\/nhadepbepxinh.com.vn\/?post_type=product&#038;p=3331"},"modified":"2025-04-01T17:05:19","modified_gmt":"2025-04-01T10:05:19","slug":"binh-nong-lanh-rossi-amore-ram-15sq-15l-vuong","status":"publish","type":"product","link":"https:\/\/nhadepbepxinh.com.vn\/?product=binh-nong-lanh-rossi-amore-ram-15sq-15l-vuong","title":{"rendered":"BI\u0300NH NO\u0301NG LA\u0323NH ROSSI AMORE RAM 15SQ 15L VU\u00d4NG"},"content":{"rendered":"<h2 class=\"text-uppercase title\">M\u00f4 t\u1ea3<\/h2>\n<h2>\u00a0B\u00ecnh n\u00f3ng l\u1ea1nh Rossi Amore RAM 15SQ 15L vu\u00f4ng<\/h2>\n<ul>\n<li>Dung t\u00edch b\u00ecnh 15 l\u00edt<\/li>\n<li>C\u00f4ng su\u1ea5t 2.500W<\/li>\n<li>Chu\u1ea9n ch\u1ed1ng n\u01b0\u1edbc IPX1<\/li>\n<li>Ch\u1ed1ng gi\u1eadt ELCBC\u00f3<\/li>\n<li>\u00c1p l\u1ef1c 0.8 Mpa<\/li>\n<li>M\u00e0n h\u00ecnh hi\u1ec3n th\u1ecb Kh\u00f4ng<\/li>\n<li>T\u00f9y ch\u1ec9nh nhi\u1ec7t \u0111\u1ed9 3 m\u1ee9c<\/li>\n<li>N\u00fat \u0111i\u1ec1u ch\u1ec9nh N\u00fam v\u1eb7n<\/li>\n<li>Ch\u1ea5t li\u1ec7u v\u1ecf Nh\u1ef1a cao c\u1ea5p<\/li>\n<li>Ch\u1ea5t li\u1ec7u ru\u1ed9t b\u00ecnhTr\u00e1ng men kim c\u01b0\u01a1ng<\/li>\n<li>Ngu\u1ed3n \u0111i\u1ec7n \u00e1p 220V\/50Hz<\/li>\n<li>K\u00edch th\u01b0\u1edbc Cao x r\u1ed9ng x s\u00e2u\u00a0<em>(36cm x 36cm x 32cm)<\/em><\/li>\n<li>Xu\u1ea5t x\u1ee9 th\u01b0\u01a1ng hi\u1ec7u Vi\u1ec7t Nam<\/li>\n<li>S\u1ea3n xu\u1ea5t t\u1ea1i Vi\u1ec7t Nam<\/li>\n<li>B\u1ea3o h\u00e0nh 7 n\u0103m<\/li>\n<\/ul>\n<div>\n<h2>T\u00ednh n\u0103ng n\u1ed5i b\u1eadt c\u1ee7a\u00a0b\u00ecnh t\u1eafm n\u00f3ng l\u1ea1nh\u00a0Rossi Amore RAM 15SQ 15L vu\u00f4ng<\/h2>\n<p>\u2013 Ru\u1ed9t b\u00ecnh tr\u00e1ng men kim c\u01b0\u01a1ng nh\u00e2n t\u1ea1o si\u00eau b\u1ec1n.<\/p>\n<p>\u2013 Thanh gia nhi\u1ec7t 2 l\u1edbp c\u1ea3m \u1ee9ng an to\u00e0n, ti\u1ebft ki\u1ec7m \u0111i\u1ec7n.<\/p>\n<p>\u2013 H\u1ec7 th\u1ed1ng ch\u1ed1ng gi\u1eadt ELCB si\u00eau b\u1ec1n, tuy\u1ec7t \u0111\u1ed1i an to\u00e0n cho ng\u01b0\u1eddi s\u1eed d\u1ee5ng.<\/p>\n<p>\u2013 B\u00ecnh n\u01b0\u1edbc n\u00f3ng l\u1ea1nh\u00a0Rossi Amore\u00a0RA 15SQ 15L\u00a0t\u00edch h\u1ee3p 5 ch\u1ebf \u0111\u1ed9 an to\u00e0n:<\/p>\n<p>\u2013 Van an to\u00e0n xu\u1ea5t x\u1ee9 ITALY \u0111\u1ea3m b\u1ea3o an to\u00e0n khi s\u1eed d\u1ee5ng.<\/p>\n<p>\u2013 S\u1eed d\u1ee5ng b\u1ed9 ch\u1ed1ng r\u00f2 \u0111i\u1ec7n ELCB si\u00eau nh\u1eady, an to\u00e0n tuy\u1ec7t \u0111\u1ed1i khi s\u1eed d\u1ee5ng.<\/p>\n<p>\u2013 B\u1ed9 \u1ed5n nhi\u1ec7t nh\u1eadp kh\u1ea9u t\u1eeb Ph\u00e1p v\u1edbi 2 ch\u1ebf \u0111\u1ed9 an to\u00e0n.<\/p>\n<p>\u2013 Kh\u1ea3 n\u0103ng ch\u1ed1ng ch\u00e1y kh\u00f4 t\u1ef1 b\u1ea3o v\u1ec7 thanh \u0111\u1ed1t.<\/p>\n<p>\u2013 Ng\u1eaft khi \u0111\u1ea1t nhi\u1ec7t \u0111\u1ed9.<\/p>\n<\/div>\n","protected":false},"excerpt":{"rendered":"<ul>\n<li>Dung t\u00edch b\u00ecnh 15 l\u00edt<\/li>\n<li>C\u00f4ng su\u1ea5t 2.500W<\/li>\n<li>Chu\u1ea9n ch\u1ed1ng n\u01b0\u1edbc IPX1<\/li>\n<li>Ch\u1ed1ng gi\u1eadt ELCBC\u00f3<\/li>\n<\/ul>\n","protected":false},"featured_media":3332,"comment_status":"open","ping_status":"closed","template":"","meta":[],"product_brand":[],"product_cat":[18,32],"product_tag":[],"class_list":{"0":"post-3331","1":"product","2":"type-product","3":"status-publish","4":"has-post-thumbnail","6":"product_cat-thiet-bi-ve-sinh","7":"product_cat-binh-nong-lanh","9":"first","10":"instock","11":"shipping-taxable","12":"product-type-simple"},"_links":{"self":[{"href":"https:\/\/nhadepbepxinh.com.vn\/index.php?rest_route=\/wp\/v2\/product\/3331","targetHints":{"allow":["GET"]}}],"collection":[{"href":"https:\/\/nhadepbepxinh.com.vn\/index.php?rest_route=\/wp\/v2\/product"}],"about":[{"href":"https:\/\/nhadepbepxinh.com.vn\/index.php?rest_route=\/wp\/v2\/types\/product"}],"replies":[{"embeddable":true,"href":"https:\/\/nhadepbepxinh.com.vn\/index.php?rest_route=%2Fwp%2Fv2%2Fcomments&post=3331"}],"wp:featuredmedia":[{"embeddable":true,"href":"https:\/\/nhadepbepxinh.com.vn\/index.php?rest_route=\/wp\/v2\/media\/3332"}],"wp:attachment":[{"href":"https:\/\/nhadepbepxinh.com.vn\/index.php?rest_route=%2Fwp%2Fv2%2Fmedia&parent=3331"}],"wp:term":[{"taxonomy":"product_brand","embeddable":true,"href":"https:\/\/nhadepbepxinh.com.vn\/index.php?rest_route=%2Fwp%2Fv2%2Fproduct_brand&post=3331"},{"taxonomy":"product_cat","embeddable":true,"href":"https:\/\/nhadepbepxinh.com.vn\/index.php?rest_route=%2Fwp%2Fv2%2Fproduct_cat&post=3331"},{"taxonomy":"product_tag","embeddable":true,"href":"https:\/\/nhadepbepxinh.com.vn\/index.php?rest_route=%2Fwp%2Fv2%2Fproduct_tag&post=3331"}],"curies":[{"name":"wp","href":"https:\/\/api.w.org\/{rel}","templated":true}]}}