{"id":3313,"date":"2025-04-01T16:40:47","date_gmt":"2025-04-01T09:40:47","guid":{"rendered":"https:\/\/nhadepbepxinh.com.vn\/?post_type=product&#038;p=3313"},"modified":"2025-04-01T16:40:47","modified_gmt":"2025-04-01T09:40:47","slug":"bo-noi-xung-hap-3-day-inox-fivestar","status":"publish","type":"product","link":"https:\/\/nhadepbepxinh.com.vn\/?product=bo-noi-xung-hap-3-day-inox-fivestar","title":{"rendered":"B\u00d4\u0323 N\u00d4\u0300I X\u01af\u0309NG H\u00c2\u0301P 3 \u0110A\u0301Y INOX FIVESTAR"},"content":{"rendered":"<p class=\"QN2lPu\">\u0110\u1eb6C \u0110I\u1ec2M N\u1ed4I B\u1eacT<\/p>\n<p class=\"QN2lPu\">B\u1ed9 n\u1ed3i x\u1eedng g\u1ed3m 1 x\u1eedng h\u1ea5p v\u00e0 1 n\u1ed3i ch\u1ea5t li\u1ec7u inox 430 b\u1ec1n t\u1ed1t, \u00edt b\u1ecb oxy h\u00f3a, d\u1ec5 v\u1ec7 sinh.<\/p>\n<p class=\"QN2lPu\">Tay c\u1ea7m d\u1ea1ng \u0111\u0169a ch\u1eafc ch\u1eafn, n\u1eafp k\u00ednh ch\u1ecbu nhi\u1ec7t ti\u1ec7n quan s\u00e1t.<\/p>\n<p class=\"QN2lPu\">S\u1eed d\u1ee5ng t\u1ed1t tr\u00ean b\u1ebfp t\u1eeb, b\u1ebfp h\u1ed3ng ngo\u1ea1i v\u00e0 b\u1ebfp gas.<\/p>\n<p class=\"QN2lPu\">Th\u01b0\u01a1ng hi\u1ec7u Fivestar \u2013 Vi\u1ec7t Nam, s\u1ea3n xu\u1ea5t t\u1ea1i Vi\u1ec7t Nam.<\/p>\n<p class=\"QN2lPu\">\n<p class=\"QN2lPu\">&#8211; N\u1ed3i 24 cm x 14.8 cm d\u00f9ng n\u1ea5u canh, lu\u1ed9c, l\u1ea9u, lu\u1ed9c g\u00e0 nguy\u00ean con 1.5 kg. X\u1eedng 24 cm x 8.9 cm h\u1ea5p \u0111\u01b0\u1ee3c 4 &#8211; 5 b\u00e1nh bao.<\/p>\n<p class=\"QN2lPu\">&#8211; N\u1ed3i 26 cm x 16.5 cm d\u00f9ng n\u1ea5u canh, lu\u1ed9c, l\u1ea9u, lu\u1ed9c g\u00e0 nguy\u00ean con kho\u1ea3ng 1.5 kg. X\u1eedng 26 cm x 9.4 cm h\u1ea5p \u0111\u01b0\u1ee3c 5 b\u00e1nh bao.<\/p>\n<p class=\"QN2lPu\">&#8211; N\u1ed3i 28 cm x 19 cm d\u00f9ng n\u1ea5u canh, lu\u1ed9c, l\u1ea9u, lu\u1ed9c g\u00e0 nguy\u00ean con 1.5 &#8211; 1.8 kg. X\u1eedng 28 cm x 12.2 cm h\u1ea5p \u0111\u01b0\u1ee3c 5 &#8211; 6 b\u00e1nh bao.<\/p>\n<p class=\"QN2lPu\">&#8211; N\u1ed3i 30 cm x 20 cm d\u00f9ng n\u1ea5u canh, lu\u1ed9c, l\u1ea9u, lu\u1ed9c g\u00e0 nguy\u00ean con 2kg &#8211; 2,5 kg. X\u1eedng 30 cm x 14.2 cm d\u00f9ng \u0111\u1ec3 h\u1ea5p x\u00f4i, ch\u1ecf x\u00f4i, h\u1ea5p b\u00e1nh bao&#8230;<\/p>\n<p class=\"QN2lPu\">&#8211; N\u1ed3i 32cm x 22 cm: d\u00f9ng n\u1ea5u canh, lu\u1ed9c, l\u1ea9u, lu\u1ed9c g\u00e0 nguy\u00ean con 2,5 kg &#8211; 3kg. X\u1eedng 32cm x 16.2cm. (Dung t\u00edch 18 l\u00edt)<\/p>\n<p class=\"QN2lPu\">&#8211; B\u1ed9 n\u1ed3i x\u1eedng Fivestar c\u1ee7a th\u01b0\u01a1ng hi\u1ec7u Fivestar \u2013 Vi\u1ec7t Nam, s\u1ea3n xu\u1ea5t t\u1ea1i Vi\u1ec7t Nam. G\u1ed3m c\u00f3 2 s\u1ea3n ph\u1ea9m l\u00e0 n\u1ed3i v\u00e0 x\u1eedng thu\u1eadn ti\u1ec7n cho ng\u01b0\u1eddi n\u1ed9i tr\u1ee3 s\u1eed d\u1ee5ng \u0111\u1ec3 n\u1ea5u canh, n\u1ea5u s\u00fap, lu\u1ed9c, h\u1ea5p\u2026<\/p>\n<p class=\"QN2lPu\">&#8211; B\u1ed9 n\u1ed3i x\u1eedng l\u00e0m b\u1eb1ng inox 430 s\u00e1ng b\u00f3ng, an to\u00e0n cho s\u1ee9c kh\u1ecfe, d\u1ec5 d\u00e0ng v\u1ec7 sinh<\/p>\n<p class=\"QN2lPu\">&#8211; B\u1ed9 n\u1ed3i inox Fivestar c\u00f3 tay c\u1ea7m c\u1ee9ng c\u00e1p, \u1ed1c v\u00edt l\u1eafp ch\u1eafc ch\u1eafn n\u00ean d\u1ec5 d\u00e0ng di chuy\u1ec3n, b\u1ea3o qu\u1ea3n n\u1ed3i<\/p>\n<p class=\"QN2lPu\">&#8211; N\u1eafp b\u1eb1ng k\u00ednh d\u00e0y, trong su\u1ed1t n\u00ean d\u1ec5 quan s\u00e1t b\u00ean trong n\u1ed3i khi n\u1ea5u \u0103n<\/p>\n<p class=\"QN2lPu\">&#8211; N\u1ed3i c\u00f3 \u0111\u1ed9 d\u00e0y 0.809 mm gi\u1eef nhi\u1ec7t t\u1ed1t<\/p>\n<p class=\"QN2lPu\">&#8211; \u0110\u00e0y ph\u1eb3ng, d\u00e0y 3 l\u1edbp h\u1ea5p thu nhi\u1ec7t nhanh, t\u1ecfa nhi\u1ec7t \u0111\u1ec1u, n\u1ea5u ch\u00edn th\u1ee9c \u0103n mau<\/p>\n<p class=\"QN2lPu\">&#8211; B\u1ed9 n\u1ed3i x\u1eedng d\u00f9ng \u0111\u01b0\u1ee3c tr\u00ean b\u1ebfp t\u1eeb, b\u1ebfp h\u1ed3ng ngo\u1ea1i v\u00e0 c\u1ea3 b\u1ebfp gas<\/p>\n","protected":false},"excerpt":{"rendered":"<p class=\"QN2lPu\">B\u1ed9 n\u1ed3i x\u1eedng g\u1ed3m 1 x\u1eedng h\u1ea5p v\u00e0 1 n\u1ed3i ch\u1ea5t li\u1ec7u inox 430 b\u1ec1n t\u1ed1t, \u00edt b\u1ecb oxy h\u00f3a, d\u1ec5 v\u1ec7 sinh.<\/p>\n<p class=\"QN2lPu\">Tay c\u1ea7m d\u1ea1ng \u0111\u0169a ch\u1eafc ch\u1eafn, n\u1eafp k\u00ednh ch\u1ecbu nhi\u1ec7t ti\u1ec7n quan s\u00e1t.<\/p>\n<p class=\"QN2lPu\">S\u1eed d\u1ee5ng t\u1ed1t tr\u00ean b\u1ebfp t\u1eeb, b\u1ebfp h\u1ed3ng ngo\u1ea1i v\u00e0 b\u1ebfp gas.<\/p>\n","protected":false},"featured_media":3314,"comment_status":"open","ping_status":"closed","template":"","meta":[],"product_brand":[],"product_cat":[68,61],"product_tag":[],"class_list":{"0":"post-3313","1":"product","2":"type-product","3":"status-publish","4":"has-post-thumbnail","6":"product_cat-noi-chao","7":"product_cat-hang-gia-dung","9":"first","10":"instock","11":"shipping-taxable","12":"product-type-simple"},"_links":{"self":[{"href":"https:\/\/nhadepbepxinh.com.vn\/index.php?rest_route=\/wp\/v2\/product\/3313","targetHints":{"allow":["GET"]}}],"collection":[{"href":"https:\/\/nhadepbepxinh.com.vn\/index.php?rest_route=\/wp\/v2\/product"}],"about":[{"href":"https:\/\/nhadepbepxinh.com.vn\/index.php?rest_route=\/wp\/v2\/types\/product"}],"replies":[{"embeddable":true,"href":"https:\/\/nhadepbepxinh.com.vn\/index.php?rest_route=%2Fwp%2Fv2%2Fcomments&post=3313"}],"wp:featuredmedia":[{"embeddable":true,"href":"https:\/\/nhadepbepxinh.com.vn\/index.php?rest_route=\/wp\/v2\/media\/3314"}],"wp:attachment":[{"href":"https:\/\/nhadepbepxinh.com.vn\/index.php?rest_route=%2Fwp%2Fv2%2Fmedia&parent=3313"}],"wp:term":[{"taxonomy":"product_brand","embeddable":true,"href":"https:\/\/nhadepbepxinh.com.vn\/index.php?rest_route=%2Fwp%2Fv2%2Fproduct_brand&post=3313"},{"taxonomy":"product_cat","embeddable":true,"href":"https:\/\/nhadepbepxinh.com.vn\/index.php?rest_route=%2Fwp%2Fv2%2Fproduct_cat&post=3313"},{"taxonomy":"product_tag","embeddable":true,"href":"https:\/\/nhadepbepxinh.com.vn\/index.php?rest_route=%2Fwp%2Fv2%2Fproduct_tag&post=3313"}],"curies":[{"name":"wp","href":"https:\/\/api.w.org\/{rel}","templated":true}]}}