{"id":3309,"date":"2025-04-01T15:14:34","date_gmt":"2025-04-01T08:14:34","guid":{"rendered":"https:\/\/nhadepbepxinh.com.vn\/?post_type=product&#038;p=3309"},"modified":"2025-04-01T15:14:34","modified_gmt":"2025-04-01T08:14:34","slug":"kem-tay-da-nang-denkmit-scheuermilch-dang-sua-duc-750ml","status":"publish","type":"product","link":"https:\/\/nhadepbepxinh.com.vn\/?product=kem-tay-da-nang-denkmit-scheuermilch-dang-sua-duc-750ml","title":{"rendered":"KEM T\u00c2\u0309Y \u0110A N\u0102NG DENKMIT SCHEUERMILCH DA\u0323NG S\u01af\u0303A \u0110\u01af\u0301C 750ml"},"content":{"rendered":"<p><em>Kem t\u1ea9y \u0111a n\u0103ng Denkmit lo\u1ea1i b\u1ecf c\u00e1c v\u1ebft b\u1ea9n, ch\u1ed1ng oxi h\u00f3a, gi\u1eef cho b\u1ec1 m\u1eb7t s\u00e1ng b\u00f3ng l\u00e2u d\u00e0i v\u00e0 ng\u0103n ng\u1eeba s\u1ef1 h\u00ecnh th\u00e0nh c\u00e1c m\u1ea3ng b\u00e1m m\u1edbi, l\u00e0m s\u1ea1ch v\u00e0 b\u1ea3o v\u1ec7 c\u00e1c thi\u1ebft b\u1ecb inox nh\u01b0 v\u00f2i sen, v\u00f2i x\u1ecbt, ch\u1eadu r\u1eeda, g\u1ea1ch men, v\u00e0 nhi\u1ec1u b\u1ec1 m\u1eb7t kh\u00e1c<\/em><\/p>\n<h3><strong>C\u00f4ng d\u1ee5ng kem t\u1ea9y \u0111a n\u0103ng Denkmit Scheuermilch<\/strong><\/h3>\n<ul>\n<li data-start=\"1631\" data-end=\"1749\">C\u1ecd r\u1eeda b\u1ed3n c\u1ea7u, g\u1ea1ch l\u00e1t, v\u00f2i x\u1ecbt, v\u00f2i sen, gi\u00fap lo\u1ea1i b\u1ecf c\u00e1c v\u1ebft \u1ed1, m\u1ea3ng b\u00e1m canxi, mang l\u1ea1i v\u1ebb s\u00e1ng b\u00f3ng cho nh\u00e0 t\u1eafm.<\/li>\n<li data-start=\"1781\" data-end=\"1848\">R\u1eeda s\u1ea1ch b\u1ed3n inox, \u0111\u00e1nh b\u00f3ng n\u1ed3i, ch\u1ea3o, v\u00e0 c\u00e1c thi\u1ebft b\u1ecb b\u1ebfp kh\u00e1c.<\/li>\n<li data-start=\"1851\" data-end=\"1950\">Lo\u1ea1i b\u1ecf c\u00e1c v\u1ebft d\u1ea7u m\u1ee1, m\u1ea3ng b\u00e1m tr\u00ean dao k\u00e9o, k\u1ec7 b\u1ebfp, gi\u1eef cho khu v\u1ef1c b\u1ebfp lu\u00f4n s\u1ea1ch s\u1ebd v\u00e0 an to\u00e0n.<\/li>\n<li data-start=\"2004\" data-end=\"2094\">B\u1ea3o v\u1ec7 b\u1ec1 m\u1eb7t inox, gi\u1eef cho c\u00e1c thi\u1ebft b\u1ecb kh\u00f4ng b\u1ecb oxi h\u00f3a v\u00e0 lu\u00f4n s\u00e1ng b\u00f3ng.<\/li>\n<li data-start=\"2134\" data-end=\"2245\">T\u1ea1o m\u1ed9t l\u1edbp b\u1ea3o v\u1ec7 gi\u00fap ng\u0103n ng\u1eeba s\u1ef1 h\u00ecnh th\u00e0nh c\u00e1c v\u1ebft b\u00e1m m\u1edbi, gi\u1eef cho c\u00e1c thi\u1ebft b\u1ecb lu\u00f4n nh\u01b0 m\u1edbi.<\/li>\n<li data-start=\"1161\" data-end=\"1333\">C\u00f4ng th\u1ee9c \u0111\u1eb7c bi\u1ec7t gi\u00fap dung d\u1ecbch kh\u00f4ng b\u00e1m d\u00ednh v\u00e0o da tay, kh\u00f4ng g\u00e2y k\u00edch \u1ee9ng, v\u00e0 ho\u00e0n to\u00e0n an to\u00e0n khi s\u1eed d\u1ee5ng m\u00e0 kh\u00f4ng c\u1ea7n ph\u1ea3i \u0111eo g\u0103ng tay.<\/li>\n<li data-start=\"1453\" data-end=\"1554\">H\u01b0\u01a1ng th\u01a1m nh\u1eb9 nh\u00e0ng v\u00e0 kh\u00f4ng g\u00e2y kh\u00f3 ch\u1ecbu, t\u1ea1o c\u1ea3m gi\u00e1c th\u01b0 gi\u00e3n khi s\u1eed d\u1ee5ng.<\/li>\n<\/ul>\n<p><img loading=\"lazy\" decoding=\"async\" class=\"size-full wp-image-144335 aligncenter\" src=\"https:\/\/xachtaynhat.net\/wp-content\/uploads\/2025\/03\/tay-da-nang-Denkmit.jpg\" sizes=\"auto, (max-width: 960px) 100vw, 960px\" srcset=\"https:\/\/xachtaynhat.net\/wp-content\/uploads\/2025\/03\/tay-da-nang-Denkmit.jpg 960w, https:\/\/xachtaynhat.net\/wp-content\/uploads\/2025\/03\/tay-da-nang-Denkmit-225x300.jpg 225w, https:\/\/xachtaynhat.net\/wp-content\/uploads\/2025\/03\/tay-da-nang-Denkmit-768x1024.jpg 768w, https:\/\/xachtaynhat.net\/wp-content\/uploads\/2025\/03\/tay-da-nang-Denkmit-300x400.jpg 300w\" alt=\"t\u1ea9y \u0111a n\u0103ng Denkmit\" width=\"960\" height=\"1280\" \/><\/p>\n<p><strong style=\"font-size: 20.16px;\">Th\u00e0nh ph\u1ea7n t\u1ea9y \u0111a n\u0103ng Denkmit<\/strong><\/p>\n<ul>\n<li data-start=\"571\" data-end=\"670\"><em>Ch\u1ea5t ho\u1ea1t \u0111\u1ed9ng b\u1ec1 m\u1eb7t<\/em>\u00a0kh\u00f4ng ion v\u00e0 x\u00e0 ph\u00f2ng<\/li>\n<li data-start=\"673\" data-end=\"747\"><em>N\u01b0\u1edbc hoa t\u1ea1o h\u01b0\u01a1ng th\u01a1m<\/em><\/li>\n<li data-start=\"750\" data-end=\"822\"><em>CITRAL<\/em>\u00a0mang l\u1ea1i kh\u1ea3 n\u0103ng l\u00e0m s\u1ea1ch hi\u1ec7u qu\u1ea3 v\u00e0 t\u1ea1o m\u00f9i th\u01a1m t\u1ef1 nhi\u00ean.<\/li>\n<li data-start=\"961\" data-end=\"1113\">C\u00e1c th\u00e0nh ph\u1ea7n kh\u00e1c nh\u01b0\u00a0<em>kho\u00e1ng ch\u1ea5t l\u00e0m s\u1ea1ch, s\u00e1p carnauba t\u1ef1 nhi\u00ean<\/em><\/li>\n<li data-start=\"961\" data-end=\"1113\"><em>Bitrex<\/em>\u00a0gi\u00fap b\u1ea3o v\u1ec7 b\u1ec1 m\u1eb7t, gi\u1eef cho \u0111\u1ed3 v\u1eadt lu\u00f4n s\u00e1ng b\u00f3ng v\u00e0 b\u1ec1n l\u00e2u.<\/li>\n<\/ul>\n<p><img loading=\"lazy\" decoding=\"async\" class=\"size-full wp-image-144334 aligncenter\" src=\"https:\/\/xachtaynhat.net\/wp-content\/uploads\/2025\/03\/kem-tay-da-nang-denkmit.jpg\" sizes=\"auto, (max-width: 960px) 100vw, 960px\" srcset=\"https:\/\/xachtaynhat.net\/wp-content\/uploads\/2025\/03\/kem-tay-da-nang-denkmit.jpg 960w, https:\/\/xachtaynhat.net\/wp-content\/uploads\/2025\/03\/kem-tay-da-nang-denkmit-300x300.jpg 300w, https:\/\/xachtaynhat.net\/wp-content\/uploads\/2025\/03\/kem-tay-da-nang-denkmit-150x150.jpg 150w, https:\/\/xachtaynhat.net\/wp-content\/uploads\/2025\/03\/kem-tay-da-nang-denkmit-768x768.jpg 768w, https:\/\/xachtaynhat.net\/wp-content\/uploads\/2025\/03\/kem-tay-da-nang-denkmit-100x100.jpg 100w, https:\/\/xachtaynhat.net\/wp-content\/uploads\/2025\/03\/kem-tay-da-nang-denkmit-50x50.jpg 50w\" alt=\"kem t\u1ea9y \u0111a n\u0103ng denkmit\" width=\"960\" height=\"960\" \/><\/p>\n<h3><strong>H\u01b0\u1edbng d\u1eabn s\u1eed d\u1ee5ng kem t\u1ea9y \u0111a n\u0103ng Denkmit nh\u1eadp kh\u1ea9u \u0110\u1ee9c<\/strong><\/h3>\n<ul>\n<li data-start=\"2540\" data-end=\"2604\">L\u1eafc \u0111\u1ec1u dung d\u1ecbch t\u1ea9y r\u1eeda \u0111a n\u0103ng Denkmit tr\u01b0\u1edbc khi s\u1eed d\u1ee5ng.<\/li>\n<li data-start=\"2608\" data-end=\"2701\">Nh\u1ecf m\u1ed9t l\u01b0\u1ee3ng v\u1eeba \u0111\u1ee7 dung d\u1ecbch l\u00ean v\u1ebft \u1ed1, m\u1ea3ng b\u00e1m canxi, hay nh\u1eefng khu v\u1ef1c c\u1ea7n l\u00e0m s\u1ea1ch.<\/li>\n<li data-start=\"2705\" data-end=\"2829\">D\u00f9ng kh\u0103n m\u1ec1m \u1ea9m thoa \u0111\u1ec1u dung d\u1ecbch l\u00ean b\u1ec1 m\u1eb7t c\u1ea7n l\u00e0m s\u1ea1ch v\u00e0 \u0111\u1ec3 kho\u1ea3ng 15 \u2013 30 ph\u00fat (ho\u1eb7c l\u00e2u h\u01a1n t\u00f9y m\u1ee9c \u0111\u1ed9 b\u1ea9n).<\/li>\n<li data-start=\"2833\" data-end=\"2890\">Lau s\u1ea1ch b\u1eb1ng kh\u0103n m\u1ec1m, sau \u0111\u00f3 r\u1eeda l\u1ea1i v\u1edbi n\u01b0\u1edbc s\u1ea1ch.<\/li>\n<\/ul>\n","protected":false},"excerpt":{"rendered":"<ul>\n<li>Th\u01b0\u01a1ng hi\u1ec7u: Denkmit<\/li>\n<li>Xu\u1ea5t x\u1ee9: \u0110\u1ee9c<\/li>\n<li>Quy c\u00e1ch: 750ml<\/li>\n<\/ul>\n","protected":false},"featured_media":3310,"comment_status":"open","ping_status":"closed","template":"","meta":[],"product_brand":[],"product_cat":[88,98],"product_tag":[],"class_list":{"0":"post-3309","1":"product","2":"type-product","3":"status-publish","4":"has-post-thumbnail","6":"product_cat-chat-tay-rua","7":"product_cat-denkmit","9":"first","10":"instock","11":"shipping-taxable","12":"product-type-simple"},"_links":{"self":[{"href":"https:\/\/nhadepbepxinh.com.vn\/index.php?rest_route=\/wp\/v2\/product\/3309","targetHints":{"allow":["GET"]}}],"collection":[{"href":"https:\/\/nhadepbepxinh.com.vn\/index.php?rest_route=\/wp\/v2\/product"}],"about":[{"href":"https:\/\/nhadepbepxinh.com.vn\/index.php?rest_route=\/wp\/v2\/types\/product"}],"replies":[{"embeddable":true,"href":"https:\/\/nhadepbepxinh.com.vn\/index.php?rest_route=%2Fwp%2Fv2%2Fcomments&post=3309"}],"wp:featuredmedia":[{"embeddable":true,"href":"https:\/\/nhadepbepxinh.com.vn\/index.php?rest_route=\/wp\/v2\/media\/3310"}],"wp:attachment":[{"href":"https:\/\/nhadepbepxinh.com.vn\/index.php?rest_route=%2Fwp%2Fv2%2Fmedia&parent=3309"}],"wp:term":[{"taxonomy":"product_brand","embeddable":true,"href":"https:\/\/nhadepbepxinh.com.vn\/index.php?rest_route=%2Fwp%2Fv2%2Fproduct_brand&post=3309"},{"taxonomy":"product_cat","embeddable":true,"href":"https:\/\/nhadepbepxinh.com.vn\/index.php?rest_route=%2Fwp%2Fv2%2Fproduct_cat&post=3309"},{"taxonomy":"product_tag","embeddable":true,"href":"https:\/\/nhadepbepxinh.com.vn\/index.php?rest_route=%2Fwp%2Fv2%2Fproduct_tag&post=3309"}],"curies":[{"name":"wp","href":"https:\/\/api.w.org\/{rel}","templated":true}]}}