{"id":3289,"date":"2025-04-01T11:42:28","date_gmt":"2025-04-01T04:42:28","guid":{"rendered":"https:\/\/nhadepbepxinh.com.vn\/?post_type=product&#038;p=3289"},"modified":"2025-04-01T14:45:41","modified_gmt":"2025-04-01T07:45:41","slug":"gel-rua-bat-finish-700ml","status":"publish","type":"product","link":"https:\/\/nhadepbepxinh.com.vn\/?product=gel-rua-bat-finish-700ml","title":{"rendered":"GEL R\u1eecA B\u00c1T FINISH 700ml"},"content":{"rendered":"<h3 id=\"gioi-thieu-gel-rua-bat-finish-700ml\"><strong>Gi\u1edbi thi\u1ec7u Gel r\u1eeda b\u00e1t Finish 700ml<\/strong><\/h3>\n<p>Gel r\u1eeda b\u00e1t Finish 700ml l\u00e0 s\u1ea3n ph\u1ea9m c\u00f3 k\u1ebft c\u1ea5u gel \u0111\u1eadm \u0111\u1eb7c. K\u1ebft h\u1ee3p v\u1edbi c\u00e1c c\u00f4ng th\u1ee9c t\u1ea9y r\u1eeda hi\u1ec7n \u0111\u1ea1i, ti\u00ean ti\u1ebfn gi\u00fap b\u00e1t \u0111\u0129a \u0111\u01b0\u1ee3c l\u00e0m s\u1ea1ch tri\u1ec7t \u0111\u1ec3 sau qu\u00e1 tr\u00ecnh r\u1eeda. C\u00f9ng v\u1edbi c\u00e1c c\u00f4ng d\u1ee5ng \u01b0u vi\u1ec7t v\u00e0 t\u00ednh n\u0103ng v\u01b0\u1ee3t tr\u1ed9i, Gel r\u1eeda b\u00e1t Finish \u0111\u00e3 d\u1ea7n chi\u1ebfm \u0111\u01b0\u1ee3c l\u00f2ng tin d\u00f9ng, y\u00eau th\u00edch c\u1ee7a c\u00e1c ch\u1ecb em n\u1ed9i tr\u1ee3 \u1edf Vi\u1ec7t Nam hi\u1ec7n nay.<\/p>\n<h3 id=\"cong-dung-va-chuc-nang-gel-rua-bat-finish-700ml\"><strong>C\u00f4ng d\u1ee5ng v\u00e0 ch\u1ee9c n\u0103ng Gel r\u1eeda b\u00e1t Finish 700ml<\/strong><\/h3>\n<p>V\u1edbi 10 ch\u1ee9c n\u0103ng \u0111\u01b0\u1ee3c t\u00edch h\u1ee3p trong m\u1ed9t s\u1ea3n ph\u1ea9m, gel r\u1eeda b\u00e1t Finish 700ml \u0111\u1eadm \u0111\u1eb7c c\u00f3 s\u1ee9c c\u00f4ng ph\u00e1 kh\u1ea3 n\u0103ng l\u00e0m s\u1ea1ch m\u1ea1nh m\u1ebd v\u1edbi m\u1ed9t l\u01b0\u1ee3ng nh\u1ecf dung d\u1ecbch ch\u1ec9 trong m\u1ed9t l\u1ea7n r\u1eeda.<\/p>\n<ul>\n<li aria-level=\"1\">Pre-Soaking Action: Ng\u00e2m v\u00e0 l\u00e0m s\u1ea1ch s\u01a1 b\u1ed9 c\u00e1c v\u1ebft b\u1ea9n gi\u00fap ng\u01b0\u1eddi d\u00f9ng kh\u00f4ng ph\u1ea3i tr\u00e1ng b\u00e1t \u0111\u0129a tr\u01b0\u1edbc khi cho v\u00e0o m\u00e1y.<\/li>\n<li aria-level=\"1\">Removes baked on food: L\u00e0m s\u1ea1ch c\u00e1c v\u1ebft b\u1ea9n ch\u00e1y n\u01b0\u1edbng c\u1ef1c k\u1ef3 kh\u00f3 r\u1eeda.<\/li>\n<li aria-level=\"1\">Cuts Through Grease: \u0110\u00e1nh bay d\u1ea7u m\u1ee1 kh\u00f3 tr\u00f4i.<\/li>\n<li aria-level=\"1\">Powerful Cleaning: Lo\u1ea1i b\u1ecf ho\u00e0n to\u00e0n c\u00e1c v\u1ebft b\u1ea9n c\u1ee9ng \u0111\u1ea7u m\u1ed9t c\u00e1ch nhanh ch\u00f3ng, d\u1ec5 d\u00e0ng.<\/li>\n<li aria-level=\"1\">Rinse function: Tr\u1ee3 x\u1ea3, kh\u00f4ng \u0111\u1ec3 l\u1ea1i l\u01b0u l\u01b0\u1ee3ng h\u00f3a ch\u1ea5t.<\/li>\n<li aria-level=\"1\">Filter protection: L\u00e0m m\u1ec1m n\u01b0\u1edbc, ng\u0103n ch\u1eb7n v\u00f4i c\u1eb7n gi\u00fap b\u1ea3o v\u1ec7 b\u1ed9 l\u1ecdc.<\/li>\n<li aria-level=\"1\">Low temperature action: Ho\u1ea1t \u0111\u1ed9ng hi\u1ec7u qu\u1ea3 ngay c\u1ea3 \u1edf nhi\u1ec7t \u0111\u1ed9 th\u01b0\u1eddng.<\/li>\n<li aria-level=\"1\">Machine limescale protection: B\u1ea3o v\u1ec7 m\u00e1y m\u00f3c kh\u1ecfi qu\u00e1 tr\u00ecnh oxy ho\u00e1, ch\u1ed1ng han g\u1ec9.<\/li>\n<li aria-level=\"1\">Glass protection: B\u1ea3o v\u1ec7 c\u00e1c v\u1eadt d\u1ee5ng thu\u1ef7 tinh, t\u0103ng c\u01b0\u1eddng \u0111\u1ed9 b\u00f3ng.<\/li>\n<li aria-level=\"1\">Wrapper Free: Th\u00e2n thi\u1ec7n v\u1edbi m\u00f4i tr\u01b0\u1eddng, kh\u00f4ng t\u1ea1o ra r\u00e1c th\u1ea3i nh\u1edd v\u1ecf b\u1ecdc t\u1ef1 tan trong n\u01b0\u1edbc.<\/li>\n<\/ul>\n<p>V\u1edbi s\u1ef1 k\u1ebft h\u1ee3p \u0111\u1ed9c \u0111\u00e1o, t\u00edch h\u1ee3p nhi\u1ec1u ch\u1ee9c n\u0103ng tr\u00ean. Gel r\u1eeda b\u00e1t Finish x\u1ee9ng \u0111\u00e1ng tr\u1edf th\u00e0nh tr\u1ee3 th\u1ee7 \u0111\u1eafc l\u1ef1c d\u00e0nh cho c\u00e1c ch\u1ecb em trong c\u00f4ng vi\u1ec7c n\u1ed9i tr\u1ee3 c\u1ee7a m\u00ecnh.<\/p>\n<h3 id=\"thanh-phan-cua-gel-rua-bat-finish-700ml\"><strong>Th\u00e0nh ph\u1ea7n c\u1ee7a Gel r\u1eeda b\u00e1t Finish 700ml<\/strong><\/h3>\n<p>Gel r\u1eeda b\u00e1t Finish 700ml \u0111\u1eadm \u0111\u1eb7c \u0111\u01b0\u1ee3c s\u1ea3n xu\u1ea5t t\u1eeb c\u00e1c th\u00e0nh ph\u1ea7n ho\u1ea1t ch\u1ea5t l\u00e0nh t\u00ednh, an to\u00e0n v\u1edbi:<\/p>\n<ul>\n<li aria-level=\"1\">5-15% oxy-based t\u1ea9y tr\u1eafng.<\/li>\n<li aria-level=\"1\">&lt;5% Phosphonate.<\/li>\n<li aria-level=\"1\">Ch\u1ee9a c\u00e1c enzym ho\u1ea1t t\u00ednh (v\u00ed d\u1ee5 nh\u01b0 subtilisin, amylase).<\/li>\n<\/ul>\n<p>\u0110\u1eb7c bi\u1ec7t, c\u00e1c ho\u1ea1t ch\u1ea5t enzym gi\u00fap t\u0103ng c\u01b0\u1eddng kh\u1ea3 n\u0103ng l\u00e0m s\u1ea1ch c\u1ee7a gel r\u1eeda b\u00e1t, l\u00e0m gi\u1ea3m th\u1eddi gian r\u1eeda v\u00e0 n\u0103ng l\u01b0\u1ee3ng ti\u00eau th\u1ee5 trong qu\u00e1 tr\u00ecnh v\u1eadn h\u00e0nh m\u00e1y r\u1eeda b\u00e1t.<\/p>\n<h3 id=\"tinh-nang-vuot-troi-cua-gel-rua-bat-finish-700ml\"><strong>T\u00ednh n\u0103ng v\u01b0\u1ee3t tr\u1ed9i c\u1ee7a Gel r\u1eeda b\u00e1t Finish 700ml<\/strong><\/h3>\n<p>Gel r\u1eeda b\u00e1t Finish 700ml c\u00f3 nhi\u1ec1u t\u00ednh n\u0103ng v\u01b0\u1ee3t tr\u1ed9i gi\u00fap trong vi\u1ec7c l\u00e0m s\u1ea1ch v\u00e0 b\u1ea3o v\u1ec7 \u0111\u1ed3 d\u00f9ng gia \u0111\u00ecnh. D\u01b0\u1edbi \u0111\u00e2y l\u00e0 c\u00e1c t\u00ednh n\u0103ng ch\u00ednh c\u1ee7a s\u1ea3n ph\u1ea9m n\u00e0y:<\/p>\n<ul>\n<li aria-level=\"1\">Ch\u1ee9a c\u00e1c ch\u1ea5t t\u1ea9y r\u1eeda m\u1ea1nh m\u1ebd gi\u00fap lo\u1ea1i b\u1ecf m\u1ecdi v\u1ebft b\u1ea9n, d\u1ea7u m\u1ee1 v\u00e0 th\u1ee9c \u0103n d\u00ednh tr\u00ean ch\u00e9n \u0111\u0129a v\u00e0 c\u00e1c \u0111\u1ed3 d\u00f9ng kh\u00e1c m\u1ed9t c\u00e1ch hi\u1ec7u qu\u1ea3.<\/li>\n<li aria-level=\"1\">Ho\u1ea1t \u0111\u1ed9ng hi\u1ec7u qu\u1ea3 d\u01b0\u1edbi m\u1ecdi \u0111i\u1ec1u ki\u1ec7n n\u01b0\u1edbc, t\u1eeb n\u01b0\u1edbc c\u1ee9ng \u0111\u1ebfn n\u01b0\u1edbc m\u1ec1m, mang l\u1ea1i k\u1ebft qu\u1ea3 r\u1eeda s\u1ea1ch t\u1ed1i \u01b0u.<\/li>\n<li aria-level=\"1\">Ng\u0103n ng\u1eeba t\u00edch t\u1ee5 c\u1eb7n canxi v\u00e0 c\u00e1c v\u1ebft b\u1ea9n tr\u00ean c\u00e1c b\u1ec1 m\u1eb7t \u0111\u1ed3 d\u00f9ng v\u00e0 b\u1ed9 ph\u1eadn m\u00e1y r\u1eeda b\u00e1t, gi\u00fap duy tr\u00ec hi\u1ec7u su\u1ea5t ho\u1ea1t \u0111\u1ed9ng c\u1ee7a m\u00e1y l\u00e2u d\u00e0i.<\/li>\n<li aria-level=\"1\">H\u01b0\u01a1ng th\u01a1m d\u1ec5 ch\u1ecbu gi\u00fap mang l\u1ea1i c\u1ea3m gi\u00e1c s\u1ea3ng kho\u00e1i v\u00e0 th\u00fa v\u1ecb sau khi r\u1eeda.<\/li>\n<li aria-level=\"1\">Thi\u1ebft k\u1ebf \u0111\u01a1n gi\u1ea3n, d\u1ec5 s\u1eed d\u1ee5ng ch\u1ec9 c\u1ea7n \u0111\u1ed5 gel v\u00e0o ng\u0103n ch\u1ee9a c\u1ee7a m\u00e1y r\u1eeda b\u00e1t v\u00e0 ch\u1ea1y ch\u01b0\u01a1ng tr\u00ecnh r\u1eeda th\u00edch h\u1ee3p.<\/li>\n<li aria-level=\"1\">An to\u00e0n cho s\u1ee9c kh\u1ecfe v\u00e0 kh\u00f4ng g\u00e2y h\u1ea1i cho m\u00f4i tr\u01b0\u1eddng. Ngo\u00e0i ra, s\u1ea3n ph\u1ea9m c\u0169ng gi\u00fap ti\u1ebft ki\u1ec7m n\u0103ng l\u01b0\u1ee3ng v\u00e0 n\u01b0\u1edbc trong qu\u00e1 tr\u00ecnh r\u1eeda.<\/li>\n<li aria-level=\"1\">Ph\u00f9 h\u1ee3p v\u1edbi \u0111a d\u1ea1ng lo\u1ea1i m\u00e1y r\u1eeda b\u00e1t, c\u00f3 th\u1ec3 s\u1eed d\u1ee5ng \u0111\u01b0\u1ee3c tr\u00ean h\u1ea7u h\u1ebft c\u00e1c lo\u1ea1i m\u00e1y r\u1eeda b\u00e1t hi\u1ec7n \u0111\u1ea1i tr\u00ean th\u1ecb tr\u01b0\u1eddng.<\/li>\n<li aria-level=\"1\">\u0110\u1ea1t ti\u00eau chu\u1ea9n Ch\u00e2u \u00c2u v\u1edbi c\u00e1c ho\u1ea1t ch\u1ea5t l\u00e0nh t\u00ednh, an to\u00e0n v\u1edbi ng\u01b0\u1eddi d\u00f9ng v\u00e0 th\u00e2n thi\u1ec7n v\u1edbi ng\u01b0\u1eddi d\u00f9ng.<\/li>\n<\/ul>\n<p>T\u00f3m l\u1ea1i, gel r\u1eeda b\u00e1t Finish 700ml kh\u00f4ng ch\u1ec9 \u0111\u01a1n thu\u1ea7n l\u00e0m s\u1ea1ch m\u00e0 c\u00f2n b\u1ea3o v\u1ec7 v\u00e0 duy tr\u00ec \u0111\u1ed9 b\u1ec1n cho c\u00e1c \u0111\u1ed3 d\u00f9ng, mang l\u1ea1i hi\u1ec7u qu\u1ea3 cao v\u00e0 ti\u1ebft ki\u1ec7m th\u1eddi gian cho ng\u01b0\u1eddi s\u1eed d\u1ee5ng.<\/p>\n<h3 id=\"cach-su-dung-gel-rua-bat-finish-700ml\"><strong>C\u00e1ch s\u1eed d\u1ee5ng Gel r\u1eeda b\u00e1t Finish 700ml<\/strong><\/h3>\n<div class=\"image-center\">\n<figure class=\"image-captioned\"><figcaption><em>C\u00e1ch s\u1eed d\u1ee5ng Gel r\u1eeda b\u00e1t Finish 700ml<\/em><\/figcaption><\/figure>\n<\/div>\n<ul>\n<li aria-level=\"1\">B\u01b0\u1edbc 1: S\u1eafp x\u1ebfp c\u00e1c v\u1eadt d\u1ee5ng c\u1ea7n r\u1eeda theo \u0111\u00fang gi\u00e0n. Sau \u0111\u00f3 m\u1edf n\u1eafp ng\u0103n ch\u1ee9a Gel trong m\u00e1y r\u1eeda b\u00e1t<\/li>\n<li aria-level=\"1\">B\u01b0\u1edbc 2: \u0110ong l\u1ea5y 20ml gel r\u1eeda ch\u00e9n \u0111\u1ed5 v\u00e0o ng\u0103n ch\u1ee9a ch\u1ea5t t\u1ea9y r\u1eeda. T\u0103ng l\u00ean 25ml n\u1ebfu nhi\u1ec1u b\u00e1t \u0111\u0129a<\/li>\n<li aria-level=\"1\">B\u01b0\u1edbc 3: \u0110\u00f3ng n\u1eafp ng\u0103n ch\u1ee9a<\/li>\n<li aria-level=\"1\">B\u01b0\u1edbc 4: Ch\u1ecdn ch\u01b0\u01a1ng tr\u00ecnh r\u1eeda ph\u00f9 h\u1ee3p r\u1ed3i \u1ea5n kh\u1edfi \u0111\u1ed9ng m\u00e1y nh\u01b0 b\u00ecnh th\u01b0\u1eddng.<\/li>\n<\/ul>\n","protected":false},"excerpt":{"rendered":"<ul>\n<li><strong>T\u00ean s\u1ea3n ph\u1ea9m:\u00a0<\/strong>\u00a0Gel r\u1eeda b\u00e1t Finish 700ml<\/li>\n<li><strong>Th\u01b0\u01a1ng hi\u1ec7u:<\/strong>\u00a0Finish<\/li>\n<li><strong>Th\u1ec3 t\u00edch:<\/strong>\u00a0700ml<\/li>\n<li><strong>Xu\u1ea5t x\u1ee9:\u00a0<\/strong>Ch\u00e2u \u00c2u<\/li>\n<li><strong>H\u1ea1n s\u1eed d\u1ee5ng:<\/strong>\u00a02 n\u0103m k\u1ec3 t\u1eeb NSX<\/li>\n<\/ul>\n","protected":false},"featured_media":3290,"comment_status":"open","ping_status":"closed","template":"","meta":[],"product_brand":[],"product_cat":[88,97],"product_tag":[],"class_list":{"0":"post-3289","1":"product","2":"type-product","3":"status-publish","4":"has-post-thumbnail","6":"product_cat-chat-tay-rua","7":"product_cat-finish","9":"first","10":"instock","11":"shipping-taxable","12":"product-type-simple"},"_links":{"self":[{"href":"https:\/\/nhadepbepxinh.com.vn\/index.php?rest_route=\/wp\/v2\/product\/3289","targetHints":{"allow":["GET"]}}],"collection":[{"href":"https:\/\/nhadepbepxinh.com.vn\/index.php?rest_route=\/wp\/v2\/product"}],"about":[{"href":"https:\/\/nhadepbepxinh.com.vn\/index.php?rest_route=\/wp\/v2\/types\/product"}],"replies":[{"embeddable":true,"href":"https:\/\/nhadepbepxinh.com.vn\/index.php?rest_route=%2Fwp%2Fv2%2Fcomments&post=3289"}],"wp:featuredmedia":[{"embeddable":true,"href":"https:\/\/nhadepbepxinh.com.vn\/index.php?rest_route=\/wp\/v2\/media\/3290"}],"wp:attachment":[{"href":"https:\/\/nhadepbepxinh.com.vn\/index.php?rest_route=%2Fwp%2Fv2%2Fmedia&parent=3289"}],"wp:term":[{"taxonomy":"product_brand","embeddable":true,"href":"https:\/\/nhadepbepxinh.com.vn\/index.php?rest_route=%2Fwp%2Fv2%2Fproduct_brand&post=3289"},{"taxonomy":"product_cat","embeddable":true,"href":"https:\/\/nhadepbepxinh.com.vn\/index.php?rest_route=%2Fwp%2Fv2%2Fproduct_cat&post=3289"},{"taxonomy":"product_tag","embeddable":true,"href":"https:\/\/nhadepbepxinh.com.vn\/index.php?rest_route=%2Fwp%2Fv2%2Fproduct_tag&post=3289"}],"curies":[{"name":"wp","href":"https:\/\/api.w.org\/{rel}","templated":true}]}}