{"id":3285,"date":"2025-04-01T11:37:45","date_gmt":"2025-04-01T04:37:45","guid":{"rendered":"https:\/\/nhadepbepxinh.com.vn\/?post_type=product&#038;p=3285"},"modified":"2025-04-01T14:45:50","modified_gmt":"2025-04-01T07:45:50","slug":"muoi-rua-bat-finish-1kg","status":"publish","type":"product","link":"https:\/\/nhadepbepxinh.com.vn\/?product=muoi-rua-bat-finish-1kg","title":{"rendered":"MU\u1ed0I R\u1eecA B\u00c1T FINISH 1kg"},"content":{"rendered":"<h3 id=\"gioi-thieu-ve-muoi-rua-bat-finish-1kg\"><strong>Gi\u1edbi thi\u1ec7u v\u1ec1 Mu\u1ed1i r\u1eeda b\u00e1t Finish 1kg<\/strong><\/h3>\n<p>Finish l\u00e0 nh\u00e3n hi\u1ec7u s\u1ea3n ph\u1ea9m c\u1ee7a nh\u00e0 s\u1ea3n xu\u1ea5t Reckitt Benckiser v\u1edbi l\u1ecbch s\u1eed t\u1ed3n t\u1ea1i l\u00e2u n\u0103m t\u1ea1i th\u1ecb tr\u01b0\u1eddng ch\u00e2u \u00c2u. Trong nh\u1eefng n\u0103m g\u1ea7n \u0111\u00e2y, s\u1ea3n ph\u1ea9m \u0111\u00e3 l\u1ea5n s\u00e2n sang th\u1ecb tr\u01b0\u1eddng ch\u00e2u \u00c1 v\u00e0 \u0111\u01b0\u1ee3c \u0111\u00f4ng \u0111\u1ea3o ch\u1ecb em ph\u1ee5 n\u1eef Vi\u1ec7t tin d\u00f9ng.<\/p>\n<p>S\u1ea3n ph\u1ea9m mu\u1ed1i r\u1eeda b\u00e1t Finish 1kg l\u00e0 ch\u1ea5t ph\u1ee5 gia c\u1ea7n c\u00f3 khi s\u1eed d\u1ee5ng m\u00e1y r\u1eeda b\u00e1t \u0111\u1ec3 \u0111\u1ea3m b\u1ea3o m\u00e1y lu\u00f4n ho\u1ea1t \u0111\u1ed9ng hi\u1ec7u qu\u1ea3. S\u1ea3n ph\u1ea9m c\u00f3 kh\u1ea3 n\u0103ng lo\u1ea1i b\u1ecf c\u00e1c t\u1ea1p ch\u1ea5t c\u00f3 trong n\u01b0\u1edbc \u0111\u1ec3 gi\u00fap chi\u1ebfc m\u00e1y r\u1eeda b\u00e1t lu\u00f4n ho\u1ea1t \u0111\u1ed9ng hi\u1ec7u qu\u1ea3 v\u00e0 c\u00f3 tu\u1ed5i th\u1ecd cao.<\/p>\n<div class=\"image-center\">\n<figure class=\"image-captioned\"><img loading=\"lazy\" decoding=\"async\" src=\"https:\/\/ctluxhome.vn\/Upload\/san-pham\/chat-tay-rua\/muoi-1kg\/gioi-thieu-muoi_1kg_800x500_1.jpg\" alt=\"Gi\u1edbi thi\u1ec7u v\u1ec1 Mu\u1ed1i r\u1eeda b\u00e1t Finish 1kg\" width=\"800\" height=\"500\" \/><figcaption><em>Gi\u1edbi thi\u1ec7u v\u1ec1 Mu\u1ed1i r\u1eeda b\u00e1t Finish 1kg<\/em><\/figcaption><\/figure>\n<\/div>\n<h3 id=\"cong-dung-va-chuc-nang-cua-muoi-rua-chen-bat-finish-1kg\"><strong>C\u00f4ng d\u1ee5ng v\u00e0 ch\u1ee9c n\u0103ng c\u1ee7a Mu\u1ed1i r\u1eeda ch\u00e9n b\u00e1t Finish 1kg<\/strong><\/h3>\n<p>Mu\u1ed1i r\u1eeda ch\u00e9n b\u00e1t Finish 1kg c\u00f3 kh\u1ea3 n\u0103ng lo\u1ea1i b\u1ecf c\u00e1c l\u1edbp c\u1eb7n v\u00f4i m\u00e0u tr\u1eafng xu\u1ea5t hi\u1ec7n trong qu\u00e1 tr\u00ecnh n\u1ea5u n\u01b0\u1edbng nh\u01b0 magie, canxi,\u2026c\u00f3 trong n\u01b0\u1edbc. C\u00e1c ch\u1ea5t n\u00e0y g\u00e2y m\u1ea5t th\u1ea9m m\u1ef9 cho \u0111\u1ed3 d\u00f9ng, gi\u1ea3m tu\u1ed5i th\u1ecd cho m\u00e1y v\u00e0 \u1ea3nh h\u01b0\u1edfng x\u1ea5u \u0111\u1ebfn s\u1ee9c kh\u1ecfe con ng\u01b0\u1eddi.<\/p>\n<p>S\u1eed d\u1ee5ng mu\u1ed1i r\u1eeda b\u00e1t Finish mang \u0111\u1ebfn nh\u1eefng l\u1ee3i \u00edch thi\u1ebft th\u1ef1c sau:<\/p>\n<ul>\n<li aria-level=\"1\">Lo\u1ea1i b\u1ecf c\u00e1c ch\u1ea5t c\u1eb7n v\u00f4i, ph\u00e2n t\u1eed ion Mg+, Ca+, Fe+,\u2026 b\u00e1m v\u00e0o ch\u00e9n b\u00e1t v\u00e0 m\u00e1y r\u1eeda b\u00e1t.<\/li>\n<li aria-level=\"1\">L\u00e0m m\u1ec1m n\u01b0\u1edbc<\/li>\n<li aria-level=\"1\">Trung h\u00f2a ion nh\u1ef1a t\u00e1i sinh khi r\u1eeda b\u00e1t b\u1eb1ng nhi\u1ec7t \u0111\u1ed9 cao<\/li>\n<li aria-level=\"1\">Lo\u1ea1i b\u1ecf c\u00e1c v\u1ebft b\u1ea9n c\u1ee9ng \u0111\u1ea7u<\/li>\n<li aria-level=\"1\">Gi\u00fap m\u00e1y r\u1eeda b\u00e1t lu\u00f4n ho\u1ea1t \u0111\u1ed9ng hi\u1ec7u qu\u1ea3, t\u0103ng tu\u1ed5i th\u1ecd cho s\u1ea3n ph\u1ea9m.<\/li>\n<\/ul>\n<h3 id=\"thanh-phan-cua-muoi-rua-bat-finish-1kg\"><strong>Th\u00e0nh ph\u1ea7n c\u1ee7a Mu\u1ed1i r\u1eeda b\u00e1t Finish 1kg<\/strong><\/h3>\n<p>Mu\u1ed1i r\u1eeda b\u00e1t Finish 1kg c\u00f3 th\u00e0nh ph\u1ea7n 99% t\u1eeb mu\u1ed1i Natri Clorua (NaCl) v\u00e0 1% ph\u1ee5 gia.<\/p>\n<div class=\"image-center\">\n<figure class=\"image-captioned\"><img loading=\"lazy\" decoding=\"async\" src=\"https:\/\/ctluxhome.vn\/Upload\/san-pham\/chat-tay-rua\/muoi-1kg\/thanh-phan-muoi_1kg_800x500_1.jpg\" alt=\"Th\u00e0nh ph\u1ea7n c\u1ee7a Mu\u1ed1i r\u1eeda b\u00e1t Finish 1kg\" width=\"800\" height=\"500\" \/><figcaption><em>Th\u00e0nh ph\u1ea7n c\u1ee7a Mu\u1ed1i r\u1eeda b\u00e1t Finish 1kg<\/em><\/figcaption><\/figure>\n<\/div>\n<h3 id=\"tinh-nang-vuot-troi-cua-muoi-rua-chen-finish-1kg\"><strong>T\u00ednh n\u0103ng v\u01b0\u1ee3t tr\u1ed9i c\u1ee7a Mu\u1ed1i r\u1eeda ch\u00e9n Finish 1kg<\/strong><\/h3>\n<p>Mu\u1ed1i r\u1eeda ch\u00e9n Finish c\u00f3 nh\u1eefng t\u00ednh n\u0103ng \u0111\u1eb7c bi\u1ec7t sau:<\/p>\n<ul>\n<li aria-level=\"1\">Mu\u1ed1i r\u1eeda b\u00e1t Finish l\u00e0 d\u00f2ng s\u1ea3n ph\u1ea9m \u0111\u1ea1t ti\u00eau chu\u1ea9n ch\u1ea5t l\u01b0\u1ee3ng EU, \u0111\u1ea3m b\u1ea3o an to\u00e0n cho s\u1ee9c kh\u1ecfe ng\u01b0\u1eddi d\u00f9ng v\u00e0 th\u00e2n thi\u1ec7n v\u1edbi m\u00f4i tr\u01b0\u1eddng t\u1ef1 nhi\u00ean.<\/li>\n<li aria-level=\"1\">V\u1edbi th\u00e0nh ph\u1ea7n 99% NaCl, mu\u1ed1i r\u1eeda b\u00e1t Finish 1kg d\u1ec5 d\u00e0ng h\u00f2a tan v\u00e0 l\u00e0m m\u1ec1m n\u01b0\u1edbc, ng\u0103n ch\u1eb7n t\u00ecnh tr\u1ea1ng \u0111\u00f3ng c\u1eb7n c\u1eb7n v\u00f4i tr\u00ean ch\u00e9n \u0111\u0129a.<\/li>\n<li aria-level=\"1\">Thu\u1eadn ti\u1ec7n cho vi\u1ec7c s\u1eed d\u1ee5ng, b\u1ea3o v\u1ec7 ch\u00e9n \u0111\u0129a, xoong n\u1ed3i kh\u00f4ng b\u1ecb \u0111\u00f3ng c\u1eb7n sau m\u1ed7i l\u1ea7n r\u1eeda.<\/li>\n<li aria-level=\"1\">Ng\u0103n ch\u1eb7n v\u00e0 lo\u1ea1i b\u1ecf t\u1ea1p ch\u1ea5t, n\u01b0\u1edbc c\u1ee9ng ch\u1ee9a ion Ca+, Mg+ c\u00f3 trong n\u01b0\u1edbc g\u00e2y h\u1ea1i cho m\u00e1y r\u1eeda ch\u00e9n b\u00e1t v\u00e0 \u0111\u1ed3 d\u00f9ng.<\/li>\n<li aria-level=\"1\">\u0110\u1ec3 \u0111\u1ea1t hi\u1ec7u qu\u1ea3 t\u1ed1i \u01b0u, c\u1ea7n k\u1ebft h\u1ee3p s\u1eed d\u1ee5ng v\u1edbi vi\u00ean r\u1eeda b\u00e1t v\u00e0 n\u01b0\u1edbc l\u00e0m b\u00f3ng c\u1ee7a Finish.<\/li>\n<li aria-level=\"1\">\u0110\u01b0\u1ee3c khuy\u1ebfn ngh\u1ecb s\u1eed d\u1ee5ng cho nhi\u1ec1u th\u01b0\u01a1ng hi\u1ec7u m\u00e1y r\u1eeda b\u00e1t kh\u00e1c nhau nh\u01b0 Bosch, Electrolux, Panasonic, Samsung, Beko,\u2026<\/li>\n<\/ul>\n<div class=\"image-center\">\n<figure class=\"image-captioned\"><img loading=\"lazy\" decoding=\"async\" src=\"https:\/\/ctluxhome.vn\/Upload\/san-pham\/chat-tay-rua\/muoi-1kg\/chuc_nang_muoi_1kg_1.jpg\" alt=\"T\u00ednh n\u0103ng v\u01b0\u1ee3t tr\u1ed9i c\u1ee7a Mu\u1ed1i r\u1eeda ch\u00e9n Finish 1kg\" width=\"800\" height=\"500\" \/><figcaption><em>T\u00ednh n\u0103ng v\u01b0\u1ee3t tr\u1ed9i c\u1ee7a Mu\u1ed1i r\u1eeda ch\u00e9n Finish 1kg<\/em><\/figcaption><\/figure>\n<\/div>\n<h3 id=\"cach-su-dung-muoi-rua-chen-bat-finish-1kg\"><strong>C\u00e1ch s\u1eed d\u1ee5ng mu\u1ed1i r\u1eeda ch\u00e9n b\u00e1t Finish 1kg<\/strong><\/h3>\n<p>Mu\u1ed1i r\u1eeda b\u00e1t \u0111\u01b0\u1ee3c s\u1eed d\u1ee5ng cho m\u00e1y r\u1eeda b\u00e1t. Khi \u0111\u1ed5 1kg mu\u1ed1i v\u00e0o ng\u0103n \u0111\u1ef1ng c\u1ea7n \u0111\u1ed5 k\u00e8m kho\u1ea3ng 250ml n\u01b0\u1edbc.<\/p>\n<p>\u0110\u00f3ng ch\u1eb7t n\u1eafp ng\u0103n \u0111\u1ef1ng tr\u01b0\u1edbc khi kh\u1edfi \u0111\u1ed9ng m\u00e1y. C\u1ea7n ch\u00fa \u00fd ki\u1ec3m tra v\u00e0 b\u1ed5 sung mu\u1ed1i khi h\u1ebft qua \u0111\u00e8n b\u00e1o mu\u1ed1i ho\u1eb7c ki\u1ec3m tra th\u1ee7 c\u00f4ng.<\/p>\n<p>Tr\u01b0\u1edbc khi s\u1eed d\u1ee5ng m\u00e1y, c\u1ea7n ki\u1ec3m tra \u0111\u1ed9 c\u1ee9ng c\u1ee7a ngu\u1ed3n n\u01b0\u1edbc nh\u00e0 b\u1ea1n. B\u1ea1n c\u00f3 th\u1ec3 \u0111\u1ebfn trung t\u00e2m c\u1ea5p n\u01b0\u1edbc trong khu v\u1ef1c ho\u1eb7c c\u00e1c n\u01a1i ki\u1ec3m \u0111\u1ecbnh n\u01b0\u1edbc ho\u1eb7c s\u1eed d\u1ee5ng mi\u1ebfng gi\u1ea5y th\u1eed \u0111i k\u00e8m theo m\u00e1y.<\/p>\n<p><strong>Ch\u00fa \u00fd:<\/strong>\u00a0Sau khi \u0111\u1ed5 mu\u1ed1i, c\u1ea7n \u0111\u00f3ng ch\u1eb7t n\u1eafp ng\u0103n n\u01b0\u1edbc tr\u01b0\u1edbc khi v\u1eadn h\u00e0nh m\u00e1y r\u1eeda b\u00e1t.<\/p>\n<div class=\"image-center\">\n<figure class=\"image-captioned\"><img loading=\"lazy\" decoding=\"async\" src=\"https:\/\/ctluxhome.vn\/Upload\/san-pham\/chat-tay-rua\/muoi-1kg\/hdsd-muoi-rua-chen-bat.jpg\" alt=\"C\u00e1ch s\u1eed d\u1ee5ng mu\u1ed1i r\u1eeda ch\u00e9n b\u00e1t Finish 1kg\" width=\"800\" height=\"1000\" \/><figcaption><em>C\u00e1ch s\u1eed d\u1ee5ng mu\u1ed1i r\u1eeda ch\u00e9n b\u00e1t Finish 1kg<\/em><\/figcaption><\/figure>\n<\/div>\n","protected":false},"excerpt":{"rendered":"<ul>\n<li><strong>T\u00ean s\u1ea3n ph\u1ea9m:<\/strong>\u00a0Mu\u1ed1i r\u1eeda b\u00e1t Finish 1kg<\/li>\n<li><strong>Th\u01b0\u01a1ng hi\u1ec7u:<\/strong>\u00a0Finish<\/li>\n<li><strong>Tr\u1ecdng l\u01b0\u1ee3ng:<\/strong>\u00a01kg<\/li>\n<li><strong>Xu\u1ea5t x\u1ee9:<\/strong>\u00a0Ba Lan<\/li>\n<li><strong>Th\u1eddi gian s\u1eed d\u1ee5ng t\u1ed1t nh\u1ea5t:<\/strong>\u00a0 2 n\u0103m<\/li>\n<\/ul>\n","protected":false},"featured_media":3286,"comment_status":"open","ping_status":"closed","template":"","meta":[],"product_brand":[],"product_cat":[88,97],"product_tag":[],"class_list":{"0":"post-3285","1":"product","2":"type-product","3":"status-publish","4":"has-post-thumbnail","6":"product_cat-chat-tay-rua","7":"product_cat-finish","9":"first","10":"instock","11":"shipping-taxable","12":"product-type-simple"},"_links":{"self":[{"href":"https:\/\/nhadepbepxinh.com.vn\/index.php?rest_route=\/wp\/v2\/product\/3285","targetHints":{"allow":["GET"]}}],"collection":[{"href":"https:\/\/nhadepbepxinh.com.vn\/index.php?rest_route=\/wp\/v2\/product"}],"about":[{"href":"https:\/\/nhadepbepxinh.com.vn\/index.php?rest_route=\/wp\/v2\/types\/product"}],"replies":[{"embeddable":true,"href":"https:\/\/nhadepbepxinh.com.vn\/index.php?rest_route=%2Fwp%2Fv2%2Fcomments&post=3285"}],"wp:featuredmedia":[{"embeddable":true,"href":"https:\/\/nhadepbepxinh.com.vn\/index.php?rest_route=\/wp\/v2\/media\/3286"}],"wp:attachment":[{"href":"https:\/\/nhadepbepxinh.com.vn\/index.php?rest_route=%2Fwp%2Fv2%2Fmedia&parent=3285"}],"wp:term":[{"taxonomy":"product_brand","embeddable":true,"href":"https:\/\/nhadepbepxinh.com.vn\/index.php?rest_route=%2Fwp%2Fv2%2Fproduct_brand&post=3285"},{"taxonomy":"product_cat","embeddable":true,"href":"https:\/\/nhadepbepxinh.com.vn\/index.php?rest_route=%2Fwp%2Fv2%2Fproduct_cat&post=3285"},{"taxonomy":"product_tag","embeddable":true,"href":"https:\/\/nhadepbepxinh.com.vn\/index.php?rest_route=%2Fwp%2Fv2%2Fproduct_tag&post=3285"}],"curies":[{"name":"wp","href":"https:\/\/api.w.org\/{rel}","templated":true}]}}