{"id":3281,"date":"2025-04-01T11:33:56","date_gmt":"2025-04-01T04:33:56","guid":{"rendered":"https:\/\/nhadepbepxinh.com.vn\/?post_type=product&#038;p=3281"},"modified":"2025-04-01T14:45:58","modified_gmt":"2025-04-01T07:45:58","slug":"muoi-rua-bat-finish-1-2kg","status":"publish","type":"product","link":"https:\/\/nhadepbepxinh.com.vn\/?product=muoi-rua-bat-finish-1-2kg","title":{"rendered":"MU\u00d4\u0301I R\u01af\u0309A BA\u0301T FINISH 1.2kg"},"content":{"rendered":"<h2>T\u1ed4NG QUAN V\u1ec0 S\u1ea2N PH\u1ea8M<\/h2>\n<p>Mu\u1ed1i r\u1eeda b\u00e1t Finish \u0111\u01b0\u1ee3c thi\u1ebft k\u1ebf chuy\u00ean bi\u1ec7t \u0111\u1ec3 ng\u0103n c\u1eb7n v\u00f4i, t\u1ea1p kho\u00e1ng t\u00edch t\u1ee5 trong m\u00e1y r\u1eeda b\u00e1t v\u00e0 b\u1ea3o v\u1ec7 ch\u00e9n b\u00e1t t\u1ed1t h\u01a1n 100%*. \u0110\u1ed9 tinh khi\u1ebft 99% v\u00e0 ch\u1ea5t l\u01b0\u1ee3ng cao c\u1ea5p c\u1ee7a Mu\u1ed1i s\u1ebd gi\u00fap l\u00e0m s\u1ea1ch ngu\u1ed3n n\u01b0\u1edbc hi\u1ec7u qu\u1ea3, kh\u00f4ng b\u1ecb \u0111\u00f3ng c\u1eb7n v\u00f4i b\u1eb1ng ph\u01b0\u01a1ng ph\u00e1p l\u00e0m m\u1ec1m n\u01b0\u1edbc c\u1ee9ng. S\u1eed d\u1ee5ng mu\u1ed1i r\u1eeda b\u00e1t Finish th\u01b0\u1eddng xuy\u00ean s\u1ebd \u0111\u1ea3m b\u1ea3o ch\u1ea5t t\u1ea9y r\u1eeda ho\u1ea1t \u0111\u1ed9ng t\u1ed1t h\u01a1n, ng\u0103n ng\u1eeba c\u00e1c v\u1ebft c\u1eb7n b\u00e1m l\u1ea1i, gi\u00fap qu\u00e1 tr\u00ecnh l\u00e0m s\u1ea1ch b\u00e1t \u0111\u0129a hi\u1ec7u qu\u1ea3 h\u01a1n\u00a0(so v\u1edbi ch\u1ec9 s\u1eed d\u1ee5ng s\u1ea3n ph\u1ea9m t\u1ea9y r\u1eeda ch\u00e9n b\u00e1t).<\/p>\n<h2>C\u00c1CH S\u1eec D\u1ee4NG<\/h2>\n<p>1. \u0110\u1ed5 \u0111\u1ea7y mu\u1ed1i v\u00e0o ng\u0103n ch\u1ee9a mu\u1ed1i theo h\u01b0\u1edbng d\u1eabn v\u1eadn h\u00e0nh c\u1ee7a m\u00e1y r\u1eeda b\u00e1t. Ch\u00fa \u00fd \u0111\u00f3ng ch\u1eb7t n\u1eafp khay \u0111\u1ef1ng mu\u1ed1i tr\u01b0\u1edbc khi v\u1eadn h\u00e0nh m\u00e1y<\/p>\n<p>2. \u0110\u1ec3 \u0111\u1ea1t hi\u1ec7u n\u0103ng l\u00e0m s\u1ea1ch t\u1ed1i \u01b0u, h\u00e3y ki\u1ec3m tra l\u01b0\u1ee3ng mu\u1ed1i c\u00f2n tr\u00ean ng\u0103n ch\u1ee9a \u00edt nh\u1ea5t m\u1ed7i th\u00e1ng ho\u1eb7c khi c\u00e1c ch\u1ec9 s\u1ed1 c\u1ee7a ng\u0103n ch\u1ee9a b\u00e1o r\u1eb1ng l\u01b0\u1ee3ng mu\u1ed1i \u0111\u00e3 h\u1ebft.<\/p>\n<h2>AN TO\u00c0N &amp; B\u1ea2O QU\u1ea2N<\/h2>\n<p>&#8211; Lu\u00f4n \u0111\u00f3ng n\u1eafp chai sau khi d\u00f9ng<\/p>\n<p>&#8211; B\u1ea3o qu\u1ea3n s\u1ea3n ph\u1ea9m \u1edf n\u01a1i kh\u00f4 r\u00e1o, tr\u00e1nh ti\u1ebfp x\u00fac h\u01a1i n\u01b0\u1edbc v\u00e0 nhi\u1ec7t \u0111\u1ed9<\/p>\n<p>&#8211; Tr\u00e1nh xa t\u1ea7m tay tr\u1ebb em. Tuy\u1ec7t \u0111\u1ed1i kh\u00f4ng \u0111\u01b0\u1ee3c nu\u1ed1t s\u1ea3n ph\u1ea9m. N\u1ebfu ch\u1eb3ng may nu\u1ed1t ph\u1ea3i, h\u00e3y l\u1eadp t\u1ee9c tham kh\u1ea3o \u00fd ki\u1ebfn b\u00e1c s\u0129.<\/p>\n<h2>TH\u00c0NH PH\u1ea6N S\u1ea2N PH\u1ea8M<\/h2>\n<p>V\u1edbi th\u00e0nh ph\u1ea7n l\u00e0 100% natri clorua kh\u00f4ng ch\u1ea5t ph\u1ee5 gia d\u1ec5 d\u00e0ng h\u00f2a tan, l\u00e0m m\u1ec1m n\u01b0\u1edbc c\u1ee9ng, ng\u0103n ch\u1eb7n c\u1eb7n v\u00f4i l\u1eafng tr\u00ean ch\u00e9n \u0111\u0129a v\u00e0 m\u00e1y r\u1eeda b\u00e1t<\/p>\n<h2>L\u01afU \u00dd KHI S\u1eec D\u1ee4NG<\/h2>\n<p>Mu\u1ed1i r\u1eeda b\u00e1t c\u00f3 th\u00e0nh ph\u1ea7n ch\u00ednh l\u00e0 Natri Clorid, c\u00f9ng m\u1ed9t ch\u1ea5t t\u1ea1o n\u00ean mu\u1ed1i \u0103n v\u00e0 mu\u1ed1i bi\u1ec3n. Tuy nhi\u00ean b\u1ea1n kh\u00f4ng n\u00ean s\u1eed d\u1ee5ng mu\u1ed1i \u0103n cho v\u00e0o m\u00e1y r\u1eeda b\u00e1t v\u00ec mu\u1ed1i \u0103n \u0111\u01b0\u1ee3c tinh ch\u1ebf th\u1ee7 c\u00f4ng, do \u0111\u00f3 kh\u00f4ng th\u1ec3 l\u1ecdc h\u1ebft m\u1ecdi t\u1ea1p ch\u1ea5t trong n\u01b0\u1edbc bi\u1ec3n v\u00e0 c\u00f3 th\u1ec3 l\u00e0m t\u1eafc ngh\u1ebdn, g\u00e2y h\u1ecfng m\u00e1y r\u1eeda b\u00e1t. K\u00edch th\u01b0\u1edbc h\u1ea1t mu\u1ed1i d\u00f9ng cho m\u00e1y r\u1eeda b\u00e1t ph\u1ea3i l\u1edbn h\u01a1n, \u0111\u1ea3m b\u1ea3o \u0111\u1ed9 tinh khi\u1ebft v\u00e0 tan ch\u1eadm h\u01a1n m\u00e0 kh\u00f4ng g\u00e2y t\u1eafc ngh\u1ebdn cho thi\u1ebft b\u1ecb l\u00e0m m\u1ec1m n\u01b0\u1edbc.<\/p>\n<p>V\u1ec1 vi\u1ec7c x\u00e1c \u0111\u1ecbnh l\u01b0\u1ee3ng mu\u1ed1i r\u1eeda b\u00e1t m\u00e0 m\u00e1y c\u1ee7a b\u1ea1n c\u1ea7n, h\u00e3y ki\u1ec3m tra bao b\u00ec v\u00e0 h\u01b0\u1edbng d\u1eabn s\u1eed d\u1ee5ng c\u1ee7a m\u00e1y r\u1eeda b\u00e1t \u0111\u1ec3 bi\u1ebft l\u01b0\u1ee3ng mu\u1ed1i c\u1ea7n thi\u1ebft. B\u1ea1n c\u00f3 th\u1ec3 s\u1eed d\u1ee5ng c\u1ed1c \u0111o l\u01b0\u1eddng v\u00e0 ph\u1ec5u \u0111\u1ec3 \u0111o l\u01b0\u1eddng ch\u00ednh x\u00e1c l\u01b0\u1ee3ng mu\u1ed1i c\u1ea7n s\u1eed d\u1ee5ng. Ch\u00fang t\u00f4i khuy\u00ean b\u1ea1n n\u00ean \u0111\u1ec3 l\u01b0\u1ee3ng mu\u1ed1i c\u00e1ch mi\u1ec7ng n\u1eafp kho\u1ea3ng 1cm \u0111\u1ec3 \u0111\u00f3ng l\u1ea1i d\u1ec5 d\u00e0ng v\u00e0 kh\u00f4ng b\u1ecb l\u00e3ng ph\u00ed.<\/p>\n","protected":false},"excerpt":{"rendered":"<h2><strong>M\u00f4 t\u1ea3 s\u1ea3n ph\u1ea9m:<\/strong><\/h2>\n<table border=\"1\" cellspacing=\"0\" cellpadding=\"0\">\n<tbody>\n<tr>\n<td><strong>Th\u01b0\u01a1ng hi\u1ec7u<\/strong><\/td>\n<td>Finish<\/td>\n<\/tr>\n<tr>\n<td><strong>Xu\u1ea5t x\u1ee9\u00a0<\/strong><\/td>\n<td>Ch\u00e2u \u00c2u<\/td>\n<\/tr>\n<tr>\n<td><strong>H\u1ea1n s\u1eed d\u1ee5ng<\/strong><\/td>\n<td>3 n\u0103m<\/td>\n<\/tr>\n<tr>\n<td><strong>Kh\u1ed1i l\u01b0\u1ee3ng<\/strong><\/td>\n<td>1.2kg\/t\u00fai<\/td>\n<\/tr>\n<tr>\n<td><strong>Ph\u00e2n lo\u1ea1i<\/strong><\/td>\n<td>Mu\u1ed1i r\u1eeda b\u00e1t Finish<\/td>\n<\/tr>\n<tr>\n<td><strong>M\u00f9i h\u01b0\u01a1ng<\/strong><\/td>\n<td>Kh\u00f4ng m\u00f9i<\/td>\n<\/tr>\n<\/tbody>\n<\/table>\n","protected":false},"featured_media":3282,"comment_status":"open","ping_status":"closed","template":"","meta":[],"product_brand":[],"product_cat":[88,97],"product_tag":[],"class_list":{"0":"post-3281","1":"product","2":"type-product","3":"status-publish","4":"has-post-thumbnail","6":"product_cat-chat-tay-rua","7":"product_cat-finish","9":"first","10":"instock","11":"shipping-taxable","12":"product-type-simple"},"_links":{"self":[{"href":"https:\/\/nhadepbepxinh.com.vn\/index.php?rest_route=\/wp\/v2\/product\/3281","targetHints":{"allow":["GET"]}}],"collection":[{"href":"https:\/\/nhadepbepxinh.com.vn\/index.php?rest_route=\/wp\/v2\/product"}],"about":[{"href":"https:\/\/nhadepbepxinh.com.vn\/index.php?rest_route=\/wp\/v2\/types\/product"}],"replies":[{"embeddable":true,"href":"https:\/\/nhadepbepxinh.com.vn\/index.php?rest_route=%2Fwp%2Fv2%2Fcomments&post=3281"}],"wp:featuredmedia":[{"embeddable":true,"href":"https:\/\/nhadepbepxinh.com.vn\/index.php?rest_route=\/wp\/v2\/media\/3282"}],"wp:attachment":[{"href":"https:\/\/nhadepbepxinh.com.vn\/index.php?rest_route=%2Fwp%2Fv2%2Fmedia&parent=3281"}],"wp:term":[{"taxonomy":"product_brand","embeddable":true,"href":"https:\/\/nhadepbepxinh.com.vn\/index.php?rest_route=%2Fwp%2Fv2%2Fproduct_brand&post=3281"},{"taxonomy":"product_cat","embeddable":true,"href":"https:\/\/nhadepbepxinh.com.vn\/index.php?rest_route=%2Fwp%2Fv2%2Fproduct_cat&post=3281"},{"taxonomy":"product_tag","embeddable":true,"href":"https:\/\/nhadepbepxinh.com.vn\/index.php?rest_route=%2Fwp%2Fv2%2Fproduct_tag&post=3281"}],"curies":[{"name":"wp","href":"https:\/\/api.w.org\/{rel}","templated":true}]}}