{"id":3273,"date":"2025-04-01T11:28:13","date_gmt":"2025-04-01T04:28:13","guid":{"rendered":"https:\/\/nhadepbepxinh.com.vn\/?post_type=product&#038;p=3273"},"modified":"2025-04-01T14:46:14","modified_gmt":"2025-04-01T07:46:14","slug":"dung-dich-ve-sinh-may-rua-bat-250ml-huong-chanh","status":"publish","type":"product","link":"https:\/\/nhadepbepxinh.com.vn\/?product=dung-dich-ve-sinh-may-rua-bat-250ml-huong-chanh","title":{"rendered":"DUNG DI\u0323CH V\u00ca\u0323 SINH MA\u0301Y R\u01af\u0309A BA\u0301T 250ml H\u01af\u01a0NG CHANH"},"content":{"rendered":"<h2><strong>1.\u00a0N\u01af\u1edaC V\u1ec6 SINH M\u00c1Y R\u1eecA B\u00c1T\u00a0FINISH<\/strong><\/h2>\n<p>Dung d\u1ecbch t\u1ea9y r\u1eeda m\u00e1y r\u1eeda ch\u00e9n Finish Dishwasher Cleaner 250ml (n\u01b0\u1edbc t\u1ea9y r\u1eeda cao c\u1ea5p chuy\u00ean d\u1ee5ng cho m\u00e1y r\u1eeda ch\u00e9n).<\/p>\n<p>Finish\u00a0l\u00e0 m\u1ed9t nh\u00e3n hi\u1ec7u s\u1ea3n ph\u1ea9m r\u1eeda b\u00e1t t\u1ea1i CHLB \u0110\u1ee9c, v\u1edbi l\u1ecbch s\u1eed t\u1ed3n t\u1ea1i l\u00e2u n\u0103m tr\u00ean c\u00e1c th\u1ecb tr\u01b0\u1eddng ch\u00e2u \u00c2u, l\u1ea5n d\u1ea7n sang ch\u00e2u \u00c1 v\u00e0 nhanh ch\u00f3ng th\u00edch nghi c\u0169ng nh\u01b0 nh\u1eadn \u0111\u01b0\u1ee3c s\u1ef1 \u1ee7ng h\u1ed9 v\u00e0 tin t\u01b0\u1edfng c\u1ee7a c\u00e1c b\u00e0 n\u1ed9i tr\u1ee3.\u00a0Finish ng\u00e0y\u00a0c\u00e0ng kh\u1eb3ng \u0111\u1ecbnh \u0111\u01b0\u1ee3c v\u1ecb tr\u00ed th\u1ed1ng tr\u1ecb c\u1ee7a m\u00ecnh tr\u00ean th\u1ecb tr\u01b0\u1eddng s\u1ea3n ph\u1ea9m r\u1eeda b\u00e1t.<\/p>\n<p><img decoding=\"async\" src=\"https:\/\/file.hstatic.net\/1000372320\/file\/vien_rua_bat_finish_classic__17__40a924f177b34de8b23d4b5b540309d3_grande.png\" \/><\/p>\n<p><em>Dung d\u1ecbch v\u1ec7 sinh m\u00e1y r\u1eeda b\u00e1t Finish 250ml h\u01b0\u01a1ng chanh<\/em><\/p>\n<p>M\u00e1y r\u1eeda ch\u00e9n ch\u1eafc ch\u1eafn l\u00e0 m\u1ed9t ng\u01b0\u1eddi b\u1ea1n tuy\u1ec7t v\u1eddi trong nh\u00e0 b\u1ebfp, nh\u01b0ng v\u1edbi m\u1ed9t m\u00e1y r\u1eeda ch\u00e9n b\u1ea9n th\u00ec ch\u00e9n \u0111\u0129a c\u1ee7a b\u1ea1n kh\u00f4ng bao gi\u1edd c\u00f3 th\u1ec3 s\u1ea1ch ho\u00e0n h\u1ea3o. Theo th\u1eddi gian d\u1ea7u m\u1ee1, v\u1ee5n th\u1ee9c \u0103n, c\u1eb7n v\u00f4i t\u00edch t\u1ee5 trong m\u00e1y kh\u00f4ng nh\u1eefng t\u1ea1o \u0111i\u1ec1u ki\u1ec7n cho vi khu\u1ea9n ph\u00e1t tri\u1ec3n m\u00e0 c\u00f2n l\u00e0m gi\u1ea3m hi\u1ec7u qu\u1ea3 ho\u1ea1t \u0111\u1ed9ng v\u00e0 tu\u1ed5i th\u1ecd c\u1ee7a m\u00e1y.<\/p>\n<p>H\u00e3y \u0111\u1ec3 Dung d\u1ecbch t\u1ea9y r\u1eeda m\u00e1y r\u1eeda ch\u00e9n Finish Dishwasher Cleaner gi\u00fap b\u1ea1n lo\u1ea1i b\u1ecf ho\u00e0n to\u00e0n d\u1ea7u m\u1ee1, c\u1eb7n v\u00f4i v\u00e0 c\u00e1c v\u1ebft b\u1ea9n kh\u00e1c ngay c\u1ea3 c\u00e1c b\u1ed9 ph\u1eadn kh\u00f3 ti\u1ebfp c\u1eadn nh\u01b0 v\u00f2i phun, \u1ed1ng d\u1eabn ho\u1eb7c h\u1ec7 th\u1ed1ng s\u01b0\u1edfi \u0111\u1ec3 m\u00e1y r\u1eeda ch\u00e9n c\u1ee7a b\u1ea1n l\u1ea1i s\u1ea1ch b\u00f3ng nh\u01b0 m\u1edbi.<\/p>\n<h2><strong>2. T\u00cdNH N\u0102NG C\u1ee6A\u00a0N\u01af\u1edaC V\u1ec6 SINH M\u00c1Y R\u1eecA B\u00c1T FINISH<\/strong><\/h2>\n<p>&#8211; L\u00e0m s\u1ea1ch s\u00e2u v\u00f4i v\u00e0 ch\u1ea5t b\u00e9o \u1ea9n trong m\u00e1y r\u1eeda ch\u00e9n.<\/p>\n<p>&#8211; L\u00e0m s\u1ea1ch v\u00e0 ch\u0103m s\u00f3c chuy\u00ean s\u00e2u theo 2 giai \u0111o\u1ea1n: Pha v\u00e0ng gi\u00fap lo\u1ea1i b\u1ecf ch\u1ea5t b\u00e9o, pha tr\u1eafng ch\u1ed1ng v\u00f4i.<\/p>\n<p>&#8211; Ch\u1ea5t t\u1ea9y r\u1eeda m\u00e1y r\u1eeda ch\u00e9n ch\u1ea5t l\u1ecfng cho m\u00e1y, c\u00e1nh tay phun, b\u01a1m n\u01b0\u1edbc, \u0111\u01b0\u1eddng \u1ed1ng v\u00e0 b\u1ed9 l\u1ecdc.<\/p>\n<p>&#8211; V\u1edbi m\u00f9i h\u01b0\u01a1ng cam qu\u00fdt t\u01b0\u01a1i.<\/p>\n<p>&#8211; 1 chai = 1 \u1ee9ng d\u1ee5ng. Khuy\u1ebfn ngh\u1ecb s\u1eed d\u1ee5ng: 1 \u1ee9ng d\u1ee5ng trong 3 th\u00e1ng.<\/p>\n<p><a href=\"https:\/\/finishvietnam.com\/products\/nuoc-ve-sinh-may-finish-250ml-huong-chanh\" target=\"_blank\" rel=\"noopener\"><img decoding=\"async\" src=\"https:\/\/bluehome.vn\/Data\/upload\/images\/Product\/VienRuaBat\/Finish\/DishwasherCleaner\/df41e13cdba83cf665b9.jpg\" alt=\"https:\/\/bluehome.vn\/Data\/upload\/images\/Product\/VienRuaBat\/Finish\/DishwasherCleaner\/df41e13cdba83cf665b9.jpg\" \/><\/a><\/p>\n<p><em>Dung d\u1ecbch v\u1ec7 sinh m\u00e1y r\u1eeda b\u00e1t Finish 250ml h\u01b0\u01a1ng chanh<\/em><\/p>\n<h2><strong>3. C\u00c1CH S\u1eec D\u1ee4NG N\u01af\u1edaC V\u1ec6 SINH M\u00c1Y R\u1eecA B\u00c1T FINISH<\/strong><\/h2>\n<ul>\n<li>\u0110\u1ec3 m\u00e1y r\u1eeda ch\u00e9n tr\u1ed1ng v\u00e0 kh\u00f4ng s\u1eed d\u1ee5ng b\u1ea5t k\u1ef3 lo\u1ea1i x\u00e0 ph\u00f2ng hay ch\u1ea5t t\u1ea9y r\u1eeda n\u00e0o kh\u00e1c.<\/li>\n<li>G\u1ee1 tem d\u00e1n tr\u00ean n\u1eafp chai (kh\u00f4ng \u0111\u01b0\u1ee3c th\u00e1o n\u1eafp chai), \u0111\u1eb7t c\u1ed1 \u0111\u1ecbnh chai l\u1ed9n ng\u01b0\u1ee3c v\u00e0o gi\u00e1 k\u1eb9p d\u01b0\u1edbi trong khu v\u1ef1c r\u1eeda ch\u00e9n.<\/li>\n<li>\u0110\u00f3ng c\u1eeda v\u00e0 kh\u1edfi \u0111\u1ed9ng m\u00e1y. Ch\u1ecdn ch\u1ebf \u0111\u1ed9 l\u00e0m vi\u1ec7c \u1edf nhi\u1ec7t \u0111\u1ed9 cao tr\u00ean 65 \u0111\u1ed9 C \u0111\u1ec3 s\u00e1p \u1edf n\u1eafp tan ch\u1ea3y.<\/li>\n<li>K\u1ebft th\u00fac chu tr\u00ecnh v\u1ec7 sinh b\u1ecf chai dung d\u1ecbch ra v\u00e0 s\u1eed d\u1ee5ng m\u00e1y b\u00ecnh th\u01b0\u1eddng.<\/li>\n<li>N\u00ean s\u1eed d\u1ee5ng Dung d\u1ecbch t\u1ea9y r\u1eeda m\u00e1y r\u1eeda ch\u00e9n Finish m\u1ed7i th\u00e1ng m\u1ed9t l\u1ea7n \u0111\u1ec3 ng\u0103n ch\u1eb7n b\u1ee5i b\u1ea9n v\u00e0 v\u00f4i h\u00f3a t\u00edch t\u1ee5, \u0111\u1ec3 \u0111\u1ea3m b\u1ea3o r\u1eb1ng m\u00e1y r\u1eeda ch\u00e9n c\u1ee7a b\u1ea1n lu\u00f4n ch\u1ea1y v\u1edbi hi\u1ec7u su\u1ea5t t\u1ed1i \u01b0u.<\/li>\n<\/ul>\n<h2><strong>4. H\u01af\u1edaNG D\u1eaaN B\u1ea2O QU\u1ea2N S\u1ea2N PH\u1ea8M<\/strong><\/h2>\n<ul>\n<li>Kh\u00f4ng b\u1ea3o qu\u1ea3n tr\u00ean nhi\u1ec7t \u0111\u1ed9 sau: 40 \u00b0 C.<\/li>\n<li>L\u01b0u tr\u1eef theo quy \u0111\u1ecbnh c\u1ee7a \u0111\u1ecba ph\u01b0\u01a1ng.<\/li>\n<li>Ch\u1ec9 gi\u1eef trong th\u00f9ng ch\u1ee9a ban \u0111\u1ea7u.<\/li>\n<li>B\u1ea3o v\u1ec7 kh\u1ecfi \u00e1nh s\u00e1ng m\u1eb7t tr\u1eddi tr\u1ef1c ti\u1ebfp.<\/li>\n<li>Ch\u1ec9 gi\u1eef \u1edf nh\u1eefng n\u01a1i kh\u00f4 r\u00e1o, tho\u00e1ng m\u00e1t v\u00e0 th\u00f4ng gi\u00f3 t\u1ed1t.<\/li>\n<li>Kh\u00f4ng l\u01b0u tr\u1eef v\u1edbi c\u00e1c v\u1eadt li\u1ec7u kh\u00f4ng t\u01b0\u01a1ng th\u00edch v\u00e0 kh\u00f4ng l\u01b0u tr\u1eef v\u1edbi th\u1ef1c ph\u1ea9m v\u00e0 \u0111\u1ed3 u\u1ed1ng.<\/li>\n<li>Gi\u1eef ch\u1eb7t th\u00f9ng ch\u1ee9a v\u00e0 ni\u00eam phong cho \u0111\u1ebfn khi s\u1eed d\u1ee5ng.<\/li>\n<li>\u0110\u00f3ng c\u00e1c th\u00f9ng ch\u1ee9a \u0111\u00e3 \u0111\u01b0\u1ee3c m\u1edf c\u1ea9n th\u1eadn v\u00e0 l\u01b0u tr\u1eef th\u1eb3ng \u0111\u1ee9ng \u0111\u1ec3 tr\u00e1nh r\u00f2 r\u1ec9.<\/li>\n<li>Kh\u00f4ng l\u01b0u tr\u1eef trong c\u00e1c th\u00f9ng ch\u1ee9a kh\u00f4ng nh\u00e3n.<\/li>\n<li>S\u1eed d\u1ee5ng c\u00e1c th\u00f9ng ch\u1ee9a ph\u00f9 h\u1ee3p \u0111\u1ec3 tr\u00e1nh \u00f4 nhi\u1ec5m m\u00f4i tr\u01b0\u1eddng.<\/li>\n<\/ul>\n<p>&nbsp;<\/p>\n<p><img decoding=\"async\" src=\"https:\/\/bluehome.vn\/Data\/upload\/images\/Product\/VienRuaBat\/Finish\/DishwasherCleaner\/finish-dishwasher-cleaner-3.jpg\" alt=\"https:\/\/bluehome.vn\/Data\/upload\/images\/Product\/VienRuaBat\/Finish\/DishwasherCleaner\/finish-dishwasher-cleaner-3.jpg\" \/><\/p>\n<p><img decoding=\"async\" src=\"https:\/\/bluehome.vn\/Data\/upload\/images\/Product\/VienRuaBat\/Finish\/DishwasherCleaner\/finish-dishwasher-cleaner-5.jpg\" alt=\"https:\/\/bluehome.vn\/Data\/upload\/images\/Product\/VienRuaBat\/Finish\/DishwasherCleaner\/finish-dishwasher-cleaner-5.jpg\" \/><\/p>\n<p>&nbsp;<\/p>\n<p><img decoding=\"async\" src=\"https:\/\/bluehome.vn\/Data\/upload\/images\/Product\/VienRuaBat\/Finish\/DishwasherCleaner\/finish-dishwasher-cleaner-4.jpg\" alt=\"https:\/\/bluehome.vn\/Data\/upload\/images\/Product\/VienRuaBat\/Finish\/DishwasherCleaner\/finish-dishwasher-cleaner-4.jpg\" \/><\/p>\n<p>H\u01b0\u1edbng d\u1eabn s\u1eed d\u1ee5ng dung d\u1ecbch v\u1ec7 sinh m\u00e1y r\u1eeda b\u00e1t Finish<\/p>\n<h2><strong>5. L\u01afU \u00dd KHI S\u1eec D\u1ee4NG N\u01af\u1edaC V\u1ec6 SINH M\u00c1Y R\u1eecA B\u00c1T FINISH<\/strong><\/h2>\n<p>Th\u1ef1c hi\u1ec7n theo c\u00e1c b\u01b0\u1edbc \u0111\u01a1n gi\u1ea3n sau \u0111\u1ec3 l\u00e0m s\u1ea1ch v\u1edbi K\u1ebft th\u00fac d\u1ecdn d\u1eb9p m\u00e1y:<\/p>\n<ul>\n<li>\u0110\u1ea3m b\u1ea3o thi\u1ebft b\u1ecb c\u1ee7a b\u1ea1n tr\u1ed1ng &#8211; kh\u00f4ng n\u00ean c\u00f3 b\u1ea5t k\u1ef3 \u0111\u1ed3 th\u1ee7y tinh, \u0111\u1ed3 s\u00e0nh s\u1ee9 ho\u1eb7c dao k\u00e9o n\u00e0o trong m\u00e1y.<\/li>\n<li>Lo\u1ea1i b\u1ecf b\u1ea5t k\u1ef3 th\u1ef1c ph\u1ea9m c\u00f2n l\u1ea1i t\u1eeb thi\u1ebft b\u1ecb. Th\u00e1o nh\u00e3n d\u00e1n kh\u1ecfi n\u1eafp chai (kh\u00f4ng th\u00e1o n\u1eafp).<\/li>\n<li>\u0110\u1eb7t chai l\u1ed9n ng\u01b0\u1ee3c trong gi\u1ecf dao k\u00e9o v\u00e0 \u0111\u1eb7t n\u00f3 \u1edf m\u1ed9t v\u1ecb tr\u00ed an to\u00e0n.<\/li>\n<li>B\u1eaft \u0111\u1ea7u m\u1ed9t ch\u01b0\u01a1ng tr\u00ecnh s\u00fac r\u1eeda chuy\u00ean s\u00e2u \u0111\u1ea1t \u00edt nh\u1ea5t 65 \u00b0 C v\u00e0 \u0111\u1ee3i cho \u0111\u1ebfn khi n\u00f3 ch\u1ea1y ho\u00e0n to\u00e0n. \u0110\u1ec3 \u0111\u1ea3m b\u1ea3o r\u1eb1ng m\u00e1y c\u1ee7a b\u1ea1n ti\u1ebfp t\u1ee5c ho\u1ea1t \u0111\u1ed9ng v\u1edbi hi\u1ec7u su\u1ea5t t\u1ed1i \u01b0u, h\u00e3y l\u1eb7p l\u1ea1i quy tr\u00ecnh n\u00e0y m\u1ed9t l\u1ea7n trong 3 th\u00e1ng.<\/li>\n<\/ul>\n<p>&nbsp;<\/p>\n<p><img decoding=\"async\" src=\"https:\/\/bluehome.vn\/Data\/upload\/images\/Product\/VienRuaBat\/Finish\/DishwasherCleaner\/c10b550f6f9b88c5d18a.jpg\" alt=\"https:\/\/bluehome.vn\/Data\/upload\/images\/Product\/VienRuaBat\/Finish\/DishwasherCleaner\/c10b550f6f9b88c5d18a.jpg\" \/><\/p>\n<p><em>Dung d\u1ecbch v\u1ec7 sinh m\u00e1y r\u1eeda b\u00e1t Finish 250ml h\u01b0\u01a1ng chanh<\/em><\/p>\n","protected":false},"excerpt":{"rendered":"<h2><strong>M\u00f4 t\u1ea3 s\u1ea3n ph\u1ea9m<\/strong><\/h2>\n<table border=\"1\" cellspacing=\"0\" cellpadding=\"0\">\n<tbody>\n<tr>\n<td><strong>Th\u01b0\u01a1ng hi\u1ec7u<\/strong><\/td>\n<td>Finish<\/td>\n<\/tr>\n<tr>\n<td><strong>Xu\u1ea5t x\u1ee9\u00a0<\/strong><\/td>\n<td>Ch\u00e2u \u00c2u<\/td>\n<\/tr>\n<tr>\n<td><strong>H\u1ea1n s\u1eed d\u1ee5ng<\/strong><\/td>\n<td>3 n\u0103m<\/td>\n<\/tr>\n<tr>\n<td><strong>Kh\u1ed1i l\u01b0\u1ee3ng<\/strong><\/td>\n<td>250ml\/chai<\/td>\n<\/tr>\n<tr>\n<td><strong>Ph\u00e2n lo\u1ea1i<\/strong><\/td>\n<td>N\u01b0\u1edbc v\u1ec7 sinh m\u00e1y<\/td>\n<\/tr>\n<tr>\n<td><strong>M\u00f9i h\u01b0\u01a1ng\u00a0<\/strong><\/td>\n<td>H\u01b0\u01a1ng Chanh<\/td>\n<\/tr>\n<\/tbody>\n<\/table>\n","protected":false},"featured_media":3274,"comment_status":"open","ping_status":"closed","template":"","meta":[],"product_brand":[],"product_cat":[88,97],"product_tag":[],"class_list":{"0":"post-3273","1":"product","2":"type-product","3":"status-publish","4":"has-post-thumbnail","6":"product_cat-chat-tay-rua","7":"product_cat-finish","9":"first","10":"instock","11":"shipping-taxable","12":"product-type-simple"},"_links":{"self":[{"href":"https:\/\/nhadepbepxinh.com.vn\/index.php?rest_route=\/wp\/v2\/product\/3273","targetHints":{"allow":["GET"]}}],"collection":[{"href":"https:\/\/nhadepbepxinh.com.vn\/index.php?rest_route=\/wp\/v2\/product"}],"about":[{"href":"https:\/\/nhadepbepxinh.com.vn\/index.php?rest_route=\/wp\/v2\/types\/product"}],"replies":[{"embeddable":true,"href":"https:\/\/nhadepbepxinh.com.vn\/index.php?rest_route=%2Fwp%2Fv2%2Fcomments&post=3273"}],"wp:featuredmedia":[{"embeddable":true,"href":"https:\/\/nhadepbepxinh.com.vn\/index.php?rest_route=\/wp\/v2\/media\/3274"}],"wp:attachment":[{"href":"https:\/\/nhadepbepxinh.com.vn\/index.php?rest_route=%2Fwp%2Fv2%2Fmedia&parent=3273"}],"wp:term":[{"taxonomy":"product_brand","embeddable":true,"href":"https:\/\/nhadepbepxinh.com.vn\/index.php?rest_route=%2Fwp%2Fv2%2Fproduct_brand&post=3273"},{"taxonomy":"product_cat","embeddable":true,"href":"https:\/\/nhadepbepxinh.com.vn\/index.php?rest_route=%2Fwp%2Fv2%2Fproduct_cat&post=3273"},{"taxonomy":"product_tag","embeddable":true,"href":"https:\/\/nhadepbepxinh.com.vn\/index.php?rest_route=%2Fwp%2Fv2%2Fproduct_tag&post=3273"}],"curies":[{"name":"wp","href":"https:\/\/api.w.org\/{rel}","templated":true}]}}