{"id":3265,"date":"2025-04-01T11:21:25","date_gmt":"2025-04-01T04:21:25","guid":{"rendered":"https:\/\/nhadepbepxinh.com.vn\/?post_type=product&#038;p=3265"},"modified":"2025-04-01T14:46:31","modified_gmt":"2025-04-01T07:46:31","slug":"nuoc-lam-bong-finish-eco-0-400ml","status":"publish","type":"product","link":"https:\/\/nhadepbepxinh.com.vn\/?product=nuoc-lam-bong-finish-eco-0-400ml","title":{"rendered":"N\u01af\u01a0\u0301C LA\u0300M BO\u0301NG FINISH ECO 0% 400ml"},"content":{"rendered":"<h2><strong>1. \u0110\u1eb6C T\u00cdNH C\u1ee6A\u00a0N\u01af\u1edaC L\u00c0M B\u00d3NG\u00a0FINISH\u00a0ECO 0% 400ML:<\/strong><\/h2>\n<p>N\u01b0\u1edbc l\u00e0m b\u00f3ng Finish Eco 0%\u00a0l\u00e0 s\u1ea3n ph\u1ea9m kh\u00f4ng b\u1ed5 sung c\u00e1c th\u00e0nh ph\u1ea7n m\u00e0 b\u1ea1n kh\u00f4ng c\u1ea7n: n\u01b0\u1edbc hoa, thu\u1ed1c nhu\u1ed9m v\u00e0 ch\u1ea5t b\u1ea3o qu\u1ea3n c\u00f3 h\u1ea1i cho m\u00f4i tr\u01b0\u1eddng, kh\u00f4ng ch\u1ee9a ch\u1ea5t b\u1ea3o qu\u1ea3n c\u00f3 h\u1ea1i cho m\u00f4i tr\u01b0\u1eddng \u0111\u01b0\u1ee3c c\u1ed1 t\u00ecnh th\u00eam v\u00e0o.<\/p>\n<p>N\u01b0\u1edbc l\u00e0m b\u00f3ng Finish Eco 0%\u00a0cung c\u1ea5p hi\u1ec7u su\u1ea5t s\u1ea5y kh\u00f4 t\u1ed1t h\u01a1n g\u1ea5p 2 l\u1ea7n cho b\u00e1t \u0111\u0129a c\u1ee7a b\u1ea1n.\u00a0Trong m\u00e1y r\u1eeda b\u00e1t, kh\u00f4ng th\u00eam c\u00e1c ch\u1ea5t m\u00e0 b\u1ea1n kh\u00f4ng mu\u1ed1n: n\u01b0\u1edbc hoa, thu\u1ed1c nhu\u1ed9m v\u00e0 ch\u1ea5t b\u1ea3o qu\u1ea3n c\u00f3 h\u1ea1i cho m\u00f4i tr\u01b0\u1eddng. \u0110\u1ec3 b\u00e1t \u0111\u0129a s\u00e1ng b\u00f3ng h\u01a1n v\u00e0 k\u1ebft qu\u1ea3 s\u1ea5y kh\u00f4 t\u1ed1t h\u01a1n, h\u00e3y s\u1eed d\u1ee5ng ph\u1ee5 gia Finish c\u00f9ng v\u1edbi vi\u00ean ho\u00e0n \u0111a ch\u1ee9c n\u0103ng.<\/p>\n<p><img decoding=\"async\" src=\"https:\/\/file.hstatic.net\/1000372320\/file\/vien_rua_bat_finish_classic__1__12e72991656f42fcb07ad7758cdb2e70_grande.png\" \/><\/p>\n<p><em>N\u01b0\u1edbc l\u00e0m b\u00f3ng Finish Eco 0% 400ml<\/em><\/p>\n<h2><strong>2. L\u00dd DO N\u00caN CH\u1eccN\u00a0N\u01af\u1edaC L\u00c0M B\u00d3NG\u00a0FINISH ECO 0% 400ML:<\/strong><\/h2>\n<ul>\n<li>Hi\u1ec7u su\u1ea5t s\u1ea5y kh\u00f4 c\u1ee7a m\u00e1y r\u1eeda b\u00e1t s\u1ebd t\u1ed1t g\u1ea5p \u0111\u00f4i khi s\u1eed d\u1ee5ng N\u01b0\u1edbc l\u00e0m b\u00f3ng<\/li>\n<li>B\u00e1t \u0111\u0129a s\u1ebdtTo\u1ea3 s\u00e1ng h\u01a1n<\/li>\n<li>Lo\u1ea1i b\u1ecf v\u1ebft b\u1ea9n d\u1ec5 h\u01a1n<\/li>\n<li>C\u00f4ng th\u1ee9c d\u1ef1a tr\u00ean c\u00e1c h\u1ee3p ch\u1ea5t c\u00f3 ngu\u1ed3n g\u1ed1c th\u1ef1c v\u1eadt<\/li>\n<li>C\u00f4ng th\u1ee9c<strong>\u00a0Finish Eco 0%<\/strong>\u00a0d\u1ef1a tr\u00ean citrat &#8211; h\u1ee3p ch\u1ea5t c\u00f3 ngu\u1ed3n g\u1ed1c th\u1ef1c v\u1eadt v\u00e0 kh\u00f4ng ch\u1ee9a:<\/li>\n<li>Th\u00e0nh ph\u1ea7n h\u01b0\u01a1ng th\u01a1m<\/li>\n<li>Ch\u1ea5t b\u1ea3o qu\u1ea3n c\u00f3 h\u1ea1i cho m\u00f4i tr\u01b0\u1eddng<\/li>\n<li>Thu\u1ed1c nhu\u1ed9m<\/li>\n<li>C\u00f4ng th\u1ee9c c\u1ee7a n\u01b0\u1edbc tr\u1ee3 x\u1ea3\u00a0<strong>Finish Eco 0%<\/strong>\u00a0\u0111\u00e3 \u0111\u01b0\u1ee3c ki\u1ec3m tra h\u00e0m l\u01b0\u1ee3ng ch\u1ea5t g\u00e2y d\u1ecb \u1ee9ng v\u00e0 \u0111\u1ea1t ch\u1ee9ng ch\u1ec9 qu\u1ed1c t\u1ebf \u0111\u01b0\u1ee3c trao t\u1eb7ng t\u1ea1i Th\u1ee5y \u0110i\u1ec3n &#8211; ALLERGY CERTIFIED<\/li>\n<\/ul>\n<p><img decoding=\"async\" src=\"https:\/\/file.hstatic.net\/1000372320\/file\/sp_nen_trang__1__cd8aebb2e47a4886a8bb7af0112b747b_grande.png\" \/><\/p>\n<p><em>N\u01b0\u1edbc l\u00e0m b\u00f3ng Finish Eco 0% 400ml<\/em><\/p>\n<h2><strong>3. T\u00cdNH N\u0102NG C\u1ee6<\/strong><strong>A\u00a0N\u01af\u1edaC L\u00c0M B\u00d3NG\u00a0<\/strong><strong>FINISH ECO 0% 400ML:<\/strong><\/h2>\n<ul>\n<li>Chi\u1ebft xu\u1ea5t t\u1eeb thi\u00ean nhi\u00ean, th\u00e2n thi\u1ec7n v\u1edbi m\u00f4i tr\u01b0\u1eddng.<\/li>\n<li>T\u0103ng c\u01b0\u1eddng kh\u1ea3 n\u0103ng b\u1ea3o v\u1ec7 b\u00e1t \u0111\u0129a g\u1ea5p 5 l\u1ea7n..<\/li>\n<li>S\u1ea5y kh\u00f4 t\u1ed1t h\u01a1n 100% so v\u1edbi vi\u1ec7c ch\u1ec9 s\u1eed d\u1ee5ng ch\u1ea5t t\u1ea9y r\u1eeda th\u00f4ng th\u01b0\u1eddng.<\/li>\n<li>Lo\u1ea1i b\u1ecf c\u00e1c \u0111\u1ed1m v\u00e0 c\u1eb7n cho \u0111\u1ed9 s\u00e1ng b\u00f3ng h\u01a1n.<\/li>\n<li>Th\u00e0nh ph\u1ea7n N\u01b0\u1edbc l\u00e0m b\u00f3ng Finish b\u1ea3o v\u1ec7 k\u00ednh cho \u0111\u1ed9 s\u00e1ng b\u00f3ng tr\u00ean ly ch\u00e9n th\u1ee7y tinh<\/li>\n<li>\u0110\u1ea9y nhanh t\u1ed1c \u0111\u1ed9 s\u1ea5y kh\u00f4 b\u00e1t \u0111\u0129a.<\/li>\n<li>N\u01b0\u1edbc l\u00e0m b\u00f3ng Finish L\u00e0m kh\u00f4 ngay c\u1ea3 tr\u00ean c\u00e1c v\u1eadt d\u1ee5ng t\u1eeb nh\u1ef1a.<\/li>\n<li>T\u1ef1 \u0111\u1ed9ng x\u1ea3 ra trong chu tr\u00ecnh c\u1ee7a m\u00e1y r\u1eeda ch\u00e9n b\u00e1t.<\/li>\n<\/ul>\n<h2><strong>4. H\u01af\u1edaNG D\u1eaaN S\u1eec D\u1ee4NG\u00a0N\u01af\u1edaC L\u00c0M B\u00d3NG\u00a0FINISH ECO 0% 400ML:<\/strong><\/h2>\n<ul>\n<li>M\u1edf ng\u0103n ch\u1ee9a dung d\u1ecbch l\u00e0m b\u00f3ng chuy\u00ean d\u1ee5ng tr\u00ean m\u00e1y r\u1eeda ch\u00e9n r\u1ed3i \u0111\u1ed5 \u0111\u1ea7y n\u01b0\u1edbc l\u00e0m b\u00f3ng v\u00e0 kh\u00f4 ch\u00e9n, \u0111\u0129a Finish v\u00e0o ng\u0103n ch\u1ee9a<\/li>\n<li>Ch\u1ecdn m\u1ee9c \u0111\u1ed9 l\u00e0m b\u00f3ng 1, 2, 3, 4, 5, 6 tr\u00ean m\u00e1y r\u1ed3i \u0111\u00f3ng n\u1eafp l\u1ea1i.<\/li>\n<li>V\u1eadn h\u00e0nh m\u00e1y r\u1eeda ch\u00e9n b\u00ecnh th\u01b0\u1eddng, m\u00e1y s\u1ebd t\u1ef1 \u0111\u1ed9ng l\u1ea5y n\u01b0\u1edbc l\u00e0m b\u00f3ng v\u00e0 kh\u00f4 ch\u00e9n \u0111\u0129a ra \u0111\u1ec3 s\u1eed d\u1ee5ng \u1edf cu\u1ed1i chu tr\u00ecnh r\u1eeda ch\u00e9n.<\/li>\n<\/ul>\n<p><strong>Ch\u00fa \u00fd:<\/strong><\/p>\n<ul>\n<li>Xem th\u00eam h\u01b0\u1edbng d\u1eabn s\u1eed d\u1ee5ng tr\u00ean v\u1ecf h\u1ed9p N\u01b0\u1edbc l\u00e0m b\u00f3ng Finish Eco 0% 400ml<\/li>\n<li>B\u1ea3o qu\u1ea3n n\u01a1i kh\u00f4 r\u00e1o v\u00e0 tho\u00e1ng m\u00e1t, tr\u00e1nh xa t\u1ea7m tay tr\u1ebb em.<\/li>\n<\/ul>\n","protected":false},"excerpt":{"rendered":"<h2><strong>M\u00f4 t\u1ea3 s\u1ea3n ph\u1ea9m:\u00a0<\/strong><\/h2>\n<p>Th\u01b0\u01a1ng hi\u1ec7u: Finish<\/p>\n<p>Xu\u1ea5t x\u1ee9: EU<\/p>\n<p>HSD: 3 n\u0103m<\/p>\n<p>S\u1ed1 l\u01b0\u1ee3ng: 1 Chai<\/p>\n<p>Ph\u00e2n lo\u1ea1i: N\u01b0\u1edbc b\u00f3ng\u00a0Eco 0%<\/p>\n","protected":false},"featured_media":3266,"comment_status":"open","ping_status":"closed","template":"","meta":[],"product_brand":[],"product_cat":[88,97],"product_tag":[],"class_list":{"0":"post-3265","1":"product","2":"type-product","3":"status-publish","4":"has-post-thumbnail","6":"product_cat-chat-tay-rua","7":"product_cat-finish","9":"first","10":"instock","11":"shipping-taxable","12":"product-type-simple"},"_links":{"self":[{"href":"https:\/\/nhadepbepxinh.com.vn\/index.php?rest_route=\/wp\/v2\/product\/3265","targetHints":{"allow":["GET"]}}],"collection":[{"href":"https:\/\/nhadepbepxinh.com.vn\/index.php?rest_route=\/wp\/v2\/product"}],"about":[{"href":"https:\/\/nhadepbepxinh.com.vn\/index.php?rest_route=\/wp\/v2\/types\/product"}],"replies":[{"embeddable":true,"href":"https:\/\/nhadepbepxinh.com.vn\/index.php?rest_route=%2Fwp%2Fv2%2Fcomments&post=3265"}],"wp:featuredmedia":[{"embeddable":true,"href":"https:\/\/nhadepbepxinh.com.vn\/index.php?rest_route=\/wp\/v2\/media\/3266"}],"wp:attachment":[{"href":"https:\/\/nhadepbepxinh.com.vn\/index.php?rest_route=%2Fwp%2Fv2%2Fmedia&parent=3265"}],"wp:term":[{"taxonomy":"product_brand","embeddable":true,"href":"https:\/\/nhadepbepxinh.com.vn\/index.php?rest_route=%2Fwp%2Fv2%2Fproduct_brand&post=3265"},{"taxonomy":"product_cat","embeddable":true,"href":"https:\/\/nhadepbepxinh.com.vn\/index.php?rest_route=%2Fwp%2Fv2%2Fproduct_cat&post=3265"},{"taxonomy":"product_tag","embeddable":true,"href":"https:\/\/nhadepbepxinh.com.vn\/index.php?rest_route=%2Fwp%2Fv2%2Fproduct_tag&post=3265"}],"curies":[{"name":"wp","href":"https:\/\/api.w.org\/{rel}","templated":true}]}}